{"id":16873,"date":"2026-01-09T16:13:53","date_gmt":"2026-01-09T14:13:53","guid":{"rendered":"https:\/\/mekulo.com\/dk\/produkt\/fjernbetjening-til-rulning-af-video\/"},"modified":"2026-01-10T17:00:26","modified_gmt":"2026-01-10T15:00:26","slug":"fjernbetjening-til-rulning-af-video","status":"publish","type":"product","link":"https:\/\/mekulo.com\/dk\/produkt\/fjernbetjening-til-rulning-af-video\/","title":{"rendered":"Fjernbetjening til rulning af video"},"content":{"rendered":"<p style=\"text-align: center;\" data-start=\"0\" data-end=\"69\"><strong data-start=\"0\" data-end=\"69\">Rul, afspil og styr din telefon uden at r\u00f8re ved sk\u00e6rmen. \ud83d\udcf1<\/strong><\/p>\n<p data-start=\"71\" data-end=\"317\"><img fetchpriority=\"high\" decoding=\"async\" class=\"size-full wp-image-48243 aligncenter\" src=\"https:\/\/keluvo.com\/template\/wp-content\/uploads\/sites\/5\/2026\/01\/122112-ezgif.com-video-to-webp-converter.webp\" alt=\"\" width=\"500\" height=\"500\" \/><\/p>\n<h2 style=\"text-align: center;\" data-start=\"324\" data-end=\"344\">Vigtigste fordele<\/h2>\n<p data-start=\"348\" data-end=\"426\">\ud83d\udcf2 Videoscrollingskontrol \u2013 Scroll, afspil, pause og synes godt om videoer p\u00e5 en nem m\u00e5de.<\/p>\n<p data-start=\"429\" data-end=\"504\">\ud83d\udcf8 Fotografering med \u00e9n knap \u2013 Tag selfies og gruppebilleder p\u00e5 afstand.<\/p>\n<p data-start=\"507\" data-end=\"582\">\ud83d\udd07 Stille knapper \u2013 Stille drift til kollegier, biblioteker og kontorer.<\/p>\n<p data-start=\"585\" data-end=\"654\">\ud83d\udcd6 E-bogssidevender \u2013 Vend sider uden at r\u00f8re sk\u00e6rmen.<\/p>\n<p data-start=\"657\" data-end=\"725\">\ud83c\udf92 Kompakt og b\u00e6rbar \u2013 Let og nem at tage med overalt.<\/p>\n<p data-start=\"728\" data-end=\"797\">\ud83d\udd0b Lang batterilevetid &#8211; P\u00e5lidelig brug uden hyppig genopladning.<\/p>\n<p data-start=\"728\" data-end=\"797\"><img decoding=\"async\" class=\"size-full wp-image-48246 aligncenter\" src=\"https:\/\/keluvo.com\/template\/wp-content\/uploads\/sites\/5\/2026\/01\/122111-ezgif.com-video-to-webp-converter.webp\" alt=\"\" width=\"500\" height=\"500\" \/><\/p>\n<h2 style=\"text-align: center;\" data-start=\"804\" data-end=\"822\"><strong>S\u00e5dan Bruges<\/strong><\/h2>\n<ol data-start=\"824\" data-end=\"1075\">\n<li data-start=\"824\" data-end=\"871\">\n<p data-start=\"827\" data-end=\"871\">T\u00e6nd for Bluetooth p\u00e5 din telefon eller tablet.<\/p>\n<\/li>\n<li data-start=\"872\" data-end=\"910\">\n<p data-start=\"875\" data-end=\"910\">Par fjernbetjeningen med din enhed.<\/p>\n<\/li>\n<li data-start=\"911\" data-end=\"959\">\n<p data-start=\"914\" data-end=\"959\">\u00c5bn en video-, kamera-, musik- eller e-bogsapp.<\/p>\n<\/li>\n<li data-start=\"960\" data-end=\"1020\">\n<p data-start=\"963\" data-end=\"1020\">Brug knapperne til at scrolle, afspille, pause eller tage billeder.<\/p>\n<\/li>\n<li data-start=\"1021\" data-end=\"1075\">\n<p data-start=\"1024\" data-end=\"1075\">Nyd h\u00e5ndfri kontrol fra op til 10 meters afstand.<\/p>\n<\/li>\n<\/ol>\n<h2 style=\"text-align: center;\" data-start=\"1082\" data-end=\"1104\"><strong>Produktdetaljer<\/strong><\/h2>\n<ul data-start=\"1106\" data-end=\"1339\">\n<li data-start=\"1147\" data-end=\"1164\">\n<p data-start=\"1149\" data-end=\"1164\">Materiale: ABS<\/p>\n<\/li>\n<li data-start=\"1165\" data-end=\"1204\">\n<p data-start=\"1167\" data-end=\"1204\">Skala: 7,7 x 4,4 cm<\/p>\n<\/li>\n<li data-start=\"1205\" data-end=\"1230\">\n<p data-start=\"1207\" data-end=\"1230\">Forbindelse: Bluetooth<\/p>\n<\/li>\n<li data-start=\"1231\" data-end=\"1257\">\n<p data-start=\"1233\" data-end=\"1257\">R\u00e6kkevidde: Op til 10 meter<\/p>\n<\/li>\n<li data-start=\"1258\" data-end=\"1300\">\n<p data-start=\"1260\" data-end=\"1300\">Kompatibilitet: iOS- og Android-enheder<\/p>\n<\/li>\n<li data-start=\"1321\" data-end=\"1339\">\n<p data-start=\"1323\" data-end=\"1339\">Type: B\u00e6rbar<\/p>\n<\/li>\n<\/ul>\n<h2 style=\"text-align: center;\" data-start=\"1346\" data-end=\"1369\"><strong>Pakken indeholder<\/strong><\/h2>\n<ul data-start=\"1371\" data-end=\"1399\" data-is-last-node=\"\" data-is-only-node=\"\">\n<li data-start=\"1371\" data-end=\"1399\" data-is-last-node=\"\">\n<p data-start=\"1373\" data-end=\"1399\" data-is-last-node=\"\">1, 2x video-scroll-fjernbetjening(er).<\/p>\n<\/li>\n<\/ul>\n","protected":false},"excerpt":{"rendered":"<p>Med denne videofjernbetjening kan du styre videoer, fotos, musik og e-b\u00f8ger p\u00e5 afstand ved hj\u00e6lp af Bluetooth. Den er lille, st\u00f8jsvag og nem at bruge, hvilket g\u00f8r den perfekt til at se videoer, tage billeder eller l\u00e6se h\u00e5ndfrit derhjemme eller p\u00e5 farten.<\/p>\n","protected":false},"featured_media":16869,"comment_status":"open","ping_status":"closed","template":"","meta":{"site-sidebar-layout":"default","site-content-layout":"","ast-site-content-layout":"default","site-content-style":"default","site-sidebar-style":"default","ast-global-header-display":"","ast-banner-title-visibility":"","ast-main-header-display":"","ast-hfb-above-header-display":"","ast-hfb-below-header-display":"","ast-hfb-mobile-header-display":"","site-post-title":"","ast-breadcrumbs-content":"","ast-featured-img":"","footer-sml-layout":"","ast-disable-related-posts":"","theme-transparent-header-meta":"default","adv-header-id-meta":"","stick-header-meta":"","header-above-stick-meta":"","header-main-stick-meta":"","header-below-stick-meta":"","astra-migrate-meta-layouts":"set","ast-page-background-enabled":"default","ast-page-background-meta":{"desktop":{"background-color":"var(--ast-global-color-5)","background-image":"","background-repeat":"repeat","background-position":"center center","background-size":"auto","background-attachment":"scroll","background-type":"","background-media":"","overlay-type":"","overlay-color":"","overlay-opacity":"","overlay-gradient":""},"tablet":{"background-color":"","background-image":"","background-repeat":"repeat","background-position":"center center","background-size":"auto","background-attachment":"scroll","background-type":"","background-media":"","overlay-type":"","overlay-color":"","overlay-opacity":"","overlay-gradient":""},"mobile":{"background-color":"","background-image":"","background-repeat":"repeat","background-position":"center center","background-size":"auto","background-attachment":"scroll","background-type":"","background-media":"","overlay-type":"","overlay-color":"","overlay-opacity":"","overlay-gradient":""}},"ast-content-background-meta":{"desktop":{"background-color":"var(--ast-global-color-4)","background-image":"","background-repeat":"repeat","background-position":"center center","background-size":"auto","background-attachment":"scroll","background-type":"","background-media":"","overlay-type":"","overlay-color":"","overlay-opacity":"","overlay-gradient":""},"tablet":{"background-color":"var(--ast-global-color-4)","background-image":"","background-repeat":"repeat","background-position":"center center","background-size":"auto","background-attachment":"scroll","background-type":"","background-media":"","overlay-type":"","overlay-color":"","overlay-opacity":"","overlay-gradient":""},"mobile":{"background-color":"var(--ast-global-color-4)","background-image":"","background-repeat":"repeat","background-position":"center center","background-size":"auto","background-attachment":"scroll","background-type":"","background-media":"","overlay-type":"","overlay-color":"","overlay-opacity":"","overlay-gradient":""}}},"product_brand":[],"product_cat":[173],"product_tag":[],"class_list":{"0":"post-16873","1":"product","2":"type-product","3":"status-publish","4":"has-post-thumbnail","6":"product_cat-elektronik","7":"pa_66502_az8tngpn-hvid","8":"pa_66502_az8tngpn-sort","9":"pa_66502_ozgoz4p9-1-stk","10":"pa_66502_ozgoz4p9-2-stk","11":"desktop-align-left","12":"tablet-align-left","13":"mobile-align-left","15":"first","16":"instock","17":"shipping-taxable","18":"purchasable","19":"product-type-variable","20":"has-default-attributes"},"yoast_head":"<!-- This site is optimized with the Yoast SEO plugin v27.4 - https:\/\/yoast.com\/product\/yoast-seo-wordpress\/ -->\n<title>Fjernbetjening til rulning af video - Mekulo DK<\/title>\n<meta name=\"robots\" content=\"index, follow, max-snippet:-1, max-image-preview:large, max-video-preview:-1\" \/>\n<link rel=\"canonical\" href=\"https:\/\/mekulo.com\/dk\/produkt\/fjernbetjening-til-rulning-af-video\/\" \/>\n<meta property=\"og:locale\" content=\"da_DK\" \/>\n<meta property=\"og:type\" content=\"article\" \/>\n<meta property=\"og:title\" content=\"Fjernbetjening til rulning af video - Mekulo DK\" \/>\n<meta property=\"og:description\" content=\"Med denne videofjernbetjening kan du styre videoer, fotos, musik og e-b\u00f8ger p\u00e5 afstand ved hj\u00e6lp af Bluetooth. Den er lille, st\u00f8jsvag og nem at bruge, hvilket g\u00f8r den perfekt til at se videoer, tage billeder eller l\u00e6se h\u00e5ndfrit derhjemme eller p\u00e5 farten.\" \/>\n<meta property=\"og:url\" content=\"https:\/\/mekulo.com\/dk\/produkt\/fjernbetjening-til-rulning-af-video\/\" \/>\n<meta property=\"og:site_name\" content=\"Mekulo DK\" \/>\n<meta property=\"article:modified_time\" content=\"2026-01-10T15:00:26+00:00\" \/>\n<meta property=\"og:image\" content=\"https:\/\/mekulo.com\/dk\/wp-content\/uploads\/sites\/12\/2026\/01\/buj7wta-1.webp\" \/>\n\t<meta property=\"og:image:width\" content=\"713\" \/>\n\t<meta property=\"og:image:height\" content=\"713\" \/>\n\t<meta property=\"og:image:type\" content=\"image\/webp\" \/>\n<meta name=\"twitter:card\" content=\"summary_large_image\" \/>\n<meta name=\"twitter:label1\" content=\"Estimeret l\u00e6setid\" \/>\n\t<meta name=\"twitter:data1\" content=\"2 minutter\" \/>\n<script type=\"application\/ld+json\" class=\"yoast-schema-graph\">{\"@context\":\"https:\\\/\\\/schema.org\",\"@graph\":[{\"@type\":\"WebPage\",\"@id\":\"https:\\\/\\\/mekulo.com\\\/dk\\\/produkt\\\/fjernbetjening-til-rulning-af-video\\\/\",\"url\":\"https:\\\/\\\/mekulo.com\\\/dk\\\/produkt\\\/fjernbetjening-til-rulning-af-video\\\/\",\"name\":\"Fjernbetjening til rulning af video - Mekulo DK\",\"isPartOf\":{\"@id\":\"https:\\\/\\\/mekulo.com\\\/dk\\\/#website\"},\"primaryImageOfPage\":{\"@id\":\"https:\\\/\\\/mekulo.com\\\/dk\\\/produkt\\\/fjernbetjening-til-rulning-af-video\\\/#primaryimage\"},\"image\":{\"@id\":\"https:\\\/\\\/mekulo.com\\\/dk\\\/produkt\\\/fjernbetjening-til-rulning-af-video\\\/#primaryimage\"},\"thumbnailUrl\":\"https:\\\/\\\/mekulo.com\\\/dk\\\/wp-content\\\/uploads\\\/sites\\\/12\\\/2026\\\/01\\\/buj7wta-1.webp\",\"datePublished\":\"2026-01-09T14:13:53+00:00\",\"dateModified\":\"2026-01-10T15:00:26+00:00\",\"breadcrumb\":{\"@id\":\"https:\\\/\\\/mekulo.com\\\/dk\\\/produkt\\\/fjernbetjening-til-rulning-af-video\\\/#breadcrumb\"},\"inLanguage\":\"da-DK\",\"potentialAction\":[{\"@type\":\"ReadAction\",\"target\":[\"https:\\\/\\\/mekulo.com\\\/dk\\\/produkt\\\/fjernbetjening-til-rulning-af-video\\\/\"]}]},{\"@type\":\"ImageObject\",\"inLanguage\":\"da-DK\",\"@id\":\"https:\\\/\\\/mekulo.com\\\/dk\\\/produkt\\\/fjernbetjening-til-rulning-af-video\\\/#primaryimage\",\"url\":\"https:\\\/\\\/mekulo.com\\\/dk\\\/wp-content\\\/uploads\\\/sites\\\/12\\\/2026\\\/01\\\/buj7wta-1.webp\",\"contentUrl\":\"https:\\\/\\\/mekulo.com\\\/dk\\\/wp-content\\\/uploads\\\/sites\\\/12\\\/2026\\\/01\\\/buj7wta-1.webp\",\"width\":713,\"height\":713},{\"@type\":\"BreadcrumbList\",\"@id\":\"https:\\\/\\\/mekulo.com\\\/dk\\\/produkt\\\/fjernbetjening-til-rulning-af-video\\\/#breadcrumb\",\"itemListElement\":[{\"@type\":\"ListItem\",\"position\":1,\"name\":\"Home\",\"item\":\"https:\\\/\\\/mekulo.com\\\/dk\\\/\"},{\"@type\":\"ListItem\",\"position\":2,\"name\":\"Butik\",\"item\":\"https:\\\/\\\/mekulo.com\\\/dk\\\/butik\\\/\"},{\"@type\":\"ListItem\",\"position\":3,\"name\":\"Fjernbetjening til rulning af video\"}]},{\"@type\":\"WebSite\",\"@id\":\"https:\\\/\\\/mekulo.com\\\/dk\\\/#website\",\"url\":\"https:\\\/\\\/mekulo.com\\\/dk\\\/\",\"name\":\"Mekulo DK\",\"description\":\"\",\"publisher\":{\"@id\":\"https:\\\/\\\/mekulo.com\\\/dk\\\/#organization\"},\"potentialAction\":[{\"@type\":\"SearchAction\",\"target\":{\"@type\":\"EntryPoint\",\"urlTemplate\":\"https:\\\/\\\/mekulo.com\\\/dk\\\/?s={search_term_string}\"},\"query-input\":{\"@type\":\"PropertyValueSpecification\",\"valueRequired\":true,\"valueName\":\"search_term_string\"}}],\"inLanguage\":\"da-DK\"},{\"@type\":\"Organization\",\"@id\":\"https:\\\/\\\/mekulo.com\\\/dk\\\/#organization\",\"name\":\"Mekulo\",\"url\":\"https:\\\/\\\/mekulo.com\\\/dk\\\/\",\"logo\":{\"@type\":\"ImageObject\",\"inLanguage\":\"da-DK\",\"@id\":\"https:\\\/\\\/mekulo.com\\\/dk\\\/#\\\/schema\\\/logo\\\/image\\\/\",\"url\":\"https:\\\/\\\/mekulo.com\\\/dk\\\/wp-content\\\/uploads\\\/sites\\\/12\\\/2025\\\/12\\\/favicon_mekulo.png\",\"contentUrl\":\"https:\\\/\\\/mekulo.com\\\/dk\\\/wp-content\\\/uploads\\\/sites\\\/12\\\/2025\\\/12\\\/favicon_mekulo.png\",\"width\":50,\"height\":50,\"caption\":\"Mekulo\"},\"image\":{\"@id\":\"https:\\\/\\\/mekulo.com\\\/dk\\\/#\\\/schema\\\/logo\\\/image\\\/\"}}]}<\/script>\n<!-- \/ Yoast SEO plugin. -->","yoast_head_json":{"title":"Fjernbetjening til rulning af video - Mekulo DK","robots":{"index":"index","follow":"follow","max-snippet":"max-snippet:-1","max-image-preview":"max-image-preview:large","max-video-preview":"max-video-preview:-1"},"canonical":"https:\/\/mekulo.com\/dk\/produkt\/fjernbetjening-til-rulning-af-video\/","og_locale":"da_DK","og_type":"article","og_title":"Fjernbetjening til rulning af video - Mekulo DK","og_description":"Med denne videofjernbetjening kan du styre videoer, fotos, musik og e-b\u00f8ger p\u00e5 afstand ved hj\u00e6lp af Bluetooth. Den er lille, st\u00f8jsvag og nem at bruge, hvilket g\u00f8r den perfekt til at se videoer, tage billeder eller l\u00e6se h\u00e5ndfrit derhjemme eller p\u00e5 farten.","og_url":"https:\/\/mekulo.com\/dk\/produkt\/fjernbetjening-til-rulning-af-video\/","og_site_name":"Mekulo DK","article_modified_time":"2026-01-10T15:00:26+00:00","og_image":[{"width":713,"height":713,"url":"https:\/\/mekulo.com\/dk\/wp-content\/uploads\/sites\/12\/2026\/01\/buj7wta-1.webp","type":"image\/webp"}],"twitter_card":"summary_large_image","twitter_misc":{"Estimeret l\u00e6setid":"2 minutter"},"schema":{"@context":"https:\/\/schema.org","@graph":[{"@type":"WebPage","@id":"https:\/\/mekulo.com\/dk\/produkt\/fjernbetjening-til-rulning-af-video\/","url":"https:\/\/mekulo.com\/dk\/produkt\/fjernbetjening-til-rulning-af-video\/","name":"Fjernbetjening til rulning af video - Mekulo DK","isPartOf":{"@id":"https:\/\/mekulo.com\/dk\/#website"},"primaryImageOfPage":{"@id":"https:\/\/mekulo.com\/dk\/produkt\/fjernbetjening-til-rulning-af-video\/#primaryimage"},"image":{"@id":"https:\/\/mekulo.com\/dk\/produkt\/fjernbetjening-til-rulning-af-video\/#primaryimage"},"thumbnailUrl":"https:\/\/mekulo.com\/dk\/wp-content\/uploads\/sites\/12\/2026\/01\/buj7wta-1.webp","datePublished":"2026-01-09T14:13:53+00:00","dateModified":"2026-01-10T15:00:26+00:00","breadcrumb":{"@id":"https:\/\/mekulo.com\/dk\/produkt\/fjernbetjening-til-rulning-af-video\/#breadcrumb"},"inLanguage":"da-DK","potentialAction":[{"@type":"ReadAction","target":["https:\/\/mekulo.com\/dk\/produkt\/fjernbetjening-til-rulning-af-video\/"]}]},{"@type":"ImageObject","inLanguage":"da-DK","@id":"https:\/\/mekulo.com\/dk\/produkt\/fjernbetjening-til-rulning-af-video\/#primaryimage","url":"https:\/\/mekulo.com\/dk\/wp-content\/uploads\/sites\/12\/2026\/01\/buj7wta-1.webp","contentUrl":"https:\/\/mekulo.com\/dk\/wp-content\/uploads\/sites\/12\/2026\/01\/buj7wta-1.webp","width":713,"height":713},{"@type":"BreadcrumbList","@id":"https:\/\/mekulo.com\/dk\/produkt\/fjernbetjening-til-rulning-af-video\/#breadcrumb","itemListElement":[{"@type":"ListItem","position":1,"name":"Home","item":"https:\/\/mekulo.com\/dk\/"},{"@type":"ListItem","position":2,"name":"Butik","item":"https:\/\/mekulo.com\/dk\/butik\/"},{"@type":"ListItem","position":3,"name":"Fjernbetjening til rulning af video"}]},{"@type":"WebSite","@id":"https:\/\/mekulo.com\/dk\/#website","url":"https:\/\/mekulo.com\/dk\/","name":"Mekulo DK","description":"","publisher":{"@id":"https:\/\/mekulo.com\/dk\/#organization"},"potentialAction":[{"@type":"SearchAction","target":{"@type":"EntryPoint","urlTemplate":"https:\/\/mekulo.com\/dk\/?s={search_term_string}"},"query-input":{"@type":"PropertyValueSpecification","valueRequired":true,"valueName":"search_term_string"}}],"inLanguage":"da-DK"},{"@type":"Organization","@id":"https:\/\/mekulo.com\/dk\/#organization","name":"Mekulo","url":"https:\/\/mekulo.com\/dk\/","logo":{"@type":"ImageObject","inLanguage":"da-DK","@id":"https:\/\/mekulo.com\/dk\/#\/schema\/logo\/image\/","url":"https:\/\/mekulo.com\/dk\/wp-content\/uploads\/sites\/12\/2025\/12\/favicon_mekulo.png","contentUrl":"https:\/\/mekulo.com\/dk\/wp-content\/uploads\/sites\/12\/2025\/12\/favicon_mekulo.png","width":50,"height":50,"caption":"Mekulo"},"image":{"@id":"https:\/\/mekulo.com\/dk\/#\/schema\/logo\/image\/"}}]}},"_links":{"self":[{"href":"https:\/\/mekulo.com\/dk\/wp-json\/wp\/v2\/product\/16873","targetHints":{"allow":["GET"]}}],"collection":[{"href":"https:\/\/mekulo.com\/dk\/wp-json\/wp\/v2\/product"}],"about":[{"href":"https:\/\/mekulo.com\/dk\/wp-json\/wp\/v2\/types\/product"}],"replies":[{"embeddable":true,"href":"https:\/\/mekulo.com\/dk\/wp-json\/wp\/v2\/comments?post=16873"}],"wp:featuredmedia":[{"embeddable":true,"href":"https:\/\/mekulo.com\/dk\/wp-json\/wp\/v2\/media\/16869"}],"wp:attachment":[{"href":"https:\/\/mekulo.com\/dk\/wp-json\/wp\/v2\/media?parent=16873"}],"wp:term":[{"taxonomy":"product_brand","embeddable":true,"href":"https:\/\/mekulo.com\/dk\/wp-json\/wp\/v2\/product_brand?post=16873"},{"taxonomy":"product_cat","embeddable":true,"href":"https:\/\/mekulo.com\/dk\/wp-json\/wp\/v2\/product_cat?post=16873"},{"taxonomy":"product_tag","embeddable":true,"href":"https:\/\/mekulo.com\/dk\/wp-json\/wp\/v2\/product_tag?post=16873"}],"curies":[{"name":"wp","href":"https:\/\/api.w.org\/{rel}","templated":true}]}}