{"id":16753,"date":"2026-01-09T16:05:46","date_gmt":"2026-01-09T14:05:46","guid":{"rendered":"https:\/\/mekulo.com\/dk\/produkt\/voluminoes-haarring-2-stk\/"},"modified":"2026-01-10T16:45:47","modified_gmt":"2026-01-10T14:45:47","slug":"voluminoes-haarring-2-stk","status":"publish","type":"product","link":"https:\/\/mekulo.com\/dk\/produkt\/voluminoes-haarring-2-stk\/","title":{"rendered":"Volumin\u00f8s h\u00e5rring (2 stk.)"},"content":{"rendered":"<p style=\"text-align: center;\" data-start=\"0\" data-end=\"52\"><strong data-start=\"0\" data-end=\"52\">Skab \u00f8jeblikkelig volumen og en fyldig knold p\u00e5 f\u00e5 sekunder. \ud83d\udc87\u200d\u2640\ufe0f<\/strong><\/p>\n<p data-start=\"54\" data-end=\"252\"><img fetchpriority=\"high\" decoding=\"async\" class=\"size-full wp-image-48119 aligncenter\" src=\"https:\/\/keluvo.com\/template\/wp-content\/uploads\/sites\/5\/2026\/01\/f8e77458779a1af55986992ee2abde4048011483021006073094EN25d938f8241d86114603185b25f3f9133.gif\" alt=\"\" width=\"438\" height=\"480\" \/><\/p>\n<h2 style=\"text-align: center;\" data-start=\"259\" data-end=\"278\">Vigtigste fordele<\/h2>\n<p data-start=\"282\" data-end=\"342\">\ud83d\udc81\u200d\u2640\ufe0f \u00d8jeblikkelig volumen &#8211; Skaber en fyldigere knold p\u00e5 f\u00e5 sekunder.<\/p>\n<p data-start=\"345\" data-end=\"408\">\ud83c\udfa8 Flere farvemuligheder &#8211; Nem at matche din h\u00e5rfarve.<\/p>\n<p data-start=\"411\" data-end=\"461\">\ud83c\udf3f Naturligt look &#8211; Ligner \u00e6gte menneskeh\u00e5r.<\/p>\n<p data-start=\"464\" data-end=\"530\">\ud83d\ude0c Behagelig at have p\u00e5 &#8211; Let og sk\u00e5nsom mod hovedbunden.<\/p>\n<p data-start=\"533\" data-end=\"578\">\ud83d\udd12 Sikkert hold &#8211; Bliver p\u00e5 plads hele dagen.<\/p>\n<p data-start=\"581\" data-end=\"640\">\ud83c\udf80 Nem styling &#8211; Perfekt til afslappede og formelle looks.<\/p>\n<p data-start=\"581\" data-end=\"640\"><img decoding=\"async\" class=\"size-full wp-image-48120 aligncenter\" src=\"https:\/\/keluvo.com\/template\/wp-content\/uploads\/sites\/5\/2026\/01\/6c2cee2a0edabc7695467d61cace0dbe48011483021006073094EN27bcc763cbf68023868583b1ba784089b.gif\" alt=\"\" width=\"470\" height=\"480\" \/><\/p>\n<h2 style=\"text-align: center;\" data-start=\"647\" data-end=\"664\">S\u00e5dan bruges<\/h2>\n<ol data-start=\"666\" data-end=\"881\">\n<li data-start=\"666\" data-end=\"714\">\n<p data-start=\"669\" data-end=\"714\">S\u00e6t h\u00e5ret op i en hestehale eller en lille knold.<\/p>\n<\/li>\n<li data-start=\"715\" data-end=\"768\">\n<p data-start=\"718\" data-end=\"768\">Placer h\u00e5rringen rundt om knolden eller hestehalen.<\/p>\n<\/li>\n<li data-start=\"769\" data-end=\"827\">\n<p data-start=\"772\" data-end=\"827\">Juster og spred h\u00e5ret j\u00e6vnt for et naturligt look.<\/p>\n<\/li>\n<li data-start=\"828\" data-end=\"860\">\n<p data-start=\"831\" data-end=\"860\">S\u00e6t det fast med h\u00e5rn\u00e5le, hvis det er n\u00f8dvendigt.<\/p>\n<\/li>\n<li data-start=\"861\" data-end=\"881\">\n<p data-start=\"864\" data-end=\"881\">Stil som \u00f8nsket.<\/p>\n<\/li>\n<\/ol>\n<h2 style=\"text-align: center;\" data-start=\"888\" data-end=\"910\">Produktdetaljer<\/h2>\n<ul data-start=\"912\" data-end=\"1162\">\n<li data-start=\"951\" data-end=\"1007\">\n<p data-start=\"953\" data-end=\"1007\">Materiale: H\u00f8jtemperaturfilament (syntetisk h\u00e5r)<\/p>\n<\/li>\n<li data-start=\"1028\" data-end=\"1067\">\n<p data-start=\"1030\" data-end=\"1067\">St\u00f8rrelse: 6 x 6 cm<\/p>\n<\/li>\n<li data-start=\"1068\" data-end=\"1111\">\n<p data-start=\"1070\" data-end=\"1111\">Konsistens: Bl\u00f8dt, holdbart, naturligt udseende<\/p>\n<\/li>\n<li data-start=\"1112\" data-end=\"1162\">\n<p data-start=\"1114\" data-end=\"1162\">Velegnet til: Daglig brug, fester, begivenheder, arbejde<\/p>\n<\/li>\n<\/ul>\n<h2 style=\"text-align: center;\" data-start=\"1169\" data-end=\"1192\">Pakken indeholder<\/h2>\n<ul data-start=\"1194\" data-end=\"1218\" data-is-last-node=\"\" data-is-only-node=\"\">\n<li data-start=\"1194\" data-end=\"1218\" data-is-last-node=\"\">\n<p data-start=\"1196\" data-end=\"1218\" data-is-last-node=\"\">2x volumin\u00f8se h\u00e5rringe.<\/p>\n<\/li>\n<\/ul>\n","protected":false},"excerpt":{"rendered":"<p>Denne volumin\u00f8se h\u00e5rring giver naturlig fylde til din frisure uden besv\u00e6r. Den blander sig problemfrit med dit h\u00e5r for at skabe en p\u00e6n, elegant knold til daglig brug, arbejde eller s\u00e6rlige lejligheder.<\/p>\n","protected":false},"featured_media":16749,"comment_status":"open","ping_status":"closed","template":"","meta":{"site-sidebar-layout":"default","site-content-layout":"","ast-site-content-layout":"default","site-content-style":"default","site-sidebar-style":"default","ast-global-header-display":"","ast-banner-title-visibility":"","ast-main-header-display":"","ast-hfb-above-header-display":"","ast-hfb-below-header-display":"","ast-hfb-mobile-header-display":"","site-post-title":"","ast-breadcrumbs-content":"","ast-featured-img":"","footer-sml-layout":"","ast-disable-related-posts":"","theme-transparent-header-meta":"default","adv-header-id-meta":"","stick-header-meta":"","header-above-stick-meta":"","header-main-stick-meta":"","header-below-stick-meta":"","astra-migrate-meta-layouts":"set","ast-page-background-enabled":"default","ast-page-background-meta":{"desktop":{"background-color":"var(--ast-global-color-5)","background-image":"","background-repeat":"repeat","background-position":"center center","background-size":"auto","background-attachment":"scroll","background-type":"","background-media":"","overlay-type":"","overlay-color":"","overlay-opacity":"","overlay-gradient":""},"tablet":{"background-color":"","background-image":"","background-repeat":"repeat","background-position":"center center","background-size":"auto","background-attachment":"scroll","background-type":"","background-media":"","overlay-type":"","overlay-color":"","overlay-opacity":"","overlay-gradient":""},"mobile":{"background-color":"","background-image":"","background-repeat":"repeat","background-position":"center center","background-size":"auto","background-attachment":"scroll","background-type":"","background-media":"","overlay-type":"","overlay-color":"","overlay-opacity":"","overlay-gradient":""}},"ast-content-background-meta":{"desktop":{"background-color":"var(--ast-global-color-4)","background-image":"","background-repeat":"repeat","background-position":"center center","background-size":"auto","background-attachment":"scroll","background-type":"","background-media":"","overlay-type":"","overlay-color":"","overlay-opacity":"","overlay-gradient":""},"tablet":{"background-color":"var(--ast-global-color-4)","background-image":"","background-repeat":"repeat","background-position":"center center","background-size":"auto","background-attachment":"scroll","background-type":"","background-media":"","overlay-type":"","overlay-color":"","overlay-opacity":"","overlay-gradient":""},"mobile":{"background-color":"var(--ast-global-color-4)","background-image":"","background-repeat":"repeat","background-position":"center center","background-size":"auto","background-attachment":"scroll","background-type":"","background-media":"","overlay-type":"","overlay-color":"","overlay-opacity":"","overlay-gradient":""}}},"product_brand":[],"product_cat":[165],"product_tag":[],"class_list":{"0":"post-16753","1":"product","2":"type-product","3":"status-publish","4":"has-post-thumbnail","6":"product_cat-fodtoej-tilbehoer","7":"pa_66115_2w2r4y6t-a","8":"pa_66115_2w2r4y6t-b","9":"pa_66115_2w2r4y6t-c","10":"pa_66115_2w2r4y6t-d","11":"pa_66115_2w2r4y6t-e","12":"pa_66115_2w2r4y6t-f","13":"pa_66115_2w2r4y6t-g","14":"pa_66115_2w2r4y6t-h","15":"pa_66115_2w2r4y6t-i","16":"pa_66115_2w2r4y6t-j","17":"pa_66115_2w2r4y6t-k","18":"pa_66115_2w2r4y6t-l","19":"pa_66115_2w2r4y6t-m","20":"pa_66115_2w2r4y6t-n","21":"desktop-align-left","22":"tablet-align-left","23":"mobile-align-left","25":"first","26":"instock","27":"shipping-taxable","28":"purchasable","29":"product-type-variable"},"yoast_head":"<!-- This site is optimized with the Yoast SEO plugin v27.4 - https:\/\/yoast.com\/product\/yoast-seo-wordpress\/ -->\n<title>Volumin\u00f8s h\u00e5rring (2 stk.) - Mekulo DK<\/title>\n<meta name=\"robots\" content=\"index, follow, max-snippet:-1, max-image-preview:large, max-video-preview:-1\" \/>\n<link rel=\"canonical\" href=\"https:\/\/mekulo.com\/dk\/produkt\/voluminoes-haarring-2-stk\/\" \/>\n<meta property=\"og:locale\" content=\"da_DK\" \/>\n<meta property=\"og:type\" content=\"article\" \/>\n<meta property=\"og:title\" content=\"Volumin\u00f8s h\u00e5rring (2 stk.) - Mekulo DK\" \/>\n<meta property=\"og:description\" content=\"Denne volumin\u00f8se h\u00e5rring giver naturlig fylde til din frisure uden besv\u00e6r. Den blander sig problemfrit med dit h\u00e5r for at skabe en p\u00e6n, elegant knold til daglig brug, arbejde eller s\u00e6rlige lejligheder.\" \/>\n<meta property=\"og:url\" content=\"https:\/\/mekulo.com\/dk\/produkt\/voluminoes-haarring-2-stk\/\" \/>\n<meta property=\"og:site_name\" content=\"Mekulo DK\" \/>\n<meta property=\"article:modified_time\" content=\"2026-01-10T14:45:47+00:00\" \/>\n<meta property=\"og:image\" content=\"https:\/\/mekulo.com\/dk\/wp-content\/uploads\/sites\/12\/2026\/01\/qk1k3ic-1.jpg\" \/>\n\t<meta property=\"og:image:width\" content=\"1080\" \/>\n\t<meta property=\"og:image:height\" content=\"1080\" \/>\n\t<meta property=\"og:image:type\" content=\"image\/jpeg\" \/>\n<meta name=\"twitter:card\" content=\"summary_large_image\" \/>\n<meta name=\"twitter:label1\" content=\"Estimeret l\u00e6setid\" \/>\n\t<meta name=\"twitter:data1\" content=\"2 minutter\" \/>\n<script type=\"application\/ld+json\" class=\"yoast-schema-graph\">{\"@context\":\"https:\\\/\\\/schema.org\",\"@graph\":[{\"@type\":\"WebPage\",\"@id\":\"https:\\\/\\\/mekulo.com\\\/dk\\\/produkt\\\/voluminoes-haarring-2-stk\\\/\",\"url\":\"https:\\\/\\\/mekulo.com\\\/dk\\\/produkt\\\/voluminoes-haarring-2-stk\\\/\",\"name\":\"Volumin\u00f8s h\u00e5rring (2 stk.) - Mekulo DK\",\"isPartOf\":{\"@id\":\"https:\\\/\\\/mekulo.com\\\/dk\\\/#website\"},\"primaryImageOfPage\":{\"@id\":\"https:\\\/\\\/mekulo.com\\\/dk\\\/produkt\\\/voluminoes-haarring-2-stk\\\/#primaryimage\"},\"image\":{\"@id\":\"https:\\\/\\\/mekulo.com\\\/dk\\\/produkt\\\/voluminoes-haarring-2-stk\\\/#primaryimage\"},\"thumbnailUrl\":\"https:\\\/\\\/mekulo.com\\\/dk\\\/wp-content\\\/uploads\\\/sites\\\/12\\\/2026\\\/01\\\/qk1k3ic-1.jpg\",\"datePublished\":\"2026-01-09T14:05:46+00:00\",\"dateModified\":\"2026-01-10T14:45:47+00:00\",\"breadcrumb\":{\"@id\":\"https:\\\/\\\/mekulo.com\\\/dk\\\/produkt\\\/voluminoes-haarring-2-stk\\\/#breadcrumb\"},\"inLanguage\":\"da-DK\",\"potentialAction\":[{\"@type\":\"ReadAction\",\"target\":[\"https:\\\/\\\/mekulo.com\\\/dk\\\/produkt\\\/voluminoes-haarring-2-stk\\\/\"]}]},{\"@type\":\"ImageObject\",\"inLanguage\":\"da-DK\",\"@id\":\"https:\\\/\\\/mekulo.com\\\/dk\\\/produkt\\\/voluminoes-haarring-2-stk\\\/#primaryimage\",\"url\":\"https:\\\/\\\/mekulo.com\\\/dk\\\/wp-content\\\/uploads\\\/sites\\\/12\\\/2026\\\/01\\\/qk1k3ic-1.jpg\",\"contentUrl\":\"https:\\\/\\\/mekulo.com\\\/dk\\\/wp-content\\\/uploads\\\/sites\\\/12\\\/2026\\\/01\\\/qk1k3ic-1.jpg\",\"width\":1080,\"height\":1080},{\"@type\":\"BreadcrumbList\",\"@id\":\"https:\\\/\\\/mekulo.com\\\/dk\\\/produkt\\\/voluminoes-haarring-2-stk\\\/#breadcrumb\",\"itemListElement\":[{\"@type\":\"ListItem\",\"position\":1,\"name\":\"Home\",\"item\":\"https:\\\/\\\/mekulo.com\\\/dk\\\/\"},{\"@type\":\"ListItem\",\"position\":2,\"name\":\"Butik\",\"item\":\"https:\\\/\\\/mekulo.com\\\/dk\\\/butik\\\/\"},{\"@type\":\"ListItem\",\"position\":3,\"name\":\"Volumin\u00f8s h\u00e5rring (2 stk.)\"}]},{\"@type\":\"WebSite\",\"@id\":\"https:\\\/\\\/mekulo.com\\\/dk\\\/#website\",\"url\":\"https:\\\/\\\/mekulo.com\\\/dk\\\/\",\"name\":\"Mekulo DK\",\"description\":\"\",\"publisher\":{\"@id\":\"https:\\\/\\\/mekulo.com\\\/dk\\\/#organization\"},\"potentialAction\":[{\"@type\":\"SearchAction\",\"target\":{\"@type\":\"EntryPoint\",\"urlTemplate\":\"https:\\\/\\\/mekulo.com\\\/dk\\\/?s={search_term_string}\"},\"query-input\":{\"@type\":\"PropertyValueSpecification\",\"valueRequired\":true,\"valueName\":\"search_term_string\"}}],\"inLanguage\":\"da-DK\"},{\"@type\":\"Organization\",\"@id\":\"https:\\\/\\\/mekulo.com\\\/dk\\\/#organization\",\"name\":\"Mekulo\",\"url\":\"https:\\\/\\\/mekulo.com\\\/dk\\\/\",\"logo\":{\"@type\":\"ImageObject\",\"inLanguage\":\"da-DK\",\"@id\":\"https:\\\/\\\/mekulo.com\\\/dk\\\/#\\\/schema\\\/logo\\\/image\\\/\",\"url\":\"https:\\\/\\\/mekulo.com\\\/dk\\\/wp-content\\\/uploads\\\/sites\\\/12\\\/2025\\\/12\\\/favicon_mekulo.png\",\"contentUrl\":\"https:\\\/\\\/mekulo.com\\\/dk\\\/wp-content\\\/uploads\\\/sites\\\/12\\\/2025\\\/12\\\/favicon_mekulo.png\",\"width\":50,\"height\":50,\"caption\":\"Mekulo\"},\"image\":{\"@id\":\"https:\\\/\\\/mekulo.com\\\/dk\\\/#\\\/schema\\\/logo\\\/image\\\/\"}}]}<\/script>\n<!-- \/ Yoast SEO plugin. -->","yoast_head_json":{"title":"Volumin\u00f8s h\u00e5rring (2 stk.) - Mekulo DK","robots":{"index":"index","follow":"follow","max-snippet":"max-snippet:-1","max-image-preview":"max-image-preview:large","max-video-preview":"max-video-preview:-1"},"canonical":"https:\/\/mekulo.com\/dk\/produkt\/voluminoes-haarring-2-stk\/","og_locale":"da_DK","og_type":"article","og_title":"Volumin\u00f8s h\u00e5rring (2 stk.) - Mekulo DK","og_description":"Denne volumin\u00f8se h\u00e5rring giver naturlig fylde til din frisure uden besv\u00e6r. Den blander sig problemfrit med dit h\u00e5r for at skabe en p\u00e6n, elegant knold til daglig brug, arbejde eller s\u00e6rlige lejligheder.","og_url":"https:\/\/mekulo.com\/dk\/produkt\/voluminoes-haarring-2-stk\/","og_site_name":"Mekulo DK","article_modified_time":"2026-01-10T14:45:47+00:00","og_image":[{"width":1080,"height":1080,"url":"https:\/\/mekulo.com\/dk\/wp-content\/uploads\/sites\/12\/2026\/01\/qk1k3ic-1.jpg","type":"image\/jpeg"}],"twitter_card":"summary_large_image","twitter_misc":{"Estimeret l\u00e6setid":"2 minutter"},"schema":{"@context":"https:\/\/schema.org","@graph":[{"@type":"WebPage","@id":"https:\/\/mekulo.com\/dk\/produkt\/voluminoes-haarring-2-stk\/","url":"https:\/\/mekulo.com\/dk\/produkt\/voluminoes-haarring-2-stk\/","name":"Volumin\u00f8s h\u00e5rring (2 stk.) - Mekulo DK","isPartOf":{"@id":"https:\/\/mekulo.com\/dk\/#website"},"primaryImageOfPage":{"@id":"https:\/\/mekulo.com\/dk\/produkt\/voluminoes-haarring-2-stk\/#primaryimage"},"image":{"@id":"https:\/\/mekulo.com\/dk\/produkt\/voluminoes-haarring-2-stk\/#primaryimage"},"thumbnailUrl":"https:\/\/mekulo.com\/dk\/wp-content\/uploads\/sites\/12\/2026\/01\/qk1k3ic-1.jpg","datePublished":"2026-01-09T14:05:46+00:00","dateModified":"2026-01-10T14:45:47+00:00","breadcrumb":{"@id":"https:\/\/mekulo.com\/dk\/produkt\/voluminoes-haarring-2-stk\/#breadcrumb"},"inLanguage":"da-DK","potentialAction":[{"@type":"ReadAction","target":["https:\/\/mekulo.com\/dk\/produkt\/voluminoes-haarring-2-stk\/"]}]},{"@type":"ImageObject","inLanguage":"da-DK","@id":"https:\/\/mekulo.com\/dk\/produkt\/voluminoes-haarring-2-stk\/#primaryimage","url":"https:\/\/mekulo.com\/dk\/wp-content\/uploads\/sites\/12\/2026\/01\/qk1k3ic-1.jpg","contentUrl":"https:\/\/mekulo.com\/dk\/wp-content\/uploads\/sites\/12\/2026\/01\/qk1k3ic-1.jpg","width":1080,"height":1080},{"@type":"BreadcrumbList","@id":"https:\/\/mekulo.com\/dk\/produkt\/voluminoes-haarring-2-stk\/#breadcrumb","itemListElement":[{"@type":"ListItem","position":1,"name":"Home","item":"https:\/\/mekulo.com\/dk\/"},{"@type":"ListItem","position":2,"name":"Butik","item":"https:\/\/mekulo.com\/dk\/butik\/"},{"@type":"ListItem","position":3,"name":"Volumin\u00f8s h\u00e5rring (2 stk.)"}]},{"@type":"WebSite","@id":"https:\/\/mekulo.com\/dk\/#website","url":"https:\/\/mekulo.com\/dk\/","name":"Mekulo DK","description":"","publisher":{"@id":"https:\/\/mekulo.com\/dk\/#organization"},"potentialAction":[{"@type":"SearchAction","target":{"@type":"EntryPoint","urlTemplate":"https:\/\/mekulo.com\/dk\/?s={search_term_string}"},"query-input":{"@type":"PropertyValueSpecification","valueRequired":true,"valueName":"search_term_string"}}],"inLanguage":"da-DK"},{"@type":"Organization","@id":"https:\/\/mekulo.com\/dk\/#organization","name":"Mekulo","url":"https:\/\/mekulo.com\/dk\/","logo":{"@type":"ImageObject","inLanguage":"da-DK","@id":"https:\/\/mekulo.com\/dk\/#\/schema\/logo\/image\/","url":"https:\/\/mekulo.com\/dk\/wp-content\/uploads\/sites\/12\/2025\/12\/favicon_mekulo.png","contentUrl":"https:\/\/mekulo.com\/dk\/wp-content\/uploads\/sites\/12\/2025\/12\/favicon_mekulo.png","width":50,"height":50,"caption":"Mekulo"},"image":{"@id":"https:\/\/mekulo.com\/dk\/#\/schema\/logo\/image\/"}}]}},"_links":{"self":[{"href":"https:\/\/mekulo.com\/dk\/wp-json\/wp\/v2\/product\/16753","targetHints":{"allow":["GET"]}}],"collection":[{"href":"https:\/\/mekulo.com\/dk\/wp-json\/wp\/v2\/product"}],"about":[{"href":"https:\/\/mekulo.com\/dk\/wp-json\/wp\/v2\/types\/product"}],"replies":[{"embeddable":true,"href":"https:\/\/mekulo.com\/dk\/wp-json\/wp\/v2\/comments?post=16753"}],"wp:featuredmedia":[{"embeddable":true,"href":"https:\/\/mekulo.com\/dk\/wp-json\/wp\/v2\/media\/16749"}],"wp:attachment":[{"href":"https:\/\/mekulo.com\/dk\/wp-json\/wp\/v2\/media?parent=16753"}],"wp:term":[{"taxonomy":"product_brand","embeddable":true,"href":"https:\/\/mekulo.com\/dk\/wp-json\/wp\/v2\/product_brand?post=16753"},{"taxonomy":"product_cat","embeddable":true,"href":"https:\/\/mekulo.com\/dk\/wp-json\/wp\/v2\/product_cat?post=16753"},{"taxonomy":"product_tag","embeddable":true,"href":"https:\/\/mekulo.com\/dk\/wp-json\/wp\/v2\/product_tag?post=16753"}],"curies":[{"name":"wp","href":"https:\/\/api.w.org\/{rel}","templated":true}]}}