{"id":16693,"date":"2026-01-09T16:01:35","date_gmt":"2026-01-09T14:01:35","guid":{"rendered":"https:\/\/mekulo.com\/dk\/produkt\/multi-rejsetaske-med-stor-kapacitet\/"},"modified":"2026-01-10T16:39:25","modified_gmt":"2026-01-10T14:39:25","slug":"multi-rejsetaske-med-stor-kapacitet","status":"publish","type":"product","link":"https:\/\/mekulo.com\/dk\/produkt\/multi-rejsetaske-med-stor-kapacitet\/","title":{"rendered":"Multi-rejsetaske med stor kapacitet"},"content":{"rendered":"<div class=\"flex max-w-full flex-col grow\">\n<div class=\"min-h-8 text-message relative flex w-full flex-col items-end gap-2 text-start break-words whitespace-normal [.text-message+&amp;]:mt-1\" dir=\"auto\" data-message-author-role=\"assistant\" data-message-id=\"f4d4b13c-df73-40f3-916e-07fd2497e5cb\" data-message-model-slug=\"gpt-5-2\">\n<div class=\"flex w-full flex-col gap-1 empty:hidden first:pt-[1px]\">\n<div class=\"markdown prose dark:prose-invert w-full break-words light markdown-new-styling\">\n<p style=\"text-align: center;\" data-start=\"0\" data-end=\"72\"><strong data-start=\"0\" data-end=\"72\">Medbring Alt, Hvad Du Har Brug For, I En Stilfuld Og Komfortabel Rejsetaske. \ud83d\udc5c<\/strong><\/p>\n<p data-start=\"74\" data-end=\"333\"><img fetchpriority=\"high\" decoding=\"async\" class=\" wp-image-48056 aligncenter\" src=\"https:\/\/keluvo.com\/template\/wp-content\/uploads\/sites\/5\/2026\/01\/399fc6b60d33b4f77404947348f273e063258211326021005538273EN29cce7a2541c09a96ab34a2966ac532aa.gif\" alt=\"\" width=\"503\" height=\"660\" \/><\/p>\n<h2 style=\"text-align: center;\" data-start=\"340\" data-end=\"360\"><strong>\ud83c\udf92 Vigtigste fordele<\/strong><\/h2>\n<p data-start=\"364\" data-end=\"448\">\ud83e\uddf3 Stor opbevaringskapacitet &#8211; Passer til t\u00f8j, b\u00f8ger, gadgets og daglige forn\u00f8denheder.<\/p>\n<p data-start=\"451\" data-end=\"514\">\ud83d\udd10 Skjult lynl\u00e5slomme &#8211; Holder v\u00e6rdigenstande sikre.<\/p>\n<p data-start=\"517\" data-end=\"590\">\ud83d\udcaa Bl\u00f8d, men robust &#8211; Behagelig at b\u00e6re, st\u00e6rk nok til rejser.<\/p>\n<p data-start=\"593\" data-end=\"656\">\ud83e\uddf5 Slidst\u00e6rkt oxfordstof &#8211; Modst\u00e5r slitage over tid.<\/p>\n<p data-start=\"659\" data-end=\"729\">\ud83c\udfa8 Trendy design &#8211; Kontrastfarver giver et moderne modetouch.<\/p>\n<p data-start=\"732\" data-end=\"803\">\ud83d\udc57 Koreansk look &#8211; Stilfuldt valg til hverdag og rejser.<\/p>\n<p data-start=\"732\" data-end=\"803\"><img decoding=\"async\" class=\" wp-image-48055 aligncenter\" src=\"https:\/\/keluvo.com\/template\/wp-content\/uploads\/sites\/5\/2026\/01\/cc0e71049551b51f8608b3bd445878c063258211326021005538273EN25cd6a063c51df65aa0d61bbfd9882874.gif\" alt=\"\" width=\"499\" height=\"654\" \/><\/p>\n<h2 style=\"text-align: center;\" data-start=\"810\" data-end=\"827\"><strong>\ud83e\udded S\u00e5dan Bruges<\/strong><\/h2>\n<ol data-start=\"829\" data-end=\"1082\">\n<li data-start=\"829\" data-end=\"881\">\n<p data-start=\"832\" data-end=\"881\">\u00c5bn hovedrummet for at pakke st\u00f8rre ting.<\/p>\n<\/li>\n<li data-start=\"882\" data-end=\"931\">\n<p data-start=\"885\" data-end=\"931\">Opbevar v\u00e6rdigenstande i den skjulte lynl\u00e5slomme.<\/p>\n<\/li>\n<li data-start=\"932\" data-end=\"977\">\n<p data-start=\"935\" data-end=\"977\">Juster stropperne for en behagelig pasform.<\/p>\n<\/li>\n<li data-start=\"978\" data-end=\"1027\">\n<p data-start=\"981\" data-end=\"1027\">Lynl\u00e5s alle rum sikkert, f\u00f8r du bev\u00e6ger dig.<\/p>\n<\/li>\n<li data-start=\"1028\" data-end=\"1082\">\n<p data-start=\"1031\" data-end=\"1082\">Brug den til rejser, skole, arbejde eller afslappede udflugter.<\/p>\n<\/li>\n<\/ol>\n<h2 style=\"text-align: center;\" data-start=\"1089\" data-end=\"1111\"><strong>\ud83d\udcd0 Produktdetaljer<\/strong><\/h2>\n<ul data-start=\"1113\" data-end=\"1405\">\n<li data-start=\"1163\" data-end=\"1189\">\n<p data-start=\"1165\" data-end=\"1189\">Materiale: Oxford-stof<\/p>\n<\/li>\n<li data-start=\"1190\" data-end=\"1244\">\n<p data-start=\"1192\" data-end=\"1244\">Struktur: Hovedrum + skjult lynl\u00e5slomme<\/p>\n<\/li>\n<li data-start=\"1245\" data-end=\"1299\">\n<p data-start=\"1247\" data-end=\"1299\">Designstil: Koreansk stil med kontrastfarver<\/p>\n<\/li>\n<li data-start=\"1300\" data-end=\"1345\">\n<p data-start=\"1302\" data-end=\"1345\">Textur: Bl\u00f8d fornemmelse med robust holdbarhed<\/p>\n<\/li>\n<li data-start=\"1346\" data-end=\"1405\">\n<p data-start=\"1348\" data-end=\"1405\">Velegnet til: Rejse, daglig brug, skole, afslappede udflugter<\/p>\n<\/li>\n<li data-start=\"1346\" data-end=\"1405\">St\u00f8rrelse: 25 x 36 x 12 cm<\/li>\n<\/ul>\n<h2 style=\"text-align: center;\" data-start=\"1412\" data-end=\"1435\"><strong>\ud83d\udce6 Pakken indeholder<\/strong><\/h2>\n<ul data-start=\"1437\" data-end=\"1474\" data-is-last-node=\"\" data-is-only-node=\"\">\n<li data-start=\"1437\" data-end=\"1474\" data-is-last-node=\"\">\n<p data-start=\"1439\" data-end=\"1474\" data-is-last-node=\"\">1x multirejsetaske med stor kapacitet.<\/p>\n<\/li>\n<\/ul>\n<\/div>\n<\/div>\n<\/div>\n<\/div>\n","protected":false},"excerpt":{"rendered":"<p>Denne multitaske med stor kapacitet er designet til at rumme alle dine daglige og rejsem\u00e6ssige forn\u00f8denheder p\u00e5 \u00e9t sted. Med et smart indvendigt layout, slidst\u00e6rkt Oxford-stof og et trendy koreansk design er den perfekt til afslappede rejser, skole, arbejde eller hverdagsudflugter.<\/p>\n","protected":false},"featured_media":16689,"comment_status":"open","ping_status":"closed","template":"","meta":{"site-sidebar-layout":"default","site-content-layout":"","ast-site-content-layout":"default","site-content-style":"default","site-sidebar-style":"default","ast-global-header-display":"","ast-banner-title-visibility":"","ast-main-header-display":"","ast-hfb-above-header-display":"","ast-hfb-below-header-display":"","ast-hfb-mobile-header-display":"","site-post-title":"","ast-breadcrumbs-content":"","ast-featured-img":"","footer-sml-layout":"","ast-disable-related-posts":"","theme-transparent-header-meta":"default","adv-header-id-meta":"","stick-header-meta":"","header-above-stick-meta":"","header-main-stick-meta":"","header-below-stick-meta":"","astra-migrate-meta-layouts":"set","ast-page-background-enabled":"default","ast-page-background-meta":{"desktop":{"background-color":"var(--ast-global-color-5)","background-image":"","background-repeat":"repeat","background-position":"center center","background-size":"auto","background-attachment":"scroll","background-type":"","background-media":"","overlay-type":"","overlay-color":"","overlay-opacity":"","overlay-gradient":""},"tablet":{"background-color":"","background-image":"","background-repeat":"repeat","background-position":"center center","background-size":"auto","background-attachment":"scroll","background-type":"","background-media":"","overlay-type":"","overlay-color":"","overlay-opacity":"","overlay-gradient":""},"mobile":{"background-color":"","background-image":"","background-repeat":"repeat","background-position":"center center","background-size":"auto","background-attachment":"scroll","background-type":"","background-media":"","overlay-type":"","overlay-color":"","overlay-opacity":"","overlay-gradient":""}},"ast-content-background-meta":{"desktop":{"background-color":"var(--ast-global-color-4)","background-image":"","background-repeat":"repeat","background-position":"center center","background-size":"auto","background-attachment":"scroll","background-type":"","background-media":"","overlay-type":"","overlay-color":"","overlay-opacity":"","overlay-gradient":""},"tablet":{"background-color":"var(--ast-global-color-4)","background-image":"","background-repeat":"repeat","background-position":"center center","background-size":"auto","background-attachment":"scroll","background-type":"","background-media":"","overlay-type":"","overlay-color":"","overlay-opacity":"","overlay-gradient":""},"mobile":{"background-color":"var(--ast-global-color-4)","background-image":"","background-repeat":"repeat","background-position":"center center","background-size":"auto","background-attachment":"scroll","background-type":"","background-media":"","overlay-type":"","overlay-color":"","overlay-opacity":"","overlay-gradient":""}}},"product_brand":[],"product_cat":[165],"product_tag":[],"class_list":{"0":"post-16693","1":"product","2":"type-product","3":"status-publish","4":"has-post-thumbnail","6":"product_cat-fodtoej-tilbehoer","7":"pa_66065_rbu06mw8-hvid","8":"pa_66065_rbu06mw8-orange","9":"pa_66065_rbu06mw8-sort","10":"desktop-align-left","11":"tablet-align-left","12":"mobile-align-left","14":"first","15":"instock","16":"shipping-taxable","17":"purchasable","18":"product-type-variable"},"yoast_head":"<!-- This site is optimized with the Yoast SEO plugin v27.4 - https:\/\/yoast.com\/product\/yoast-seo-wordpress\/ -->\n<title>Multi-rejsetaske med stor kapacitet - Mekulo DK<\/title>\n<meta name=\"robots\" content=\"index, follow, max-snippet:-1, max-image-preview:large, max-video-preview:-1\" \/>\n<link rel=\"canonical\" href=\"https:\/\/mekulo.com\/dk\/produkt\/multi-rejsetaske-med-stor-kapacitet\/\" \/>\n<meta property=\"og:locale\" content=\"da_DK\" \/>\n<meta property=\"og:type\" content=\"article\" \/>\n<meta property=\"og:title\" content=\"Multi-rejsetaske med stor kapacitet - Mekulo DK\" \/>\n<meta property=\"og:description\" content=\"Denne multitaske med stor kapacitet er designet til at rumme alle dine daglige og rejsem\u00e6ssige forn\u00f8denheder p\u00e5 \u00e9t sted. Med et smart indvendigt layout, slidst\u00e6rkt Oxford-stof og et trendy koreansk design er den perfekt til afslappede rejser, skole, arbejde eller hverdagsudflugter.\" \/>\n<meta property=\"og:url\" content=\"https:\/\/mekulo.com\/dk\/produkt\/multi-rejsetaske-med-stor-kapacitet\/\" \/>\n<meta property=\"og:site_name\" content=\"Mekulo DK\" \/>\n<meta property=\"article:modified_time\" content=\"2026-01-10T14:39:25+00:00\" \/>\n<meta property=\"og:image\" content=\"https:\/\/mekulo.com\/dk\/wp-content\/uploads\/sites\/12\/2026\/01\/rxzbvio-1.jpg\" \/>\n\t<meta property=\"og:image:width\" content=\"800\" \/>\n\t<meta property=\"og:image:height\" content=\"800\" \/>\n\t<meta property=\"og:image:type\" content=\"image\/jpeg\" \/>\n<meta name=\"twitter:card\" content=\"summary_large_image\" \/>\n<meta name=\"twitter:label1\" content=\"Estimeret l\u00e6setid\" \/>\n\t<meta name=\"twitter:data1\" content=\"2 minutter\" \/>\n<script type=\"application\/ld+json\" class=\"yoast-schema-graph\">{\"@context\":\"https:\\\/\\\/schema.org\",\"@graph\":[{\"@type\":\"WebPage\",\"@id\":\"https:\\\/\\\/mekulo.com\\\/dk\\\/produkt\\\/multi-rejsetaske-med-stor-kapacitet\\\/\",\"url\":\"https:\\\/\\\/mekulo.com\\\/dk\\\/produkt\\\/multi-rejsetaske-med-stor-kapacitet\\\/\",\"name\":\"Multi-rejsetaske med stor kapacitet - Mekulo DK\",\"isPartOf\":{\"@id\":\"https:\\\/\\\/mekulo.com\\\/dk\\\/#website\"},\"primaryImageOfPage\":{\"@id\":\"https:\\\/\\\/mekulo.com\\\/dk\\\/produkt\\\/multi-rejsetaske-med-stor-kapacitet\\\/#primaryimage\"},\"image\":{\"@id\":\"https:\\\/\\\/mekulo.com\\\/dk\\\/produkt\\\/multi-rejsetaske-med-stor-kapacitet\\\/#primaryimage\"},\"thumbnailUrl\":\"https:\\\/\\\/mekulo.com\\\/dk\\\/wp-content\\\/uploads\\\/sites\\\/12\\\/2026\\\/01\\\/rxzbvio-1.jpg\",\"datePublished\":\"2026-01-09T14:01:35+00:00\",\"dateModified\":\"2026-01-10T14:39:25+00:00\",\"breadcrumb\":{\"@id\":\"https:\\\/\\\/mekulo.com\\\/dk\\\/produkt\\\/multi-rejsetaske-med-stor-kapacitet\\\/#breadcrumb\"},\"inLanguage\":\"da-DK\",\"potentialAction\":[{\"@type\":\"ReadAction\",\"target\":[\"https:\\\/\\\/mekulo.com\\\/dk\\\/produkt\\\/multi-rejsetaske-med-stor-kapacitet\\\/\"]}]},{\"@type\":\"ImageObject\",\"inLanguage\":\"da-DK\",\"@id\":\"https:\\\/\\\/mekulo.com\\\/dk\\\/produkt\\\/multi-rejsetaske-med-stor-kapacitet\\\/#primaryimage\",\"url\":\"https:\\\/\\\/mekulo.com\\\/dk\\\/wp-content\\\/uploads\\\/sites\\\/12\\\/2026\\\/01\\\/rxzbvio-1.jpg\",\"contentUrl\":\"https:\\\/\\\/mekulo.com\\\/dk\\\/wp-content\\\/uploads\\\/sites\\\/12\\\/2026\\\/01\\\/rxzbvio-1.jpg\",\"width\":800,\"height\":800},{\"@type\":\"BreadcrumbList\",\"@id\":\"https:\\\/\\\/mekulo.com\\\/dk\\\/produkt\\\/multi-rejsetaske-med-stor-kapacitet\\\/#breadcrumb\",\"itemListElement\":[{\"@type\":\"ListItem\",\"position\":1,\"name\":\"Home\",\"item\":\"https:\\\/\\\/mekulo.com\\\/dk\\\/\"},{\"@type\":\"ListItem\",\"position\":2,\"name\":\"Butik\",\"item\":\"https:\\\/\\\/mekulo.com\\\/dk\\\/butik\\\/\"},{\"@type\":\"ListItem\",\"position\":3,\"name\":\"Multi-rejsetaske med stor kapacitet\"}]},{\"@type\":\"WebSite\",\"@id\":\"https:\\\/\\\/mekulo.com\\\/dk\\\/#website\",\"url\":\"https:\\\/\\\/mekulo.com\\\/dk\\\/\",\"name\":\"Mekulo DK\",\"description\":\"\",\"publisher\":{\"@id\":\"https:\\\/\\\/mekulo.com\\\/dk\\\/#organization\"},\"potentialAction\":[{\"@type\":\"SearchAction\",\"target\":{\"@type\":\"EntryPoint\",\"urlTemplate\":\"https:\\\/\\\/mekulo.com\\\/dk\\\/?s={search_term_string}\"},\"query-input\":{\"@type\":\"PropertyValueSpecification\",\"valueRequired\":true,\"valueName\":\"search_term_string\"}}],\"inLanguage\":\"da-DK\"},{\"@type\":\"Organization\",\"@id\":\"https:\\\/\\\/mekulo.com\\\/dk\\\/#organization\",\"name\":\"Mekulo\",\"url\":\"https:\\\/\\\/mekulo.com\\\/dk\\\/\",\"logo\":{\"@type\":\"ImageObject\",\"inLanguage\":\"da-DK\",\"@id\":\"https:\\\/\\\/mekulo.com\\\/dk\\\/#\\\/schema\\\/logo\\\/image\\\/\",\"url\":\"https:\\\/\\\/mekulo.com\\\/dk\\\/wp-content\\\/uploads\\\/sites\\\/12\\\/2025\\\/12\\\/favicon_mekulo.png\",\"contentUrl\":\"https:\\\/\\\/mekulo.com\\\/dk\\\/wp-content\\\/uploads\\\/sites\\\/12\\\/2025\\\/12\\\/favicon_mekulo.png\",\"width\":50,\"height\":50,\"caption\":\"Mekulo\"},\"image\":{\"@id\":\"https:\\\/\\\/mekulo.com\\\/dk\\\/#\\\/schema\\\/logo\\\/image\\\/\"}}]}<\/script>\n<!-- \/ Yoast SEO plugin. -->","yoast_head_json":{"title":"Multi-rejsetaske med stor kapacitet - Mekulo DK","robots":{"index":"index","follow":"follow","max-snippet":"max-snippet:-1","max-image-preview":"max-image-preview:large","max-video-preview":"max-video-preview:-1"},"canonical":"https:\/\/mekulo.com\/dk\/produkt\/multi-rejsetaske-med-stor-kapacitet\/","og_locale":"da_DK","og_type":"article","og_title":"Multi-rejsetaske med stor kapacitet - Mekulo DK","og_description":"Denne multitaske med stor kapacitet er designet til at rumme alle dine daglige og rejsem\u00e6ssige forn\u00f8denheder p\u00e5 \u00e9t sted. Med et smart indvendigt layout, slidst\u00e6rkt Oxford-stof og et trendy koreansk design er den perfekt til afslappede rejser, skole, arbejde eller hverdagsudflugter.","og_url":"https:\/\/mekulo.com\/dk\/produkt\/multi-rejsetaske-med-stor-kapacitet\/","og_site_name":"Mekulo DK","article_modified_time":"2026-01-10T14:39:25+00:00","og_image":[{"width":800,"height":800,"url":"https:\/\/mekulo.com\/dk\/wp-content\/uploads\/sites\/12\/2026\/01\/rxzbvio-1.jpg","type":"image\/jpeg"}],"twitter_card":"summary_large_image","twitter_misc":{"Estimeret l\u00e6setid":"2 minutter"},"schema":{"@context":"https:\/\/schema.org","@graph":[{"@type":"WebPage","@id":"https:\/\/mekulo.com\/dk\/produkt\/multi-rejsetaske-med-stor-kapacitet\/","url":"https:\/\/mekulo.com\/dk\/produkt\/multi-rejsetaske-med-stor-kapacitet\/","name":"Multi-rejsetaske med stor kapacitet - Mekulo DK","isPartOf":{"@id":"https:\/\/mekulo.com\/dk\/#website"},"primaryImageOfPage":{"@id":"https:\/\/mekulo.com\/dk\/produkt\/multi-rejsetaske-med-stor-kapacitet\/#primaryimage"},"image":{"@id":"https:\/\/mekulo.com\/dk\/produkt\/multi-rejsetaske-med-stor-kapacitet\/#primaryimage"},"thumbnailUrl":"https:\/\/mekulo.com\/dk\/wp-content\/uploads\/sites\/12\/2026\/01\/rxzbvio-1.jpg","datePublished":"2026-01-09T14:01:35+00:00","dateModified":"2026-01-10T14:39:25+00:00","breadcrumb":{"@id":"https:\/\/mekulo.com\/dk\/produkt\/multi-rejsetaske-med-stor-kapacitet\/#breadcrumb"},"inLanguage":"da-DK","potentialAction":[{"@type":"ReadAction","target":["https:\/\/mekulo.com\/dk\/produkt\/multi-rejsetaske-med-stor-kapacitet\/"]}]},{"@type":"ImageObject","inLanguage":"da-DK","@id":"https:\/\/mekulo.com\/dk\/produkt\/multi-rejsetaske-med-stor-kapacitet\/#primaryimage","url":"https:\/\/mekulo.com\/dk\/wp-content\/uploads\/sites\/12\/2026\/01\/rxzbvio-1.jpg","contentUrl":"https:\/\/mekulo.com\/dk\/wp-content\/uploads\/sites\/12\/2026\/01\/rxzbvio-1.jpg","width":800,"height":800},{"@type":"BreadcrumbList","@id":"https:\/\/mekulo.com\/dk\/produkt\/multi-rejsetaske-med-stor-kapacitet\/#breadcrumb","itemListElement":[{"@type":"ListItem","position":1,"name":"Home","item":"https:\/\/mekulo.com\/dk\/"},{"@type":"ListItem","position":2,"name":"Butik","item":"https:\/\/mekulo.com\/dk\/butik\/"},{"@type":"ListItem","position":3,"name":"Multi-rejsetaske med stor kapacitet"}]},{"@type":"WebSite","@id":"https:\/\/mekulo.com\/dk\/#website","url":"https:\/\/mekulo.com\/dk\/","name":"Mekulo DK","description":"","publisher":{"@id":"https:\/\/mekulo.com\/dk\/#organization"},"potentialAction":[{"@type":"SearchAction","target":{"@type":"EntryPoint","urlTemplate":"https:\/\/mekulo.com\/dk\/?s={search_term_string}"},"query-input":{"@type":"PropertyValueSpecification","valueRequired":true,"valueName":"search_term_string"}}],"inLanguage":"da-DK"},{"@type":"Organization","@id":"https:\/\/mekulo.com\/dk\/#organization","name":"Mekulo","url":"https:\/\/mekulo.com\/dk\/","logo":{"@type":"ImageObject","inLanguage":"da-DK","@id":"https:\/\/mekulo.com\/dk\/#\/schema\/logo\/image\/","url":"https:\/\/mekulo.com\/dk\/wp-content\/uploads\/sites\/12\/2025\/12\/favicon_mekulo.png","contentUrl":"https:\/\/mekulo.com\/dk\/wp-content\/uploads\/sites\/12\/2025\/12\/favicon_mekulo.png","width":50,"height":50,"caption":"Mekulo"},"image":{"@id":"https:\/\/mekulo.com\/dk\/#\/schema\/logo\/image\/"}}]}},"_links":{"self":[{"href":"https:\/\/mekulo.com\/dk\/wp-json\/wp\/v2\/product\/16693","targetHints":{"allow":["GET"]}}],"collection":[{"href":"https:\/\/mekulo.com\/dk\/wp-json\/wp\/v2\/product"}],"about":[{"href":"https:\/\/mekulo.com\/dk\/wp-json\/wp\/v2\/types\/product"}],"replies":[{"embeddable":true,"href":"https:\/\/mekulo.com\/dk\/wp-json\/wp\/v2\/comments?post=16693"}],"wp:featuredmedia":[{"embeddable":true,"href":"https:\/\/mekulo.com\/dk\/wp-json\/wp\/v2\/media\/16689"}],"wp:attachment":[{"href":"https:\/\/mekulo.com\/dk\/wp-json\/wp\/v2\/media?parent=16693"}],"wp:term":[{"taxonomy":"product_brand","embeddable":true,"href":"https:\/\/mekulo.com\/dk\/wp-json\/wp\/v2\/product_brand?post=16693"},{"taxonomy":"product_cat","embeddable":true,"href":"https:\/\/mekulo.com\/dk\/wp-json\/wp\/v2\/product_cat?post=16693"},{"taxonomy":"product_tag","embeddable":true,"href":"https:\/\/mekulo.com\/dk\/wp-json\/wp\/v2\/product_tag?post=16693"}],"curies":[{"name":"wp","href":"https:\/\/api.w.org\/{rel}","templated":true}]}}