{"id":16510,"date":"2026-01-09T15:48:08","date_gmt":"2026-01-09T13:48:08","guid":{"rendered":"https:\/\/mekulo.com\/dk\/produkt\/silikonebagemaatte-til-frituregryder\/"},"modified":"2026-01-09T21:26:29","modified_gmt":"2026-01-09T19:26:29","slug":"silikonebagemaatte-til-frituregryder","status":"publish","type":"product","link":"https:\/\/mekulo.com\/dk\/produkt\/silikonebagemaatte-til-frituregryder\/","title":{"rendered":"Silikonebagem\u00e5tte til frituregryder"},"content":{"rendered":"<p style=\"text-align: center;\" data-start=\"35\" data-end=\"103\"><strong data-start=\"35\" data-end=\"103\">Hold din frituregryde ren, mens du tilbereder bedre og sundere m\u00e5ltider. \ud83e\udd69<\/strong><\/p>\n<p data-start=\"105\" data-end=\"332\"><img fetchpriority=\"high\" decoding=\"async\" class=\"size-full wp-image-47781 aligncenter\" src=\"https:\/\/keluvo.com\/template\/wp-content\/uploads\/sites\/5\/2025\/12\/122116-ezgif.com-video-to-webp-converter-2.webp\" alt=\"\" width=\"500\" height=\"667\" \/><\/p>\n<h2 style=\"text-align: center;\" data-start=\"339\" data-end=\"361\">Vigtigste fordele<\/h2>\n<p data-start=\"364\" data-end=\"430\">\u267b\ufe0f Genanvendelig og milj\u00f8venlig &#8211; Ikke mere engangspapir.<\/p>\n<p data-start=\"433\" data-end=\"493\">\ud83e\uddfc Let at reng\u00f8re &#8211; Non-stick og t\u00e5ler opvaskemaskine.<\/p>\n<p data-start=\"496\" data-end=\"546\">\ud83d\udd25 Varmebestandig &#8211; Sikker fra -40 \u00b0C til 240 \u00b0C.<\/p>\n<p data-start=\"549\" data-end=\"609\">\ud83c\udf2c\ufe0f Bedre luftcirkulation &#8211; Designet til j\u00e6vn tilberedning.<\/p>\n<p data-start=\"612\" data-end=\"682\">\ud83e\udd69 Saftigere mad &#8211; Olie dr\u00e6nes naturligt, mens fugten holdes inde.<\/p>\n<p data-start=\"685\" data-end=\"749\">\ud83d\udee1\ufe0f Silikone af f\u00f8devarekvalitet &#8211; giftfri og sikker til daglig brug.<\/p>\n<p data-start=\"685\" data-end=\"749\"><img decoding=\"async\" class=\"size-full wp-image-47779 aligncenter\" src=\"https:\/\/keluvo.com\/template\/wp-content\/uploads\/sites\/5\/2025\/12\/122117-ezgif.com-video-to-webp-converter-2.webp\" alt=\"\" width=\"500\" height=\"667\" \/><\/p>\n<h2 style=\"text-align: center;\" data-start=\"756\" data-end=\"775\">S\u00e5dan bruges<\/h2>\n<ol data-start=\"776\" data-end=\"994\">\n<li data-start=\"776\" data-end=\"832\">\n<p data-start=\"779\" data-end=\"832\">Placer silikonem\u00e5tten i friturekurven.<\/p>\n<\/li>\n<li data-start=\"833\" data-end=\"870\">\n<p data-start=\"836\" data-end=\"870\">L\u00e6g din mad oven p\u00e5 m\u00e5tten.<\/p>\n<\/li>\n<li data-start=\"871\" data-end=\"908\">\n<p data-start=\"874\" data-end=\"908\">Tilbered som normalt i din friture.<\/p>\n<\/li>\n<li data-start=\"909\" data-end=\"943\">\n<p data-start=\"912\" data-end=\"943\">Fjern m\u00e5tten efter tilberedning.<\/p>\n<\/li>\n<li data-start=\"944\" data-end=\"994\">\n<p data-start=\"947\" data-end=\"994\">Skyl eller s\u00e6t den i opvaskemaskinen for at reng\u00f8re den.<\/p>\n<\/li>\n<\/ol>\n<h2 style=\"text-align: center;\" data-start=\"1001\" data-end=\"1025\">Produktdetaljer<\/h2>\n<ul data-start=\"1026\" data-end=\"1281\">\n<li data-start=\"1026\" data-end=\"1059\">\n<p data-start=\"1028\" data-end=\"1059\">Materiale: Silikone af f\u00f8devarekvalitet<\/p>\n<\/li>\n<li data-start=\"1109\" data-end=\"1135\">\n<p data-start=\"1111\" data-end=\"1135\">Bunddiameter: 18 cm<\/p>\n<\/li>\n<li data-start=\"1136\" data-end=\"1159\">\n<p data-start=\"1138\" data-end=\"1159\">Topdiameter: 20 cm<\/p>\n<\/li>\n<li data-start=\"1160\" data-end=\"1178\">\n<p data-start=\"1162\" data-end=\"1178\">H\u00f8jde: 4,5 cm<\/p>\n<\/li>\n<li data-start=\"1179\" data-end=\"1216\">\n<p data-start=\"1181\" data-end=\"1216\">Temperaturomr\u00e5de: -40\u00b0C til 240\u00b0C<\/p>\n<\/li>\n<li data-start=\"1217\" data-end=\"1256\">\n<p data-start=\"1219\" data-end=\"1256\">Kompatibilitet: Passer til de fleste frituregryder<\/p>\n<\/li>\n<li data-start=\"1257\" data-end=\"1281\">\n<p data-start=\"1259\" data-end=\"1281\">T\u00e5ler opvaskemaskine: Ja<\/p>\n<\/li>\n<\/ul>\n<h2 style=\"text-align: center;\" data-start=\"1288\" data-end=\"1313\">Pakken indeholder<\/h2>\n<ul data-start=\"1314\" data-end=\"1351\">\n<li data-start=\"1314\" data-end=\"1351\">\n<p data-start=\"1316\" data-end=\"1351\">1, 2, 3x silikonebagem\u00e5tte(r) til frituregryder.<\/p>\n<\/li>\n<\/ul>\n","protected":false},"excerpt":{"rendered":"<p>Denne genanvendelige silikonebagem\u00e5tte til frituregryder sidder inde i frituregrydens kurv og opsamler olie og madrester, samtidig med at den varme luft kan cirkulere ordentligt. Den erstatter engangsforinger af papir, sparer penge og g\u00f8r reng\u00f8ringen hurtig og nem. En enkel k\u00f8kkenopgradering, der sparer tid, penge og kr\u00e6fter &#8211; hver gang du laver mad.<\/p>\n","protected":false},"featured_media":16506,"comment_status":"open","ping_status":"closed","template":"","meta":{"site-sidebar-layout":"default","site-content-layout":"","ast-site-content-layout":"default","site-content-style":"default","site-sidebar-style":"default","ast-global-header-display":"","ast-banner-title-visibility":"","ast-main-header-display":"","ast-hfb-above-header-display":"","ast-hfb-below-header-display":"","ast-hfb-mobile-header-display":"","site-post-title":"","ast-breadcrumbs-content":"","ast-featured-img":"","footer-sml-layout":"","ast-disable-related-posts":"","theme-transparent-header-meta":"default","adv-header-id-meta":"","stick-header-meta":"","header-above-stick-meta":"","header-main-stick-meta":"","header-below-stick-meta":"","astra-migrate-meta-layouts":"set","ast-page-background-enabled":"default","ast-page-background-meta":{"desktop":{"background-color":"var(--ast-global-color-5)","background-image":"","background-repeat":"repeat","background-position":"center center","background-size":"auto","background-attachment":"scroll","background-type":"","background-media":"","overlay-type":"","overlay-color":"","overlay-opacity":"","overlay-gradient":""},"tablet":{"background-color":"","background-image":"","background-repeat":"repeat","background-position":"center center","background-size":"auto","background-attachment":"scroll","background-type":"","background-media":"","overlay-type":"","overlay-color":"","overlay-opacity":"","overlay-gradient":""},"mobile":{"background-color":"","background-image":"","background-repeat":"repeat","background-position":"center center","background-size":"auto","background-attachment":"scroll","background-type":"","background-media":"","overlay-type":"","overlay-color":"","overlay-opacity":"","overlay-gradient":""}},"ast-content-background-meta":{"desktop":{"background-color":"var(--ast-global-color-4)","background-image":"","background-repeat":"repeat","background-position":"center center","background-size":"auto","background-attachment":"scroll","background-type":"","background-media":"","overlay-type":"","overlay-color":"","overlay-opacity":"","overlay-gradient":""},"tablet":{"background-color":"var(--ast-global-color-4)","background-image":"","background-repeat":"repeat","background-position":"center center","background-size":"auto","background-attachment":"scroll","background-type":"","background-media":"","overlay-type":"","overlay-color":"","overlay-opacity":"","overlay-gradient":""},"mobile":{"background-color":"var(--ast-global-color-4)","background-image":"","background-repeat":"repeat","background-position":"center center","background-size":"auto","background-attachment":"scroll","background-type":"","background-media":"","overlay-type":"","overlay-color":"","overlay-opacity":"","overlay-gradient":""}}},"product_brand":[],"product_cat":[168],"product_tag":[],"class_list":{"0":"post-16510","1":"product","2":"type-product","3":"status-publish","4":"has-post-thumbnail","6":"product_cat-husholdningsartikler","7":"pa_65534_sm3mhzbb-blaa","8":"pa_65534_sm3mhzbb-brun","9":"pa_65534_sm3mhzbb-graa","10":"pa_65534_sm3mhzbb-lyseroed","11":"pa_65534_sm3mhzbb-roed","12":"pa_65534_wj4mczrj-1-stk","13":"pa_65534_wj4mczrj-2-stk","14":"pa_65534_wj4mczrj-3-stk","15":"desktop-align-left","16":"tablet-align-left","17":"mobile-align-left","19":"first","20":"instock","21":"shipping-taxable","22":"purchasable","23":"product-type-variable","24":"has-default-attributes"},"yoast_head":"<!-- This site is optimized with the Yoast SEO plugin v27.4 - https:\/\/yoast.com\/product\/yoast-seo-wordpress\/ -->\n<title>Silikonebagem\u00e5tte til frituregryder - Mekulo DK<\/title>\n<meta name=\"robots\" content=\"index, follow, max-snippet:-1, max-image-preview:large, max-video-preview:-1\" \/>\n<link rel=\"canonical\" href=\"https:\/\/mekulo.com\/dk\/produkt\/silikonebagemaatte-til-frituregryder\/\" \/>\n<meta property=\"og:locale\" content=\"da_DK\" \/>\n<meta property=\"og:type\" content=\"article\" \/>\n<meta property=\"og:title\" content=\"Silikonebagem\u00e5tte til frituregryder - Mekulo DK\" \/>\n<meta property=\"og:description\" content=\"Denne genanvendelige silikonebagem\u00e5tte til frituregryder sidder inde i frituregrydens kurv og opsamler olie og madrester, samtidig med at den varme luft kan cirkulere ordentligt. Den erstatter engangsforinger af papir, sparer penge og g\u00f8r reng\u00f8ringen hurtig og nem. En enkel k\u00f8kkenopgradering, der sparer tid, penge og kr\u00e6fter - hver gang du laver mad.\" \/>\n<meta property=\"og:url\" content=\"https:\/\/mekulo.com\/dk\/produkt\/silikonebagemaatte-til-frituregryder\/\" \/>\n<meta property=\"og:site_name\" content=\"Mekulo DK\" \/>\n<meta property=\"article:modified_time\" content=\"2026-01-09T19:26:29+00:00\" \/>\n<meta property=\"og:image\" content=\"https:\/\/mekulo.com\/dk\/wp-content\/uploads\/sites\/12\/2026\/01\/zziixop-1.jpg\" \/>\n\t<meta property=\"og:image:width\" content=\"800\" \/>\n\t<meta property=\"og:image:height\" content=\"800\" \/>\n\t<meta property=\"og:image:type\" content=\"image\/jpeg\" \/>\n<meta name=\"twitter:card\" content=\"summary_large_image\" \/>\n<meta name=\"twitter:label1\" content=\"Estimeret l\u00e6setid\" \/>\n\t<meta name=\"twitter:data1\" content=\"2 minutter\" \/>\n<script type=\"application\/ld+json\" class=\"yoast-schema-graph\">{\"@context\":\"https:\\\/\\\/schema.org\",\"@graph\":[{\"@type\":\"WebPage\",\"@id\":\"https:\\\/\\\/mekulo.com\\\/dk\\\/produkt\\\/silikonebagemaatte-til-frituregryder\\\/\",\"url\":\"https:\\\/\\\/mekulo.com\\\/dk\\\/produkt\\\/silikonebagemaatte-til-frituregryder\\\/\",\"name\":\"Silikonebagem\u00e5tte til frituregryder - Mekulo DK\",\"isPartOf\":{\"@id\":\"https:\\\/\\\/mekulo.com\\\/dk\\\/#website\"},\"primaryImageOfPage\":{\"@id\":\"https:\\\/\\\/mekulo.com\\\/dk\\\/produkt\\\/silikonebagemaatte-til-frituregryder\\\/#primaryimage\"},\"image\":{\"@id\":\"https:\\\/\\\/mekulo.com\\\/dk\\\/produkt\\\/silikonebagemaatte-til-frituregryder\\\/#primaryimage\"},\"thumbnailUrl\":\"https:\\\/\\\/mekulo.com\\\/dk\\\/wp-content\\\/uploads\\\/sites\\\/12\\\/2026\\\/01\\\/zziixop-1.jpg\",\"datePublished\":\"2026-01-09T13:48:08+00:00\",\"dateModified\":\"2026-01-09T19:26:29+00:00\",\"breadcrumb\":{\"@id\":\"https:\\\/\\\/mekulo.com\\\/dk\\\/produkt\\\/silikonebagemaatte-til-frituregryder\\\/#breadcrumb\"},\"inLanguage\":\"da-DK\",\"potentialAction\":[{\"@type\":\"ReadAction\",\"target\":[\"https:\\\/\\\/mekulo.com\\\/dk\\\/produkt\\\/silikonebagemaatte-til-frituregryder\\\/\"]}]},{\"@type\":\"ImageObject\",\"inLanguage\":\"da-DK\",\"@id\":\"https:\\\/\\\/mekulo.com\\\/dk\\\/produkt\\\/silikonebagemaatte-til-frituregryder\\\/#primaryimage\",\"url\":\"https:\\\/\\\/mekulo.com\\\/dk\\\/wp-content\\\/uploads\\\/sites\\\/12\\\/2026\\\/01\\\/zziixop-1.jpg\",\"contentUrl\":\"https:\\\/\\\/mekulo.com\\\/dk\\\/wp-content\\\/uploads\\\/sites\\\/12\\\/2026\\\/01\\\/zziixop-1.jpg\",\"width\":800,\"height\":800},{\"@type\":\"BreadcrumbList\",\"@id\":\"https:\\\/\\\/mekulo.com\\\/dk\\\/produkt\\\/silikonebagemaatte-til-frituregryder\\\/#breadcrumb\",\"itemListElement\":[{\"@type\":\"ListItem\",\"position\":1,\"name\":\"Home\",\"item\":\"https:\\\/\\\/mekulo.com\\\/dk\\\/\"},{\"@type\":\"ListItem\",\"position\":2,\"name\":\"Butik\",\"item\":\"https:\\\/\\\/mekulo.com\\\/dk\\\/butik\\\/\"},{\"@type\":\"ListItem\",\"position\":3,\"name\":\"Silikonebagem\u00e5tte til frituregryder\"}]},{\"@type\":\"WebSite\",\"@id\":\"https:\\\/\\\/mekulo.com\\\/dk\\\/#website\",\"url\":\"https:\\\/\\\/mekulo.com\\\/dk\\\/\",\"name\":\"Mekulo DK\",\"description\":\"\",\"publisher\":{\"@id\":\"https:\\\/\\\/mekulo.com\\\/dk\\\/#organization\"},\"potentialAction\":[{\"@type\":\"SearchAction\",\"target\":{\"@type\":\"EntryPoint\",\"urlTemplate\":\"https:\\\/\\\/mekulo.com\\\/dk\\\/?s={search_term_string}\"},\"query-input\":{\"@type\":\"PropertyValueSpecification\",\"valueRequired\":true,\"valueName\":\"search_term_string\"}}],\"inLanguage\":\"da-DK\"},{\"@type\":\"Organization\",\"@id\":\"https:\\\/\\\/mekulo.com\\\/dk\\\/#organization\",\"name\":\"Mekulo\",\"url\":\"https:\\\/\\\/mekulo.com\\\/dk\\\/\",\"logo\":{\"@type\":\"ImageObject\",\"inLanguage\":\"da-DK\",\"@id\":\"https:\\\/\\\/mekulo.com\\\/dk\\\/#\\\/schema\\\/logo\\\/image\\\/\",\"url\":\"https:\\\/\\\/mekulo.com\\\/dk\\\/wp-content\\\/uploads\\\/sites\\\/12\\\/2025\\\/12\\\/favicon_mekulo.png\",\"contentUrl\":\"https:\\\/\\\/mekulo.com\\\/dk\\\/wp-content\\\/uploads\\\/sites\\\/12\\\/2025\\\/12\\\/favicon_mekulo.png\",\"width\":50,\"height\":50,\"caption\":\"Mekulo\"},\"image\":{\"@id\":\"https:\\\/\\\/mekulo.com\\\/dk\\\/#\\\/schema\\\/logo\\\/image\\\/\"}}]}<\/script>\n<!-- \/ Yoast SEO plugin. -->","yoast_head_json":{"title":"Silikonebagem\u00e5tte til frituregryder - Mekulo DK","robots":{"index":"index","follow":"follow","max-snippet":"max-snippet:-1","max-image-preview":"max-image-preview:large","max-video-preview":"max-video-preview:-1"},"canonical":"https:\/\/mekulo.com\/dk\/produkt\/silikonebagemaatte-til-frituregryder\/","og_locale":"da_DK","og_type":"article","og_title":"Silikonebagem\u00e5tte til frituregryder - Mekulo DK","og_description":"Denne genanvendelige silikonebagem\u00e5tte til frituregryder sidder inde i frituregrydens kurv og opsamler olie og madrester, samtidig med at den varme luft kan cirkulere ordentligt. Den erstatter engangsforinger af papir, sparer penge og g\u00f8r reng\u00f8ringen hurtig og nem. En enkel k\u00f8kkenopgradering, der sparer tid, penge og kr\u00e6fter - hver gang du laver mad.","og_url":"https:\/\/mekulo.com\/dk\/produkt\/silikonebagemaatte-til-frituregryder\/","og_site_name":"Mekulo DK","article_modified_time":"2026-01-09T19:26:29+00:00","og_image":[{"width":800,"height":800,"url":"https:\/\/mekulo.com\/dk\/wp-content\/uploads\/sites\/12\/2026\/01\/zziixop-1.jpg","type":"image\/jpeg"}],"twitter_card":"summary_large_image","twitter_misc":{"Estimeret l\u00e6setid":"2 minutter"},"schema":{"@context":"https:\/\/schema.org","@graph":[{"@type":"WebPage","@id":"https:\/\/mekulo.com\/dk\/produkt\/silikonebagemaatte-til-frituregryder\/","url":"https:\/\/mekulo.com\/dk\/produkt\/silikonebagemaatte-til-frituregryder\/","name":"Silikonebagem\u00e5tte til frituregryder - Mekulo DK","isPartOf":{"@id":"https:\/\/mekulo.com\/dk\/#website"},"primaryImageOfPage":{"@id":"https:\/\/mekulo.com\/dk\/produkt\/silikonebagemaatte-til-frituregryder\/#primaryimage"},"image":{"@id":"https:\/\/mekulo.com\/dk\/produkt\/silikonebagemaatte-til-frituregryder\/#primaryimage"},"thumbnailUrl":"https:\/\/mekulo.com\/dk\/wp-content\/uploads\/sites\/12\/2026\/01\/zziixop-1.jpg","datePublished":"2026-01-09T13:48:08+00:00","dateModified":"2026-01-09T19:26:29+00:00","breadcrumb":{"@id":"https:\/\/mekulo.com\/dk\/produkt\/silikonebagemaatte-til-frituregryder\/#breadcrumb"},"inLanguage":"da-DK","potentialAction":[{"@type":"ReadAction","target":["https:\/\/mekulo.com\/dk\/produkt\/silikonebagemaatte-til-frituregryder\/"]}]},{"@type":"ImageObject","inLanguage":"da-DK","@id":"https:\/\/mekulo.com\/dk\/produkt\/silikonebagemaatte-til-frituregryder\/#primaryimage","url":"https:\/\/mekulo.com\/dk\/wp-content\/uploads\/sites\/12\/2026\/01\/zziixop-1.jpg","contentUrl":"https:\/\/mekulo.com\/dk\/wp-content\/uploads\/sites\/12\/2026\/01\/zziixop-1.jpg","width":800,"height":800},{"@type":"BreadcrumbList","@id":"https:\/\/mekulo.com\/dk\/produkt\/silikonebagemaatte-til-frituregryder\/#breadcrumb","itemListElement":[{"@type":"ListItem","position":1,"name":"Home","item":"https:\/\/mekulo.com\/dk\/"},{"@type":"ListItem","position":2,"name":"Butik","item":"https:\/\/mekulo.com\/dk\/butik\/"},{"@type":"ListItem","position":3,"name":"Silikonebagem\u00e5tte til frituregryder"}]},{"@type":"WebSite","@id":"https:\/\/mekulo.com\/dk\/#website","url":"https:\/\/mekulo.com\/dk\/","name":"Mekulo DK","description":"","publisher":{"@id":"https:\/\/mekulo.com\/dk\/#organization"},"potentialAction":[{"@type":"SearchAction","target":{"@type":"EntryPoint","urlTemplate":"https:\/\/mekulo.com\/dk\/?s={search_term_string}"},"query-input":{"@type":"PropertyValueSpecification","valueRequired":true,"valueName":"search_term_string"}}],"inLanguage":"da-DK"},{"@type":"Organization","@id":"https:\/\/mekulo.com\/dk\/#organization","name":"Mekulo","url":"https:\/\/mekulo.com\/dk\/","logo":{"@type":"ImageObject","inLanguage":"da-DK","@id":"https:\/\/mekulo.com\/dk\/#\/schema\/logo\/image\/","url":"https:\/\/mekulo.com\/dk\/wp-content\/uploads\/sites\/12\/2025\/12\/favicon_mekulo.png","contentUrl":"https:\/\/mekulo.com\/dk\/wp-content\/uploads\/sites\/12\/2025\/12\/favicon_mekulo.png","width":50,"height":50,"caption":"Mekulo"},"image":{"@id":"https:\/\/mekulo.com\/dk\/#\/schema\/logo\/image\/"}}]}},"_links":{"self":[{"href":"https:\/\/mekulo.com\/dk\/wp-json\/wp\/v2\/product\/16510","targetHints":{"allow":["GET"]}}],"collection":[{"href":"https:\/\/mekulo.com\/dk\/wp-json\/wp\/v2\/product"}],"about":[{"href":"https:\/\/mekulo.com\/dk\/wp-json\/wp\/v2\/types\/product"}],"replies":[{"embeddable":true,"href":"https:\/\/mekulo.com\/dk\/wp-json\/wp\/v2\/comments?post=16510"}],"wp:featuredmedia":[{"embeddable":true,"href":"https:\/\/mekulo.com\/dk\/wp-json\/wp\/v2\/media\/16506"}],"wp:attachment":[{"href":"https:\/\/mekulo.com\/dk\/wp-json\/wp\/v2\/media?parent=16510"}],"wp:term":[{"taxonomy":"product_brand","embeddable":true,"href":"https:\/\/mekulo.com\/dk\/wp-json\/wp\/v2\/product_brand?post=16510"},{"taxonomy":"product_cat","embeddable":true,"href":"https:\/\/mekulo.com\/dk\/wp-json\/wp\/v2\/product_cat?post=16510"},{"taxonomy":"product_tag","embeddable":true,"href":"https:\/\/mekulo.com\/dk\/wp-json\/wp\/v2\/product_tag?post=16510"}],"curies":[{"name":"wp","href":"https:\/\/api.w.org\/{rel}","templated":true}]}}