{"id":16478,"date":"2026-01-09T15:44:57","date_gmt":"2026-01-09T13:44:57","guid":{"rendered":"https:\/\/mekulo.com\/dk\/produkt\/saet-med-magiske-tricks\/"},"modified":"2026-01-22T18:20:21","modified_gmt":"2026-01-22T16:20:21","slug":"saet-med-magiske-tricks","status":"publish","type":"product","link":"https:\/\/mekulo.com\/dk\/produkt\/saet-med-magiske-tricks\/","title":{"rendered":"S\u00e6t med tryllekunst"},"content":{"rendered":"<p style=\"text-align: center;\" data-start=\"22\" data-end=\"85\"><strong data-start=\"22\" data-end=\"85\">L\u00e6r fantastiske trylletricks, og imponer alle p\u00e5 f\u00e5 minutter. \ud83e\uddd9\ud83e\ude84<\/strong><\/p>\n<p data-start=\"87\" data-end=\"295\"><img fetchpriority=\"high\" decoding=\"async\" class=\"size-full wp-image-47822 aligncenter\" src=\"https:\/\/keluvo.com\/template\/wp-content\/uploads\/sites\/5\/2025\/12\/122118-ezgif.com-video-to-webp-converter-2.webp\" alt=\"\" width=\"500\" height=\"500\" \/><\/p>\n<h2 style=\"text-align: center;\" data-start=\"302\" data-end=\"323\">Vigtigste fordele<\/h2>\n<p data-start=\"326\" data-end=\"396\">\ud83c\udfa9 Alt-i-et trylles\u00e6t &#8211; Indeholder klassiske tryllerekvisitter og v\u00e6rkt\u00f8jer.<\/p>\n<p data-start=\"399\" data-end=\"470\">\ud83c\udfac Nemme videoinstruktioner &#8211; L\u00e6r tricks trin for trin p\u00e5 f\u00e5 minutter.<\/p>\n<p data-start=\"473\" data-end=\"543\">\ud83e\udde0 \u00d8ger kreativiteten &#8211; Forbedrer t\u00e6nkning, fokus og fantasi.<\/p>\n<p data-start=\"546\" data-end=\"617\">\ud83e\udd39 Opbygger selvtillid &#8211; Opmuntrer til optr\u00e6den og selvudfoldelse.<\/p>\n<p data-start=\"620\" data-end=\"674\">\ud83c\udf92 B\u00e6rbar kuffert &#8211; Tag dit trylleshow med overalt.<\/p>\n<p data-start=\"677\" data-end=\"747\">\ud83c\udf81 Perfekt gaveid\u00e9 &#8211; Perfekt til f\u00f8dselsdage og s\u00e6rlige lejligheder.<\/p>\n<p data-start=\"677\" data-end=\"747\"><img decoding=\"async\" class=\"size-full wp-image-47821 aligncenter\" src=\"https:\/\/keluvo.com\/template\/wp-content\/uploads\/sites\/5\/2025\/12\/122119-ezgif.com-video-to-webp-converter-2.webp\" alt=\"\" width=\"500\" height=\"500\" \/><\/p>\n<h2 style=\"text-align: center;\" data-start=\"754\" data-end=\"773\"><strong>S\u00e5dan Bruges<\/strong><\/h2>\n<ol data-start=\"774\" data-end=\"1015\">\n<li data-start=\"774\" data-end=\"818\">\n<p data-start=\"777\" data-end=\"818\">\u00c5bn kufferten, og v\u00e6lg et trylletrick.<\/p>\n<\/li>\n<li data-start=\"819\" data-end=\"882\">\n<p data-start=\"822\" data-end=\"882\">F\u00f8lg de medf\u00f8lgende instruktioner eller online videovejledning.<\/p>\n<\/li>\n<li data-start=\"883\" data-end=\"920\">\n<p data-start=\"886\" data-end=\"920\">\u00d8v bev\u00e6gelserne trin for trin.<\/p>\n<\/li>\n<li data-start=\"921\" data-end=\"966\">\n<p data-start=\"924\" data-end=\"966\">Udf\u00f8r tricket for venner eller familie.<\/p>\n<\/li>\n<li data-start=\"967\" data-end=\"1015\">\n<p data-start=\"970\" data-end=\"1015\">Opbevar alle genstande tilbage i kufferten efter brug.<\/p>\n<\/li>\n<\/ol>\n<h2 style=\"text-align: center;\" data-start=\"1022\" data-end=\"1046\"><strong>Produktdetaljer<\/strong><\/h2>\n<ul data-start=\"1047\" data-end=\"1393\">\n<li data-start=\"1082\" data-end=\"1167\">\n<p data-start=\"1084\" data-end=\"1167\">Indeholder klassiske tryllerekvisitter (kopper, bolde, falsk tommelfinger, tryllestav, m\u00f8nttaske m.m.)<\/p>\n<\/li>\n<li data-start=\"1168\" data-end=\"1229\">\n<p data-start=\"1170\" data-end=\"1229\">Instruktioner: Trin-for-trin-vejledning+ online videovejledninger<\/p>\n<\/li>\n<li data-start=\"1230\" data-end=\"1264\">\n<p data-start=\"1232\" data-end=\"1264\">Kompetenceniveau: Begyndervenligt<\/p>\n<\/li>\n<li data-start=\"1265\" data-end=\"1316\">\n<p data-start=\"1267\" data-end=\"1316\">Anvendelse: Leg i hjemmet, fester, sceneshows, undervisning<\/p>\n<\/li>\n<li data-start=\"1317\" data-end=\"1360\">\n<p data-start=\"1319\" data-end=\"1360\">Materiale: Holdbare, b\u00f8rnesikre materialer<\/p>\n<\/li>\n<li data-start=\"1361\" data-end=\"1393\">\n<p data-start=\"1363\" data-end=\"1393\">Velegnet til: Drenge og piger<\/p>\n<\/li>\n<\/ul>\n<h2 style=\"text-align: center;\" data-start=\"1400\" data-end=\"1425\"><strong>Pakken indeholder<\/strong><\/h2>\n<ul data-start=\"1426\" data-end=\"1519\">\n<li data-start=\"1426\" data-end=\"1467\">\n<p data-start=\"1428\" data-end=\"1467\">1x trylletricks\u00e6t med tilbeh\u00f8r (13, 20, 30 tricks)<\/p>\n<\/li>\n<li data-start=\"1468\" data-end=\"1489\">\n<p data-start=\"1470\" data-end=\"1489\">1x b\u00e6retaske.<\/p>\n<\/li>\n<\/ul>\n","protected":false},"excerpt":{"rendered":"<p>Dette tryllekunstners\u00e6t indeholder klassiske rekvisitter og nemme instruktioner, der hj\u00e6lper begyndere med at udf\u00f8re \u00e6gte magi hurtigt. Perfekt til b\u00f8rn, der elsker at underholde, l\u00e6re nye f\u00e6rdigheder og opbygge selvtillid gennem sjov leg. En sjov og l\u00e6rerig m\u00e5de at introducere b\u00f8rn til magiens verden p\u00e5.<\/p>\n","protected":false},"featured_media":16474,"comment_status":"open","ping_status":"closed","template":"","meta":{"site-sidebar-layout":"default","site-content-layout":"","ast-site-content-layout":"default","site-content-style":"default","site-sidebar-style":"default","ast-global-header-display":"","ast-banner-title-visibility":"","ast-main-header-display":"","ast-hfb-above-header-display":"","ast-hfb-below-header-display":"","ast-hfb-mobile-header-display":"","site-post-title":"","ast-breadcrumbs-content":"","ast-featured-img":"","footer-sml-layout":"","ast-disable-related-posts":"","theme-transparent-header-meta":"default","adv-header-id-meta":"","stick-header-meta":"","header-above-stick-meta":"","header-main-stick-meta":"","header-below-stick-meta":"","astra-migrate-meta-layouts":"set","ast-page-background-enabled":"default","ast-page-background-meta":{"desktop":{"background-color":"var(--ast-global-color-5)","background-image":"","background-repeat":"repeat","background-position":"center center","background-size":"auto","background-attachment":"scroll","background-type":"","background-media":"","overlay-type":"","overlay-color":"","overlay-opacity":"","overlay-gradient":""},"tablet":{"background-color":"","background-image":"","background-repeat":"repeat","background-position":"center center","background-size":"auto","background-attachment":"scroll","background-type":"","background-media":"","overlay-type":"","overlay-color":"","overlay-opacity":"","overlay-gradient":""},"mobile":{"background-color":"","background-image":"","background-repeat":"repeat","background-position":"center center","background-size":"auto","background-attachment":"scroll","background-type":"","background-media":"","overlay-type":"","overlay-color":"","overlay-opacity":"","overlay-gradient":""}},"ast-content-background-meta":{"desktop":{"background-color":"var(--ast-global-color-4)","background-image":"","background-repeat":"repeat","background-position":"center center","background-size":"auto","background-attachment":"scroll","background-type":"","background-media":"","overlay-type":"","overlay-color":"","overlay-opacity":"","overlay-gradient":""},"tablet":{"background-color":"var(--ast-global-color-4)","background-image":"","background-repeat":"repeat","background-position":"center center","background-size":"auto","background-attachment":"scroll","background-type":"","background-media":"","overlay-type":"","overlay-color":"","overlay-opacity":"","overlay-gradient":""},"mobile":{"background-color":"var(--ast-global-color-4)","background-image":"","background-repeat":"repeat","background-position":"center center","background-size":"auto","background-attachment":"scroll","background-type":"","background-media":"","overlay-type":"","overlay-color":"","overlay-opacity":"","overlay-gradient":""}}},"product_brand":[],"product_cat":[172],"product_tag":[],"class_list":{"0":"post-16478","1":"product","2":"type-product","3":"status-publish","4":"has-post-thumbnail","6":"product_cat-legetoej-boerne-og-babyprodukter","7":"pa_65505_2qp48etu-13-tricks","8":"pa_65505_2qp48etu-20-tricks","9":"pa_65505_2qp48etu-30-tricks","10":"desktop-align-left","11":"tablet-align-left","12":"mobile-align-left","14":"first","15":"instock","16":"shipping-taxable","17":"purchasable","18":"product-type-variable"},"yoast_head":"<!-- This site is optimized with the Yoast SEO plugin v27.4 - https:\/\/yoast.com\/product\/yoast-seo-wordpress\/ -->\n<title>S\u00e6t med tryllekunst - Mekulo DK<\/title>\n<meta name=\"robots\" content=\"index, follow, max-snippet:-1, max-image-preview:large, max-video-preview:-1\" \/>\n<link rel=\"canonical\" href=\"https:\/\/mekulo.com\/dk\/produkt\/saet-med-magiske-tricks\/\" \/>\n<meta property=\"og:locale\" content=\"da_DK\" \/>\n<meta property=\"og:type\" content=\"article\" \/>\n<meta property=\"og:title\" content=\"S\u00e6t med tryllekunst - Mekulo DK\" \/>\n<meta property=\"og:description\" content=\"Dette tryllekunstners\u00e6t indeholder klassiske rekvisitter og nemme instruktioner, der hj\u00e6lper begyndere med at udf\u00f8re \u00e6gte magi hurtigt. Perfekt til b\u00f8rn, der elsker at underholde, l\u00e6re nye f\u00e6rdigheder og opbygge selvtillid gennem sjov leg. En sjov og l\u00e6rerig m\u00e5de at introducere b\u00f8rn til magiens verden p\u00e5.\" \/>\n<meta property=\"og:url\" content=\"https:\/\/mekulo.com\/dk\/produkt\/saet-med-magiske-tricks\/\" \/>\n<meta property=\"og:site_name\" content=\"Mekulo DK\" \/>\n<meta property=\"article:modified_time\" content=\"2026-01-22T16:20:21+00:00\" \/>\n<meta property=\"og:image\" content=\"https:\/\/mekulo.com\/dk\/wp-content\/uploads\/sites\/12\/2026\/01\/fu1zkuq-1.webp\" \/>\n\t<meta property=\"og:image:width\" content=\"713\" \/>\n\t<meta property=\"og:image:height\" content=\"713\" \/>\n\t<meta property=\"og:image:type\" content=\"image\/webp\" \/>\n<meta name=\"twitter:card\" content=\"summary_large_image\" \/>\n<meta name=\"twitter:label1\" content=\"Estimeret l\u00e6setid\" \/>\n\t<meta name=\"twitter:data1\" content=\"2 minutter\" \/>\n<script type=\"application\/ld+json\" class=\"yoast-schema-graph\">{\"@context\":\"https:\\\/\\\/schema.org\",\"@graph\":[{\"@type\":\"WebPage\",\"@id\":\"https:\\\/\\\/mekulo.com\\\/dk\\\/produkt\\\/saet-med-magiske-tricks\\\/\",\"url\":\"https:\\\/\\\/mekulo.com\\\/dk\\\/produkt\\\/saet-med-magiske-tricks\\\/\",\"name\":\"S\u00e6t med tryllekunst - Mekulo DK\",\"isPartOf\":{\"@id\":\"https:\\\/\\\/mekulo.com\\\/dk\\\/#website\"},\"primaryImageOfPage\":{\"@id\":\"https:\\\/\\\/mekulo.com\\\/dk\\\/produkt\\\/saet-med-magiske-tricks\\\/#primaryimage\"},\"image\":{\"@id\":\"https:\\\/\\\/mekulo.com\\\/dk\\\/produkt\\\/saet-med-magiske-tricks\\\/#primaryimage\"},\"thumbnailUrl\":\"https:\\\/\\\/mekulo.com\\\/dk\\\/wp-content\\\/uploads\\\/sites\\\/12\\\/2026\\\/01\\\/fu1zkuq-1.webp\",\"datePublished\":\"2026-01-09T13:44:57+00:00\",\"dateModified\":\"2026-01-22T16:20:21+00:00\",\"breadcrumb\":{\"@id\":\"https:\\\/\\\/mekulo.com\\\/dk\\\/produkt\\\/saet-med-magiske-tricks\\\/#breadcrumb\"},\"inLanguage\":\"da-DK\",\"potentialAction\":[{\"@type\":\"ReadAction\",\"target\":[\"https:\\\/\\\/mekulo.com\\\/dk\\\/produkt\\\/saet-med-magiske-tricks\\\/\"]}]},{\"@type\":\"ImageObject\",\"inLanguage\":\"da-DK\",\"@id\":\"https:\\\/\\\/mekulo.com\\\/dk\\\/produkt\\\/saet-med-magiske-tricks\\\/#primaryimage\",\"url\":\"https:\\\/\\\/mekulo.com\\\/dk\\\/wp-content\\\/uploads\\\/sites\\\/12\\\/2026\\\/01\\\/fu1zkuq-1.webp\",\"contentUrl\":\"https:\\\/\\\/mekulo.com\\\/dk\\\/wp-content\\\/uploads\\\/sites\\\/12\\\/2026\\\/01\\\/fu1zkuq-1.webp\",\"width\":713,\"height\":713},{\"@type\":\"BreadcrumbList\",\"@id\":\"https:\\\/\\\/mekulo.com\\\/dk\\\/produkt\\\/saet-med-magiske-tricks\\\/#breadcrumb\",\"itemListElement\":[{\"@type\":\"ListItem\",\"position\":1,\"name\":\"Home\",\"item\":\"https:\\\/\\\/mekulo.com\\\/dk\\\/\"},{\"@type\":\"ListItem\",\"position\":2,\"name\":\"Butik\",\"item\":\"https:\\\/\\\/mekulo.com\\\/dk\\\/butik\\\/\"},{\"@type\":\"ListItem\",\"position\":3,\"name\":\"S\u00e6t med tryllekunst\"}]},{\"@type\":\"WebSite\",\"@id\":\"https:\\\/\\\/mekulo.com\\\/dk\\\/#website\",\"url\":\"https:\\\/\\\/mekulo.com\\\/dk\\\/\",\"name\":\"Mekulo DK\",\"description\":\"\",\"publisher\":{\"@id\":\"https:\\\/\\\/mekulo.com\\\/dk\\\/#organization\"},\"potentialAction\":[{\"@type\":\"SearchAction\",\"target\":{\"@type\":\"EntryPoint\",\"urlTemplate\":\"https:\\\/\\\/mekulo.com\\\/dk\\\/?s={search_term_string}\"},\"query-input\":{\"@type\":\"PropertyValueSpecification\",\"valueRequired\":true,\"valueName\":\"search_term_string\"}}],\"inLanguage\":\"da-DK\"},{\"@type\":\"Organization\",\"@id\":\"https:\\\/\\\/mekulo.com\\\/dk\\\/#organization\",\"name\":\"Mekulo\",\"url\":\"https:\\\/\\\/mekulo.com\\\/dk\\\/\",\"logo\":{\"@type\":\"ImageObject\",\"inLanguage\":\"da-DK\",\"@id\":\"https:\\\/\\\/mekulo.com\\\/dk\\\/#\\\/schema\\\/logo\\\/image\\\/\",\"url\":\"https:\\\/\\\/mekulo.com\\\/dk\\\/wp-content\\\/uploads\\\/sites\\\/12\\\/2025\\\/12\\\/favicon_mekulo.png\",\"contentUrl\":\"https:\\\/\\\/mekulo.com\\\/dk\\\/wp-content\\\/uploads\\\/sites\\\/12\\\/2025\\\/12\\\/favicon_mekulo.png\",\"width\":50,\"height\":50,\"caption\":\"Mekulo\"},\"image\":{\"@id\":\"https:\\\/\\\/mekulo.com\\\/dk\\\/#\\\/schema\\\/logo\\\/image\\\/\"}}]}<\/script>\n<!-- \/ Yoast SEO plugin. -->","yoast_head_json":{"title":"S\u00e6t med tryllekunst - Mekulo DK","robots":{"index":"index","follow":"follow","max-snippet":"max-snippet:-1","max-image-preview":"max-image-preview:large","max-video-preview":"max-video-preview:-1"},"canonical":"https:\/\/mekulo.com\/dk\/produkt\/saet-med-magiske-tricks\/","og_locale":"da_DK","og_type":"article","og_title":"S\u00e6t med tryllekunst - Mekulo DK","og_description":"Dette tryllekunstners\u00e6t indeholder klassiske rekvisitter og nemme instruktioner, der hj\u00e6lper begyndere med at udf\u00f8re \u00e6gte magi hurtigt. Perfekt til b\u00f8rn, der elsker at underholde, l\u00e6re nye f\u00e6rdigheder og opbygge selvtillid gennem sjov leg. En sjov og l\u00e6rerig m\u00e5de at introducere b\u00f8rn til magiens verden p\u00e5.","og_url":"https:\/\/mekulo.com\/dk\/produkt\/saet-med-magiske-tricks\/","og_site_name":"Mekulo DK","article_modified_time":"2026-01-22T16:20:21+00:00","og_image":[{"width":713,"height":713,"url":"https:\/\/mekulo.com\/dk\/wp-content\/uploads\/sites\/12\/2026\/01\/fu1zkuq-1.webp","type":"image\/webp"}],"twitter_card":"summary_large_image","twitter_misc":{"Estimeret l\u00e6setid":"2 minutter"},"schema":{"@context":"https:\/\/schema.org","@graph":[{"@type":"WebPage","@id":"https:\/\/mekulo.com\/dk\/produkt\/saet-med-magiske-tricks\/","url":"https:\/\/mekulo.com\/dk\/produkt\/saet-med-magiske-tricks\/","name":"S\u00e6t med tryllekunst - Mekulo DK","isPartOf":{"@id":"https:\/\/mekulo.com\/dk\/#website"},"primaryImageOfPage":{"@id":"https:\/\/mekulo.com\/dk\/produkt\/saet-med-magiske-tricks\/#primaryimage"},"image":{"@id":"https:\/\/mekulo.com\/dk\/produkt\/saet-med-magiske-tricks\/#primaryimage"},"thumbnailUrl":"https:\/\/mekulo.com\/dk\/wp-content\/uploads\/sites\/12\/2026\/01\/fu1zkuq-1.webp","datePublished":"2026-01-09T13:44:57+00:00","dateModified":"2026-01-22T16:20:21+00:00","breadcrumb":{"@id":"https:\/\/mekulo.com\/dk\/produkt\/saet-med-magiske-tricks\/#breadcrumb"},"inLanguage":"da-DK","potentialAction":[{"@type":"ReadAction","target":["https:\/\/mekulo.com\/dk\/produkt\/saet-med-magiske-tricks\/"]}]},{"@type":"ImageObject","inLanguage":"da-DK","@id":"https:\/\/mekulo.com\/dk\/produkt\/saet-med-magiske-tricks\/#primaryimage","url":"https:\/\/mekulo.com\/dk\/wp-content\/uploads\/sites\/12\/2026\/01\/fu1zkuq-1.webp","contentUrl":"https:\/\/mekulo.com\/dk\/wp-content\/uploads\/sites\/12\/2026\/01\/fu1zkuq-1.webp","width":713,"height":713},{"@type":"BreadcrumbList","@id":"https:\/\/mekulo.com\/dk\/produkt\/saet-med-magiske-tricks\/#breadcrumb","itemListElement":[{"@type":"ListItem","position":1,"name":"Home","item":"https:\/\/mekulo.com\/dk\/"},{"@type":"ListItem","position":2,"name":"Butik","item":"https:\/\/mekulo.com\/dk\/butik\/"},{"@type":"ListItem","position":3,"name":"S\u00e6t med tryllekunst"}]},{"@type":"WebSite","@id":"https:\/\/mekulo.com\/dk\/#website","url":"https:\/\/mekulo.com\/dk\/","name":"Mekulo DK","description":"","publisher":{"@id":"https:\/\/mekulo.com\/dk\/#organization"},"potentialAction":[{"@type":"SearchAction","target":{"@type":"EntryPoint","urlTemplate":"https:\/\/mekulo.com\/dk\/?s={search_term_string}"},"query-input":{"@type":"PropertyValueSpecification","valueRequired":true,"valueName":"search_term_string"}}],"inLanguage":"da-DK"},{"@type":"Organization","@id":"https:\/\/mekulo.com\/dk\/#organization","name":"Mekulo","url":"https:\/\/mekulo.com\/dk\/","logo":{"@type":"ImageObject","inLanguage":"da-DK","@id":"https:\/\/mekulo.com\/dk\/#\/schema\/logo\/image\/","url":"https:\/\/mekulo.com\/dk\/wp-content\/uploads\/sites\/12\/2025\/12\/favicon_mekulo.png","contentUrl":"https:\/\/mekulo.com\/dk\/wp-content\/uploads\/sites\/12\/2025\/12\/favicon_mekulo.png","width":50,"height":50,"caption":"Mekulo"},"image":{"@id":"https:\/\/mekulo.com\/dk\/#\/schema\/logo\/image\/"}}]}},"_links":{"self":[{"href":"https:\/\/mekulo.com\/dk\/wp-json\/wp\/v2\/product\/16478","targetHints":{"allow":["GET"]}}],"collection":[{"href":"https:\/\/mekulo.com\/dk\/wp-json\/wp\/v2\/product"}],"about":[{"href":"https:\/\/mekulo.com\/dk\/wp-json\/wp\/v2\/types\/product"}],"replies":[{"embeddable":true,"href":"https:\/\/mekulo.com\/dk\/wp-json\/wp\/v2\/comments?post=16478"}],"wp:featuredmedia":[{"embeddable":true,"href":"https:\/\/mekulo.com\/dk\/wp-json\/wp\/v2\/media\/16474"}],"wp:attachment":[{"href":"https:\/\/mekulo.com\/dk\/wp-json\/wp\/v2\/media?parent=16478"}],"wp:term":[{"taxonomy":"product_brand","embeddable":true,"href":"https:\/\/mekulo.com\/dk\/wp-json\/wp\/v2\/product_brand?post=16478"},{"taxonomy":"product_cat","embeddable":true,"href":"https:\/\/mekulo.com\/dk\/wp-json\/wp\/v2\/product_cat?post=16478"},{"taxonomy":"product_tag","embeddable":true,"href":"https:\/\/mekulo.com\/dk\/wp-json\/wp\/v2\/product_tag?post=16478"}],"curies":[{"name":"wp","href":"https:\/\/api.w.org\/{rel}","templated":true}]}}