{"id":16457,"date":"2026-01-09T15:43:39","date_gmt":"2026-01-09T13:43:39","guid":{"rendered":"https:\/\/mekulo.com\/dk\/produkt\/mini-afloebsstempel\/"},"modified":"2026-01-22T17:54:21","modified_gmt":"2026-01-22T15:54:21","slug":"mini-afloebsstempel","status":"publish","type":"product","link":"https:\/\/mekulo.com\/dk\/produkt\/mini-afloebsstempel\/","title":{"rendered":"Mini afl\u00f8bsstempel"},"content":{"rendered":"<p style=\"text-align: center;\" data-start=\"24\" data-end=\"97\"><strong data-start=\"24\" data-end=\"97\">Fjern hurtigt tilstoppede h\u00e5ndvaske og afl\u00f8b uden kemikalier eller blikkenslagere. \ud83e\udea0<\/strong><\/p>\n<p data-start=\"99\" data-end=\"295\"><img fetchpriority=\"high\" decoding=\"async\" class=\"size-full wp-image-47744 aligncenter\" src=\"https:\/\/keluvo.com\/template\/wp-content\/uploads\/sites\/5\/2025\/12\/122113-ezgif.com-video-to-webp-converter-2.webp\" alt=\"\" width=\"500\" height=\"500\" \/><\/p>\n<h2 style=\"text-align: center;\" data-start=\"302\" data-end=\"324\">Vigtigste fordele<\/h2>\n<p data-start=\"327\" data-end=\"388\">\ud83c\udf00 Kraftigt sug &#8211; fjerner tilstopninger hurtigt og effektivt.<\/p>\n<p data-start=\"391\" data-end=\"459\">\ud83e\uddfc Kemikaliefri reng\u00f8ring &#8211; sikker for r\u00f8r og milj\u00f8.<\/p>\n<p data-start=\"462\" data-end=\"524\">\u270b Behageligt greb &#8211; let at holde og bruge uden anstrengelse.<\/p>\n<p data-start=\"527\" data-end=\"593\">\ud83d\udce6 Kompakt st\u00f8rrelse &#8211; nem at opbevare under h\u00e5ndvaske eller i skabe.<\/p>\n<p data-start=\"596\" data-end=\"657\">\ud83d\udebf Universel brug &#8211; Fungerer p\u00e5 h\u00e5ndvaske, badekar og afl\u00f8b.<\/p>\n<p data-start=\"596\" data-end=\"657\"><img decoding=\"async\" class=\"size-full wp-image-47747 aligncenter\" src=\"https:\/\/keluvo.com\/template\/wp-content\/uploads\/sites\/5\/2025\/12\/spp_20250114121542_91cf22d13842eb32866a8ad59ff1ebbb_6364953f-9964-442d-a364-d13e165d0baa.webp\" alt=\"\" width=\"600\" height=\"600\" \/><\/p>\n<h2 style=\"text-align: center;\" data-start=\"664\" data-end=\"683\"><strong>S\u00e5dan Bruges<\/strong><\/h2>\n<ol data-start=\"684\" data-end=\"929\">\n<li data-start=\"684\" data-end=\"739\">\n<p data-start=\"687\" data-end=\"739\">Placer stemplet direkte over afl\u00f8bs\u00e5bningen.<\/p>\n<\/li>\n<li data-start=\"740\" data-end=\"799\">\n<p data-start=\"743\" data-end=\"799\">S\u00f8rg for, at der er nok vand til at d\u00e6kke sugekoppen.<\/p>\n<\/li>\n<li data-start=\"800\" data-end=\"844\">\n<p data-start=\"803\" data-end=\"844\">Tryk fast ned, og tr\u00e6k derefter hurtigt op.<\/p>\n<\/li>\n<li data-start=\"845\" data-end=\"897\">\n<p data-start=\"848\" data-end=\"897\">Gentag flere gange, indtil vandet l\u00f8ber frit.<\/p>\n<\/li>\n<li data-start=\"898\" data-end=\"929\">\n<p data-start=\"901\" data-end=\"929\">Skyl og opbevar efter brug.<\/p>\n<\/li>\n<\/ol>\n<h2 style=\"text-align: center;\" data-start=\"936\" data-end=\"960\"><strong>Produktdetaljer<\/strong><\/h2>\n<ul data-start=\"961\" data-end=\"1143\">\n<li data-start=\"961\" data-end=\"978\">\n<p data-start=\"963\" data-end=\"978\">Materiale: PVC<\/p>\n<\/li>\n<li data-start=\"979\" data-end=\"1009\">\n<p data-start=\"981\" data-end=\"1009\">Diameter: 10,5 cm<\/p>\n<\/li>\n<li data-start=\"1010\" data-end=\"1039\">\n<p data-start=\"1012\" data-end=\"1039\">H\u00f8jde: 17,5 cm<\/p>\n<\/li>\n<li data-start=\"1095\" data-end=\"1143\">\n<p data-start=\"1097\" data-end=\"1143\">Design: Sugekop med harmonikastruktur<\/p>\n<\/li>\n<\/ul>\n<h2 style=\"text-align: center;\" data-start=\"1150\" data-end=\"1175\"><strong>Pakken indeholder<\/strong><\/h2>\n<ul data-start=\"1176\" data-end=\"1202\">\n<li data-start=\"1176\" data-end=\"1202\">\n<p data-start=\"1178\" data-end=\"1202\">2, 3x mini afl\u00f8bsstopler.<\/p>\n<\/li>\n<\/ul>\n","protected":false},"excerpt":{"rendered":"<p>Denne mini afl\u00f8bsst\u00f8vsuger bruger et st\u00e6rkt sug til at fjerne blokeringer og forbedre vandgennemstr\u00f8mningen p\u00e5 f\u00e5 sekunder. Den kompakte st\u00f8rrelse g\u00f8r den perfekt til h\u00e5ndvaske p\u00e5 badev\u00e6relset, k\u00f8kkenvaske, badekar og bruseafl\u00f8b. Et enkelt, effektivt v\u00e6rkt\u00f8j, der holder dine afl\u00f8b rene og dit hjem velfungerende.<\/p>\n","protected":false},"featured_media":16453,"comment_status":"open","ping_status":"closed","template":"","meta":{"site-sidebar-layout":"default","site-content-layout":"","ast-site-content-layout":"default","site-content-style":"default","site-sidebar-style":"default","ast-global-header-display":"","ast-banner-title-visibility":"","ast-main-header-display":"","ast-hfb-above-header-display":"","ast-hfb-below-header-display":"","ast-hfb-mobile-header-display":"","site-post-title":"","ast-breadcrumbs-content":"","ast-featured-img":"","footer-sml-layout":"","theme-transparent-header-meta":"default","adv-header-id-meta":"","stick-header-meta":"","header-above-stick-meta":"","header-main-stick-meta":"","header-below-stick-meta":"","astra-migrate-meta-layouts":"set","ast-page-background-enabled":"default","ast-page-background-meta":{"desktop":{"background-color":"var(--ast-global-color-5)","background-image":"","background-repeat":"repeat","background-position":"center center","background-size":"auto","background-attachment":"scroll","background-type":"","background-media":"","overlay-type":"","overlay-color":"","overlay-opacity":"","overlay-gradient":""},"tablet":{"background-color":"","background-image":"","background-repeat":"repeat","background-position":"center center","background-size":"auto","background-attachment":"scroll","background-type":"","background-media":"","overlay-type":"","overlay-color":"","overlay-opacity":"","overlay-gradient":""},"mobile":{"background-color":"","background-image":"","background-repeat":"repeat","background-position":"center center","background-size":"auto","background-attachment":"scroll","background-type":"","background-media":"","overlay-type":"","overlay-color":"","overlay-opacity":"","overlay-gradient":""}},"ast-content-background-meta":{"desktop":{"background-color":"var(--ast-global-color-4)","background-image":"","background-repeat":"repeat","background-position":"center center","background-size":"auto","background-attachment":"scroll","background-type":"","background-media":"","overlay-type":"","overlay-color":"","overlay-opacity":"","overlay-gradient":""},"tablet":{"background-color":"var(--ast-global-color-4)","background-image":"","background-repeat":"repeat","background-position":"center center","background-size":"auto","background-attachment":"scroll","background-type":"","background-media":"","overlay-type":"","overlay-color":"","overlay-opacity":"","overlay-gradient":""},"mobile":{"background-color":"var(--ast-global-color-4)","background-image":"","background-repeat":"repeat","background-position":"center center","background-size":"auto","background-attachment":"scroll","background-type":"","background-media":"","overlay-type":"","overlay-color":"","overlay-opacity":"","overlay-gradient":""}}},"product_brand":[],"product_cat":[168,171],"product_tag":[],"class_list":{"0":"post-16457","1":"product","2":"type-product","3":"status-publish","4":"has-post-thumbnail","6":"product_cat-husholdningsartikler","7":"product_cat-vaerktoejer","8":"pa_65476_3tsdgy07-blaa","9":"pa_65476_3tsdgy07-groen","10":"pa_65476_3tsdgy07-roed","11":"pa_65476_eq9fbdgi-2-stk","12":"pa_65476_eq9fbdgi-3-stk","13":"desktop-align-left","14":"tablet-align-left","15":"mobile-align-left","17":"first","18":"instock","19":"shipping-taxable","20":"purchasable","21":"product-type-variable","22":"has-default-attributes"},"yoast_head":"<!-- This site is optimized with the Yoast SEO plugin v26.6 - https:\/\/yoast.com\/wordpress\/plugins\/seo\/ -->\n<title>Mini afl\u00f8bsstempel - Mekulo DK<\/title>\n<meta name=\"robots\" content=\"index, follow, max-snippet:-1, max-image-preview:large, max-video-preview:-1\" \/>\n<link rel=\"canonical\" href=\"https:\/\/mekulo.com\/dk\/produkt\/mini-afloebsstempel\/\" \/>\n<meta property=\"og:locale\" content=\"da_DK\" \/>\n<meta property=\"og:type\" content=\"article\" \/>\n<meta property=\"og:title\" content=\"Mini afl\u00f8bsstempel - Mekulo DK\" \/>\n<meta property=\"og:description\" content=\"Denne mini afl\u00f8bsst\u00f8vsuger bruger et st\u00e6rkt sug til at fjerne blokeringer og forbedre vandgennemstr\u00f8mningen p\u00e5 f\u00e5 sekunder. Den kompakte st\u00f8rrelse g\u00f8r den perfekt til h\u00e5ndvaske p\u00e5 badev\u00e6relset, k\u00f8kkenvaske, badekar og bruseafl\u00f8b. Et enkelt, effektivt v\u00e6rkt\u00f8j, der holder dine afl\u00f8b rene og dit hjem velfungerende.\" \/>\n<meta property=\"og:url\" content=\"https:\/\/mekulo.com\/dk\/produkt\/mini-afloebsstempel\/\" \/>\n<meta property=\"og:site_name\" content=\"Mekulo DK\" \/>\n<meta property=\"article:modified_time\" content=\"2026-01-22T15:54:21+00:00\" \/>\n<meta property=\"og:image\" content=\"https:\/\/mekulo.com\/dk\/wp-content\/uploads\/sites\/12\/2026\/01\/ut9opw0-1.jpg\" \/>\n\t<meta property=\"og:image:width\" content=\"960\" \/>\n\t<meta property=\"og:image:height\" content=\"960\" \/>\n\t<meta property=\"og:image:type\" content=\"image\/jpeg\" \/>\n<meta name=\"twitter:card\" content=\"summary_large_image\" \/>\n<meta name=\"twitter:label1\" content=\"Estimeret l\u00e6setid\" \/>\n\t<meta name=\"twitter:data1\" content=\"2 minutter\" \/>\n<script type=\"application\/ld+json\" class=\"yoast-schema-graph\">{\"@context\":\"https:\/\/schema.org\",\"@graph\":[{\"@type\":\"WebPage\",\"@id\":\"https:\/\/mekulo.com\/dk\/produkt\/mini-afloebsstempel\/\",\"url\":\"https:\/\/mekulo.com\/dk\/produkt\/mini-afloebsstempel\/\",\"name\":\"Mini afl\u00f8bsstempel - Mekulo DK\",\"isPartOf\":{\"@id\":\"https:\/\/mekulo.com\/dk\/#website\"},\"primaryImageOfPage\":{\"@id\":\"https:\/\/mekulo.com\/dk\/produkt\/mini-afloebsstempel\/#primaryimage\"},\"image\":{\"@id\":\"https:\/\/mekulo.com\/dk\/produkt\/mini-afloebsstempel\/#primaryimage\"},\"thumbnailUrl\":\"https:\/\/mekulo.com\/dk\/wp-content\/uploads\/sites\/12\/2026\/01\/ut9opw0-1.jpg\",\"datePublished\":\"2026-01-09T13:43:39+00:00\",\"dateModified\":\"2026-01-22T15:54:21+00:00\",\"breadcrumb\":{\"@id\":\"https:\/\/mekulo.com\/dk\/produkt\/mini-afloebsstempel\/#breadcrumb\"},\"inLanguage\":\"da-DK\",\"potentialAction\":[{\"@type\":\"ReadAction\",\"target\":[\"https:\/\/mekulo.com\/dk\/produkt\/mini-afloebsstempel\/\"]}]},{\"@type\":\"ImageObject\",\"inLanguage\":\"da-DK\",\"@id\":\"https:\/\/mekulo.com\/dk\/produkt\/mini-afloebsstempel\/#primaryimage\",\"url\":\"https:\/\/mekulo.com\/dk\/wp-content\/uploads\/sites\/12\/2026\/01\/ut9opw0-1.jpg\",\"contentUrl\":\"https:\/\/mekulo.com\/dk\/wp-content\/uploads\/sites\/12\/2026\/01\/ut9opw0-1.jpg\",\"width\":960,\"height\":960},{\"@type\":\"BreadcrumbList\",\"@id\":\"https:\/\/mekulo.com\/dk\/produkt\/mini-afloebsstempel\/#breadcrumb\",\"itemListElement\":[{\"@type\":\"ListItem\",\"position\":1,\"name\":\"Home\",\"item\":\"https:\/\/mekulo.com\/dk\/\"},{\"@type\":\"ListItem\",\"position\":2,\"name\":\"Butik\",\"item\":\"https:\/\/mekulo.com\/dk\/butik\/\"},{\"@type\":\"ListItem\",\"position\":3,\"name\":\"Mini afl\u00f8bsstempel\"}]},{\"@type\":\"WebSite\",\"@id\":\"https:\/\/mekulo.com\/dk\/#website\",\"url\":\"https:\/\/mekulo.com\/dk\/\",\"name\":\"Mekulo DK\",\"description\":\"\",\"publisher\":{\"@id\":\"https:\/\/mekulo.com\/dk\/#organization\"},\"potentialAction\":[{\"@type\":\"SearchAction\",\"target\":{\"@type\":\"EntryPoint\",\"urlTemplate\":\"https:\/\/mekulo.com\/dk\/?s={search_term_string}\"},\"query-input\":{\"@type\":\"PropertyValueSpecification\",\"valueRequired\":true,\"valueName\":\"search_term_string\"}}],\"inLanguage\":\"da-DK\"},{\"@type\":\"Organization\",\"@id\":\"https:\/\/mekulo.com\/dk\/#organization\",\"name\":\"Mekulo\",\"url\":\"https:\/\/mekulo.com\/dk\/\",\"logo\":{\"@type\":\"ImageObject\",\"inLanguage\":\"da-DK\",\"@id\":\"https:\/\/mekulo.com\/dk\/#\/schema\/logo\/image\/\",\"url\":\"https:\/\/mekulo.com\/dk\/wp-content\/uploads\/sites\/12\/2025\/12\/favicon_mekulo.png\",\"contentUrl\":\"https:\/\/mekulo.com\/dk\/wp-content\/uploads\/sites\/12\/2025\/12\/favicon_mekulo.png\",\"width\":50,\"height\":50,\"caption\":\"Mekulo\"},\"image\":{\"@id\":\"https:\/\/mekulo.com\/dk\/#\/schema\/logo\/image\/\"}}]}<\/script>\n<!-- \/ Yoast SEO plugin. -->","yoast_head_json":{"title":"Mini afl\u00f8bsstempel - Mekulo DK","robots":{"index":"index","follow":"follow","max-snippet":"max-snippet:-1","max-image-preview":"max-image-preview:large","max-video-preview":"max-video-preview:-1"},"canonical":"https:\/\/mekulo.com\/dk\/produkt\/mini-afloebsstempel\/","og_locale":"da_DK","og_type":"article","og_title":"Mini afl\u00f8bsstempel - Mekulo DK","og_description":"Denne mini afl\u00f8bsst\u00f8vsuger bruger et st\u00e6rkt sug til at fjerne blokeringer og forbedre vandgennemstr\u00f8mningen p\u00e5 f\u00e5 sekunder. Den kompakte st\u00f8rrelse g\u00f8r den perfekt til h\u00e5ndvaske p\u00e5 badev\u00e6relset, k\u00f8kkenvaske, badekar og bruseafl\u00f8b. Et enkelt, effektivt v\u00e6rkt\u00f8j, der holder dine afl\u00f8b rene og dit hjem velfungerende.","og_url":"https:\/\/mekulo.com\/dk\/produkt\/mini-afloebsstempel\/","og_site_name":"Mekulo DK","article_modified_time":"2026-01-22T15:54:21+00:00","og_image":[{"width":960,"height":960,"url":"https:\/\/mekulo.com\/dk\/wp-content\/uploads\/sites\/12\/2026\/01\/ut9opw0-1.jpg","type":"image\/jpeg"}],"twitter_card":"summary_large_image","twitter_misc":{"Estimeret l\u00e6setid":"2 minutter"},"schema":{"@context":"https:\/\/schema.org","@graph":[{"@type":"WebPage","@id":"https:\/\/mekulo.com\/dk\/produkt\/mini-afloebsstempel\/","url":"https:\/\/mekulo.com\/dk\/produkt\/mini-afloebsstempel\/","name":"Mini afl\u00f8bsstempel - Mekulo DK","isPartOf":{"@id":"https:\/\/mekulo.com\/dk\/#website"},"primaryImageOfPage":{"@id":"https:\/\/mekulo.com\/dk\/produkt\/mini-afloebsstempel\/#primaryimage"},"image":{"@id":"https:\/\/mekulo.com\/dk\/produkt\/mini-afloebsstempel\/#primaryimage"},"thumbnailUrl":"https:\/\/mekulo.com\/dk\/wp-content\/uploads\/sites\/12\/2026\/01\/ut9opw0-1.jpg","datePublished":"2026-01-09T13:43:39+00:00","dateModified":"2026-01-22T15:54:21+00:00","breadcrumb":{"@id":"https:\/\/mekulo.com\/dk\/produkt\/mini-afloebsstempel\/#breadcrumb"},"inLanguage":"da-DK","potentialAction":[{"@type":"ReadAction","target":["https:\/\/mekulo.com\/dk\/produkt\/mini-afloebsstempel\/"]}]},{"@type":"ImageObject","inLanguage":"da-DK","@id":"https:\/\/mekulo.com\/dk\/produkt\/mini-afloebsstempel\/#primaryimage","url":"https:\/\/mekulo.com\/dk\/wp-content\/uploads\/sites\/12\/2026\/01\/ut9opw0-1.jpg","contentUrl":"https:\/\/mekulo.com\/dk\/wp-content\/uploads\/sites\/12\/2026\/01\/ut9opw0-1.jpg","width":960,"height":960},{"@type":"BreadcrumbList","@id":"https:\/\/mekulo.com\/dk\/produkt\/mini-afloebsstempel\/#breadcrumb","itemListElement":[{"@type":"ListItem","position":1,"name":"Home","item":"https:\/\/mekulo.com\/dk\/"},{"@type":"ListItem","position":2,"name":"Butik","item":"https:\/\/mekulo.com\/dk\/butik\/"},{"@type":"ListItem","position":3,"name":"Mini afl\u00f8bsstempel"}]},{"@type":"WebSite","@id":"https:\/\/mekulo.com\/dk\/#website","url":"https:\/\/mekulo.com\/dk\/","name":"Mekulo DK","description":"","publisher":{"@id":"https:\/\/mekulo.com\/dk\/#organization"},"potentialAction":[{"@type":"SearchAction","target":{"@type":"EntryPoint","urlTemplate":"https:\/\/mekulo.com\/dk\/?s={search_term_string}"},"query-input":{"@type":"PropertyValueSpecification","valueRequired":true,"valueName":"search_term_string"}}],"inLanguage":"da-DK"},{"@type":"Organization","@id":"https:\/\/mekulo.com\/dk\/#organization","name":"Mekulo","url":"https:\/\/mekulo.com\/dk\/","logo":{"@type":"ImageObject","inLanguage":"da-DK","@id":"https:\/\/mekulo.com\/dk\/#\/schema\/logo\/image\/","url":"https:\/\/mekulo.com\/dk\/wp-content\/uploads\/sites\/12\/2025\/12\/favicon_mekulo.png","contentUrl":"https:\/\/mekulo.com\/dk\/wp-content\/uploads\/sites\/12\/2025\/12\/favicon_mekulo.png","width":50,"height":50,"caption":"Mekulo"},"image":{"@id":"https:\/\/mekulo.com\/dk\/#\/schema\/logo\/image\/"}}]}},"_links":{"self":[{"href":"https:\/\/mekulo.com\/dk\/wp-json\/wp\/v2\/product\/16457","targetHints":{"allow":["GET"]}}],"collection":[{"href":"https:\/\/mekulo.com\/dk\/wp-json\/wp\/v2\/product"}],"about":[{"href":"https:\/\/mekulo.com\/dk\/wp-json\/wp\/v2\/types\/product"}],"replies":[{"embeddable":true,"href":"https:\/\/mekulo.com\/dk\/wp-json\/wp\/v2\/comments?post=16457"}],"wp:featuredmedia":[{"embeddable":true,"href":"https:\/\/mekulo.com\/dk\/wp-json\/wp\/v2\/media\/16453"}],"wp:attachment":[{"href":"https:\/\/mekulo.com\/dk\/wp-json\/wp\/v2\/media?parent=16457"}],"wp:term":[{"taxonomy":"product_brand","embeddable":true,"href":"https:\/\/mekulo.com\/dk\/wp-json\/wp\/v2\/product_brand?post=16457"},{"taxonomy":"product_cat","embeddable":true,"href":"https:\/\/mekulo.com\/dk\/wp-json\/wp\/v2\/product_cat?post=16457"},{"taxonomy":"product_tag","embeddable":true,"href":"https:\/\/mekulo.com\/dk\/wp-json\/wp\/v2\/product_tag?post=16457"}],"curies":[{"name":"wp","href":"https:\/\/api.w.org\/{rel}","templated":true}]}}