{"id":16409,"date":"2026-01-09T15:40:26","date_gmt":"2026-01-09T13:40:26","guid":{"rendered":"https:\/\/mekulo.com\/dk\/produkt\/polerskive-af-uld\/"},"modified":"2026-01-09T21:12:52","modified_gmt":"2026-01-09T19:12:52","slug":"polerskive-af-uld","status":"publish","type":"product","link":"https:\/\/mekulo.com\/dk\/produkt\/polerskive-af-uld\/","title":{"rendered":"Polerskive af uld"},"content":{"rendered":"<p style=\"text-align: center;\" data-start=\"25\" data-end=\"99\"><strong data-start=\"25\" data-end=\"99\">Opn\u00e5 en glat, skinnende, professionel finish p\u00e5 metal, tr\u00e6 og meget mere. \ud83e\udeb5<\/strong><\/p>\n<p data-start=\"101\" data-end=\"378\"><img fetchpriority=\"high\" decoding=\"async\" class=\"size-full wp-image-47725 aligncenter\" src=\"https:\/\/keluvo.com\/template\/wp-content\/uploads\/sites\/5\/2025\/12\/122111-ezgif.com-video-to-webp-converter-2.webp\" alt=\"\" width=\"500\" height=\"500\" \/><\/p>\n<h2 style=\"text-align: center;\" data-start=\"385\" data-end=\"406\">Vigtigste fordele<\/h2>\n<p data-start=\"409\" data-end=\"473\">\ud83d\udc11 F\u00f8rsteklasses uldmateriale &#8211; Bl\u00f8dt, holdbart og langtidsholdbart.<\/p>\n<p data-start=\"476\" data-end=\"543\">\ud83d\udd25 Varme- og slidst\u00e6rk &#8211; Sikker til l\u00e6ngerevarende poleringsarbejde.<\/p>\n<p data-start=\"546\" data-end=\"613\">\u26a1 Hurtig polering &#8211; Underst\u00f8tter hastigheder op til 3000 RPM.<\/p>\n<p data-start=\"616\" data-end=\"689\">\ud83e\ude9e H\u00f8jglansfinish &#8211; Ideel til slutpolering og spejleffekter.<\/p>\n<p data-start=\"692\" data-end=\"766\">\ud83e\uddf0 Bred kompatibilitet &#8211; Fungerer p\u00e5 metal, tr\u00e6, sten, glas og meget mere.<\/p>\n<p data-start=\"692\" data-end=\"766\"><img decoding=\"async\" class=\"size-full wp-image-47723 aligncenter\" src=\"https:\/\/keluvo.com\/template\/wp-content\/uploads\/sites\/5\/2025\/12\/122112-ezgif.com-video-to-webp-converter-2.webp\" alt=\"\" width=\"500\" height=\"500\" \/><\/p>\n<h2 style=\"text-align: center;\" data-start=\"773\" data-end=\"792\"><strong>S\u00e5dan Bruges<\/strong><\/h2>\n<ol data-start=\"793\" data-end=\"1063\">\n<li data-start=\"793\" data-end=\"865\">\n<p data-start=\"796\" data-end=\"865\">Fastg\u00f8r polerskiven p\u00e5 din vinkelsliber eller kompatibelt v\u00e6rkt\u00f8j.<\/p>\n<\/li>\n<li data-start=\"866\" data-end=\"906\">\n<p data-start=\"869\" data-end=\"906\">P\u00e5f\u00f8r polermiddel, hvis det er n\u00f8dvendigt.<\/p>\n<\/li>\n<li data-start=\"907\" data-end=\"958\">\n<p data-start=\"910\" data-end=\"958\">Poler forsigtigt overfladen med j\u00e6vnt tryk.<\/p>\n<\/li>\n<li data-start=\"959\" data-end=\"1012\">\n<p data-start=\"962\" data-end=\"1012\">Bev\u00e6g dig j\u00e6vnt for at undg\u00e5 overophedning af materialet.<\/p>\n<\/li>\n<li data-start=\"1013\" data-end=\"1063\">\n<p data-start=\"1016\" data-end=\"1063\">Reng\u00f8r skiven efter brug for l\u00e6ngere levetid.<\/p>\n<\/li>\n<\/ol>\n<h2 style=\"text-align: center;\" data-start=\"1070\" data-end=\"1094\"><strong>Produktdetaljer<\/strong><\/h2>\n<ul data-start=\"1095\" data-end=\"1354\">\n<li data-start=\"1134\" data-end=\"1165\">\n<p data-start=\"1136\" data-end=\"1165\">Materiale: Uld af h\u00f8j kvalitet<\/p>\n<\/li>\n<li data-start=\"1134\" data-end=\"1165\">\n<p data-start=\"1136\" data-end=\"1165\">St\u00f8rrelse: 115 mm, 125 mm<\/p>\n<\/li>\n<li data-start=\"1134\" data-end=\"1165\">\n<p data-start=\"1136\" data-end=\"1165\">Tykkelse: 10 mm<\/p>\n<\/li>\n<li data-start=\"1278\" data-end=\"1307\">\n<p data-start=\"1280\" data-end=\"1307\">Max hastighed: Op til 3000 RPM<\/p>\n<\/li>\n<li data-start=\"1308\" data-end=\"1354\">\n<p data-start=\"1310\" data-end=\"1354\">Brug: Slutpolering og overfladebehandling<\/p>\n<\/li>\n<\/ul>\n<h2 style=\"text-align: center;\" data-start=\"1361\" data-end=\"1386\"><strong>Pakken indeholder<\/strong><\/h2>\n<ul data-start=\"1387\" data-end=\"1414\">\n<li data-start=\"1387\" data-end=\"1414\">\n<p data-start=\"1389\" data-end=\"1414\">1, 2, 3x uldpoleringsskive.<\/p>\n<\/li>\n<\/ul>\n","protected":false},"excerpt":{"rendered":"<p>Denne polerskive i uld er designet til hurtig og pr\u00e6cis slutpolering og hj\u00e6lper dig med at give overflader et rent og blankt udseende. Den er fremstillet af uld i h\u00f8j kvalitet, er holdbar, varmebestandig og ideel til at fjerne fine ridser, oxidering og poleringsm\u00e6rker p\u00e5 mange materialer. Et p\u00e5lideligt poleringsv\u00e6rkt\u00f8j, der giver j\u00e6vne resultater, lang levetid og professionel glans p\u00e5 hvert projekt.<\/p>\n","protected":false},"featured_media":16405,"comment_status":"open","ping_status":"closed","template":"","meta":{"site-sidebar-layout":"default","site-content-layout":"","ast-site-content-layout":"default","site-content-style":"default","site-sidebar-style":"default","ast-global-header-display":"","ast-banner-title-visibility":"","ast-main-header-display":"","ast-hfb-above-header-display":"","ast-hfb-below-header-display":"","ast-hfb-mobile-header-display":"","site-post-title":"","ast-breadcrumbs-content":"","ast-featured-img":"","footer-sml-layout":"","ast-disable-related-posts":"","theme-transparent-header-meta":"default","adv-header-id-meta":"","stick-header-meta":"","header-above-stick-meta":"","header-main-stick-meta":"","header-below-stick-meta":"","astra-migrate-meta-layouts":"set","ast-page-background-enabled":"default","ast-page-background-meta":{"desktop":{"background-color":"var(--ast-global-color-5)","background-image":"","background-repeat":"repeat","background-position":"center center","background-size":"auto","background-attachment":"scroll","background-type":"","background-media":"","overlay-type":"","overlay-color":"","overlay-opacity":"","overlay-gradient":""},"tablet":{"background-color":"","background-image":"","background-repeat":"repeat","background-position":"center center","background-size":"auto","background-attachment":"scroll","background-type":"","background-media":"","overlay-type":"","overlay-color":"","overlay-opacity":"","overlay-gradient":""},"mobile":{"background-color":"","background-image":"","background-repeat":"repeat","background-position":"center center","background-size":"auto","background-attachment":"scroll","background-type":"","background-media":"","overlay-type":"","overlay-color":"","overlay-opacity":"","overlay-gradient":""}},"ast-content-background-meta":{"desktop":{"background-color":"var(--ast-global-color-4)","background-image":"","background-repeat":"repeat","background-position":"center center","background-size":"auto","background-attachment":"scroll","background-type":"","background-media":"","overlay-type":"","overlay-color":"","overlay-opacity":"","overlay-gradient":""},"tablet":{"background-color":"var(--ast-global-color-4)","background-image":"","background-repeat":"repeat","background-position":"center center","background-size":"auto","background-attachment":"scroll","background-type":"","background-media":"","overlay-type":"","overlay-color":"","overlay-opacity":"","overlay-gradient":""},"mobile":{"background-color":"var(--ast-global-color-4)","background-image":"","background-repeat":"repeat","background-position":"center center","background-size":"auto","background-attachment":"scroll","background-type":"","background-media":"","overlay-type":"","overlay-color":"","overlay-opacity":"","overlay-gradient":""}}},"product_brand":[],"product_cat":[171],"product_tag":[],"class_list":{"0":"post-16409","1":"product","2":"type-product","3":"status-publish","4":"has-post-thumbnail","6":"product_cat-vaerktoejer","7":"pa_65460_3tgpdtjh-115-mm","8":"pa_65460_3tgpdtjh-125-mm","9":"pa_65460_v1wgnnnr-1-stk","10":"pa_65460_v1wgnnnr-2-stk","11":"pa_65460_v1wgnnnr-3-stk","12":"desktop-align-left","13":"tablet-align-left","14":"mobile-align-left","16":"first","17":"instock","18":"shipping-taxable","19":"purchasable","20":"product-type-variable","21":"has-default-attributes"},"yoast_head":"<!-- This site is optimized with the Yoast SEO plugin v27.4 - https:\/\/yoast.com\/product\/yoast-seo-wordpress\/ -->\n<title>Polerskive af uld - Mekulo DK<\/title>\n<meta name=\"robots\" content=\"index, follow, max-snippet:-1, max-image-preview:large, max-video-preview:-1\" \/>\n<link rel=\"canonical\" href=\"https:\/\/mekulo.com\/dk\/produkt\/polerskive-af-uld\/\" \/>\n<meta property=\"og:locale\" content=\"da_DK\" \/>\n<meta property=\"og:type\" content=\"article\" \/>\n<meta property=\"og:title\" content=\"Polerskive af uld - Mekulo DK\" \/>\n<meta property=\"og:description\" content=\"Denne polerskive i uld er designet til hurtig og pr\u00e6cis slutpolering og hj\u00e6lper dig med at give overflader et rent og blankt udseende. Den er fremstillet af uld i h\u00f8j kvalitet, er holdbar, varmebestandig og ideel til at fjerne fine ridser, oxidering og poleringsm\u00e6rker p\u00e5 mange materialer. Et p\u00e5lideligt poleringsv\u00e6rkt\u00f8j, der giver j\u00e6vne resultater, lang levetid og professionel glans p\u00e5 hvert projekt.\" \/>\n<meta property=\"og:url\" content=\"https:\/\/mekulo.com\/dk\/produkt\/polerskive-af-uld\/\" \/>\n<meta property=\"og:site_name\" content=\"Mekulo DK\" \/>\n<meta property=\"article:modified_time\" content=\"2026-01-09T19:12:52+00:00\" \/>\n<meta property=\"og:image\" content=\"https:\/\/mekulo.com\/dk\/wp-content\/uploads\/sites\/12\/2026\/01\/93binoj-1.webp\" \/>\n\t<meta property=\"og:image:width\" content=\"600\" \/>\n\t<meta property=\"og:image:height\" content=\"600\" \/>\n\t<meta property=\"og:image:type\" content=\"image\/webp\" \/>\n<meta name=\"twitter:card\" content=\"summary_large_image\" \/>\n<meta name=\"twitter:label1\" content=\"Estimeret l\u00e6setid\" \/>\n\t<meta name=\"twitter:data1\" content=\"2 minutter\" \/>\n<script type=\"application\/ld+json\" class=\"yoast-schema-graph\">{\"@context\":\"https:\\\/\\\/schema.org\",\"@graph\":[{\"@type\":\"WebPage\",\"@id\":\"https:\\\/\\\/mekulo.com\\\/dk\\\/produkt\\\/polerskive-af-uld\\\/\",\"url\":\"https:\\\/\\\/mekulo.com\\\/dk\\\/produkt\\\/polerskive-af-uld\\\/\",\"name\":\"Polerskive af uld - Mekulo DK\",\"isPartOf\":{\"@id\":\"https:\\\/\\\/mekulo.com\\\/dk\\\/#website\"},\"primaryImageOfPage\":{\"@id\":\"https:\\\/\\\/mekulo.com\\\/dk\\\/produkt\\\/polerskive-af-uld\\\/#primaryimage\"},\"image\":{\"@id\":\"https:\\\/\\\/mekulo.com\\\/dk\\\/produkt\\\/polerskive-af-uld\\\/#primaryimage\"},\"thumbnailUrl\":\"https:\\\/\\\/mekulo.com\\\/dk\\\/wp-content\\\/uploads\\\/sites\\\/12\\\/2026\\\/01\\\/93binoj-1.webp\",\"datePublished\":\"2026-01-09T13:40:26+00:00\",\"dateModified\":\"2026-01-09T19:12:52+00:00\",\"breadcrumb\":{\"@id\":\"https:\\\/\\\/mekulo.com\\\/dk\\\/produkt\\\/polerskive-af-uld\\\/#breadcrumb\"},\"inLanguage\":\"da-DK\",\"potentialAction\":[{\"@type\":\"ReadAction\",\"target\":[\"https:\\\/\\\/mekulo.com\\\/dk\\\/produkt\\\/polerskive-af-uld\\\/\"]}]},{\"@type\":\"ImageObject\",\"inLanguage\":\"da-DK\",\"@id\":\"https:\\\/\\\/mekulo.com\\\/dk\\\/produkt\\\/polerskive-af-uld\\\/#primaryimage\",\"url\":\"https:\\\/\\\/mekulo.com\\\/dk\\\/wp-content\\\/uploads\\\/sites\\\/12\\\/2026\\\/01\\\/93binoj-1.webp\",\"contentUrl\":\"https:\\\/\\\/mekulo.com\\\/dk\\\/wp-content\\\/uploads\\\/sites\\\/12\\\/2026\\\/01\\\/93binoj-1.webp\",\"width\":600,\"height\":600},{\"@type\":\"BreadcrumbList\",\"@id\":\"https:\\\/\\\/mekulo.com\\\/dk\\\/produkt\\\/polerskive-af-uld\\\/#breadcrumb\",\"itemListElement\":[{\"@type\":\"ListItem\",\"position\":1,\"name\":\"Home\",\"item\":\"https:\\\/\\\/mekulo.com\\\/dk\\\/\"},{\"@type\":\"ListItem\",\"position\":2,\"name\":\"Butik\",\"item\":\"https:\\\/\\\/mekulo.com\\\/dk\\\/butik\\\/\"},{\"@type\":\"ListItem\",\"position\":3,\"name\":\"Polerskive af uld\"}]},{\"@type\":\"WebSite\",\"@id\":\"https:\\\/\\\/mekulo.com\\\/dk\\\/#website\",\"url\":\"https:\\\/\\\/mekulo.com\\\/dk\\\/\",\"name\":\"Mekulo DK\",\"description\":\"\",\"publisher\":{\"@id\":\"https:\\\/\\\/mekulo.com\\\/dk\\\/#organization\"},\"potentialAction\":[{\"@type\":\"SearchAction\",\"target\":{\"@type\":\"EntryPoint\",\"urlTemplate\":\"https:\\\/\\\/mekulo.com\\\/dk\\\/?s={search_term_string}\"},\"query-input\":{\"@type\":\"PropertyValueSpecification\",\"valueRequired\":true,\"valueName\":\"search_term_string\"}}],\"inLanguage\":\"da-DK\"},{\"@type\":\"Organization\",\"@id\":\"https:\\\/\\\/mekulo.com\\\/dk\\\/#organization\",\"name\":\"Mekulo\",\"url\":\"https:\\\/\\\/mekulo.com\\\/dk\\\/\",\"logo\":{\"@type\":\"ImageObject\",\"inLanguage\":\"da-DK\",\"@id\":\"https:\\\/\\\/mekulo.com\\\/dk\\\/#\\\/schema\\\/logo\\\/image\\\/\",\"url\":\"https:\\\/\\\/mekulo.com\\\/dk\\\/wp-content\\\/uploads\\\/sites\\\/12\\\/2025\\\/12\\\/favicon_mekulo.png\",\"contentUrl\":\"https:\\\/\\\/mekulo.com\\\/dk\\\/wp-content\\\/uploads\\\/sites\\\/12\\\/2025\\\/12\\\/favicon_mekulo.png\",\"width\":50,\"height\":50,\"caption\":\"Mekulo\"},\"image\":{\"@id\":\"https:\\\/\\\/mekulo.com\\\/dk\\\/#\\\/schema\\\/logo\\\/image\\\/\"}}]}<\/script>\n<!-- \/ Yoast SEO plugin. -->","yoast_head_json":{"title":"Polerskive af uld - Mekulo DK","robots":{"index":"index","follow":"follow","max-snippet":"max-snippet:-1","max-image-preview":"max-image-preview:large","max-video-preview":"max-video-preview:-1"},"canonical":"https:\/\/mekulo.com\/dk\/produkt\/polerskive-af-uld\/","og_locale":"da_DK","og_type":"article","og_title":"Polerskive af uld - Mekulo DK","og_description":"Denne polerskive i uld er designet til hurtig og pr\u00e6cis slutpolering og hj\u00e6lper dig med at give overflader et rent og blankt udseende. Den er fremstillet af uld i h\u00f8j kvalitet, er holdbar, varmebestandig og ideel til at fjerne fine ridser, oxidering og poleringsm\u00e6rker p\u00e5 mange materialer. Et p\u00e5lideligt poleringsv\u00e6rkt\u00f8j, der giver j\u00e6vne resultater, lang levetid og professionel glans p\u00e5 hvert projekt.","og_url":"https:\/\/mekulo.com\/dk\/produkt\/polerskive-af-uld\/","og_site_name":"Mekulo DK","article_modified_time":"2026-01-09T19:12:52+00:00","og_image":[{"width":600,"height":600,"url":"https:\/\/mekulo.com\/dk\/wp-content\/uploads\/sites\/12\/2026\/01\/93binoj-1.webp","type":"image\/webp"}],"twitter_card":"summary_large_image","twitter_misc":{"Estimeret l\u00e6setid":"2 minutter"},"schema":{"@context":"https:\/\/schema.org","@graph":[{"@type":"WebPage","@id":"https:\/\/mekulo.com\/dk\/produkt\/polerskive-af-uld\/","url":"https:\/\/mekulo.com\/dk\/produkt\/polerskive-af-uld\/","name":"Polerskive af uld - Mekulo DK","isPartOf":{"@id":"https:\/\/mekulo.com\/dk\/#website"},"primaryImageOfPage":{"@id":"https:\/\/mekulo.com\/dk\/produkt\/polerskive-af-uld\/#primaryimage"},"image":{"@id":"https:\/\/mekulo.com\/dk\/produkt\/polerskive-af-uld\/#primaryimage"},"thumbnailUrl":"https:\/\/mekulo.com\/dk\/wp-content\/uploads\/sites\/12\/2026\/01\/93binoj-1.webp","datePublished":"2026-01-09T13:40:26+00:00","dateModified":"2026-01-09T19:12:52+00:00","breadcrumb":{"@id":"https:\/\/mekulo.com\/dk\/produkt\/polerskive-af-uld\/#breadcrumb"},"inLanguage":"da-DK","potentialAction":[{"@type":"ReadAction","target":["https:\/\/mekulo.com\/dk\/produkt\/polerskive-af-uld\/"]}]},{"@type":"ImageObject","inLanguage":"da-DK","@id":"https:\/\/mekulo.com\/dk\/produkt\/polerskive-af-uld\/#primaryimage","url":"https:\/\/mekulo.com\/dk\/wp-content\/uploads\/sites\/12\/2026\/01\/93binoj-1.webp","contentUrl":"https:\/\/mekulo.com\/dk\/wp-content\/uploads\/sites\/12\/2026\/01\/93binoj-1.webp","width":600,"height":600},{"@type":"BreadcrumbList","@id":"https:\/\/mekulo.com\/dk\/produkt\/polerskive-af-uld\/#breadcrumb","itemListElement":[{"@type":"ListItem","position":1,"name":"Home","item":"https:\/\/mekulo.com\/dk\/"},{"@type":"ListItem","position":2,"name":"Butik","item":"https:\/\/mekulo.com\/dk\/butik\/"},{"@type":"ListItem","position":3,"name":"Polerskive af uld"}]},{"@type":"WebSite","@id":"https:\/\/mekulo.com\/dk\/#website","url":"https:\/\/mekulo.com\/dk\/","name":"Mekulo DK","description":"","publisher":{"@id":"https:\/\/mekulo.com\/dk\/#organization"},"potentialAction":[{"@type":"SearchAction","target":{"@type":"EntryPoint","urlTemplate":"https:\/\/mekulo.com\/dk\/?s={search_term_string}"},"query-input":{"@type":"PropertyValueSpecification","valueRequired":true,"valueName":"search_term_string"}}],"inLanguage":"da-DK"},{"@type":"Organization","@id":"https:\/\/mekulo.com\/dk\/#organization","name":"Mekulo","url":"https:\/\/mekulo.com\/dk\/","logo":{"@type":"ImageObject","inLanguage":"da-DK","@id":"https:\/\/mekulo.com\/dk\/#\/schema\/logo\/image\/","url":"https:\/\/mekulo.com\/dk\/wp-content\/uploads\/sites\/12\/2025\/12\/favicon_mekulo.png","contentUrl":"https:\/\/mekulo.com\/dk\/wp-content\/uploads\/sites\/12\/2025\/12\/favicon_mekulo.png","width":50,"height":50,"caption":"Mekulo"},"image":{"@id":"https:\/\/mekulo.com\/dk\/#\/schema\/logo\/image\/"}}]}},"_links":{"self":[{"href":"https:\/\/mekulo.com\/dk\/wp-json\/wp\/v2\/product\/16409","targetHints":{"allow":["GET"]}}],"collection":[{"href":"https:\/\/mekulo.com\/dk\/wp-json\/wp\/v2\/product"}],"about":[{"href":"https:\/\/mekulo.com\/dk\/wp-json\/wp\/v2\/types\/product"}],"replies":[{"embeddable":true,"href":"https:\/\/mekulo.com\/dk\/wp-json\/wp\/v2\/comments?post=16409"}],"wp:featuredmedia":[{"embeddable":true,"href":"https:\/\/mekulo.com\/dk\/wp-json\/wp\/v2\/media\/16405"}],"wp:attachment":[{"href":"https:\/\/mekulo.com\/dk\/wp-json\/wp\/v2\/media?parent=16409"}],"wp:term":[{"taxonomy":"product_brand","embeddable":true,"href":"https:\/\/mekulo.com\/dk\/wp-json\/wp\/v2\/product_brand?post=16409"},{"taxonomy":"product_cat","embeddable":true,"href":"https:\/\/mekulo.com\/dk\/wp-json\/wp\/v2\/product_cat?post=16409"},{"taxonomy":"product_tag","embeddable":true,"href":"https:\/\/mekulo.com\/dk\/wp-json\/wp\/v2\/product_tag?post=16409"}],"curies":[{"name":"wp","href":"https:\/\/api.w.org\/{rel}","templated":true}]}}