{"id":16332,"date":"2026-01-09T15:33:52","date_gmt":"2026-01-09T13:33:52","guid":{"rendered":"https:\/\/mekulo.com\/dk\/produkt\/flaske-med-oliedispenser\/"},"modified":"2026-01-09T21:02:23","modified_gmt":"2026-01-09T19:02:23","slug":"flaske-med-oliedispenser","status":"publish","type":"product","link":"https:\/\/mekulo.com\/dk\/produkt\/flaske-med-oliedispenser\/","title":{"rendered":"Flaske med oliedispenser"},"content":{"rendered":"<p style=\"text-align: center;\" data-start=\"45\" data-end=\"105\"><strong>H\u00e6ld Olie Rent Og Pr\u00e6cist Hver Gang &#8211; Ingen Drip, Intet Rod. \ud83c\udf3b<\/strong><\/p>\n<p data-start=\"130\" data-end=\"400\"><img fetchpriority=\"high\" decoding=\"async\" class=\"size-full wp-image-47634 aligncenter\" src=\"https:\/\/keluvo.com\/template\/wp-content\/uploads\/sites\/5\/2025\/12\/12213-ezgif.com-video-to-webp-converter-2.webp\" alt=\"\" width=\"500\" height=\"500\" \/><\/p>\n<h2 style=\"text-align: center;\" data-start=\"407\" data-end=\"429\"><strong>\ud83e\uded2 Vigtigste fordele<\/strong><\/h2>\n<p data-start=\"432\" data-end=\"483\">\ud83d\udca7 Drypfri h\u00e6ldning &#8211; Intet spild eller olieagtigt rod.<\/p>\n<p data-start=\"486\" data-end=\"540\">\ud83e\uddf4 Bred mund\u00e5bning &#8211; Let at fylde op og reng\u00f8re.<\/p>\n<p data-start=\"543\" data-end=\"608\">\ud83d\udd12 Holder indholdet frisk &#8211; Silikoneforseglingen blokerer for st\u00f8v og luft.<\/p>\n<p data-start=\"611\" data-end=\"672\">\ud83e\uddca Varmebestandigt glas &#8211; Sikkert til varme og kolde v\u00e6sker.<\/p>\n<p data-start=\"675\" data-end=\"735\">\u270b Stabilt og behageligt greb &#8211; Nem og sikker h\u00e5ndtering.<\/p>\n<p data-start=\"675\" data-end=\"735\"><img decoding=\"async\" class=\"size-full wp-image-47632 aligncenter\" src=\"https:\/\/keluvo.com\/template\/wp-content\/uploads\/sites\/5\/2025\/12\/12214-ezgif.com-video-to-webp-converter-1.webp\" alt=\"\" width=\"500\" height=\"500\" \/><\/p>\n<h2 style=\"text-align: center;\" data-start=\"742\" data-end=\"761\"><strong>\u25b6\ufe0f S\u00e5dan Bruges<\/strong><\/h2>\n<ol data-start=\"762\" data-end=\"1073\">\n<li data-start=\"762\" data-end=\"828\">\n<p data-start=\"765\" data-end=\"828\">\u00c5bn l\u00e5get, og fyld flasken med olie, eddike eller sauce.<\/p>\n<\/li>\n<li data-start=\"829\" data-end=\"880\">\n<p data-start=\"832\" data-end=\"880\">Luk l\u00e5get forsvarligt for at holde indholdet friskt.<\/p>\n<\/li>\n<li data-start=\"881\" data-end=\"947\">\n<p data-start=\"884\" data-end=\"947\">Vip flasken for at h\u00e6lde &#8211; v\u00e6sken flyder j\u00e6vnt fra tuden.<\/p>\n<\/li>\n<li data-start=\"948\" data-end=\"1017\">\n<p data-start=\"951\" data-end=\"1017\">S\u00e6t den tilbage p\u00e5 bordet; der l\u00f8ber ingen dr\u00e5ber ned i flasken.<\/p>\n<\/li>\n<li data-start=\"1018\" data-end=\"1073\">\n<p data-start=\"1021\" data-end=\"1073\">Vask i h\u00e5nden eller skyl efter brug for nem reng\u00f8ring.<\/p>\n<\/li>\n<\/ol>\n<h2 style=\"text-align: center;\" data-start=\"1080\" data-end=\"1104\"><strong>\ud83d\udccf Produktdetaljer<\/strong><\/h2>\n<ul data-start=\"1105\" data-end=\"1360\">\n<li data-start=\"1105\" data-end=\"1154\">\n<p data-start=\"1107\" data-end=\"1154\">Materiale: Borosilikatglas + rustfri st\u00e5l<\/p>\n<\/li>\n<li data-start=\"1155\" data-end=\"1199\">\n<p data-start=\"1157\" data-end=\"1199\">Kapacitetsmuligheder: 500 ml \/ 750 ml \/ 1000 ml<\/p>\n<\/li>\n<li data-start=\"1200\" data-end=\"1231\">\n<p data-start=\"1202\" data-end=\"1231\">500 ml st\u00f8rrelse: 19 x 5 x 9,5 cm<\/p>\n<\/li>\n<li data-start=\"1232\" data-end=\"1265\">\n<p data-start=\"1234\" data-end=\"1265\">750 ml st\u00f8rrelse: 21,5 x 5 x 9,5 cm<\/p>\n<\/li>\n<li data-start=\"1266\" data-end=\"1300\">\n<p data-start=\"1268\" data-end=\"1300\">1000 ml st\u00f8rrelse: 24,5 x 5 x 9,5 cm<\/p>\n<\/li>\n<li data-start=\"1301\" data-end=\"1360\">\n<p data-start=\"1303\" data-end=\"1360\">Funktioner: Drypfri tud, silikoneforsegling, skridsikker bund<\/p>\n<\/li>\n<\/ul>\n<h2 style=\"text-align: center;\" data-start=\"1367\" data-end=\"1392\"><strong>\ud83d\udce6 Pakken indeholder<\/strong><\/h2>\n<ul data-start=\"1393\" data-end=\"1421\">\n<li data-start=\"1393\" data-end=\"1421\">\n<p data-start=\"1395\" data-end=\"1421\">1, 3x oliedispenserflaske(r).<\/p>\n<\/li>\n<\/ul>\n","protected":false},"excerpt":{"rendered":"<p>Denne oliedispenserflaske hj\u00e6lper dig med nemt at styre m\u00e6ngden af olie, eddike eller sauce. Den drypfri tud holder bordpladen ren, mens den brede \u00e5bning g\u00f8r genopfyldning og reng\u00f8ring hurtig og enkel. Perfekt til daglig madlavning, tilberedning af m\u00e5ltider og servering p\u00e5 bordet. En ren, stilfuld og praktisk flaske til ethvert k\u00f8kken og spisebord.<\/p>\n","protected":false},"featured_media":16328,"comment_status":"open","ping_status":"closed","template":"","meta":{"site-sidebar-layout":"default","site-content-layout":"","ast-site-content-layout":"default","site-content-style":"default","site-sidebar-style":"default","ast-global-header-display":"","ast-banner-title-visibility":"","ast-main-header-display":"","ast-hfb-above-header-display":"","ast-hfb-below-header-display":"","ast-hfb-mobile-header-display":"","site-post-title":"","ast-breadcrumbs-content":"","ast-featured-img":"","footer-sml-layout":"","ast-disable-related-posts":"","theme-transparent-header-meta":"default","adv-header-id-meta":"","stick-header-meta":"","header-above-stick-meta":"","header-main-stick-meta":"","header-below-stick-meta":"","astra-migrate-meta-layouts":"set","ast-page-background-enabled":"default","ast-page-background-meta":{"desktop":{"background-color":"var(--ast-global-color-5)","background-image":"","background-repeat":"repeat","background-position":"center center","background-size":"auto","background-attachment":"scroll","background-type":"","background-media":"","overlay-type":"","overlay-color":"","overlay-opacity":"","overlay-gradient":""},"tablet":{"background-color":"","background-image":"","background-repeat":"repeat","background-position":"center center","background-size":"auto","background-attachment":"scroll","background-type":"","background-media":"","overlay-type":"","overlay-color":"","overlay-opacity":"","overlay-gradient":""},"mobile":{"background-color":"","background-image":"","background-repeat":"repeat","background-position":"center center","background-size":"auto","background-attachment":"scroll","background-type":"","background-media":"","overlay-type":"","overlay-color":"","overlay-opacity":"","overlay-gradient":""}},"ast-content-background-meta":{"desktop":{"background-color":"var(--ast-global-color-4)","background-image":"","background-repeat":"repeat","background-position":"center center","background-size":"auto","background-attachment":"scroll","background-type":"","background-media":"","overlay-type":"","overlay-color":"","overlay-opacity":"","overlay-gradient":""},"tablet":{"background-color":"var(--ast-global-color-4)","background-image":"","background-repeat":"repeat","background-position":"center center","background-size":"auto","background-attachment":"scroll","background-type":"","background-media":"","overlay-type":"","overlay-color":"","overlay-opacity":"","overlay-gradient":""},"mobile":{"background-color":"var(--ast-global-color-4)","background-image":"","background-repeat":"repeat","background-position":"center center","background-size":"auto","background-attachment":"scroll","background-type":"","background-media":"","overlay-type":"","overlay-color":"","overlay-opacity":"","overlay-gradient":""}}},"product_brand":[],"product_cat":[168],"product_tag":[],"class_list":{"0":"post-16332","1":"product","2":"type-product","3":"status-publish","4":"has-post-thumbnail","6":"product_cat-husholdningsartikler","7":"pa_65436_hbakmkxx-1000-ml","8":"pa_65436_hbakmkxx-500-ml","9":"pa_65436_hbakmkxx-750-ml","10":"pa_65436_hbakmkxx-saet-med-3-stk","11":"desktop-align-left","12":"tablet-align-left","13":"mobile-align-left","15":"first","16":"instock","17":"shipping-taxable","18":"purchasable","19":"product-type-variable"},"yoast_head":"<!-- This site is optimized with the Yoast SEO plugin v27.4 - https:\/\/yoast.com\/product\/yoast-seo-wordpress\/ -->\n<title>Flaske med oliedispenser - Mekulo DK<\/title>\n<meta name=\"robots\" content=\"index, follow, max-snippet:-1, max-image-preview:large, max-video-preview:-1\" \/>\n<link rel=\"canonical\" href=\"https:\/\/mekulo.com\/dk\/produkt\/flaske-med-oliedispenser\/\" \/>\n<meta property=\"og:locale\" content=\"da_DK\" \/>\n<meta property=\"og:type\" content=\"article\" \/>\n<meta property=\"og:title\" content=\"Flaske med oliedispenser - Mekulo DK\" \/>\n<meta property=\"og:description\" content=\"Denne oliedispenserflaske hj\u00e6lper dig med nemt at styre m\u00e6ngden af olie, eddike eller sauce. Den drypfri tud holder bordpladen ren, mens den brede \u00e5bning g\u00f8r genopfyldning og reng\u00f8ring hurtig og enkel. Perfekt til daglig madlavning, tilberedning af m\u00e5ltider og servering p\u00e5 bordet. En ren, stilfuld og praktisk flaske til ethvert k\u00f8kken og spisebord.\" \/>\n<meta property=\"og:url\" content=\"https:\/\/mekulo.com\/dk\/produkt\/flaske-med-oliedispenser\/\" \/>\n<meta property=\"og:site_name\" content=\"Mekulo DK\" \/>\n<meta property=\"article:modified_time\" content=\"2026-01-09T19:02:23+00:00\" \/>\n<meta property=\"og:image\" content=\"https:\/\/mekulo.com\/dk\/wp-content\/uploads\/sites\/12\/2026\/01\/4k812e0-1.jpg\" \/>\n\t<meta property=\"og:image:width\" content=\"1080\" \/>\n\t<meta property=\"og:image:height\" content=\"1080\" \/>\n\t<meta property=\"og:image:type\" content=\"image\/jpeg\" \/>\n<meta name=\"twitter:card\" content=\"summary_large_image\" \/>\n<meta name=\"twitter:label1\" content=\"Estimeret l\u00e6setid\" \/>\n\t<meta name=\"twitter:data1\" content=\"2 minutter\" \/>\n<script type=\"application\/ld+json\" class=\"yoast-schema-graph\">{\"@context\":\"https:\\\/\\\/schema.org\",\"@graph\":[{\"@type\":\"WebPage\",\"@id\":\"https:\\\/\\\/mekulo.com\\\/dk\\\/produkt\\\/flaske-med-oliedispenser\\\/\",\"url\":\"https:\\\/\\\/mekulo.com\\\/dk\\\/produkt\\\/flaske-med-oliedispenser\\\/\",\"name\":\"Flaske med oliedispenser - Mekulo DK\",\"isPartOf\":{\"@id\":\"https:\\\/\\\/mekulo.com\\\/dk\\\/#website\"},\"primaryImageOfPage\":{\"@id\":\"https:\\\/\\\/mekulo.com\\\/dk\\\/produkt\\\/flaske-med-oliedispenser\\\/#primaryimage\"},\"image\":{\"@id\":\"https:\\\/\\\/mekulo.com\\\/dk\\\/produkt\\\/flaske-med-oliedispenser\\\/#primaryimage\"},\"thumbnailUrl\":\"https:\\\/\\\/mekulo.com\\\/dk\\\/wp-content\\\/uploads\\\/sites\\\/12\\\/2026\\\/01\\\/4k812e0-1.jpg\",\"datePublished\":\"2026-01-09T13:33:52+00:00\",\"dateModified\":\"2026-01-09T19:02:23+00:00\",\"breadcrumb\":{\"@id\":\"https:\\\/\\\/mekulo.com\\\/dk\\\/produkt\\\/flaske-med-oliedispenser\\\/#breadcrumb\"},\"inLanguage\":\"da-DK\",\"potentialAction\":[{\"@type\":\"ReadAction\",\"target\":[\"https:\\\/\\\/mekulo.com\\\/dk\\\/produkt\\\/flaske-med-oliedispenser\\\/\"]}]},{\"@type\":\"ImageObject\",\"inLanguage\":\"da-DK\",\"@id\":\"https:\\\/\\\/mekulo.com\\\/dk\\\/produkt\\\/flaske-med-oliedispenser\\\/#primaryimage\",\"url\":\"https:\\\/\\\/mekulo.com\\\/dk\\\/wp-content\\\/uploads\\\/sites\\\/12\\\/2026\\\/01\\\/4k812e0-1.jpg\",\"contentUrl\":\"https:\\\/\\\/mekulo.com\\\/dk\\\/wp-content\\\/uploads\\\/sites\\\/12\\\/2026\\\/01\\\/4k812e0-1.jpg\",\"width\":1080,\"height\":1080},{\"@type\":\"BreadcrumbList\",\"@id\":\"https:\\\/\\\/mekulo.com\\\/dk\\\/produkt\\\/flaske-med-oliedispenser\\\/#breadcrumb\",\"itemListElement\":[{\"@type\":\"ListItem\",\"position\":1,\"name\":\"Home\",\"item\":\"https:\\\/\\\/mekulo.com\\\/dk\\\/\"},{\"@type\":\"ListItem\",\"position\":2,\"name\":\"Butik\",\"item\":\"https:\\\/\\\/mekulo.com\\\/dk\\\/butik\\\/\"},{\"@type\":\"ListItem\",\"position\":3,\"name\":\"Flaske med oliedispenser\"}]},{\"@type\":\"WebSite\",\"@id\":\"https:\\\/\\\/mekulo.com\\\/dk\\\/#website\",\"url\":\"https:\\\/\\\/mekulo.com\\\/dk\\\/\",\"name\":\"Mekulo DK\",\"description\":\"\",\"publisher\":{\"@id\":\"https:\\\/\\\/mekulo.com\\\/dk\\\/#organization\"},\"potentialAction\":[{\"@type\":\"SearchAction\",\"target\":{\"@type\":\"EntryPoint\",\"urlTemplate\":\"https:\\\/\\\/mekulo.com\\\/dk\\\/?s={search_term_string}\"},\"query-input\":{\"@type\":\"PropertyValueSpecification\",\"valueRequired\":true,\"valueName\":\"search_term_string\"}}],\"inLanguage\":\"da-DK\"},{\"@type\":\"Organization\",\"@id\":\"https:\\\/\\\/mekulo.com\\\/dk\\\/#organization\",\"name\":\"Mekulo\",\"url\":\"https:\\\/\\\/mekulo.com\\\/dk\\\/\",\"logo\":{\"@type\":\"ImageObject\",\"inLanguage\":\"da-DK\",\"@id\":\"https:\\\/\\\/mekulo.com\\\/dk\\\/#\\\/schema\\\/logo\\\/image\\\/\",\"url\":\"https:\\\/\\\/mekulo.com\\\/dk\\\/wp-content\\\/uploads\\\/sites\\\/12\\\/2025\\\/12\\\/favicon_mekulo.png\",\"contentUrl\":\"https:\\\/\\\/mekulo.com\\\/dk\\\/wp-content\\\/uploads\\\/sites\\\/12\\\/2025\\\/12\\\/favicon_mekulo.png\",\"width\":50,\"height\":50,\"caption\":\"Mekulo\"},\"image\":{\"@id\":\"https:\\\/\\\/mekulo.com\\\/dk\\\/#\\\/schema\\\/logo\\\/image\\\/\"}}]}<\/script>\n<!-- \/ Yoast SEO plugin. -->","yoast_head_json":{"title":"Flaske med oliedispenser - Mekulo DK","robots":{"index":"index","follow":"follow","max-snippet":"max-snippet:-1","max-image-preview":"max-image-preview:large","max-video-preview":"max-video-preview:-1"},"canonical":"https:\/\/mekulo.com\/dk\/produkt\/flaske-med-oliedispenser\/","og_locale":"da_DK","og_type":"article","og_title":"Flaske med oliedispenser - Mekulo DK","og_description":"Denne oliedispenserflaske hj\u00e6lper dig med nemt at styre m\u00e6ngden af olie, eddike eller sauce. Den drypfri tud holder bordpladen ren, mens den brede \u00e5bning g\u00f8r genopfyldning og reng\u00f8ring hurtig og enkel. Perfekt til daglig madlavning, tilberedning af m\u00e5ltider og servering p\u00e5 bordet. En ren, stilfuld og praktisk flaske til ethvert k\u00f8kken og spisebord.","og_url":"https:\/\/mekulo.com\/dk\/produkt\/flaske-med-oliedispenser\/","og_site_name":"Mekulo DK","article_modified_time":"2026-01-09T19:02:23+00:00","og_image":[{"width":1080,"height":1080,"url":"https:\/\/mekulo.com\/dk\/wp-content\/uploads\/sites\/12\/2026\/01\/4k812e0-1.jpg","type":"image\/jpeg"}],"twitter_card":"summary_large_image","twitter_misc":{"Estimeret l\u00e6setid":"2 minutter"},"schema":{"@context":"https:\/\/schema.org","@graph":[{"@type":"WebPage","@id":"https:\/\/mekulo.com\/dk\/produkt\/flaske-med-oliedispenser\/","url":"https:\/\/mekulo.com\/dk\/produkt\/flaske-med-oliedispenser\/","name":"Flaske med oliedispenser - Mekulo DK","isPartOf":{"@id":"https:\/\/mekulo.com\/dk\/#website"},"primaryImageOfPage":{"@id":"https:\/\/mekulo.com\/dk\/produkt\/flaske-med-oliedispenser\/#primaryimage"},"image":{"@id":"https:\/\/mekulo.com\/dk\/produkt\/flaske-med-oliedispenser\/#primaryimage"},"thumbnailUrl":"https:\/\/mekulo.com\/dk\/wp-content\/uploads\/sites\/12\/2026\/01\/4k812e0-1.jpg","datePublished":"2026-01-09T13:33:52+00:00","dateModified":"2026-01-09T19:02:23+00:00","breadcrumb":{"@id":"https:\/\/mekulo.com\/dk\/produkt\/flaske-med-oliedispenser\/#breadcrumb"},"inLanguage":"da-DK","potentialAction":[{"@type":"ReadAction","target":["https:\/\/mekulo.com\/dk\/produkt\/flaske-med-oliedispenser\/"]}]},{"@type":"ImageObject","inLanguage":"da-DK","@id":"https:\/\/mekulo.com\/dk\/produkt\/flaske-med-oliedispenser\/#primaryimage","url":"https:\/\/mekulo.com\/dk\/wp-content\/uploads\/sites\/12\/2026\/01\/4k812e0-1.jpg","contentUrl":"https:\/\/mekulo.com\/dk\/wp-content\/uploads\/sites\/12\/2026\/01\/4k812e0-1.jpg","width":1080,"height":1080},{"@type":"BreadcrumbList","@id":"https:\/\/mekulo.com\/dk\/produkt\/flaske-med-oliedispenser\/#breadcrumb","itemListElement":[{"@type":"ListItem","position":1,"name":"Home","item":"https:\/\/mekulo.com\/dk\/"},{"@type":"ListItem","position":2,"name":"Butik","item":"https:\/\/mekulo.com\/dk\/butik\/"},{"@type":"ListItem","position":3,"name":"Flaske med oliedispenser"}]},{"@type":"WebSite","@id":"https:\/\/mekulo.com\/dk\/#website","url":"https:\/\/mekulo.com\/dk\/","name":"Mekulo DK","description":"","publisher":{"@id":"https:\/\/mekulo.com\/dk\/#organization"},"potentialAction":[{"@type":"SearchAction","target":{"@type":"EntryPoint","urlTemplate":"https:\/\/mekulo.com\/dk\/?s={search_term_string}"},"query-input":{"@type":"PropertyValueSpecification","valueRequired":true,"valueName":"search_term_string"}}],"inLanguage":"da-DK"},{"@type":"Organization","@id":"https:\/\/mekulo.com\/dk\/#organization","name":"Mekulo","url":"https:\/\/mekulo.com\/dk\/","logo":{"@type":"ImageObject","inLanguage":"da-DK","@id":"https:\/\/mekulo.com\/dk\/#\/schema\/logo\/image\/","url":"https:\/\/mekulo.com\/dk\/wp-content\/uploads\/sites\/12\/2025\/12\/favicon_mekulo.png","contentUrl":"https:\/\/mekulo.com\/dk\/wp-content\/uploads\/sites\/12\/2025\/12\/favicon_mekulo.png","width":50,"height":50,"caption":"Mekulo"},"image":{"@id":"https:\/\/mekulo.com\/dk\/#\/schema\/logo\/image\/"}}]}},"_links":{"self":[{"href":"https:\/\/mekulo.com\/dk\/wp-json\/wp\/v2\/product\/16332","targetHints":{"allow":["GET"]}}],"collection":[{"href":"https:\/\/mekulo.com\/dk\/wp-json\/wp\/v2\/product"}],"about":[{"href":"https:\/\/mekulo.com\/dk\/wp-json\/wp\/v2\/types\/product"}],"replies":[{"embeddable":true,"href":"https:\/\/mekulo.com\/dk\/wp-json\/wp\/v2\/comments?post=16332"}],"wp:featuredmedia":[{"embeddable":true,"href":"https:\/\/mekulo.com\/dk\/wp-json\/wp\/v2\/media\/16328"}],"wp:attachment":[{"href":"https:\/\/mekulo.com\/dk\/wp-json\/wp\/v2\/media?parent=16332"}],"wp:term":[{"taxonomy":"product_brand","embeddable":true,"href":"https:\/\/mekulo.com\/dk\/wp-json\/wp\/v2\/product_brand?post=16332"},{"taxonomy":"product_cat","embeddable":true,"href":"https:\/\/mekulo.com\/dk\/wp-json\/wp\/v2\/product_cat?post=16332"},{"taxonomy":"product_tag","embeddable":true,"href":"https:\/\/mekulo.com\/dk\/wp-json\/wp\/v2\/product_tag?post=16332"}],"curies":[{"name":"wp","href":"https:\/\/api.w.org\/{rel}","templated":true}]}}