{"id":16315,"date":"2026-01-09T15:32:04","date_gmt":"2026-01-09T13:32:04","guid":{"rendered":"https:\/\/mekulo.com\/dk\/produkt\/multifunktionel-badevaerelsesnoegle\/"},"modified":"2026-01-09T20:57:53","modified_gmt":"2026-01-09T18:57:53","slug":"multifunktionel-badevaerelsesnoegle","status":"publish","type":"product","link":"https:\/\/mekulo.com\/dk\/produkt\/multifunktionel-badevaerelsesnoegle\/","title":{"rendered":"Multifunktionel badev\u00e6relsesn\u00f8gle"},"content":{"rendered":"<p style=\"text-align: center;\" data-start=\"54\" data-end=\"136\"><strong>En Kompakt Skruen\u00f8gle Til Hurtige Og Nemme Reparationer I Trange Rum P\u00e5 Badev\u00e6relset Og I K\u00f8kkenet. \ud83d\udebd<\/strong><\/p>\n<p data-start=\"161\" data-end=\"449\"><img fetchpriority=\"high\" decoding=\"async\" class=\"size-full wp-image-47614 aligncenter\" src=\"https:\/\/keluvo.com\/template\/wp-content\/uploads\/sites\/5\/2025\/12\/12212-ezgif.com-video-to-webp-converter-2.webp\" alt=\"\" width=\"500\" height=\"500\" \/><\/p>\n<h2 style=\"text-align: center;\" data-start=\"456\" data-end=\"478\">\ud83d\udd27 Vigtigste fordele<\/h2>\n<p data-start=\"481\" data-end=\"534\">\ud83d\udca7 Vandt\u00e6t design &#8211; Sikker at bruge i v\u00e5de omr\u00e5der.<\/p>\n<p data-start=\"537\" data-end=\"600\">\ud83e\udeb6 Letv\u00e6gtsaluminiumslegering &#8211; St\u00e6rk, men nem at h\u00e5ndtere.<\/p>\n<p data-start=\"603\" data-end=\"668\">\u270b Kort h\u00e5ndtag &#8211; Perfekt til trange og sv\u00e6rt tilg\u00e6ngelige steder.<\/p>\n<p data-start=\"671\" data-end=\"732\">\ud83d\udd29 Justerbar k\u00e6be &#8211; Passer til bolte, m\u00f8trikker og r\u00f8rfittings.<\/p>\n<p data-start=\"735\" data-end=\"796\">\ud83d\udee0\ufe0f Skridsikkert greb &#8211; Bedre kontrol og mindre belastning af h\u00e6nderne.<\/p>\n<p data-start=\"735\" data-end=\"796\"><img decoding=\"async\" class=\"size-full wp-image-47615 aligncenter\" src=\"https:\/\/keluvo.com\/template\/wp-content\/uploads\/sites\/5\/2025\/12\/lQHPDhr0zBUaBG_NAeDNAeCwwl1EWwo1PU8BvlGFeoA4AA_480_480_480x480.gif\" alt=\"\" width=\"480\" height=\"480\" \/><\/p>\n<h2 style=\"text-align: center;\" data-start=\"803\" data-end=\"822\">\u25b6\ufe0f S\u00e5dan Bruges<\/h2>\n<ol data-start=\"823\" data-end=\"1091\">\n<li data-start=\"823\" data-end=\"878\">\n<p data-start=\"826\" data-end=\"878\">Juster k\u00e6best\u00f8rrelsen, s\u00e5 den passer til bolten, m\u00f8trikken eller r\u00f8ret.<\/p>\n<\/li>\n<li data-start=\"879\" data-end=\"920\">\n<p data-start=\"882\" data-end=\"920\">Placer skruen\u00f8glen fast p\u00e5 delen.<\/p>\n<\/li>\n<li data-start=\"921\" data-end=\"982\">\n<p data-start=\"924\" data-end=\"982\">Drej med uret for at stramme eller mod uret for at l\u00f8sne.<\/p>\n<\/li>\n<li data-start=\"983\" data-end=\"1039\">\n<p data-start=\"986\" data-end=\"1039\">Juster k\u00e6ben igen, hvis det er n\u00f8dvendigt til forskellige beslag.<\/p>\n<\/li>\n<li data-start=\"1040\" data-end=\"1091\">\n<p data-start=\"1043\" data-end=\"1091\">T\u00f8r den af efter brug, is\u00e6r i v\u00e5de omr\u00e5der.<\/p>\n<\/li>\n<\/ol>\n<h2 style=\"text-align: center;\" data-start=\"1098\" data-end=\"1122\">\ud83d\udccf Produktdetaljer<\/h2>\n<ul data-start=\"1123\" data-end=\"1287\">\n<li data-start=\"1123\" data-end=\"1151\">\n<p data-start=\"1125\" data-end=\"1151\">Materiale: Aluminiumslegering<\/p>\n<\/li>\n<li data-start=\"1152\" data-end=\"1171\">\n<p data-start=\"1154\" data-end=\"1171\">V\u00e6gt: 0,27 kg<\/p>\n<\/li>\n<li data-start=\"1172\" data-end=\"1201\">\n<p data-start=\"1174\" data-end=\"1201\">Dimensioner: 195 x 95 x 55 mm<\/p>\n<\/li>\n<li data-start=\"1202\" data-end=\"1231\">\n<p data-start=\"1204\" data-end=\"1231\">H\u00e5ndtagstype: Kort greb<\/p>\n<\/li>\n<li data-start=\"1232\" data-end=\"1287\">\n<p data-start=\"1234\" data-end=\"1287\">Brug: R\u00f8r, vandhaner, bolte, m\u00f8trikker, sanitetsarmaturer<\/p>\n<\/li>\n<li data-start=\"1232\" data-end=\"1287\">Anvendelsesomr\u00e5de: 6-68 mm<\/li>\n<\/ul>\n<h2 style=\"text-align: center;\" data-start=\"1294\" data-end=\"1319\">\ud83d\udce6 Pakken indeholder<\/h2>\n<ul data-start=\"1320\" data-end=\"1364\">\n<li data-start=\"1320\" data-end=\"1364\">\n<p data-start=\"1322\" data-end=\"1364\">1, 3x multifunktionel(e) badev\u00e6relsesn\u00f8gle(r).<\/p>\n<\/li>\n<\/ul>\n","protected":false},"excerpt":{"rendered":"<p>Denne multifunktionelle badev\u00e6relsesn\u00f8gle er designet til VVS- og husholdningsreparationer, hvor pladsen er begr\u00e6nset, og overfladerne ofte er v\u00e5de. Den er fremstillet af en st\u00e6rk, men let aluminiumslegering og giver dig bedre kontrol, et fast greb og p\u00e5lidelig ydeevne til daglig g\u00f8r-det-selv-brug eller professionel brug.<\/p>\n","protected":false},"featured_media":16311,"comment_status":"open","ping_status":"closed","template":"","meta":{"site-sidebar-layout":"default","site-content-layout":"","ast-site-content-layout":"default","site-content-style":"default","site-sidebar-style":"default","ast-global-header-display":"","ast-banner-title-visibility":"","ast-main-header-display":"","ast-hfb-above-header-display":"","ast-hfb-below-header-display":"","ast-hfb-mobile-header-display":"","site-post-title":"","ast-breadcrumbs-content":"","ast-featured-img":"","footer-sml-layout":"","ast-disable-related-posts":"","theme-transparent-header-meta":"default","adv-header-id-meta":"","stick-header-meta":"","header-above-stick-meta":"","header-main-stick-meta":"","header-below-stick-meta":"","astra-migrate-meta-layouts":"set","ast-page-background-enabled":"default","ast-page-background-meta":{"desktop":{"background-color":"var(--ast-global-color-5)","background-image":"","background-repeat":"repeat","background-position":"center center","background-size":"auto","background-attachment":"scroll","background-type":"","background-media":"","overlay-type":"","overlay-color":"","overlay-opacity":"","overlay-gradient":""},"tablet":{"background-color":"","background-image":"","background-repeat":"repeat","background-position":"center center","background-size":"auto","background-attachment":"scroll","background-type":"","background-media":"","overlay-type":"","overlay-color":"","overlay-opacity":"","overlay-gradient":""},"mobile":{"background-color":"","background-image":"","background-repeat":"repeat","background-position":"center center","background-size":"auto","background-attachment":"scroll","background-type":"","background-media":"","overlay-type":"","overlay-color":"","overlay-opacity":"","overlay-gradient":""}},"ast-content-background-meta":{"desktop":{"background-color":"var(--ast-global-color-4)","background-image":"","background-repeat":"repeat","background-position":"center center","background-size":"auto","background-attachment":"scroll","background-type":"","background-media":"","overlay-type":"","overlay-color":"","overlay-opacity":"","overlay-gradient":""},"tablet":{"background-color":"var(--ast-global-color-4)","background-image":"","background-repeat":"repeat","background-position":"center center","background-size":"auto","background-attachment":"scroll","background-type":"","background-media":"","overlay-type":"","overlay-color":"","overlay-opacity":"","overlay-gradient":""},"mobile":{"background-color":"var(--ast-global-color-4)","background-image":"","background-repeat":"repeat","background-position":"center center","background-size":"auto","background-attachment":"scroll","background-type":"","background-media":"","overlay-type":"","overlay-color":"","overlay-opacity":"","overlay-gradient":""}}},"product_brand":[],"product_cat":[171],"product_tag":[],"class_list":{"0":"post-16315","1":"product","2":"type-product","3":"status-publish","4":"has-post-thumbnail","6":"product_cat-vaerktoejer","7":"pa_65364_0l22y7bm-guld","8":"pa_65364_0l22y7bm-saet-med-3-stk","9":"pa_65364_0l22y7bm-soelv","10":"pa_65364_0l22y7bm-sort","11":"desktop-align-left","12":"tablet-align-left","13":"mobile-align-left","15":"first","16":"instock","17":"shipping-taxable","18":"purchasable","19":"product-type-variable"},"yoast_head":"<!-- This site is optimized with the Yoast SEO plugin v27.4 - https:\/\/yoast.com\/product\/yoast-seo-wordpress\/ -->\n<title>Multifunktionel badev\u00e6relsesn\u00f8gle - Mekulo DK<\/title>\n<meta name=\"robots\" content=\"index, follow, max-snippet:-1, max-image-preview:large, max-video-preview:-1\" \/>\n<link rel=\"canonical\" href=\"https:\/\/mekulo.com\/dk\/produkt\/multifunktionel-badevaerelsesnoegle\/\" \/>\n<meta property=\"og:locale\" content=\"da_DK\" \/>\n<meta property=\"og:type\" content=\"article\" \/>\n<meta property=\"og:title\" content=\"Multifunktionel badev\u00e6relsesn\u00f8gle - Mekulo DK\" \/>\n<meta property=\"og:description\" content=\"Denne multifunktionelle badev\u00e6relsesn\u00f8gle er designet til VVS- og husholdningsreparationer, hvor pladsen er begr\u00e6nset, og overfladerne ofte er v\u00e5de. Den er fremstillet af en st\u00e6rk, men let aluminiumslegering og giver dig bedre kontrol, et fast greb og p\u00e5lidelig ydeevne til daglig g\u00f8r-det-selv-brug eller professionel brug.\" \/>\n<meta property=\"og:url\" content=\"https:\/\/mekulo.com\/dk\/produkt\/multifunktionel-badevaerelsesnoegle\/\" \/>\n<meta property=\"og:site_name\" content=\"Mekulo DK\" \/>\n<meta property=\"article:modified_time\" content=\"2026-01-09T18:57:53+00:00\" \/>\n<meta property=\"og:image\" content=\"https:\/\/mekulo.com\/dk\/wp-content\/uploads\/sites\/12\/2026\/01\/myoidel-1.jpg\" \/>\n\t<meta property=\"og:image:width\" content=\"1080\" \/>\n\t<meta property=\"og:image:height\" content=\"1080\" \/>\n\t<meta property=\"og:image:type\" content=\"image\/jpeg\" \/>\n<meta name=\"twitter:card\" content=\"summary_large_image\" \/>\n<meta name=\"twitter:label1\" content=\"Estimeret l\u00e6setid\" \/>\n\t<meta name=\"twitter:data1\" content=\"2 minutter\" \/>\n<script type=\"application\/ld+json\" class=\"yoast-schema-graph\">{\"@context\":\"https:\\\/\\\/schema.org\",\"@graph\":[{\"@type\":\"WebPage\",\"@id\":\"https:\\\/\\\/mekulo.com\\\/dk\\\/produkt\\\/multifunktionel-badevaerelsesnoegle\\\/\",\"url\":\"https:\\\/\\\/mekulo.com\\\/dk\\\/produkt\\\/multifunktionel-badevaerelsesnoegle\\\/\",\"name\":\"Multifunktionel badev\u00e6relsesn\u00f8gle - Mekulo DK\",\"isPartOf\":{\"@id\":\"https:\\\/\\\/mekulo.com\\\/dk\\\/#website\"},\"primaryImageOfPage\":{\"@id\":\"https:\\\/\\\/mekulo.com\\\/dk\\\/produkt\\\/multifunktionel-badevaerelsesnoegle\\\/#primaryimage\"},\"image\":{\"@id\":\"https:\\\/\\\/mekulo.com\\\/dk\\\/produkt\\\/multifunktionel-badevaerelsesnoegle\\\/#primaryimage\"},\"thumbnailUrl\":\"https:\\\/\\\/mekulo.com\\\/dk\\\/wp-content\\\/uploads\\\/sites\\\/12\\\/2026\\\/01\\\/myoidel-1.jpg\",\"datePublished\":\"2026-01-09T13:32:04+00:00\",\"dateModified\":\"2026-01-09T18:57:53+00:00\",\"breadcrumb\":{\"@id\":\"https:\\\/\\\/mekulo.com\\\/dk\\\/produkt\\\/multifunktionel-badevaerelsesnoegle\\\/#breadcrumb\"},\"inLanguage\":\"da-DK\",\"potentialAction\":[{\"@type\":\"ReadAction\",\"target\":[\"https:\\\/\\\/mekulo.com\\\/dk\\\/produkt\\\/multifunktionel-badevaerelsesnoegle\\\/\"]}]},{\"@type\":\"ImageObject\",\"inLanguage\":\"da-DK\",\"@id\":\"https:\\\/\\\/mekulo.com\\\/dk\\\/produkt\\\/multifunktionel-badevaerelsesnoegle\\\/#primaryimage\",\"url\":\"https:\\\/\\\/mekulo.com\\\/dk\\\/wp-content\\\/uploads\\\/sites\\\/12\\\/2026\\\/01\\\/myoidel-1.jpg\",\"contentUrl\":\"https:\\\/\\\/mekulo.com\\\/dk\\\/wp-content\\\/uploads\\\/sites\\\/12\\\/2026\\\/01\\\/myoidel-1.jpg\",\"width\":1080,\"height\":1080},{\"@type\":\"BreadcrumbList\",\"@id\":\"https:\\\/\\\/mekulo.com\\\/dk\\\/produkt\\\/multifunktionel-badevaerelsesnoegle\\\/#breadcrumb\",\"itemListElement\":[{\"@type\":\"ListItem\",\"position\":1,\"name\":\"Home\",\"item\":\"https:\\\/\\\/mekulo.com\\\/dk\\\/\"},{\"@type\":\"ListItem\",\"position\":2,\"name\":\"Butik\",\"item\":\"https:\\\/\\\/mekulo.com\\\/dk\\\/butik\\\/\"},{\"@type\":\"ListItem\",\"position\":3,\"name\":\"Multifunktionel badev\u00e6relsesn\u00f8gle\"}]},{\"@type\":\"WebSite\",\"@id\":\"https:\\\/\\\/mekulo.com\\\/dk\\\/#website\",\"url\":\"https:\\\/\\\/mekulo.com\\\/dk\\\/\",\"name\":\"Mekulo DK\",\"description\":\"\",\"publisher\":{\"@id\":\"https:\\\/\\\/mekulo.com\\\/dk\\\/#organization\"},\"potentialAction\":[{\"@type\":\"SearchAction\",\"target\":{\"@type\":\"EntryPoint\",\"urlTemplate\":\"https:\\\/\\\/mekulo.com\\\/dk\\\/?s={search_term_string}\"},\"query-input\":{\"@type\":\"PropertyValueSpecification\",\"valueRequired\":true,\"valueName\":\"search_term_string\"}}],\"inLanguage\":\"da-DK\"},{\"@type\":\"Organization\",\"@id\":\"https:\\\/\\\/mekulo.com\\\/dk\\\/#organization\",\"name\":\"Mekulo\",\"url\":\"https:\\\/\\\/mekulo.com\\\/dk\\\/\",\"logo\":{\"@type\":\"ImageObject\",\"inLanguage\":\"da-DK\",\"@id\":\"https:\\\/\\\/mekulo.com\\\/dk\\\/#\\\/schema\\\/logo\\\/image\\\/\",\"url\":\"https:\\\/\\\/mekulo.com\\\/dk\\\/wp-content\\\/uploads\\\/sites\\\/12\\\/2025\\\/12\\\/favicon_mekulo.png\",\"contentUrl\":\"https:\\\/\\\/mekulo.com\\\/dk\\\/wp-content\\\/uploads\\\/sites\\\/12\\\/2025\\\/12\\\/favicon_mekulo.png\",\"width\":50,\"height\":50,\"caption\":\"Mekulo\"},\"image\":{\"@id\":\"https:\\\/\\\/mekulo.com\\\/dk\\\/#\\\/schema\\\/logo\\\/image\\\/\"}}]}<\/script>\n<!-- \/ Yoast SEO plugin. -->","yoast_head_json":{"title":"Multifunktionel badev\u00e6relsesn\u00f8gle - Mekulo DK","robots":{"index":"index","follow":"follow","max-snippet":"max-snippet:-1","max-image-preview":"max-image-preview:large","max-video-preview":"max-video-preview:-1"},"canonical":"https:\/\/mekulo.com\/dk\/produkt\/multifunktionel-badevaerelsesnoegle\/","og_locale":"da_DK","og_type":"article","og_title":"Multifunktionel badev\u00e6relsesn\u00f8gle - Mekulo DK","og_description":"Denne multifunktionelle badev\u00e6relsesn\u00f8gle er designet til VVS- og husholdningsreparationer, hvor pladsen er begr\u00e6nset, og overfladerne ofte er v\u00e5de. Den er fremstillet af en st\u00e6rk, men let aluminiumslegering og giver dig bedre kontrol, et fast greb og p\u00e5lidelig ydeevne til daglig g\u00f8r-det-selv-brug eller professionel brug.","og_url":"https:\/\/mekulo.com\/dk\/produkt\/multifunktionel-badevaerelsesnoegle\/","og_site_name":"Mekulo DK","article_modified_time":"2026-01-09T18:57:53+00:00","og_image":[{"width":1080,"height":1080,"url":"https:\/\/mekulo.com\/dk\/wp-content\/uploads\/sites\/12\/2026\/01\/myoidel-1.jpg","type":"image\/jpeg"}],"twitter_card":"summary_large_image","twitter_misc":{"Estimeret l\u00e6setid":"2 minutter"},"schema":{"@context":"https:\/\/schema.org","@graph":[{"@type":"WebPage","@id":"https:\/\/mekulo.com\/dk\/produkt\/multifunktionel-badevaerelsesnoegle\/","url":"https:\/\/mekulo.com\/dk\/produkt\/multifunktionel-badevaerelsesnoegle\/","name":"Multifunktionel badev\u00e6relsesn\u00f8gle - Mekulo DK","isPartOf":{"@id":"https:\/\/mekulo.com\/dk\/#website"},"primaryImageOfPage":{"@id":"https:\/\/mekulo.com\/dk\/produkt\/multifunktionel-badevaerelsesnoegle\/#primaryimage"},"image":{"@id":"https:\/\/mekulo.com\/dk\/produkt\/multifunktionel-badevaerelsesnoegle\/#primaryimage"},"thumbnailUrl":"https:\/\/mekulo.com\/dk\/wp-content\/uploads\/sites\/12\/2026\/01\/myoidel-1.jpg","datePublished":"2026-01-09T13:32:04+00:00","dateModified":"2026-01-09T18:57:53+00:00","breadcrumb":{"@id":"https:\/\/mekulo.com\/dk\/produkt\/multifunktionel-badevaerelsesnoegle\/#breadcrumb"},"inLanguage":"da-DK","potentialAction":[{"@type":"ReadAction","target":["https:\/\/mekulo.com\/dk\/produkt\/multifunktionel-badevaerelsesnoegle\/"]}]},{"@type":"ImageObject","inLanguage":"da-DK","@id":"https:\/\/mekulo.com\/dk\/produkt\/multifunktionel-badevaerelsesnoegle\/#primaryimage","url":"https:\/\/mekulo.com\/dk\/wp-content\/uploads\/sites\/12\/2026\/01\/myoidel-1.jpg","contentUrl":"https:\/\/mekulo.com\/dk\/wp-content\/uploads\/sites\/12\/2026\/01\/myoidel-1.jpg","width":1080,"height":1080},{"@type":"BreadcrumbList","@id":"https:\/\/mekulo.com\/dk\/produkt\/multifunktionel-badevaerelsesnoegle\/#breadcrumb","itemListElement":[{"@type":"ListItem","position":1,"name":"Home","item":"https:\/\/mekulo.com\/dk\/"},{"@type":"ListItem","position":2,"name":"Butik","item":"https:\/\/mekulo.com\/dk\/butik\/"},{"@type":"ListItem","position":3,"name":"Multifunktionel badev\u00e6relsesn\u00f8gle"}]},{"@type":"WebSite","@id":"https:\/\/mekulo.com\/dk\/#website","url":"https:\/\/mekulo.com\/dk\/","name":"Mekulo DK","description":"","publisher":{"@id":"https:\/\/mekulo.com\/dk\/#organization"},"potentialAction":[{"@type":"SearchAction","target":{"@type":"EntryPoint","urlTemplate":"https:\/\/mekulo.com\/dk\/?s={search_term_string}"},"query-input":{"@type":"PropertyValueSpecification","valueRequired":true,"valueName":"search_term_string"}}],"inLanguage":"da-DK"},{"@type":"Organization","@id":"https:\/\/mekulo.com\/dk\/#organization","name":"Mekulo","url":"https:\/\/mekulo.com\/dk\/","logo":{"@type":"ImageObject","inLanguage":"da-DK","@id":"https:\/\/mekulo.com\/dk\/#\/schema\/logo\/image\/","url":"https:\/\/mekulo.com\/dk\/wp-content\/uploads\/sites\/12\/2025\/12\/favicon_mekulo.png","contentUrl":"https:\/\/mekulo.com\/dk\/wp-content\/uploads\/sites\/12\/2025\/12\/favicon_mekulo.png","width":50,"height":50,"caption":"Mekulo"},"image":{"@id":"https:\/\/mekulo.com\/dk\/#\/schema\/logo\/image\/"}}]}},"_links":{"self":[{"href":"https:\/\/mekulo.com\/dk\/wp-json\/wp\/v2\/product\/16315","targetHints":{"allow":["GET"]}}],"collection":[{"href":"https:\/\/mekulo.com\/dk\/wp-json\/wp\/v2\/product"}],"about":[{"href":"https:\/\/mekulo.com\/dk\/wp-json\/wp\/v2\/types\/product"}],"replies":[{"embeddable":true,"href":"https:\/\/mekulo.com\/dk\/wp-json\/wp\/v2\/comments?post=16315"}],"wp:featuredmedia":[{"embeddable":true,"href":"https:\/\/mekulo.com\/dk\/wp-json\/wp\/v2\/media\/16311"}],"wp:attachment":[{"href":"https:\/\/mekulo.com\/dk\/wp-json\/wp\/v2\/media?parent=16315"}],"wp:term":[{"taxonomy":"product_brand","embeddable":true,"href":"https:\/\/mekulo.com\/dk\/wp-json\/wp\/v2\/product_brand?post=16315"},{"taxonomy":"product_cat","embeddable":true,"href":"https:\/\/mekulo.com\/dk\/wp-json\/wp\/v2\/product_cat?post=16315"},{"taxonomy":"product_tag","embeddable":true,"href":"https:\/\/mekulo.com\/dk\/wp-json\/wp\/v2\/product_tag?post=16315"}],"curies":[{"name":"wp","href":"https:\/\/api.w.org\/{rel}","templated":true}]}}