{"id":16294,"date":"2026-01-09T15:30:27","date_gmt":"2026-01-09T13:30:27","guid":{"rendered":"https:\/\/mekulo.com\/dk\/produkt\/vaerktoej-til-bremsefjederskiver\/"},"modified":"2026-02-03T17:21:11","modified_gmt":"2026-02-03T15:21:11","slug":"vaerktoej-til-bremsefjederskiver","status":"publish","type":"product","link":"https:\/\/mekulo.com\/dk\/produkt\/vaerktoej-til-bremsefjederskiver\/","title":{"rendered":"V\u00e6rkt\u00f8j til bremsefjederskiver"},"content":{"rendered":"<p style=\"text-align: center;\" data-start=\"49\" data-end=\"120\"><strong>Komprimer og monter bremsefjedre hurtigt og sikkert med mindre indsats. \ud83d\ude97<\/strong><\/p>\n<p data-start=\"145\" data-end=\"436\"><img fetchpriority=\"high\" decoding=\"async\" class=\"size-full wp-image-47597 aligncenter\" src=\"https:\/\/keluvo.com\/template\/wp-content\/uploads\/sites\/5\/2025\/12\/1221-ezgif.com-video-to-webp-converter-2.webp\" alt=\"\" width=\"500\" height=\"500\" \/><\/p>\n<h2 style=\"text-align: center;\" data-start=\"443\" data-end=\"466\">Vigtigste fordele<\/h2>\n<p data-start=\"469\" data-end=\"537\">\ud83d\udcaa St\u00e6rk st\u00e5lkonstruktion &#8211; Bygget til tungt bremsearbejde.<\/p>\n<p data-start=\"540\" data-end=\"600\">\u270b Ergonomisk greb &#8211; Reducerer tr\u00e6thed i h\u00e6nderne under reparationer.<\/p>\n<p data-start=\"603\" data-end=\"664\">\ud83d\udd25 Varmebestandigt h\u00e5ndtag &#8211; Beskytter h\u00e6nderne under arbejdet.<\/p>\n<p data-start=\"667\" data-end=\"737\">\u2699\ufe0f Multifunktionel brug &#8211; Fungerer med fjedre, kopper og bremsesko.<\/p>\n<p data-start=\"740\" data-end=\"812\">\ud83d\ude97 Bred kompatibilitet &#8211; Velegnet til biler, lastbiler og motorcykler.<\/p>\n<p data-start=\"740\" data-end=\"812\"><img decoding=\"async\" class=\"size-full wp-image-47592 aligncenter\" src=\"https:\/\/keluvo.com\/template\/wp-content\/uploads\/sites\/5\/2025\/12\/12211-ezgif.com-video-to-webp-converter-2.webp\" alt=\"\" width=\"500\" height=\"500\" \/><\/p>\n<h2 style=\"text-align: center;\" data-start=\"819\" data-end=\"838\"><strong>S\u00e5dan Bruges<\/strong><\/h2>\n<ol data-start=\"839\" data-end=\"1094\">\n<li data-start=\"839\" data-end=\"894\">\n<p data-start=\"842\" data-end=\"894\">V\u00e6rkt\u00f8jet placeres over bremsefjederen eller -skiven.<\/p>\n<\/li>\n<li data-start=\"895\" data-end=\"945\">\n<p data-start=\"898\" data-end=\"945\">Tryk forsigtigt for at komprimere fjederen.<\/p>\n<\/li>\n<li data-start=\"946\" data-end=\"999\">\n<p data-start=\"949\" data-end=\"999\">Fjern eller monter bremsekomponenten efter behov.<\/p>\n<\/li>\n<li data-start=\"1000\" data-end=\"1050\">\n<p data-start=\"1003\" data-end=\"1050\">Slip trykket langsomt for sikker positionering.<\/p>\n<\/li>\n<li data-start=\"1051\" data-end=\"1094\">\n<p data-start=\"1054\" data-end=\"1094\">Gentag for de resterende bremsekomponenter.<\/p>\n<\/li>\n<\/ol>\n<h2 style=\"text-align: center;\" data-start=\"1101\" data-end=\"1125\"><strong>Produktdetaljer<\/strong><\/h2>\n<ul data-start=\"1126\" data-end=\"1310\">\n<li data-start=\"1126\" data-end=\"1159\">\n<p data-start=\"1128\" data-end=\"1159\">Materiale: St\u00e5l + ABS-plast<\/p>\n<\/li>\n<li data-start=\"1197\" data-end=\"1242\">\n<p data-start=\"1199\" data-end=\"1242\">Dimensioner: 14,5 x 2,5 cm<\/p>\n<\/li>\n<li data-start=\"1243\" data-end=\"1259\">\n<p data-start=\"1245\" data-end=\"1259\">V\u00e6gt: 90 g<\/p>\n<\/li>\n<li data-start=\"1260\" data-end=\"1310\">\n<p data-start=\"1262\" data-end=\"1310\">Anvendelse: Bremsereparation, mekaniske reparationer og reparationer i hjemmet<\/p>\n<\/li>\n<\/ul>\n<h2 style=\"text-align: center;\" data-start=\"1317\" data-end=\"1342\"><strong>Pakken indeholder<\/strong><\/h2>\n<ul data-start=\"1343\" data-end=\"1375\">\n<li data-start=\"1343\" data-end=\"1375\">\n<p data-start=\"1345\" data-end=\"1375\">1, 2x bremsefjederskivev\u00e6rkt\u00f8j\/er.<\/p>\n<\/li>\n<\/ul>\n","protected":false},"excerpt":{"rendered":"<p>Denne bremsefjederskive g\u00f8r reparationer af tromlebremser hurtigere og nemmere ved at hj\u00e6lpe dig med at komprimere, fjerne og installere bremsefjedre med fuld kontrol. Det ergonomiske h\u00e5ndtag og det st\u00e6rke st\u00e5lhus reducerer belastningen af h\u00e6nderne og forbedrer sikkerheden, uanset om du er professionel mekaniker eller g\u00f8r-det-selv-bilejer.<\/p>\n","protected":false},"featured_media":16290,"comment_status":"open","ping_status":"closed","template":"","meta":{"site-sidebar-layout":"default","site-content-layout":"","ast-site-content-layout":"default","site-content-style":"default","site-sidebar-style":"default","ast-global-header-display":"","ast-banner-title-visibility":"","ast-main-header-display":"","ast-hfb-above-header-display":"","ast-hfb-below-header-display":"","ast-hfb-mobile-header-display":"","site-post-title":"","ast-breadcrumbs-content":"","ast-featured-img":"","footer-sml-layout":"","theme-transparent-header-meta":"default","adv-header-id-meta":"","stick-header-meta":"","header-above-stick-meta":"","header-main-stick-meta":"","header-below-stick-meta":"","astra-migrate-meta-layouts":"set","ast-page-background-enabled":"default","ast-page-background-meta":{"desktop":{"background-color":"var(--ast-global-color-5)","background-image":"","background-repeat":"repeat","background-position":"center center","background-size":"auto","background-attachment":"scroll","background-type":"","background-media":"","overlay-type":"","overlay-color":"","overlay-opacity":"","overlay-gradient":""},"tablet":{"background-color":"","background-image":"","background-repeat":"repeat","background-position":"center center","background-size":"auto","background-attachment":"scroll","background-type":"","background-media":"","overlay-type":"","overlay-color":"","overlay-opacity":"","overlay-gradient":""},"mobile":{"background-color":"","background-image":"","background-repeat":"repeat","background-position":"center center","background-size":"auto","background-attachment":"scroll","background-type":"","background-media":"","overlay-type":"","overlay-color":"","overlay-opacity":"","overlay-gradient":""}},"ast-content-background-meta":{"desktop":{"background-color":"var(--ast-global-color-4)","background-image":"","background-repeat":"repeat","background-position":"center center","background-size":"auto","background-attachment":"scroll","background-type":"","background-media":"","overlay-type":"","overlay-color":"","overlay-opacity":"","overlay-gradient":""},"tablet":{"background-color":"var(--ast-global-color-4)","background-image":"","background-repeat":"repeat","background-position":"center center","background-size":"auto","background-attachment":"scroll","background-type":"","background-media":"","overlay-type":"","overlay-color":"","overlay-opacity":"","overlay-gradient":""},"mobile":{"background-color":"var(--ast-global-color-4)","background-image":"","background-repeat":"repeat","background-position":"center center","background-size":"auto","background-attachment":"scroll","background-type":"","background-media":"","overlay-type":"","overlay-color":"","overlay-opacity":"","overlay-gradient":""}}},"product_brand":[],"product_cat":[161,171],"product_tag":[],"class_list":{"0":"post-16294","1":"product","2":"type-product","3":"status-publish","4":"has-post-thumbnail","6":"product_cat-bilprodukter","7":"product_cat-vaerktoejer","8":"pa_65359_l2r28ct6-1-stk","9":"pa_65359_l2r28ct6-2-stk","10":"pa_65359_levifumk-groen","11":"pa_65359_levifumk-roed","12":"pa_65359_levifumk-sort","13":"desktop-align-left","14":"tablet-align-left","15":"mobile-align-left","17":"first","18":"instock","19":"shipping-taxable","20":"purchasable","21":"product-type-variable","22":"has-default-attributes"},"yoast_head":"<!-- This site is optimized with the Yoast SEO plugin v26.6 - https:\/\/yoast.com\/wordpress\/plugins\/seo\/ -->\n<title>V\u00e6rkt\u00f8j til bremsefjederskiver - Mekulo DK<\/title>\n<meta name=\"robots\" content=\"index, follow, max-snippet:-1, max-image-preview:large, max-video-preview:-1\" \/>\n<link rel=\"canonical\" href=\"https:\/\/mekulo.com\/dk\/produkt\/vaerktoej-til-bremsefjederskiver\/\" \/>\n<meta property=\"og:locale\" content=\"da_DK\" \/>\n<meta property=\"og:type\" content=\"article\" \/>\n<meta property=\"og:title\" content=\"V\u00e6rkt\u00f8j til bremsefjederskiver - Mekulo DK\" \/>\n<meta property=\"og:description\" content=\"Denne bremsefjederskive g\u00f8r reparationer af tromlebremser hurtigere og nemmere ved at hj\u00e6lpe dig med at komprimere, fjerne og installere bremsefjedre med fuld kontrol. Det ergonomiske h\u00e5ndtag og det st\u00e6rke st\u00e5lhus reducerer belastningen af h\u00e6nderne og forbedrer sikkerheden, uanset om du er professionel mekaniker eller g\u00f8r-det-selv-bilejer.\" \/>\n<meta property=\"og:url\" content=\"https:\/\/mekulo.com\/dk\/produkt\/vaerktoej-til-bremsefjederskiver\/\" \/>\n<meta property=\"og:site_name\" content=\"Mekulo DK\" \/>\n<meta property=\"article:modified_time\" content=\"2026-02-03T15:21:11+00:00\" \/>\n<meta property=\"og:image\" content=\"https:\/\/mekulo.com\/dk\/wp-content\/uploads\/sites\/12\/2026\/01\/qf051n5-1.webp\" \/>\n\t<meta property=\"og:image:width\" content=\"800\" \/>\n\t<meta property=\"og:image:height\" content=\"800\" \/>\n\t<meta property=\"og:image:type\" content=\"image\/webp\" \/>\n<meta name=\"twitter:card\" content=\"summary_large_image\" \/>\n<meta name=\"twitter:label1\" content=\"Estimeret l\u00e6setid\" \/>\n\t<meta name=\"twitter:data1\" content=\"2 minutter\" \/>\n<script type=\"application\/ld+json\" class=\"yoast-schema-graph\">{\"@context\":\"https:\/\/schema.org\",\"@graph\":[{\"@type\":\"WebPage\",\"@id\":\"https:\/\/mekulo.com\/dk\/produkt\/vaerktoej-til-bremsefjederskiver\/\",\"url\":\"https:\/\/mekulo.com\/dk\/produkt\/vaerktoej-til-bremsefjederskiver\/\",\"name\":\"V\u00e6rkt\u00f8j til bremsefjederskiver - Mekulo DK\",\"isPartOf\":{\"@id\":\"https:\/\/mekulo.com\/dk\/#website\"},\"primaryImageOfPage\":{\"@id\":\"https:\/\/mekulo.com\/dk\/produkt\/vaerktoej-til-bremsefjederskiver\/#primaryimage\"},\"image\":{\"@id\":\"https:\/\/mekulo.com\/dk\/produkt\/vaerktoej-til-bremsefjederskiver\/#primaryimage\"},\"thumbnailUrl\":\"https:\/\/mekulo.com\/dk\/wp-content\/uploads\/sites\/12\/2026\/01\/qf051n5-1.webp\",\"datePublished\":\"2026-01-09T13:30:27+00:00\",\"dateModified\":\"2026-02-03T15:21:11+00:00\",\"breadcrumb\":{\"@id\":\"https:\/\/mekulo.com\/dk\/produkt\/vaerktoej-til-bremsefjederskiver\/#breadcrumb\"},\"inLanguage\":\"da-DK\",\"potentialAction\":[{\"@type\":\"ReadAction\",\"target\":[\"https:\/\/mekulo.com\/dk\/produkt\/vaerktoej-til-bremsefjederskiver\/\"]}]},{\"@type\":\"ImageObject\",\"inLanguage\":\"da-DK\",\"@id\":\"https:\/\/mekulo.com\/dk\/produkt\/vaerktoej-til-bremsefjederskiver\/#primaryimage\",\"url\":\"https:\/\/mekulo.com\/dk\/wp-content\/uploads\/sites\/12\/2026\/01\/qf051n5-1.webp\",\"contentUrl\":\"https:\/\/mekulo.com\/dk\/wp-content\/uploads\/sites\/12\/2026\/01\/qf051n5-1.webp\",\"width\":800,\"height\":800},{\"@type\":\"BreadcrumbList\",\"@id\":\"https:\/\/mekulo.com\/dk\/produkt\/vaerktoej-til-bremsefjederskiver\/#breadcrumb\",\"itemListElement\":[{\"@type\":\"ListItem\",\"position\":1,\"name\":\"Home\",\"item\":\"https:\/\/mekulo.com\/dk\/\"},{\"@type\":\"ListItem\",\"position\":2,\"name\":\"Butik\",\"item\":\"https:\/\/mekulo.com\/dk\/butik\/\"},{\"@type\":\"ListItem\",\"position\":3,\"name\":\"V\u00e6rkt\u00f8j til bremsefjederskiver\"}]},{\"@type\":\"WebSite\",\"@id\":\"https:\/\/mekulo.com\/dk\/#website\",\"url\":\"https:\/\/mekulo.com\/dk\/\",\"name\":\"Mekulo DK\",\"description\":\"\",\"publisher\":{\"@id\":\"https:\/\/mekulo.com\/dk\/#organization\"},\"potentialAction\":[{\"@type\":\"SearchAction\",\"target\":{\"@type\":\"EntryPoint\",\"urlTemplate\":\"https:\/\/mekulo.com\/dk\/?s={search_term_string}\"},\"query-input\":{\"@type\":\"PropertyValueSpecification\",\"valueRequired\":true,\"valueName\":\"search_term_string\"}}],\"inLanguage\":\"da-DK\"},{\"@type\":\"Organization\",\"@id\":\"https:\/\/mekulo.com\/dk\/#organization\",\"name\":\"Mekulo\",\"url\":\"https:\/\/mekulo.com\/dk\/\",\"logo\":{\"@type\":\"ImageObject\",\"inLanguage\":\"da-DK\",\"@id\":\"https:\/\/mekulo.com\/dk\/#\/schema\/logo\/image\/\",\"url\":\"https:\/\/mekulo.com\/dk\/wp-content\/uploads\/sites\/12\/2025\/12\/favicon_mekulo.png\",\"contentUrl\":\"https:\/\/mekulo.com\/dk\/wp-content\/uploads\/sites\/12\/2025\/12\/favicon_mekulo.png\",\"width\":50,\"height\":50,\"caption\":\"Mekulo\"},\"image\":{\"@id\":\"https:\/\/mekulo.com\/dk\/#\/schema\/logo\/image\/\"}}]}<\/script>\n<!-- \/ Yoast SEO plugin. -->","yoast_head_json":{"title":"V\u00e6rkt\u00f8j til bremsefjederskiver - Mekulo DK","robots":{"index":"index","follow":"follow","max-snippet":"max-snippet:-1","max-image-preview":"max-image-preview:large","max-video-preview":"max-video-preview:-1"},"canonical":"https:\/\/mekulo.com\/dk\/produkt\/vaerktoej-til-bremsefjederskiver\/","og_locale":"da_DK","og_type":"article","og_title":"V\u00e6rkt\u00f8j til bremsefjederskiver - Mekulo DK","og_description":"Denne bremsefjederskive g\u00f8r reparationer af tromlebremser hurtigere og nemmere ved at hj\u00e6lpe dig med at komprimere, fjerne og installere bremsefjedre med fuld kontrol. Det ergonomiske h\u00e5ndtag og det st\u00e6rke st\u00e5lhus reducerer belastningen af h\u00e6nderne og forbedrer sikkerheden, uanset om du er professionel mekaniker eller g\u00f8r-det-selv-bilejer.","og_url":"https:\/\/mekulo.com\/dk\/produkt\/vaerktoej-til-bremsefjederskiver\/","og_site_name":"Mekulo DK","article_modified_time":"2026-02-03T15:21:11+00:00","og_image":[{"width":800,"height":800,"url":"https:\/\/mekulo.com\/dk\/wp-content\/uploads\/sites\/12\/2026\/01\/qf051n5-1.webp","type":"image\/webp"}],"twitter_card":"summary_large_image","twitter_misc":{"Estimeret l\u00e6setid":"2 minutter"},"schema":{"@context":"https:\/\/schema.org","@graph":[{"@type":"WebPage","@id":"https:\/\/mekulo.com\/dk\/produkt\/vaerktoej-til-bremsefjederskiver\/","url":"https:\/\/mekulo.com\/dk\/produkt\/vaerktoej-til-bremsefjederskiver\/","name":"V\u00e6rkt\u00f8j til bremsefjederskiver - Mekulo DK","isPartOf":{"@id":"https:\/\/mekulo.com\/dk\/#website"},"primaryImageOfPage":{"@id":"https:\/\/mekulo.com\/dk\/produkt\/vaerktoej-til-bremsefjederskiver\/#primaryimage"},"image":{"@id":"https:\/\/mekulo.com\/dk\/produkt\/vaerktoej-til-bremsefjederskiver\/#primaryimage"},"thumbnailUrl":"https:\/\/mekulo.com\/dk\/wp-content\/uploads\/sites\/12\/2026\/01\/qf051n5-1.webp","datePublished":"2026-01-09T13:30:27+00:00","dateModified":"2026-02-03T15:21:11+00:00","breadcrumb":{"@id":"https:\/\/mekulo.com\/dk\/produkt\/vaerktoej-til-bremsefjederskiver\/#breadcrumb"},"inLanguage":"da-DK","potentialAction":[{"@type":"ReadAction","target":["https:\/\/mekulo.com\/dk\/produkt\/vaerktoej-til-bremsefjederskiver\/"]}]},{"@type":"ImageObject","inLanguage":"da-DK","@id":"https:\/\/mekulo.com\/dk\/produkt\/vaerktoej-til-bremsefjederskiver\/#primaryimage","url":"https:\/\/mekulo.com\/dk\/wp-content\/uploads\/sites\/12\/2026\/01\/qf051n5-1.webp","contentUrl":"https:\/\/mekulo.com\/dk\/wp-content\/uploads\/sites\/12\/2026\/01\/qf051n5-1.webp","width":800,"height":800},{"@type":"BreadcrumbList","@id":"https:\/\/mekulo.com\/dk\/produkt\/vaerktoej-til-bremsefjederskiver\/#breadcrumb","itemListElement":[{"@type":"ListItem","position":1,"name":"Home","item":"https:\/\/mekulo.com\/dk\/"},{"@type":"ListItem","position":2,"name":"Butik","item":"https:\/\/mekulo.com\/dk\/butik\/"},{"@type":"ListItem","position":3,"name":"V\u00e6rkt\u00f8j til bremsefjederskiver"}]},{"@type":"WebSite","@id":"https:\/\/mekulo.com\/dk\/#website","url":"https:\/\/mekulo.com\/dk\/","name":"Mekulo DK","description":"","publisher":{"@id":"https:\/\/mekulo.com\/dk\/#organization"},"potentialAction":[{"@type":"SearchAction","target":{"@type":"EntryPoint","urlTemplate":"https:\/\/mekulo.com\/dk\/?s={search_term_string}"},"query-input":{"@type":"PropertyValueSpecification","valueRequired":true,"valueName":"search_term_string"}}],"inLanguage":"da-DK"},{"@type":"Organization","@id":"https:\/\/mekulo.com\/dk\/#organization","name":"Mekulo","url":"https:\/\/mekulo.com\/dk\/","logo":{"@type":"ImageObject","inLanguage":"da-DK","@id":"https:\/\/mekulo.com\/dk\/#\/schema\/logo\/image\/","url":"https:\/\/mekulo.com\/dk\/wp-content\/uploads\/sites\/12\/2025\/12\/favicon_mekulo.png","contentUrl":"https:\/\/mekulo.com\/dk\/wp-content\/uploads\/sites\/12\/2025\/12\/favicon_mekulo.png","width":50,"height":50,"caption":"Mekulo"},"image":{"@id":"https:\/\/mekulo.com\/dk\/#\/schema\/logo\/image\/"}}]}},"_links":{"self":[{"href":"https:\/\/mekulo.com\/dk\/wp-json\/wp\/v2\/product\/16294","targetHints":{"allow":["GET"]}}],"collection":[{"href":"https:\/\/mekulo.com\/dk\/wp-json\/wp\/v2\/product"}],"about":[{"href":"https:\/\/mekulo.com\/dk\/wp-json\/wp\/v2\/types\/product"}],"replies":[{"embeddable":true,"href":"https:\/\/mekulo.com\/dk\/wp-json\/wp\/v2\/comments?post=16294"}],"wp:featuredmedia":[{"embeddable":true,"href":"https:\/\/mekulo.com\/dk\/wp-json\/wp\/v2\/media\/16290"}],"wp:attachment":[{"href":"https:\/\/mekulo.com\/dk\/wp-json\/wp\/v2\/media?parent=16294"}],"wp:term":[{"taxonomy":"product_brand","embeddable":true,"href":"https:\/\/mekulo.com\/dk\/wp-json\/wp\/v2\/product_brand?post=16294"},{"taxonomy":"product_cat","embeddable":true,"href":"https:\/\/mekulo.com\/dk\/wp-json\/wp\/v2\/product_cat?post=16294"},{"taxonomy":"product_tag","embeddable":true,"href":"https:\/\/mekulo.com\/dk\/wp-json\/wp\/v2\/product_tag?post=16294"}],"curies":[{"name":"wp","href":"https:\/\/api.w.org\/{rel}","templated":true}]}}