{"id":16212,"date":"2026-01-07T21:57:17","date_gmt":"2026-01-07T19:57:17","guid":{"rendered":"https:\/\/mekulo.com\/dk\/produkt\/lygteholdere-til-gryder\/"},"modified":"2026-01-22T17:54:26","modified_gmt":"2026-01-22T15:54:26","slug":"lygteholdere-til-gryder","status":"publish","type":"product","link":"https:\/\/mekulo.com\/dk\/produkt\/lygteholdere-til-gryder\/","title":{"rendered":"Lygteholdere til gryder"},"content":{"rendered":"<p style=\"text-align: center\" data-start=\"21\" data-end=\"77\"><strong data-start=\"21\" data-end=\"77\">Hold dine grydel\u00e5g p\u00e6ne, synlige og nemme at n\u00e5. \ud83c\udf72<\/strong><\/p>\n<p data-start=\"79\" data-end=\"252\"><img fetchpriority=\"high\" decoding=\"async\" class=\"size-full wp-image-47873 aligncenter\" src=\"https:\/\/keluvo.com\/template\/wp-content\/uploads\/sites\/5\/2025\/12\/122126-ezgif.com-video-to-webp-converter-1.webp\" alt=\"\" width=\"500\" height=\"500\" \/><\/p>\n<h2 style=\"text-align: center\" data-start=\"259\" data-end=\"281\"><strong>Hovedfordele<\/strong><\/h2>\n<p data-start=\"284\" data-end=\"341\">\ud83e\uddf1 Ingen boring n\u00f8dvendig &#8211; St\u00e6rkt selvkl\u00e6bende design.<\/p>\n<p data-start=\"344\" data-end=\"403\">\ud83c\udf73 Universel pasform &#8211; Holder de fleste grydel\u00e5g og pandel\u00e5g.<\/p>\n<p data-start=\"406\" data-end=\"458\">\ud83d\udce6 Sparer plads &#8211; Frig\u00f8r skuffer og skabe.<\/p>\n<p data-start=\"461\" data-end=\"508\">\ud83e\uddfc Let at reng\u00f8re &#8211; T\u00f8rres af med en fugtig klud.<\/p>\n<p data-start=\"511\" data-end=\"558\">\ud83c\udfa8 Enkelt design &#8211; Passer til enhver k\u00f8kkenstil.<\/p>\n<p data-start=\"561\" data-end=\"616\">\ud83d\udd01 Fleksibel ops\u00e6tning &#8211; Brug 1, 2 eller flere holdere.<\/p>\n<p data-start=\"561\" data-end=\"616\"><img decoding=\"async\" class=\"size-full wp-image-47875 aligncenter\" src=\"https:\/\/keluvo.com\/template\/wp-content\/uploads\/sites\/5\/2025\/12\/S7ddcf26c6048409d8ef1f591ba68f9f0w.webp\" alt=\"\" width=\"800\" height=\"800\" \/><\/p>\n<h2 style=\"text-align: center\" data-start=\"623\" data-end=\"642\"><strong>S\u00e5dan Bruges<\/strong><\/h2>\n<ol data-start=\"643\" data-end=\"841\">\n<li data-start=\"643\" data-end=\"679\">\n<p data-start=\"646\" data-end=\"679\">Reng\u00f8r og t\u00f8r v\u00e6goverfladen.<\/p>\n<\/li>\n<li data-start=\"680\" data-end=\"715\">\n<p data-start=\"683\" data-end=\"715\">Tr\u00e6k den selvkl\u00e6bende bagside af.<\/p>\n<\/li>\n<li data-start=\"716\" data-end=\"757\">\n<p data-start=\"719\" data-end=\"757\">Kl\u00e6b holderen fast p\u00e5 v\u00e6ggen.<\/p>\n<\/li>\n<li data-start=\"758\" data-end=\"796\">\n<p data-start=\"761\" data-end=\"796\">Tryk og hold i et par sekunder.<\/p>\n<\/li>\n<li data-start=\"797\" data-end=\"841\">\n<p data-start=\"800\" data-end=\"841\">Placer dit grydel\u00e5g eller pandel\u00e5g indeni.<\/p>\n<\/li>\n<\/ol>\n<h2 style=\"text-align: center\" data-start=\"848\" data-end=\"872\"><strong>Produktdetaljer<\/strong><\/h2>\n<ul data-start=\"873\" data-end=\"1168\">\n<li data-start=\"873\" data-end=\"902\">\n<p data-start=\"875\" data-end=\"902\">Materiale: Holdbar plast<\/p>\n<\/li>\n<li data-start=\"903\" data-end=\"949\">\n<p data-start=\"905\" data-end=\"949\">Monteringstype: V\u00e6gmonteret, selvkl\u00e6bende<\/p>\n<\/li>\n<li data-start=\"981\" data-end=\"1089\">\n<p data-start=\"983\" data-end=\"998\">St\u00f8rrelse: 18,8 x 3,5 x 2,1 cm<\/p>\n<\/li>\n<li data-start=\"1090\" data-end=\"1132\">\n<p data-start=\"1092\" data-end=\"1132\">Funktion: Holder til grydel\u00e5g og pandel\u00e5g<\/p>\n<\/li>\n<li data-start=\"1090\" data-end=\"1132\">Farve: Sort<\/li>\n<\/ul>\n<h2 style=\"text-align: center\" data-start=\"1175\" data-end=\"1200\"><strong>Pakken Indeholder<\/strong><\/h2>\n<ul data-start=\"1201\" data-end=\"1247\">\n<li data-start=\"1201\" data-end=\"1247\">\n<p data-start=\"1203\" data-end=\"1247\">4, 8x grydel\u00e5gsholdere.<\/p>\n<\/li>\n<\/ul>\n","protected":false},"excerpt":{"rendered":"<p>Disse v\u00e6gmonterede grydel\u00e5gsholdere er designet til at l\u00f8se det almindelige problem med rodede skabe og stablede l\u00e5g, der falder ned, n\u00e5r du \u00e5bner d\u00f8ren. Med en st\u00e6rk selvkl\u00e6bende bagside monteres de p\u00e5 f\u00e5 sekunder uden at bore og hj\u00e6lper dig med at opbevare grydel\u00e5g, pandel\u00e5g og endda sk\u00e6rebr\u00e6tter p\u00e5 en ren, synlig og lettilg\u00e6ngelig m\u00e5de.<\/p>\n","protected":false},"featured_media":16208,"comment_status":"open","ping_status":"closed","template":"","meta":{"site-sidebar-layout":"default","site-content-layout":"","ast-site-content-layout":"default","site-content-style":"default","site-sidebar-style":"default","ast-global-header-display":"","ast-banner-title-visibility":"","ast-main-header-display":"","ast-hfb-above-header-display":"","ast-hfb-below-header-display":"","ast-hfb-mobile-header-display":"","site-post-title":"","ast-breadcrumbs-content":"","ast-featured-img":"","footer-sml-layout":"","theme-transparent-header-meta":"default","adv-header-id-meta":"","stick-header-meta":"","header-above-stick-meta":"","header-main-stick-meta":"","header-below-stick-meta":"","astra-migrate-meta-layouts":"set","ast-page-background-enabled":"default","ast-page-background-meta":{"desktop":{"background-color":"var(--ast-global-color-5)","background-image":"","background-repeat":"repeat","background-position":"center center","background-size":"auto","background-attachment":"scroll","background-type":"","background-media":"","overlay-type":"","overlay-color":"","overlay-opacity":"","overlay-gradient":""},"tablet":{"background-color":"","background-image":"","background-repeat":"repeat","background-position":"center center","background-size":"auto","background-attachment":"scroll","background-type":"","background-media":"","overlay-type":"","overlay-color":"","overlay-opacity":"","overlay-gradient":""},"mobile":{"background-color":"","background-image":"","background-repeat":"repeat","background-position":"center center","background-size":"auto","background-attachment":"scroll","background-type":"","background-media":"","overlay-type":"","overlay-color":"","overlay-opacity":"","overlay-gradient":""}},"ast-content-background-meta":{"desktop":{"background-color":"var(--ast-global-color-4)","background-image":"","background-repeat":"repeat","background-position":"center center","background-size":"auto","background-attachment":"scroll","background-type":"","background-media":"","overlay-type":"","overlay-color":"","overlay-opacity":"","overlay-gradient":""},"tablet":{"background-color":"var(--ast-global-color-4)","background-image":"","background-repeat":"repeat","background-position":"center center","background-size":"auto","background-attachment":"scroll","background-type":"","background-media":"","overlay-type":"","overlay-color":"","overlay-opacity":"","overlay-gradient":""},"mobile":{"background-color":"var(--ast-global-color-4)","background-image":"","background-repeat":"repeat","background-position":"center center","background-size":"auto","background-attachment":"scroll","background-type":"","background-media":"","overlay-type":"","overlay-color":"","overlay-opacity":"","overlay-gradient":""}}},"product_brand":[],"product_cat":[15],"product_tag":[],"class_list":{"0":"post-16212","1":"product","2":"type-product","3":"status-publish","4":"has-post-thumbnail","6":"product_cat-uncategorized","7":"pa_68734_g68b8b6m-4-stk","8":"pa_68734_g68b8b6m-8-stk","9":"desktop-align-left","10":"tablet-align-left","11":"mobile-align-left","13":"first","14":"instock","15":"shipping-taxable","16":"purchasable","17":"product-type-variable"},"yoast_head":"<!-- This site is optimized with the Yoast SEO plugin v26.6 - https:\/\/yoast.com\/wordpress\/plugins\/seo\/ -->\n<title>Lygteholdere til gryder - Mekulo DK<\/title>\n<meta name=\"robots\" content=\"index, follow, max-snippet:-1, max-image-preview:large, max-video-preview:-1\" \/>\n<link rel=\"canonical\" href=\"https:\/\/mekulo.com\/dk\/produkt\/lygteholdere-til-gryder\/\" \/>\n<meta property=\"og:locale\" content=\"da_DK\" \/>\n<meta property=\"og:type\" content=\"article\" \/>\n<meta property=\"og:title\" content=\"Lygteholdere til gryder - Mekulo DK\" \/>\n<meta property=\"og:description\" content=\"Disse v\u00e6gmonterede grydel\u00e5gsholdere er designet til at l\u00f8se det almindelige problem med rodede skabe og stablede l\u00e5g, der falder ned, n\u00e5r du \u00e5bner d\u00f8ren. Med en st\u00e6rk selvkl\u00e6bende bagside monteres de p\u00e5 f\u00e5 sekunder uden at bore og hj\u00e6lper dig med at opbevare grydel\u00e5g, pandel\u00e5g og endda sk\u00e6rebr\u00e6tter p\u00e5 en ren, synlig og lettilg\u00e6ngelig m\u00e5de.\" \/>\n<meta property=\"og:url\" content=\"https:\/\/mekulo.com\/dk\/produkt\/lygteholdere-til-gryder\/\" \/>\n<meta property=\"og:site_name\" content=\"Mekulo DK\" \/>\n<meta property=\"article:modified_time\" content=\"2026-01-22T15:54:26+00:00\" \/>\n<meta property=\"og:image\" content=\"https:\/\/mekulo.com\/dk\/wp-content\/uploads\/sites\/12\/2026\/01\/zpuva61-1.webp\" \/>\n\t<meta property=\"og:image:width\" content=\"800\" \/>\n\t<meta property=\"og:image:height\" content=\"800\" \/>\n\t<meta property=\"og:image:type\" content=\"image\/webp\" \/>\n<meta name=\"twitter:card\" content=\"summary_large_image\" \/>\n<meta name=\"twitter:label1\" content=\"Estimeret l\u00e6setid\" \/>\n\t<meta name=\"twitter:data1\" content=\"2 minutter\" \/>\n<script type=\"application\/ld+json\" class=\"yoast-schema-graph\">{\"@context\":\"https:\/\/schema.org\",\"@graph\":[{\"@type\":\"WebPage\",\"@id\":\"https:\/\/mekulo.com\/dk\/produkt\/lygteholdere-til-gryder\/\",\"url\":\"https:\/\/mekulo.com\/dk\/produkt\/lygteholdere-til-gryder\/\",\"name\":\"Lygteholdere til gryder - Mekulo DK\",\"isPartOf\":{\"@id\":\"https:\/\/mekulo.com\/dk\/#website\"},\"primaryImageOfPage\":{\"@id\":\"https:\/\/mekulo.com\/dk\/produkt\/lygteholdere-til-gryder\/#primaryimage\"},\"image\":{\"@id\":\"https:\/\/mekulo.com\/dk\/produkt\/lygteholdere-til-gryder\/#primaryimage\"},\"thumbnailUrl\":\"https:\/\/mekulo.com\/dk\/wp-content\/uploads\/sites\/12\/2026\/01\/zpuva61-1.webp\",\"datePublished\":\"2026-01-07T19:57:17+00:00\",\"dateModified\":\"2026-01-22T15:54:26+00:00\",\"breadcrumb\":{\"@id\":\"https:\/\/mekulo.com\/dk\/produkt\/lygteholdere-til-gryder\/#breadcrumb\"},\"inLanguage\":\"da-DK\",\"potentialAction\":[{\"@type\":\"ReadAction\",\"target\":[\"https:\/\/mekulo.com\/dk\/produkt\/lygteholdere-til-gryder\/\"]}]},{\"@type\":\"ImageObject\",\"inLanguage\":\"da-DK\",\"@id\":\"https:\/\/mekulo.com\/dk\/produkt\/lygteholdere-til-gryder\/#primaryimage\",\"url\":\"https:\/\/mekulo.com\/dk\/wp-content\/uploads\/sites\/12\/2026\/01\/zpuva61-1.webp\",\"contentUrl\":\"https:\/\/mekulo.com\/dk\/wp-content\/uploads\/sites\/12\/2026\/01\/zpuva61-1.webp\",\"width\":800,\"height\":800},{\"@type\":\"BreadcrumbList\",\"@id\":\"https:\/\/mekulo.com\/dk\/produkt\/lygteholdere-til-gryder\/#breadcrumb\",\"itemListElement\":[{\"@type\":\"ListItem\",\"position\":1,\"name\":\"Home\",\"item\":\"https:\/\/mekulo.com\/dk\/\"},{\"@type\":\"ListItem\",\"position\":2,\"name\":\"Butik\",\"item\":\"https:\/\/mekulo.com\/dk\/butik\/\"},{\"@type\":\"ListItem\",\"position\":3,\"name\":\"Lygteholdere til gryder\"}]},{\"@type\":\"WebSite\",\"@id\":\"https:\/\/mekulo.com\/dk\/#website\",\"url\":\"https:\/\/mekulo.com\/dk\/\",\"name\":\"Mekulo DK\",\"description\":\"\",\"publisher\":{\"@id\":\"https:\/\/mekulo.com\/dk\/#organization\"},\"potentialAction\":[{\"@type\":\"SearchAction\",\"target\":{\"@type\":\"EntryPoint\",\"urlTemplate\":\"https:\/\/mekulo.com\/dk\/?s={search_term_string}\"},\"query-input\":{\"@type\":\"PropertyValueSpecification\",\"valueRequired\":true,\"valueName\":\"search_term_string\"}}],\"inLanguage\":\"da-DK\"},{\"@type\":\"Organization\",\"@id\":\"https:\/\/mekulo.com\/dk\/#organization\",\"name\":\"Mekulo\",\"url\":\"https:\/\/mekulo.com\/dk\/\",\"logo\":{\"@type\":\"ImageObject\",\"inLanguage\":\"da-DK\",\"@id\":\"https:\/\/mekulo.com\/dk\/#\/schema\/logo\/image\/\",\"url\":\"https:\/\/mekulo.com\/dk\/wp-content\/uploads\/sites\/12\/2025\/12\/favicon_mekulo.png\",\"contentUrl\":\"https:\/\/mekulo.com\/dk\/wp-content\/uploads\/sites\/12\/2025\/12\/favicon_mekulo.png\",\"width\":50,\"height\":50,\"caption\":\"Mekulo\"},\"image\":{\"@id\":\"https:\/\/mekulo.com\/dk\/#\/schema\/logo\/image\/\"}}]}<\/script>\n<!-- \/ Yoast SEO plugin. -->","yoast_head_json":{"title":"Lygteholdere til gryder - Mekulo DK","robots":{"index":"index","follow":"follow","max-snippet":"max-snippet:-1","max-image-preview":"max-image-preview:large","max-video-preview":"max-video-preview:-1"},"canonical":"https:\/\/mekulo.com\/dk\/produkt\/lygteholdere-til-gryder\/","og_locale":"da_DK","og_type":"article","og_title":"Lygteholdere til gryder - Mekulo DK","og_description":"Disse v\u00e6gmonterede grydel\u00e5gsholdere er designet til at l\u00f8se det almindelige problem med rodede skabe og stablede l\u00e5g, der falder ned, n\u00e5r du \u00e5bner d\u00f8ren. Med en st\u00e6rk selvkl\u00e6bende bagside monteres de p\u00e5 f\u00e5 sekunder uden at bore og hj\u00e6lper dig med at opbevare grydel\u00e5g, pandel\u00e5g og endda sk\u00e6rebr\u00e6tter p\u00e5 en ren, synlig og lettilg\u00e6ngelig m\u00e5de.","og_url":"https:\/\/mekulo.com\/dk\/produkt\/lygteholdere-til-gryder\/","og_site_name":"Mekulo DK","article_modified_time":"2026-01-22T15:54:26+00:00","og_image":[{"width":800,"height":800,"url":"https:\/\/mekulo.com\/dk\/wp-content\/uploads\/sites\/12\/2026\/01\/zpuva61-1.webp","type":"image\/webp"}],"twitter_card":"summary_large_image","twitter_misc":{"Estimeret l\u00e6setid":"2 minutter"},"schema":{"@context":"https:\/\/schema.org","@graph":[{"@type":"WebPage","@id":"https:\/\/mekulo.com\/dk\/produkt\/lygteholdere-til-gryder\/","url":"https:\/\/mekulo.com\/dk\/produkt\/lygteholdere-til-gryder\/","name":"Lygteholdere til gryder - Mekulo DK","isPartOf":{"@id":"https:\/\/mekulo.com\/dk\/#website"},"primaryImageOfPage":{"@id":"https:\/\/mekulo.com\/dk\/produkt\/lygteholdere-til-gryder\/#primaryimage"},"image":{"@id":"https:\/\/mekulo.com\/dk\/produkt\/lygteholdere-til-gryder\/#primaryimage"},"thumbnailUrl":"https:\/\/mekulo.com\/dk\/wp-content\/uploads\/sites\/12\/2026\/01\/zpuva61-1.webp","datePublished":"2026-01-07T19:57:17+00:00","dateModified":"2026-01-22T15:54:26+00:00","breadcrumb":{"@id":"https:\/\/mekulo.com\/dk\/produkt\/lygteholdere-til-gryder\/#breadcrumb"},"inLanguage":"da-DK","potentialAction":[{"@type":"ReadAction","target":["https:\/\/mekulo.com\/dk\/produkt\/lygteholdere-til-gryder\/"]}]},{"@type":"ImageObject","inLanguage":"da-DK","@id":"https:\/\/mekulo.com\/dk\/produkt\/lygteholdere-til-gryder\/#primaryimage","url":"https:\/\/mekulo.com\/dk\/wp-content\/uploads\/sites\/12\/2026\/01\/zpuva61-1.webp","contentUrl":"https:\/\/mekulo.com\/dk\/wp-content\/uploads\/sites\/12\/2026\/01\/zpuva61-1.webp","width":800,"height":800},{"@type":"BreadcrumbList","@id":"https:\/\/mekulo.com\/dk\/produkt\/lygteholdere-til-gryder\/#breadcrumb","itemListElement":[{"@type":"ListItem","position":1,"name":"Home","item":"https:\/\/mekulo.com\/dk\/"},{"@type":"ListItem","position":2,"name":"Butik","item":"https:\/\/mekulo.com\/dk\/butik\/"},{"@type":"ListItem","position":3,"name":"Lygteholdere til gryder"}]},{"@type":"WebSite","@id":"https:\/\/mekulo.com\/dk\/#website","url":"https:\/\/mekulo.com\/dk\/","name":"Mekulo DK","description":"","publisher":{"@id":"https:\/\/mekulo.com\/dk\/#organization"},"potentialAction":[{"@type":"SearchAction","target":{"@type":"EntryPoint","urlTemplate":"https:\/\/mekulo.com\/dk\/?s={search_term_string}"},"query-input":{"@type":"PropertyValueSpecification","valueRequired":true,"valueName":"search_term_string"}}],"inLanguage":"da-DK"},{"@type":"Organization","@id":"https:\/\/mekulo.com\/dk\/#organization","name":"Mekulo","url":"https:\/\/mekulo.com\/dk\/","logo":{"@type":"ImageObject","inLanguage":"da-DK","@id":"https:\/\/mekulo.com\/dk\/#\/schema\/logo\/image\/","url":"https:\/\/mekulo.com\/dk\/wp-content\/uploads\/sites\/12\/2025\/12\/favicon_mekulo.png","contentUrl":"https:\/\/mekulo.com\/dk\/wp-content\/uploads\/sites\/12\/2025\/12\/favicon_mekulo.png","width":50,"height":50,"caption":"Mekulo"},"image":{"@id":"https:\/\/mekulo.com\/dk\/#\/schema\/logo\/image\/"}}]}},"_links":{"self":[{"href":"https:\/\/mekulo.com\/dk\/wp-json\/wp\/v2\/product\/16212","targetHints":{"allow":["GET"]}}],"collection":[{"href":"https:\/\/mekulo.com\/dk\/wp-json\/wp\/v2\/product"}],"about":[{"href":"https:\/\/mekulo.com\/dk\/wp-json\/wp\/v2\/types\/product"}],"replies":[{"embeddable":true,"href":"https:\/\/mekulo.com\/dk\/wp-json\/wp\/v2\/comments?post=16212"}],"wp:featuredmedia":[{"embeddable":true,"href":"https:\/\/mekulo.com\/dk\/wp-json\/wp\/v2\/media\/16208"}],"wp:attachment":[{"href":"https:\/\/mekulo.com\/dk\/wp-json\/wp\/v2\/media?parent=16212"}],"wp:term":[{"taxonomy":"product_brand","embeddable":true,"href":"https:\/\/mekulo.com\/dk\/wp-json\/wp\/v2\/product_brand?post=16212"},{"taxonomy":"product_cat","embeddable":true,"href":"https:\/\/mekulo.com\/dk\/wp-json\/wp\/v2\/product_cat?post=16212"},{"taxonomy":"product_tag","embeddable":true,"href":"https:\/\/mekulo.com\/dk\/wp-json\/wp\/v2\/product_tag?post=16212"}],"curies":[{"name":"wp","href":"https:\/\/api.w.org\/{rel}","templated":true}]}}