{"id":16197,"date":"2026-01-07T21:56:17","date_gmt":"2026-01-07T19:56:17","guid":{"rendered":"https:\/\/mekulo.com\/dk\/produkt\/skaereskabelon-til-trimmemaskine\/"},"modified":"2026-01-07T21:56:26","modified_gmt":"2026-01-07T19:56:26","slug":"skaereskabelon-til-trimmemaskine","status":"publish","type":"product","link":"https:\/\/mekulo.com\/dk\/produkt\/skaereskabelon-til-trimmemaskine\/","title":{"rendered":"Sk\u00e6reskabelon til trimmemaskine"},"content":{"rendered":"<p style=\"text-align: center\" data-start=\"39\" data-end=\"100\"><strong data-start=\"39\" data-end=\"100\">Skab Rene, Perfekte Hj\u00f8rnekurver Hver Gang Med Lethed. \ud83d\udcd0\ud83e\udeb5<\/strong><\/p>\n<p data-start=\"102\" data-end=\"303\"><img fetchpriority=\"high\" decoding=\"async\" class=\"size-full wp-image-47860 aligncenter\" src=\"https:\/\/keluvo.com\/template\/wp-content\/uploads\/sites\/5\/2025\/12\/122124-ezgif.com-video-to-webp-converter-2.webp\" alt=\"\" width=\"500\" height=\"500\" \/><\/p>\n<h2 style=\"text-align: center\" data-start=\"310\" data-end=\"332\"><strong>\ud83d\udd27 Hovedfordele<\/strong><\/h2>\n<p data-start=\"335\" data-end=\"403\">\ud83d\udcd0 Pr\u00e6cis filetsk\u00e6ring &#8211; Skab glatte, j\u00e6vne hj\u00f8rnekurver.<\/p>\n<p data-start=\"406\" data-end=\"477\">\ud83d\udd22 Tydelige m\u00e5leskalaer &#8211; Nem og pr\u00e6cis markering hver gang.<\/p>\n<p data-start=\"480\" data-end=\"540\">\ud83d\udd29 4-i-1-design &#8211; Flere radiusmuligheder i \u00e9t v\u00e6rkt\u00f8j.<\/p>\n<p data-start=\"543\" data-end=\"608\">\ud83d\udcaa Holdbar aluminiumskrop &#8211; Slidst\u00e6rk og bygget til at holde.<\/p>\n<p data-start=\"611\" data-end=\"679\">\u26a1 Hurtigere tr\u00e6bearbejdning &#8211; Sparer tid og reducerer sk\u00e6refejl.<\/p>\n<p data-start=\"682\" data-end=\"746\">\ud83d\udd01 Genanvendelig og stabil &#8211; holder godt fast, mens du arbejder.<\/p>\n<p data-start=\"682\" data-end=\"746\"><img decoding=\"async\" class=\"size-full wp-image-47859 aligncenter\" src=\"https:\/\/keluvo.com\/template\/wp-content\/uploads\/sites\/5\/2025\/12\/122125-ezgif.com-video-to-webp-converter-2.webp\" alt=\"\" width=\"500\" height=\"500\" \/><\/p>\n<h2 style=\"text-align: center\" data-start=\"753\" data-end=\"772\"><strong>\u25b6\ufe0f S\u00e5dan Bruges<\/strong><\/h2>\n<ol data-start=\"773\" data-end=\"988\">\n<li data-start=\"773\" data-end=\"828\">\n<p data-start=\"776\" data-end=\"828\">V\u00e6lg den filetradius, du har brug for, p\u00e5 skabelonen.<\/p>\n<\/li>\n<li data-start=\"829\" data-end=\"880\">\n<p data-start=\"832\" data-end=\"880\">Placer skabelonen p\u00e5 hj\u00f8rnet af br\u00e6ttet.<\/p>\n<\/li>\n<li data-start=\"881\" data-end=\"929\">\n<p data-start=\"884\" data-end=\"929\">Brug skalaen til at markere kurven n\u00f8jagtigt.<\/p>\n<\/li>\n<li data-start=\"930\" data-end=\"988\">\n<p data-start=\"933\" data-end=\"988\">Sk\u00e6r langs den markerede linje med din trimmemaskine.<\/p>\n<\/li>\n<\/ol>\n<h2 style=\"text-align: center\" data-start=\"995\" data-end=\"1019\"><strong>\ud83d\udccf Produktdetaljer<\/strong><\/h2>\n<ul data-start=\"1020\" data-end=\"1268\">\n<li data-start=\"1124\" data-end=\"1146\">\n<p data-start=\"1126\" data-end=\"1146\">Materiale: Aluminium<\/p>\n<\/li>\n<li data-start=\"1147\" data-end=\"1204\">\n<p data-start=\"1149\" data-end=\"1204\">Funktioner: M\u00e5leskalaer, genanvendelige, h\u00f8j holdbarhed<\/p>\n<\/li>\n<li data-start=\"1205\" data-end=\"1268\">\n<p data-start=\"1207\" data-end=\"1268\">Anvendelse: Hj\u00f8rnetrimning og filetsk\u00e6ring til tr\u00e6bearbejdning<\/p>\n<\/li>\n<li data-start=\"1205\" data-end=\"1268\">St\u00f8rrelser: S, L<\/li>\n<\/ul>\n<h2 style=\"text-align: center\" data-start=\"1275\" data-end=\"1300\"><strong>\ud83d\udce6 Pakken Indeholder<\/strong><\/h2>\n<ul data-start=\"1301\" data-end=\"1342\">\n<li data-start=\"1301\" data-end=\"1342\">\n<p data-start=\"1303\" data-end=\"1342\">1, 2x sk\u00e6reskabelon til trimmemaskine.<\/p>\n<\/li>\n<\/ul>\n","protected":false},"excerpt":{"rendered":"<p>Denne 4-i-1-sk\u00e6reskabelon til trimmemaskiner hj\u00e6lper dig med hurtigt at sk\u00e6re glatte og pr\u00e6cise afrundede hj\u00f8rner. Den g\u00f8r det nemmere at m\u00e5le og markere, s\u00e5 dine tr\u00e6bearbejdningsprojekter ser rene, ensartede og professionelle ud. Et enkelt og p\u00e5lideligt v\u00e6rkt\u00f8j til glatte, professionelle tr\u00e6bearbejdningsresultater.<\/p>\n","protected":false},"featured_media":16193,"comment_status":"open","ping_status":"closed","template":"","meta":{"site-sidebar-layout":"default","site-content-layout":"","ast-site-content-layout":"default","site-content-style":"default","site-sidebar-style":"default","ast-global-header-display":"","ast-banner-title-visibility":"","ast-main-header-display":"","ast-hfb-above-header-display":"","ast-hfb-below-header-display":"","ast-hfb-mobile-header-display":"","site-post-title":"","ast-breadcrumbs-content":"","ast-featured-img":"","footer-sml-layout":"","ast-disable-related-posts":"","theme-transparent-header-meta":"default","adv-header-id-meta":"","stick-header-meta":"","header-above-stick-meta":"","header-main-stick-meta":"","header-below-stick-meta":"","astra-migrate-meta-layouts":"set","ast-page-background-enabled":"default","ast-page-background-meta":{"desktop":{"background-color":"var(--ast-global-color-5)","background-image":"","background-repeat":"repeat","background-position":"center center","background-size":"auto","background-attachment":"scroll","background-type":"","background-media":"","overlay-type":"","overlay-color":"","overlay-opacity":"","overlay-gradient":""},"tablet":{"background-color":"","background-image":"","background-repeat":"repeat","background-position":"center center","background-size":"auto","background-attachment":"scroll","background-type":"","background-media":"","overlay-type":"","overlay-color":"","overlay-opacity":"","overlay-gradient":""},"mobile":{"background-color":"","background-image":"","background-repeat":"repeat","background-position":"center center","background-size":"auto","background-attachment":"scroll","background-type":"","background-media":"","overlay-type":"","overlay-color":"","overlay-opacity":"","overlay-gradient":""}},"ast-content-background-meta":{"desktop":{"background-color":"var(--ast-global-color-4)","background-image":"","background-repeat":"repeat","background-position":"center center","background-size":"auto","background-attachment":"scroll","background-type":"","background-media":"","overlay-type":"","overlay-color":"","overlay-opacity":"","overlay-gradient":""},"tablet":{"background-color":"var(--ast-global-color-4)","background-image":"","background-repeat":"repeat","background-position":"center center","background-size":"auto","background-attachment":"scroll","background-type":"","background-media":"","overlay-type":"","overlay-color":"","overlay-opacity":"","overlay-gradient":""},"mobile":{"background-color":"var(--ast-global-color-4)","background-image":"","background-repeat":"repeat","background-position":"center center","background-size":"auto","background-attachment":"scroll","background-type":"","background-media":"","overlay-type":"","overlay-color":"","overlay-opacity":"","overlay-gradient":""}}},"product_brand":[],"product_cat":[15],"product_tag":[],"class_list":{"0":"post-16197","1":"product","2":"type-product","3":"status-publish","4":"has-post-thumbnail","6":"product_cat-uncategorized","7":"pa_68733_bxf5nffa-l","8":"pa_68733_bxf5nffa-s","9":"pa_68733_bxf5nffa-saet-med-2-stk","10":"desktop-align-left","11":"tablet-align-left","12":"mobile-align-left","14":"first","15":"instock","16":"shipping-taxable","17":"purchasable","18":"product-type-variable"},"yoast_head":"<!-- This site is optimized with the Yoast SEO plugin v27.4 - https:\/\/yoast.com\/product\/yoast-seo-wordpress\/ -->\n<title>Sk\u00e6reskabelon til trimmemaskine - Mekulo DK<\/title>\n<meta name=\"robots\" content=\"index, follow, max-snippet:-1, max-image-preview:large, max-video-preview:-1\" \/>\n<link rel=\"canonical\" href=\"https:\/\/mekulo.com\/dk\/produkt\/skaereskabelon-til-trimmemaskine\/\" \/>\n<meta property=\"og:locale\" content=\"da_DK\" \/>\n<meta property=\"og:type\" content=\"article\" \/>\n<meta property=\"og:title\" content=\"Sk\u00e6reskabelon til trimmemaskine - Mekulo DK\" \/>\n<meta property=\"og:description\" content=\"Denne 4-i-1-sk\u00e6reskabelon til trimmemaskiner hj\u00e6lper dig med hurtigt at sk\u00e6re glatte og pr\u00e6cise afrundede hj\u00f8rner. Den g\u00f8r det nemmere at m\u00e5le og markere, s\u00e5 dine tr\u00e6bearbejdningsprojekter ser rene, ensartede og professionelle ud. Et enkelt og p\u00e5lideligt v\u00e6rkt\u00f8j til glatte, professionelle tr\u00e6bearbejdningsresultater.\" \/>\n<meta property=\"og:url\" content=\"https:\/\/mekulo.com\/dk\/produkt\/skaereskabelon-til-trimmemaskine\/\" \/>\n<meta property=\"og:site_name\" content=\"Mekulo DK\" \/>\n<meta property=\"article:modified_time\" content=\"2026-01-07T19:56:26+00:00\" \/>\n<meta property=\"og:image\" content=\"https:\/\/mekulo.com\/dk\/wp-content\/uploads\/sites\/12\/2026\/01\/hz6j8p2-1.jpg\" \/>\n\t<meta property=\"og:image:width\" content=\"1200\" \/>\n\t<meta property=\"og:image:height\" content=\"1200\" \/>\n\t<meta property=\"og:image:type\" content=\"image\/jpeg\" \/>\n<meta name=\"twitter:card\" content=\"summary_large_image\" \/>\n<meta name=\"twitter:label1\" content=\"Estimeret l\u00e6setid\" \/>\n\t<meta name=\"twitter:data1\" content=\"2 minutter\" \/>\n<script type=\"application\/ld+json\" class=\"yoast-schema-graph\">{\"@context\":\"https:\\\/\\\/schema.org\",\"@graph\":[{\"@type\":\"WebPage\",\"@id\":\"https:\\\/\\\/mekulo.com\\\/dk\\\/produkt\\\/skaereskabelon-til-trimmemaskine\\\/\",\"url\":\"https:\\\/\\\/mekulo.com\\\/dk\\\/produkt\\\/skaereskabelon-til-trimmemaskine\\\/\",\"name\":\"Sk\u00e6reskabelon til trimmemaskine - Mekulo DK\",\"isPartOf\":{\"@id\":\"https:\\\/\\\/mekulo.com\\\/dk\\\/#website\"},\"primaryImageOfPage\":{\"@id\":\"https:\\\/\\\/mekulo.com\\\/dk\\\/produkt\\\/skaereskabelon-til-trimmemaskine\\\/#primaryimage\"},\"image\":{\"@id\":\"https:\\\/\\\/mekulo.com\\\/dk\\\/produkt\\\/skaereskabelon-til-trimmemaskine\\\/#primaryimage\"},\"thumbnailUrl\":\"https:\\\/\\\/mekulo.com\\\/dk\\\/wp-content\\\/uploads\\\/sites\\\/12\\\/2026\\\/01\\\/hz6j8p2-1.jpg\",\"datePublished\":\"2026-01-07T19:56:17+00:00\",\"dateModified\":\"2026-01-07T19:56:26+00:00\",\"breadcrumb\":{\"@id\":\"https:\\\/\\\/mekulo.com\\\/dk\\\/produkt\\\/skaereskabelon-til-trimmemaskine\\\/#breadcrumb\"},\"inLanguage\":\"da-DK\",\"potentialAction\":[{\"@type\":\"ReadAction\",\"target\":[\"https:\\\/\\\/mekulo.com\\\/dk\\\/produkt\\\/skaereskabelon-til-trimmemaskine\\\/\"]}]},{\"@type\":\"ImageObject\",\"inLanguage\":\"da-DK\",\"@id\":\"https:\\\/\\\/mekulo.com\\\/dk\\\/produkt\\\/skaereskabelon-til-trimmemaskine\\\/#primaryimage\",\"url\":\"https:\\\/\\\/mekulo.com\\\/dk\\\/wp-content\\\/uploads\\\/sites\\\/12\\\/2026\\\/01\\\/hz6j8p2-1.jpg\",\"contentUrl\":\"https:\\\/\\\/mekulo.com\\\/dk\\\/wp-content\\\/uploads\\\/sites\\\/12\\\/2026\\\/01\\\/hz6j8p2-1.jpg\",\"width\":1200,\"height\":1200},{\"@type\":\"BreadcrumbList\",\"@id\":\"https:\\\/\\\/mekulo.com\\\/dk\\\/produkt\\\/skaereskabelon-til-trimmemaskine\\\/#breadcrumb\",\"itemListElement\":[{\"@type\":\"ListItem\",\"position\":1,\"name\":\"Home\",\"item\":\"https:\\\/\\\/mekulo.com\\\/dk\\\/\"},{\"@type\":\"ListItem\",\"position\":2,\"name\":\"Butik\",\"item\":\"https:\\\/\\\/mekulo.com\\\/dk\\\/butik\\\/\"},{\"@type\":\"ListItem\",\"position\":3,\"name\":\"Sk\u00e6reskabelon til trimmemaskine\"}]},{\"@type\":\"WebSite\",\"@id\":\"https:\\\/\\\/mekulo.com\\\/dk\\\/#website\",\"url\":\"https:\\\/\\\/mekulo.com\\\/dk\\\/\",\"name\":\"Mekulo DK\",\"description\":\"\",\"publisher\":{\"@id\":\"https:\\\/\\\/mekulo.com\\\/dk\\\/#organization\"},\"potentialAction\":[{\"@type\":\"SearchAction\",\"target\":{\"@type\":\"EntryPoint\",\"urlTemplate\":\"https:\\\/\\\/mekulo.com\\\/dk\\\/?s={search_term_string}\"},\"query-input\":{\"@type\":\"PropertyValueSpecification\",\"valueRequired\":true,\"valueName\":\"search_term_string\"}}],\"inLanguage\":\"da-DK\"},{\"@type\":\"Organization\",\"@id\":\"https:\\\/\\\/mekulo.com\\\/dk\\\/#organization\",\"name\":\"Mekulo\",\"url\":\"https:\\\/\\\/mekulo.com\\\/dk\\\/\",\"logo\":{\"@type\":\"ImageObject\",\"inLanguage\":\"da-DK\",\"@id\":\"https:\\\/\\\/mekulo.com\\\/dk\\\/#\\\/schema\\\/logo\\\/image\\\/\",\"url\":\"https:\\\/\\\/mekulo.com\\\/dk\\\/wp-content\\\/uploads\\\/sites\\\/12\\\/2025\\\/12\\\/favicon_mekulo.png\",\"contentUrl\":\"https:\\\/\\\/mekulo.com\\\/dk\\\/wp-content\\\/uploads\\\/sites\\\/12\\\/2025\\\/12\\\/favicon_mekulo.png\",\"width\":50,\"height\":50,\"caption\":\"Mekulo\"},\"image\":{\"@id\":\"https:\\\/\\\/mekulo.com\\\/dk\\\/#\\\/schema\\\/logo\\\/image\\\/\"}}]}<\/script>\n<!-- \/ Yoast SEO plugin. -->","yoast_head_json":{"title":"Sk\u00e6reskabelon til trimmemaskine - Mekulo DK","robots":{"index":"index","follow":"follow","max-snippet":"max-snippet:-1","max-image-preview":"max-image-preview:large","max-video-preview":"max-video-preview:-1"},"canonical":"https:\/\/mekulo.com\/dk\/produkt\/skaereskabelon-til-trimmemaskine\/","og_locale":"da_DK","og_type":"article","og_title":"Sk\u00e6reskabelon til trimmemaskine - Mekulo DK","og_description":"Denne 4-i-1-sk\u00e6reskabelon til trimmemaskiner hj\u00e6lper dig med hurtigt at sk\u00e6re glatte og pr\u00e6cise afrundede hj\u00f8rner. Den g\u00f8r det nemmere at m\u00e5le og markere, s\u00e5 dine tr\u00e6bearbejdningsprojekter ser rene, ensartede og professionelle ud. Et enkelt og p\u00e5lideligt v\u00e6rkt\u00f8j til glatte, professionelle tr\u00e6bearbejdningsresultater.","og_url":"https:\/\/mekulo.com\/dk\/produkt\/skaereskabelon-til-trimmemaskine\/","og_site_name":"Mekulo DK","article_modified_time":"2026-01-07T19:56:26+00:00","og_image":[{"width":1200,"height":1200,"url":"https:\/\/mekulo.com\/dk\/wp-content\/uploads\/sites\/12\/2026\/01\/hz6j8p2-1.jpg","type":"image\/jpeg"}],"twitter_card":"summary_large_image","twitter_misc":{"Estimeret l\u00e6setid":"2 minutter"},"schema":{"@context":"https:\/\/schema.org","@graph":[{"@type":"WebPage","@id":"https:\/\/mekulo.com\/dk\/produkt\/skaereskabelon-til-trimmemaskine\/","url":"https:\/\/mekulo.com\/dk\/produkt\/skaereskabelon-til-trimmemaskine\/","name":"Sk\u00e6reskabelon til trimmemaskine - Mekulo DK","isPartOf":{"@id":"https:\/\/mekulo.com\/dk\/#website"},"primaryImageOfPage":{"@id":"https:\/\/mekulo.com\/dk\/produkt\/skaereskabelon-til-trimmemaskine\/#primaryimage"},"image":{"@id":"https:\/\/mekulo.com\/dk\/produkt\/skaereskabelon-til-trimmemaskine\/#primaryimage"},"thumbnailUrl":"https:\/\/mekulo.com\/dk\/wp-content\/uploads\/sites\/12\/2026\/01\/hz6j8p2-1.jpg","datePublished":"2026-01-07T19:56:17+00:00","dateModified":"2026-01-07T19:56:26+00:00","breadcrumb":{"@id":"https:\/\/mekulo.com\/dk\/produkt\/skaereskabelon-til-trimmemaskine\/#breadcrumb"},"inLanguage":"da-DK","potentialAction":[{"@type":"ReadAction","target":["https:\/\/mekulo.com\/dk\/produkt\/skaereskabelon-til-trimmemaskine\/"]}]},{"@type":"ImageObject","inLanguage":"da-DK","@id":"https:\/\/mekulo.com\/dk\/produkt\/skaereskabelon-til-trimmemaskine\/#primaryimage","url":"https:\/\/mekulo.com\/dk\/wp-content\/uploads\/sites\/12\/2026\/01\/hz6j8p2-1.jpg","contentUrl":"https:\/\/mekulo.com\/dk\/wp-content\/uploads\/sites\/12\/2026\/01\/hz6j8p2-1.jpg","width":1200,"height":1200},{"@type":"BreadcrumbList","@id":"https:\/\/mekulo.com\/dk\/produkt\/skaereskabelon-til-trimmemaskine\/#breadcrumb","itemListElement":[{"@type":"ListItem","position":1,"name":"Home","item":"https:\/\/mekulo.com\/dk\/"},{"@type":"ListItem","position":2,"name":"Butik","item":"https:\/\/mekulo.com\/dk\/butik\/"},{"@type":"ListItem","position":3,"name":"Sk\u00e6reskabelon til trimmemaskine"}]},{"@type":"WebSite","@id":"https:\/\/mekulo.com\/dk\/#website","url":"https:\/\/mekulo.com\/dk\/","name":"Mekulo DK","description":"","publisher":{"@id":"https:\/\/mekulo.com\/dk\/#organization"},"potentialAction":[{"@type":"SearchAction","target":{"@type":"EntryPoint","urlTemplate":"https:\/\/mekulo.com\/dk\/?s={search_term_string}"},"query-input":{"@type":"PropertyValueSpecification","valueRequired":true,"valueName":"search_term_string"}}],"inLanguage":"da-DK"},{"@type":"Organization","@id":"https:\/\/mekulo.com\/dk\/#organization","name":"Mekulo","url":"https:\/\/mekulo.com\/dk\/","logo":{"@type":"ImageObject","inLanguage":"da-DK","@id":"https:\/\/mekulo.com\/dk\/#\/schema\/logo\/image\/","url":"https:\/\/mekulo.com\/dk\/wp-content\/uploads\/sites\/12\/2025\/12\/favicon_mekulo.png","contentUrl":"https:\/\/mekulo.com\/dk\/wp-content\/uploads\/sites\/12\/2025\/12\/favicon_mekulo.png","width":50,"height":50,"caption":"Mekulo"},"image":{"@id":"https:\/\/mekulo.com\/dk\/#\/schema\/logo\/image\/"}}]}},"_links":{"self":[{"href":"https:\/\/mekulo.com\/dk\/wp-json\/wp\/v2\/product\/16197","targetHints":{"allow":["GET"]}}],"collection":[{"href":"https:\/\/mekulo.com\/dk\/wp-json\/wp\/v2\/product"}],"about":[{"href":"https:\/\/mekulo.com\/dk\/wp-json\/wp\/v2\/types\/product"}],"replies":[{"embeddable":true,"href":"https:\/\/mekulo.com\/dk\/wp-json\/wp\/v2\/comments?post=16197"}],"wp:featuredmedia":[{"embeddable":true,"href":"https:\/\/mekulo.com\/dk\/wp-json\/wp\/v2\/media\/16193"}],"wp:attachment":[{"href":"https:\/\/mekulo.com\/dk\/wp-json\/wp\/v2\/media?parent=16197"}],"wp:term":[{"taxonomy":"product_brand","embeddable":true,"href":"https:\/\/mekulo.com\/dk\/wp-json\/wp\/v2\/product_brand?post=16197"},{"taxonomy":"product_cat","embeddable":true,"href":"https:\/\/mekulo.com\/dk\/wp-json\/wp\/v2\/product_cat?post=16197"},{"taxonomy":"product_tag","embeddable":true,"href":"https:\/\/mekulo.com\/dk\/wp-json\/wp\/v2\/product_tag?post=16197"}],"curies":[{"name":"wp","href":"https:\/\/api.w.org\/{rel}","templated":true}]}}