{"id":16022,"date":"2026-01-06T10:59:35","date_gmt":"2026-01-06T08:59:35","guid":{"rendered":"https:\/\/mekulo.com\/dk\/produkt\/skaerer-til-indpakningspapir-2-stk\/"},"modified":"2026-01-06T11:03:00","modified_gmt":"2026-01-06T09:03:00","slug":"skaerer-til-indpakningspapir-2-stk","status":"publish","type":"product","link":"https:\/\/mekulo.com\/dk\/produkt\/skaerer-til-indpakningspapir-2-stk\/","title":{"rendered":"Sk\u00e6rer til indpakningspapir (2 stk.)"},"content":{"rendered":"<p style=\"text-align: center;\" data-start=\"0\" data-end=\"49\"><strong>Sk\u00e6r Indpakningspapir Perfekt Hver Gang \ud83c\udf81\u2702\ufe0f<\/strong><\/p>\n<p data-start=\"50\" data-end=\"266\"><img decoding=\"async\" class=\"size-full wp-image-36505 aligncenter\" src=\"https:\/\/keluvo.com\/template\/wp-content\/uploads\/sites\/5\/2025\/10\/10026-ezgif.com-video-to-webp-converter.webp\" alt=\"\" \/><\/p>\n<h2 style=\"text-align: center;\" data-start=\"268\" data-end=\"289\"><strong>Vigtigste fordele \u2705<\/strong><\/h2>\n<p data-start=\"292\" data-end=\"375\">\ud83c\udfaf Glatte, pr\u00e6cise snit &#8211; skarpt pr\u00e6cisionsblad sikrer lige, rene linjer<\/p>\n<p data-start=\"378\" data-end=\"449\">\ud83d\udd12 Sikkert design &#8211; bladet er skjult inde i cylinderen for sikker brug<\/p>\n<p data-start=\"452\" data-end=\"521\">\ud83e\uddf5 Alsidig brug &#8211; sk\u00e6rer papir, karton og endda let stof<\/p>\n<p data-start=\"524\" data-end=\"609\">\ud83c\udfa8 Perfekt til h\u00e5ndv\u00e6rk &#8211; ideel til indpakning af gaver, skoleprojekter eller DIY-opgaver<\/p>\n<p data-start=\"612\" data-end=\"679\">\ud83e\udeb6 Kompakt og b\u00e6rbar &#8211; lille, let og nem at b\u00e6re<\/p>\n<p data-start=\"682\" data-end=\"745\">\ud83c\udf08 Flere farver &#8211; f\u00e5s i gr\u00f8n, sort og hvid<\/p>\n<p data-start=\"682\" data-end=\"745\"><img decoding=\"async\" class=\"size-full wp-image-36502 aligncenter\" src=\"https:\/\/keluvo.com\/template\/wp-content\/uploads\/sites\/5\/2025\/10\/ac91e1a4-0c80-4186-9460-61dbf8199d48_2d536a56-7a74-4194-a58a-b26d64930742.webp\" alt=\"\" \/><\/p>\n<h2 style=\"text-align: center;\" data-start=\"747\" data-end=\"767\"><strong>S\u00e5dan Bruges \ud83d\udee0\ufe0f<\/strong><\/h2>\n<ol data-start=\"768\" data-end=\"1037\">\n<li data-start=\"768\" data-end=\"825\">\n<p data-start=\"771\" data-end=\"825\">Inds\u00e6t rullen med indpakningspapir ind i cylinderen.<\/p>\n<\/li>\n<li data-start=\"826\" data-end=\"889\">\n<p data-start=\"829\" data-end=\"889\">Skub kniven langs papirkanten for at lave et rent snit.<\/p>\n<\/li>\n<li data-start=\"890\" data-end=\"964\">\n<p data-start=\"893\" data-end=\"964\">Juster til den \u00f8nskede l\u00e6ngde, og forts\u00e6t med at rulle og sk\u00e6re efter behov.<\/p>\n<\/li>\n<li data-start=\"965\" data-end=\"1037\">\n<p data-start=\"968\" data-end=\"1037\">Opbevar sikkert efter brug &#8211; det skjulte blad forhindrer utilsigtede snit.<\/p>\n<\/li>\n<\/ol>\n<h2 style=\"text-align: center;\" data-start=\"1039\" data-end=\"1063\"><strong>Produktoplysninger \u2139\ufe0f<\/strong><\/h2>\n<ul data-start=\"1064\" data-end=\"1292\">\n<li data-start=\"1105\" data-end=\"1138\">\n<p data-start=\"1107\" data-end=\"1138\">Material: Holdbar plast<\/p>\n<\/li>\n<li data-start=\"1139\" data-end=\"1166\">\n<p data-start=\"1141\" data-end=\"1166\">St\u00f8rrelse: 10 x 6 x 6 cm<\/p>\n<\/li>\n<li data-start=\"1167\" data-end=\"1189\">\n<p data-start=\"1169\" data-end=\"1189\">V\u00e6gt: 32,1 g<\/p>\n<\/li>\n<li data-start=\"1190\" data-end=\"1225\">\n<p data-start=\"1192\" data-end=\"1225\">Farver: Gr\u00f8n, sort, hvid<\/p>\n<\/li>\n<li data-start=\"1226\" data-end=\"1292\">\n<p data-start=\"1228\" data-end=\"1292\">Funktioner: Skjult knivdesign, b\u00e6rbar, sikker for alle aldre<\/p>\n<\/li>\n<\/ul>\n<h2 style=\"text-align: center;\" data-start=\"1294\" data-end=\"1319\"><strong>Pakken Indeholder \ud83d\udce6<\/strong><\/h2>\n<ul data-start=\"1320\" data-end=\"1361\">\n<li data-start=\"1320\" data-end=\"1361\">\n<p data-start=\"1322\" data-end=\"1361\">2x indpakningspapirsk\u00e6rer.<\/p>\n<\/li>\n<\/ul>\n","protected":false},"excerpt":{"rendered":"<p>Denne mini-indpakningspapirsk\u00e6rer g\u00f8r gaveindpakningen hurtigere, renere og mere sikker. Den er kompakt og nem at bruge og er det perfekte v\u00e6rkt\u00f8j til ferier, f\u00f8dselsdage og hobbyarbejde &#8211; ikke flere uj\u00e6vne kanter eller problemer med saksen.<\/p>\n","protected":false},"featured_media":16018,"comment_status":"open","ping_status":"closed","template":"","meta":{"site-sidebar-layout":"default","site-content-layout":"","ast-site-content-layout":"default","site-content-style":"default","site-sidebar-style":"default","ast-global-header-display":"","ast-banner-title-visibility":"","ast-main-header-display":"","ast-hfb-above-header-display":"","ast-hfb-below-header-display":"","ast-hfb-mobile-header-display":"","site-post-title":"","ast-breadcrumbs-content":"","ast-featured-img":"","footer-sml-layout":"","ast-disable-related-posts":"","theme-transparent-header-meta":"default","adv-header-id-meta":"","stick-header-meta":"","header-above-stick-meta":"","header-main-stick-meta":"","header-below-stick-meta":"","astra-migrate-meta-layouts":"set","ast-page-background-enabled":"default","ast-page-background-meta":{"desktop":{"background-color":"var(--ast-global-color-5)","background-image":"","background-repeat":"repeat","background-position":"center center","background-size":"auto","background-attachment":"scroll","background-type":"","background-media":"","overlay-type":"","overlay-color":"","overlay-opacity":"","overlay-gradient":""},"tablet":{"background-color":"","background-image":"","background-repeat":"repeat","background-position":"center center","background-size":"auto","background-attachment":"scroll","background-type":"","background-media":"","overlay-type":"","overlay-color":"","overlay-opacity":"","overlay-gradient":""},"mobile":{"background-color":"","background-image":"","background-repeat":"repeat","background-position":"center center","background-size":"auto","background-attachment":"scroll","background-type":"","background-media":"","overlay-type":"","overlay-color":"","overlay-opacity":"","overlay-gradient":""}},"ast-content-background-meta":{"desktop":{"background-color":"var(--ast-global-color-4)","background-image":"","background-repeat":"repeat","background-position":"center center","background-size":"auto","background-attachment":"scroll","background-type":"","background-media":"","overlay-type":"","overlay-color":"","overlay-opacity":"","overlay-gradient":""},"tablet":{"background-color":"var(--ast-global-color-4)","background-image":"","background-repeat":"repeat","background-position":"center center","background-size":"auto","background-attachment":"scroll","background-type":"","background-media":"","overlay-type":"","overlay-color":"","overlay-opacity":"","overlay-gradient":""},"mobile":{"background-color":"var(--ast-global-color-4)","background-image":"","background-repeat":"repeat","background-position":"center center","background-size":"auto","background-attachment":"scroll","background-type":"","background-media":"","overlay-type":"","overlay-color":"","overlay-opacity":"","overlay-gradient":""}}},"product_brand":[],"product_cat":[168,171],"product_tag":[],"class_list":{"0":"post-16022","1":"product","2":"type-product","3":"status-publish","4":"has-post-thumbnail","6":"product_cat-husholdningsartikler","7":"product_cat-vaerktoejer","8":"pa_30304_ulc7oo52-groen","9":"pa_30304_ulc7oo52-hvid","10":"pa_30304_ulc7oo52-sort","11":"desktop-align-left","12":"tablet-align-left","13":"mobile-align-left","15":"first","16":"instock","17":"shipping-taxable","18":"purchasable","19":"product-type-variable"},"yoast_head":"<!-- This site is optimized with the Yoast SEO plugin v27.4 - https:\/\/yoast.com\/product\/yoast-seo-wordpress\/ -->\n<title>Sk\u00e6rer til indpakningspapir (2 stk.) - Mekulo DK<\/title>\n<meta name=\"robots\" content=\"index, follow, max-snippet:-1, max-image-preview:large, max-video-preview:-1\" \/>\n<link rel=\"canonical\" href=\"https:\/\/mekulo.com\/dk\/produkt\/skaerer-til-indpakningspapir-2-stk\/\" \/>\n<meta property=\"og:locale\" content=\"da_DK\" \/>\n<meta property=\"og:type\" content=\"article\" \/>\n<meta property=\"og:title\" content=\"Sk\u00e6rer til indpakningspapir (2 stk.) - Mekulo DK\" \/>\n<meta property=\"og:description\" content=\"Denne mini-indpakningspapirsk\u00e6rer g\u00f8r gaveindpakningen hurtigere, renere og mere sikker. Den er kompakt og nem at bruge og er det perfekte v\u00e6rkt\u00f8j til ferier, f\u00f8dselsdage og hobbyarbejde - ikke flere uj\u00e6vne kanter eller problemer med saksen.\" \/>\n<meta property=\"og:url\" content=\"https:\/\/mekulo.com\/dk\/produkt\/skaerer-til-indpakningspapir-2-stk\/\" \/>\n<meta property=\"og:site_name\" content=\"Mekulo DK\" \/>\n<meta property=\"article:modified_time\" content=\"2026-01-06T09:03:00+00:00\" \/>\n<meta property=\"og:image\" content=\"https:\/\/mekulo.com\/dk\/wp-content\/uploads\/sites\/12\/2026\/01\/a4v2pfm-1.webp\" \/>\n\t<meta property=\"og:image:width\" content=\"800\" \/>\n\t<meta property=\"og:image:height\" content=\"800\" \/>\n\t<meta property=\"og:image:type\" content=\"image\/webp\" \/>\n<meta name=\"twitter:card\" content=\"summary_large_image\" \/>\n<meta name=\"twitter:label1\" content=\"Estimeret l\u00e6setid\" \/>\n\t<meta name=\"twitter:data1\" content=\"2 minutter\" \/>\n<script type=\"application\/ld+json\" class=\"yoast-schema-graph\">{\"@context\":\"https:\\\/\\\/schema.org\",\"@graph\":[{\"@type\":\"WebPage\",\"@id\":\"https:\\\/\\\/mekulo.com\\\/dk\\\/produkt\\\/skaerer-til-indpakningspapir-2-stk\\\/\",\"url\":\"https:\\\/\\\/mekulo.com\\\/dk\\\/produkt\\\/skaerer-til-indpakningspapir-2-stk\\\/\",\"name\":\"Sk\u00e6rer til indpakningspapir (2 stk.) - Mekulo DK\",\"isPartOf\":{\"@id\":\"https:\\\/\\\/mekulo.com\\\/dk\\\/#website\"},\"primaryImageOfPage\":{\"@id\":\"https:\\\/\\\/mekulo.com\\\/dk\\\/produkt\\\/skaerer-til-indpakningspapir-2-stk\\\/#primaryimage\"},\"image\":{\"@id\":\"https:\\\/\\\/mekulo.com\\\/dk\\\/produkt\\\/skaerer-til-indpakningspapir-2-stk\\\/#primaryimage\"},\"thumbnailUrl\":\"https:\\\/\\\/mekulo.com\\\/dk\\\/wp-content\\\/uploads\\\/sites\\\/12\\\/2026\\\/01\\\/a4v2pfm-1.webp\",\"datePublished\":\"2026-01-06T08:59:35+00:00\",\"dateModified\":\"2026-01-06T09:03:00+00:00\",\"breadcrumb\":{\"@id\":\"https:\\\/\\\/mekulo.com\\\/dk\\\/produkt\\\/skaerer-til-indpakningspapir-2-stk\\\/#breadcrumb\"},\"inLanguage\":\"da-DK\",\"potentialAction\":[{\"@type\":\"ReadAction\",\"target\":[\"https:\\\/\\\/mekulo.com\\\/dk\\\/produkt\\\/skaerer-til-indpakningspapir-2-stk\\\/\"]}]},{\"@type\":\"ImageObject\",\"inLanguage\":\"da-DK\",\"@id\":\"https:\\\/\\\/mekulo.com\\\/dk\\\/produkt\\\/skaerer-til-indpakningspapir-2-stk\\\/#primaryimage\",\"url\":\"https:\\\/\\\/mekulo.com\\\/dk\\\/wp-content\\\/uploads\\\/sites\\\/12\\\/2026\\\/01\\\/a4v2pfm-1.webp\",\"contentUrl\":\"https:\\\/\\\/mekulo.com\\\/dk\\\/wp-content\\\/uploads\\\/sites\\\/12\\\/2026\\\/01\\\/a4v2pfm-1.webp\",\"width\":800,\"height\":800},{\"@type\":\"BreadcrumbList\",\"@id\":\"https:\\\/\\\/mekulo.com\\\/dk\\\/produkt\\\/skaerer-til-indpakningspapir-2-stk\\\/#breadcrumb\",\"itemListElement\":[{\"@type\":\"ListItem\",\"position\":1,\"name\":\"Home\",\"item\":\"https:\\\/\\\/mekulo.com\\\/dk\\\/\"},{\"@type\":\"ListItem\",\"position\":2,\"name\":\"Butik\",\"item\":\"https:\\\/\\\/mekulo.com\\\/dk\\\/butik\\\/\"},{\"@type\":\"ListItem\",\"position\":3,\"name\":\"Sk\u00e6rer til indpakningspapir (2 stk.)\"}]},{\"@type\":\"WebSite\",\"@id\":\"https:\\\/\\\/mekulo.com\\\/dk\\\/#website\",\"url\":\"https:\\\/\\\/mekulo.com\\\/dk\\\/\",\"name\":\"Mekulo DK\",\"description\":\"\",\"publisher\":{\"@id\":\"https:\\\/\\\/mekulo.com\\\/dk\\\/#organization\"},\"potentialAction\":[{\"@type\":\"SearchAction\",\"target\":{\"@type\":\"EntryPoint\",\"urlTemplate\":\"https:\\\/\\\/mekulo.com\\\/dk\\\/?s={search_term_string}\"},\"query-input\":{\"@type\":\"PropertyValueSpecification\",\"valueRequired\":true,\"valueName\":\"search_term_string\"}}],\"inLanguage\":\"da-DK\"},{\"@type\":\"Organization\",\"@id\":\"https:\\\/\\\/mekulo.com\\\/dk\\\/#organization\",\"name\":\"Mekulo\",\"url\":\"https:\\\/\\\/mekulo.com\\\/dk\\\/\",\"logo\":{\"@type\":\"ImageObject\",\"inLanguage\":\"da-DK\",\"@id\":\"https:\\\/\\\/mekulo.com\\\/dk\\\/#\\\/schema\\\/logo\\\/image\\\/\",\"url\":\"https:\\\/\\\/mekulo.com\\\/dk\\\/wp-content\\\/uploads\\\/sites\\\/12\\\/2025\\\/12\\\/favicon_mekulo.png\",\"contentUrl\":\"https:\\\/\\\/mekulo.com\\\/dk\\\/wp-content\\\/uploads\\\/sites\\\/12\\\/2025\\\/12\\\/favicon_mekulo.png\",\"width\":50,\"height\":50,\"caption\":\"Mekulo\"},\"image\":{\"@id\":\"https:\\\/\\\/mekulo.com\\\/dk\\\/#\\\/schema\\\/logo\\\/image\\\/\"}}]}<\/script>\n<!-- \/ Yoast SEO plugin. -->","yoast_head_json":{"title":"Sk\u00e6rer til indpakningspapir (2 stk.) - Mekulo DK","robots":{"index":"index","follow":"follow","max-snippet":"max-snippet:-1","max-image-preview":"max-image-preview:large","max-video-preview":"max-video-preview:-1"},"canonical":"https:\/\/mekulo.com\/dk\/produkt\/skaerer-til-indpakningspapir-2-stk\/","og_locale":"da_DK","og_type":"article","og_title":"Sk\u00e6rer til indpakningspapir (2 stk.) - Mekulo DK","og_description":"Denne mini-indpakningspapirsk\u00e6rer g\u00f8r gaveindpakningen hurtigere, renere og mere sikker. Den er kompakt og nem at bruge og er det perfekte v\u00e6rkt\u00f8j til ferier, f\u00f8dselsdage og hobbyarbejde - ikke flere uj\u00e6vne kanter eller problemer med saksen.","og_url":"https:\/\/mekulo.com\/dk\/produkt\/skaerer-til-indpakningspapir-2-stk\/","og_site_name":"Mekulo DK","article_modified_time":"2026-01-06T09:03:00+00:00","og_image":[{"width":800,"height":800,"url":"https:\/\/mekulo.com\/dk\/wp-content\/uploads\/sites\/12\/2026\/01\/a4v2pfm-1.webp","type":"image\/webp"}],"twitter_card":"summary_large_image","twitter_misc":{"Estimeret l\u00e6setid":"2 minutter"},"schema":{"@context":"https:\/\/schema.org","@graph":[{"@type":"WebPage","@id":"https:\/\/mekulo.com\/dk\/produkt\/skaerer-til-indpakningspapir-2-stk\/","url":"https:\/\/mekulo.com\/dk\/produkt\/skaerer-til-indpakningspapir-2-stk\/","name":"Sk\u00e6rer til indpakningspapir (2 stk.) - Mekulo DK","isPartOf":{"@id":"https:\/\/mekulo.com\/dk\/#website"},"primaryImageOfPage":{"@id":"https:\/\/mekulo.com\/dk\/produkt\/skaerer-til-indpakningspapir-2-stk\/#primaryimage"},"image":{"@id":"https:\/\/mekulo.com\/dk\/produkt\/skaerer-til-indpakningspapir-2-stk\/#primaryimage"},"thumbnailUrl":"https:\/\/mekulo.com\/dk\/wp-content\/uploads\/sites\/12\/2026\/01\/a4v2pfm-1.webp","datePublished":"2026-01-06T08:59:35+00:00","dateModified":"2026-01-06T09:03:00+00:00","breadcrumb":{"@id":"https:\/\/mekulo.com\/dk\/produkt\/skaerer-til-indpakningspapir-2-stk\/#breadcrumb"},"inLanguage":"da-DK","potentialAction":[{"@type":"ReadAction","target":["https:\/\/mekulo.com\/dk\/produkt\/skaerer-til-indpakningspapir-2-stk\/"]}]},{"@type":"ImageObject","inLanguage":"da-DK","@id":"https:\/\/mekulo.com\/dk\/produkt\/skaerer-til-indpakningspapir-2-stk\/#primaryimage","url":"https:\/\/mekulo.com\/dk\/wp-content\/uploads\/sites\/12\/2026\/01\/a4v2pfm-1.webp","contentUrl":"https:\/\/mekulo.com\/dk\/wp-content\/uploads\/sites\/12\/2026\/01\/a4v2pfm-1.webp","width":800,"height":800},{"@type":"BreadcrumbList","@id":"https:\/\/mekulo.com\/dk\/produkt\/skaerer-til-indpakningspapir-2-stk\/#breadcrumb","itemListElement":[{"@type":"ListItem","position":1,"name":"Home","item":"https:\/\/mekulo.com\/dk\/"},{"@type":"ListItem","position":2,"name":"Butik","item":"https:\/\/mekulo.com\/dk\/butik\/"},{"@type":"ListItem","position":3,"name":"Sk\u00e6rer til indpakningspapir (2 stk.)"}]},{"@type":"WebSite","@id":"https:\/\/mekulo.com\/dk\/#website","url":"https:\/\/mekulo.com\/dk\/","name":"Mekulo DK","description":"","publisher":{"@id":"https:\/\/mekulo.com\/dk\/#organization"},"potentialAction":[{"@type":"SearchAction","target":{"@type":"EntryPoint","urlTemplate":"https:\/\/mekulo.com\/dk\/?s={search_term_string}"},"query-input":{"@type":"PropertyValueSpecification","valueRequired":true,"valueName":"search_term_string"}}],"inLanguage":"da-DK"},{"@type":"Organization","@id":"https:\/\/mekulo.com\/dk\/#organization","name":"Mekulo","url":"https:\/\/mekulo.com\/dk\/","logo":{"@type":"ImageObject","inLanguage":"da-DK","@id":"https:\/\/mekulo.com\/dk\/#\/schema\/logo\/image\/","url":"https:\/\/mekulo.com\/dk\/wp-content\/uploads\/sites\/12\/2025\/12\/favicon_mekulo.png","contentUrl":"https:\/\/mekulo.com\/dk\/wp-content\/uploads\/sites\/12\/2025\/12\/favicon_mekulo.png","width":50,"height":50,"caption":"Mekulo"},"image":{"@id":"https:\/\/mekulo.com\/dk\/#\/schema\/logo\/image\/"}}]}},"_links":{"self":[{"href":"https:\/\/mekulo.com\/dk\/wp-json\/wp\/v2\/product\/16022","targetHints":{"allow":["GET"]}}],"collection":[{"href":"https:\/\/mekulo.com\/dk\/wp-json\/wp\/v2\/product"}],"about":[{"href":"https:\/\/mekulo.com\/dk\/wp-json\/wp\/v2\/types\/product"}],"replies":[{"embeddable":true,"href":"https:\/\/mekulo.com\/dk\/wp-json\/wp\/v2\/comments?post=16022"}],"wp:featuredmedia":[{"embeddable":true,"href":"https:\/\/mekulo.com\/dk\/wp-json\/wp\/v2\/media\/16018"}],"wp:attachment":[{"href":"https:\/\/mekulo.com\/dk\/wp-json\/wp\/v2\/media?parent=16022"}],"wp:term":[{"taxonomy":"product_brand","embeddable":true,"href":"https:\/\/mekulo.com\/dk\/wp-json\/wp\/v2\/product_brand?post=16022"},{"taxonomy":"product_cat","embeddable":true,"href":"https:\/\/mekulo.com\/dk\/wp-json\/wp\/v2\/product_cat?post=16022"},{"taxonomy":"product_tag","embeddable":true,"href":"https:\/\/mekulo.com\/dk\/wp-json\/wp\/v2\/product_tag?post=16022"}],"curies":[{"name":"wp","href":"https:\/\/api.w.org\/{rel}","templated":true}]}}