{"id":15977,"date":"2026-01-06T10:57:40","date_gmt":"2026-01-06T08:57:40","guid":{"rendered":"https:\/\/mekulo.com\/dk\/produkt\/3-i-1-holder-til-opladningskabel\/"},"modified":"2026-01-06T10:58:39","modified_gmt":"2026-01-06T08:58:39","slug":"3-i-1-holder-til-opladningskabel","status":"publish","type":"product","link":"https:\/\/mekulo.com\/dk\/produkt\/3-i-1-holder-til-opladningskabel\/","title":{"rendered":"3-i-1-holder til opladningskabel"},"content":{"rendered":"<p style=\"text-align: center\" data-start=\"0\" data-end=\"77\"><strong>Oplad alle dine enheder med \u00e9t kabel, der ogs\u00e5 fungerer som telefonholder. \ud83d\udd0c<\/strong><img fetchpriority=\"high\" decoding=\"async\" class=\" wp-image-43703 aligncenter\" src=\"https:\/\/keluvo.com\/template\/wp-content\/uploads\/sites\/5\/2025\/12\/76269f63-37c1-48f7-9e72-da8093b76244.gif\" alt=\"\" width=\"501\" height=\"501\" \/><\/p>\n<h2 style=\"text-align: center\" data-start=\"335\" data-end=\"355\">\u2b50 Hovedfordele<\/h2>\n<p data-start=\"358\" data-end=\"439\">\ud83d\udd0c \u00c9t kabel til alle enheder &#8211; Fungerer med Lightning, Micro USB og Type-C.<\/p>\n<p data-start=\"442\" data-end=\"510\">\u26a1 Hurtig opladning &#8211; Op til 3A output for hurtig og sikker opladning.<\/p>\n<p data-start=\"513\" data-end=\"581\">\ud83d\udd04 Hurtig dataoverf\u00f8rsel &#8211; USB 2.0 underst\u00f8tter hastigheder p\u00e5 op til 480 Mbps.<\/p>\n<p data-start=\"584\" data-end=\"660\">\ud83c\udf92 B\u00e6rbar &amp; udtr\u00e6kkelig &#8211; Ingen sammenfiltrede kabler, nem at have med overalt.<\/p>\n<p data-start=\"663\" data-end=\"739\">\ud83d\udcf1 Indbygget telefonholder &#8211; Perfekt til at se film eller videoopkald.<\/p>\n<p data-start=\"742\" data-end=\"817\">\ud83c\udfe1 Perfekt til bil, kontor, hjem og rejser &#8211; \u00e9t kabel opfylder alle behov.<\/p>\n<p data-start=\"742\" data-end=\"817\"><img decoding=\"async\" class=\" wp-image-43702 aligncenter\" src=\"https:\/\/keluvo.com\/template\/wp-content\/uploads\/sites\/5\/2025\/12\/0a3a526e-ecdc-4fbb-be47-cc9a97bd66f3.gif\" alt=\"\" width=\"501\" height=\"501\" \/><\/p>\n<h2 style=\"text-align: center\" data-start=\"824\" data-end=\"842\">\ud83e\uddfe S\u00e5dan bruges<\/h2>\n<ol data-start=\"843\" data-end=\"1183\">\n<li data-start=\"843\" data-end=\"913\">\n<p data-start=\"846\" data-end=\"913\">Tr\u00e6k forsigtigt i kabelenderne for at forl\u00e6nge det til din foretrukne l\u00e6ngde.<\/p>\n<\/li>\n<li data-start=\"914\" data-end=\"957\">\n<p data-start=\"917\" data-end=\"957\">S\u00e6t USB-enden i en opladningsport.<\/p>\n<\/li>\n<li data-start=\"958\" data-end=\"1039\">\n<p data-start=\"961\" data-end=\"1039\">V\u00e6lg det stik, der passer til din enhed (Lightning, Micro eller Type-C).<\/p>\n<\/li>\n<li data-start=\"1040\" data-end=\"1114\">\n<p data-start=\"1043\" data-end=\"1114\">Til brug af telefonholder skal du \u00e5bne bagstativet og placere din telefon p\u00e5 det.<\/p>\n<\/li>\n<li data-start=\"1115\" data-end=\"1183\">\n<p data-start=\"1118\" data-end=\"1183\">Efter brug skal du tr\u00e6kke i begge ender igen for at tr\u00e6kke kablet ind til opbevaring.<\/p>\n<\/li>\n<\/ol>\n<h2 style=\"text-align: center\" data-start=\"1190\" data-end=\"1213\">\ud83d\udccc Produktdetaljer<\/h2>\n<ul data-start=\"1214\" data-end=\"1599\">\n<li data-start=\"1261\" data-end=\"1309\">\n<p data-start=\"1263\" data-end=\"1309\">Materiale: Aluminiumslegering + kobberkerne + TPE<\/p>\n<\/li>\n<li data-start=\"1310\" data-end=\"1334\">\n<p data-start=\"1312\" data-end=\"1334\">Size: 7 x 5 x 2,3 cm<\/p>\n<\/li>\n<li data-start=\"1335\" data-end=\"1351\">\n<p data-start=\"1337\" data-end=\"1351\">Weight: 47 g<\/p>\n<\/li>\n<li data-start=\"1352\" data-end=\"1372\">\n<p data-start=\"1354\" data-end=\"1372\">Cord length: 1 m<\/p>\n<\/li>\n<li data-start=\"1373\" data-end=\"1430\">\n<p data-start=\"1375\" data-end=\"1430\">Connector types: Lightning 8-pin \/ Micro USB \/ Type-C<\/p>\n<\/li>\n<li data-start=\"1431\" data-end=\"1459\">\n<p data-start=\"1433\" data-end=\"1459\">Opladningshastighed: Op til 3A<\/p>\n<\/li>\n<li data-start=\"1460\" data-end=\"1499\">\n<p data-start=\"1462\" data-end=\"1499\">Dataoverf\u00f8rselshastighed: Op til 480 Mbps<\/p>\n<\/li>\n<li data-start=\"1500\" data-end=\"1541\">\n<p data-start=\"1502\" data-end=\"1541\">Ekstra funktion: Indbygget telefonholder<\/p>\n<\/li>\n<\/ul>\n<h2 style=\"text-align: center\" data-start=\"1606\" data-end=\"1630\">\ud83c\udf81 Pakken indeholder<\/h2>\n<ul data-start=\"1631\" data-end=\"1677\" data-is-last-node=\"\" data-is-only-node=\"\">\n<li data-start=\"1631\" data-end=\"1677\" data-is-last-node=\"\">\n<p data-start=\"1633\" data-end=\"1677\" data-is-last-node=\"\">1x 3-i-1-opladerkabelholder.<\/p>\n<\/li>\n<\/ul>\n","protected":false},"excerpt":{"rendered":"<p style=\"text-align: left\" data-start=\"79\" data-end=\"328\">Denne 3-i-1-holder til opladningskabler holder styr p\u00e5 dine kabler, sparer plads og giver dig mulighed for at oplade flere typer enheder uden at b\u00e6re rundt p\u00e5 ekstra ledninger. Den tr\u00e6kkes nemt ind, underst\u00f8tter hurtig opladning og fungerer endda som et stativ, s\u00e5 du kan se videoer h\u00e5ndfrit.<\/p>\n<p data-start=\"79\" data-end=\"328\">\n","protected":false},"featured_media":15973,"comment_status":"open","ping_status":"closed","template":"","meta":{"site-sidebar-layout":"default","site-content-layout":"","ast-site-content-layout":"default","site-content-style":"default","site-sidebar-style":"default","ast-global-header-display":"","ast-banner-title-visibility":"","ast-main-header-display":"","ast-hfb-above-header-display":"","ast-hfb-below-header-display":"","ast-hfb-mobile-header-display":"","site-post-title":"","ast-breadcrumbs-content":"","ast-featured-img":"","footer-sml-layout":"","theme-transparent-header-meta":"default","adv-header-id-meta":"","stick-header-meta":"","header-above-stick-meta":"","header-main-stick-meta":"","header-below-stick-meta":"","astra-migrate-meta-layouts":"set","ast-page-background-enabled":"default","ast-page-background-meta":{"desktop":{"background-color":"var(--ast-global-color-5)","background-image":"","background-repeat":"repeat","background-position":"center center","background-size":"auto","background-attachment":"scroll","background-type":"","background-media":"","overlay-type":"","overlay-color":"","overlay-opacity":"","overlay-gradient":""},"tablet":{"background-color":"","background-image":"","background-repeat":"repeat","background-position":"center center","background-size":"auto","background-attachment":"scroll","background-type":"","background-media":"","overlay-type":"","overlay-color":"","overlay-opacity":"","overlay-gradient":""},"mobile":{"background-color":"","background-image":"","background-repeat":"repeat","background-position":"center center","background-size":"auto","background-attachment":"scroll","background-type":"","background-media":"","overlay-type":"","overlay-color":"","overlay-opacity":"","overlay-gradient":""}},"ast-content-background-meta":{"desktop":{"background-color":"var(--ast-global-color-4)","background-image":"","background-repeat":"repeat","background-position":"center center","background-size":"auto","background-attachment":"scroll","background-type":"","background-media":"","overlay-type":"","overlay-color":"","overlay-opacity":"","overlay-gradient":""},"tablet":{"background-color":"var(--ast-global-color-4)","background-image":"","background-repeat":"repeat","background-position":"center center","background-size":"auto","background-attachment":"scroll","background-type":"","background-media":"","overlay-type":"","overlay-color":"","overlay-opacity":"","overlay-gradient":""},"mobile":{"background-color":"var(--ast-global-color-4)","background-image":"","background-repeat":"repeat","background-position":"center center","background-size":"auto","background-attachment":"scroll","background-type":"","background-media":"","overlay-type":"","overlay-color":"","overlay-opacity":"","overlay-gradient":""}}},"product_brand":[],"product_cat":[173],"product_tag":[],"class_list":{"0":"post-15977","1":"product","2":"type-product","3":"status-publish","4":"has-post-thumbnail","6":"product_cat-elektronik","7":"pa_54832_l8ba5c3c-blaa","8":"pa_54832_l8ba5c3c-groen","9":"pa_54832_l8ba5c3c-lilla","10":"pa_54832_l8ba5c3c-lyseroed","11":"pa_54832_l8ba5c3c-roed","12":"pa_54832_l8ba5c3c-sort","13":"pa_54832_qlfc45wi-1-stk","14":"pa_54832_qlfc45wi-2-stk","15":"pa_54832_qlfc45wi-3-stk","16":"desktop-align-left","17":"tablet-align-left","18":"mobile-align-left","20":"first","21":"instock","22":"shipping-taxable","23":"purchasable","24":"product-type-variable","25":"has-default-attributes"},"yoast_head":"<!-- This site is optimized with the Yoast SEO plugin v26.6 - https:\/\/yoast.com\/wordpress\/plugins\/seo\/ -->\n<title>3-i-1-holder til opladningskabel - Mekulo DK<\/title>\n<meta name=\"robots\" content=\"index, follow, max-snippet:-1, max-image-preview:large, max-video-preview:-1\" \/>\n<link rel=\"canonical\" href=\"https:\/\/mekulo.com\/dk\/produkt\/3-i-1-holder-til-opladningskabel\/\" \/>\n<meta property=\"og:locale\" content=\"da_DK\" \/>\n<meta property=\"og:type\" content=\"article\" \/>\n<meta property=\"og:title\" content=\"3-i-1-holder til opladningskabel - Mekulo DK\" \/>\n<meta property=\"og:description\" content=\"Denne 3-i-1-holder til opladningskabler holder styr p\u00e5 dine kabler, sparer plads og giver dig mulighed for at oplade flere typer enheder uden at b\u00e6re rundt p\u00e5 ekstra ledninger. Den tr\u00e6kkes nemt ind, underst\u00f8tter hurtig opladning og fungerer endda som et stativ, s\u00e5 du kan se videoer h\u00e5ndfrit.\" \/>\n<meta property=\"og:url\" content=\"https:\/\/mekulo.com\/dk\/produkt\/3-i-1-holder-til-opladningskabel\/\" \/>\n<meta property=\"og:site_name\" content=\"Mekulo DK\" \/>\n<meta property=\"article:modified_time\" content=\"2026-01-06T08:58:39+00:00\" \/>\n<meta property=\"og:image\" content=\"https:\/\/mekulo.com\/dk\/wp-content\/uploads\/sites\/12\/2026\/01\/ze4v86r-1.jpg\" \/>\n\t<meta property=\"og:image:width\" content=\"1080\" \/>\n\t<meta property=\"og:image:height\" content=\"1080\" \/>\n\t<meta property=\"og:image:type\" content=\"image\/jpeg\" \/>\n<meta name=\"twitter:card\" content=\"summary_large_image\" \/>\n<meta name=\"twitter:label1\" content=\"Estimeret l\u00e6setid\" \/>\n\t<meta name=\"twitter:data1\" content=\"2 minutter\" \/>\n<script type=\"application\/ld+json\" class=\"yoast-schema-graph\">{\"@context\":\"https:\/\/schema.org\",\"@graph\":[{\"@type\":\"WebPage\",\"@id\":\"https:\/\/mekulo.com\/dk\/produkt\/3-i-1-holder-til-opladningskabel\/\",\"url\":\"https:\/\/mekulo.com\/dk\/produkt\/3-i-1-holder-til-opladningskabel\/\",\"name\":\"3-i-1-holder til opladningskabel - Mekulo DK\",\"isPartOf\":{\"@id\":\"https:\/\/mekulo.com\/dk\/#website\"},\"primaryImageOfPage\":{\"@id\":\"https:\/\/mekulo.com\/dk\/produkt\/3-i-1-holder-til-opladningskabel\/#primaryimage\"},\"image\":{\"@id\":\"https:\/\/mekulo.com\/dk\/produkt\/3-i-1-holder-til-opladningskabel\/#primaryimage\"},\"thumbnailUrl\":\"https:\/\/mekulo.com\/dk\/wp-content\/uploads\/sites\/12\/2026\/01\/ze4v86r-1.jpg\",\"datePublished\":\"2026-01-06T08:57:40+00:00\",\"dateModified\":\"2026-01-06T08:58:39+00:00\",\"breadcrumb\":{\"@id\":\"https:\/\/mekulo.com\/dk\/produkt\/3-i-1-holder-til-opladningskabel\/#breadcrumb\"},\"inLanguage\":\"da-DK\",\"potentialAction\":[{\"@type\":\"ReadAction\",\"target\":[\"https:\/\/mekulo.com\/dk\/produkt\/3-i-1-holder-til-opladningskabel\/\"]}]},{\"@type\":\"ImageObject\",\"inLanguage\":\"da-DK\",\"@id\":\"https:\/\/mekulo.com\/dk\/produkt\/3-i-1-holder-til-opladningskabel\/#primaryimage\",\"url\":\"https:\/\/mekulo.com\/dk\/wp-content\/uploads\/sites\/12\/2026\/01\/ze4v86r-1.jpg\",\"contentUrl\":\"https:\/\/mekulo.com\/dk\/wp-content\/uploads\/sites\/12\/2026\/01\/ze4v86r-1.jpg\",\"width\":1080,\"height\":1080},{\"@type\":\"BreadcrumbList\",\"@id\":\"https:\/\/mekulo.com\/dk\/produkt\/3-i-1-holder-til-opladningskabel\/#breadcrumb\",\"itemListElement\":[{\"@type\":\"ListItem\",\"position\":1,\"name\":\"Home\",\"item\":\"https:\/\/mekulo.com\/dk\/\"},{\"@type\":\"ListItem\",\"position\":2,\"name\":\"Butik\",\"item\":\"https:\/\/mekulo.com\/dk\/butik\/\"},{\"@type\":\"ListItem\",\"position\":3,\"name\":\"3-i-1-holder til opladningskabel\"}]},{\"@type\":\"WebSite\",\"@id\":\"https:\/\/mekulo.com\/dk\/#website\",\"url\":\"https:\/\/mekulo.com\/dk\/\",\"name\":\"Mekulo DK\",\"description\":\"\",\"publisher\":{\"@id\":\"https:\/\/mekulo.com\/dk\/#organization\"},\"potentialAction\":[{\"@type\":\"SearchAction\",\"target\":{\"@type\":\"EntryPoint\",\"urlTemplate\":\"https:\/\/mekulo.com\/dk\/?s={search_term_string}\"},\"query-input\":{\"@type\":\"PropertyValueSpecification\",\"valueRequired\":true,\"valueName\":\"search_term_string\"}}],\"inLanguage\":\"da-DK\"},{\"@type\":\"Organization\",\"@id\":\"https:\/\/mekulo.com\/dk\/#organization\",\"name\":\"Mekulo\",\"url\":\"https:\/\/mekulo.com\/dk\/\",\"logo\":{\"@type\":\"ImageObject\",\"inLanguage\":\"da-DK\",\"@id\":\"https:\/\/mekulo.com\/dk\/#\/schema\/logo\/image\/\",\"url\":\"https:\/\/mekulo.com\/dk\/wp-content\/uploads\/sites\/12\/2025\/12\/favicon_mekulo.png\",\"contentUrl\":\"https:\/\/mekulo.com\/dk\/wp-content\/uploads\/sites\/12\/2025\/12\/favicon_mekulo.png\",\"width\":50,\"height\":50,\"caption\":\"Mekulo\"},\"image\":{\"@id\":\"https:\/\/mekulo.com\/dk\/#\/schema\/logo\/image\/\"}}]}<\/script>\n<!-- \/ Yoast SEO plugin. -->","yoast_head_json":{"title":"3-i-1-holder til opladningskabel - Mekulo DK","robots":{"index":"index","follow":"follow","max-snippet":"max-snippet:-1","max-image-preview":"max-image-preview:large","max-video-preview":"max-video-preview:-1"},"canonical":"https:\/\/mekulo.com\/dk\/produkt\/3-i-1-holder-til-opladningskabel\/","og_locale":"da_DK","og_type":"article","og_title":"3-i-1-holder til opladningskabel - Mekulo DK","og_description":"Denne 3-i-1-holder til opladningskabler holder styr p\u00e5 dine kabler, sparer plads og giver dig mulighed for at oplade flere typer enheder uden at b\u00e6re rundt p\u00e5 ekstra ledninger. Den tr\u00e6kkes nemt ind, underst\u00f8tter hurtig opladning og fungerer endda som et stativ, s\u00e5 du kan se videoer h\u00e5ndfrit.","og_url":"https:\/\/mekulo.com\/dk\/produkt\/3-i-1-holder-til-opladningskabel\/","og_site_name":"Mekulo DK","article_modified_time":"2026-01-06T08:58:39+00:00","og_image":[{"width":1080,"height":1080,"url":"https:\/\/mekulo.com\/dk\/wp-content\/uploads\/sites\/12\/2026\/01\/ze4v86r-1.jpg","type":"image\/jpeg"}],"twitter_card":"summary_large_image","twitter_misc":{"Estimeret l\u00e6setid":"2 minutter"},"schema":{"@context":"https:\/\/schema.org","@graph":[{"@type":"WebPage","@id":"https:\/\/mekulo.com\/dk\/produkt\/3-i-1-holder-til-opladningskabel\/","url":"https:\/\/mekulo.com\/dk\/produkt\/3-i-1-holder-til-opladningskabel\/","name":"3-i-1-holder til opladningskabel - Mekulo DK","isPartOf":{"@id":"https:\/\/mekulo.com\/dk\/#website"},"primaryImageOfPage":{"@id":"https:\/\/mekulo.com\/dk\/produkt\/3-i-1-holder-til-opladningskabel\/#primaryimage"},"image":{"@id":"https:\/\/mekulo.com\/dk\/produkt\/3-i-1-holder-til-opladningskabel\/#primaryimage"},"thumbnailUrl":"https:\/\/mekulo.com\/dk\/wp-content\/uploads\/sites\/12\/2026\/01\/ze4v86r-1.jpg","datePublished":"2026-01-06T08:57:40+00:00","dateModified":"2026-01-06T08:58:39+00:00","breadcrumb":{"@id":"https:\/\/mekulo.com\/dk\/produkt\/3-i-1-holder-til-opladningskabel\/#breadcrumb"},"inLanguage":"da-DK","potentialAction":[{"@type":"ReadAction","target":["https:\/\/mekulo.com\/dk\/produkt\/3-i-1-holder-til-opladningskabel\/"]}]},{"@type":"ImageObject","inLanguage":"da-DK","@id":"https:\/\/mekulo.com\/dk\/produkt\/3-i-1-holder-til-opladningskabel\/#primaryimage","url":"https:\/\/mekulo.com\/dk\/wp-content\/uploads\/sites\/12\/2026\/01\/ze4v86r-1.jpg","contentUrl":"https:\/\/mekulo.com\/dk\/wp-content\/uploads\/sites\/12\/2026\/01\/ze4v86r-1.jpg","width":1080,"height":1080},{"@type":"BreadcrumbList","@id":"https:\/\/mekulo.com\/dk\/produkt\/3-i-1-holder-til-opladningskabel\/#breadcrumb","itemListElement":[{"@type":"ListItem","position":1,"name":"Home","item":"https:\/\/mekulo.com\/dk\/"},{"@type":"ListItem","position":2,"name":"Butik","item":"https:\/\/mekulo.com\/dk\/butik\/"},{"@type":"ListItem","position":3,"name":"3-i-1-holder til opladningskabel"}]},{"@type":"WebSite","@id":"https:\/\/mekulo.com\/dk\/#website","url":"https:\/\/mekulo.com\/dk\/","name":"Mekulo DK","description":"","publisher":{"@id":"https:\/\/mekulo.com\/dk\/#organization"},"potentialAction":[{"@type":"SearchAction","target":{"@type":"EntryPoint","urlTemplate":"https:\/\/mekulo.com\/dk\/?s={search_term_string}"},"query-input":{"@type":"PropertyValueSpecification","valueRequired":true,"valueName":"search_term_string"}}],"inLanguage":"da-DK"},{"@type":"Organization","@id":"https:\/\/mekulo.com\/dk\/#organization","name":"Mekulo","url":"https:\/\/mekulo.com\/dk\/","logo":{"@type":"ImageObject","inLanguage":"da-DK","@id":"https:\/\/mekulo.com\/dk\/#\/schema\/logo\/image\/","url":"https:\/\/mekulo.com\/dk\/wp-content\/uploads\/sites\/12\/2025\/12\/favicon_mekulo.png","contentUrl":"https:\/\/mekulo.com\/dk\/wp-content\/uploads\/sites\/12\/2025\/12\/favicon_mekulo.png","width":50,"height":50,"caption":"Mekulo"},"image":{"@id":"https:\/\/mekulo.com\/dk\/#\/schema\/logo\/image\/"}}]}},"_links":{"self":[{"href":"https:\/\/mekulo.com\/dk\/wp-json\/wp\/v2\/product\/15977","targetHints":{"allow":["GET"]}}],"collection":[{"href":"https:\/\/mekulo.com\/dk\/wp-json\/wp\/v2\/product"}],"about":[{"href":"https:\/\/mekulo.com\/dk\/wp-json\/wp\/v2\/types\/product"}],"replies":[{"embeddable":true,"href":"https:\/\/mekulo.com\/dk\/wp-json\/wp\/v2\/comments?post=15977"}],"wp:featuredmedia":[{"embeddable":true,"href":"https:\/\/mekulo.com\/dk\/wp-json\/wp\/v2\/media\/15973"}],"wp:attachment":[{"href":"https:\/\/mekulo.com\/dk\/wp-json\/wp\/v2\/media?parent=15977"}],"wp:term":[{"taxonomy":"product_brand","embeddable":true,"href":"https:\/\/mekulo.com\/dk\/wp-json\/wp\/v2\/product_brand?post=15977"},{"taxonomy":"product_cat","embeddable":true,"href":"https:\/\/mekulo.com\/dk\/wp-json\/wp\/v2\/product_cat?post=15977"},{"taxonomy":"product_tag","embeddable":true,"href":"https:\/\/mekulo.com\/dk\/wp-json\/wp\/v2\/product_tag?post=15977"}],"curies":[{"name":"wp","href":"https:\/\/api.w.org\/{rel}","templated":true}]}}