{"id":15941,"date":"2026-01-06T10:54:46","date_gmt":"2026-01-06T08:54:46","guid":{"rendered":"https:\/\/mekulo.com\/dk\/produkt\/diy-teknologisk-legetoej\/"},"modified":"2026-01-06T10:55:22","modified_gmt":"2026-01-06T08:55:22","slug":"diy-teknologisk-legetoej","status":"publish","type":"product","link":"https:\/\/mekulo.com\/dk\/produkt\/diy-teknologisk-legetoej\/","title":{"rendered":"DIY-teknologisk leget\u00f8j"},"content":{"rendered":"<p style=\"text-align: center\" data-start=\"0\" data-end=\"61\"><strong data-start=\"0\" data-end=\"61\">Byg, L\u00e6r Og Leg, Mens Du Udvikler \u00c6gte STEM-F\u00e6rdigheder.<\/strong><span style=\"font-size: 16px;font-style: normal;font-weight: 400\">\ud83e\udde0<\/span><\/p>\n<p data-start=\"63\" data-end=\"280\"><img fetchpriority=\"high\" decoding=\"async\" class=\"size-full wp-image-46309 aligncenter\" src=\"https:\/\/keluvo.com\/template\/wp-content\/uploads\/sites\/5\/2025\/12\/102216-ezgif.com-video-to-webp-converter-4.webp\" alt=\"\" width=\"500\" height=\"500\" \/><\/p>\n<h2 style=\"text-align: center\" data-start=\"529\" data-end=\"549\">\ud83c\udf1f Hovedfordele<\/h2>\n<p data-start=\"552\" data-end=\"621\">\ud83e\udde9 Praktisk STEM-l\u00e6ring &#8211; L\u00e6r ved at bygge og eksperimentere.<\/p>\n<p data-start=\"624\" data-end=\"681\">\ud83d\udc3e Dyre- og naturtema &#8211; Sjove og engagerende designs.<\/p>\n<p data-start=\"684\" data-end=\"743\">\ud83d\udcd8 Let at samle &#8211; Tydelige trinvise instruktioner.<\/p>\n<p data-start=\"746\" data-end=\"807\">\ud83d\udee1\ufe0f Sikkert for b\u00f8rn &#8211; Ugiftige, b\u00f8rnevenlige materialer.<\/p>\n<p data-start=\"810\" data-end=\"874\">\ud83d\udd27 \u00d8ger kreativiteten &#8211; Opmuntrer til t\u00e6nkning og fantasi.<\/p>\n<p data-start=\"877\" data-end=\"929\">\ud83e\uddf1 Holdbart design &#8211; Lavet til langvarig leg.<\/p>\n<p data-start=\"877\" data-end=\"929\"><img decoding=\"async\" class=\"size-full wp-image-46310 aligncenter\" src=\"https:\/\/keluvo.com\/template\/wp-content\/uploads\/sites\/5\/2025\/12\/a6cb65b2-4f3c-4a90-bb2e-8a6b74985463.jpg\" alt=\"\" width=\"768\" height=\"1080\" \/><\/p>\n<h2 style=\"text-align: center\" data-start=\"931\" data-end=\"948\">\u25b6\ufe0f S\u00e5dan Bruges<\/h2>\n<ol data-start=\"949\" data-end=\"1111\">\n<li data-start=\"949\" data-end=\"990\">\n<p data-start=\"952\" data-end=\"990\">\u00c5bn pakken, og sorter delene.<\/p>\n<\/li>\n<li data-start=\"991\" data-end=\"1027\">\n<p data-start=\"994\" data-end=\"1027\">F\u00f8lg den trinvise vejledning.<\/p>\n<\/li>\n<li data-start=\"1028\" data-end=\"1067\">\n<p data-start=\"1031\" data-end=\"1067\">Saml modellen stykke for stykke.<\/p>\n<\/li>\n<li data-start=\"1068\" data-end=\"1111\">\n<p data-start=\"1071\" data-end=\"1111\">Leg, l\u00e6r og udforsk, hvordan den fungerer.<\/p>\n<\/li>\n<\/ol>\n<h2 style=\"text-align: center\" data-start=\"1113\" data-end=\"1135\">\ud83d\udccf Produktdetaljer<\/h2>\n<ul data-start=\"1136\" data-end=\"1432\">\n<li data-start=\"1168\" data-end=\"1195\">\n<p data-start=\"1170\" data-end=\"1195\">Tema: Videnskab, k\u00f8ret\u00f8j og meget mere<\/p>\n<\/li>\n<li data-start=\"1196\" data-end=\"1238\">\n<p data-start=\"1198\" data-end=\"1238\">Anbefalet alder: 3\u20136 \u00e5r, 6\u201312 \u00e5r<\/p>\n<\/li>\n<li data-start=\"1239\" data-end=\"1279\">\n<p data-start=\"1241\" data-end=\"1279\">Materiale: Holdbar, ikke-giftig plast<\/p>\n<\/li>\n<li data-start=\"1280\" data-end=\"1340\">\n<p data-start=\"1282\" data-end=\"1340\">Sikkerhed: Ingen farlige materialer (\u2264105\u2103 flygtig standard)<\/p>\n<\/li>\n<li data-start=\"1341\" data-end=\"1375\">\n<p data-start=\"1343\" data-end=\"1375\">Montering: Nem vejledning medf\u00f8lger<\/p>\n<\/li>\n<li data-start=\"1376\" data-end=\"1432\">\n<p data-start=\"1378\" data-end=\"1432\">P\u00e6dagogisk fokus: STEM-l\u00e6ring og praktiske f\u00e6rdigheder<\/p>\n<\/li>\n<\/ul>\n<h2 style=\"text-align: center\" data-start=\"1434\" data-end=\"1457\">\ud83d\udce6 Pakken Indeholder<\/h2>\n<ul data-start=\"1458\" data-end=\"1519\" data-is-last-node=\"\" data-is-only-node=\"\">\n<li data-start=\"1458\" data-end=\"1485\">\n<p data-start=\"1460\" data-end=\"1485\">1, 8x DIY tech leget\u00f8jskomponenter<\/p>\n<\/li>\n<li data-start=\"1486\" data-end=\"1519\" data-is-last-node=\"\">\n<p data-start=\"1488\" data-end=\"1519\" data-is-last-node=\"\">1x trin-for-trin instruktionsmanual.<\/p>\n<\/li>\n<\/ul>\n","protected":false},"excerpt":{"rendered":"<p>Dette tekniske g\u00f8r-det-selv-leget\u00f8j lader b\u00f8rn udforske videnskab og teknologi gennem praktisk byggeri og kreativ leg. Med dyre- og naturtemaer l\u00e6rer b\u00f8rn ved at samle enkle modeller, der forvandler nysgerrighed til reel forst\u00e5else. Dette tekniske g\u00f8r-det-selv-leget\u00f8j er designet til b\u00f8rn i alderen 3-12 \u00e5r og kombinerer leg med uddannelse. B\u00f8rnene f\u00f8lger enkle trin for at bygge modeller, forbedre deres probleml\u00f8sningsevner og forst\u00e5 grundl\u00e6ggende STEM-koncepter, mens de har det sjovt.<\/p>\n","protected":false},"featured_media":15937,"comment_status":"open","ping_status":"closed","template":"","meta":{"site-sidebar-layout":"default","site-content-layout":"","ast-site-content-layout":"default","site-content-style":"default","site-sidebar-style":"default","ast-global-header-display":"","ast-banner-title-visibility":"","ast-main-header-display":"","ast-hfb-above-header-display":"","ast-hfb-below-header-display":"","ast-hfb-mobile-header-display":"","site-post-title":"","ast-breadcrumbs-content":"","ast-featured-img":"","footer-sml-layout":"","ast-disable-related-posts":"","theme-transparent-header-meta":"default","adv-header-id-meta":"","stick-header-meta":"","header-above-stick-meta":"","header-main-stick-meta":"","header-below-stick-meta":"","astra-migrate-meta-layouts":"set","ast-page-background-enabled":"default","ast-page-background-meta":{"desktop":{"background-color":"var(--ast-global-color-5)","background-image":"","background-repeat":"repeat","background-position":"center center","background-size":"auto","background-attachment":"scroll","background-type":"","background-media":"","overlay-type":"","overlay-color":"","overlay-opacity":"","overlay-gradient":""},"tablet":{"background-color":"","background-image":"","background-repeat":"repeat","background-position":"center center","background-size":"auto","background-attachment":"scroll","background-type":"","background-media":"","overlay-type":"","overlay-color":"","overlay-opacity":"","overlay-gradient":""},"mobile":{"background-color":"","background-image":"","background-repeat":"repeat","background-position":"center center","background-size":"auto","background-attachment":"scroll","background-type":"","background-media":"","overlay-type":"","overlay-color":"","overlay-opacity":"","overlay-gradient":""}},"ast-content-background-meta":{"desktop":{"background-color":"var(--ast-global-color-4)","background-image":"","background-repeat":"repeat","background-position":"center center","background-size":"auto","background-attachment":"scroll","background-type":"","background-media":"","overlay-type":"","overlay-color":"","overlay-opacity":"","overlay-gradient":""},"tablet":{"background-color":"var(--ast-global-color-4)","background-image":"","background-repeat":"repeat","background-position":"center center","background-size":"auto","background-attachment":"scroll","background-type":"","background-media":"","overlay-type":"","overlay-color":"","overlay-opacity":"","overlay-gradient":""},"mobile":{"background-color":"var(--ast-global-color-4)","background-image":"","background-repeat":"repeat","background-position":"center center","background-size":"auto","background-attachment":"scroll","background-type":"","background-media":"","overlay-type":"","overlay-color":"","overlay-opacity":"","overlay-gradient":""}}},"product_brand":[],"product_cat":[172],"product_tag":[],"class_list":{"0":"post-15941","1":"product","2":"type-product","3":"status-publish","4":"has-post-thumbnail","6":"product_cat-legetoej-boerne-og-babyprodukter","7":"pa_61812_3jv00iq7-a","8":"pa_61812_3jv00iq7-b","9":"pa_61812_3jv00iq7-c","10":"pa_61812_3jv00iq7-d","11":"pa_61812_3jv00iq7-e","12":"pa_61812_3jv00iq7-f","13":"pa_61812_3jv00iq7-g","14":"pa_61812_3jv00iq7-h","15":"pa_61812_3jv00iq7-saet-med-8-stk","16":"desktop-align-left","17":"tablet-align-left","18":"mobile-align-left","20":"first","21":"instock","22":"shipping-taxable","23":"purchasable","24":"product-type-variable"},"yoast_head":"<!-- This site is optimized with the Yoast SEO plugin v27.4 - https:\/\/yoast.com\/product\/yoast-seo-wordpress\/ -->\n<title>DIY-teknologisk leget\u00f8j - Mekulo DK<\/title>\n<meta name=\"robots\" content=\"index, follow, max-snippet:-1, max-image-preview:large, max-video-preview:-1\" \/>\n<link rel=\"canonical\" href=\"https:\/\/mekulo.com\/dk\/produkt\/diy-teknologisk-legetoej\/\" \/>\n<meta property=\"og:locale\" content=\"da_DK\" \/>\n<meta property=\"og:type\" content=\"article\" \/>\n<meta property=\"og:title\" content=\"DIY-teknologisk leget\u00f8j - Mekulo DK\" \/>\n<meta property=\"og:description\" content=\"Dette tekniske g\u00f8r-det-selv-leget\u00f8j lader b\u00f8rn udforske videnskab og teknologi gennem praktisk byggeri og kreativ leg. Med dyre- og naturtemaer l\u00e6rer b\u00f8rn ved at samle enkle modeller, der forvandler nysgerrighed til reel forst\u00e5else. Dette tekniske g\u00f8r-det-selv-leget\u00f8j er designet til b\u00f8rn i alderen 3-12 \u00e5r og kombinerer leg med uddannelse. B\u00f8rnene f\u00f8lger enkle trin for at bygge modeller, forbedre deres probleml\u00f8sningsevner og forst\u00e5 grundl\u00e6ggende STEM-koncepter, mens de har det sjovt.\" \/>\n<meta property=\"og:url\" content=\"https:\/\/mekulo.com\/dk\/produkt\/diy-teknologisk-legetoej\/\" \/>\n<meta property=\"og:site_name\" content=\"Mekulo DK\" \/>\n<meta property=\"article:modified_time\" content=\"2026-01-06T08:55:22+00:00\" \/>\n<meta property=\"og:image\" content=\"https:\/\/mekulo.com\/dk\/wp-content\/uploads\/sites\/12\/2026\/01\/elu4rw9-1.jpg\" \/>\n\t<meta property=\"og:image:width\" content=\"960\" \/>\n\t<meta property=\"og:image:height\" content=\"960\" \/>\n\t<meta property=\"og:image:type\" content=\"image\/jpeg\" \/>\n<meta name=\"twitter:card\" content=\"summary_large_image\" \/>\n<meta name=\"twitter:label1\" content=\"Estimeret l\u00e6setid\" \/>\n\t<meta name=\"twitter:data1\" content=\"2 minutter\" \/>\n<script type=\"application\/ld+json\" class=\"yoast-schema-graph\">{\"@context\":\"https:\\\/\\\/schema.org\",\"@graph\":[{\"@type\":\"WebPage\",\"@id\":\"https:\\\/\\\/mekulo.com\\\/dk\\\/produkt\\\/diy-teknologisk-legetoej\\\/\",\"url\":\"https:\\\/\\\/mekulo.com\\\/dk\\\/produkt\\\/diy-teknologisk-legetoej\\\/\",\"name\":\"DIY-teknologisk leget\u00f8j - Mekulo DK\",\"isPartOf\":{\"@id\":\"https:\\\/\\\/mekulo.com\\\/dk\\\/#website\"},\"primaryImageOfPage\":{\"@id\":\"https:\\\/\\\/mekulo.com\\\/dk\\\/produkt\\\/diy-teknologisk-legetoej\\\/#primaryimage\"},\"image\":{\"@id\":\"https:\\\/\\\/mekulo.com\\\/dk\\\/produkt\\\/diy-teknologisk-legetoej\\\/#primaryimage\"},\"thumbnailUrl\":\"https:\\\/\\\/mekulo.com\\\/dk\\\/wp-content\\\/uploads\\\/sites\\\/12\\\/2026\\\/01\\\/elu4rw9-1.jpg\",\"datePublished\":\"2026-01-06T08:54:46+00:00\",\"dateModified\":\"2026-01-06T08:55:22+00:00\",\"breadcrumb\":{\"@id\":\"https:\\\/\\\/mekulo.com\\\/dk\\\/produkt\\\/diy-teknologisk-legetoej\\\/#breadcrumb\"},\"inLanguage\":\"da-DK\",\"potentialAction\":[{\"@type\":\"ReadAction\",\"target\":[\"https:\\\/\\\/mekulo.com\\\/dk\\\/produkt\\\/diy-teknologisk-legetoej\\\/\"]}]},{\"@type\":\"ImageObject\",\"inLanguage\":\"da-DK\",\"@id\":\"https:\\\/\\\/mekulo.com\\\/dk\\\/produkt\\\/diy-teknologisk-legetoej\\\/#primaryimage\",\"url\":\"https:\\\/\\\/mekulo.com\\\/dk\\\/wp-content\\\/uploads\\\/sites\\\/12\\\/2026\\\/01\\\/elu4rw9-1.jpg\",\"contentUrl\":\"https:\\\/\\\/mekulo.com\\\/dk\\\/wp-content\\\/uploads\\\/sites\\\/12\\\/2026\\\/01\\\/elu4rw9-1.jpg\",\"width\":960,\"height\":960},{\"@type\":\"BreadcrumbList\",\"@id\":\"https:\\\/\\\/mekulo.com\\\/dk\\\/produkt\\\/diy-teknologisk-legetoej\\\/#breadcrumb\",\"itemListElement\":[{\"@type\":\"ListItem\",\"position\":1,\"name\":\"Home\",\"item\":\"https:\\\/\\\/mekulo.com\\\/dk\\\/\"},{\"@type\":\"ListItem\",\"position\":2,\"name\":\"Butik\",\"item\":\"https:\\\/\\\/mekulo.com\\\/dk\\\/butik\\\/\"},{\"@type\":\"ListItem\",\"position\":3,\"name\":\"DIY-teknologisk leget\u00f8j\"}]},{\"@type\":\"WebSite\",\"@id\":\"https:\\\/\\\/mekulo.com\\\/dk\\\/#website\",\"url\":\"https:\\\/\\\/mekulo.com\\\/dk\\\/\",\"name\":\"Mekulo DK\",\"description\":\"\",\"publisher\":{\"@id\":\"https:\\\/\\\/mekulo.com\\\/dk\\\/#organization\"},\"potentialAction\":[{\"@type\":\"SearchAction\",\"target\":{\"@type\":\"EntryPoint\",\"urlTemplate\":\"https:\\\/\\\/mekulo.com\\\/dk\\\/?s={search_term_string}\"},\"query-input\":{\"@type\":\"PropertyValueSpecification\",\"valueRequired\":true,\"valueName\":\"search_term_string\"}}],\"inLanguage\":\"da-DK\"},{\"@type\":\"Organization\",\"@id\":\"https:\\\/\\\/mekulo.com\\\/dk\\\/#organization\",\"name\":\"Mekulo\",\"url\":\"https:\\\/\\\/mekulo.com\\\/dk\\\/\",\"logo\":{\"@type\":\"ImageObject\",\"inLanguage\":\"da-DK\",\"@id\":\"https:\\\/\\\/mekulo.com\\\/dk\\\/#\\\/schema\\\/logo\\\/image\\\/\",\"url\":\"https:\\\/\\\/mekulo.com\\\/dk\\\/wp-content\\\/uploads\\\/sites\\\/12\\\/2025\\\/12\\\/favicon_mekulo.png\",\"contentUrl\":\"https:\\\/\\\/mekulo.com\\\/dk\\\/wp-content\\\/uploads\\\/sites\\\/12\\\/2025\\\/12\\\/favicon_mekulo.png\",\"width\":50,\"height\":50,\"caption\":\"Mekulo\"},\"image\":{\"@id\":\"https:\\\/\\\/mekulo.com\\\/dk\\\/#\\\/schema\\\/logo\\\/image\\\/\"}}]}<\/script>\n<!-- \/ Yoast SEO plugin. -->","yoast_head_json":{"title":"DIY-teknologisk leget\u00f8j - Mekulo DK","robots":{"index":"index","follow":"follow","max-snippet":"max-snippet:-1","max-image-preview":"max-image-preview:large","max-video-preview":"max-video-preview:-1"},"canonical":"https:\/\/mekulo.com\/dk\/produkt\/diy-teknologisk-legetoej\/","og_locale":"da_DK","og_type":"article","og_title":"DIY-teknologisk leget\u00f8j - Mekulo DK","og_description":"Dette tekniske g\u00f8r-det-selv-leget\u00f8j lader b\u00f8rn udforske videnskab og teknologi gennem praktisk byggeri og kreativ leg. Med dyre- og naturtemaer l\u00e6rer b\u00f8rn ved at samle enkle modeller, der forvandler nysgerrighed til reel forst\u00e5else. Dette tekniske g\u00f8r-det-selv-leget\u00f8j er designet til b\u00f8rn i alderen 3-12 \u00e5r og kombinerer leg med uddannelse. B\u00f8rnene f\u00f8lger enkle trin for at bygge modeller, forbedre deres probleml\u00f8sningsevner og forst\u00e5 grundl\u00e6ggende STEM-koncepter, mens de har det sjovt.","og_url":"https:\/\/mekulo.com\/dk\/produkt\/diy-teknologisk-legetoej\/","og_site_name":"Mekulo DK","article_modified_time":"2026-01-06T08:55:22+00:00","og_image":[{"width":960,"height":960,"url":"https:\/\/mekulo.com\/dk\/wp-content\/uploads\/sites\/12\/2026\/01\/elu4rw9-1.jpg","type":"image\/jpeg"}],"twitter_card":"summary_large_image","twitter_misc":{"Estimeret l\u00e6setid":"2 minutter"},"schema":{"@context":"https:\/\/schema.org","@graph":[{"@type":"WebPage","@id":"https:\/\/mekulo.com\/dk\/produkt\/diy-teknologisk-legetoej\/","url":"https:\/\/mekulo.com\/dk\/produkt\/diy-teknologisk-legetoej\/","name":"DIY-teknologisk leget\u00f8j - Mekulo DK","isPartOf":{"@id":"https:\/\/mekulo.com\/dk\/#website"},"primaryImageOfPage":{"@id":"https:\/\/mekulo.com\/dk\/produkt\/diy-teknologisk-legetoej\/#primaryimage"},"image":{"@id":"https:\/\/mekulo.com\/dk\/produkt\/diy-teknologisk-legetoej\/#primaryimage"},"thumbnailUrl":"https:\/\/mekulo.com\/dk\/wp-content\/uploads\/sites\/12\/2026\/01\/elu4rw9-1.jpg","datePublished":"2026-01-06T08:54:46+00:00","dateModified":"2026-01-06T08:55:22+00:00","breadcrumb":{"@id":"https:\/\/mekulo.com\/dk\/produkt\/diy-teknologisk-legetoej\/#breadcrumb"},"inLanguage":"da-DK","potentialAction":[{"@type":"ReadAction","target":["https:\/\/mekulo.com\/dk\/produkt\/diy-teknologisk-legetoej\/"]}]},{"@type":"ImageObject","inLanguage":"da-DK","@id":"https:\/\/mekulo.com\/dk\/produkt\/diy-teknologisk-legetoej\/#primaryimage","url":"https:\/\/mekulo.com\/dk\/wp-content\/uploads\/sites\/12\/2026\/01\/elu4rw9-1.jpg","contentUrl":"https:\/\/mekulo.com\/dk\/wp-content\/uploads\/sites\/12\/2026\/01\/elu4rw9-1.jpg","width":960,"height":960},{"@type":"BreadcrumbList","@id":"https:\/\/mekulo.com\/dk\/produkt\/diy-teknologisk-legetoej\/#breadcrumb","itemListElement":[{"@type":"ListItem","position":1,"name":"Home","item":"https:\/\/mekulo.com\/dk\/"},{"@type":"ListItem","position":2,"name":"Butik","item":"https:\/\/mekulo.com\/dk\/butik\/"},{"@type":"ListItem","position":3,"name":"DIY-teknologisk leget\u00f8j"}]},{"@type":"WebSite","@id":"https:\/\/mekulo.com\/dk\/#website","url":"https:\/\/mekulo.com\/dk\/","name":"Mekulo DK","description":"","publisher":{"@id":"https:\/\/mekulo.com\/dk\/#organization"},"potentialAction":[{"@type":"SearchAction","target":{"@type":"EntryPoint","urlTemplate":"https:\/\/mekulo.com\/dk\/?s={search_term_string}"},"query-input":{"@type":"PropertyValueSpecification","valueRequired":true,"valueName":"search_term_string"}}],"inLanguage":"da-DK"},{"@type":"Organization","@id":"https:\/\/mekulo.com\/dk\/#organization","name":"Mekulo","url":"https:\/\/mekulo.com\/dk\/","logo":{"@type":"ImageObject","inLanguage":"da-DK","@id":"https:\/\/mekulo.com\/dk\/#\/schema\/logo\/image\/","url":"https:\/\/mekulo.com\/dk\/wp-content\/uploads\/sites\/12\/2025\/12\/favicon_mekulo.png","contentUrl":"https:\/\/mekulo.com\/dk\/wp-content\/uploads\/sites\/12\/2025\/12\/favicon_mekulo.png","width":50,"height":50,"caption":"Mekulo"},"image":{"@id":"https:\/\/mekulo.com\/dk\/#\/schema\/logo\/image\/"}}]}},"_links":{"self":[{"href":"https:\/\/mekulo.com\/dk\/wp-json\/wp\/v2\/product\/15941","targetHints":{"allow":["GET"]}}],"collection":[{"href":"https:\/\/mekulo.com\/dk\/wp-json\/wp\/v2\/product"}],"about":[{"href":"https:\/\/mekulo.com\/dk\/wp-json\/wp\/v2\/types\/product"}],"replies":[{"embeddable":true,"href":"https:\/\/mekulo.com\/dk\/wp-json\/wp\/v2\/comments?post=15941"}],"wp:featuredmedia":[{"embeddable":true,"href":"https:\/\/mekulo.com\/dk\/wp-json\/wp\/v2\/media\/15937"}],"wp:attachment":[{"href":"https:\/\/mekulo.com\/dk\/wp-json\/wp\/v2\/media?parent=15941"}],"wp:term":[{"taxonomy":"product_brand","embeddable":true,"href":"https:\/\/mekulo.com\/dk\/wp-json\/wp\/v2\/product_brand?post=15941"},{"taxonomy":"product_cat","embeddable":true,"href":"https:\/\/mekulo.com\/dk\/wp-json\/wp\/v2\/product_cat?post=15941"},{"taxonomy":"product_tag","embeddable":true,"href":"https:\/\/mekulo.com\/dk\/wp-json\/wp\/v2\/product_tag?post=15941"}],"curies":[{"name":"wp","href":"https:\/\/api.w.org\/{rel}","templated":true}]}}