{"id":15832,"date":"2026-01-05T18:32:57","date_gmt":"2026-01-05T16:32:57","guid":{"rendered":"https:\/\/mekulo.com\/dk\/produkt\/legetoej-med-ansigtsudtryk\/"},"modified":"2026-01-05T20:39:54","modified_gmt":"2026-01-05T18:39:54","slug":"legetoej-med-ansigtsudtryk","status":"publish","type":"product","link":"https:\/\/mekulo.com\/dk\/produkt\/legetoej-med-ansigtsudtryk\/","title":{"rendered":"Leget\u00f8j med ansigtsudtryk"},"content":{"rendered":"<p style=\"text-align: center;\" data-start=\"150\" data-end=\"202\"><strong>Sl\u00e5 Det Rigtige Ansigt, F\u00f8r Dine Venner G\u00f8r Det! \ud83c\udfb2\ud83d\udc79<\/strong><\/p>\n<p data-start=\"204\" data-end=\"451\"><img decoding=\"async\" class=\"size-full wp-image-32978 aligncenter\" src=\"https:\/\/keluvo.com\/template\/wp-content\/uploads\/sites\/5\/2025\/08\/07216-ezgif.com-video-to-webp-converter-2.webp\" alt=\"\" \/><\/p>\n<h2 style=\"text-align: center;\" data-start=\"458\" data-end=\"477\">Hovedfordele \u2705<\/h2>\n<p data-start=\"481\" data-end=\"526\">\u26a1 \u00d8ger h\u00e5nd-\u00f8je-koordination og reflekser<\/p>\n<p data-start=\"529\" data-end=\"580\">\ud83c\udf89 Perfekt til fester, klassev\u00e6relser og spilaftener<\/p>\n<p data-start=\"583\" data-end=\"638\">\ud83d\ude02 Fjollede monsteransigter f\u00e5r b\u00f8rn til at grine og fokusere<\/p>\n<p data-start=\"641\" data-end=\"691\">\ud83e\udde0 Opmuntrer til fokus, hukommelse og visuel matchning<\/p>\n<p data-start=\"694\" data-end=\"750\">\ud83d\udc6b Sjovt for alle aldre &#8211; spil med venner, b\u00f8rn eller familie<\/p>\n<p data-start=\"753\" data-end=\"803\">\ud83d\udce6 Kompakt st\u00f8rrelse g\u00f8r det nemt at b\u00e6re og opbevare<\/p>\n<p data-start=\"753\" data-end=\"803\"><img decoding=\"async\" class=\"size-full wp-image-32979 aligncenter\" src=\"https:\/\/keluvo.com\/template\/wp-content\/uploads\/sites\/5\/2025\/08\/410b9e082613f9d2e00f734015dbd3e0.gif\" alt=\"\" \/><\/p>\n<h2 style=\"text-align: center;\" data-start=\"810\" data-end=\"828\">S\u00e5dan spiller du \ud83d\udc47<\/h2>\n<ol data-start=\"830\" data-end=\"1053\">\n<li data-start=\"830\" data-end=\"865\">\n<p data-start=\"833\" data-end=\"865\">Kast de farverige monsterterninger.<\/p>\n<\/li>\n<li data-start=\"866\" data-end=\"918\">\n<p data-start=\"869\" data-end=\"918\">Kamp ansigtet p\u00e5 dit kort med terningens resultat.<\/p>\n<\/li>\n<li data-start=\"919\" data-end=\"975\">\n<p data-start=\"922\" data-end=\"975\">V\u00e6r den f\u00f8rste til at trykke p\u00e5 klokken, n\u00e5r du ser et match.<\/p>\n<\/li>\n<li data-start=\"976\" data-end=\"1015\">\n<p data-start=\"979\" data-end=\"1015\">Vind runden og saml kortet.<\/p>\n<\/li>\n<li data-start=\"1016\" data-end=\"1053\">\n<p data-start=\"1019\" data-end=\"1053\">Spilleren med flest kort vinder!<\/p>\n<\/li>\n<\/ol>\n<h2 style=\"text-align: center;\" data-start=\"1060\" data-end=\"1082\">Produktdetaljer \ud83d\udccc<\/h2>\n<ul data-start=\"1084\" data-end=\"1241\">\n<li data-start=\"1084\" data-end=\"1119\">\n<p data-start=\"1086\" data-end=\"1119\">Materiale: Ikke-giftig ABS-plast<\/p>\n<\/li>\n<li data-start=\"1120\" data-end=\"1159\">\n<p data-start=\"1122\" data-end=\"1159\">Spiltype: Refleks- og reaktionsspil<\/p>\n<\/li>\n<li data-start=\"1160\" data-end=\"1176\">\n<p data-start=\"1162\" data-end=\"1176\">Spillere: 1-4<\/p>\n<\/li>\n<li data-start=\"1177\" data-end=\"1194\">\n<p data-start=\"1179\" data-end=\"1194\">Alder: 3+ \u00e5r<\/p>\n<\/li>\n<li data-start=\"1195\" data-end=\"1241\">\n<p data-start=\"1197\" data-end=\"1241\">F\u00e6rdighedsfokus: Hastighed, fokus, visuel matchning<\/p>\n<\/li>\n<\/ul>\n<h2 style=\"text-align: center;\" data-start=\"1248\" data-end=\"1271\">Pakken indeholder \ud83d\udce6<\/h2>\n<ul data-start=\"1273\" data-end=\"1418\">\n<li data-start=\"1273\" data-end=\"1299\">\n<p data-start=\"1275\" data-end=\"1299\">64x monsterkort<\/p>\n<\/li>\n<li data-start=\"1300\" data-end=\"1329\">\n<p data-start=\"1302\" data-end=\"1329\">4x farverige reaktionsterninger<\/p>\n<\/li>\n<li data-start=\"1330\" data-end=\"1346\">\n<p data-start=\"1332\" data-end=\"1346\">1x slam bell<\/p>\n<\/li>\n<li data-start=\"1347\" data-end=\"1392\">\n<p data-start=\"1349\" data-end=\"1392\">1x spild\u00e5se (til opbevaring og transport)<\/p>\n<\/li>\n<li data-start=\"1393\" data-end=\"1418\">\n<p data-start=\"1395\" data-end=\"1418\">1x brugsanvisning.<\/p>\n<\/li>\n<\/ul>\n","protected":false},"excerpt":{"rendered":"<p>Face expression toy er det tempofyldte familiespil, hvor hurtig t\u00e6nkning og skarpe reflekser vinder runden. Kast terningerne, find ansigtet, og v\u00e6r den f\u00f8rste til at sl\u00e5 med klokken! Perfekt til fester, familieaftener og til at holde b\u00f8rnene besk\u00e6ftiget uden sk\u00e6rme.<\/p>\n","protected":false},"featured_media":15828,"comment_status":"open","ping_status":"closed","template":"","meta":{"site-sidebar-layout":"default","site-content-layout":"","ast-site-content-layout":"default","site-content-style":"default","site-sidebar-style":"default","ast-global-header-display":"","ast-banner-title-visibility":"","ast-main-header-display":"","ast-hfb-above-header-display":"","ast-hfb-below-header-display":"","ast-hfb-mobile-header-display":"","site-post-title":"","ast-breadcrumbs-content":"","ast-featured-img":"","footer-sml-layout":"","ast-disable-related-posts":"","theme-transparent-header-meta":"default","adv-header-id-meta":"","stick-header-meta":"","header-above-stick-meta":"","header-main-stick-meta":"","header-below-stick-meta":"","astra-migrate-meta-layouts":"set","ast-page-background-enabled":"default","ast-page-background-meta":{"desktop":{"background-color":"var(--ast-global-color-5)","background-image":"","background-repeat":"repeat","background-position":"center center","background-size":"auto","background-attachment":"scroll","background-type":"","background-media":"","overlay-type":"","overlay-color":"","overlay-opacity":"","overlay-gradient":""},"tablet":{"background-color":"","background-image":"","background-repeat":"repeat","background-position":"center center","background-size":"auto","background-attachment":"scroll","background-type":"","background-media":"","overlay-type":"","overlay-color":"","overlay-opacity":"","overlay-gradient":""},"mobile":{"background-color":"","background-image":"","background-repeat":"repeat","background-position":"center center","background-size":"auto","background-attachment":"scroll","background-type":"","background-media":"","overlay-type":"","overlay-color":"","overlay-opacity":"","overlay-gradient":""}},"ast-content-background-meta":{"desktop":{"background-color":"var(--ast-global-color-4)","background-image":"","background-repeat":"repeat","background-position":"center center","background-size":"auto","background-attachment":"scroll","background-type":"","background-media":"","overlay-type":"","overlay-color":"","overlay-opacity":"","overlay-gradient":""},"tablet":{"background-color":"var(--ast-global-color-4)","background-image":"","background-repeat":"repeat","background-position":"center center","background-size":"auto","background-attachment":"scroll","background-type":"","background-media":"","overlay-type":"","overlay-color":"","overlay-opacity":"","overlay-gradient":""},"mobile":{"background-color":"var(--ast-global-color-4)","background-image":"","background-repeat":"repeat","background-position":"center center","background-size":"auto","background-attachment":"scroll","background-type":"","background-media":"","overlay-type":"","overlay-color":"","overlay-opacity":"","overlay-gradient":""}}},"product_brand":[],"product_cat":[172],"product_tag":[],"class_list":{"0":"post-15832","1":"product","2":"type-product","3":"status-publish","4":"has-post-thumbnail","6":"product_cat-legetoej-boerne-og-babyprodukter","7":"desktop-align-left","8":"tablet-align-left","9":"mobile-align-left","11":"first","12":"instock","13":"shipping-taxable","14":"purchasable","15":"product-type-simple"},"yoast_head":"<!-- This site is optimized with the Yoast SEO plugin v27.4 - https:\/\/yoast.com\/product\/yoast-seo-wordpress\/ -->\n<title>Leget\u00f8j med ansigtsudtryk - Mekulo DK<\/title>\n<meta name=\"robots\" content=\"index, follow, max-snippet:-1, max-image-preview:large, max-video-preview:-1\" \/>\n<link rel=\"canonical\" href=\"https:\/\/mekulo.com\/dk\/produkt\/legetoej-med-ansigtsudtryk\/\" \/>\n<meta property=\"og:locale\" content=\"da_DK\" \/>\n<meta property=\"og:type\" content=\"article\" \/>\n<meta property=\"og:title\" content=\"Leget\u00f8j med ansigtsudtryk - Mekulo DK\" \/>\n<meta property=\"og:description\" content=\"Face expression toy er det tempofyldte familiespil, hvor hurtig t\u00e6nkning og skarpe reflekser vinder runden. Kast terningerne, find ansigtet, og v\u00e6r den f\u00f8rste til at sl\u00e5 med klokken! Perfekt til fester, familieaftener og til at holde b\u00f8rnene besk\u00e6ftiget uden sk\u00e6rme.\" \/>\n<meta property=\"og:url\" content=\"https:\/\/mekulo.com\/dk\/produkt\/legetoej-med-ansigtsudtryk\/\" \/>\n<meta property=\"og:site_name\" content=\"Mekulo DK\" \/>\n<meta property=\"article:modified_time\" content=\"2026-01-05T18:39:54+00:00\" \/>\n<meta property=\"og:image\" content=\"https:\/\/mekulo.com\/dk\/wp-content\/uploads\/sites\/12\/2026\/01\/cl92ood-1.png\" \/>\n\t<meta property=\"og:image:width\" content=\"748\" \/>\n\t<meta property=\"og:image:height\" content=\"800\" \/>\n\t<meta property=\"og:image:type\" content=\"image\/png\" \/>\n<meta name=\"twitter:card\" content=\"summary_large_image\" \/>\n<meta name=\"twitter:label1\" content=\"Estimeret l\u00e6setid\" \/>\n\t<meta name=\"twitter:data1\" content=\"2 minutter\" \/>\n<script type=\"application\/ld+json\" class=\"yoast-schema-graph\">{\"@context\":\"https:\\\/\\\/schema.org\",\"@graph\":[{\"@type\":\"WebPage\",\"@id\":\"https:\\\/\\\/mekulo.com\\\/dk\\\/produkt\\\/legetoej-med-ansigtsudtryk\\\/\",\"url\":\"https:\\\/\\\/mekulo.com\\\/dk\\\/produkt\\\/legetoej-med-ansigtsudtryk\\\/\",\"name\":\"Leget\u00f8j med ansigtsudtryk - Mekulo DK\",\"isPartOf\":{\"@id\":\"https:\\\/\\\/mekulo.com\\\/dk\\\/#website\"},\"primaryImageOfPage\":{\"@id\":\"https:\\\/\\\/mekulo.com\\\/dk\\\/produkt\\\/legetoej-med-ansigtsudtryk\\\/#primaryimage\"},\"image\":{\"@id\":\"https:\\\/\\\/mekulo.com\\\/dk\\\/produkt\\\/legetoej-med-ansigtsudtryk\\\/#primaryimage\"},\"thumbnailUrl\":\"https:\\\/\\\/mekulo.com\\\/dk\\\/wp-content\\\/uploads\\\/sites\\\/12\\\/2026\\\/01\\\/cl92ood-1.png\",\"datePublished\":\"2026-01-05T16:32:57+00:00\",\"dateModified\":\"2026-01-05T18:39:54+00:00\",\"breadcrumb\":{\"@id\":\"https:\\\/\\\/mekulo.com\\\/dk\\\/produkt\\\/legetoej-med-ansigtsudtryk\\\/#breadcrumb\"},\"inLanguage\":\"da-DK\",\"potentialAction\":[{\"@type\":\"ReadAction\",\"target\":[\"https:\\\/\\\/mekulo.com\\\/dk\\\/produkt\\\/legetoej-med-ansigtsudtryk\\\/\"]}]},{\"@type\":\"ImageObject\",\"inLanguage\":\"da-DK\",\"@id\":\"https:\\\/\\\/mekulo.com\\\/dk\\\/produkt\\\/legetoej-med-ansigtsudtryk\\\/#primaryimage\",\"url\":\"https:\\\/\\\/mekulo.com\\\/dk\\\/wp-content\\\/uploads\\\/sites\\\/12\\\/2026\\\/01\\\/cl92ood-1.png\",\"contentUrl\":\"https:\\\/\\\/mekulo.com\\\/dk\\\/wp-content\\\/uploads\\\/sites\\\/12\\\/2026\\\/01\\\/cl92ood-1.png\",\"width\":748,\"height\":800},{\"@type\":\"BreadcrumbList\",\"@id\":\"https:\\\/\\\/mekulo.com\\\/dk\\\/produkt\\\/legetoej-med-ansigtsudtryk\\\/#breadcrumb\",\"itemListElement\":[{\"@type\":\"ListItem\",\"position\":1,\"name\":\"Home\",\"item\":\"https:\\\/\\\/mekulo.com\\\/dk\\\/\"},{\"@type\":\"ListItem\",\"position\":2,\"name\":\"Butik\",\"item\":\"https:\\\/\\\/mekulo.com\\\/dk\\\/butik\\\/\"},{\"@type\":\"ListItem\",\"position\":3,\"name\":\"Leget\u00f8j med ansigtsudtryk\"}]},{\"@type\":\"WebSite\",\"@id\":\"https:\\\/\\\/mekulo.com\\\/dk\\\/#website\",\"url\":\"https:\\\/\\\/mekulo.com\\\/dk\\\/\",\"name\":\"Mekulo DK\",\"description\":\"\",\"publisher\":{\"@id\":\"https:\\\/\\\/mekulo.com\\\/dk\\\/#organization\"},\"potentialAction\":[{\"@type\":\"SearchAction\",\"target\":{\"@type\":\"EntryPoint\",\"urlTemplate\":\"https:\\\/\\\/mekulo.com\\\/dk\\\/?s={search_term_string}\"},\"query-input\":{\"@type\":\"PropertyValueSpecification\",\"valueRequired\":true,\"valueName\":\"search_term_string\"}}],\"inLanguage\":\"da-DK\"},{\"@type\":\"Organization\",\"@id\":\"https:\\\/\\\/mekulo.com\\\/dk\\\/#organization\",\"name\":\"Mekulo\",\"url\":\"https:\\\/\\\/mekulo.com\\\/dk\\\/\",\"logo\":{\"@type\":\"ImageObject\",\"inLanguage\":\"da-DK\",\"@id\":\"https:\\\/\\\/mekulo.com\\\/dk\\\/#\\\/schema\\\/logo\\\/image\\\/\",\"url\":\"https:\\\/\\\/mekulo.com\\\/dk\\\/wp-content\\\/uploads\\\/sites\\\/12\\\/2025\\\/12\\\/favicon_mekulo.png\",\"contentUrl\":\"https:\\\/\\\/mekulo.com\\\/dk\\\/wp-content\\\/uploads\\\/sites\\\/12\\\/2025\\\/12\\\/favicon_mekulo.png\",\"width\":50,\"height\":50,\"caption\":\"Mekulo\"},\"image\":{\"@id\":\"https:\\\/\\\/mekulo.com\\\/dk\\\/#\\\/schema\\\/logo\\\/image\\\/\"}}]}<\/script>\n<!-- \/ Yoast SEO plugin. -->","yoast_head_json":{"title":"Leget\u00f8j med ansigtsudtryk - Mekulo DK","robots":{"index":"index","follow":"follow","max-snippet":"max-snippet:-1","max-image-preview":"max-image-preview:large","max-video-preview":"max-video-preview:-1"},"canonical":"https:\/\/mekulo.com\/dk\/produkt\/legetoej-med-ansigtsudtryk\/","og_locale":"da_DK","og_type":"article","og_title":"Leget\u00f8j med ansigtsudtryk - Mekulo DK","og_description":"Face expression toy er det tempofyldte familiespil, hvor hurtig t\u00e6nkning og skarpe reflekser vinder runden. Kast terningerne, find ansigtet, og v\u00e6r den f\u00f8rste til at sl\u00e5 med klokken! Perfekt til fester, familieaftener og til at holde b\u00f8rnene besk\u00e6ftiget uden sk\u00e6rme.","og_url":"https:\/\/mekulo.com\/dk\/produkt\/legetoej-med-ansigtsudtryk\/","og_site_name":"Mekulo DK","article_modified_time":"2026-01-05T18:39:54+00:00","og_image":[{"width":748,"height":800,"url":"https:\/\/mekulo.com\/dk\/wp-content\/uploads\/sites\/12\/2026\/01\/cl92ood-1.png","type":"image\/png"}],"twitter_card":"summary_large_image","twitter_misc":{"Estimeret l\u00e6setid":"2 minutter"},"schema":{"@context":"https:\/\/schema.org","@graph":[{"@type":"WebPage","@id":"https:\/\/mekulo.com\/dk\/produkt\/legetoej-med-ansigtsudtryk\/","url":"https:\/\/mekulo.com\/dk\/produkt\/legetoej-med-ansigtsudtryk\/","name":"Leget\u00f8j med ansigtsudtryk - Mekulo DK","isPartOf":{"@id":"https:\/\/mekulo.com\/dk\/#website"},"primaryImageOfPage":{"@id":"https:\/\/mekulo.com\/dk\/produkt\/legetoej-med-ansigtsudtryk\/#primaryimage"},"image":{"@id":"https:\/\/mekulo.com\/dk\/produkt\/legetoej-med-ansigtsudtryk\/#primaryimage"},"thumbnailUrl":"https:\/\/mekulo.com\/dk\/wp-content\/uploads\/sites\/12\/2026\/01\/cl92ood-1.png","datePublished":"2026-01-05T16:32:57+00:00","dateModified":"2026-01-05T18:39:54+00:00","breadcrumb":{"@id":"https:\/\/mekulo.com\/dk\/produkt\/legetoej-med-ansigtsudtryk\/#breadcrumb"},"inLanguage":"da-DK","potentialAction":[{"@type":"ReadAction","target":["https:\/\/mekulo.com\/dk\/produkt\/legetoej-med-ansigtsudtryk\/"]}]},{"@type":"ImageObject","inLanguage":"da-DK","@id":"https:\/\/mekulo.com\/dk\/produkt\/legetoej-med-ansigtsudtryk\/#primaryimage","url":"https:\/\/mekulo.com\/dk\/wp-content\/uploads\/sites\/12\/2026\/01\/cl92ood-1.png","contentUrl":"https:\/\/mekulo.com\/dk\/wp-content\/uploads\/sites\/12\/2026\/01\/cl92ood-1.png","width":748,"height":800},{"@type":"BreadcrumbList","@id":"https:\/\/mekulo.com\/dk\/produkt\/legetoej-med-ansigtsudtryk\/#breadcrumb","itemListElement":[{"@type":"ListItem","position":1,"name":"Home","item":"https:\/\/mekulo.com\/dk\/"},{"@type":"ListItem","position":2,"name":"Butik","item":"https:\/\/mekulo.com\/dk\/butik\/"},{"@type":"ListItem","position":3,"name":"Leget\u00f8j med ansigtsudtryk"}]},{"@type":"WebSite","@id":"https:\/\/mekulo.com\/dk\/#website","url":"https:\/\/mekulo.com\/dk\/","name":"Mekulo DK","description":"","publisher":{"@id":"https:\/\/mekulo.com\/dk\/#organization"},"potentialAction":[{"@type":"SearchAction","target":{"@type":"EntryPoint","urlTemplate":"https:\/\/mekulo.com\/dk\/?s={search_term_string}"},"query-input":{"@type":"PropertyValueSpecification","valueRequired":true,"valueName":"search_term_string"}}],"inLanguage":"da-DK"},{"@type":"Organization","@id":"https:\/\/mekulo.com\/dk\/#organization","name":"Mekulo","url":"https:\/\/mekulo.com\/dk\/","logo":{"@type":"ImageObject","inLanguage":"da-DK","@id":"https:\/\/mekulo.com\/dk\/#\/schema\/logo\/image\/","url":"https:\/\/mekulo.com\/dk\/wp-content\/uploads\/sites\/12\/2025\/12\/favicon_mekulo.png","contentUrl":"https:\/\/mekulo.com\/dk\/wp-content\/uploads\/sites\/12\/2025\/12\/favicon_mekulo.png","width":50,"height":50,"caption":"Mekulo"},"image":{"@id":"https:\/\/mekulo.com\/dk\/#\/schema\/logo\/image\/"}}]}},"_links":{"self":[{"href":"https:\/\/mekulo.com\/dk\/wp-json\/wp\/v2\/product\/15832","targetHints":{"allow":["GET"]}}],"collection":[{"href":"https:\/\/mekulo.com\/dk\/wp-json\/wp\/v2\/product"}],"about":[{"href":"https:\/\/mekulo.com\/dk\/wp-json\/wp\/v2\/types\/product"}],"replies":[{"embeddable":true,"href":"https:\/\/mekulo.com\/dk\/wp-json\/wp\/v2\/comments?post=15832"}],"wp:featuredmedia":[{"embeddable":true,"href":"https:\/\/mekulo.com\/dk\/wp-json\/wp\/v2\/media\/15828"}],"wp:attachment":[{"href":"https:\/\/mekulo.com\/dk\/wp-json\/wp\/v2\/media?parent=15832"}],"wp:term":[{"taxonomy":"product_brand","embeddable":true,"href":"https:\/\/mekulo.com\/dk\/wp-json\/wp\/v2\/product_brand?post=15832"},{"taxonomy":"product_cat","embeddable":true,"href":"https:\/\/mekulo.com\/dk\/wp-json\/wp\/v2\/product_cat?post=15832"},{"taxonomy":"product_tag","embeddable":true,"href":"https:\/\/mekulo.com\/dk\/wp-json\/wp\/v2\/product_tag?post=15832"}],"curies":[{"name":"wp","href":"https:\/\/api.w.org\/{rel}","templated":true}]}}