{"id":15776,"date":"2026-01-05T18:27:12","date_gmt":"2026-01-05T16:27:12","guid":{"rendered":"https:\/\/mekulo.com\/dk\/produkt\/vaerktoej-til-krebseskalning\/"},"modified":"2026-03-26T11:45:08","modified_gmt":"2026-03-26T09:45:08","slug":"vaerktoej-til-krebseskalning","status":"publish","type":"product","link":"https:\/\/mekulo.com\/dk\/produkt\/vaerktoej-til-krebseskalning\/","title":{"rendered":"V\u00e6rkt\u00f8j til krebseskalning"},"content":{"rendered":"<p style=\"text-align: center;\" data-start=\"0\" data-end=\"77\"><strong data-start=\"0\" data-end=\"77\">Kn\u00e6k krebse-, krabbe- og hummerskaller hurtigt uden at skade dine h\u00e6nder. \ud83e\udd80<\/strong><\/p>\n<p data-start=\"79\" data-end=\"274\"><img decoding=\"async\" class=\"size-full wp-image-14216 aligncenter\" src=\"https:\/\/keluvo.com\/template\/wp-content\/uploads\/sites\/5\/2025\/04\/d2806551-8caa-463a-ac29-2b5aa330d2e5-ezgif.com-optiwebp.webp\" alt=\"\" \/><\/p>\n<h2 style=\"text-align: center;\" data-start=\"281\" data-end=\"301\">Hovedfordele \ud83d\udcab<\/h2>\n<p data-start=\"305\" data-end=\"374\">\ud83d\udcaa St\u00e6rk og let &#8211; Holdbar plast til p\u00e5lidelig kn\u00e6kning.<\/p>\n<p data-start=\"377\" data-end=\"440\">\u270b Komfortabelt greb &#8211; Ergonomisk design beskytter dine h\u00e6nder.<\/p>\n<p data-start=\"443\" data-end=\"524\">\ud83e\udd80 Multifunktionelt v\u00e6rkt\u00f8j &#8211; Fungerer til languster, krabbe, hummer, rejer og n\u00f8dder.<\/p>\n<p data-start=\"527\" data-end=\"595\">\ud83e\uddfc Let at reng\u00f8re &#8211; Skyl med vand eller s\u00e6t i opvaskemaskinen.<\/p>\n<p data-start=\"598\" data-end=\"677\">\ud83c\udf89 Perfekt til enhver lejlighed &#8211; Perfekt til k\u00f8kkener, grillfester og kogning af fisk og skaldyr.<\/p>\n<p data-start=\"598\" data-end=\"677\"><img fetchpriority=\"high\" decoding=\"async\" class=\"size-full wp-image-17760 aligncenter\" src=\"https:\/\/mekulo.com\/template\/wp-content\/uploads\/sites\/6\/2026\/01\/58713037-2286-40c5-8381-8e1d9508a38c.webp\" alt=\"\" width=\"800\" height=\"800\" \/><\/p>\n<h2 style=\"text-align: center;\" data-start=\"684\" data-end=\"701\"><strong>S\u00e5dan bruges \ud83d\udccc<\/strong><\/h2>\n<ol data-start=\"703\" data-end=\"879\">\n<li data-start=\"703\" data-end=\"759\">\n<p data-start=\"706\" data-end=\"759\">S\u00e6t krebsen eller skaldyrskloen i v\u00e6rkt\u00f8jet.<\/p>\n<\/li>\n<li data-start=\"760\" data-end=\"792\">\n<p data-start=\"763\" data-end=\"792\">Tryk forsigtigt p\u00e5 h\u00e5ndtagene.<\/p>\n<\/li>\n<li data-start=\"793\" data-end=\"840\">\n<p data-start=\"796\" data-end=\"840\">Kn\u00e6k skallen uden at knuse k\u00f8det.<\/p>\n<\/li>\n<li data-start=\"841\" data-end=\"879\">\n<p data-start=\"844\" data-end=\"879\">\u00c5bn og nyd dine fisk og skaldyr nemt.<\/p>\n<\/li>\n<\/ol>\n<h2 style=\"text-align: center;\" data-start=\"886\" data-end=\"908\">Produktdetaljer \ud83d\udccf<\/h2>\n<ul data-start=\"910\" data-end=\"1079\">\n<li data-start=\"950\" data-end=\"982\">\n<p data-start=\"952\" data-end=\"982\">Materiale: Kraftig plast<\/p>\n<\/li>\n<li data-start=\"1015\" data-end=\"1047\">\n<p data-start=\"1017\" data-end=\"1047\">Anvendelse: Skaldyrsskaller og n\u00f8dder<\/p>\n<\/li>\n<li data-start=\"1048\" data-end=\"1079\">\n<p data-start=\"1050\" data-end=\"1079\">Design: H\u00e5ndholdt, ergonomisk<\/p>\n<\/li>\n<\/ul>\n<h2 style=\"text-align: center;\" data-start=\"1086\" data-end=\"1109\">Pakken indeholder \ud83d\udce6<\/h2>\n<ul data-start=\"1111\" data-end=\"1156\">\n<li data-start=\"1111\" data-end=\"1156\">\n<p data-start=\"1113\" data-end=\"1156\">1, 2, 4x krebseskaller.<\/p>\n<\/li>\n<\/ul>\n","protected":false},"excerpt":{"rendered":"<p>Denne krebseudskiller g\u00f8r det nemt og problemfrit at \u00e5bne skaller p\u00e5 h\u00e5rde fisk og skaldyr. Den er designet til komfort og kontrol og hj\u00e6lper dig med at nyde mere k\u00f8d med mindre anstrengelse derhjemme, til grillfester eller skaldyrsfester.<\/p>\n","protected":false},"featured_media":15772,"comment_status":"open","ping_status":"closed","template":"","meta":{"site-sidebar-layout":"default","site-content-layout":"","ast-site-content-layout":"default","site-content-style":"default","site-sidebar-style":"default","ast-global-header-display":"","ast-banner-title-visibility":"","ast-main-header-display":"","ast-hfb-above-header-display":"","ast-hfb-below-header-display":"","ast-hfb-mobile-header-display":"","site-post-title":"","ast-breadcrumbs-content":"","ast-featured-img":"","footer-sml-layout":"","ast-disable-related-posts":"","theme-transparent-header-meta":"default","adv-header-id-meta":"","stick-header-meta":"","header-above-stick-meta":"","header-main-stick-meta":"","header-below-stick-meta":"","astra-migrate-meta-layouts":"set","ast-page-background-enabled":"default","ast-page-background-meta":{"desktop":{"background-color":"var(--ast-global-color-5)","background-image":"","background-repeat":"repeat","background-position":"center center","background-size":"auto","background-attachment":"scroll","background-type":"","background-media":"","overlay-type":"","overlay-color":"","overlay-opacity":"","overlay-gradient":""},"tablet":{"background-color":"","background-image":"","background-repeat":"repeat","background-position":"center center","background-size":"auto","background-attachment":"scroll","background-type":"","background-media":"","overlay-type":"","overlay-color":"","overlay-opacity":"","overlay-gradient":""},"mobile":{"background-color":"","background-image":"","background-repeat":"repeat","background-position":"center center","background-size":"auto","background-attachment":"scroll","background-type":"","background-media":"","overlay-type":"","overlay-color":"","overlay-opacity":"","overlay-gradient":""}},"ast-content-background-meta":{"desktop":{"background-color":"var(--ast-global-color-4)","background-image":"","background-repeat":"repeat","background-position":"center center","background-size":"auto","background-attachment":"scroll","background-type":"","background-media":"","overlay-type":"","overlay-color":"","overlay-opacity":"","overlay-gradient":""},"tablet":{"background-color":"var(--ast-global-color-4)","background-image":"","background-repeat":"repeat","background-position":"center center","background-size":"auto","background-attachment":"scroll","background-type":"","background-media":"","overlay-type":"","overlay-color":"","overlay-opacity":"","overlay-gradient":""},"mobile":{"background-color":"var(--ast-global-color-4)","background-image":"","background-repeat":"repeat","background-position":"center center","background-size":"auto","background-attachment":"scroll","background-type":"","background-media":"","overlay-type":"","overlay-color":"","overlay-opacity":"","overlay-gradient":""}}},"product_brand":[],"product_cat":[15],"product_tag":[],"class_list":{"0":"post-15776","1":"product","2":"type-product","3":"status-publish","4":"has-post-thumbnail","6":"product_cat-uncategorized","7":"pa_18307_162aa4s8-blaa","8":"pa_18307_162aa4s8-roed","9":"pa_18307_wz06m23r-1-stk","10":"pa_18307_wz06m23r-2-stk","11":"pa_18307_wz06m23r-4-stk","12":"desktop-align-left","13":"tablet-align-left","14":"mobile-align-left","16":"first","17":"instock","18":"shipping-taxable","19":"purchasable","20":"product-type-variable","21":"has-default-attributes"},"yoast_head":"<!-- This site is optimized with the Yoast SEO plugin v27.4 - https:\/\/yoast.com\/product\/yoast-seo-wordpress\/ -->\n<title>V\u00e6rkt\u00f8j til krebseskalning - Mekulo DK<\/title>\n<meta name=\"robots\" content=\"index, follow, max-snippet:-1, max-image-preview:large, max-video-preview:-1\" \/>\n<link rel=\"canonical\" href=\"https:\/\/mekulo.com\/dk\/produkt\/vaerktoej-til-krebseskalning\/\" \/>\n<meta property=\"og:locale\" content=\"da_DK\" \/>\n<meta property=\"og:type\" content=\"article\" \/>\n<meta property=\"og:title\" content=\"V\u00e6rkt\u00f8j til krebseskalning - Mekulo DK\" \/>\n<meta property=\"og:description\" content=\"Denne krebseudskiller g\u00f8r det nemt og problemfrit at \u00e5bne skaller p\u00e5 h\u00e5rde fisk og skaldyr. Den er designet til komfort og kontrol og hj\u00e6lper dig med at nyde mere k\u00f8d med mindre anstrengelse derhjemme, til grillfester eller skaldyrsfester.\" \/>\n<meta property=\"og:url\" content=\"https:\/\/mekulo.com\/dk\/produkt\/vaerktoej-til-krebseskalning\/\" \/>\n<meta property=\"og:site_name\" content=\"Mekulo DK\" \/>\n<meta property=\"article:modified_time\" content=\"2026-03-26T09:45:08+00:00\" \/>\n<meta property=\"og:image\" content=\"https:\/\/mekulo.com\/dk\/wp-content\/uploads\/sites\/12\/2026\/01\/i4g9hri-1.webp\" \/>\n\t<meta property=\"og:image:width\" content=\"800\" \/>\n\t<meta property=\"og:image:height\" content=\"800\" \/>\n\t<meta property=\"og:image:type\" content=\"image\/webp\" \/>\n<meta name=\"twitter:card\" content=\"summary_large_image\" \/>\n<meta name=\"twitter:label1\" content=\"Estimeret l\u00e6setid\" \/>\n\t<meta name=\"twitter:data1\" content=\"2 minutter\" \/>\n<script type=\"application\/ld+json\" class=\"yoast-schema-graph\">{\"@context\":\"https:\\\/\\\/schema.org\",\"@graph\":[{\"@type\":\"WebPage\",\"@id\":\"https:\\\/\\\/mekulo.com\\\/dk\\\/produkt\\\/vaerktoej-til-krebseskalning\\\/\",\"url\":\"https:\\\/\\\/mekulo.com\\\/dk\\\/produkt\\\/vaerktoej-til-krebseskalning\\\/\",\"name\":\"V\u00e6rkt\u00f8j til krebseskalning - Mekulo DK\",\"isPartOf\":{\"@id\":\"https:\\\/\\\/mekulo.com\\\/dk\\\/#website\"},\"primaryImageOfPage\":{\"@id\":\"https:\\\/\\\/mekulo.com\\\/dk\\\/produkt\\\/vaerktoej-til-krebseskalning\\\/#primaryimage\"},\"image\":{\"@id\":\"https:\\\/\\\/mekulo.com\\\/dk\\\/produkt\\\/vaerktoej-til-krebseskalning\\\/#primaryimage\"},\"thumbnailUrl\":\"https:\\\/\\\/mekulo.com\\\/dk\\\/wp-content\\\/uploads\\\/sites\\\/12\\\/2026\\\/01\\\/i4g9hri-1.webp\",\"datePublished\":\"2026-01-05T16:27:12+00:00\",\"dateModified\":\"2026-03-26T09:45:08+00:00\",\"breadcrumb\":{\"@id\":\"https:\\\/\\\/mekulo.com\\\/dk\\\/produkt\\\/vaerktoej-til-krebseskalning\\\/#breadcrumb\"},\"inLanguage\":\"da-DK\",\"potentialAction\":[{\"@type\":\"ReadAction\",\"target\":[\"https:\\\/\\\/mekulo.com\\\/dk\\\/produkt\\\/vaerktoej-til-krebseskalning\\\/\"]}]},{\"@type\":\"ImageObject\",\"inLanguage\":\"da-DK\",\"@id\":\"https:\\\/\\\/mekulo.com\\\/dk\\\/produkt\\\/vaerktoej-til-krebseskalning\\\/#primaryimage\",\"url\":\"https:\\\/\\\/mekulo.com\\\/dk\\\/wp-content\\\/uploads\\\/sites\\\/12\\\/2026\\\/01\\\/i4g9hri-1.webp\",\"contentUrl\":\"https:\\\/\\\/mekulo.com\\\/dk\\\/wp-content\\\/uploads\\\/sites\\\/12\\\/2026\\\/01\\\/i4g9hri-1.webp\",\"width\":800,\"height\":800},{\"@type\":\"BreadcrumbList\",\"@id\":\"https:\\\/\\\/mekulo.com\\\/dk\\\/produkt\\\/vaerktoej-til-krebseskalning\\\/#breadcrumb\",\"itemListElement\":[{\"@type\":\"ListItem\",\"position\":1,\"name\":\"Home\",\"item\":\"https:\\\/\\\/mekulo.com\\\/dk\\\/\"},{\"@type\":\"ListItem\",\"position\":2,\"name\":\"Butik\",\"item\":\"https:\\\/\\\/mekulo.com\\\/dk\\\/butik\\\/\"},{\"@type\":\"ListItem\",\"position\":3,\"name\":\"V\u00e6rkt\u00f8j til krebseskalning\"}]},{\"@type\":\"WebSite\",\"@id\":\"https:\\\/\\\/mekulo.com\\\/dk\\\/#website\",\"url\":\"https:\\\/\\\/mekulo.com\\\/dk\\\/\",\"name\":\"Mekulo DK\",\"description\":\"\",\"publisher\":{\"@id\":\"https:\\\/\\\/mekulo.com\\\/dk\\\/#organization\"},\"potentialAction\":[{\"@type\":\"SearchAction\",\"target\":{\"@type\":\"EntryPoint\",\"urlTemplate\":\"https:\\\/\\\/mekulo.com\\\/dk\\\/?s={search_term_string}\"},\"query-input\":{\"@type\":\"PropertyValueSpecification\",\"valueRequired\":true,\"valueName\":\"search_term_string\"}}],\"inLanguage\":\"da-DK\"},{\"@type\":\"Organization\",\"@id\":\"https:\\\/\\\/mekulo.com\\\/dk\\\/#organization\",\"name\":\"Mekulo\",\"url\":\"https:\\\/\\\/mekulo.com\\\/dk\\\/\",\"logo\":{\"@type\":\"ImageObject\",\"inLanguage\":\"da-DK\",\"@id\":\"https:\\\/\\\/mekulo.com\\\/dk\\\/#\\\/schema\\\/logo\\\/image\\\/\",\"url\":\"https:\\\/\\\/mekulo.com\\\/dk\\\/wp-content\\\/uploads\\\/sites\\\/12\\\/2025\\\/12\\\/favicon_mekulo.png\",\"contentUrl\":\"https:\\\/\\\/mekulo.com\\\/dk\\\/wp-content\\\/uploads\\\/sites\\\/12\\\/2025\\\/12\\\/favicon_mekulo.png\",\"width\":50,\"height\":50,\"caption\":\"Mekulo\"},\"image\":{\"@id\":\"https:\\\/\\\/mekulo.com\\\/dk\\\/#\\\/schema\\\/logo\\\/image\\\/\"}}]}<\/script>\n<!-- \/ Yoast SEO plugin. -->","yoast_head_json":{"title":"V\u00e6rkt\u00f8j til krebseskalning - Mekulo DK","robots":{"index":"index","follow":"follow","max-snippet":"max-snippet:-1","max-image-preview":"max-image-preview:large","max-video-preview":"max-video-preview:-1"},"canonical":"https:\/\/mekulo.com\/dk\/produkt\/vaerktoej-til-krebseskalning\/","og_locale":"da_DK","og_type":"article","og_title":"V\u00e6rkt\u00f8j til krebseskalning - Mekulo DK","og_description":"Denne krebseudskiller g\u00f8r det nemt og problemfrit at \u00e5bne skaller p\u00e5 h\u00e5rde fisk og skaldyr. Den er designet til komfort og kontrol og hj\u00e6lper dig med at nyde mere k\u00f8d med mindre anstrengelse derhjemme, til grillfester eller skaldyrsfester.","og_url":"https:\/\/mekulo.com\/dk\/produkt\/vaerktoej-til-krebseskalning\/","og_site_name":"Mekulo DK","article_modified_time":"2026-03-26T09:45:08+00:00","og_image":[{"width":800,"height":800,"url":"https:\/\/mekulo.com\/dk\/wp-content\/uploads\/sites\/12\/2026\/01\/i4g9hri-1.webp","type":"image\/webp"}],"twitter_card":"summary_large_image","twitter_misc":{"Estimeret l\u00e6setid":"2 minutter"},"schema":{"@context":"https:\/\/schema.org","@graph":[{"@type":"WebPage","@id":"https:\/\/mekulo.com\/dk\/produkt\/vaerktoej-til-krebseskalning\/","url":"https:\/\/mekulo.com\/dk\/produkt\/vaerktoej-til-krebseskalning\/","name":"V\u00e6rkt\u00f8j til krebseskalning - Mekulo DK","isPartOf":{"@id":"https:\/\/mekulo.com\/dk\/#website"},"primaryImageOfPage":{"@id":"https:\/\/mekulo.com\/dk\/produkt\/vaerktoej-til-krebseskalning\/#primaryimage"},"image":{"@id":"https:\/\/mekulo.com\/dk\/produkt\/vaerktoej-til-krebseskalning\/#primaryimage"},"thumbnailUrl":"https:\/\/mekulo.com\/dk\/wp-content\/uploads\/sites\/12\/2026\/01\/i4g9hri-1.webp","datePublished":"2026-01-05T16:27:12+00:00","dateModified":"2026-03-26T09:45:08+00:00","breadcrumb":{"@id":"https:\/\/mekulo.com\/dk\/produkt\/vaerktoej-til-krebseskalning\/#breadcrumb"},"inLanguage":"da-DK","potentialAction":[{"@type":"ReadAction","target":["https:\/\/mekulo.com\/dk\/produkt\/vaerktoej-til-krebseskalning\/"]}]},{"@type":"ImageObject","inLanguage":"da-DK","@id":"https:\/\/mekulo.com\/dk\/produkt\/vaerktoej-til-krebseskalning\/#primaryimage","url":"https:\/\/mekulo.com\/dk\/wp-content\/uploads\/sites\/12\/2026\/01\/i4g9hri-1.webp","contentUrl":"https:\/\/mekulo.com\/dk\/wp-content\/uploads\/sites\/12\/2026\/01\/i4g9hri-1.webp","width":800,"height":800},{"@type":"BreadcrumbList","@id":"https:\/\/mekulo.com\/dk\/produkt\/vaerktoej-til-krebseskalning\/#breadcrumb","itemListElement":[{"@type":"ListItem","position":1,"name":"Home","item":"https:\/\/mekulo.com\/dk\/"},{"@type":"ListItem","position":2,"name":"Butik","item":"https:\/\/mekulo.com\/dk\/butik\/"},{"@type":"ListItem","position":3,"name":"V\u00e6rkt\u00f8j til krebseskalning"}]},{"@type":"WebSite","@id":"https:\/\/mekulo.com\/dk\/#website","url":"https:\/\/mekulo.com\/dk\/","name":"Mekulo DK","description":"","publisher":{"@id":"https:\/\/mekulo.com\/dk\/#organization"},"potentialAction":[{"@type":"SearchAction","target":{"@type":"EntryPoint","urlTemplate":"https:\/\/mekulo.com\/dk\/?s={search_term_string}"},"query-input":{"@type":"PropertyValueSpecification","valueRequired":true,"valueName":"search_term_string"}}],"inLanguage":"da-DK"},{"@type":"Organization","@id":"https:\/\/mekulo.com\/dk\/#organization","name":"Mekulo","url":"https:\/\/mekulo.com\/dk\/","logo":{"@type":"ImageObject","inLanguage":"da-DK","@id":"https:\/\/mekulo.com\/dk\/#\/schema\/logo\/image\/","url":"https:\/\/mekulo.com\/dk\/wp-content\/uploads\/sites\/12\/2025\/12\/favicon_mekulo.png","contentUrl":"https:\/\/mekulo.com\/dk\/wp-content\/uploads\/sites\/12\/2025\/12\/favicon_mekulo.png","width":50,"height":50,"caption":"Mekulo"},"image":{"@id":"https:\/\/mekulo.com\/dk\/#\/schema\/logo\/image\/"}}]}},"_links":{"self":[{"href":"https:\/\/mekulo.com\/dk\/wp-json\/wp\/v2\/product\/15776","targetHints":{"allow":["GET"]}}],"collection":[{"href":"https:\/\/mekulo.com\/dk\/wp-json\/wp\/v2\/product"}],"about":[{"href":"https:\/\/mekulo.com\/dk\/wp-json\/wp\/v2\/types\/product"}],"replies":[{"embeddable":true,"href":"https:\/\/mekulo.com\/dk\/wp-json\/wp\/v2\/comments?post=15776"}],"wp:featuredmedia":[{"embeddable":true,"href":"https:\/\/mekulo.com\/dk\/wp-json\/wp\/v2\/media\/15772"}],"wp:attachment":[{"href":"https:\/\/mekulo.com\/dk\/wp-json\/wp\/v2\/media?parent=15776"}],"wp:term":[{"taxonomy":"product_brand","embeddable":true,"href":"https:\/\/mekulo.com\/dk\/wp-json\/wp\/v2\/product_brand?post=15776"},{"taxonomy":"product_cat","embeddable":true,"href":"https:\/\/mekulo.com\/dk\/wp-json\/wp\/v2\/product_cat?post=15776"},{"taxonomy":"product_tag","embeddable":true,"href":"https:\/\/mekulo.com\/dk\/wp-json\/wp\/v2\/product_tag?post=15776"}],"curies":[{"name":"wp","href":"https:\/\/api.w.org\/{rel}","templated":true}]}}