{"id":15679,"date":"2026-01-05T18:19:14","date_gmt":"2026-01-05T16:19:14","guid":{"rendered":"https:\/\/mekulo.com\/dk\/produkt\/oejenbrynsblyant\/"},"modified":"2026-01-05T20:30:38","modified_gmt":"2026-01-05T18:30:38","slug":"oejenbrynsblyant","status":"publish","type":"product","link":"https:\/\/mekulo.com\/dk\/produkt\/oejenbrynsblyant\/","title":{"rendered":"\u00d8jenbrynsblyant"},"content":{"rendered":"<p style=\"text-align: center;\"><b>\ud83d\udc84 Vi pr\u00e6senterer 4-punkts \u00f8jenbrynsblyanten &#8211; din nemme vej til perfekte, naturlige bryn hver dag! \ud83e\udd0e<\/b><\/p>\n<p><img decoding=\"async\" class=\"size-full wp-image-16736 aligncenter\" src=\"https:\/\/keluvo.com\/template\/wp-content\/uploads\/sites\/5\/2025\/05\/eyebrowpencil-ezgif.com-video-to-webp-converter.webp\" alt=\"\" \/><\/p>\n<h2 style=\"text-align: center;\">Hovedfordele \ud83d\udcab<\/h2>\n<p>Naturligt look<span style=\"font-weight: 400;\"> \u2013 skaber bl\u00f8de, fyldige bryn, der ser \u00e6gte ud<\/span><span style=\"font-weight: 400;\"><br \/>\n<\/span><\/p>\n<p>4-punkts gaffeldesign<span style=\"font-weight: 400;\"> \u2013 tegner fine linjer, der blander sig med dine rigtige h\u00e5r<\/span><span style=\"font-weight: 400;\"><br \/>\n<\/span><\/p>\n<p>Smudge-proof og sweat-proof<span style=\"font-weight: 400;\"> \u2013 forbliver p\u00e5 hele dagen, selv gennem tr\u00e6ning eller regn<\/span><span style=\"font-weight: 400;\"><br \/>\n<\/span><\/p>\n<p>Nem at fjerne<span style=\"font-weight: 400;\"> \u2013 t\u00f8rres rent af med makeupfjerner eller renseolie<\/span><\/p>\n<p><span style=\"font-weight: 400;\">Virker til alle brynformer<span style=\"font-weight: 400;\"> \u2013 fantastisk til tynde, tykke, buede eller lige bryn<\/span><\/span><\/p>\n<p><img decoding=\"async\" class=\"size-full wp-image-16738 aligncenter\" src=\"https:\/\/keluvo.com\/template\/wp-content\/uploads\/sites\/5\/2025\/05\/fd3c597e-954d-4ae3-8bf0-d4d54abbce40.webp\" alt=\"\" \/><\/p>\n<h2 style=\"text-align: center;\">Hvordan dette produkt hj\u00e6lper dig \ud83d\udccc<b><br \/>\n<\/b><\/h2>\n<p style=\"text-align: center;\"><span style=\"font-weight: 400;\">4-punkts \u00f8jenbrynsblyanten er dit go-to-v\u00e6rkt\u00f8j til hurtige, rene og smukke \u00f8jenbryn.<\/span><\/p>\n<p style=\"text-align: center;\"><span style=\"font-weight: 400;\"> Den er perfekt til:<\/span><\/p>\n<ul>\n<li style=\"font-weight: 400;\"><span style=\"font-weight: 400;\">Begyndere eller professionelle, der vil have nemme bryn uden rod<\/span><span style=\"font-weight: 400;\"><br \/>\n<\/span><\/li>\n<li style=\"font-weight: 400;\"><span style=\"font-weight: 400;\">Holde dine bryn skarpe fra morgen til aften<\/span><\/li>\n<li style=\"font-weight: 400;\"><span style=\"font-weight: 400;\">Match din naturlige h\u00e5rfarve med 5 nuancer at v\u00e6lge imellem.<\/span><\/li>\n<\/ul>\n<h2 style=\"text-align: center;\">Pakken indeholder \ud83d\udce6<\/h2>\n<ul>\n<li style=\"font-weight: 400;\"><span style=\"font-weight: 400;\">1, 2, 4x 4-punkts \u00f8jenbrynspen.<\/span><\/li>\n<\/ul>\n","protected":false},"excerpt":{"rendered":"<p><span style=\"font-weight: 400;\">\u00a0Denne \u00f8jenbrynsblyant har et smart design med 4 spidser, som g\u00f8r det nemt at tegne \u00f8jenbrynsh\u00e5r, der ser \u00e6gte ud. Det er hurtigt, glat og holder hele dagen!<\/span><\/p>\n","protected":false},"featured_media":15675,"comment_status":"open","ping_status":"closed","template":"","meta":{"site-sidebar-layout":"default","site-content-layout":"","ast-site-content-layout":"default","site-content-style":"default","site-sidebar-style":"default","ast-global-header-display":"","ast-banner-title-visibility":"","ast-main-header-display":"","ast-hfb-above-header-display":"","ast-hfb-below-header-display":"","ast-hfb-mobile-header-display":"","site-post-title":"","ast-breadcrumbs-content":"","ast-featured-img":"","footer-sml-layout":"","ast-disable-related-posts":"","theme-transparent-header-meta":"default","adv-header-id-meta":"","stick-header-meta":"","header-above-stick-meta":"","header-main-stick-meta":"","header-below-stick-meta":"","astra-migrate-meta-layouts":"set","ast-page-background-enabled":"default","ast-page-background-meta":{"desktop":{"background-color":"var(--ast-global-color-5)","background-image":"","background-repeat":"repeat","background-position":"center center","background-size":"auto","background-attachment":"scroll","background-type":"","background-media":"","overlay-type":"","overlay-color":"","overlay-opacity":"","overlay-gradient":""},"tablet":{"background-color":"","background-image":"","background-repeat":"repeat","background-position":"center center","background-size":"auto","background-attachment":"scroll","background-type":"","background-media":"","overlay-type":"","overlay-color":"","overlay-opacity":"","overlay-gradient":""},"mobile":{"background-color":"","background-image":"","background-repeat":"repeat","background-position":"center center","background-size":"auto","background-attachment":"scroll","background-type":"","background-media":"","overlay-type":"","overlay-color":"","overlay-opacity":"","overlay-gradient":""}},"ast-content-background-meta":{"desktop":{"background-color":"var(--ast-global-color-4)","background-image":"","background-repeat":"repeat","background-position":"center center","background-size":"auto","background-attachment":"scroll","background-type":"","background-media":"","overlay-type":"","overlay-color":"","overlay-opacity":"","overlay-gradient":""},"tablet":{"background-color":"var(--ast-global-color-4)","background-image":"","background-repeat":"repeat","background-position":"center center","background-size":"auto","background-attachment":"scroll","background-type":"","background-media":"","overlay-type":"","overlay-color":"","overlay-opacity":"","overlay-gradient":""},"mobile":{"background-color":"var(--ast-global-color-4)","background-image":"","background-repeat":"repeat","background-position":"center center","background-size":"auto","background-attachment":"scroll","background-type":"","background-media":"","overlay-type":"","overlay-color":"","overlay-opacity":"","overlay-gradient":""}}},"product_brand":[],"product_cat":[162],"product_tag":[],"class_list":{"0":"post-15679","1":"product","2":"type-product","3":"status-publish","4":"has-post-thumbnail","6":"product_cat-skoenheds-og-hygiejneprodukter","7":"pa_22262_09ho7b45-1-stk","8":"pa_22262_09ho7b45-2-stk","9":"pa_22262_09ho7b45-4-stk","10":"pa_22262_ydx5oax3-brun","11":"pa_22262_ydx5oax3-lysebrun","12":"pa_22262_ydx5oax3-moerkebrun","13":"pa_22262_ydx5oax3-roedbrun","14":"pa_22262_ydx5oax3-sort","15":"desktop-align-left","16":"tablet-align-left","17":"mobile-align-left","19":"first","20":"instock","21":"shipping-taxable","22":"purchasable","23":"product-type-variable","24":"has-default-attributes"},"yoast_head":"<!-- This site is optimized with the Yoast SEO plugin v27.4 - https:\/\/yoast.com\/product\/yoast-seo-wordpress\/ -->\n<title>\u00d8jenbrynsblyant - Mekulo DK<\/title>\n<meta name=\"robots\" content=\"index, follow, max-snippet:-1, max-image-preview:large, max-video-preview:-1\" \/>\n<link rel=\"canonical\" href=\"https:\/\/mekulo.com\/dk\/produkt\/oejenbrynsblyant\/\" \/>\n<meta property=\"og:locale\" content=\"da_DK\" \/>\n<meta property=\"og:type\" content=\"article\" \/>\n<meta property=\"og:title\" content=\"\u00d8jenbrynsblyant - Mekulo DK\" \/>\n<meta property=\"og:description\" content=\"\u00a0Denne \u00f8jenbrynsblyant har et smart design med 4 spidser, som g\u00f8r det nemt at tegne \u00f8jenbrynsh\u00e5r, der ser \u00e6gte ud. Det er hurtigt, glat og holder hele dagen!\" \/>\n<meta property=\"og:url\" content=\"https:\/\/mekulo.com\/dk\/produkt\/oejenbrynsblyant\/\" \/>\n<meta property=\"og:site_name\" content=\"Mekulo DK\" \/>\n<meta property=\"article:modified_time\" content=\"2026-01-05T18:30:38+00:00\" \/>\n<meta property=\"og:image\" content=\"https:\/\/mekulo.com\/dk\/wp-content\/uploads\/sites\/12\/2026\/01\/3t0mvcs-1.webp\" \/>\n\t<meta property=\"og:image:width\" content=\"601\" \/>\n\t<meta property=\"og:image:height\" content=\"601\" \/>\n\t<meta property=\"og:image:type\" content=\"image\/webp\" \/>\n<meta name=\"twitter:card\" content=\"summary_large_image\" \/>\n<meta name=\"twitter:label1\" content=\"Estimeret l\u00e6setid\" \/>\n\t<meta name=\"twitter:data1\" content=\"2 minutter\" \/>\n<script type=\"application\/ld+json\" class=\"yoast-schema-graph\">{\"@context\":\"https:\\\/\\\/schema.org\",\"@graph\":[{\"@type\":\"WebPage\",\"@id\":\"https:\\\/\\\/mekulo.com\\\/dk\\\/produkt\\\/oejenbrynsblyant\\\/\",\"url\":\"https:\\\/\\\/mekulo.com\\\/dk\\\/produkt\\\/oejenbrynsblyant\\\/\",\"name\":\"\u00d8jenbrynsblyant - Mekulo DK\",\"isPartOf\":{\"@id\":\"https:\\\/\\\/mekulo.com\\\/dk\\\/#website\"},\"primaryImageOfPage\":{\"@id\":\"https:\\\/\\\/mekulo.com\\\/dk\\\/produkt\\\/oejenbrynsblyant\\\/#primaryimage\"},\"image\":{\"@id\":\"https:\\\/\\\/mekulo.com\\\/dk\\\/produkt\\\/oejenbrynsblyant\\\/#primaryimage\"},\"thumbnailUrl\":\"https:\\\/\\\/mekulo.com\\\/dk\\\/wp-content\\\/uploads\\\/sites\\\/12\\\/2026\\\/01\\\/3t0mvcs-1.webp\",\"datePublished\":\"2026-01-05T16:19:14+00:00\",\"dateModified\":\"2026-01-05T18:30:38+00:00\",\"breadcrumb\":{\"@id\":\"https:\\\/\\\/mekulo.com\\\/dk\\\/produkt\\\/oejenbrynsblyant\\\/#breadcrumb\"},\"inLanguage\":\"da-DK\",\"potentialAction\":[{\"@type\":\"ReadAction\",\"target\":[\"https:\\\/\\\/mekulo.com\\\/dk\\\/produkt\\\/oejenbrynsblyant\\\/\"]}]},{\"@type\":\"ImageObject\",\"inLanguage\":\"da-DK\",\"@id\":\"https:\\\/\\\/mekulo.com\\\/dk\\\/produkt\\\/oejenbrynsblyant\\\/#primaryimage\",\"url\":\"https:\\\/\\\/mekulo.com\\\/dk\\\/wp-content\\\/uploads\\\/sites\\\/12\\\/2026\\\/01\\\/3t0mvcs-1.webp\",\"contentUrl\":\"https:\\\/\\\/mekulo.com\\\/dk\\\/wp-content\\\/uploads\\\/sites\\\/12\\\/2026\\\/01\\\/3t0mvcs-1.webp\",\"width\":601,\"height\":601},{\"@type\":\"BreadcrumbList\",\"@id\":\"https:\\\/\\\/mekulo.com\\\/dk\\\/produkt\\\/oejenbrynsblyant\\\/#breadcrumb\",\"itemListElement\":[{\"@type\":\"ListItem\",\"position\":1,\"name\":\"Home\",\"item\":\"https:\\\/\\\/mekulo.com\\\/dk\\\/\"},{\"@type\":\"ListItem\",\"position\":2,\"name\":\"Butik\",\"item\":\"https:\\\/\\\/mekulo.com\\\/dk\\\/butik\\\/\"},{\"@type\":\"ListItem\",\"position\":3,\"name\":\"\u00d8jenbrynsblyant\"}]},{\"@type\":\"WebSite\",\"@id\":\"https:\\\/\\\/mekulo.com\\\/dk\\\/#website\",\"url\":\"https:\\\/\\\/mekulo.com\\\/dk\\\/\",\"name\":\"Mekulo DK\",\"description\":\"\",\"publisher\":{\"@id\":\"https:\\\/\\\/mekulo.com\\\/dk\\\/#organization\"},\"potentialAction\":[{\"@type\":\"SearchAction\",\"target\":{\"@type\":\"EntryPoint\",\"urlTemplate\":\"https:\\\/\\\/mekulo.com\\\/dk\\\/?s={search_term_string}\"},\"query-input\":{\"@type\":\"PropertyValueSpecification\",\"valueRequired\":true,\"valueName\":\"search_term_string\"}}],\"inLanguage\":\"da-DK\"},{\"@type\":\"Organization\",\"@id\":\"https:\\\/\\\/mekulo.com\\\/dk\\\/#organization\",\"name\":\"Mekulo\",\"url\":\"https:\\\/\\\/mekulo.com\\\/dk\\\/\",\"logo\":{\"@type\":\"ImageObject\",\"inLanguage\":\"da-DK\",\"@id\":\"https:\\\/\\\/mekulo.com\\\/dk\\\/#\\\/schema\\\/logo\\\/image\\\/\",\"url\":\"https:\\\/\\\/mekulo.com\\\/dk\\\/wp-content\\\/uploads\\\/sites\\\/12\\\/2025\\\/12\\\/favicon_mekulo.png\",\"contentUrl\":\"https:\\\/\\\/mekulo.com\\\/dk\\\/wp-content\\\/uploads\\\/sites\\\/12\\\/2025\\\/12\\\/favicon_mekulo.png\",\"width\":50,\"height\":50,\"caption\":\"Mekulo\"},\"image\":{\"@id\":\"https:\\\/\\\/mekulo.com\\\/dk\\\/#\\\/schema\\\/logo\\\/image\\\/\"}}]}<\/script>\n<!-- \/ Yoast SEO plugin. -->","yoast_head_json":{"title":"\u00d8jenbrynsblyant - Mekulo DK","robots":{"index":"index","follow":"follow","max-snippet":"max-snippet:-1","max-image-preview":"max-image-preview:large","max-video-preview":"max-video-preview:-1"},"canonical":"https:\/\/mekulo.com\/dk\/produkt\/oejenbrynsblyant\/","og_locale":"da_DK","og_type":"article","og_title":"\u00d8jenbrynsblyant - Mekulo DK","og_description":"\u00a0Denne \u00f8jenbrynsblyant har et smart design med 4 spidser, som g\u00f8r det nemt at tegne \u00f8jenbrynsh\u00e5r, der ser \u00e6gte ud. Det er hurtigt, glat og holder hele dagen!","og_url":"https:\/\/mekulo.com\/dk\/produkt\/oejenbrynsblyant\/","og_site_name":"Mekulo DK","article_modified_time":"2026-01-05T18:30:38+00:00","og_image":[{"width":601,"height":601,"url":"https:\/\/mekulo.com\/dk\/wp-content\/uploads\/sites\/12\/2026\/01\/3t0mvcs-1.webp","type":"image\/webp"}],"twitter_card":"summary_large_image","twitter_misc":{"Estimeret l\u00e6setid":"2 minutter"},"schema":{"@context":"https:\/\/schema.org","@graph":[{"@type":"WebPage","@id":"https:\/\/mekulo.com\/dk\/produkt\/oejenbrynsblyant\/","url":"https:\/\/mekulo.com\/dk\/produkt\/oejenbrynsblyant\/","name":"\u00d8jenbrynsblyant - Mekulo DK","isPartOf":{"@id":"https:\/\/mekulo.com\/dk\/#website"},"primaryImageOfPage":{"@id":"https:\/\/mekulo.com\/dk\/produkt\/oejenbrynsblyant\/#primaryimage"},"image":{"@id":"https:\/\/mekulo.com\/dk\/produkt\/oejenbrynsblyant\/#primaryimage"},"thumbnailUrl":"https:\/\/mekulo.com\/dk\/wp-content\/uploads\/sites\/12\/2026\/01\/3t0mvcs-1.webp","datePublished":"2026-01-05T16:19:14+00:00","dateModified":"2026-01-05T18:30:38+00:00","breadcrumb":{"@id":"https:\/\/mekulo.com\/dk\/produkt\/oejenbrynsblyant\/#breadcrumb"},"inLanguage":"da-DK","potentialAction":[{"@type":"ReadAction","target":["https:\/\/mekulo.com\/dk\/produkt\/oejenbrynsblyant\/"]}]},{"@type":"ImageObject","inLanguage":"da-DK","@id":"https:\/\/mekulo.com\/dk\/produkt\/oejenbrynsblyant\/#primaryimage","url":"https:\/\/mekulo.com\/dk\/wp-content\/uploads\/sites\/12\/2026\/01\/3t0mvcs-1.webp","contentUrl":"https:\/\/mekulo.com\/dk\/wp-content\/uploads\/sites\/12\/2026\/01\/3t0mvcs-1.webp","width":601,"height":601},{"@type":"BreadcrumbList","@id":"https:\/\/mekulo.com\/dk\/produkt\/oejenbrynsblyant\/#breadcrumb","itemListElement":[{"@type":"ListItem","position":1,"name":"Home","item":"https:\/\/mekulo.com\/dk\/"},{"@type":"ListItem","position":2,"name":"Butik","item":"https:\/\/mekulo.com\/dk\/butik\/"},{"@type":"ListItem","position":3,"name":"\u00d8jenbrynsblyant"}]},{"@type":"WebSite","@id":"https:\/\/mekulo.com\/dk\/#website","url":"https:\/\/mekulo.com\/dk\/","name":"Mekulo DK","description":"","publisher":{"@id":"https:\/\/mekulo.com\/dk\/#organization"},"potentialAction":[{"@type":"SearchAction","target":{"@type":"EntryPoint","urlTemplate":"https:\/\/mekulo.com\/dk\/?s={search_term_string}"},"query-input":{"@type":"PropertyValueSpecification","valueRequired":true,"valueName":"search_term_string"}}],"inLanguage":"da-DK"},{"@type":"Organization","@id":"https:\/\/mekulo.com\/dk\/#organization","name":"Mekulo","url":"https:\/\/mekulo.com\/dk\/","logo":{"@type":"ImageObject","inLanguage":"da-DK","@id":"https:\/\/mekulo.com\/dk\/#\/schema\/logo\/image\/","url":"https:\/\/mekulo.com\/dk\/wp-content\/uploads\/sites\/12\/2025\/12\/favicon_mekulo.png","contentUrl":"https:\/\/mekulo.com\/dk\/wp-content\/uploads\/sites\/12\/2025\/12\/favicon_mekulo.png","width":50,"height":50,"caption":"Mekulo"},"image":{"@id":"https:\/\/mekulo.com\/dk\/#\/schema\/logo\/image\/"}}]}},"_links":{"self":[{"href":"https:\/\/mekulo.com\/dk\/wp-json\/wp\/v2\/product\/15679","targetHints":{"allow":["GET"]}}],"collection":[{"href":"https:\/\/mekulo.com\/dk\/wp-json\/wp\/v2\/product"}],"about":[{"href":"https:\/\/mekulo.com\/dk\/wp-json\/wp\/v2\/types\/product"}],"replies":[{"embeddable":true,"href":"https:\/\/mekulo.com\/dk\/wp-json\/wp\/v2\/comments?post=15679"}],"wp:featuredmedia":[{"embeddable":true,"href":"https:\/\/mekulo.com\/dk\/wp-json\/wp\/v2\/media\/15675"}],"wp:attachment":[{"href":"https:\/\/mekulo.com\/dk\/wp-json\/wp\/v2\/media?parent=15679"}],"wp:term":[{"taxonomy":"product_brand","embeddable":true,"href":"https:\/\/mekulo.com\/dk\/wp-json\/wp\/v2\/product_brand?post=15679"},{"taxonomy":"product_cat","embeddable":true,"href":"https:\/\/mekulo.com\/dk\/wp-json\/wp\/v2\/product_cat?post=15679"},{"taxonomy":"product_tag","embeddable":true,"href":"https:\/\/mekulo.com\/dk\/wp-json\/wp\/v2\/product_tag?post=15679"}],"curies":[{"name":"wp","href":"https:\/\/api.w.org\/{rel}","templated":true}]}}