{"id":15616,"date":"2026-01-05T18:13:22","date_gmt":"2026-01-05T16:13:22","guid":{"rendered":"https:\/\/mekulo.com\/dk\/produkt\/kaedesav-sliber\/"},"modified":"2026-01-05T20:19:14","modified_gmt":"2026-01-05T18:19:14","slug":"kaedesav-sliber","status":"publish","type":"product","link":"https:\/\/mekulo.com\/dk\/produkt\/kaedesav-sliber\/","title":{"rendered":"K\u00e6desav-sliber"},"content":{"rendered":"<p style=\"text-align: center;\" data-start=\"65\" data-end=\"119\"><strong data-start=\"65\" data-end=\"119\">Slib Din K\u00e6desav Som En Professionel \u2013 P\u00e5 F\u00e5 Sekunder! \u26d3\ufe0f\u26a1<\/strong><\/p>\n<p data-start=\"121\" data-end=\"323\"><img decoding=\"async\" class=\"size-full wp-image-29020 aligncenter\" src=\"https:\/\/keluvo.com\/template\/wp-content\/uploads\/sites\/5\/2025\/07\/07212-ezgif.com-video-to-webp-converter-1.webp\" alt=\"\" \/><\/p>\n<h2 style=\"text-align: center;\" data-start=\"325\" data-end=\"346\">\ud83d\udd27 Vigtigste fordele<\/h2>\n<p data-start=\"349\" data-end=\"397\">\u2699\ufe0f Slib k\u00e6desavklinger med perfekt angles<\/p>\n<p data-start=\"400\" data-end=\"444\">\u23f1\ufe0f Spar tid med hurtige, ensartede resultater<\/p>\n<p data-start=\"447\" data-end=\"487\">\ud83d\udd12 Sikrere snit takket v\u00e6re skarpere k\u00e6der<\/p>\n<p data-start=\"490\" data-end=\"536\">\ud83d\udcaa Fungerer med de fleste vinkelslibere \u2013 plug &amp; slibning<\/p>\n<p data-start=\"539\" data-end=\"581\">\ud83e\uddf0 Let at bruge, selv hvis du ikke er en pro<\/p>\n<p data-start=\"539\" data-end=\"581\"><img decoding=\"async\" class=\"size-full wp-image-29025 aligncenter\" src=\"https:\/\/keluvo.com\/template\/wp-content\/uploads\/sites\/5\/2025\/07\/GRINNEX25478-ezgif.com-video-to-webp-converter.webp\" alt=\"\" \/><\/p>\n<h2 style=\"text-align: center;\" data-start=\"583\" data-end=\"602\"><strong>\ud83d\udee0\ufe0f S\u00e5dan bruges<\/strong><\/h2>\n<ol data-start=\"603\" data-end=\"770\">\n<li data-start=\"603\" data-end=\"645\">\n<p data-start=\"606\" data-end=\"645\">Fastg\u00f8r v\u00e6rkt\u00f8jet til din vinkelsliber.<\/p>\n<\/li>\n<li data-start=\"646\" data-end=\"681\">\n<p data-start=\"649\" data-end=\"681\">Placer den p\u00e5 motorsavens klinge.<\/p>\n<\/li>\n<li data-start=\"682\" data-end=\"733\">\n<p data-start=\"685\" data-end=\"733\">F\u00f8lg vejledningen, og sk\u00e6rp hver tand j\u00e6vnt.<\/p>\n<\/li>\n<li data-start=\"734\" data-end=\"770\">\n<p data-start=\"737\" data-end=\"770\">F\u00e6rdig p\u00e5 f\u00e5 minutter &#8211; ingen g\u00e6tterier!<\/p>\n<\/li>\n<\/ol>\n<h2 style=\"text-align: center;\" data-start=\"772\" data-end=\"795\">\ud83d\udccf Produktdetaljer<\/h2>\n<ul data-start=\"796\" data-end=\"937\">\n<li data-start=\"847\" data-end=\"895\">\n<p data-start=\"849\" data-end=\"895\">Kompatibel med de fleste standardvinkelslibere<\/p>\n<\/li>\n<li data-start=\"896\" data-end=\"937\">\n<p data-start=\"898\" data-end=\"937\">Designet til pr\u00e6cision og holdbarhed<\/p>\n<\/li>\n<\/ul>\n<h2 style=\"text-align: center;\" data-start=\"939\" data-end=\"963\">\ud83d\udce6 Pakken indeholder<\/h2>\n<ul data-start=\"964\" data-end=\"1061\">\n<li data-start=\"964\" data-end=\"993\">\n<p data-start=\"966\" data-end=\"993\">1x specialv\u00e6rkt\u00f8j til slibning af k\u00e6desave<\/p>\n<\/li>\n<li data-start=\"964\" data-end=\"993\">\n<p data-start=\"966\" data-end=\"993\">3x slibepinde<\/p>\n<\/li>\n<li data-start=\"964\" data-end=\"993\">\n<p data-start=\"966\" data-end=\"993\">1x skruen\u00f8gle + elektrisk slibemaskine.<\/p>\n<\/li>\n<\/ul>\n","protected":false},"excerpt":{"rendered":"<p>Ikke flere sl\u00f8ve k\u00e6der eller besv\u00e6rlig manuel filing! Denne k\u00e6desavssliber g\u00f8r det hurtigt, nemt og superpr\u00e6cist at slibe din k\u00e6desav &#8211; selv for begyndere. Bare s\u00e6t den p\u00e5 din kv\u00e6rn, s\u00e5 er du klar til at g\u00e5 i gang!<\/p>\n","protected":false},"featured_media":15612,"comment_status":"open","ping_status":"closed","template":"","meta":{"site-sidebar-layout":"default","site-content-layout":"","ast-site-content-layout":"default","site-content-style":"default","site-sidebar-style":"default","ast-global-header-display":"","ast-banner-title-visibility":"","ast-main-header-display":"","ast-hfb-above-header-display":"","ast-hfb-below-header-display":"","ast-hfb-mobile-header-display":"","site-post-title":"","ast-breadcrumbs-content":"","ast-featured-img":"","footer-sml-layout":"","theme-transparent-header-meta":"default","adv-header-id-meta":"","stick-header-meta":"","header-above-stick-meta":"","header-main-stick-meta":"","header-below-stick-meta":"","astra-migrate-meta-layouts":"set","ast-page-background-enabled":"default","ast-page-background-meta":{"desktop":{"background-color":"var(--ast-global-color-5)","background-image":"","background-repeat":"repeat","background-position":"center center","background-size":"auto","background-attachment":"scroll","background-type":"","background-media":"","overlay-type":"","overlay-color":"","overlay-opacity":"","overlay-gradient":""},"tablet":{"background-color":"","background-image":"","background-repeat":"repeat","background-position":"center center","background-size":"auto","background-attachment":"scroll","background-type":"","background-media":"","overlay-type":"","overlay-color":"","overlay-opacity":"","overlay-gradient":""},"mobile":{"background-color":"","background-image":"","background-repeat":"repeat","background-position":"center center","background-size":"auto","background-attachment":"scroll","background-type":"","background-media":"","overlay-type":"","overlay-color":"","overlay-opacity":"","overlay-gradient":""}},"ast-content-background-meta":{"desktop":{"background-color":"var(--ast-global-color-4)","background-image":"","background-repeat":"repeat","background-position":"center center","background-size":"auto","background-attachment":"scroll","background-type":"","background-media":"","overlay-type":"","overlay-color":"","overlay-opacity":"","overlay-gradient":""},"tablet":{"background-color":"var(--ast-global-color-4)","background-image":"","background-repeat":"repeat","background-position":"center center","background-size":"auto","background-attachment":"scroll","background-type":"","background-media":"","overlay-type":"","overlay-color":"","overlay-opacity":"","overlay-gradient":""},"mobile":{"background-color":"var(--ast-global-color-4)","background-image":"","background-repeat":"repeat","background-position":"center center","background-size":"auto","background-attachment":"scroll","background-type":"","background-media":"","overlay-type":"","overlay-color":"","overlay-opacity":"","overlay-gradient":""}}},"product_brand":[],"product_cat":[171],"product_tag":[],"class_list":{"0":"post-15616","1":"product","2":"type-product","3":"status-publish","4":"has-post-thumbnail","6":"product_cat-vaerktoejer","7":"desktop-align-left","8":"tablet-align-left","9":"mobile-align-left","11":"first","12":"instock","13":"shipping-taxable","14":"purchasable","15":"product-type-simple"},"yoast_head":"<!-- This site is optimized with the Yoast SEO plugin v26.6 - https:\/\/yoast.com\/wordpress\/plugins\/seo\/ -->\n<title>K\u00e6desav-sliber - Mekulo DK<\/title>\n<meta name=\"robots\" content=\"index, follow, max-snippet:-1, max-image-preview:large, max-video-preview:-1\" \/>\n<link rel=\"canonical\" href=\"https:\/\/mekulo.com\/dk\/produkt\/kaedesav-sliber\/\" \/>\n<meta property=\"og:locale\" content=\"da_DK\" \/>\n<meta property=\"og:type\" content=\"article\" \/>\n<meta property=\"og:title\" content=\"K\u00e6desav-sliber - Mekulo DK\" \/>\n<meta property=\"og:description\" content=\"Ikke flere sl\u00f8ve k\u00e6der eller besv\u00e6rlig manuel filing! Denne k\u00e6desavssliber g\u00f8r det hurtigt, nemt og superpr\u00e6cist at slibe din k\u00e6desav - selv for begyndere. Bare s\u00e6t den p\u00e5 din kv\u00e6rn, s\u00e5 er du klar til at g\u00e5 i gang!\" \/>\n<meta property=\"og:url\" content=\"https:\/\/mekulo.com\/dk\/produkt\/kaedesav-sliber\/\" \/>\n<meta property=\"og:site_name\" content=\"Mekulo DK\" \/>\n<meta property=\"article:modified_time\" content=\"2026-01-05T18:19:14+00:00\" \/>\n<meta property=\"og:image\" content=\"https:\/\/mekulo.com\/dk\/wp-content\/uploads\/sites\/12\/2026\/01\/9t8md66-1.jpg\" \/>\n\t<meta property=\"og:image:width\" content=\"600\" \/>\n\t<meta property=\"og:image:height\" content=\"600\" \/>\n\t<meta property=\"og:image:type\" content=\"image\/jpeg\" \/>\n<meta name=\"twitter:card\" content=\"summary_large_image\" \/>\n<meta name=\"twitter:label1\" content=\"Estimeret l\u00e6setid\" \/>\n\t<meta name=\"twitter:data1\" content=\"2 minutter\" \/>\n<script type=\"application\/ld+json\" class=\"yoast-schema-graph\">{\"@context\":\"https:\/\/schema.org\",\"@graph\":[{\"@type\":\"WebPage\",\"@id\":\"https:\/\/mekulo.com\/dk\/produkt\/kaedesav-sliber\/\",\"url\":\"https:\/\/mekulo.com\/dk\/produkt\/kaedesav-sliber\/\",\"name\":\"K\u00e6desav-sliber - Mekulo DK\",\"isPartOf\":{\"@id\":\"https:\/\/mekulo.com\/dk\/#website\"},\"primaryImageOfPage\":{\"@id\":\"https:\/\/mekulo.com\/dk\/produkt\/kaedesav-sliber\/#primaryimage\"},\"image\":{\"@id\":\"https:\/\/mekulo.com\/dk\/produkt\/kaedesav-sliber\/#primaryimage\"},\"thumbnailUrl\":\"https:\/\/mekulo.com\/dk\/wp-content\/uploads\/sites\/12\/2026\/01\/9t8md66-1.jpg\",\"datePublished\":\"2026-01-05T16:13:22+00:00\",\"dateModified\":\"2026-01-05T18:19:14+00:00\",\"breadcrumb\":{\"@id\":\"https:\/\/mekulo.com\/dk\/produkt\/kaedesav-sliber\/#breadcrumb\"},\"inLanguage\":\"da-DK\",\"potentialAction\":[{\"@type\":\"ReadAction\",\"target\":[\"https:\/\/mekulo.com\/dk\/produkt\/kaedesav-sliber\/\"]}]},{\"@type\":\"ImageObject\",\"inLanguage\":\"da-DK\",\"@id\":\"https:\/\/mekulo.com\/dk\/produkt\/kaedesav-sliber\/#primaryimage\",\"url\":\"https:\/\/mekulo.com\/dk\/wp-content\/uploads\/sites\/12\/2026\/01\/9t8md66-1.jpg\",\"contentUrl\":\"https:\/\/mekulo.com\/dk\/wp-content\/uploads\/sites\/12\/2026\/01\/9t8md66-1.jpg\",\"width\":600,\"height\":600},{\"@type\":\"BreadcrumbList\",\"@id\":\"https:\/\/mekulo.com\/dk\/produkt\/kaedesav-sliber\/#breadcrumb\",\"itemListElement\":[{\"@type\":\"ListItem\",\"position\":1,\"name\":\"Home\",\"item\":\"https:\/\/mekulo.com\/dk\/\"},{\"@type\":\"ListItem\",\"position\":2,\"name\":\"Butik\",\"item\":\"https:\/\/mekulo.com\/dk\/butik\/\"},{\"@type\":\"ListItem\",\"position\":3,\"name\":\"K\u00e6desav-sliber\"}]},{\"@type\":\"WebSite\",\"@id\":\"https:\/\/mekulo.com\/dk\/#website\",\"url\":\"https:\/\/mekulo.com\/dk\/\",\"name\":\"Mekulo DK\",\"description\":\"\",\"publisher\":{\"@id\":\"https:\/\/mekulo.com\/dk\/#organization\"},\"potentialAction\":[{\"@type\":\"SearchAction\",\"target\":{\"@type\":\"EntryPoint\",\"urlTemplate\":\"https:\/\/mekulo.com\/dk\/?s={search_term_string}\"},\"query-input\":{\"@type\":\"PropertyValueSpecification\",\"valueRequired\":true,\"valueName\":\"search_term_string\"}}],\"inLanguage\":\"da-DK\"},{\"@type\":\"Organization\",\"@id\":\"https:\/\/mekulo.com\/dk\/#organization\",\"name\":\"Mekulo\",\"url\":\"https:\/\/mekulo.com\/dk\/\",\"logo\":{\"@type\":\"ImageObject\",\"inLanguage\":\"da-DK\",\"@id\":\"https:\/\/mekulo.com\/dk\/#\/schema\/logo\/image\/\",\"url\":\"https:\/\/mekulo.com\/dk\/wp-content\/uploads\/sites\/12\/2025\/12\/favicon_mekulo.png\",\"contentUrl\":\"https:\/\/mekulo.com\/dk\/wp-content\/uploads\/sites\/12\/2025\/12\/favicon_mekulo.png\",\"width\":50,\"height\":50,\"caption\":\"Mekulo\"},\"image\":{\"@id\":\"https:\/\/mekulo.com\/dk\/#\/schema\/logo\/image\/\"}}]}<\/script>\n<!-- \/ Yoast SEO plugin. -->","yoast_head_json":{"title":"K\u00e6desav-sliber - Mekulo DK","robots":{"index":"index","follow":"follow","max-snippet":"max-snippet:-1","max-image-preview":"max-image-preview:large","max-video-preview":"max-video-preview:-1"},"canonical":"https:\/\/mekulo.com\/dk\/produkt\/kaedesav-sliber\/","og_locale":"da_DK","og_type":"article","og_title":"K\u00e6desav-sliber - Mekulo DK","og_description":"Ikke flere sl\u00f8ve k\u00e6der eller besv\u00e6rlig manuel filing! Denne k\u00e6desavssliber g\u00f8r det hurtigt, nemt og superpr\u00e6cist at slibe din k\u00e6desav - selv for begyndere. Bare s\u00e6t den p\u00e5 din kv\u00e6rn, s\u00e5 er du klar til at g\u00e5 i gang!","og_url":"https:\/\/mekulo.com\/dk\/produkt\/kaedesav-sliber\/","og_site_name":"Mekulo DK","article_modified_time":"2026-01-05T18:19:14+00:00","og_image":[{"width":600,"height":600,"url":"https:\/\/mekulo.com\/dk\/wp-content\/uploads\/sites\/12\/2026\/01\/9t8md66-1.jpg","type":"image\/jpeg"}],"twitter_card":"summary_large_image","twitter_misc":{"Estimeret l\u00e6setid":"2 minutter"},"schema":{"@context":"https:\/\/schema.org","@graph":[{"@type":"WebPage","@id":"https:\/\/mekulo.com\/dk\/produkt\/kaedesav-sliber\/","url":"https:\/\/mekulo.com\/dk\/produkt\/kaedesav-sliber\/","name":"K\u00e6desav-sliber - Mekulo DK","isPartOf":{"@id":"https:\/\/mekulo.com\/dk\/#website"},"primaryImageOfPage":{"@id":"https:\/\/mekulo.com\/dk\/produkt\/kaedesav-sliber\/#primaryimage"},"image":{"@id":"https:\/\/mekulo.com\/dk\/produkt\/kaedesav-sliber\/#primaryimage"},"thumbnailUrl":"https:\/\/mekulo.com\/dk\/wp-content\/uploads\/sites\/12\/2026\/01\/9t8md66-1.jpg","datePublished":"2026-01-05T16:13:22+00:00","dateModified":"2026-01-05T18:19:14+00:00","breadcrumb":{"@id":"https:\/\/mekulo.com\/dk\/produkt\/kaedesav-sliber\/#breadcrumb"},"inLanguage":"da-DK","potentialAction":[{"@type":"ReadAction","target":["https:\/\/mekulo.com\/dk\/produkt\/kaedesav-sliber\/"]}]},{"@type":"ImageObject","inLanguage":"da-DK","@id":"https:\/\/mekulo.com\/dk\/produkt\/kaedesav-sliber\/#primaryimage","url":"https:\/\/mekulo.com\/dk\/wp-content\/uploads\/sites\/12\/2026\/01\/9t8md66-1.jpg","contentUrl":"https:\/\/mekulo.com\/dk\/wp-content\/uploads\/sites\/12\/2026\/01\/9t8md66-1.jpg","width":600,"height":600},{"@type":"BreadcrumbList","@id":"https:\/\/mekulo.com\/dk\/produkt\/kaedesav-sliber\/#breadcrumb","itemListElement":[{"@type":"ListItem","position":1,"name":"Home","item":"https:\/\/mekulo.com\/dk\/"},{"@type":"ListItem","position":2,"name":"Butik","item":"https:\/\/mekulo.com\/dk\/butik\/"},{"@type":"ListItem","position":3,"name":"K\u00e6desav-sliber"}]},{"@type":"WebSite","@id":"https:\/\/mekulo.com\/dk\/#website","url":"https:\/\/mekulo.com\/dk\/","name":"Mekulo DK","description":"","publisher":{"@id":"https:\/\/mekulo.com\/dk\/#organization"},"potentialAction":[{"@type":"SearchAction","target":{"@type":"EntryPoint","urlTemplate":"https:\/\/mekulo.com\/dk\/?s={search_term_string}"},"query-input":{"@type":"PropertyValueSpecification","valueRequired":true,"valueName":"search_term_string"}}],"inLanguage":"da-DK"},{"@type":"Organization","@id":"https:\/\/mekulo.com\/dk\/#organization","name":"Mekulo","url":"https:\/\/mekulo.com\/dk\/","logo":{"@type":"ImageObject","inLanguage":"da-DK","@id":"https:\/\/mekulo.com\/dk\/#\/schema\/logo\/image\/","url":"https:\/\/mekulo.com\/dk\/wp-content\/uploads\/sites\/12\/2025\/12\/favicon_mekulo.png","contentUrl":"https:\/\/mekulo.com\/dk\/wp-content\/uploads\/sites\/12\/2025\/12\/favicon_mekulo.png","width":50,"height":50,"caption":"Mekulo"},"image":{"@id":"https:\/\/mekulo.com\/dk\/#\/schema\/logo\/image\/"}}]}},"_links":{"self":[{"href":"https:\/\/mekulo.com\/dk\/wp-json\/wp\/v2\/product\/15616","targetHints":{"allow":["GET"]}}],"collection":[{"href":"https:\/\/mekulo.com\/dk\/wp-json\/wp\/v2\/product"}],"about":[{"href":"https:\/\/mekulo.com\/dk\/wp-json\/wp\/v2\/types\/product"}],"replies":[{"embeddable":true,"href":"https:\/\/mekulo.com\/dk\/wp-json\/wp\/v2\/comments?post=15616"}],"wp:featuredmedia":[{"embeddable":true,"href":"https:\/\/mekulo.com\/dk\/wp-json\/wp\/v2\/media\/15612"}],"wp:attachment":[{"href":"https:\/\/mekulo.com\/dk\/wp-json\/wp\/v2\/media?parent=15616"}],"wp:term":[{"taxonomy":"product_brand","embeddable":true,"href":"https:\/\/mekulo.com\/dk\/wp-json\/wp\/v2\/product_brand?post=15616"},{"taxonomy":"product_cat","embeddable":true,"href":"https:\/\/mekulo.com\/dk\/wp-json\/wp\/v2\/product_cat?post=15616"},{"taxonomy":"product_tag","embeddable":true,"href":"https:\/\/mekulo.com\/dk\/wp-json\/wp\/v2\/product_tag?post=15616"}],"curies":[{"name":"wp","href":"https:\/\/api.w.org\/{rel}","templated":true}]}}