{"id":15564,"date":"2026-01-05T18:08:31","date_gmt":"2026-01-05T16:08:31","guid":{"rendered":"https:\/\/mekulo.com\/dk\/produkt\/stoevsuger-til-bil\/"},"modified":"2026-01-05T20:14:17","modified_gmt":"2026-01-05T18:14:17","slug":"stoevsuger-til-bil","status":"publish","type":"product","link":"https:\/\/mekulo.com\/dk\/produkt\/stoevsuger-til-bil\/","title":{"rendered":"St\u00f8vsuger til bil"},"content":{"rendered":"<p style=\"text-align: center;\" data-start=\"156\" data-end=\"460\"><strong data-start=\"156\" data-end=\"218\">Det Kompakte Reng\u00f8ringsdyr, Som Din Bil (Og Dit Hjem) Har Brug For! \ud83d\ude97\ud83d\udca8<\/strong><\/p>\n<p data-start=\"156\" data-end=\"460\"><img fetchpriority=\"high\" decoding=\"async\" class=\" wp-image-25091 aligncenter\" src=\"https:\/\/keluvo.com\/template\/wp-content\/uploads\/sites\/5\/2025\/06\/3.webp\" alt=\"\" width=\"426\" height=\"426\" \/><\/p>\n<h2 style=\"text-align: center;\" data-start=\"467\" data-end=\"488\">Hovedfordele \u26a1<\/h2>\n<p data-start=\"491\" data-end=\"536\">\ud83d\udca8 St\u00e6rk sugekraft med avanceret motor<\/p>\n<p data-start=\"539\" data-end=\"597\">\ud83d\udd0b Langvarigt 6000mAh batteri med USB-C hurtigopladning<\/p>\n<p data-start=\"600\" data-end=\"655\">\ud83c\udf00 Flere dyser til alle overflader og trange rum<\/p>\n<p data-start=\"658\" data-end=\"717\">\ud83e\uddfc Vaskbart, genanvendeligt filter &#8211; milj\u00f8venligt og omkostningsbesparende<\/p>\n<p data-start=\"720\" data-end=\"780\">\ud83e\uddf3 Let og b\u00e6rbar &#8211; perfekt til hjemmet, bilen eller kontoret<\/p>\n<p data-start=\"783\" data-end=\"830\">\ud83d\ude98 Tesla-lignende motorteknologi for maksimal effektivitet<\/p>\n<p><img decoding=\"async\" class=\" wp-image-25090 aligncenter\" src=\"https:\/\/keluvo.com\/template\/wp-content\/uploads\/sites\/5\/2025\/06\/6-1.webp\" alt=\"\" width=\"422\" height=\"422\" \/><\/p>\n<h2 style=\"text-align: center;\" data-start=\"837\" data-end=\"856\">S\u00e5dan bruges den \ud83d\udc47<\/h2>\n<ol data-start=\"857\" data-end=\"1014\">\n<li data-start=\"857\" data-end=\"884\">\n<p data-start=\"860\" data-end=\"884\">Lad helt op via USB-C.<\/p>\n<\/li>\n<li data-start=\"885\" data-end=\"911\">\n<p data-start=\"888\" data-end=\"911\">T\u00e6nd og ryd op overalt &#8211; ingen ledninger, ingen begr\u00e6nsninger!<\/p>\n<\/li>\n<li data-start=\"912\" data-end=\"974\">\n<p data-start=\"915\" data-end=\"974\">Skyl filteret, n\u00e5r du er f\u00e6rdig, og genbrug det.<\/p>\n<\/li>\n<\/ol>\n<h2 style=\"text-align: center;\" data-start=\"1021\" data-end=\"1045\">Produktoplysninger \ud83d\udccb<\/h2>\n<ul data-start=\"1046\" data-end=\"1202\">\n<li data-start=\"1046\" data-end=\"1071\">\n<p data-start=\"1048\" data-end=\"1071\">Sp\u00e6nding: DC 12V<\/p>\n<\/li>\n<li data-start=\"1072\" data-end=\"1087\">\n<p data-start=\"1074\" data-end=\"1087\">Effekt: 120W<\/p>\n<\/li>\n<li data-start=\"1088\" data-end=\"1107\">\n<p data-start=\"1090\" data-end=\"1107\">Opladning: USB-C<\/p>\n<\/li>\n<li data-start=\"1158\" data-end=\"1178\">\n<p data-start=\"1160\" data-end=\"1178\">St\u00f8rrelse: 165 \u00d7 65mm<\/p>\n<\/li>\n<li data-start=\"1179\" data-end=\"1202\">\n<p data-start=\"1181\" data-end=\"1202\">Materiale: ABS-plast<\/p>\n<\/li>\n<\/ul>\n<h2 style=\"text-align: center;\" data-start=\"1209\" data-end=\"1234\">Pakken indeholder \ud83d\udce6<\/h2>\n<ul data-start=\"1235\" data-end=\"1336\">\n<li data-start=\"1235\" data-end=\"1265\">\n<p data-start=\"1237\" data-end=\"1265\">1x bilst\u00f8vsuger<\/p>\n<\/li>\n<li data-start=\"1266\" data-end=\"1289\">\n<p data-start=\"1268\" data-end=\"1289\">3x reng\u00f8ringsmundstykker<\/p>\n<\/li>\n<li data-start=\"1290\" data-end=\"1315\">\n<p data-start=\"1292\" data-end=\"1315\">1x USB-opladerkabel<\/p>\n<\/li>\n<li data-start=\"1316\" data-end=\"1336\">\n<p data-start=\"1318\" data-end=\"1336\">1x vaskbart filter.<\/p>\n<\/li>\n<\/ul>\n","protected":false},"excerpt":{"rendered":"<p>Denne batteridrevne st\u00f8vsuger har professionel kraft i din h\u00e5ndflade. Med et genopladeligt batteri p\u00e5 6000 mAh og flere mundstykker er den perfekt til at fjerne st\u00f8v, krummer og dyreh\u00e5r fra sn\u00e6vre hj\u00f8rner, bils\u00e6der, tastaturer og meget mere.<\/p>\n","protected":false},"featured_media":15560,"comment_status":"open","ping_status":"closed","template":"","meta":{"site-sidebar-layout":"default","site-content-layout":"","ast-site-content-layout":"default","site-content-style":"default","site-sidebar-style":"default","ast-global-header-display":"","ast-banner-title-visibility":"","ast-main-header-display":"","ast-hfb-above-header-display":"","ast-hfb-below-header-display":"","ast-hfb-mobile-header-display":"","site-post-title":"","ast-breadcrumbs-content":"","ast-featured-img":"","footer-sml-layout":"","ast-disable-related-posts":"","theme-transparent-header-meta":"default","adv-header-id-meta":"","stick-header-meta":"","header-above-stick-meta":"","header-main-stick-meta":"","header-below-stick-meta":"","astra-migrate-meta-layouts":"set","ast-page-background-enabled":"default","ast-page-background-meta":{"desktop":{"background-color":"var(--ast-global-color-5)","background-image":"","background-repeat":"repeat","background-position":"center center","background-size":"auto","background-attachment":"scroll","background-type":"","background-media":"","overlay-type":"","overlay-color":"","overlay-opacity":"","overlay-gradient":""},"tablet":{"background-color":"","background-image":"","background-repeat":"repeat","background-position":"center center","background-size":"auto","background-attachment":"scroll","background-type":"","background-media":"","overlay-type":"","overlay-color":"","overlay-opacity":"","overlay-gradient":""},"mobile":{"background-color":"","background-image":"","background-repeat":"repeat","background-position":"center center","background-size":"auto","background-attachment":"scroll","background-type":"","background-media":"","overlay-type":"","overlay-color":"","overlay-opacity":"","overlay-gradient":""}},"ast-content-background-meta":{"desktop":{"background-color":"var(--ast-global-color-4)","background-image":"","background-repeat":"repeat","background-position":"center center","background-size":"auto","background-attachment":"scroll","background-type":"","background-media":"","overlay-type":"","overlay-color":"","overlay-opacity":"","overlay-gradient":""},"tablet":{"background-color":"var(--ast-global-color-4)","background-image":"","background-repeat":"repeat","background-position":"center center","background-size":"auto","background-attachment":"scroll","background-type":"","background-media":"","overlay-type":"","overlay-color":"","overlay-opacity":"","overlay-gradient":""},"mobile":{"background-color":"var(--ast-global-color-4)","background-image":"","background-repeat":"repeat","background-position":"center center","background-size":"auto","background-attachment":"scroll","background-type":"","background-media":"","overlay-type":"","overlay-color":"","overlay-opacity":"","overlay-gradient":""}}},"product_brand":[],"product_cat":[168],"product_tag":[],"class_list":{"0":"post-15564","1":"product","2":"type-product","3":"status-publish","4":"has-post-thumbnail","6":"product_cat-husholdningsartikler","7":"pa_32149_7er5qzz4-graa-hvid","8":"pa_32149_7er5qzz4-lyseroed","9":"pa_32149_7er5qzz4-moerkegroen","10":"pa_32149_7er5qzz4-sort","11":"desktop-align-left","12":"tablet-align-left","13":"mobile-align-left","15":"first","16":"instock","17":"shipping-taxable","18":"purchasable","19":"product-type-variable"},"yoast_head":"<!-- This site is optimized with the Yoast SEO plugin v27.4 - https:\/\/yoast.com\/product\/yoast-seo-wordpress\/ -->\n<title>St\u00f8vsuger til bil - Mekulo DK<\/title>\n<meta name=\"robots\" content=\"index, follow, max-snippet:-1, max-image-preview:large, max-video-preview:-1\" \/>\n<link rel=\"canonical\" href=\"https:\/\/mekulo.com\/dk\/produkt\/stoevsuger-til-bil\/\" \/>\n<meta property=\"og:locale\" content=\"da_DK\" \/>\n<meta property=\"og:type\" content=\"article\" \/>\n<meta property=\"og:title\" content=\"St\u00f8vsuger til bil - Mekulo DK\" \/>\n<meta property=\"og:description\" content=\"Denne batteridrevne st\u00f8vsuger har professionel kraft i din h\u00e5ndflade. Med et genopladeligt batteri p\u00e5 6000 mAh og flere mundstykker er den perfekt til at fjerne st\u00f8v, krummer og dyreh\u00e5r fra sn\u00e6vre hj\u00f8rner, bils\u00e6der, tastaturer og meget mere.\" \/>\n<meta property=\"og:url\" content=\"https:\/\/mekulo.com\/dk\/produkt\/stoevsuger-til-bil\/\" \/>\n<meta property=\"og:site_name\" content=\"Mekulo DK\" \/>\n<meta property=\"article:modified_time\" content=\"2026-01-05T18:14:17+00:00\" \/>\n<meta property=\"og:image\" content=\"https:\/\/mekulo.com\/dk\/wp-content\/uploads\/sites\/12\/2026\/01\/dhff02u-1.jpg\" \/>\n\t<meta property=\"og:image:width\" content=\"1080\" \/>\n\t<meta property=\"og:image:height\" content=\"1080\" \/>\n\t<meta property=\"og:image:type\" content=\"image\/jpeg\" \/>\n<meta name=\"twitter:card\" content=\"summary_large_image\" \/>\n<meta name=\"twitter:label1\" content=\"Estimeret l\u00e6setid\" \/>\n\t<meta name=\"twitter:data1\" content=\"2 minutter\" \/>\n<script type=\"application\/ld+json\" class=\"yoast-schema-graph\">{\"@context\":\"https:\\\/\\\/schema.org\",\"@graph\":[{\"@type\":\"WebPage\",\"@id\":\"https:\\\/\\\/mekulo.com\\\/dk\\\/produkt\\\/stoevsuger-til-bil\\\/\",\"url\":\"https:\\\/\\\/mekulo.com\\\/dk\\\/produkt\\\/stoevsuger-til-bil\\\/\",\"name\":\"St\u00f8vsuger til bil - Mekulo DK\",\"isPartOf\":{\"@id\":\"https:\\\/\\\/mekulo.com\\\/dk\\\/#website\"},\"primaryImageOfPage\":{\"@id\":\"https:\\\/\\\/mekulo.com\\\/dk\\\/produkt\\\/stoevsuger-til-bil\\\/#primaryimage\"},\"image\":{\"@id\":\"https:\\\/\\\/mekulo.com\\\/dk\\\/produkt\\\/stoevsuger-til-bil\\\/#primaryimage\"},\"thumbnailUrl\":\"https:\\\/\\\/mekulo.com\\\/dk\\\/wp-content\\\/uploads\\\/sites\\\/12\\\/2026\\\/01\\\/dhff02u-1.jpg\",\"datePublished\":\"2026-01-05T16:08:31+00:00\",\"dateModified\":\"2026-01-05T18:14:17+00:00\",\"breadcrumb\":{\"@id\":\"https:\\\/\\\/mekulo.com\\\/dk\\\/produkt\\\/stoevsuger-til-bil\\\/#breadcrumb\"},\"inLanguage\":\"da-DK\",\"potentialAction\":[{\"@type\":\"ReadAction\",\"target\":[\"https:\\\/\\\/mekulo.com\\\/dk\\\/produkt\\\/stoevsuger-til-bil\\\/\"]}]},{\"@type\":\"ImageObject\",\"inLanguage\":\"da-DK\",\"@id\":\"https:\\\/\\\/mekulo.com\\\/dk\\\/produkt\\\/stoevsuger-til-bil\\\/#primaryimage\",\"url\":\"https:\\\/\\\/mekulo.com\\\/dk\\\/wp-content\\\/uploads\\\/sites\\\/12\\\/2026\\\/01\\\/dhff02u-1.jpg\",\"contentUrl\":\"https:\\\/\\\/mekulo.com\\\/dk\\\/wp-content\\\/uploads\\\/sites\\\/12\\\/2026\\\/01\\\/dhff02u-1.jpg\",\"width\":1080,\"height\":1080},{\"@type\":\"BreadcrumbList\",\"@id\":\"https:\\\/\\\/mekulo.com\\\/dk\\\/produkt\\\/stoevsuger-til-bil\\\/#breadcrumb\",\"itemListElement\":[{\"@type\":\"ListItem\",\"position\":1,\"name\":\"Home\",\"item\":\"https:\\\/\\\/mekulo.com\\\/dk\\\/\"},{\"@type\":\"ListItem\",\"position\":2,\"name\":\"Butik\",\"item\":\"https:\\\/\\\/mekulo.com\\\/dk\\\/butik\\\/\"},{\"@type\":\"ListItem\",\"position\":3,\"name\":\"St\u00f8vsuger til bil\"}]},{\"@type\":\"WebSite\",\"@id\":\"https:\\\/\\\/mekulo.com\\\/dk\\\/#website\",\"url\":\"https:\\\/\\\/mekulo.com\\\/dk\\\/\",\"name\":\"Mekulo DK\",\"description\":\"\",\"publisher\":{\"@id\":\"https:\\\/\\\/mekulo.com\\\/dk\\\/#organization\"},\"potentialAction\":[{\"@type\":\"SearchAction\",\"target\":{\"@type\":\"EntryPoint\",\"urlTemplate\":\"https:\\\/\\\/mekulo.com\\\/dk\\\/?s={search_term_string}\"},\"query-input\":{\"@type\":\"PropertyValueSpecification\",\"valueRequired\":true,\"valueName\":\"search_term_string\"}}],\"inLanguage\":\"da-DK\"},{\"@type\":\"Organization\",\"@id\":\"https:\\\/\\\/mekulo.com\\\/dk\\\/#organization\",\"name\":\"Mekulo\",\"url\":\"https:\\\/\\\/mekulo.com\\\/dk\\\/\",\"logo\":{\"@type\":\"ImageObject\",\"inLanguage\":\"da-DK\",\"@id\":\"https:\\\/\\\/mekulo.com\\\/dk\\\/#\\\/schema\\\/logo\\\/image\\\/\",\"url\":\"https:\\\/\\\/mekulo.com\\\/dk\\\/wp-content\\\/uploads\\\/sites\\\/12\\\/2025\\\/12\\\/favicon_mekulo.png\",\"contentUrl\":\"https:\\\/\\\/mekulo.com\\\/dk\\\/wp-content\\\/uploads\\\/sites\\\/12\\\/2025\\\/12\\\/favicon_mekulo.png\",\"width\":50,\"height\":50,\"caption\":\"Mekulo\"},\"image\":{\"@id\":\"https:\\\/\\\/mekulo.com\\\/dk\\\/#\\\/schema\\\/logo\\\/image\\\/\"}}]}<\/script>\n<!-- \/ Yoast SEO plugin. -->","yoast_head_json":{"title":"St\u00f8vsuger til bil - Mekulo DK","robots":{"index":"index","follow":"follow","max-snippet":"max-snippet:-1","max-image-preview":"max-image-preview:large","max-video-preview":"max-video-preview:-1"},"canonical":"https:\/\/mekulo.com\/dk\/produkt\/stoevsuger-til-bil\/","og_locale":"da_DK","og_type":"article","og_title":"St\u00f8vsuger til bil - Mekulo DK","og_description":"Denne batteridrevne st\u00f8vsuger har professionel kraft i din h\u00e5ndflade. Med et genopladeligt batteri p\u00e5 6000 mAh og flere mundstykker er den perfekt til at fjerne st\u00f8v, krummer og dyreh\u00e5r fra sn\u00e6vre hj\u00f8rner, bils\u00e6der, tastaturer og meget mere.","og_url":"https:\/\/mekulo.com\/dk\/produkt\/stoevsuger-til-bil\/","og_site_name":"Mekulo DK","article_modified_time":"2026-01-05T18:14:17+00:00","og_image":[{"width":1080,"height":1080,"url":"https:\/\/mekulo.com\/dk\/wp-content\/uploads\/sites\/12\/2026\/01\/dhff02u-1.jpg","type":"image\/jpeg"}],"twitter_card":"summary_large_image","twitter_misc":{"Estimeret l\u00e6setid":"2 minutter"},"schema":{"@context":"https:\/\/schema.org","@graph":[{"@type":"WebPage","@id":"https:\/\/mekulo.com\/dk\/produkt\/stoevsuger-til-bil\/","url":"https:\/\/mekulo.com\/dk\/produkt\/stoevsuger-til-bil\/","name":"St\u00f8vsuger til bil - Mekulo DK","isPartOf":{"@id":"https:\/\/mekulo.com\/dk\/#website"},"primaryImageOfPage":{"@id":"https:\/\/mekulo.com\/dk\/produkt\/stoevsuger-til-bil\/#primaryimage"},"image":{"@id":"https:\/\/mekulo.com\/dk\/produkt\/stoevsuger-til-bil\/#primaryimage"},"thumbnailUrl":"https:\/\/mekulo.com\/dk\/wp-content\/uploads\/sites\/12\/2026\/01\/dhff02u-1.jpg","datePublished":"2026-01-05T16:08:31+00:00","dateModified":"2026-01-05T18:14:17+00:00","breadcrumb":{"@id":"https:\/\/mekulo.com\/dk\/produkt\/stoevsuger-til-bil\/#breadcrumb"},"inLanguage":"da-DK","potentialAction":[{"@type":"ReadAction","target":["https:\/\/mekulo.com\/dk\/produkt\/stoevsuger-til-bil\/"]}]},{"@type":"ImageObject","inLanguage":"da-DK","@id":"https:\/\/mekulo.com\/dk\/produkt\/stoevsuger-til-bil\/#primaryimage","url":"https:\/\/mekulo.com\/dk\/wp-content\/uploads\/sites\/12\/2026\/01\/dhff02u-1.jpg","contentUrl":"https:\/\/mekulo.com\/dk\/wp-content\/uploads\/sites\/12\/2026\/01\/dhff02u-1.jpg","width":1080,"height":1080},{"@type":"BreadcrumbList","@id":"https:\/\/mekulo.com\/dk\/produkt\/stoevsuger-til-bil\/#breadcrumb","itemListElement":[{"@type":"ListItem","position":1,"name":"Home","item":"https:\/\/mekulo.com\/dk\/"},{"@type":"ListItem","position":2,"name":"Butik","item":"https:\/\/mekulo.com\/dk\/butik\/"},{"@type":"ListItem","position":3,"name":"St\u00f8vsuger til bil"}]},{"@type":"WebSite","@id":"https:\/\/mekulo.com\/dk\/#website","url":"https:\/\/mekulo.com\/dk\/","name":"Mekulo DK","description":"","publisher":{"@id":"https:\/\/mekulo.com\/dk\/#organization"},"potentialAction":[{"@type":"SearchAction","target":{"@type":"EntryPoint","urlTemplate":"https:\/\/mekulo.com\/dk\/?s={search_term_string}"},"query-input":{"@type":"PropertyValueSpecification","valueRequired":true,"valueName":"search_term_string"}}],"inLanguage":"da-DK"},{"@type":"Organization","@id":"https:\/\/mekulo.com\/dk\/#organization","name":"Mekulo","url":"https:\/\/mekulo.com\/dk\/","logo":{"@type":"ImageObject","inLanguage":"da-DK","@id":"https:\/\/mekulo.com\/dk\/#\/schema\/logo\/image\/","url":"https:\/\/mekulo.com\/dk\/wp-content\/uploads\/sites\/12\/2025\/12\/favicon_mekulo.png","contentUrl":"https:\/\/mekulo.com\/dk\/wp-content\/uploads\/sites\/12\/2025\/12\/favicon_mekulo.png","width":50,"height":50,"caption":"Mekulo"},"image":{"@id":"https:\/\/mekulo.com\/dk\/#\/schema\/logo\/image\/"}}]}},"_links":{"self":[{"href":"https:\/\/mekulo.com\/dk\/wp-json\/wp\/v2\/product\/15564","targetHints":{"allow":["GET"]}}],"collection":[{"href":"https:\/\/mekulo.com\/dk\/wp-json\/wp\/v2\/product"}],"about":[{"href":"https:\/\/mekulo.com\/dk\/wp-json\/wp\/v2\/types\/product"}],"replies":[{"embeddable":true,"href":"https:\/\/mekulo.com\/dk\/wp-json\/wp\/v2\/comments?post=15564"}],"wp:featuredmedia":[{"embeddable":true,"href":"https:\/\/mekulo.com\/dk\/wp-json\/wp\/v2\/media\/15560"}],"wp:attachment":[{"href":"https:\/\/mekulo.com\/dk\/wp-json\/wp\/v2\/media?parent=15564"}],"wp:term":[{"taxonomy":"product_brand","embeddable":true,"href":"https:\/\/mekulo.com\/dk\/wp-json\/wp\/v2\/product_brand?post=15564"},{"taxonomy":"product_cat","embeddable":true,"href":"https:\/\/mekulo.com\/dk\/wp-json\/wp\/v2\/product_cat?post=15564"},{"taxonomy":"product_tag","embeddable":true,"href":"https:\/\/mekulo.com\/dk\/wp-json\/wp\/v2\/product_tag?post=15564"}],"curies":[{"name":"wp","href":"https:\/\/api.w.org\/{rel}","templated":true}]}}