{"id":15547,"date":"2026-01-05T18:06:43","date_gmt":"2026-01-05T16:06:43","guid":{"rendered":"https:\/\/mekulo.com\/dk\/produkt\/farvelaegning-af-rulle\/"},"modified":"2026-01-05T20:13:05","modified_gmt":"2026-01-05T18:13:05","slug":"farvelaegning-af-rulle","status":"publish","type":"product","link":"https:\/\/mekulo.com\/dk\/produkt\/farvelaegning-af-rulle\/","title":{"rendered":"Farvel\u00e6gning af rulle"},"content":{"rendered":"<p style=\"text-align: center;\" data-start=\"67\" data-end=\"269\"><strong>Endel\u00f8s Farvesjov Uden Rod! \ud83c\udfa8\ud83e\udd96<\/strong><\/p>\n<p data-start=\"67\" data-end=\"269\"><img fetchpriority=\"high\" decoding=\"async\" class=\" wp-image-25516 aligncenter\" src=\"https:\/\/keluvo.com\/template\/wp-content\/uploads\/sites\/5\/2025\/06\/4_600x600_8b885acc-e360-452e-8d11-6716db64ae6c.webp\" alt=\"\" width=\"443\" height=\"443\" \/><\/p>\n<h2 style=\"text-align: center;\" data-start=\"402\" data-end=\"424\">\u2705 Hovedfordele<\/h2>\n<p data-start=\"427\" data-end=\"471\">\ud83e\udde0 \u00d8ger kreativiteten og finmotorikken<\/p>\n<p data-start=\"474\" data-end=\"520\">\ud83e\uddfb 3 meter unikke, ikke-gentagende designs<\/p>\n<p data-start=\"523\" data-end=\"578\">\ud83e\uddf2 Kl\u00e6ber til v\u00e6gge, gulve og borde uden at beskadige dem<\/p>\n<p data-start=\"581\" data-end=\"623\">\ud83d\udca7 Vandbaseret kl\u00e6bemiddel efterlader ingen stains<\/p>\n<p data-start=\"581\" data-end=\"623\">\u2702\ufe0f Let at rive af og kl\u00e6be p\u00e5 igen langs prikkerne line<\/p>\n<p data-start=\"581\" data-end=\"623\"><img decoding=\"async\" class=\" wp-image-25515 aligncenter\" src=\"https:\/\/keluvo.com\/template\/wp-content\/uploads\/sites\/5\/2025\/06\/1_480x480_5598befb-5e8f-4dc2-987f-380ce2dd72e5.webp\" alt=\"\" width=\"430\" height=\"430\" \/><\/p>\n<h2 style=\"text-align: center;\" data-start=\"677\" data-end=\"698\">\ud83d\udee0\ufe0f S\u00e5dan bruges<\/h2>\n<ol data-start=\"699\" data-end=\"854\">\n<li data-start=\"699\" data-end=\"749\">\n<p data-start=\"702\" data-end=\"749\">Rul rullen af og s\u00e6t den fast p\u00e5 en glat overflade.<\/p>\n<\/li>\n<li data-start=\"750\" data-end=\"804\">\n<p data-start=\"753\" data-end=\"804\">Giv dit barn nogle blyanter, tuscher eller farveblyanter.<\/p>\n<\/li>\n<li data-start=\"805\" data-end=\"854\">\n<p data-start=\"808\" data-end=\"854\">Lad dem tegne, farve og have det sjovt i det uendelige!<\/p>\n<\/li>\n<\/ol>\n<h2 style=\"text-align: center;\" data-start=\"856\" data-end=\"881\">\ud83d\udccf Produktdetaljer<\/h2>\n<ul data-start=\"882\" data-end=\"1038\">\n<li data-start=\"882\" data-end=\"912\">\n<p data-start=\"884\" data-end=\"912\">Dimensioner: 300 cm \u00d7 30 cm<\/p>\n<\/li>\n<li data-start=\"913\" data-end=\"976\">\n<p data-start=\"915\" data-end=\"976\">Tilg\u00e6ngelige temaer: dinosaurer, dyr, prinsesser, transport<\/p>\n<\/li>\n<li data-start=\"977\" data-end=\"1038\">\n<p data-start=\"979\" data-end=\"1038\">Kan farvel\u00e6gges med blyanter, voks, oliekridt eller tuscher<\/p>\n<\/li>\n<\/ul>\n<h2 style=\"text-align: center;\" data-start=\"1040\" data-end=\"1066\">\ud83d\udce6 Pakken indeholder<\/h2>\n<ul data-start=\"1067\" data-end=\"1108\">\n<li data-start=\"1067\" data-end=\"1108\">\n<p data-start=\"1069\" data-end=\"1108\">1x selvkl\u00e6bende farvel\u00e6gningsrulle (3 meter).<\/p>\n<\/li>\n<\/ul>\n","protected":false},"excerpt":{"rendered":"<p>Denne farverulle forvandler v\u00e6gge, gulve eller borde til kreative legeomr\u00e5der for b\u00f8rn. Bare s\u00e6t den fast, farvel\u00e6g, og lad fantasien f\u00e5 frit l\u00f8b! Med sjove temaer som dinosaurer, dyr, transport eller prinsesser holder den de sm\u00e5 besk\u00e6ftiget i timevis &#8211; ingen gentagelser, ingen kedsomhed.<\/p>\n","protected":false},"featured_media":15543,"comment_status":"open","ping_status":"closed","template":"","meta":{"site-sidebar-layout":"default","site-content-layout":"","ast-site-content-layout":"default","site-content-style":"default","site-sidebar-style":"default","ast-global-header-display":"","ast-banner-title-visibility":"","ast-main-header-display":"","ast-hfb-above-header-display":"","ast-hfb-below-header-display":"","ast-hfb-mobile-header-display":"","site-post-title":"","ast-breadcrumbs-content":"","ast-featured-img":"","footer-sml-layout":"","ast-disable-related-posts":"","theme-transparent-header-meta":"default","adv-header-id-meta":"","stick-header-meta":"","header-above-stick-meta":"","header-main-stick-meta":"","header-below-stick-meta":"","astra-migrate-meta-layouts":"set","ast-page-background-enabled":"default","ast-page-background-meta":{"desktop":{"background-color":"var(--ast-global-color-5)","background-image":"","background-repeat":"repeat","background-position":"center center","background-size":"auto","background-attachment":"scroll","background-type":"","background-media":"","overlay-type":"","overlay-color":"","overlay-opacity":"","overlay-gradient":""},"tablet":{"background-color":"","background-image":"","background-repeat":"repeat","background-position":"center center","background-size":"auto","background-attachment":"scroll","background-type":"","background-media":"","overlay-type":"","overlay-color":"","overlay-opacity":"","overlay-gradient":""},"mobile":{"background-color":"","background-image":"","background-repeat":"repeat","background-position":"center center","background-size":"auto","background-attachment":"scroll","background-type":"","background-media":"","overlay-type":"","overlay-color":"","overlay-opacity":"","overlay-gradient":""}},"ast-content-background-meta":{"desktop":{"background-color":"var(--ast-global-color-4)","background-image":"","background-repeat":"repeat","background-position":"center center","background-size":"auto","background-attachment":"scroll","background-type":"","background-media":"","overlay-type":"","overlay-color":"","overlay-opacity":"","overlay-gradient":""},"tablet":{"background-color":"var(--ast-global-color-4)","background-image":"","background-repeat":"repeat","background-position":"center center","background-size":"auto","background-attachment":"scroll","background-type":"","background-media":"","overlay-type":"","overlay-color":"","overlay-opacity":"","overlay-gradient":""},"mobile":{"background-color":"var(--ast-global-color-4)","background-image":"","background-repeat":"repeat","background-position":"center center","background-size":"auto","background-attachment":"scroll","background-type":"","background-media":"","overlay-type":"","overlay-color":"","overlay-opacity":"","overlay-gradient":""}}},"product_brand":[],"product_cat":[172],"product_tag":[],"class_list":{"0":"post-15547","1":"product","2":"type-product","3":"status-publish","4":"has-post-thumbnail","6":"product_cat-legetoej-boerne-og-babyprodukter","7":"pa_21192_pziez5qs-dinosaurer","8":"pa_21192_pziez5qs-dyr","9":"pa_21192_pziez5qs-prinsesser","10":"pa_21192_pziez5qs-transport","11":"desktop-align-left","12":"tablet-align-left","13":"mobile-align-left","15":"first","16":"instock","17":"shipping-taxable","18":"purchasable","19":"product-type-variable"},"yoast_head":"<!-- This site is optimized with the Yoast SEO plugin v27.4 - https:\/\/yoast.com\/product\/yoast-seo-wordpress\/ -->\n<title>Farvel\u00e6gning af rulle - Mekulo DK<\/title>\n<meta name=\"robots\" content=\"index, follow, max-snippet:-1, max-image-preview:large, max-video-preview:-1\" \/>\n<link rel=\"canonical\" href=\"https:\/\/mekulo.com\/dk\/produkt\/farvelaegning-af-rulle\/\" \/>\n<meta property=\"og:locale\" content=\"da_DK\" \/>\n<meta property=\"og:type\" content=\"article\" \/>\n<meta property=\"og:title\" content=\"Farvel\u00e6gning af rulle - Mekulo DK\" \/>\n<meta property=\"og:description\" content=\"Denne farverulle forvandler v\u00e6gge, gulve eller borde til kreative legeomr\u00e5der for b\u00f8rn. Bare s\u00e6t den fast, farvel\u00e6g, og lad fantasien f\u00e5 frit l\u00f8b! Med sjove temaer som dinosaurer, dyr, transport eller prinsesser holder den de sm\u00e5 besk\u00e6ftiget i timevis - ingen gentagelser, ingen kedsomhed.\" \/>\n<meta property=\"og:url\" content=\"https:\/\/mekulo.com\/dk\/produkt\/farvelaegning-af-rulle\/\" \/>\n<meta property=\"og:site_name\" content=\"Mekulo DK\" \/>\n<meta property=\"article:modified_time\" content=\"2026-01-05T18:13:05+00:00\" \/>\n<meta property=\"og:image\" content=\"https:\/\/mekulo.com\/dk\/wp-content\/uploads\/sites\/12\/2026\/01\/hvac21l-1.jpg\" \/>\n\t<meta property=\"og:image:width\" content=\"1080\" \/>\n\t<meta property=\"og:image:height\" content=\"1080\" \/>\n\t<meta property=\"og:image:type\" content=\"image\/jpeg\" \/>\n<meta name=\"twitter:card\" content=\"summary_large_image\" \/>\n<meta name=\"twitter:label1\" content=\"Estimeret l\u00e6setid\" \/>\n\t<meta name=\"twitter:data1\" content=\"2 minutter\" \/>\n<script type=\"application\/ld+json\" class=\"yoast-schema-graph\">{\"@context\":\"https:\\\/\\\/schema.org\",\"@graph\":[{\"@type\":\"WebPage\",\"@id\":\"https:\\\/\\\/mekulo.com\\\/dk\\\/produkt\\\/farvelaegning-af-rulle\\\/\",\"url\":\"https:\\\/\\\/mekulo.com\\\/dk\\\/produkt\\\/farvelaegning-af-rulle\\\/\",\"name\":\"Farvel\u00e6gning af rulle - Mekulo DK\",\"isPartOf\":{\"@id\":\"https:\\\/\\\/mekulo.com\\\/dk\\\/#website\"},\"primaryImageOfPage\":{\"@id\":\"https:\\\/\\\/mekulo.com\\\/dk\\\/produkt\\\/farvelaegning-af-rulle\\\/#primaryimage\"},\"image\":{\"@id\":\"https:\\\/\\\/mekulo.com\\\/dk\\\/produkt\\\/farvelaegning-af-rulle\\\/#primaryimage\"},\"thumbnailUrl\":\"https:\\\/\\\/mekulo.com\\\/dk\\\/wp-content\\\/uploads\\\/sites\\\/12\\\/2026\\\/01\\\/hvac21l-1.jpg\",\"datePublished\":\"2026-01-05T16:06:43+00:00\",\"dateModified\":\"2026-01-05T18:13:05+00:00\",\"breadcrumb\":{\"@id\":\"https:\\\/\\\/mekulo.com\\\/dk\\\/produkt\\\/farvelaegning-af-rulle\\\/#breadcrumb\"},\"inLanguage\":\"da-DK\",\"potentialAction\":[{\"@type\":\"ReadAction\",\"target\":[\"https:\\\/\\\/mekulo.com\\\/dk\\\/produkt\\\/farvelaegning-af-rulle\\\/\"]}]},{\"@type\":\"ImageObject\",\"inLanguage\":\"da-DK\",\"@id\":\"https:\\\/\\\/mekulo.com\\\/dk\\\/produkt\\\/farvelaegning-af-rulle\\\/#primaryimage\",\"url\":\"https:\\\/\\\/mekulo.com\\\/dk\\\/wp-content\\\/uploads\\\/sites\\\/12\\\/2026\\\/01\\\/hvac21l-1.jpg\",\"contentUrl\":\"https:\\\/\\\/mekulo.com\\\/dk\\\/wp-content\\\/uploads\\\/sites\\\/12\\\/2026\\\/01\\\/hvac21l-1.jpg\",\"width\":1080,\"height\":1080},{\"@type\":\"BreadcrumbList\",\"@id\":\"https:\\\/\\\/mekulo.com\\\/dk\\\/produkt\\\/farvelaegning-af-rulle\\\/#breadcrumb\",\"itemListElement\":[{\"@type\":\"ListItem\",\"position\":1,\"name\":\"Home\",\"item\":\"https:\\\/\\\/mekulo.com\\\/dk\\\/\"},{\"@type\":\"ListItem\",\"position\":2,\"name\":\"Butik\",\"item\":\"https:\\\/\\\/mekulo.com\\\/dk\\\/butik\\\/\"},{\"@type\":\"ListItem\",\"position\":3,\"name\":\"Farvel\u00e6gning af rulle\"}]},{\"@type\":\"WebSite\",\"@id\":\"https:\\\/\\\/mekulo.com\\\/dk\\\/#website\",\"url\":\"https:\\\/\\\/mekulo.com\\\/dk\\\/\",\"name\":\"Mekulo DK\",\"description\":\"\",\"publisher\":{\"@id\":\"https:\\\/\\\/mekulo.com\\\/dk\\\/#organization\"},\"potentialAction\":[{\"@type\":\"SearchAction\",\"target\":{\"@type\":\"EntryPoint\",\"urlTemplate\":\"https:\\\/\\\/mekulo.com\\\/dk\\\/?s={search_term_string}\"},\"query-input\":{\"@type\":\"PropertyValueSpecification\",\"valueRequired\":true,\"valueName\":\"search_term_string\"}}],\"inLanguage\":\"da-DK\"},{\"@type\":\"Organization\",\"@id\":\"https:\\\/\\\/mekulo.com\\\/dk\\\/#organization\",\"name\":\"Mekulo\",\"url\":\"https:\\\/\\\/mekulo.com\\\/dk\\\/\",\"logo\":{\"@type\":\"ImageObject\",\"inLanguage\":\"da-DK\",\"@id\":\"https:\\\/\\\/mekulo.com\\\/dk\\\/#\\\/schema\\\/logo\\\/image\\\/\",\"url\":\"https:\\\/\\\/mekulo.com\\\/dk\\\/wp-content\\\/uploads\\\/sites\\\/12\\\/2025\\\/12\\\/favicon_mekulo.png\",\"contentUrl\":\"https:\\\/\\\/mekulo.com\\\/dk\\\/wp-content\\\/uploads\\\/sites\\\/12\\\/2025\\\/12\\\/favicon_mekulo.png\",\"width\":50,\"height\":50,\"caption\":\"Mekulo\"},\"image\":{\"@id\":\"https:\\\/\\\/mekulo.com\\\/dk\\\/#\\\/schema\\\/logo\\\/image\\\/\"}}]}<\/script>\n<!-- \/ Yoast SEO plugin. -->","yoast_head_json":{"title":"Farvel\u00e6gning af rulle - Mekulo DK","robots":{"index":"index","follow":"follow","max-snippet":"max-snippet:-1","max-image-preview":"max-image-preview:large","max-video-preview":"max-video-preview:-1"},"canonical":"https:\/\/mekulo.com\/dk\/produkt\/farvelaegning-af-rulle\/","og_locale":"da_DK","og_type":"article","og_title":"Farvel\u00e6gning af rulle - Mekulo DK","og_description":"Denne farverulle forvandler v\u00e6gge, gulve eller borde til kreative legeomr\u00e5der for b\u00f8rn. Bare s\u00e6t den fast, farvel\u00e6g, og lad fantasien f\u00e5 frit l\u00f8b! Med sjove temaer som dinosaurer, dyr, transport eller prinsesser holder den de sm\u00e5 besk\u00e6ftiget i timevis - ingen gentagelser, ingen kedsomhed.","og_url":"https:\/\/mekulo.com\/dk\/produkt\/farvelaegning-af-rulle\/","og_site_name":"Mekulo DK","article_modified_time":"2026-01-05T18:13:05+00:00","og_image":[{"width":1080,"height":1080,"url":"https:\/\/mekulo.com\/dk\/wp-content\/uploads\/sites\/12\/2026\/01\/hvac21l-1.jpg","type":"image\/jpeg"}],"twitter_card":"summary_large_image","twitter_misc":{"Estimeret l\u00e6setid":"2 minutter"},"schema":{"@context":"https:\/\/schema.org","@graph":[{"@type":"WebPage","@id":"https:\/\/mekulo.com\/dk\/produkt\/farvelaegning-af-rulle\/","url":"https:\/\/mekulo.com\/dk\/produkt\/farvelaegning-af-rulle\/","name":"Farvel\u00e6gning af rulle - Mekulo DK","isPartOf":{"@id":"https:\/\/mekulo.com\/dk\/#website"},"primaryImageOfPage":{"@id":"https:\/\/mekulo.com\/dk\/produkt\/farvelaegning-af-rulle\/#primaryimage"},"image":{"@id":"https:\/\/mekulo.com\/dk\/produkt\/farvelaegning-af-rulle\/#primaryimage"},"thumbnailUrl":"https:\/\/mekulo.com\/dk\/wp-content\/uploads\/sites\/12\/2026\/01\/hvac21l-1.jpg","datePublished":"2026-01-05T16:06:43+00:00","dateModified":"2026-01-05T18:13:05+00:00","breadcrumb":{"@id":"https:\/\/mekulo.com\/dk\/produkt\/farvelaegning-af-rulle\/#breadcrumb"},"inLanguage":"da-DK","potentialAction":[{"@type":"ReadAction","target":["https:\/\/mekulo.com\/dk\/produkt\/farvelaegning-af-rulle\/"]}]},{"@type":"ImageObject","inLanguage":"da-DK","@id":"https:\/\/mekulo.com\/dk\/produkt\/farvelaegning-af-rulle\/#primaryimage","url":"https:\/\/mekulo.com\/dk\/wp-content\/uploads\/sites\/12\/2026\/01\/hvac21l-1.jpg","contentUrl":"https:\/\/mekulo.com\/dk\/wp-content\/uploads\/sites\/12\/2026\/01\/hvac21l-1.jpg","width":1080,"height":1080},{"@type":"BreadcrumbList","@id":"https:\/\/mekulo.com\/dk\/produkt\/farvelaegning-af-rulle\/#breadcrumb","itemListElement":[{"@type":"ListItem","position":1,"name":"Home","item":"https:\/\/mekulo.com\/dk\/"},{"@type":"ListItem","position":2,"name":"Butik","item":"https:\/\/mekulo.com\/dk\/butik\/"},{"@type":"ListItem","position":3,"name":"Farvel\u00e6gning af rulle"}]},{"@type":"WebSite","@id":"https:\/\/mekulo.com\/dk\/#website","url":"https:\/\/mekulo.com\/dk\/","name":"Mekulo DK","description":"","publisher":{"@id":"https:\/\/mekulo.com\/dk\/#organization"},"potentialAction":[{"@type":"SearchAction","target":{"@type":"EntryPoint","urlTemplate":"https:\/\/mekulo.com\/dk\/?s={search_term_string}"},"query-input":{"@type":"PropertyValueSpecification","valueRequired":true,"valueName":"search_term_string"}}],"inLanguage":"da-DK"},{"@type":"Organization","@id":"https:\/\/mekulo.com\/dk\/#organization","name":"Mekulo","url":"https:\/\/mekulo.com\/dk\/","logo":{"@type":"ImageObject","inLanguage":"da-DK","@id":"https:\/\/mekulo.com\/dk\/#\/schema\/logo\/image\/","url":"https:\/\/mekulo.com\/dk\/wp-content\/uploads\/sites\/12\/2025\/12\/favicon_mekulo.png","contentUrl":"https:\/\/mekulo.com\/dk\/wp-content\/uploads\/sites\/12\/2025\/12\/favicon_mekulo.png","width":50,"height":50,"caption":"Mekulo"},"image":{"@id":"https:\/\/mekulo.com\/dk\/#\/schema\/logo\/image\/"}}]}},"_links":{"self":[{"href":"https:\/\/mekulo.com\/dk\/wp-json\/wp\/v2\/product\/15547","targetHints":{"allow":["GET"]}}],"collection":[{"href":"https:\/\/mekulo.com\/dk\/wp-json\/wp\/v2\/product"}],"about":[{"href":"https:\/\/mekulo.com\/dk\/wp-json\/wp\/v2\/types\/product"}],"replies":[{"embeddable":true,"href":"https:\/\/mekulo.com\/dk\/wp-json\/wp\/v2\/comments?post=15547"}],"wp:featuredmedia":[{"embeddable":true,"href":"https:\/\/mekulo.com\/dk\/wp-json\/wp\/v2\/media\/15543"}],"wp:attachment":[{"href":"https:\/\/mekulo.com\/dk\/wp-json\/wp\/v2\/media?parent=15547"}],"wp:term":[{"taxonomy":"product_brand","embeddable":true,"href":"https:\/\/mekulo.com\/dk\/wp-json\/wp\/v2\/product_brand?post=15547"},{"taxonomy":"product_cat","embeddable":true,"href":"https:\/\/mekulo.com\/dk\/wp-json\/wp\/v2\/product_cat?post=15547"},{"taxonomy":"product_tag","embeddable":true,"href":"https:\/\/mekulo.com\/dk\/wp-json\/wp\/v2\/product_tag?post=15547"}],"curies":[{"name":"wp","href":"https:\/\/api.w.org\/{rel}","templated":true}]}}