{"id":15538,"date":"2026-01-05T18:05:18","date_gmt":"2026-01-05T16:05:18","guid":{"rendered":"https:\/\/mekulo.com\/dk\/produkt\/braetspil\/"},"modified":"2026-01-05T20:10:57","modified_gmt":"2026-01-05T18:10:57","slug":"braetspil","status":"publish","type":"product","link":"https:\/\/mekulo.com\/dk\/produkt\/braetspil\/","title":{"rendered":"Br\u00e6tspil"},"content":{"rendered":"<p style=\"text-align: center;\" data-start=\"67\" data-end=\"337\"><strong>Bring sp\u00e6ndingen ved curling til dit bord! \ud83e\udd4c\ud83c\udfaf<\/strong><\/p>\n<p data-start=\"67\" data-end=\"337\"><img decoding=\"async\" class=\"size-full wp-image-25530 aligncenter\" src=\"https:\/\/keluvo.com\/template\/wp-content\/uploads\/sites\/5\/2025\/06\/GIF11.webp\" alt=\"\" \/><\/p>\n<h2 style=\"text-align: center;\" data-start=\"437\" data-end=\"459\">Hovedfordele \ud83d\udcab<\/h2>\n<p data-start=\"462\" data-end=\"507\">\ud83e\udd73 Perfekt til 2-8 spillere &#8211; sjovt for alle aldre<\/p>\n<p data-start=\"510\" data-end=\"559\">\u2728 Realistisk islignende finish for glat spil<\/p>\n<p data-start=\"562\" data-end=\"619\">\ud83e\udde0 Kombinerer strategi, pr\u00e6cision og en smule held<\/p>\n<p data-start=\"622\" data-end=\"682\">\ud83d\udce6 Let og kompakt &#8211; nemt at opbevare og rejse med<\/p>\n<p data-start=\"685\" data-end=\"739\">\ud83c\udf89 Perfekt til spilleaftener, familietid og parties<\/p>\n<p data-start=\"685\" data-end=\"739\"><img decoding=\"async\" class=\"size-full wp-image-25529 aligncenter\" src=\"https:\/\/keluvo.com\/template\/wp-content\/uploads\/sites\/5\/2025\/06\/6_448636cb-8c3f-4490-bb43-ca1406df0a9d_480x480.webp\" alt=\"\" \/><\/p>\n<h2 style=\"text-align: center;\" data-start=\"741\" data-end=\"762\">S\u00e5dan bruges \ud83d\udccc<\/h2>\n<ol data-start=\"763\" data-end=\"934\">\n<li data-start=\"763\" data-end=\"800\">\n<p data-start=\"766\" data-end=\"800\">Rul m\u00e5tten ud p\u00e5 en flad overflade.<\/p>\n<\/li>\n<li data-start=\"801\" data-end=\"832\">\n<p data-start=\"804\" data-end=\"832\">Placer de magnetiske kanter.<\/p>\n<\/li>\n<li data-start=\"833\" data-end=\"885\">\n<p data-start=\"836\" data-end=\"885\">Skiftes til at skubbe stenene mod m\u00e5let.<\/p>\n<\/li>\n<li data-start=\"886\" data-end=\"934\">\n<p data-start=\"889\" data-end=\"934\">Scor og konkurrer &#8211; ligesom rigtig curling!<\/p>\n<\/li>\n<\/ol>\n<h2 style=\"text-align: center;\" data-start=\"936\" data-end=\"961\">Produktdetaljer \ud83d\udccf<\/h2>\n<ul data-start=\"962\" data-end=\"1087\">\n<li data-start=\"962\" data-end=\"991\">\n<p data-start=\"964\" data-end=\"991\">Simulerer olympisk curling<\/p>\n<\/li>\n<li data-start=\"992\" data-end=\"1045\">\n<p data-start=\"994\" data-end=\"1045\">Fleksibelt vinylmateriale med realistisk is-effekt<\/p>\n<\/li>\n<li data-start=\"1046\" data-end=\"1087\">\n<p data-start=\"1048\" data-end=\"1087\">Slidst\u00e6rkt, kompakt og rejsevenligt<\/p>\n<\/li>\n<\/ul>\n<h2 style=\"text-align: center;\" data-start=\"1089\" data-end=\"1115\">Pakken indeholder \ud83d\udce6<\/h2>\n<ul data-start=\"1116\" data-end=\"1230\">\n<li data-start=\"1116\" data-end=\"1133\">\n<p data-start=\"1118\" data-end=\"1133\">1x opbevaringsboks<\/p>\n<\/li>\n<li data-start=\"1134\" data-end=\"1151\">\n<p data-start=\"1136\" data-end=\"1151\">1x curlingm\u00e5tte<\/p>\n<\/li>\n<li data-start=\"1152\" data-end=\"1174\">\n<p data-start=\"1154\" data-end=\"1174\">2x magnetiske kanter<\/p>\n<\/li>\n<li data-start=\"1175\" data-end=\"1192\">\n<p data-start=\"1177\" data-end=\"1192\">4x bl\u00e5 sten<\/p>\n<\/li>\n<li data-start=\"1193\" data-end=\"1212\">\n<p data-start=\"1195\" data-end=\"1212\">4x gule sten<\/p>\n<\/li>\n<li data-start=\"1213\" data-end=\"1230\">\n<p data-start=\"1215\" data-end=\"1230\">1x brugervejledning.<\/p>\n<\/li>\n<\/ul>\n","protected":false},"excerpt":{"rendered":"<p>Dette br\u00e6tspil er den perfekte m\u00e5de at v\u00e6re sammen med familie og venner p\u00e5 &#8211; der er ikke brug for en sk\u00f8jtebane! Den glatte, glidende overflade efterligner \u00e6gte curling og giver dig alt det sjove ved sporten i en kompakt, b\u00e6rbar version. Det er nemt at s\u00e6tte op og sjovt for alle aldre, og det er ideelt til fester, rejser eller underholdning p\u00e5 regnvejrsdage.<\/p>\n","protected":false},"featured_media":15534,"comment_status":"open","ping_status":"closed","template":"","meta":{"site-sidebar-layout":"default","site-content-layout":"","ast-site-content-layout":"default","site-content-style":"default","site-sidebar-style":"default","ast-global-header-display":"","ast-banner-title-visibility":"","ast-main-header-display":"","ast-hfb-above-header-display":"","ast-hfb-below-header-display":"","ast-hfb-mobile-header-display":"","site-post-title":"","ast-breadcrumbs-content":"","ast-featured-img":"","footer-sml-layout":"","ast-disable-related-posts":"","theme-transparent-header-meta":"default","adv-header-id-meta":"","stick-header-meta":"","header-above-stick-meta":"","header-main-stick-meta":"","header-below-stick-meta":"","astra-migrate-meta-layouts":"set","ast-page-background-enabled":"default","ast-page-background-meta":{"desktop":{"background-color":"var(--ast-global-color-5)","background-image":"","background-repeat":"repeat","background-position":"center center","background-size":"auto","background-attachment":"scroll","background-type":"","background-media":"","overlay-type":"","overlay-color":"","overlay-opacity":"","overlay-gradient":""},"tablet":{"background-color":"","background-image":"","background-repeat":"repeat","background-position":"center center","background-size":"auto","background-attachment":"scroll","background-type":"","background-media":"","overlay-type":"","overlay-color":"","overlay-opacity":"","overlay-gradient":""},"mobile":{"background-color":"","background-image":"","background-repeat":"repeat","background-position":"center center","background-size":"auto","background-attachment":"scroll","background-type":"","background-media":"","overlay-type":"","overlay-color":"","overlay-opacity":"","overlay-gradient":""}},"ast-content-background-meta":{"desktop":{"background-color":"var(--ast-global-color-4)","background-image":"","background-repeat":"repeat","background-position":"center center","background-size":"auto","background-attachment":"scroll","background-type":"","background-media":"","overlay-type":"","overlay-color":"","overlay-opacity":"","overlay-gradient":""},"tablet":{"background-color":"var(--ast-global-color-4)","background-image":"","background-repeat":"repeat","background-position":"center center","background-size":"auto","background-attachment":"scroll","background-type":"","background-media":"","overlay-type":"","overlay-color":"","overlay-opacity":"","overlay-gradient":""},"mobile":{"background-color":"var(--ast-global-color-4)","background-image":"","background-repeat":"repeat","background-position":"center center","background-size":"auto","background-attachment":"scroll","background-type":"","background-media":"","overlay-type":"","overlay-color":"","overlay-opacity":"","overlay-gradient":""}}},"product_brand":[],"product_cat":[172],"product_tag":[],"class_list":{"0":"post-15538","1":"product","2":"type-product","3":"status-publish","4":"has-post-thumbnail","6":"product_cat-legetoej-boerne-og-babyprodukter","7":"desktop-align-left","8":"tablet-align-left","9":"mobile-align-left","11":"first","12":"instock","13":"shipping-taxable","14":"purchasable","15":"product-type-simple"},"yoast_head":"<!-- This site is optimized with the Yoast SEO plugin v27.4 - https:\/\/yoast.com\/product\/yoast-seo-wordpress\/ -->\n<title>Br\u00e6tspil - Mekulo DK<\/title>\n<meta name=\"robots\" content=\"index, follow, max-snippet:-1, max-image-preview:large, max-video-preview:-1\" \/>\n<link rel=\"canonical\" href=\"https:\/\/mekulo.com\/dk\/produkt\/braetspil\/\" \/>\n<meta property=\"og:locale\" content=\"da_DK\" \/>\n<meta property=\"og:type\" content=\"article\" \/>\n<meta property=\"og:title\" content=\"Br\u00e6tspil - Mekulo DK\" \/>\n<meta property=\"og:description\" content=\"Dette br\u00e6tspil er den perfekte m\u00e5de at v\u00e6re sammen med familie og venner p\u00e5 - der er ikke brug for en sk\u00f8jtebane! Den glatte, glidende overflade efterligner \u00e6gte curling og giver dig alt det sjove ved sporten i en kompakt, b\u00e6rbar version. Det er nemt at s\u00e6tte op og sjovt for alle aldre, og det er ideelt til fester, rejser eller underholdning p\u00e5 regnvejrsdage.\" \/>\n<meta property=\"og:url\" content=\"https:\/\/mekulo.com\/dk\/produkt\/braetspil\/\" \/>\n<meta property=\"og:site_name\" content=\"Mekulo DK\" \/>\n<meta property=\"article:modified_time\" content=\"2026-01-05T18:10:57+00:00\" \/>\n<meta property=\"og:image\" content=\"https:\/\/mekulo.com\/dk\/wp-content\/uploads\/sites\/12\/2026\/01\/5dxzqpn-1.webp\" \/>\n\t<meta property=\"og:image:width\" content=\"800\" \/>\n\t<meta property=\"og:image:height\" content=\"800\" \/>\n\t<meta property=\"og:image:type\" content=\"image\/webp\" \/>\n<meta name=\"twitter:card\" content=\"summary_large_image\" \/>\n<meta name=\"twitter:label1\" content=\"Estimeret l\u00e6setid\" \/>\n\t<meta name=\"twitter:data1\" content=\"2 minutter\" \/>\n<script type=\"application\/ld+json\" class=\"yoast-schema-graph\">{\"@context\":\"https:\\\/\\\/schema.org\",\"@graph\":[{\"@type\":\"WebPage\",\"@id\":\"https:\\\/\\\/mekulo.com\\\/dk\\\/produkt\\\/braetspil\\\/\",\"url\":\"https:\\\/\\\/mekulo.com\\\/dk\\\/produkt\\\/braetspil\\\/\",\"name\":\"Br\u00e6tspil - Mekulo DK\",\"isPartOf\":{\"@id\":\"https:\\\/\\\/mekulo.com\\\/dk\\\/#website\"},\"primaryImageOfPage\":{\"@id\":\"https:\\\/\\\/mekulo.com\\\/dk\\\/produkt\\\/braetspil\\\/#primaryimage\"},\"image\":{\"@id\":\"https:\\\/\\\/mekulo.com\\\/dk\\\/produkt\\\/braetspil\\\/#primaryimage\"},\"thumbnailUrl\":\"https:\\\/\\\/mekulo.com\\\/dk\\\/wp-content\\\/uploads\\\/sites\\\/12\\\/2026\\\/01\\\/5dxzqpn-1.webp\",\"datePublished\":\"2026-01-05T16:05:18+00:00\",\"dateModified\":\"2026-01-05T18:10:57+00:00\",\"breadcrumb\":{\"@id\":\"https:\\\/\\\/mekulo.com\\\/dk\\\/produkt\\\/braetspil\\\/#breadcrumb\"},\"inLanguage\":\"da-DK\",\"potentialAction\":[{\"@type\":\"ReadAction\",\"target\":[\"https:\\\/\\\/mekulo.com\\\/dk\\\/produkt\\\/braetspil\\\/\"]}]},{\"@type\":\"ImageObject\",\"inLanguage\":\"da-DK\",\"@id\":\"https:\\\/\\\/mekulo.com\\\/dk\\\/produkt\\\/braetspil\\\/#primaryimage\",\"url\":\"https:\\\/\\\/mekulo.com\\\/dk\\\/wp-content\\\/uploads\\\/sites\\\/12\\\/2026\\\/01\\\/5dxzqpn-1.webp\",\"contentUrl\":\"https:\\\/\\\/mekulo.com\\\/dk\\\/wp-content\\\/uploads\\\/sites\\\/12\\\/2026\\\/01\\\/5dxzqpn-1.webp\",\"width\":800,\"height\":800},{\"@type\":\"BreadcrumbList\",\"@id\":\"https:\\\/\\\/mekulo.com\\\/dk\\\/produkt\\\/braetspil\\\/#breadcrumb\",\"itemListElement\":[{\"@type\":\"ListItem\",\"position\":1,\"name\":\"Home\",\"item\":\"https:\\\/\\\/mekulo.com\\\/dk\\\/\"},{\"@type\":\"ListItem\",\"position\":2,\"name\":\"Butik\",\"item\":\"https:\\\/\\\/mekulo.com\\\/dk\\\/butik\\\/\"},{\"@type\":\"ListItem\",\"position\":3,\"name\":\"Br\u00e6tspil\"}]},{\"@type\":\"WebSite\",\"@id\":\"https:\\\/\\\/mekulo.com\\\/dk\\\/#website\",\"url\":\"https:\\\/\\\/mekulo.com\\\/dk\\\/\",\"name\":\"Mekulo DK\",\"description\":\"\",\"publisher\":{\"@id\":\"https:\\\/\\\/mekulo.com\\\/dk\\\/#organization\"},\"potentialAction\":[{\"@type\":\"SearchAction\",\"target\":{\"@type\":\"EntryPoint\",\"urlTemplate\":\"https:\\\/\\\/mekulo.com\\\/dk\\\/?s={search_term_string}\"},\"query-input\":{\"@type\":\"PropertyValueSpecification\",\"valueRequired\":true,\"valueName\":\"search_term_string\"}}],\"inLanguage\":\"da-DK\"},{\"@type\":\"Organization\",\"@id\":\"https:\\\/\\\/mekulo.com\\\/dk\\\/#organization\",\"name\":\"Mekulo\",\"url\":\"https:\\\/\\\/mekulo.com\\\/dk\\\/\",\"logo\":{\"@type\":\"ImageObject\",\"inLanguage\":\"da-DK\",\"@id\":\"https:\\\/\\\/mekulo.com\\\/dk\\\/#\\\/schema\\\/logo\\\/image\\\/\",\"url\":\"https:\\\/\\\/mekulo.com\\\/dk\\\/wp-content\\\/uploads\\\/sites\\\/12\\\/2025\\\/12\\\/favicon_mekulo.png\",\"contentUrl\":\"https:\\\/\\\/mekulo.com\\\/dk\\\/wp-content\\\/uploads\\\/sites\\\/12\\\/2025\\\/12\\\/favicon_mekulo.png\",\"width\":50,\"height\":50,\"caption\":\"Mekulo\"},\"image\":{\"@id\":\"https:\\\/\\\/mekulo.com\\\/dk\\\/#\\\/schema\\\/logo\\\/image\\\/\"}}]}<\/script>\n<!-- \/ Yoast SEO plugin. -->","yoast_head_json":{"title":"Br\u00e6tspil - Mekulo DK","robots":{"index":"index","follow":"follow","max-snippet":"max-snippet:-1","max-image-preview":"max-image-preview:large","max-video-preview":"max-video-preview:-1"},"canonical":"https:\/\/mekulo.com\/dk\/produkt\/braetspil\/","og_locale":"da_DK","og_type":"article","og_title":"Br\u00e6tspil - Mekulo DK","og_description":"Dette br\u00e6tspil er den perfekte m\u00e5de at v\u00e6re sammen med familie og venner p\u00e5 - der er ikke brug for en sk\u00f8jtebane! Den glatte, glidende overflade efterligner \u00e6gte curling og giver dig alt det sjove ved sporten i en kompakt, b\u00e6rbar version. Det er nemt at s\u00e6tte op og sjovt for alle aldre, og det er ideelt til fester, rejser eller underholdning p\u00e5 regnvejrsdage.","og_url":"https:\/\/mekulo.com\/dk\/produkt\/braetspil\/","og_site_name":"Mekulo DK","article_modified_time":"2026-01-05T18:10:57+00:00","og_image":[{"width":800,"height":800,"url":"https:\/\/mekulo.com\/dk\/wp-content\/uploads\/sites\/12\/2026\/01\/5dxzqpn-1.webp","type":"image\/webp"}],"twitter_card":"summary_large_image","twitter_misc":{"Estimeret l\u00e6setid":"2 minutter"},"schema":{"@context":"https:\/\/schema.org","@graph":[{"@type":"WebPage","@id":"https:\/\/mekulo.com\/dk\/produkt\/braetspil\/","url":"https:\/\/mekulo.com\/dk\/produkt\/braetspil\/","name":"Br\u00e6tspil - Mekulo DK","isPartOf":{"@id":"https:\/\/mekulo.com\/dk\/#website"},"primaryImageOfPage":{"@id":"https:\/\/mekulo.com\/dk\/produkt\/braetspil\/#primaryimage"},"image":{"@id":"https:\/\/mekulo.com\/dk\/produkt\/braetspil\/#primaryimage"},"thumbnailUrl":"https:\/\/mekulo.com\/dk\/wp-content\/uploads\/sites\/12\/2026\/01\/5dxzqpn-1.webp","datePublished":"2026-01-05T16:05:18+00:00","dateModified":"2026-01-05T18:10:57+00:00","breadcrumb":{"@id":"https:\/\/mekulo.com\/dk\/produkt\/braetspil\/#breadcrumb"},"inLanguage":"da-DK","potentialAction":[{"@type":"ReadAction","target":["https:\/\/mekulo.com\/dk\/produkt\/braetspil\/"]}]},{"@type":"ImageObject","inLanguage":"da-DK","@id":"https:\/\/mekulo.com\/dk\/produkt\/braetspil\/#primaryimage","url":"https:\/\/mekulo.com\/dk\/wp-content\/uploads\/sites\/12\/2026\/01\/5dxzqpn-1.webp","contentUrl":"https:\/\/mekulo.com\/dk\/wp-content\/uploads\/sites\/12\/2026\/01\/5dxzqpn-1.webp","width":800,"height":800},{"@type":"BreadcrumbList","@id":"https:\/\/mekulo.com\/dk\/produkt\/braetspil\/#breadcrumb","itemListElement":[{"@type":"ListItem","position":1,"name":"Home","item":"https:\/\/mekulo.com\/dk\/"},{"@type":"ListItem","position":2,"name":"Butik","item":"https:\/\/mekulo.com\/dk\/butik\/"},{"@type":"ListItem","position":3,"name":"Br\u00e6tspil"}]},{"@type":"WebSite","@id":"https:\/\/mekulo.com\/dk\/#website","url":"https:\/\/mekulo.com\/dk\/","name":"Mekulo DK","description":"","publisher":{"@id":"https:\/\/mekulo.com\/dk\/#organization"},"potentialAction":[{"@type":"SearchAction","target":{"@type":"EntryPoint","urlTemplate":"https:\/\/mekulo.com\/dk\/?s={search_term_string}"},"query-input":{"@type":"PropertyValueSpecification","valueRequired":true,"valueName":"search_term_string"}}],"inLanguage":"da-DK"},{"@type":"Organization","@id":"https:\/\/mekulo.com\/dk\/#organization","name":"Mekulo","url":"https:\/\/mekulo.com\/dk\/","logo":{"@type":"ImageObject","inLanguage":"da-DK","@id":"https:\/\/mekulo.com\/dk\/#\/schema\/logo\/image\/","url":"https:\/\/mekulo.com\/dk\/wp-content\/uploads\/sites\/12\/2025\/12\/favicon_mekulo.png","contentUrl":"https:\/\/mekulo.com\/dk\/wp-content\/uploads\/sites\/12\/2025\/12\/favicon_mekulo.png","width":50,"height":50,"caption":"Mekulo"},"image":{"@id":"https:\/\/mekulo.com\/dk\/#\/schema\/logo\/image\/"}}]}},"_links":{"self":[{"href":"https:\/\/mekulo.com\/dk\/wp-json\/wp\/v2\/product\/15538","targetHints":{"allow":["GET"]}}],"collection":[{"href":"https:\/\/mekulo.com\/dk\/wp-json\/wp\/v2\/product"}],"about":[{"href":"https:\/\/mekulo.com\/dk\/wp-json\/wp\/v2\/types\/product"}],"replies":[{"embeddable":true,"href":"https:\/\/mekulo.com\/dk\/wp-json\/wp\/v2\/comments?post=15538"}],"wp:featuredmedia":[{"embeddable":true,"href":"https:\/\/mekulo.com\/dk\/wp-json\/wp\/v2\/media\/15534"}],"wp:attachment":[{"href":"https:\/\/mekulo.com\/dk\/wp-json\/wp\/v2\/media?parent=15538"}],"wp:term":[{"taxonomy":"product_brand","embeddable":true,"href":"https:\/\/mekulo.com\/dk\/wp-json\/wp\/v2\/product_brand?post=15538"},{"taxonomy":"product_cat","embeddable":true,"href":"https:\/\/mekulo.com\/dk\/wp-json\/wp\/v2\/product_cat?post=15538"},{"taxonomy":"product_tag","embeddable":true,"href":"https:\/\/mekulo.com\/dk\/wp-json\/wp\/v2\/product_tag?post=15538"}],"curies":[{"name":"wp","href":"https:\/\/api.w.org\/{rel}","templated":true}]}}