{"id":15529,"date":"2026-01-05T18:04:04","date_gmt":"2026-01-05T16:04:04","guid":{"rendered":"https:\/\/mekulo.com\/dk\/produkt\/diy-sysaet-til-boern\/"},"modified":"2026-01-22T17:52:32","modified_gmt":"2026-01-22T15:52:32","slug":"diy-sysaet-til-boern","status":"publish","type":"product","link":"https:\/\/mekulo.com\/dk\/produkt\/diy-sysaet-til-boern\/","title":{"rendered":"DIY-sys\u00e6t til b\u00f8rn"},"content":{"rendered":"<p style=\"text-align: center;\" data-start=\"0\" data-end=\"86\"><strong data-start=\"0\" data-end=\"84\">En sjov og nem m\u00e5de for b\u00f8rn at l\u00e6re at sy og skabe s\u00f8de h\u00e5ndlavede ting. \ud83e\uddf5<\/strong><\/p>\n<p data-start=\"88\" data-end=\"338\"><img decoding=\"async\" class=\"size-full wp-image-41355 aligncenter\" src=\"https:\/\/keluvo.com\/template\/wp-content\/uploads\/sites\/5\/2025\/11\/10223-ezgif.com-video-to-webp-converter-4.webp\" alt=\"\" \/><\/p>\n<h2 style=\"text-align: center;\" data-start=\"345\" data-end=\"367\">Vigtigste fordele \ud83d\udcab<\/h2>\n<p data-start=\"370\" data-end=\"447\">\ud83c\udfa8 \u00d8ger kreativiteten &#8211; Opmuntrer fantasien gennem praktisk h\u00e5ndv\u00e6rk.<\/p>\n<p data-start=\"450\" data-end=\"536\">\u270b Forbedrer finmotorikken &#8211; Hj\u00e6lper med at udvikle h\u00e5nd-\u00f8je-koordination og pr\u00e6cision.<\/p>\n<p data-start=\"539\" data-end=\"615\">\ud83d\udc3b S\u00f8de designs &#8211; Leveres med s\u00f8de dyrem\u00f8nstre, som b\u00f8rn elsker at sy.<\/p>\n<p data-start=\"618\" data-end=\"686\">\ud83c\udf08 Farverige tr\u00e5de &#8211; Giver hvert projekt sjov og lysstyrke.<\/p>\n<p data-start=\"689\" data-end=\"785\">\ud83d\udcd8 Begyndervenlig &#8211; Nemme trin, der g\u00f8r syning enkelt og sjovt for unge elever.<\/p>\n<p data-start=\"689\" data-end=\"785\"><img decoding=\"async\" class=\"size-full wp-image-41356 aligncenter\" src=\"https:\/\/keluvo.com\/template\/wp-content\/uploads\/sites\/5\/2025\/11\/d46d2f0b-6420-4f13-88d4-3f0c91de7175.gif\" alt=\"\" \/><\/p>\n<h2 style=\"text-align: center;\" data-start=\"792\" data-end=\"811\">S\u00e5dan bruges \ud83d\udccc<\/h2>\n<ol data-start=\"812\" data-end=\"1036\">\n<li data-start=\"812\" data-end=\"866\">\n<p data-start=\"815\" data-end=\"866\">V\u00e6lg dit foretrukne dyrem\u00f8nster fra s\u00e6ttet.<\/p>\n<\/li>\n<li data-start=\"867\" data-end=\"911\">\n<p data-start=\"870\" data-end=\"911\">V\u00e6lg de tr\u00e5dfarver, du vil bruge.<\/p>\n<\/li>\n<li data-start=\"912\" data-end=\"981\">\n<p data-start=\"915\" data-end=\"981\">F\u00f8lg de trinvise instruktioner for at sy figurerne sammen.<\/p>\n<\/li>\n<li data-start=\"982\" data-end=\"1036\">\n<p data-start=\"985\" data-end=\"1036\">Afslut din kreation, og nyd dit h\u00e5ndlavede h\u00e5ndv\u00e6rk!<\/p>\n<\/li>\n<\/ol>\n<h2 style=\"text-align: center;\" data-start=\"1043\" data-end=\"1067\">Produktdetaljer \ud83d\udccf<\/h2>\n<ul data-start=\"1068\" data-end=\"1243\">\n<li data-start=\"1068\" data-end=\"1109\">\n<p data-start=\"1070\" data-end=\"1109\">Emballagest\u00f8rrelse: 155 x 190 x 45 mm<\/p>\n<\/li>\n<li data-start=\"1110\" data-end=\"1169\">\n<p data-start=\"1112\" data-end=\"1169\">Designet til: B\u00f8rns h\u00e5ndv\u00e6rk, l\u00e6ring og DIY-sjov<\/p>\n<\/li>\n<li data-start=\"1170\" data-end=\"1243\">\n<p data-start=\"1172\" data-end=\"1243\">Indeholder flere s\u00f8de designskabeloner og farverige symaterialer (sikre for b\u00f8rn)<\/p>\n<\/li>\n<li data-start=\"1170\" data-end=\"1243\">6 s\u00f8de designs i s\u00e6ttet: Hund, fr\u00f8, kanin, kat, bj\u00f8rn, gulerod<\/li>\n<\/ul>\n<h2 style=\"text-align: center;\">\ud83d\udce6 Pakken indeholder<\/h2>\n<ul data-start=\"1276\" data-end=\"1325\" data-is-last-node=\"\" data-is-only-node=\"\">\n<li data-start=\"1276\" data-end=\"1325\" data-is-last-node=\"\">\n<p data-start=\"1278\" data-end=\"1325\" data-is-last-node=\"\">1x sjovt DIY-syningss\u00e6t til b\u00f8rn.<\/p>\n<\/li>\n<\/ul>\n","protected":false},"excerpt":{"rendered":"<p>Dette sjove DIY-syningss\u00e6t til b\u00f8rn introducerer b\u00f8rn til h\u00e5ndv\u00e6rk p\u00e5 en enkel og sp\u00e6ndende m\u00e5de. Med s\u00f8de dyrem\u00f8nstre, farverige tr\u00e5de og nemme instruktioner hj\u00e6lper dette s\u00e6t b\u00f8rn med at opbygge selvtillid, mens de skaber deres helt egne syede mesterv\u00e6rker.<\/p>\n","protected":false},"featured_media":15525,"comment_status":"open","ping_status":"closed","template":"","meta":{"site-sidebar-layout":"default","site-content-layout":"","ast-site-content-layout":"default","site-content-style":"default","site-sidebar-style":"default","ast-global-header-display":"","ast-banner-title-visibility":"","ast-main-header-display":"","ast-hfb-above-header-display":"","ast-hfb-below-header-display":"","ast-hfb-mobile-header-display":"","site-post-title":"","ast-breadcrumbs-content":"","ast-featured-img":"","footer-sml-layout":"","theme-transparent-header-meta":"default","adv-header-id-meta":"","stick-header-meta":"","header-above-stick-meta":"","header-main-stick-meta":"","header-below-stick-meta":"","astra-migrate-meta-layouts":"set","ast-page-background-enabled":"default","ast-page-background-meta":{"desktop":{"background-color":"var(--ast-global-color-5)","background-image":"","background-repeat":"repeat","background-position":"center center","background-size":"auto","background-attachment":"scroll","background-type":"","background-media":"","overlay-type":"","overlay-color":"","overlay-opacity":"","overlay-gradient":""},"tablet":{"background-color":"","background-image":"","background-repeat":"repeat","background-position":"center center","background-size":"auto","background-attachment":"scroll","background-type":"","background-media":"","overlay-type":"","overlay-color":"","overlay-opacity":"","overlay-gradient":""},"mobile":{"background-color":"","background-image":"","background-repeat":"repeat","background-position":"center center","background-size":"auto","background-attachment":"scroll","background-type":"","background-media":"","overlay-type":"","overlay-color":"","overlay-opacity":"","overlay-gradient":""}},"ast-content-background-meta":{"desktop":{"background-color":"var(--ast-global-color-4)","background-image":"","background-repeat":"repeat","background-position":"center center","background-size":"auto","background-attachment":"scroll","background-type":"","background-media":"","overlay-type":"","overlay-color":"","overlay-opacity":"","overlay-gradient":""},"tablet":{"background-color":"var(--ast-global-color-4)","background-image":"","background-repeat":"repeat","background-position":"center center","background-size":"auto","background-attachment":"scroll","background-type":"","background-media":"","overlay-type":"","overlay-color":"","overlay-opacity":"","overlay-gradient":""},"mobile":{"background-color":"var(--ast-global-color-4)","background-image":"","background-repeat":"repeat","background-position":"center center","background-size":"auto","background-attachment":"scroll","background-type":"","background-media":"","overlay-type":"","overlay-color":"","overlay-opacity":"","overlay-gradient":""}}},"product_brand":[],"product_cat":[172],"product_tag":[],"class_list":{"0":"post-15529","1":"product","2":"type-product","3":"status-publish","4":"has-post-thumbnail","6":"product_cat-legetoej-boerne-og-babyprodukter","7":"desktop-align-left","8":"tablet-align-left","9":"mobile-align-left","11":"first","12":"instock","13":"shipping-taxable","14":"purchasable","15":"product-type-simple"},"yoast_head":"<!-- This site is optimized with the Yoast SEO plugin v26.6 - https:\/\/yoast.com\/wordpress\/plugins\/seo\/ -->\n<title>DIY-sys\u00e6t til b\u00f8rn - Mekulo DK<\/title>\n<meta name=\"robots\" content=\"index, follow, max-snippet:-1, max-image-preview:large, max-video-preview:-1\" \/>\n<link rel=\"canonical\" href=\"https:\/\/mekulo.com\/dk\/produkt\/diy-sysaet-til-boern\/\" \/>\n<meta property=\"og:locale\" content=\"da_DK\" \/>\n<meta property=\"og:type\" content=\"article\" \/>\n<meta property=\"og:title\" content=\"DIY-sys\u00e6t til b\u00f8rn - Mekulo DK\" \/>\n<meta property=\"og:description\" content=\"Dette sjove DIY-syningss\u00e6t til b\u00f8rn introducerer b\u00f8rn til h\u00e5ndv\u00e6rk p\u00e5 en enkel og sp\u00e6ndende m\u00e5de. Med s\u00f8de dyrem\u00f8nstre, farverige tr\u00e5de og nemme instruktioner hj\u00e6lper dette s\u00e6t b\u00f8rn med at opbygge selvtillid, mens de skaber deres helt egne syede mesterv\u00e6rker.\" \/>\n<meta property=\"og:url\" content=\"https:\/\/mekulo.com\/dk\/produkt\/diy-sysaet-til-boern\/\" \/>\n<meta property=\"og:site_name\" content=\"Mekulo DK\" \/>\n<meta property=\"article:modified_time\" content=\"2026-01-22T15:52:32+00:00\" \/>\n<meta property=\"og:image\" content=\"https:\/\/mekulo.com\/dk\/wp-content\/uploads\/sites\/12\/2026\/01\/rmncsoi-1.jpg\" \/>\n\t<meta property=\"og:image:width\" content=\"1080\" \/>\n\t<meta property=\"og:image:height\" content=\"1080\" \/>\n\t<meta property=\"og:image:type\" content=\"image\/jpeg\" \/>\n<meta name=\"twitter:card\" content=\"summary_large_image\" \/>\n<meta name=\"twitter:label1\" content=\"Estimeret l\u00e6setid\" \/>\n\t<meta name=\"twitter:data1\" content=\"2 minutter\" \/>\n<script type=\"application\/ld+json\" class=\"yoast-schema-graph\">{\"@context\":\"https:\/\/schema.org\",\"@graph\":[{\"@type\":\"WebPage\",\"@id\":\"https:\/\/mekulo.com\/dk\/produkt\/diy-sysaet-til-boern\/\",\"url\":\"https:\/\/mekulo.com\/dk\/produkt\/diy-sysaet-til-boern\/\",\"name\":\"DIY-sys\u00e6t til b\u00f8rn - Mekulo DK\",\"isPartOf\":{\"@id\":\"https:\/\/mekulo.com\/dk\/#website\"},\"primaryImageOfPage\":{\"@id\":\"https:\/\/mekulo.com\/dk\/produkt\/diy-sysaet-til-boern\/#primaryimage\"},\"image\":{\"@id\":\"https:\/\/mekulo.com\/dk\/produkt\/diy-sysaet-til-boern\/#primaryimage\"},\"thumbnailUrl\":\"https:\/\/mekulo.com\/dk\/wp-content\/uploads\/sites\/12\/2026\/01\/rmncsoi-1.jpg\",\"datePublished\":\"2026-01-05T16:04:04+00:00\",\"dateModified\":\"2026-01-22T15:52:32+00:00\",\"breadcrumb\":{\"@id\":\"https:\/\/mekulo.com\/dk\/produkt\/diy-sysaet-til-boern\/#breadcrumb\"},\"inLanguage\":\"da-DK\",\"potentialAction\":[{\"@type\":\"ReadAction\",\"target\":[\"https:\/\/mekulo.com\/dk\/produkt\/diy-sysaet-til-boern\/\"]}]},{\"@type\":\"ImageObject\",\"inLanguage\":\"da-DK\",\"@id\":\"https:\/\/mekulo.com\/dk\/produkt\/diy-sysaet-til-boern\/#primaryimage\",\"url\":\"https:\/\/mekulo.com\/dk\/wp-content\/uploads\/sites\/12\/2026\/01\/rmncsoi-1.jpg\",\"contentUrl\":\"https:\/\/mekulo.com\/dk\/wp-content\/uploads\/sites\/12\/2026\/01\/rmncsoi-1.jpg\",\"width\":1080,\"height\":1080},{\"@type\":\"BreadcrumbList\",\"@id\":\"https:\/\/mekulo.com\/dk\/produkt\/diy-sysaet-til-boern\/#breadcrumb\",\"itemListElement\":[{\"@type\":\"ListItem\",\"position\":1,\"name\":\"Home\",\"item\":\"https:\/\/mekulo.com\/dk\/\"},{\"@type\":\"ListItem\",\"position\":2,\"name\":\"Butik\",\"item\":\"https:\/\/mekulo.com\/dk\/butik\/\"},{\"@type\":\"ListItem\",\"position\":3,\"name\":\"DIY-sys\u00e6t til b\u00f8rn\"}]},{\"@type\":\"WebSite\",\"@id\":\"https:\/\/mekulo.com\/dk\/#website\",\"url\":\"https:\/\/mekulo.com\/dk\/\",\"name\":\"Mekulo DK\",\"description\":\"\",\"publisher\":{\"@id\":\"https:\/\/mekulo.com\/dk\/#organization\"},\"potentialAction\":[{\"@type\":\"SearchAction\",\"target\":{\"@type\":\"EntryPoint\",\"urlTemplate\":\"https:\/\/mekulo.com\/dk\/?s={search_term_string}\"},\"query-input\":{\"@type\":\"PropertyValueSpecification\",\"valueRequired\":true,\"valueName\":\"search_term_string\"}}],\"inLanguage\":\"da-DK\"},{\"@type\":\"Organization\",\"@id\":\"https:\/\/mekulo.com\/dk\/#organization\",\"name\":\"Mekulo\",\"url\":\"https:\/\/mekulo.com\/dk\/\",\"logo\":{\"@type\":\"ImageObject\",\"inLanguage\":\"da-DK\",\"@id\":\"https:\/\/mekulo.com\/dk\/#\/schema\/logo\/image\/\",\"url\":\"https:\/\/mekulo.com\/dk\/wp-content\/uploads\/sites\/12\/2025\/12\/favicon_mekulo.png\",\"contentUrl\":\"https:\/\/mekulo.com\/dk\/wp-content\/uploads\/sites\/12\/2025\/12\/favicon_mekulo.png\",\"width\":50,\"height\":50,\"caption\":\"Mekulo\"},\"image\":{\"@id\":\"https:\/\/mekulo.com\/dk\/#\/schema\/logo\/image\/\"}}]}<\/script>\n<!-- \/ Yoast SEO plugin. -->","yoast_head_json":{"title":"DIY-sys\u00e6t til b\u00f8rn - Mekulo DK","robots":{"index":"index","follow":"follow","max-snippet":"max-snippet:-1","max-image-preview":"max-image-preview:large","max-video-preview":"max-video-preview:-1"},"canonical":"https:\/\/mekulo.com\/dk\/produkt\/diy-sysaet-til-boern\/","og_locale":"da_DK","og_type":"article","og_title":"DIY-sys\u00e6t til b\u00f8rn - Mekulo DK","og_description":"Dette sjove DIY-syningss\u00e6t til b\u00f8rn introducerer b\u00f8rn til h\u00e5ndv\u00e6rk p\u00e5 en enkel og sp\u00e6ndende m\u00e5de. Med s\u00f8de dyrem\u00f8nstre, farverige tr\u00e5de og nemme instruktioner hj\u00e6lper dette s\u00e6t b\u00f8rn med at opbygge selvtillid, mens de skaber deres helt egne syede mesterv\u00e6rker.","og_url":"https:\/\/mekulo.com\/dk\/produkt\/diy-sysaet-til-boern\/","og_site_name":"Mekulo DK","article_modified_time":"2026-01-22T15:52:32+00:00","og_image":[{"width":1080,"height":1080,"url":"https:\/\/mekulo.com\/dk\/wp-content\/uploads\/sites\/12\/2026\/01\/rmncsoi-1.jpg","type":"image\/jpeg"}],"twitter_card":"summary_large_image","twitter_misc":{"Estimeret l\u00e6setid":"2 minutter"},"schema":{"@context":"https:\/\/schema.org","@graph":[{"@type":"WebPage","@id":"https:\/\/mekulo.com\/dk\/produkt\/diy-sysaet-til-boern\/","url":"https:\/\/mekulo.com\/dk\/produkt\/diy-sysaet-til-boern\/","name":"DIY-sys\u00e6t til b\u00f8rn - Mekulo DK","isPartOf":{"@id":"https:\/\/mekulo.com\/dk\/#website"},"primaryImageOfPage":{"@id":"https:\/\/mekulo.com\/dk\/produkt\/diy-sysaet-til-boern\/#primaryimage"},"image":{"@id":"https:\/\/mekulo.com\/dk\/produkt\/diy-sysaet-til-boern\/#primaryimage"},"thumbnailUrl":"https:\/\/mekulo.com\/dk\/wp-content\/uploads\/sites\/12\/2026\/01\/rmncsoi-1.jpg","datePublished":"2026-01-05T16:04:04+00:00","dateModified":"2026-01-22T15:52:32+00:00","breadcrumb":{"@id":"https:\/\/mekulo.com\/dk\/produkt\/diy-sysaet-til-boern\/#breadcrumb"},"inLanguage":"da-DK","potentialAction":[{"@type":"ReadAction","target":["https:\/\/mekulo.com\/dk\/produkt\/diy-sysaet-til-boern\/"]}]},{"@type":"ImageObject","inLanguage":"da-DK","@id":"https:\/\/mekulo.com\/dk\/produkt\/diy-sysaet-til-boern\/#primaryimage","url":"https:\/\/mekulo.com\/dk\/wp-content\/uploads\/sites\/12\/2026\/01\/rmncsoi-1.jpg","contentUrl":"https:\/\/mekulo.com\/dk\/wp-content\/uploads\/sites\/12\/2026\/01\/rmncsoi-1.jpg","width":1080,"height":1080},{"@type":"BreadcrumbList","@id":"https:\/\/mekulo.com\/dk\/produkt\/diy-sysaet-til-boern\/#breadcrumb","itemListElement":[{"@type":"ListItem","position":1,"name":"Home","item":"https:\/\/mekulo.com\/dk\/"},{"@type":"ListItem","position":2,"name":"Butik","item":"https:\/\/mekulo.com\/dk\/butik\/"},{"@type":"ListItem","position":3,"name":"DIY-sys\u00e6t til b\u00f8rn"}]},{"@type":"WebSite","@id":"https:\/\/mekulo.com\/dk\/#website","url":"https:\/\/mekulo.com\/dk\/","name":"Mekulo DK","description":"","publisher":{"@id":"https:\/\/mekulo.com\/dk\/#organization"},"potentialAction":[{"@type":"SearchAction","target":{"@type":"EntryPoint","urlTemplate":"https:\/\/mekulo.com\/dk\/?s={search_term_string}"},"query-input":{"@type":"PropertyValueSpecification","valueRequired":true,"valueName":"search_term_string"}}],"inLanguage":"da-DK"},{"@type":"Organization","@id":"https:\/\/mekulo.com\/dk\/#organization","name":"Mekulo","url":"https:\/\/mekulo.com\/dk\/","logo":{"@type":"ImageObject","inLanguage":"da-DK","@id":"https:\/\/mekulo.com\/dk\/#\/schema\/logo\/image\/","url":"https:\/\/mekulo.com\/dk\/wp-content\/uploads\/sites\/12\/2025\/12\/favicon_mekulo.png","contentUrl":"https:\/\/mekulo.com\/dk\/wp-content\/uploads\/sites\/12\/2025\/12\/favicon_mekulo.png","width":50,"height":50,"caption":"Mekulo"},"image":{"@id":"https:\/\/mekulo.com\/dk\/#\/schema\/logo\/image\/"}}]}},"_links":{"self":[{"href":"https:\/\/mekulo.com\/dk\/wp-json\/wp\/v2\/product\/15529","targetHints":{"allow":["GET"]}}],"collection":[{"href":"https:\/\/mekulo.com\/dk\/wp-json\/wp\/v2\/product"}],"about":[{"href":"https:\/\/mekulo.com\/dk\/wp-json\/wp\/v2\/types\/product"}],"replies":[{"embeddable":true,"href":"https:\/\/mekulo.com\/dk\/wp-json\/wp\/v2\/comments?post=15529"}],"wp:featuredmedia":[{"embeddable":true,"href":"https:\/\/mekulo.com\/dk\/wp-json\/wp\/v2\/media\/15525"}],"wp:attachment":[{"href":"https:\/\/mekulo.com\/dk\/wp-json\/wp\/v2\/media?parent=15529"}],"wp:term":[{"taxonomy":"product_brand","embeddable":true,"href":"https:\/\/mekulo.com\/dk\/wp-json\/wp\/v2\/product_brand?post=15529"},{"taxonomy":"product_cat","embeddable":true,"href":"https:\/\/mekulo.com\/dk\/wp-json\/wp\/v2\/product_cat?post=15529"},{"taxonomy":"product_tag","embeddable":true,"href":"https:\/\/mekulo.com\/dk\/wp-json\/wp\/v2\/product_tag?post=15529"}],"curies":[{"name":"wp","href":"https:\/\/api.w.org\/{rel}","templated":true}]}}