{"id":15498,"date":"2026-01-05T17:59:39","date_gmt":"2026-01-05T15:59:39","guid":{"rendered":"https:\/\/mekulo.com\/dk\/produkt\/kit-til-diamantmaling\/"},"modified":"2026-03-02T12:30:05","modified_gmt":"2026-03-02T10:30:05","slug":"kit-til-diamantmaling","status":"publish","type":"product","link":"https:\/\/mekulo.com\/dk\/produkt\/kit-til-diamantmaling\/","title":{"rendered":"Kit til diamantmaling"},"content":{"rendered":"<p style=\"text-align: center;\" data-start=\"90\" data-end=\"121\"><strong>S\u00f8de 3D-diamantmalingsstickers, tilf\u00f8j farve og sjov til dit barns verden \ud83c\udfa8\u2728<\/strong><img decoding=\"async\" class=\"size-full wp-image-36696 aligncenter\" src=\"https:\/\/keluvo.com\/template\/wp-content\/uploads\/sites\/5\/2025\/10\/0b32e5e71106be179562433fae4f8450df41c4ed822a69ab7b7e43d29c1dd22f.webp\" alt=\"\" \/><\/p>\n<h2 style=\"text-align: center;\" data-start=\"324\" data-end=\"346\">Hovedfordele \ud83c\udf08<\/h2>\n<p data-start=\"349\" data-end=\"420\">\ud83e\udd84 Sjov og kreativ leg &#8211; b\u00f8rn kan blande og matche endel\u00f8se designs<\/p>\n<p data-start=\"423\" data-end=\"490\">\ud83d\udc76 Sikker og genanvendelig &#8211; lavet af bl\u00f8dt, ikke-giftigt gelmateriale<\/p>\n<p data-start=\"493\" data-end=\"561\">\ud83c\udfe0 Kl\u00e6ber overalt &#8211; vinduer, k\u00f8leskabe, v\u00e6gge, borde og meget mere<\/p>\n<p data-start=\"564\" data-end=\"635\">\ud83d\ude97 Perfekt til rejser &#8211; holder sm\u00e5 h\u00e6nder besk\u00e6ftiget og sindet i gang<\/p>\n<p data-start=\"638\" data-end=\"715\">\ud83c\udf81 Ideel gaveid\u00e9 &#8211; god overraskelse til f\u00f8dselsdage, fester eller ferier<\/p>\n<p data-start=\"638\" data-end=\"715\"><img fetchpriority=\"high\" decoding=\"async\" class=\"size-full wp-image-36695 aligncenter\" src=\"https:\/\/keluvo.com\/template\/wp-content\/uploads\/sites\/5\/2025\/10\/ad886ce54bb726a0e704c493a05b113d2b877326f3e0d85b6f81d2a0749969c1.webp\" alt=\"\" width=\"480\" height=\"480\" \/><\/p>\n<h2 style=\"text-align: center;\" data-start=\"722\" data-end=\"742\">S\u00e5dan bruges \ud83d\udee0\ufe0f<\/h2>\n<ol data-start=\"743\" data-end=\"908\">\n<li data-start=\"743\" data-end=\"793\">\n<p data-start=\"746\" data-end=\"793\">V\u00e6lge dine yndlingsklisterm\u00e6rker fra arket.<\/p>\n<\/li>\n<li data-start=\"794\" data-end=\"848\">\n<p data-start=\"797\" data-end=\"848\">Tr\u00e6k dem forsigtigt af og s\u00e6t dem p\u00e5 en hvilken som helst glat overflade.<\/p>\n<\/li>\n<li data-start=\"849\" data-end=\"908\">\n<p data-start=\"852\" data-end=\"908\">Flyt, fjern og genbrug n\u00e5r som helst &#8211; intet rod, ingen rester!<\/p>\n<\/li>\n<\/ol>\n<h2 style=\"text-align: center;\" data-start=\"915\" data-end=\"939\">Produktdetaljer \ud83d\udccf<\/h2>\n<ul>\n<li>M\u00e6ngde: 18-25 stikere pr. pakke (varierer efter stilart)<\/li>\n<li><span dir=\"auto\">Materiale: Milj\u00f8venlig harpiks<\/span><\/li>\n<li>Stilarter: Enhj\u00f8rning (23 klisterm\u00e6rker), Hav (21 klisterm\u00e6rker), Alpaka (20 klisterm\u00e6rker), Dinosaurer (18 klisterm\u00e6rker), Firmament (20 klisterm\u00e6rker), Have (25 klisterm\u00e6rker)<\/li>\n<li>Velegnet til: b\u00f8rn i alderen 5+<\/li>\n<\/ul>\n<h2 style=\"text-align: center;\" data-start=\"1154\" data-end=\"1179\">Pakken indeholder \ud83d\udce6<\/h2>\n<ul data-start=\"1180\" data-end=\"1236\">\n<li data-start=\"1180\" data-end=\"1236\">\n<p data-start=\"1182\" data-end=\"1236\">1x diamantmalekit (dit valgte tema).<\/p>\n<\/li>\n<\/ul>\n","protected":false},"excerpt":{"rendered":"<p style=\"text-align: left;\" data-start=\"90\" data-end=\"121\">Med disse s\u00f8de 3D-diamantmaleklisterm\u00e6rker kan b\u00f8rn dekorere, skabe og lege, mens de forbedrer deres kreativitet og fokus &#8211; perfekt til hjemmet, skolen eller p\u00e5 rejsen!<\/p>\n<p data-start=\"90\" data-end=\"121\">\n","protected":false},"featured_media":15494,"comment_status":"open","ping_status":"closed","template":"","meta":{"site-sidebar-layout":"default","site-content-layout":"","ast-site-content-layout":"default","site-content-style":"default","site-sidebar-style":"default","ast-global-header-display":"","ast-banner-title-visibility":"","ast-main-header-display":"","ast-hfb-above-header-display":"","ast-hfb-below-header-display":"","ast-hfb-mobile-header-display":"","site-post-title":"","ast-breadcrumbs-content":"","ast-featured-img":"","footer-sml-layout":"","ast-disable-related-posts":"","theme-transparent-header-meta":"default","adv-header-id-meta":"","stick-header-meta":"","header-above-stick-meta":"","header-main-stick-meta":"","header-below-stick-meta":"","astra-migrate-meta-layouts":"set","ast-page-background-enabled":"default","ast-page-background-meta":{"desktop":{"background-color":"var(--ast-global-color-5)","background-image":"","background-repeat":"repeat","background-position":"center center","background-size":"auto","background-attachment":"scroll","background-type":"","background-media":"","overlay-type":"","overlay-color":"","overlay-opacity":"","overlay-gradient":""},"tablet":{"background-color":"","background-image":"","background-repeat":"repeat","background-position":"center center","background-size":"auto","background-attachment":"scroll","background-type":"","background-media":"","overlay-type":"","overlay-color":"","overlay-opacity":"","overlay-gradient":""},"mobile":{"background-color":"","background-image":"","background-repeat":"repeat","background-position":"center center","background-size":"auto","background-attachment":"scroll","background-type":"","background-media":"","overlay-type":"","overlay-color":"","overlay-opacity":"","overlay-gradient":""}},"ast-content-background-meta":{"desktop":{"background-color":"var(--ast-global-color-4)","background-image":"","background-repeat":"repeat","background-position":"center center","background-size":"auto","background-attachment":"scroll","background-type":"","background-media":"","overlay-type":"","overlay-color":"","overlay-opacity":"","overlay-gradient":""},"tablet":{"background-color":"var(--ast-global-color-4)","background-image":"","background-repeat":"repeat","background-position":"center center","background-size":"auto","background-attachment":"scroll","background-type":"","background-media":"","overlay-type":"","overlay-color":"","overlay-opacity":"","overlay-gradient":""},"mobile":{"background-color":"var(--ast-global-color-4)","background-image":"","background-repeat":"repeat","background-position":"center center","background-size":"auto","background-attachment":"scroll","background-type":"","background-media":"","overlay-type":"","overlay-color":"","overlay-opacity":"","overlay-gradient":""}}},"product_brand":[],"product_cat":[172],"product_tag":[],"class_list":{"0":"post-15498","1":"product","2":"type-product","3":"status-publish","4":"has-post-thumbnail","6":"product_cat-legetoej-boerne-og-babyprodukter","7":"pa_36517_c046urxw-alpaka","8":"pa_36517_c046urxw-dinosaurer","9":"pa_36517_c046urxw-enhjoerning","10":"pa_36517_c046urxw-firmament","11":"pa_36517_c046urxw-have","12":"pa_36517_c046urxw-havet","13":"desktop-align-left","14":"tablet-align-left","15":"mobile-align-left","17":"first","18":"instock","19":"shipping-taxable","20":"purchasable","21":"product-type-variable"},"yoast_head":"<!-- This site is optimized with the Yoast SEO plugin v27.4 - https:\/\/yoast.com\/product\/yoast-seo-wordpress\/ -->\n<title>Kit til diamantmaling - Mekulo DK<\/title>\n<meta name=\"robots\" content=\"index, follow, max-snippet:-1, max-image-preview:large, max-video-preview:-1\" \/>\n<link rel=\"canonical\" href=\"https:\/\/mekulo.com\/dk\/produkt\/kit-til-diamantmaling\/\" \/>\n<meta property=\"og:locale\" content=\"da_DK\" \/>\n<meta property=\"og:type\" content=\"article\" \/>\n<meta property=\"og:title\" content=\"Kit til diamantmaling - Mekulo DK\" \/>\n<meta property=\"og:description\" content=\"Med disse s\u00f8de 3D-diamantmaleklisterm\u00e6rker kan b\u00f8rn dekorere, skabe og lege, mens de forbedrer deres kreativitet og fokus - perfekt til hjemmet, skolen eller p\u00e5 rejsen!\" \/>\n<meta property=\"og:url\" content=\"https:\/\/mekulo.com\/dk\/produkt\/kit-til-diamantmaling\/\" \/>\n<meta property=\"og:site_name\" content=\"Mekulo DK\" \/>\n<meta property=\"article:modified_time\" content=\"2026-03-02T10:30:05+00:00\" \/>\n<meta property=\"og:image\" content=\"https:\/\/mekulo.com\/dk\/wp-content\/uploads\/sites\/12\/2026\/01\/4fbw9gb-1.webp\" \/>\n\t<meta property=\"og:image:width\" content=\"720\" \/>\n\t<meta property=\"og:image:height\" content=\"720\" \/>\n\t<meta property=\"og:image:type\" content=\"image\/webp\" \/>\n<meta name=\"twitter:card\" content=\"summary_large_image\" \/>\n<meta name=\"twitter:label1\" content=\"Estimeret l\u00e6setid\" \/>\n\t<meta name=\"twitter:data1\" content=\"2 minutter\" \/>\n<script type=\"application\/ld+json\" class=\"yoast-schema-graph\">{\"@context\":\"https:\\\/\\\/schema.org\",\"@graph\":[{\"@type\":\"WebPage\",\"@id\":\"https:\\\/\\\/mekulo.com\\\/dk\\\/produkt\\\/kit-til-diamantmaling\\\/\",\"url\":\"https:\\\/\\\/mekulo.com\\\/dk\\\/produkt\\\/kit-til-diamantmaling\\\/\",\"name\":\"Kit til diamantmaling - Mekulo DK\",\"isPartOf\":{\"@id\":\"https:\\\/\\\/mekulo.com\\\/dk\\\/#website\"},\"primaryImageOfPage\":{\"@id\":\"https:\\\/\\\/mekulo.com\\\/dk\\\/produkt\\\/kit-til-diamantmaling\\\/#primaryimage\"},\"image\":{\"@id\":\"https:\\\/\\\/mekulo.com\\\/dk\\\/produkt\\\/kit-til-diamantmaling\\\/#primaryimage\"},\"thumbnailUrl\":\"https:\\\/\\\/mekulo.com\\\/dk\\\/wp-content\\\/uploads\\\/sites\\\/12\\\/2026\\\/01\\\/4fbw9gb-1.webp\",\"datePublished\":\"2026-01-05T15:59:39+00:00\",\"dateModified\":\"2026-03-02T10:30:05+00:00\",\"breadcrumb\":{\"@id\":\"https:\\\/\\\/mekulo.com\\\/dk\\\/produkt\\\/kit-til-diamantmaling\\\/#breadcrumb\"},\"inLanguage\":\"da-DK\",\"potentialAction\":[{\"@type\":\"ReadAction\",\"target\":[\"https:\\\/\\\/mekulo.com\\\/dk\\\/produkt\\\/kit-til-diamantmaling\\\/\"]}]},{\"@type\":\"ImageObject\",\"inLanguage\":\"da-DK\",\"@id\":\"https:\\\/\\\/mekulo.com\\\/dk\\\/produkt\\\/kit-til-diamantmaling\\\/#primaryimage\",\"url\":\"https:\\\/\\\/mekulo.com\\\/dk\\\/wp-content\\\/uploads\\\/sites\\\/12\\\/2026\\\/01\\\/4fbw9gb-1.webp\",\"contentUrl\":\"https:\\\/\\\/mekulo.com\\\/dk\\\/wp-content\\\/uploads\\\/sites\\\/12\\\/2026\\\/01\\\/4fbw9gb-1.webp\",\"width\":720,\"height\":720},{\"@type\":\"BreadcrumbList\",\"@id\":\"https:\\\/\\\/mekulo.com\\\/dk\\\/produkt\\\/kit-til-diamantmaling\\\/#breadcrumb\",\"itemListElement\":[{\"@type\":\"ListItem\",\"position\":1,\"name\":\"Home\",\"item\":\"https:\\\/\\\/mekulo.com\\\/dk\\\/\"},{\"@type\":\"ListItem\",\"position\":2,\"name\":\"Butik\",\"item\":\"https:\\\/\\\/mekulo.com\\\/dk\\\/butik\\\/\"},{\"@type\":\"ListItem\",\"position\":3,\"name\":\"Kit til diamantmaling\"}]},{\"@type\":\"WebSite\",\"@id\":\"https:\\\/\\\/mekulo.com\\\/dk\\\/#website\",\"url\":\"https:\\\/\\\/mekulo.com\\\/dk\\\/\",\"name\":\"Mekulo DK\",\"description\":\"\",\"publisher\":{\"@id\":\"https:\\\/\\\/mekulo.com\\\/dk\\\/#organization\"},\"potentialAction\":[{\"@type\":\"SearchAction\",\"target\":{\"@type\":\"EntryPoint\",\"urlTemplate\":\"https:\\\/\\\/mekulo.com\\\/dk\\\/?s={search_term_string}\"},\"query-input\":{\"@type\":\"PropertyValueSpecification\",\"valueRequired\":true,\"valueName\":\"search_term_string\"}}],\"inLanguage\":\"da-DK\"},{\"@type\":\"Organization\",\"@id\":\"https:\\\/\\\/mekulo.com\\\/dk\\\/#organization\",\"name\":\"Mekulo\",\"url\":\"https:\\\/\\\/mekulo.com\\\/dk\\\/\",\"logo\":{\"@type\":\"ImageObject\",\"inLanguage\":\"da-DK\",\"@id\":\"https:\\\/\\\/mekulo.com\\\/dk\\\/#\\\/schema\\\/logo\\\/image\\\/\",\"url\":\"https:\\\/\\\/mekulo.com\\\/dk\\\/wp-content\\\/uploads\\\/sites\\\/12\\\/2025\\\/12\\\/favicon_mekulo.png\",\"contentUrl\":\"https:\\\/\\\/mekulo.com\\\/dk\\\/wp-content\\\/uploads\\\/sites\\\/12\\\/2025\\\/12\\\/favicon_mekulo.png\",\"width\":50,\"height\":50,\"caption\":\"Mekulo\"},\"image\":{\"@id\":\"https:\\\/\\\/mekulo.com\\\/dk\\\/#\\\/schema\\\/logo\\\/image\\\/\"}}]}<\/script>\n<!-- \/ Yoast SEO plugin. -->","yoast_head_json":{"title":"Kit til diamantmaling - Mekulo DK","robots":{"index":"index","follow":"follow","max-snippet":"max-snippet:-1","max-image-preview":"max-image-preview:large","max-video-preview":"max-video-preview:-1"},"canonical":"https:\/\/mekulo.com\/dk\/produkt\/kit-til-diamantmaling\/","og_locale":"da_DK","og_type":"article","og_title":"Kit til diamantmaling - Mekulo DK","og_description":"Med disse s\u00f8de 3D-diamantmaleklisterm\u00e6rker kan b\u00f8rn dekorere, skabe og lege, mens de forbedrer deres kreativitet og fokus - perfekt til hjemmet, skolen eller p\u00e5 rejsen!","og_url":"https:\/\/mekulo.com\/dk\/produkt\/kit-til-diamantmaling\/","og_site_name":"Mekulo DK","article_modified_time":"2026-03-02T10:30:05+00:00","og_image":[{"width":720,"height":720,"url":"https:\/\/mekulo.com\/dk\/wp-content\/uploads\/sites\/12\/2026\/01\/4fbw9gb-1.webp","type":"image\/webp"}],"twitter_card":"summary_large_image","twitter_misc":{"Estimeret l\u00e6setid":"2 minutter"},"schema":{"@context":"https:\/\/schema.org","@graph":[{"@type":"WebPage","@id":"https:\/\/mekulo.com\/dk\/produkt\/kit-til-diamantmaling\/","url":"https:\/\/mekulo.com\/dk\/produkt\/kit-til-diamantmaling\/","name":"Kit til diamantmaling - Mekulo DK","isPartOf":{"@id":"https:\/\/mekulo.com\/dk\/#website"},"primaryImageOfPage":{"@id":"https:\/\/mekulo.com\/dk\/produkt\/kit-til-diamantmaling\/#primaryimage"},"image":{"@id":"https:\/\/mekulo.com\/dk\/produkt\/kit-til-diamantmaling\/#primaryimage"},"thumbnailUrl":"https:\/\/mekulo.com\/dk\/wp-content\/uploads\/sites\/12\/2026\/01\/4fbw9gb-1.webp","datePublished":"2026-01-05T15:59:39+00:00","dateModified":"2026-03-02T10:30:05+00:00","breadcrumb":{"@id":"https:\/\/mekulo.com\/dk\/produkt\/kit-til-diamantmaling\/#breadcrumb"},"inLanguage":"da-DK","potentialAction":[{"@type":"ReadAction","target":["https:\/\/mekulo.com\/dk\/produkt\/kit-til-diamantmaling\/"]}]},{"@type":"ImageObject","inLanguage":"da-DK","@id":"https:\/\/mekulo.com\/dk\/produkt\/kit-til-diamantmaling\/#primaryimage","url":"https:\/\/mekulo.com\/dk\/wp-content\/uploads\/sites\/12\/2026\/01\/4fbw9gb-1.webp","contentUrl":"https:\/\/mekulo.com\/dk\/wp-content\/uploads\/sites\/12\/2026\/01\/4fbw9gb-1.webp","width":720,"height":720},{"@type":"BreadcrumbList","@id":"https:\/\/mekulo.com\/dk\/produkt\/kit-til-diamantmaling\/#breadcrumb","itemListElement":[{"@type":"ListItem","position":1,"name":"Home","item":"https:\/\/mekulo.com\/dk\/"},{"@type":"ListItem","position":2,"name":"Butik","item":"https:\/\/mekulo.com\/dk\/butik\/"},{"@type":"ListItem","position":3,"name":"Kit til diamantmaling"}]},{"@type":"WebSite","@id":"https:\/\/mekulo.com\/dk\/#website","url":"https:\/\/mekulo.com\/dk\/","name":"Mekulo DK","description":"","publisher":{"@id":"https:\/\/mekulo.com\/dk\/#organization"},"potentialAction":[{"@type":"SearchAction","target":{"@type":"EntryPoint","urlTemplate":"https:\/\/mekulo.com\/dk\/?s={search_term_string}"},"query-input":{"@type":"PropertyValueSpecification","valueRequired":true,"valueName":"search_term_string"}}],"inLanguage":"da-DK"},{"@type":"Organization","@id":"https:\/\/mekulo.com\/dk\/#organization","name":"Mekulo","url":"https:\/\/mekulo.com\/dk\/","logo":{"@type":"ImageObject","inLanguage":"da-DK","@id":"https:\/\/mekulo.com\/dk\/#\/schema\/logo\/image\/","url":"https:\/\/mekulo.com\/dk\/wp-content\/uploads\/sites\/12\/2025\/12\/favicon_mekulo.png","contentUrl":"https:\/\/mekulo.com\/dk\/wp-content\/uploads\/sites\/12\/2025\/12\/favicon_mekulo.png","width":50,"height":50,"caption":"Mekulo"},"image":{"@id":"https:\/\/mekulo.com\/dk\/#\/schema\/logo\/image\/"}}]}},"_links":{"self":[{"href":"https:\/\/mekulo.com\/dk\/wp-json\/wp\/v2\/product\/15498","targetHints":{"allow":["GET"]}}],"collection":[{"href":"https:\/\/mekulo.com\/dk\/wp-json\/wp\/v2\/product"}],"about":[{"href":"https:\/\/mekulo.com\/dk\/wp-json\/wp\/v2\/types\/product"}],"replies":[{"embeddable":true,"href":"https:\/\/mekulo.com\/dk\/wp-json\/wp\/v2\/comments?post=15498"}],"wp:featuredmedia":[{"embeddable":true,"href":"https:\/\/mekulo.com\/dk\/wp-json\/wp\/v2\/media\/15494"}],"wp:attachment":[{"href":"https:\/\/mekulo.com\/dk\/wp-json\/wp\/v2\/media?parent=15498"}],"wp:term":[{"taxonomy":"product_brand","embeddable":true,"href":"https:\/\/mekulo.com\/dk\/wp-json\/wp\/v2\/product_brand?post=15498"},{"taxonomy":"product_cat","embeddable":true,"href":"https:\/\/mekulo.com\/dk\/wp-json\/wp\/v2\/product_cat?post=15498"},{"taxonomy":"product_tag","embeddable":true,"href":"https:\/\/mekulo.com\/dk\/wp-json\/wp\/v2\/product_tag?post=15498"}],"curies":[{"name":"wp","href":"https:\/\/api.w.org\/{rel}","templated":true}]}}