{"id":15413,"date":"2026-01-05T17:49:43","date_gmt":"2026-01-05T15:49:43","guid":{"rendered":"https:\/\/mekulo.com\/dk\/produkt\/multifunktionel-taske\/"},"modified":"2026-02-03T18:30:38","modified_gmt":"2026-02-03T16:30:38","slug":"multifunktionel-taske","status":"publish","type":"product","link":"https:\/\/mekulo.com\/dk\/produkt\/multifunktionel-taske\/","title":{"rendered":"Multifunktionel taske"},"content":{"rendered":"<p style=\"text-align: center\" data-start=\"103\" data-end=\"182\"><strong>B\u00e6r din b\u00e6rbare computer, frokost og andre vigtige ting i en stilfuld, multifunktionel taske. \ud83d\udc5c<\/strong><\/p>\n<p data-start=\"184\" data-end=\"421\"><img fetchpriority=\"high\" decoding=\"async\" class=\"size-full wp-image-42497 aligncenter\" src=\"https:\/\/keluvo.com\/template\/wp-content\/uploads\/sites\/5\/2025\/11\/10222-ezgif.com-video-to-webp-converter-6.webp\" alt=\"\" width=\"500\" height=\"500\" \/><\/p>\n<h2 style=\"text-align: center\">\u2b50 Hovedfordele<\/h2>\n<p data-start=\"449\" data-end=\"1117\">\ud83d\udc5c 2-i-1 konvertibelt design &#8211; Skift fra en almindelig taske til en madpakke p\u00e5 f\u00e5 sekunder.<\/p>\n<p data-start=\"449\" data-end=\"1117\">\u2744\ufe0f Isoleret og l\u00e6kagesikkert madpakkerum &#8211; Holder maden frisk, varm i op til 5 timer eller k\u00f8lig i 10+ timer med isposer.<\/p>\n<p data-start=\"449\" data-end=\"1117\">\ud83d\udcbb Passer til 15.6&#8243; b\u00e6rbare computere &#8211; Polstret rum holder din teknologi sikker.<\/p>\n<p data-start=\"449\" data-end=\"1117\">\ud83c\udf92 Organiseret interi\u00f8r &#8211; Flere lommer til opladere, b\u00f8ger, iPad, dokumenter, snacks og meget mere.<\/p>\n<p data-start=\"449\" data-end=\"1117\">\ud83d\udeab Tyverisikret baglomme &#8211; Beskytter din telefon, pung eller pas, n\u00e5r du rejser.<\/p>\n<p data-start=\"449\" data-end=\"1117\">\ud83d\udca6 Vandafvisende og smudsafvisende &#8211; Nem at reng\u00f8re og lavet til at klare travle dage.<\/p>\n<p data-start=\"449\" data-end=\"1117\">\u2728 Luksus quiltet design &#8211; Stilfuldt, professionelt og perfekt til enhver lejlighed.<\/p>\n<p data-start=\"449\" data-end=\"1117\"><img decoding=\"async\" class=\"size-full wp-image-42498 aligncenter\" src=\"https:\/\/keluvo.com\/template\/wp-content\/uploads\/sites\/5\/2025\/11\/a5fa80046cecebd561bf9e993ea577603622b11a.gif\" alt=\"\" width=\"720\" height=\"1280\" \/><\/p>\n<h2 style=\"text-align: center\" data-start=\"1124\" data-end=\"1142\">\ud83d\udd27 S\u00e5dan Bruges<\/h2>\n<ol data-start=\"1143\" data-end=\"1546\">\n<li data-start=\"1143\" data-end=\"1217\">\n<p data-start=\"1146\" data-end=\"1217\">\u00c5bn hovedlynl\u00e5sen, og l\u00e6g din b\u00e6rbare computer i det polstrede rum.<\/p>\n<\/li>\n<li data-start=\"1218\" data-end=\"1299\">\n<p data-start=\"1221\" data-end=\"1299\">Brug den foldbare skillev\u00e6g til at adskille dine arbejdsgenstande fra frokostsektionen.<\/p>\n<\/li>\n<li data-start=\"1300\" data-end=\"1399\">\n<p data-start=\"1303\" data-end=\"1399\">\u00c5bn det nederste isolerede rum, og l\u00e6g dine madbeholdere, snacks eller drikkevarer i.<\/p>\n<\/li>\n<li data-start=\"1400\" data-end=\"1476\">\n<p data-start=\"1403\" data-end=\"1476\">Lyn det hele godt til, og juster stropperne, s\u00e5 det er behageligt at b\u00e6re.<\/p>\n<\/li>\n<li data-start=\"1477\" data-end=\"1546\">\n<p data-start=\"1480\" data-end=\"1546\">Brug den tyverisikrede baglomme til at opbevare v\u00e6rdigenstande, mens du rejser.<\/p>\n<\/li>\n<\/ol>\n<h2 style=\"text-align: center\" data-start=\"1553\" data-end=\"1576\">\ud83d\udccf Produktdetaljer<\/h2>\n<ul data-start=\"1577\" data-end=\"2193\">\n<li data-start=\"1577\" data-end=\"1641\">\n<p data-start=\"1579\" data-end=\"1641\">Materiale: Quiltet, vandafvisende og reng\u00f8ringsvenligt stof<\/p>\n<\/li>\n<li data-start=\"1642\" data-end=\"1689\">\n<p data-start=\"1644\" data-end=\"1689\">Laptop-st\u00f8rrelse: Passer til b\u00e6rbare computere p\u00e5 op til 15,6 tommer<\/p>\n<\/li>\n<li data-start=\"1690\" data-end=\"1750\">\n<p data-start=\"1692\" data-end=\"1750\">Lunchrum: Isoleret, l\u00e6kagesikkert og vandt\u00e6t<\/p>\n<\/li>\n<li data-start=\"1751\" data-end=\"1859\">\n<p data-start=\"1753\" data-end=\"1859\">Temperaturfastholdelse: Holder maden varm i op til 5 timer; holder drikkevarer k\u00f8lige i 10+ timer med ispakker<\/p>\n<\/li>\n<li data-start=\"1860\" data-end=\"1935\">\n<p data-start=\"1862\" data-end=\"1935\">Kapacitet: Passer til flere beholdere, frugt, snacks eller 12 d\u00e5ser drikkevarer<\/p>\n<\/li>\n<li data-start=\"1936\" data-end=\"2102\">\n<p data-start=\"1938\" data-end=\"1953\">Rum:<\/p>\n<ul data-start=\"1956\" data-end=\"2102\">\n<li data-start=\"1956\" data-end=\"1983\">\n<p data-start=\"1958\" data-end=\"1983\">1 polstret laptop-sektion<\/p>\n<\/li>\n<li data-start=\"1986\" data-end=\"2018\">\n<p data-start=\"1988\" data-end=\"2018\">1 isoleret madrum<\/p>\n<\/li>\n<li data-start=\"2021\" data-end=\"2071\">\n<p data-start=\"2023\" data-end=\"2071\">Flere indvendige lommer til daglige forn\u00f8denheder<\/p>\n<\/li>\n<li data-start=\"2074\" data-end=\"2102\">\n<p data-start=\"2076\" data-end=\"2102\">1 tyverisikret baglomme<\/p>\n<\/li>\n<\/ul>\n<\/li>\n<li data-start=\"2103\" data-end=\"2193\">\n<p data-start=\"2105\" data-end=\"2193\">Brugssager: Arbejde, skole, rejser, pendling, universitet, picnic, weekendture og meget mere<\/p>\n<\/li>\n<li data-start=\"2103\" data-end=\"2193\">St\u00f8rrelse: 42 x 16,5 x 32 cm<\/li>\n<\/ul>\n<h2 style=\"text-align: center\" data-start=\"2200\" data-end=\"2224\">\ud83d\udce6 Pakken Indeholder<\/h2>\n<ul data-start=\"2225\" data-end=\"2317\">\n<li data-start=\"2225\" data-end=\"2317\">\n<p data-start=\"2227\" data-end=\"2317\">1x multifunktionel tote bag.<\/p>\n<\/li>\n<\/ul>\n","protected":false},"excerpt":{"rendered":"<p>Denne multifunktionelle tote bag erstatter alle dine daglige tasker med \u00e9n elegant og praktisk l\u00f8sning. Den holder din b\u00e6rbare computer beskyttet, dine m\u00e5ltider friske og dine vigtigste ting p\u00e6nt organiseret &#8211; perfekt til arbejde, skole, rejser eller hverdagsbrug.<\/p>\n","protected":false},"featured_media":15409,"comment_status":"open","ping_status":"closed","template":"","meta":{"site-sidebar-layout":"default","site-content-layout":"","ast-site-content-layout":"default","site-content-style":"default","site-sidebar-style":"default","ast-global-header-display":"","ast-banner-title-visibility":"","ast-main-header-display":"","ast-hfb-above-header-display":"","ast-hfb-below-header-display":"","ast-hfb-mobile-header-display":"","site-post-title":"","ast-breadcrumbs-content":"","ast-featured-img":"","footer-sml-layout":"","theme-transparent-header-meta":"default","adv-header-id-meta":"","stick-header-meta":"","header-above-stick-meta":"","header-main-stick-meta":"","header-below-stick-meta":"","astra-migrate-meta-layouts":"set","ast-page-background-enabled":"default","ast-page-background-meta":{"desktop":{"background-color":"var(--ast-global-color-5)","background-image":"","background-repeat":"repeat","background-position":"center center","background-size":"auto","background-attachment":"scroll","background-type":"","background-media":"","overlay-type":"","overlay-color":"","overlay-opacity":"","overlay-gradient":""},"tablet":{"background-color":"","background-image":"","background-repeat":"repeat","background-position":"center center","background-size":"auto","background-attachment":"scroll","background-type":"","background-media":"","overlay-type":"","overlay-color":"","overlay-opacity":"","overlay-gradient":""},"mobile":{"background-color":"","background-image":"","background-repeat":"repeat","background-position":"center center","background-size":"auto","background-attachment":"scroll","background-type":"","background-media":"","overlay-type":"","overlay-color":"","overlay-opacity":"","overlay-gradient":""}},"ast-content-background-meta":{"desktop":{"background-color":"var(--ast-global-color-4)","background-image":"","background-repeat":"repeat","background-position":"center center","background-size":"auto","background-attachment":"scroll","background-type":"","background-media":"","overlay-type":"","overlay-color":"","overlay-opacity":"","overlay-gradient":""},"tablet":{"background-color":"var(--ast-global-color-4)","background-image":"","background-repeat":"repeat","background-position":"center center","background-size":"auto","background-attachment":"scroll","background-type":"","background-media":"","overlay-type":"","overlay-color":"","overlay-opacity":"","overlay-gradient":""},"mobile":{"background-color":"var(--ast-global-color-4)","background-image":"","background-repeat":"repeat","background-position":"center center","background-size":"auto","background-attachment":"scroll","background-type":"","background-media":"","overlay-type":"","overlay-color":"","overlay-opacity":"","overlay-gradient":""}}},"product_brand":[],"product_cat":[165],"product_tag":[],"class_list":{"0":"post-15413","1":"product","2":"type-product","3":"status-publish","4":"has-post-thumbnail","6":"product_cat-fodtoej-tilbehoer","7":"pa_53713_uzn3p14b-brun","8":"pa_53713_uzn3p14b-groen","9":"pa_53713_uzn3p14b-hvid-brun","10":"pa_53713_uzn3p14b-hvid-sort","11":"pa_53713_uzn3p14b-khaki","12":"pa_53713_uzn3p14b-sort","13":"desktop-align-left","14":"tablet-align-left","15":"mobile-align-left","17":"first","18":"instock","19":"shipping-taxable","20":"purchasable","21":"product-type-variable"},"yoast_head":"<!-- This site is optimized with the Yoast SEO plugin v26.6 - https:\/\/yoast.com\/wordpress\/plugins\/seo\/ -->\n<title>Multifunktionel taske - Mekulo DK<\/title>\n<meta name=\"robots\" content=\"index, follow, max-snippet:-1, max-image-preview:large, max-video-preview:-1\" \/>\n<link rel=\"canonical\" href=\"https:\/\/mekulo.com\/dk\/produkt\/multifunktionel-taske\/\" \/>\n<meta property=\"og:locale\" content=\"da_DK\" \/>\n<meta property=\"og:type\" content=\"article\" \/>\n<meta property=\"og:title\" content=\"Multifunktionel taske - Mekulo DK\" \/>\n<meta property=\"og:description\" content=\"Denne multifunktionelle tote bag erstatter alle dine daglige tasker med \u00e9n elegant og praktisk l\u00f8sning. Den holder din b\u00e6rbare computer beskyttet, dine m\u00e5ltider friske og dine vigtigste ting p\u00e6nt organiseret - perfekt til arbejde, skole, rejser eller hverdagsbrug.\" \/>\n<meta property=\"og:url\" content=\"https:\/\/mekulo.com\/dk\/produkt\/multifunktionel-taske\/\" \/>\n<meta property=\"og:site_name\" content=\"Mekulo DK\" \/>\n<meta property=\"article:modified_time\" content=\"2026-02-03T16:30:38+00:00\" \/>\n<meta property=\"og:image\" content=\"https:\/\/mekulo.com\/dk\/wp-content\/uploads\/sites\/12\/2026\/01\/590cljh-1.jpg\" \/>\n\t<meta property=\"og:image:width\" content=\"679\" \/>\n\t<meta property=\"og:image:height\" content=\"620\" \/>\n\t<meta property=\"og:image:type\" content=\"image\/jpeg\" \/>\n<meta name=\"twitter:card\" content=\"summary_large_image\" \/>\n<meta name=\"twitter:label1\" content=\"Estimeret l\u00e6setid\" \/>\n\t<meta name=\"twitter:data1\" content=\"3 minutter\" \/>\n<script type=\"application\/ld+json\" class=\"yoast-schema-graph\">{\"@context\":\"https:\/\/schema.org\",\"@graph\":[{\"@type\":\"WebPage\",\"@id\":\"https:\/\/mekulo.com\/dk\/produkt\/multifunktionel-taske\/\",\"url\":\"https:\/\/mekulo.com\/dk\/produkt\/multifunktionel-taske\/\",\"name\":\"Multifunktionel taske - Mekulo DK\",\"isPartOf\":{\"@id\":\"https:\/\/mekulo.com\/dk\/#website\"},\"primaryImageOfPage\":{\"@id\":\"https:\/\/mekulo.com\/dk\/produkt\/multifunktionel-taske\/#primaryimage\"},\"image\":{\"@id\":\"https:\/\/mekulo.com\/dk\/produkt\/multifunktionel-taske\/#primaryimage\"},\"thumbnailUrl\":\"https:\/\/mekulo.com\/dk\/wp-content\/uploads\/sites\/12\/2026\/01\/590cljh-1.jpg\",\"datePublished\":\"2026-01-05T15:49:43+00:00\",\"dateModified\":\"2026-02-03T16:30:38+00:00\",\"breadcrumb\":{\"@id\":\"https:\/\/mekulo.com\/dk\/produkt\/multifunktionel-taske\/#breadcrumb\"},\"inLanguage\":\"da-DK\",\"potentialAction\":[{\"@type\":\"ReadAction\",\"target\":[\"https:\/\/mekulo.com\/dk\/produkt\/multifunktionel-taske\/\"]}]},{\"@type\":\"ImageObject\",\"inLanguage\":\"da-DK\",\"@id\":\"https:\/\/mekulo.com\/dk\/produkt\/multifunktionel-taske\/#primaryimage\",\"url\":\"https:\/\/mekulo.com\/dk\/wp-content\/uploads\/sites\/12\/2026\/01\/590cljh-1.jpg\",\"contentUrl\":\"https:\/\/mekulo.com\/dk\/wp-content\/uploads\/sites\/12\/2026\/01\/590cljh-1.jpg\",\"width\":679,\"height\":620},{\"@type\":\"BreadcrumbList\",\"@id\":\"https:\/\/mekulo.com\/dk\/produkt\/multifunktionel-taske\/#breadcrumb\",\"itemListElement\":[{\"@type\":\"ListItem\",\"position\":1,\"name\":\"Home\",\"item\":\"https:\/\/mekulo.com\/dk\/\"},{\"@type\":\"ListItem\",\"position\":2,\"name\":\"Butik\",\"item\":\"https:\/\/mekulo.com\/dk\/butik\/\"},{\"@type\":\"ListItem\",\"position\":3,\"name\":\"Multifunktionel taske\"}]},{\"@type\":\"WebSite\",\"@id\":\"https:\/\/mekulo.com\/dk\/#website\",\"url\":\"https:\/\/mekulo.com\/dk\/\",\"name\":\"Mekulo DK\",\"description\":\"\",\"publisher\":{\"@id\":\"https:\/\/mekulo.com\/dk\/#organization\"},\"potentialAction\":[{\"@type\":\"SearchAction\",\"target\":{\"@type\":\"EntryPoint\",\"urlTemplate\":\"https:\/\/mekulo.com\/dk\/?s={search_term_string}\"},\"query-input\":{\"@type\":\"PropertyValueSpecification\",\"valueRequired\":true,\"valueName\":\"search_term_string\"}}],\"inLanguage\":\"da-DK\"},{\"@type\":\"Organization\",\"@id\":\"https:\/\/mekulo.com\/dk\/#organization\",\"name\":\"Mekulo\",\"url\":\"https:\/\/mekulo.com\/dk\/\",\"logo\":{\"@type\":\"ImageObject\",\"inLanguage\":\"da-DK\",\"@id\":\"https:\/\/mekulo.com\/dk\/#\/schema\/logo\/image\/\",\"url\":\"https:\/\/mekulo.com\/dk\/wp-content\/uploads\/sites\/12\/2025\/12\/favicon_mekulo.png\",\"contentUrl\":\"https:\/\/mekulo.com\/dk\/wp-content\/uploads\/sites\/12\/2025\/12\/favicon_mekulo.png\",\"width\":50,\"height\":50,\"caption\":\"Mekulo\"},\"image\":{\"@id\":\"https:\/\/mekulo.com\/dk\/#\/schema\/logo\/image\/\"}}]}<\/script>\n<!-- \/ Yoast SEO plugin. -->","yoast_head_json":{"title":"Multifunktionel taske - Mekulo DK","robots":{"index":"index","follow":"follow","max-snippet":"max-snippet:-1","max-image-preview":"max-image-preview:large","max-video-preview":"max-video-preview:-1"},"canonical":"https:\/\/mekulo.com\/dk\/produkt\/multifunktionel-taske\/","og_locale":"da_DK","og_type":"article","og_title":"Multifunktionel taske - Mekulo DK","og_description":"Denne multifunktionelle tote bag erstatter alle dine daglige tasker med \u00e9n elegant og praktisk l\u00f8sning. Den holder din b\u00e6rbare computer beskyttet, dine m\u00e5ltider friske og dine vigtigste ting p\u00e6nt organiseret - perfekt til arbejde, skole, rejser eller hverdagsbrug.","og_url":"https:\/\/mekulo.com\/dk\/produkt\/multifunktionel-taske\/","og_site_name":"Mekulo DK","article_modified_time":"2026-02-03T16:30:38+00:00","og_image":[{"width":679,"height":620,"url":"https:\/\/mekulo.com\/dk\/wp-content\/uploads\/sites\/12\/2026\/01\/590cljh-1.jpg","type":"image\/jpeg"}],"twitter_card":"summary_large_image","twitter_misc":{"Estimeret l\u00e6setid":"3 minutter"},"schema":{"@context":"https:\/\/schema.org","@graph":[{"@type":"WebPage","@id":"https:\/\/mekulo.com\/dk\/produkt\/multifunktionel-taske\/","url":"https:\/\/mekulo.com\/dk\/produkt\/multifunktionel-taske\/","name":"Multifunktionel taske - Mekulo DK","isPartOf":{"@id":"https:\/\/mekulo.com\/dk\/#website"},"primaryImageOfPage":{"@id":"https:\/\/mekulo.com\/dk\/produkt\/multifunktionel-taske\/#primaryimage"},"image":{"@id":"https:\/\/mekulo.com\/dk\/produkt\/multifunktionel-taske\/#primaryimage"},"thumbnailUrl":"https:\/\/mekulo.com\/dk\/wp-content\/uploads\/sites\/12\/2026\/01\/590cljh-1.jpg","datePublished":"2026-01-05T15:49:43+00:00","dateModified":"2026-02-03T16:30:38+00:00","breadcrumb":{"@id":"https:\/\/mekulo.com\/dk\/produkt\/multifunktionel-taske\/#breadcrumb"},"inLanguage":"da-DK","potentialAction":[{"@type":"ReadAction","target":["https:\/\/mekulo.com\/dk\/produkt\/multifunktionel-taske\/"]}]},{"@type":"ImageObject","inLanguage":"da-DK","@id":"https:\/\/mekulo.com\/dk\/produkt\/multifunktionel-taske\/#primaryimage","url":"https:\/\/mekulo.com\/dk\/wp-content\/uploads\/sites\/12\/2026\/01\/590cljh-1.jpg","contentUrl":"https:\/\/mekulo.com\/dk\/wp-content\/uploads\/sites\/12\/2026\/01\/590cljh-1.jpg","width":679,"height":620},{"@type":"BreadcrumbList","@id":"https:\/\/mekulo.com\/dk\/produkt\/multifunktionel-taske\/#breadcrumb","itemListElement":[{"@type":"ListItem","position":1,"name":"Home","item":"https:\/\/mekulo.com\/dk\/"},{"@type":"ListItem","position":2,"name":"Butik","item":"https:\/\/mekulo.com\/dk\/butik\/"},{"@type":"ListItem","position":3,"name":"Multifunktionel taske"}]},{"@type":"WebSite","@id":"https:\/\/mekulo.com\/dk\/#website","url":"https:\/\/mekulo.com\/dk\/","name":"Mekulo DK","description":"","publisher":{"@id":"https:\/\/mekulo.com\/dk\/#organization"},"potentialAction":[{"@type":"SearchAction","target":{"@type":"EntryPoint","urlTemplate":"https:\/\/mekulo.com\/dk\/?s={search_term_string}"},"query-input":{"@type":"PropertyValueSpecification","valueRequired":true,"valueName":"search_term_string"}}],"inLanguage":"da-DK"},{"@type":"Organization","@id":"https:\/\/mekulo.com\/dk\/#organization","name":"Mekulo","url":"https:\/\/mekulo.com\/dk\/","logo":{"@type":"ImageObject","inLanguage":"da-DK","@id":"https:\/\/mekulo.com\/dk\/#\/schema\/logo\/image\/","url":"https:\/\/mekulo.com\/dk\/wp-content\/uploads\/sites\/12\/2025\/12\/favicon_mekulo.png","contentUrl":"https:\/\/mekulo.com\/dk\/wp-content\/uploads\/sites\/12\/2025\/12\/favicon_mekulo.png","width":50,"height":50,"caption":"Mekulo"},"image":{"@id":"https:\/\/mekulo.com\/dk\/#\/schema\/logo\/image\/"}}]}},"_links":{"self":[{"href":"https:\/\/mekulo.com\/dk\/wp-json\/wp\/v2\/product\/15413","targetHints":{"allow":["GET"]}}],"collection":[{"href":"https:\/\/mekulo.com\/dk\/wp-json\/wp\/v2\/product"}],"about":[{"href":"https:\/\/mekulo.com\/dk\/wp-json\/wp\/v2\/types\/product"}],"replies":[{"embeddable":true,"href":"https:\/\/mekulo.com\/dk\/wp-json\/wp\/v2\/comments?post=15413"}],"wp:featuredmedia":[{"embeddable":true,"href":"https:\/\/mekulo.com\/dk\/wp-json\/wp\/v2\/media\/15409"}],"wp:attachment":[{"href":"https:\/\/mekulo.com\/dk\/wp-json\/wp\/v2\/media?parent=15413"}],"wp:term":[{"taxonomy":"product_brand","embeddable":true,"href":"https:\/\/mekulo.com\/dk\/wp-json\/wp\/v2\/product_brand?post=15413"},{"taxonomy":"product_cat","embeddable":true,"href":"https:\/\/mekulo.com\/dk\/wp-json\/wp\/v2\/product_cat?post=15413"},{"taxonomy":"product_tag","embeddable":true,"href":"https:\/\/mekulo.com\/dk\/wp-json\/wp\/v2\/product_tag?post=15413"}],"curies":[{"name":"wp","href":"https:\/\/api.w.org\/{rel}","templated":true}]}}