{"id":15375,"date":"2026-01-05T17:43:33","date_gmt":"2026-01-05T15:43:33","guid":{"rendered":"https:\/\/mekulo.com\/dk\/produkt\/kaalsnitter\/"},"modified":"2026-01-05T19:59:09","modified_gmt":"2026-01-05T17:59:09","slug":"kaalsnitter","status":"publish","type":"product","link":"https:\/\/mekulo.com\/dk\/produkt\/kaalsnitter\/","title":{"rendered":"K\u00e5lsnitter"},"content":{"rendered":"<p style=\"text-align: center;\" data-start=\"0\" data-end=\"74\"><strong>Snit k\u00e5l og gr\u00f8ntsager hurtigt, j\u00e6vnt og n\u00e6sten uden anstrengelse. \ud83e\udd57\ud83d\udd2a<\/strong><\/p>\n<p data-start=\"76\" data-end=\"298\"><img fetchpriority=\"high\" decoding=\"async\" class=\"size-full wp-image-43856 aligncenter\" src=\"https:\/\/keluvo.com\/template\/wp-content\/uploads\/sites\/5\/2025\/12\/451719bc5c604536f8ff5c119cb399772c0c7705.gif\" alt=\"\" width=\"360\" height=\"480\" \/><\/p>\n<h2 style=\"text-align: center;\" data-start=\"305\" data-end=\"325\">Hovedfordele \ud83d\udcab<\/h2>\n<p data-start=\"328\" data-end=\"404\">\u26a1 Hurtig udsk\u00e6ring &#8211; Dobbeltlagede knive sk\u00e6rer supertynde skiver p\u00e5 f\u00e5 sekunder.<\/p>\n<p data-start=\"407\" data-end=\"512\">\ud83e\udd57 Alsidig brug &#8211; Ideel til k\u00e5l, salat, agurker, guler\u00f8dder, l\u00f8g, \u00e6bler, p\u00e6rer og meget mere.<\/p>\n<p data-start=\"515\" data-end=\"610\">\ud83d\udd2a Skarp og holdbar &#8211; Fremstillet af rustfrit st\u00e5l af h\u00f8j kvalitet, der holder l\u00e6nge.<\/p>\n<p data-start=\"613\" data-end=\"693\">\u270b Behageligt greb &#8211; Ergonomisk, skridsikkert h\u00e5ndtag til sikker og nem sk\u00e6ring.<\/p>\n<p data-start=\"696\" data-end=\"781\">\ud83e\uddfd Let at reng\u00f8re &#8211; Glat overflade, der hurtigt kan skylles ren med vand eller opvaskemiddel.<\/p>\n<p data-start=\"784\" data-end=\"864\">\ud83d\udce6 Pladsbesparende &#8211; Inkluderer et hul til oph\u00e6ngning for enkel opbevaring i ethvert k\u00f8kken.<\/p>\n<p data-start=\"784\" data-end=\"864\"><img decoding=\"async\" class=\"size-full wp-image-43855 aligncenter\" src=\"https:\/\/keluvo.com\/template\/wp-content\/uploads\/sites\/5\/2025\/12\/1b3ef5d6caf344ff943ca03d2a2ed7fcb0a6b391.jpg\" alt=\"\" width=\"1080\" height=\"1065\" \/><\/p>\n<h2 style=\"text-align: center;\" data-start=\"871\" data-end=\"889\">S\u00e5dan bruges \ud83d\udccc<\/h2>\n<ol data-start=\"890\" data-end=\"1234\">\n<li data-start=\"890\" data-end=\"945\">\n<p data-start=\"893\" data-end=\"945\">S\u00e6t k\u00e5len eller gr\u00f8ntsagen p\u00e5 et sk\u00e6rebr\u00e6t.<\/p>\n<\/li>\n<li data-start=\"946\" data-end=\"991\">\n<p data-start=\"949\" data-end=\"991\">Hold snitteren i det ergonomiske h\u00e5ndtag.<\/p>\n<\/li>\n<li data-start=\"992\" data-end=\"1071\">\n<p data-start=\"995\" data-end=\"1071\">Bev\u00e6g snitteren frem og tilbage over gr\u00f8ntsagen for at skabe j\u00e6vne skiver.<\/p>\n<\/li>\n<li data-start=\"1072\" data-end=\"1141\">\n<p data-start=\"1075\" data-end=\"1141\">Juster din snittevinkel for tyndere eller tykkere snit efter behov.<\/p>\n<\/li>\n<li data-start=\"1142\" data-end=\"1234\">\n<p data-start=\"1145\" data-end=\"1234\">Skyl snitteren under vand efter brug, og opbevar den ved at h\u00e6nge den op eller l\u00e6gge den i en skuffe.<\/p>\n<\/li>\n<\/ol>\n<h2 style=\"text-align: center;\" data-start=\"1241\" data-end=\"1264\">Produktoplysninger \ud83d\udccf<\/h2>\n<ul data-start=\"1265\" data-end=\"1508\">\n<li data-start=\"1298\" data-end=\"1332\">\n<p data-start=\"1300\" data-end=\"1332\">Materiale: Rustfrit st\u00e5l + PP<\/p>\n<\/li>\n<li data-start=\"1333\" data-end=\"1360\">\n<p data-start=\"1335\" data-end=\"1360\">Size: Ca. 30 x 9 cm<\/p>\n<\/li>\n<li data-start=\"1384\" data-end=\"1429\">\n<p data-start=\"1386\" data-end=\"1429\">Bladdesign: Dobbeltlagede sk\u00e6reblade<\/p>\n<\/li>\n<li data-start=\"1430\" data-end=\"1508\">\n<p data-start=\"1432\" data-end=\"1508\">Anvendelsesomr\u00e5der: K\u00e5l, gr\u00f8ntsager, frugt, coleslaw, kimchi, sauerkraut<\/p>\n<\/li>\n<\/ul>\n<h2 style=\"text-align: center;\" data-start=\"1515\" data-end=\"1539\">Pakken indeholder \ud83d\udce6<\/h2>\n<ul data-start=\"1540\" data-end=\"1560\" data-is-last-node=\"\" data-is-only-node=\"\">\n<li data-start=\"1540\" data-end=\"1560\" data-is-last-node=\"\">\n<p data-start=\"1542\" data-end=\"1560\" data-is-last-node=\"\">1x k\u00e5lsnitter.<\/p>\n<\/li>\n<\/ul>\n","protected":false},"excerpt":{"rendered":"<p>Denne k\u00e5lsnitter hj\u00e6lper dig med at tilberede coleslaw, kimchi, sauerkraut og mange andre retter p\u00e5 f\u00e5 sekunder. De skarpe dobbeltlagsblade og det behagelige h\u00e5ndtag g\u00f8r det nemmere, hurtigere og mere pr\u00e6cist at snitte end med en kniv.<\/p>\n","protected":false},"featured_media":15371,"comment_status":"open","ping_status":"closed","template":"","meta":{"site-sidebar-layout":"default","site-content-layout":"","ast-site-content-layout":"default","site-content-style":"default","site-sidebar-style":"default","ast-global-header-display":"","ast-banner-title-visibility":"","ast-main-header-display":"","ast-hfb-above-header-display":"","ast-hfb-below-header-display":"","ast-hfb-mobile-header-display":"","site-post-title":"","ast-breadcrumbs-content":"","ast-featured-img":"","footer-sml-layout":"","ast-disable-related-posts":"","theme-transparent-header-meta":"default","adv-header-id-meta":"","stick-header-meta":"","header-above-stick-meta":"","header-main-stick-meta":"","header-below-stick-meta":"","astra-migrate-meta-layouts":"set","ast-page-background-enabled":"default","ast-page-background-meta":{"desktop":{"background-color":"var(--ast-global-color-5)","background-image":"","background-repeat":"repeat","background-position":"center center","background-size":"auto","background-attachment":"scroll","background-type":"","background-media":"","overlay-type":"","overlay-color":"","overlay-opacity":"","overlay-gradient":""},"tablet":{"background-color":"","background-image":"","background-repeat":"repeat","background-position":"center center","background-size":"auto","background-attachment":"scroll","background-type":"","background-media":"","overlay-type":"","overlay-color":"","overlay-opacity":"","overlay-gradient":""},"mobile":{"background-color":"","background-image":"","background-repeat":"repeat","background-position":"center center","background-size":"auto","background-attachment":"scroll","background-type":"","background-media":"","overlay-type":"","overlay-color":"","overlay-opacity":"","overlay-gradient":""}},"ast-content-background-meta":{"desktop":{"background-color":"var(--ast-global-color-4)","background-image":"","background-repeat":"repeat","background-position":"center center","background-size":"auto","background-attachment":"scroll","background-type":"","background-media":"","overlay-type":"","overlay-color":"","overlay-opacity":"","overlay-gradient":""},"tablet":{"background-color":"var(--ast-global-color-4)","background-image":"","background-repeat":"repeat","background-position":"center center","background-size":"auto","background-attachment":"scroll","background-type":"","background-media":"","overlay-type":"","overlay-color":"","overlay-opacity":"","overlay-gradient":""},"mobile":{"background-color":"var(--ast-global-color-4)","background-image":"","background-repeat":"repeat","background-position":"center center","background-size":"auto","background-attachment":"scroll","background-type":"","background-media":"","overlay-type":"","overlay-color":"","overlay-opacity":"","overlay-gradient":""}}},"product_brand":[],"product_cat":[168,171],"product_tag":[],"class_list":{"0":"post-15375","1":"product","2":"type-product","3":"status-publish","4":"has-post-thumbnail","6":"product_cat-husholdningsartikler","7":"product_cat-vaerktoejer","8":"pa_55069_1vv08t91-roed","9":"pa_55069_1vv08t91-sort","10":"desktop-align-left","11":"tablet-align-left","12":"mobile-align-left","14":"first","15":"instock","16":"shipping-taxable","17":"purchasable","18":"product-type-variable"},"yoast_head":"<!-- This site is optimized with the Yoast SEO plugin v27.4 - https:\/\/yoast.com\/product\/yoast-seo-wordpress\/ -->\n<title>K\u00e5lsnitter - Mekulo DK<\/title>\n<meta name=\"robots\" content=\"index, follow, max-snippet:-1, max-image-preview:large, max-video-preview:-1\" \/>\n<link rel=\"canonical\" href=\"https:\/\/mekulo.com\/dk\/produkt\/kaalsnitter\/\" \/>\n<meta property=\"og:locale\" content=\"da_DK\" \/>\n<meta property=\"og:type\" content=\"article\" \/>\n<meta property=\"og:title\" content=\"K\u00e5lsnitter - Mekulo DK\" \/>\n<meta property=\"og:description\" content=\"Denne k\u00e5lsnitter hj\u00e6lper dig med at tilberede coleslaw, kimchi, sauerkraut og mange andre retter p\u00e5 f\u00e5 sekunder. De skarpe dobbeltlagsblade og det behagelige h\u00e5ndtag g\u00f8r det nemmere, hurtigere og mere pr\u00e6cist at snitte end med en kniv.\" \/>\n<meta property=\"og:url\" content=\"https:\/\/mekulo.com\/dk\/produkt\/kaalsnitter\/\" \/>\n<meta property=\"og:site_name\" content=\"Mekulo DK\" \/>\n<meta property=\"article:modified_time\" content=\"2026-01-05T17:59:09+00:00\" \/>\n<meta property=\"og:image\" content=\"https:\/\/mekulo.com\/dk\/wp-content\/uploads\/sites\/12\/2026\/01\/gqmqv7u-1.jpg\" \/>\n\t<meta property=\"og:image:width\" content=\"1080\" \/>\n\t<meta property=\"og:image:height\" content=\"1080\" \/>\n\t<meta property=\"og:image:type\" content=\"image\/jpeg\" \/>\n<meta name=\"twitter:card\" content=\"summary_large_image\" \/>\n<meta name=\"twitter:label1\" content=\"Estimeret l\u00e6setid\" \/>\n\t<meta name=\"twitter:data1\" content=\"2 minutter\" \/>\n<script type=\"application\/ld+json\" class=\"yoast-schema-graph\">{\"@context\":\"https:\\\/\\\/schema.org\",\"@graph\":[{\"@type\":\"WebPage\",\"@id\":\"https:\\\/\\\/mekulo.com\\\/dk\\\/produkt\\\/kaalsnitter\\\/\",\"url\":\"https:\\\/\\\/mekulo.com\\\/dk\\\/produkt\\\/kaalsnitter\\\/\",\"name\":\"K\u00e5lsnitter - Mekulo DK\",\"isPartOf\":{\"@id\":\"https:\\\/\\\/mekulo.com\\\/dk\\\/#website\"},\"primaryImageOfPage\":{\"@id\":\"https:\\\/\\\/mekulo.com\\\/dk\\\/produkt\\\/kaalsnitter\\\/#primaryimage\"},\"image\":{\"@id\":\"https:\\\/\\\/mekulo.com\\\/dk\\\/produkt\\\/kaalsnitter\\\/#primaryimage\"},\"thumbnailUrl\":\"https:\\\/\\\/mekulo.com\\\/dk\\\/wp-content\\\/uploads\\\/sites\\\/12\\\/2026\\\/01\\\/gqmqv7u-1.jpg\",\"datePublished\":\"2026-01-05T15:43:33+00:00\",\"dateModified\":\"2026-01-05T17:59:09+00:00\",\"breadcrumb\":{\"@id\":\"https:\\\/\\\/mekulo.com\\\/dk\\\/produkt\\\/kaalsnitter\\\/#breadcrumb\"},\"inLanguage\":\"da-DK\",\"potentialAction\":[{\"@type\":\"ReadAction\",\"target\":[\"https:\\\/\\\/mekulo.com\\\/dk\\\/produkt\\\/kaalsnitter\\\/\"]}]},{\"@type\":\"ImageObject\",\"inLanguage\":\"da-DK\",\"@id\":\"https:\\\/\\\/mekulo.com\\\/dk\\\/produkt\\\/kaalsnitter\\\/#primaryimage\",\"url\":\"https:\\\/\\\/mekulo.com\\\/dk\\\/wp-content\\\/uploads\\\/sites\\\/12\\\/2026\\\/01\\\/gqmqv7u-1.jpg\",\"contentUrl\":\"https:\\\/\\\/mekulo.com\\\/dk\\\/wp-content\\\/uploads\\\/sites\\\/12\\\/2026\\\/01\\\/gqmqv7u-1.jpg\",\"width\":1080,\"height\":1080},{\"@type\":\"BreadcrumbList\",\"@id\":\"https:\\\/\\\/mekulo.com\\\/dk\\\/produkt\\\/kaalsnitter\\\/#breadcrumb\",\"itemListElement\":[{\"@type\":\"ListItem\",\"position\":1,\"name\":\"Home\",\"item\":\"https:\\\/\\\/mekulo.com\\\/dk\\\/\"},{\"@type\":\"ListItem\",\"position\":2,\"name\":\"Butik\",\"item\":\"https:\\\/\\\/mekulo.com\\\/dk\\\/butik\\\/\"},{\"@type\":\"ListItem\",\"position\":3,\"name\":\"K\u00e5lsnitter\"}]},{\"@type\":\"WebSite\",\"@id\":\"https:\\\/\\\/mekulo.com\\\/dk\\\/#website\",\"url\":\"https:\\\/\\\/mekulo.com\\\/dk\\\/\",\"name\":\"Mekulo DK\",\"description\":\"\",\"publisher\":{\"@id\":\"https:\\\/\\\/mekulo.com\\\/dk\\\/#organization\"},\"potentialAction\":[{\"@type\":\"SearchAction\",\"target\":{\"@type\":\"EntryPoint\",\"urlTemplate\":\"https:\\\/\\\/mekulo.com\\\/dk\\\/?s={search_term_string}\"},\"query-input\":{\"@type\":\"PropertyValueSpecification\",\"valueRequired\":true,\"valueName\":\"search_term_string\"}}],\"inLanguage\":\"da-DK\"},{\"@type\":\"Organization\",\"@id\":\"https:\\\/\\\/mekulo.com\\\/dk\\\/#organization\",\"name\":\"Mekulo\",\"url\":\"https:\\\/\\\/mekulo.com\\\/dk\\\/\",\"logo\":{\"@type\":\"ImageObject\",\"inLanguage\":\"da-DK\",\"@id\":\"https:\\\/\\\/mekulo.com\\\/dk\\\/#\\\/schema\\\/logo\\\/image\\\/\",\"url\":\"https:\\\/\\\/mekulo.com\\\/dk\\\/wp-content\\\/uploads\\\/sites\\\/12\\\/2025\\\/12\\\/favicon_mekulo.png\",\"contentUrl\":\"https:\\\/\\\/mekulo.com\\\/dk\\\/wp-content\\\/uploads\\\/sites\\\/12\\\/2025\\\/12\\\/favicon_mekulo.png\",\"width\":50,\"height\":50,\"caption\":\"Mekulo\"},\"image\":{\"@id\":\"https:\\\/\\\/mekulo.com\\\/dk\\\/#\\\/schema\\\/logo\\\/image\\\/\"}}]}<\/script>\n<!-- \/ Yoast SEO plugin. -->","yoast_head_json":{"title":"K\u00e5lsnitter - Mekulo DK","robots":{"index":"index","follow":"follow","max-snippet":"max-snippet:-1","max-image-preview":"max-image-preview:large","max-video-preview":"max-video-preview:-1"},"canonical":"https:\/\/mekulo.com\/dk\/produkt\/kaalsnitter\/","og_locale":"da_DK","og_type":"article","og_title":"K\u00e5lsnitter - Mekulo DK","og_description":"Denne k\u00e5lsnitter hj\u00e6lper dig med at tilberede coleslaw, kimchi, sauerkraut og mange andre retter p\u00e5 f\u00e5 sekunder. De skarpe dobbeltlagsblade og det behagelige h\u00e5ndtag g\u00f8r det nemmere, hurtigere og mere pr\u00e6cist at snitte end med en kniv.","og_url":"https:\/\/mekulo.com\/dk\/produkt\/kaalsnitter\/","og_site_name":"Mekulo DK","article_modified_time":"2026-01-05T17:59:09+00:00","og_image":[{"width":1080,"height":1080,"url":"https:\/\/mekulo.com\/dk\/wp-content\/uploads\/sites\/12\/2026\/01\/gqmqv7u-1.jpg","type":"image\/jpeg"}],"twitter_card":"summary_large_image","twitter_misc":{"Estimeret l\u00e6setid":"2 minutter"},"schema":{"@context":"https:\/\/schema.org","@graph":[{"@type":"WebPage","@id":"https:\/\/mekulo.com\/dk\/produkt\/kaalsnitter\/","url":"https:\/\/mekulo.com\/dk\/produkt\/kaalsnitter\/","name":"K\u00e5lsnitter - Mekulo DK","isPartOf":{"@id":"https:\/\/mekulo.com\/dk\/#website"},"primaryImageOfPage":{"@id":"https:\/\/mekulo.com\/dk\/produkt\/kaalsnitter\/#primaryimage"},"image":{"@id":"https:\/\/mekulo.com\/dk\/produkt\/kaalsnitter\/#primaryimage"},"thumbnailUrl":"https:\/\/mekulo.com\/dk\/wp-content\/uploads\/sites\/12\/2026\/01\/gqmqv7u-1.jpg","datePublished":"2026-01-05T15:43:33+00:00","dateModified":"2026-01-05T17:59:09+00:00","breadcrumb":{"@id":"https:\/\/mekulo.com\/dk\/produkt\/kaalsnitter\/#breadcrumb"},"inLanguage":"da-DK","potentialAction":[{"@type":"ReadAction","target":["https:\/\/mekulo.com\/dk\/produkt\/kaalsnitter\/"]}]},{"@type":"ImageObject","inLanguage":"da-DK","@id":"https:\/\/mekulo.com\/dk\/produkt\/kaalsnitter\/#primaryimage","url":"https:\/\/mekulo.com\/dk\/wp-content\/uploads\/sites\/12\/2026\/01\/gqmqv7u-1.jpg","contentUrl":"https:\/\/mekulo.com\/dk\/wp-content\/uploads\/sites\/12\/2026\/01\/gqmqv7u-1.jpg","width":1080,"height":1080},{"@type":"BreadcrumbList","@id":"https:\/\/mekulo.com\/dk\/produkt\/kaalsnitter\/#breadcrumb","itemListElement":[{"@type":"ListItem","position":1,"name":"Home","item":"https:\/\/mekulo.com\/dk\/"},{"@type":"ListItem","position":2,"name":"Butik","item":"https:\/\/mekulo.com\/dk\/butik\/"},{"@type":"ListItem","position":3,"name":"K\u00e5lsnitter"}]},{"@type":"WebSite","@id":"https:\/\/mekulo.com\/dk\/#website","url":"https:\/\/mekulo.com\/dk\/","name":"Mekulo DK","description":"","publisher":{"@id":"https:\/\/mekulo.com\/dk\/#organization"},"potentialAction":[{"@type":"SearchAction","target":{"@type":"EntryPoint","urlTemplate":"https:\/\/mekulo.com\/dk\/?s={search_term_string}"},"query-input":{"@type":"PropertyValueSpecification","valueRequired":true,"valueName":"search_term_string"}}],"inLanguage":"da-DK"},{"@type":"Organization","@id":"https:\/\/mekulo.com\/dk\/#organization","name":"Mekulo","url":"https:\/\/mekulo.com\/dk\/","logo":{"@type":"ImageObject","inLanguage":"da-DK","@id":"https:\/\/mekulo.com\/dk\/#\/schema\/logo\/image\/","url":"https:\/\/mekulo.com\/dk\/wp-content\/uploads\/sites\/12\/2025\/12\/favicon_mekulo.png","contentUrl":"https:\/\/mekulo.com\/dk\/wp-content\/uploads\/sites\/12\/2025\/12\/favicon_mekulo.png","width":50,"height":50,"caption":"Mekulo"},"image":{"@id":"https:\/\/mekulo.com\/dk\/#\/schema\/logo\/image\/"}}]}},"_links":{"self":[{"href":"https:\/\/mekulo.com\/dk\/wp-json\/wp\/v2\/product\/15375","targetHints":{"allow":["GET"]}}],"collection":[{"href":"https:\/\/mekulo.com\/dk\/wp-json\/wp\/v2\/product"}],"about":[{"href":"https:\/\/mekulo.com\/dk\/wp-json\/wp\/v2\/types\/product"}],"replies":[{"embeddable":true,"href":"https:\/\/mekulo.com\/dk\/wp-json\/wp\/v2\/comments?post=15375"}],"wp:featuredmedia":[{"embeddable":true,"href":"https:\/\/mekulo.com\/dk\/wp-json\/wp\/v2\/media\/15371"}],"wp:attachment":[{"href":"https:\/\/mekulo.com\/dk\/wp-json\/wp\/v2\/media?parent=15375"}],"wp:term":[{"taxonomy":"product_brand","embeddable":true,"href":"https:\/\/mekulo.com\/dk\/wp-json\/wp\/v2\/product_brand?post=15375"},{"taxonomy":"product_cat","embeddable":true,"href":"https:\/\/mekulo.com\/dk\/wp-json\/wp\/v2\/product_cat?post=15375"},{"taxonomy":"product_tag","embeddable":true,"href":"https:\/\/mekulo.com\/dk\/wp-json\/wp\/v2\/product_tag?post=15375"}],"curies":[{"name":"wp","href":"https:\/\/api.w.org\/{rel}","templated":true}]}}