{"id":15298,"date":"2026-01-05T17:36:26","date_gmt":"2026-01-05T15:36:26","guid":{"rendered":"https:\/\/mekulo.com\/dk\/produkt\/saede-med-stoette-til-babyens-talje\/"},"modified":"2026-01-05T19:54:51","modified_gmt":"2026-01-05T17:54:51","slug":"saede-med-stoette-til-babyens-talje","status":"publish","type":"product","link":"https:\/\/mekulo.com\/dk\/produkt\/saede-med-stoette-til-babyens-talje\/","title":{"rendered":"S\u00e6de med st\u00f8tte til babyens talje"},"content":{"rendered":"<p style=\"text-align: center;\" data-start=\"178\" data-end=\"258\"><strong>B\u00e6r din baby komfortabelt uden at belaste din talje, dine arme eller dine skuldre. \ud83d\udc76\ud83e\udd31<\/strong><\/p>\n<p data-start=\"260\" data-end=\"521\"><img fetchpriority=\"high\" decoding=\"async\" class=\"size-full wp-image-44307 aligncenter\" src=\"https:\/\/keluvo.com\/template\/wp-content\/uploads\/sites\/5\/2025\/12\/10226-ezgif.com-video-to-webp-converter-2.webp\" alt=\"\" width=\"500\" height=\"500\" \/><\/p>\n<h2 style=\"text-align: center;\" data-start=\"528\" data-end=\"552\">Hovedfordele \u2728<\/h2>\n<p data-start=\"555\" data-end=\"650\">\ud83e\uddd8 Reducerer belastning af ryg og arme &#8211; Fordeler din babys v\u00e6gt j\u00e6vnt omkring din talje.<\/p>\n<p data-start=\"653\" data-end=\"731\">\ud83d\udc76 Sikkert skridsikkert s\u00e6de &#8211; Holder din baby sikkert p\u00e5 plads, mens du sidder.<\/p>\n<p data-start=\"734\" data-end=\"817\">\ud83e\udd31 Fantastisk til amning &#8211; Giver behagelig st\u00f8tte til madesessioner.<\/p>\n<p data-start=\"820\" data-end=\"892\">\ud83d\udc5c Nem at have p\u00e5 &#8211; S\u00e6ttes p\u00e5 som en b\u00e6ltetaske og tages af p\u00e5 f\u00e5 sekunder.<\/p>\n<p data-start=\"820\" data-end=\"892\">\ud83d\udd04 To siddestillinger &#8211; Ansigt mod ansigt eller front mod ansigt til forskellige behov.<\/p>\n<p data-start=\"980\" data-end=\"1071\">\ud83d\udeb6 Perfekt til daglig brug &#8211; giver dig mulighed for at b\u00e6re din baby, mens du laver g\u00f8rem\u00e5l eller g\u00e5r.<\/p>\n<p data-start=\"980\" data-end=\"1071\"><img decoding=\"async\" class=\"size-full wp-image-44309 aligncenter\" src=\"https:\/\/keluvo.com\/template\/wp-content\/uploads\/sites\/5\/2025\/12\/2-1.jpeg\" alt=\"\" width=\"1000\" height=\"1000\" \/><\/p>\n<h2 style=\"text-align: center;\" data-start=\"1078\" data-end=\"1100\">S\u00e5dan bruges den \ud83e\uddf0<\/h2>\n<ol data-start=\"1101\" data-end=\"1367\">\n<li data-start=\"1101\" data-end=\"1166\">\n<p data-start=\"1104\" data-end=\"1166\">Vind taljes\u00e6det rundt om din talje, og sp\u00e6nd det godt fast.<\/p>\n<\/li>\n<li data-start=\"1167\" data-end=\"1218\">\n<p data-start=\"1170\" data-end=\"1218\">Juster stroppen, s\u00e5 den passer til din krop.<\/p>\n<\/li>\n<li data-start=\"1219\" data-end=\"1259\">\n<p data-start=\"1222\" data-end=\"1259\">Placer din baby p\u00e5 det polstrede s\u00e6de.<\/p>\n<\/li>\n<li data-start=\"1260\" data-end=\"1309\">\n<p data-start=\"1263\" data-end=\"1309\">Hold din baby forsigtigt for at holde den i balance.<\/p>\n<\/li>\n<li data-start=\"1310\" data-end=\"1367\">\n<p data-start=\"1313\" data-end=\"1367\">Brug den til at b\u00e6re, g\u00e5 eller amme efter behov.<\/p>\n<\/li>\n<\/ol>\n<h2 style=\"text-align: center;\" data-start=\"1374\" data-end=\"1401\">Produktoplysninger \ud83d\udccf<\/h2>\n<ul data-start=\"1402\" data-end=\"1735\">\n<li data-start=\"1436\" data-end=\"1484\">\n<p data-start=\"1438\" data-end=\"1484\">Materiale: Let og behageligt stof<\/p>\n<\/li>\n<li data-start=\"1485\" data-end=\"1517\">\n<p data-start=\"1487\" data-end=\"1517\">V\u00e6gtkapacitet: Op til 16 kg<\/p>\n<\/li>\n<li data-start=\"1518\" data-end=\"1574\">\n<p data-start=\"1520\" data-end=\"1574\">Velegnet til: Babyer og sm\u00e5b\u00f8rn fra 3 m\u00e5neder og opefter<\/p>\n<\/li>\n<li data-start=\"1575\" data-end=\"1652\">\n<p data-start=\"1577\" data-end=\"1652\">Funktioner: Skridsikker siddeflade, l\u00e6ndest\u00f8tte, to siddestillinger<\/p>\n<\/li>\n<li data-start=\"1675\" data-end=\"1735\">\n<p data-start=\"1677\" data-end=\"1735\">Fordele: Reducerer trykket p\u00e5 rygs\u00f8jle, skuldre og arme<\/p>\n<\/li>\n<\/ul>\n<h2 style=\"text-align: center;\" data-start=\"1742\" data-end=\"1770\">Pakken indeholder \ud83d\udce6<\/h2>\n<ul data-start=\"1771\" data-end=\"1802\">\n<li data-start=\"1771\" data-end=\"1802\">\n<p data-start=\"1773\" data-end=\"1802\">1x baby taljest\u00f8tte s\u00e6de.<\/p>\n<\/li>\n<\/ul>\n","protected":false},"excerpt":{"rendered":"<p>Med denne taljest\u00f8tte til babyer kan du nemt holde din baby, mens du har en h\u00e5nd fri. Det reducerer trykket p\u00e5 din rygs\u00f8jle, giver en stabil siddeflade til din baby og er perfekt til for\u00e6ldre, der \u00f8nsker et enkelt alternativ til store b\u00e6reseler.<\/p>\n","protected":false},"featured_media":15294,"comment_status":"open","ping_status":"closed","template":"","meta":{"site-sidebar-layout":"default","site-content-layout":"","ast-site-content-layout":"default","site-content-style":"default","site-sidebar-style":"default","ast-global-header-display":"","ast-banner-title-visibility":"","ast-main-header-display":"","ast-hfb-above-header-display":"","ast-hfb-below-header-display":"","ast-hfb-mobile-header-display":"","site-post-title":"","ast-breadcrumbs-content":"","ast-featured-img":"","footer-sml-layout":"","ast-disable-related-posts":"","theme-transparent-header-meta":"default","adv-header-id-meta":"","stick-header-meta":"","header-above-stick-meta":"","header-main-stick-meta":"","header-below-stick-meta":"","astra-migrate-meta-layouts":"set","ast-page-background-enabled":"default","ast-page-background-meta":{"desktop":{"background-color":"var(--ast-global-color-5)","background-image":"","background-repeat":"repeat","background-position":"center center","background-size":"auto","background-attachment":"scroll","background-type":"","background-media":"","overlay-type":"","overlay-color":"","overlay-opacity":"","overlay-gradient":""},"tablet":{"background-color":"","background-image":"","background-repeat":"repeat","background-position":"center center","background-size":"auto","background-attachment":"scroll","background-type":"","background-media":"","overlay-type":"","overlay-color":"","overlay-opacity":"","overlay-gradient":""},"mobile":{"background-color":"","background-image":"","background-repeat":"repeat","background-position":"center center","background-size":"auto","background-attachment":"scroll","background-type":"","background-media":"","overlay-type":"","overlay-color":"","overlay-opacity":"","overlay-gradient":""}},"ast-content-background-meta":{"desktop":{"background-color":"var(--ast-global-color-4)","background-image":"","background-repeat":"repeat","background-position":"center center","background-size":"auto","background-attachment":"scroll","background-type":"","background-media":"","overlay-type":"","overlay-color":"","overlay-opacity":"","overlay-gradient":""},"tablet":{"background-color":"var(--ast-global-color-4)","background-image":"","background-repeat":"repeat","background-position":"center center","background-size":"auto","background-attachment":"scroll","background-type":"","background-media":"","overlay-type":"","overlay-color":"","overlay-opacity":"","overlay-gradient":""},"mobile":{"background-color":"var(--ast-global-color-4)","background-image":"","background-repeat":"repeat","background-position":"center center","background-size":"auto","background-attachment":"scroll","background-type":"","background-media":"","overlay-type":"","overlay-color":"","overlay-opacity":"","overlay-gradient":""}}},"product_brand":[],"product_cat":[172],"product_tag":[],"class_list":{"0":"post-15298","1":"product","2":"type-product","3":"status-publish","4":"has-post-thumbnail","6":"product_cat-legetoej-boerne-og-babyprodukter","7":"pa_55878_sd2bhub4-beige","8":"pa_55878_sd2bhub4-blaa","9":"pa_55878_sd2bhub4-bourgogne","10":"pa_55878_sd2bhub4-graa","11":"pa_55878_sd2bhub4-lilla","12":"pa_55878_sd2bhub4-lyseroed","13":"pa_55878_sd2bhub4-moerkeblaa","14":"pa_55878_sd2bhub4-orange","15":"pa_55878_sd2bhub4-sort","16":"desktop-align-left","17":"tablet-align-left","18":"mobile-align-left","20":"first","21":"instock","22":"shipping-taxable","23":"purchasable","24":"product-type-variable"},"yoast_head":"<!-- This site is optimized with the Yoast SEO plugin v27.4 - https:\/\/yoast.com\/product\/yoast-seo-wordpress\/ -->\n<title>S\u00e6de med st\u00f8tte til babyens talje - Mekulo DK<\/title>\n<meta name=\"robots\" content=\"index, follow, max-snippet:-1, max-image-preview:large, max-video-preview:-1\" \/>\n<link rel=\"canonical\" href=\"https:\/\/mekulo.com\/dk\/produkt\/saede-med-stoette-til-babyens-talje\/\" \/>\n<meta property=\"og:locale\" content=\"da_DK\" \/>\n<meta property=\"og:type\" content=\"article\" \/>\n<meta property=\"og:title\" content=\"S\u00e6de med st\u00f8tte til babyens talje - Mekulo DK\" \/>\n<meta property=\"og:description\" content=\"Med denne taljest\u00f8tte til babyer kan du nemt holde din baby, mens du har en h\u00e5nd fri. Det reducerer trykket p\u00e5 din rygs\u00f8jle, giver en stabil siddeflade til din baby og er perfekt til for\u00e6ldre, der \u00f8nsker et enkelt alternativ til store b\u00e6reseler.\" \/>\n<meta property=\"og:url\" content=\"https:\/\/mekulo.com\/dk\/produkt\/saede-med-stoette-til-babyens-talje\/\" \/>\n<meta property=\"og:site_name\" content=\"Mekulo DK\" \/>\n<meta property=\"article:modified_time\" content=\"2026-01-05T17:54:51+00:00\" \/>\n<meta property=\"og:image\" content=\"https:\/\/mekulo.com\/dk\/wp-content\/uploads\/sites\/12\/2026\/01\/vpp6a5p-1.jpeg\" \/>\n\t<meta property=\"og:image:width\" content=\"1000\" \/>\n\t<meta property=\"og:image:height\" content=\"1000\" \/>\n\t<meta property=\"og:image:type\" content=\"image\/jpeg\" \/>\n<meta name=\"twitter:card\" content=\"summary_large_image\" \/>\n<meta name=\"twitter:label1\" content=\"Estimeret l\u00e6setid\" \/>\n\t<meta name=\"twitter:data1\" content=\"2 minutter\" \/>\n<script type=\"application\/ld+json\" class=\"yoast-schema-graph\">{\"@context\":\"https:\\\/\\\/schema.org\",\"@graph\":[{\"@type\":\"WebPage\",\"@id\":\"https:\\\/\\\/mekulo.com\\\/dk\\\/produkt\\\/saede-med-stoette-til-babyens-talje\\\/\",\"url\":\"https:\\\/\\\/mekulo.com\\\/dk\\\/produkt\\\/saede-med-stoette-til-babyens-talje\\\/\",\"name\":\"S\u00e6de med st\u00f8tte til babyens talje - Mekulo DK\",\"isPartOf\":{\"@id\":\"https:\\\/\\\/mekulo.com\\\/dk\\\/#website\"},\"primaryImageOfPage\":{\"@id\":\"https:\\\/\\\/mekulo.com\\\/dk\\\/produkt\\\/saede-med-stoette-til-babyens-talje\\\/#primaryimage\"},\"image\":{\"@id\":\"https:\\\/\\\/mekulo.com\\\/dk\\\/produkt\\\/saede-med-stoette-til-babyens-talje\\\/#primaryimage\"},\"thumbnailUrl\":\"https:\\\/\\\/mekulo.com\\\/dk\\\/wp-content\\\/uploads\\\/sites\\\/12\\\/2026\\\/01\\\/vpp6a5p-1.jpeg\",\"datePublished\":\"2026-01-05T15:36:26+00:00\",\"dateModified\":\"2026-01-05T17:54:51+00:00\",\"breadcrumb\":{\"@id\":\"https:\\\/\\\/mekulo.com\\\/dk\\\/produkt\\\/saede-med-stoette-til-babyens-talje\\\/#breadcrumb\"},\"inLanguage\":\"da-DK\",\"potentialAction\":[{\"@type\":\"ReadAction\",\"target\":[\"https:\\\/\\\/mekulo.com\\\/dk\\\/produkt\\\/saede-med-stoette-til-babyens-talje\\\/\"]}]},{\"@type\":\"ImageObject\",\"inLanguage\":\"da-DK\",\"@id\":\"https:\\\/\\\/mekulo.com\\\/dk\\\/produkt\\\/saede-med-stoette-til-babyens-talje\\\/#primaryimage\",\"url\":\"https:\\\/\\\/mekulo.com\\\/dk\\\/wp-content\\\/uploads\\\/sites\\\/12\\\/2026\\\/01\\\/vpp6a5p-1.jpeg\",\"contentUrl\":\"https:\\\/\\\/mekulo.com\\\/dk\\\/wp-content\\\/uploads\\\/sites\\\/12\\\/2026\\\/01\\\/vpp6a5p-1.jpeg\",\"width\":1000,\"height\":1000},{\"@type\":\"BreadcrumbList\",\"@id\":\"https:\\\/\\\/mekulo.com\\\/dk\\\/produkt\\\/saede-med-stoette-til-babyens-talje\\\/#breadcrumb\",\"itemListElement\":[{\"@type\":\"ListItem\",\"position\":1,\"name\":\"Home\",\"item\":\"https:\\\/\\\/mekulo.com\\\/dk\\\/\"},{\"@type\":\"ListItem\",\"position\":2,\"name\":\"Butik\",\"item\":\"https:\\\/\\\/mekulo.com\\\/dk\\\/butik\\\/\"},{\"@type\":\"ListItem\",\"position\":3,\"name\":\"S\u00e6de med st\u00f8tte til babyens talje\"}]},{\"@type\":\"WebSite\",\"@id\":\"https:\\\/\\\/mekulo.com\\\/dk\\\/#website\",\"url\":\"https:\\\/\\\/mekulo.com\\\/dk\\\/\",\"name\":\"Mekulo DK\",\"description\":\"\",\"publisher\":{\"@id\":\"https:\\\/\\\/mekulo.com\\\/dk\\\/#organization\"},\"potentialAction\":[{\"@type\":\"SearchAction\",\"target\":{\"@type\":\"EntryPoint\",\"urlTemplate\":\"https:\\\/\\\/mekulo.com\\\/dk\\\/?s={search_term_string}\"},\"query-input\":{\"@type\":\"PropertyValueSpecification\",\"valueRequired\":true,\"valueName\":\"search_term_string\"}}],\"inLanguage\":\"da-DK\"},{\"@type\":\"Organization\",\"@id\":\"https:\\\/\\\/mekulo.com\\\/dk\\\/#organization\",\"name\":\"Mekulo\",\"url\":\"https:\\\/\\\/mekulo.com\\\/dk\\\/\",\"logo\":{\"@type\":\"ImageObject\",\"inLanguage\":\"da-DK\",\"@id\":\"https:\\\/\\\/mekulo.com\\\/dk\\\/#\\\/schema\\\/logo\\\/image\\\/\",\"url\":\"https:\\\/\\\/mekulo.com\\\/dk\\\/wp-content\\\/uploads\\\/sites\\\/12\\\/2025\\\/12\\\/favicon_mekulo.png\",\"contentUrl\":\"https:\\\/\\\/mekulo.com\\\/dk\\\/wp-content\\\/uploads\\\/sites\\\/12\\\/2025\\\/12\\\/favicon_mekulo.png\",\"width\":50,\"height\":50,\"caption\":\"Mekulo\"},\"image\":{\"@id\":\"https:\\\/\\\/mekulo.com\\\/dk\\\/#\\\/schema\\\/logo\\\/image\\\/\"}}]}<\/script>\n<!-- \/ Yoast SEO plugin. -->","yoast_head_json":{"title":"S\u00e6de med st\u00f8tte til babyens talje - Mekulo DK","robots":{"index":"index","follow":"follow","max-snippet":"max-snippet:-1","max-image-preview":"max-image-preview:large","max-video-preview":"max-video-preview:-1"},"canonical":"https:\/\/mekulo.com\/dk\/produkt\/saede-med-stoette-til-babyens-talje\/","og_locale":"da_DK","og_type":"article","og_title":"S\u00e6de med st\u00f8tte til babyens talje - Mekulo DK","og_description":"Med denne taljest\u00f8tte til babyer kan du nemt holde din baby, mens du har en h\u00e5nd fri. Det reducerer trykket p\u00e5 din rygs\u00f8jle, giver en stabil siddeflade til din baby og er perfekt til for\u00e6ldre, der \u00f8nsker et enkelt alternativ til store b\u00e6reseler.","og_url":"https:\/\/mekulo.com\/dk\/produkt\/saede-med-stoette-til-babyens-talje\/","og_site_name":"Mekulo DK","article_modified_time":"2026-01-05T17:54:51+00:00","og_image":[{"width":1000,"height":1000,"url":"https:\/\/mekulo.com\/dk\/wp-content\/uploads\/sites\/12\/2026\/01\/vpp6a5p-1.jpeg","type":"image\/jpeg"}],"twitter_card":"summary_large_image","twitter_misc":{"Estimeret l\u00e6setid":"2 minutter"},"schema":{"@context":"https:\/\/schema.org","@graph":[{"@type":"WebPage","@id":"https:\/\/mekulo.com\/dk\/produkt\/saede-med-stoette-til-babyens-talje\/","url":"https:\/\/mekulo.com\/dk\/produkt\/saede-med-stoette-til-babyens-talje\/","name":"S\u00e6de med st\u00f8tte til babyens talje - Mekulo DK","isPartOf":{"@id":"https:\/\/mekulo.com\/dk\/#website"},"primaryImageOfPage":{"@id":"https:\/\/mekulo.com\/dk\/produkt\/saede-med-stoette-til-babyens-talje\/#primaryimage"},"image":{"@id":"https:\/\/mekulo.com\/dk\/produkt\/saede-med-stoette-til-babyens-talje\/#primaryimage"},"thumbnailUrl":"https:\/\/mekulo.com\/dk\/wp-content\/uploads\/sites\/12\/2026\/01\/vpp6a5p-1.jpeg","datePublished":"2026-01-05T15:36:26+00:00","dateModified":"2026-01-05T17:54:51+00:00","breadcrumb":{"@id":"https:\/\/mekulo.com\/dk\/produkt\/saede-med-stoette-til-babyens-talje\/#breadcrumb"},"inLanguage":"da-DK","potentialAction":[{"@type":"ReadAction","target":["https:\/\/mekulo.com\/dk\/produkt\/saede-med-stoette-til-babyens-talje\/"]}]},{"@type":"ImageObject","inLanguage":"da-DK","@id":"https:\/\/mekulo.com\/dk\/produkt\/saede-med-stoette-til-babyens-talje\/#primaryimage","url":"https:\/\/mekulo.com\/dk\/wp-content\/uploads\/sites\/12\/2026\/01\/vpp6a5p-1.jpeg","contentUrl":"https:\/\/mekulo.com\/dk\/wp-content\/uploads\/sites\/12\/2026\/01\/vpp6a5p-1.jpeg","width":1000,"height":1000},{"@type":"BreadcrumbList","@id":"https:\/\/mekulo.com\/dk\/produkt\/saede-med-stoette-til-babyens-talje\/#breadcrumb","itemListElement":[{"@type":"ListItem","position":1,"name":"Home","item":"https:\/\/mekulo.com\/dk\/"},{"@type":"ListItem","position":2,"name":"Butik","item":"https:\/\/mekulo.com\/dk\/butik\/"},{"@type":"ListItem","position":3,"name":"S\u00e6de med st\u00f8tte til babyens talje"}]},{"@type":"WebSite","@id":"https:\/\/mekulo.com\/dk\/#website","url":"https:\/\/mekulo.com\/dk\/","name":"Mekulo DK","description":"","publisher":{"@id":"https:\/\/mekulo.com\/dk\/#organization"},"potentialAction":[{"@type":"SearchAction","target":{"@type":"EntryPoint","urlTemplate":"https:\/\/mekulo.com\/dk\/?s={search_term_string}"},"query-input":{"@type":"PropertyValueSpecification","valueRequired":true,"valueName":"search_term_string"}}],"inLanguage":"da-DK"},{"@type":"Organization","@id":"https:\/\/mekulo.com\/dk\/#organization","name":"Mekulo","url":"https:\/\/mekulo.com\/dk\/","logo":{"@type":"ImageObject","inLanguage":"da-DK","@id":"https:\/\/mekulo.com\/dk\/#\/schema\/logo\/image\/","url":"https:\/\/mekulo.com\/dk\/wp-content\/uploads\/sites\/12\/2025\/12\/favicon_mekulo.png","contentUrl":"https:\/\/mekulo.com\/dk\/wp-content\/uploads\/sites\/12\/2025\/12\/favicon_mekulo.png","width":50,"height":50,"caption":"Mekulo"},"image":{"@id":"https:\/\/mekulo.com\/dk\/#\/schema\/logo\/image\/"}}]}},"_links":{"self":[{"href":"https:\/\/mekulo.com\/dk\/wp-json\/wp\/v2\/product\/15298","targetHints":{"allow":["GET"]}}],"collection":[{"href":"https:\/\/mekulo.com\/dk\/wp-json\/wp\/v2\/product"}],"about":[{"href":"https:\/\/mekulo.com\/dk\/wp-json\/wp\/v2\/types\/product"}],"replies":[{"embeddable":true,"href":"https:\/\/mekulo.com\/dk\/wp-json\/wp\/v2\/comments?post=15298"}],"wp:featuredmedia":[{"embeddable":true,"href":"https:\/\/mekulo.com\/dk\/wp-json\/wp\/v2\/media\/15294"}],"wp:attachment":[{"href":"https:\/\/mekulo.com\/dk\/wp-json\/wp\/v2\/media?parent=15298"}],"wp:term":[{"taxonomy":"product_brand","embeddable":true,"href":"https:\/\/mekulo.com\/dk\/wp-json\/wp\/v2\/product_brand?post=15298"},{"taxonomy":"product_cat","embeddable":true,"href":"https:\/\/mekulo.com\/dk\/wp-json\/wp\/v2\/product_cat?post=15298"},{"taxonomy":"product_tag","embeddable":true,"href":"https:\/\/mekulo.com\/dk\/wp-json\/wp\/v2\/product_tag?post=15298"}],"curies":[{"name":"wp","href":"https:\/\/api.w.org\/{rel}","templated":true}]}}