{"id":15281,"date":"2026-01-05T17:32:52","date_gmt":"2026-01-05T15:32:52","guid":{"rendered":"https:\/\/mekulo.com\/dk\/produkt\/vakuumforsegler\/"},"modified":"2026-01-05T19:53:51","modified_gmt":"2026-01-05T17:53:51","slug":"vakuumforsegler","status":"publish","type":"product","link":"https:\/\/mekulo.com\/dk\/produkt\/vakuumforsegler\/","title":{"rendered":"Vakuumforsegler"},"content":{"rendered":"<p style=\"text-align: center;\" data-start=\"184\" data-end=\"216\"><strong data-start=\"184\" data-end=\"216\">15 Poser Er Allerede Inkluderet &#8211; Du Kan V\u00e6lge At Inkludere Flere Poser Ovenfor.<\/strong><\/p>\n<p data-start=\"218\" data-end=\"503\"><img decoding=\"async\" class=\"size-full wp-image-30408 aligncenter\" src=\"https:\/\/keluvo.com\/template\/wp-content\/uploads\/sites\/5\/2025\/08\/ezgif-5-6fd9da4a18-1.webp\" alt=\"\" \/><\/p>\n<h2 style=\"text-align: center;\" data-start=\"505\" data-end=\"524\">Vigtigste fordele \ud83c\udf7d\ufe0f<\/h2>\n<p data-start=\"527\" data-end=\"592\">\ud83e\uddca Forl\u00e6nger holdbarheden af k\u00f8d, gr\u00f8ntsager, snacks og meget mere<\/p>\n<p data-start=\"595\" data-end=\"639\">\ud83e\uddfc Forhindrer frysebrand og madford\u00e6rv<\/p>\n<p data-start=\"642\" data-end=\"703\">\ud83d\udca8 Kraftigt sug og bred forseglingsbredde for en t\u00e6t forsegling<\/p>\n<p data-start=\"706\" data-end=\"758\">\ud83e\uddfa Kompakt og let &#8211; nem at opbevare og use<\/p>\n<p data-start=\"761\" data-end=\"821\">\ud83c\udf7d\ufe0f Perfekt til hjemmekokke, m\u00e5ltidsforberedere og stork\u00f8bere<\/p>\n<p data-start=\"761\" data-end=\"821\"><img decoding=\"async\" class=\"size-full wp-image-30407 aligncenter\" src=\"https:\/\/keluvo.com\/template\/wp-content\/uploads\/sites\/5\/2025\/08\/7-5-600x600-1.jpg\" alt=\"\" \/><\/p>\n<h2 style=\"text-align: center;\" data-start=\"823\" data-end=\"841\">S\u00e5dan bruges den \u2728<\/h2>\n<ol data-start=\"842\" data-end=\"1005\">\n<li data-start=\"842\" data-end=\"881\">\n<p data-start=\"845\" data-end=\"881\">Placer maden i en vakuumpose.<\/p>\n<\/li>\n<li data-start=\"882\" data-end=\"928\">\n<p data-start=\"885\" data-end=\"928\">Inds\u00e6t den \u00e5bne ende i t\u00e6tningsspalten.<\/p>\n<\/li>\n<li data-start=\"929\" data-end=\"1005\">\n<p data-start=\"932\" data-end=\"1005\">Luk l\u00e5get, og tryk p\u00e5 knappen &#8211; forseglingen er f\u00e6rdig p\u00e5 10-20 sekunder.<\/p>\n<\/li>\n<\/ol>\n<h2 style=\"text-align: center;\" data-start=\"1007\" data-end=\"1031\">Produktdetaljer \ud83d\udccb<\/h2>\n<ul data-start=\"1032\" data-end=\"1278\">\n<li data-start=\"1032\" data-end=\"1056\">\n<p data-start=\"1034\" data-end=\"1056\">Forseglingsbredde: 25 mm<\/p>\n<\/li>\n<li data-start=\"1057\" data-end=\"1087\">\n<p data-start=\"1059\" data-end=\"1087\">Maksimal forseglingsl\u00e6ngde: 282 mm<\/p>\n<\/li>\n<li data-start=\"1088\" data-end=\"1119\">\n<p data-start=\"1090\" data-end=\"1119\">Forseglingstid: 10-20 sekunder<\/p>\n<\/li>\n<li data-start=\"1120\" data-end=\"1140\">\n<p data-start=\"1122\" data-end=\"1140\">Noteret effekt: 90W<\/p>\n<\/li>\n<li data-start=\"1141\" data-end=\"1172\">\n<p data-start=\"1143\" data-end=\"1172\">Sp\u00e6nding: 100\u2013240V<\/p>\n<\/li>\n<li data-start=\"1173\" data-end=\"1199\">\n<p data-start=\"1175\" data-end=\"1199\">St\u00f8rrelse: 350 \u00d7 68 \u00d7 48 mm<\/p>\n<\/li>\n<li data-start=\"1200\" data-end=\"1217\">\n<p data-start=\"1202\" data-end=\"1217\">V\u00e6gt: ~363g<\/p>\n<\/li>\n<li data-start=\"1218\" data-end=\"1278\">\n<p data-start=\"1220\" data-end=\"1278\">Ekstraudstyr: Silikoneudluftningsventil til sikker trykaflastning<\/p>\n<\/li>\n<\/ul>\n<h2 style=\"text-align: center;\" data-start=\"1280\" data-end=\"1305\">Pakken indeholder \ud83d\udce6<\/h2>\n<ul data-start=\"1306\" data-end=\"1372\">\n<li data-start=\"1306\" data-end=\"1335\">\n<p data-start=\"1308\" data-end=\"1335\">1x vakuumforsegler<\/p>\n<\/li>\n<li data-start=\"1336\" data-end=\"1353\">\n<p data-start=\"1338\" data-end=\"1353\">1x netledning (EU)<\/p>\n<\/li>\n<li data-start=\"1354\" data-end=\"1372\">\n<p data-start=\"1356\" data-end=\"1372\">1x brugervejledning.<\/p>\n<\/li>\n<li data-start=\"1354\" data-end=\"1372\">15 eller flere poser, hvis valgt<\/li>\n<\/ul>\n","protected":false},"excerpt":{"rendered":"<p>Denne vakuumforsegler holder din mad friskere i l\u00e6ngere tid &#8211; reducerer spild og sparer plads i k\u00f8leskabet eller fryseren. Uanset om du forbereder m\u00e5ltider, opbevarer rester eller beskytter ingredienser, leverer dette kompakte v\u00e6rkt\u00f8j et kraftigt sug og luftt\u00e6t forsegling med et tryk p\u00e5 en knap.<\/p>\n","protected":false},"featured_media":15277,"comment_status":"open","ping_status":"closed","template":"","meta":{"site-sidebar-layout":"default","site-content-layout":"","ast-site-content-layout":"default","site-content-style":"default","site-sidebar-style":"default","ast-global-header-display":"","ast-banner-title-visibility":"","ast-main-header-display":"","ast-hfb-above-header-display":"","ast-hfb-below-header-display":"","ast-hfb-mobile-header-display":"","site-post-title":"","ast-breadcrumbs-content":"","ast-featured-img":"","footer-sml-layout":"","ast-disable-related-posts":"","theme-transparent-header-meta":"default","adv-header-id-meta":"","stick-header-meta":"","header-above-stick-meta":"","header-main-stick-meta":"","header-below-stick-meta":"","astra-migrate-meta-layouts":"set","ast-page-background-enabled":"default","ast-page-background-meta":{"desktop":{"background-color":"var(--ast-global-color-5)","background-image":"","background-repeat":"repeat","background-position":"center center","background-size":"auto","background-attachment":"scroll","background-type":"","background-media":"","overlay-type":"","overlay-color":"","overlay-opacity":"","overlay-gradient":""},"tablet":{"background-color":"","background-image":"","background-repeat":"repeat","background-position":"center center","background-size":"auto","background-attachment":"scroll","background-type":"","background-media":"","overlay-type":"","overlay-color":"","overlay-opacity":"","overlay-gradient":""},"mobile":{"background-color":"","background-image":"","background-repeat":"repeat","background-position":"center center","background-size":"auto","background-attachment":"scroll","background-type":"","background-media":"","overlay-type":"","overlay-color":"","overlay-opacity":"","overlay-gradient":""}},"ast-content-background-meta":{"desktop":{"background-color":"var(--ast-global-color-4)","background-image":"","background-repeat":"repeat","background-position":"center center","background-size":"auto","background-attachment":"scroll","background-type":"","background-media":"","overlay-type":"","overlay-color":"","overlay-opacity":"","overlay-gradient":""},"tablet":{"background-color":"var(--ast-global-color-4)","background-image":"","background-repeat":"repeat","background-position":"center center","background-size":"auto","background-attachment":"scroll","background-type":"","background-media":"","overlay-type":"","overlay-color":"","overlay-opacity":"","overlay-gradient":""},"mobile":{"background-color":"var(--ast-global-color-4)","background-image":"","background-repeat":"repeat","background-position":"center center","background-size":"auto","background-attachment":"scroll","background-type":"","background-media":"","overlay-type":"","overlay-color":"","overlay-opacity":"","overlay-gradient":""}}},"product_brand":[],"product_cat":[168],"product_tag":[],"class_list":{"0":"post-15281","1":"product","2":"type-product","3":"status-publish","4":"has-post-thumbnail","6":"product_cat-husholdningsartikler","7":"pa_45808_srf1o82a-ingen-ekstra-poser","8":"pa_45808_srf1o82a-med-10-poser","9":"pa_45808_srf1o82a-med-30-poser","10":"pa_45808_srf1o82a-med-50-poser","11":"desktop-align-left","12":"tablet-align-left","13":"mobile-align-left","15":"first","16":"instock","17":"shipping-taxable","18":"purchasable","19":"product-type-variable"},"yoast_head":"<!-- This site is optimized with the Yoast SEO plugin v27.4 - https:\/\/yoast.com\/product\/yoast-seo-wordpress\/ -->\n<title>Vakuumforsegler - Mekulo DK<\/title>\n<meta name=\"robots\" content=\"index, follow, max-snippet:-1, max-image-preview:large, max-video-preview:-1\" \/>\n<link rel=\"canonical\" href=\"https:\/\/mekulo.com\/dk\/produkt\/vakuumforsegler\/\" \/>\n<meta property=\"og:locale\" content=\"da_DK\" \/>\n<meta property=\"og:type\" content=\"article\" \/>\n<meta property=\"og:title\" content=\"Vakuumforsegler - Mekulo DK\" \/>\n<meta property=\"og:description\" content=\"Denne vakuumforsegler holder din mad friskere i l\u00e6ngere tid - reducerer spild og sparer plads i k\u00f8leskabet eller fryseren. Uanset om du forbereder m\u00e5ltider, opbevarer rester eller beskytter ingredienser, leverer dette kompakte v\u00e6rkt\u00f8j et kraftigt sug og luftt\u00e6t forsegling med et tryk p\u00e5 en knap.\" \/>\n<meta property=\"og:url\" content=\"https:\/\/mekulo.com\/dk\/produkt\/vakuumforsegler\/\" \/>\n<meta property=\"og:site_name\" content=\"Mekulo DK\" \/>\n<meta property=\"article:modified_time\" content=\"2026-01-05T17:53:51+00:00\" \/>\n<meta property=\"og:image\" content=\"https:\/\/mekulo.com\/dk\/wp-content\/uploads\/sites\/12\/2026\/01\/3qp379t-1.jpg\" \/>\n\t<meta property=\"og:image:width\" content=\"590\" \/>\n\t<meta property=\"og:image:height\" content=\"590\" \/>\n\t<meta property=\"og:image:type\" content=\"image\/jpeg\" \/>\n<meta name=\"twitter:card\" content=\"summary_large_image\" \/>\n<meta name=\"twitter:label1\" content=\"Estimeret l\u00e6setid\" \/>\n\t<meta name=\"twitter:data1\" content=\"2 minutter\" \/>\n<script type=\"application\/ld+json\" class=\"yoast-schema-graph\">{\"@context\":\"https:\\\/\\\/schema.org\",\"@graph\":[{\"@type\":\"WebPage\",\"@id\":\"https:\\\/\\\/mekulo.com\\\/dk\\\/produkt\\\/vakuumforsegler\\\/\",\"url\":\"https:\\\/\\\/mekulo.com\\\/dk\\\/produkt\\\/vakuumforsegler\\\/\",\"name\":\"Vakuumforsegler - Mekulo DK\",\"isPartOf\":{\"@id\":\"https:\\\/\\\/mekulo.com\\\/dk\\\/#website\"},\"primaryImageOfPage\":{\"@id\":\"https:\\\/\\\/mekulo.com\\\/dk\\\/produkt\\\/vakuumforsegler\\\/#primaryimage\"},\"image\":{\"@id\":\"https:\\\/\\\/mekulo.com\\\/dk\\\/produkt\\\/vakuumforsegler\\\/#primaryimage\"},\"thumbnailUrl\":\"https:\\\/\\\/mekulo.com\\\/dk\\\/wp-content\\\/uploads\\\/sites\\\/12\\\/2026\\\/01\\\/3qp379t-1.jpg\",\"datePublished\":\"2026-01-05T15:32:52+00:00\",\"dateModified\":\"2026-01-05T17:53:51+00:00\",\"breadcrumb\":{\"@id\":\"https:\\\/\\\/mekulo.com\\\/dk\\\/produkt\\\/vakuumforsegler\\\/#breadcrumb\"},\"inLanguage\":\"da-DK\",\"potentialAction\":[{\"@type\":\"ReadAction\",\"target\":[\"https:\\\/\\\/mekulo.com\\\/dk\\\/produkt\\\/vakuumforsegler\\\/\"]}]},{\"@type\":\"ImageObject\",\"inLanguage\":\"da-DK\",\"@id\":\"https:\\\/\\\/mekulo.com\\\/dk\\\/produkt\\\/vakuumforsegler\\\/#primaryimage\",\"url\":\"https:\\\/\\\/mekulo.com\\\/dk\\\/wp-content\\\/uploads\\\/sites\\\/12\\\/2026\\\/01\\\/3qp379t-1.jpg\",\"contentUrl\":\"https:\\\/\\\/mekulo.com\\\/dk\\\/wp-content\\\/uploads\\\/sites\\\/12\\\/2026\\\/01\\\/3qp379t-1.jpg\",\"width\":590,\"height\":590},{\"@type\":\"BreadcrumbList\",\"@id\":\"https:\\\/\\\/mekulo.com\\\/dk\\\/produkt\\\/vakuumforsegler\\\/#breadcrumb\",\"itemListElement\":[{\"@type\":\"ListItem\",\"position\":1,\"name\":\"Home\",\"item\":\"https:\\\/\\\/mekulo.com\\\/dk\\\/\"},{\"@type\":\"ListItem\",\"position\":2,\"name\":\"Butik\",\"item\":\"https:\\\/\\\/mekulo.com\\\/dk\\\/butik\\\/\"},{\"@type\":\"ListItem\",\"position\":3,\"name\":\"Vakuumforsegler\"}]},{\"@type\":\"WebSite\",\"@id\":\"https:\\\/\\\/mekulo.com\\\/dk\\\/#website\",\"url\":\"https:\\\/\\\/mekulo.com\\\/dk\\\/\",\"name\":\"Mekulo DK\",\"description\":\"\",\"publisher\":{\"@id\":\"https:\\\/\\\/mekulo.com\\\/dk\\\/#organization\"},\"potentialAction\":[{\"@type\":\"SearchAction\",\"target\":{\"@type\":\"EntryPoint\",\"urlTemplate\":\"https:\\\/\\\/mekulo.com\\\/dk\\\/?s={search_term_string}\"},\"query-input\":{\"@type\":\"PropertyValueSpecification\",\"valueRequired\":true,\"valueName\":\"search_term_string\"}}],\"inLanguage\":\"da-DK\"},{\"@type\":\"Organization\",\"@id\":\"https:\\\/\\\/mekulo.com\\\/dk\\\/#organization\",\"name\":\"Mekulo\",\"url\":\"https:\\\/\\\/mekulo.com\\\/dk\\\/\",\"logo\":{\"@type\":\"ImageObject\",\"inLanguage\":\"da-DK\",\"@id\":\"https:\\\/\\\/mekulo.com\\\/dk\\\/#\\\/schema\\\/logo\\\/image\\\/\",\"url\":\"https:\\\/\\\/mekulo.com\\\/dk\\\/wp-content\\\/uploads\\\/sites\\\/12\\\/2025\\\/12\\\/favicon_mekulo.png\",\"contentUrl\":\"https:\\\/\\\/mekulo.com\\\/dk\\\/wp-content\\\/uploads\\\/sites\\\/12\\\/2025\\\/12\\\/favicon_mekulo.png\",\"width\":50,\"height\":50,\"caption\":\"Mekulo\"},\"image\":{\"@id\":\"https:\\\/\\\/mekulo.com\\\/dk\\\/#\\\/schema\\\/logo\\\/image\\\/\"}}]}<\/script>\n<!-- \/ Yoast SEO plugin. -->","yoast_head_json":{"title":"Vakuumforsegler - Mekulo DK","robots":{"index":"index","follow":"follow","max-snippet":"max-snippet:-1","max-image-preview":"max-image-preview:large","max-video-preview":"max-video-preview:-1"},"canonical":"https:\/\/mekulo.com\/dk\/produkt\/vakuumforsegler\/","og_locale":"da_DK","og_type":"article","og_title":"Vakuumforsegler - Mekulo DK","og_description":"Denne vakuumforsegler holder din mad friskere i l\u00e6ngere tid - reducerer spild og sparer plads i k\u00f8leskabet eller fryseren. Uanset om du forbereder m\u00e5ltider, opbevarer rester eller beskytter ingredienser, leverer dette kompakte v\u00e6rkt\u00f8j et kraftigt sug og luftt\u00e6t forsegling med et tryk p\u00e5 en knap.","og_url":"https:\/\/mekulo.com\/dk\/produkt\/vakuumforsegler\/","og_site_name":"Mekulo DK","article_modified_time":"2026-01-05T17:53:51+00:00","og_image":[{"width":590,"height":590,"url":"https:\/\/mekulo.com\/dk\/wp-content\/uploads\/sites\/12\/2026\/01\/3qp379t-1.jpg","type":"image\/jpeg"}],"twitter_card":"summary_large_image","twitter_misc":{"Estimeret l\u00e6setid":"2 minutter"},"schema":{"@context":"https:\/\/schema.org","@graph":[{"@type":"WebPage","@id":"https:\/\/mekulo.com\/dk\/produkt\/vakuumforsegler\/","url":"https:\/\/mekulo.com\/dk\/produkt\/vakuumforsegler\/","name":"Vakuumforsegler - Mekulo DK","isPartOf":{"@id":"https:\/\/mekulo.com\/dk\/#website"},"primaryImageOfPage":{"@id":"https:\/\/mekulo.com\/dk\/produkt\/vakuumforsegler\/#primaryimage"},"image":{"@id":"https:\/\/mekulo.com\/dk\/produkt\/vakuumforsegler\/#primaryimage"},"thumbnailUrl":"https:\/\/mekulo.com\/dk\/wp-content\/uploads\/sites\/12\/2026\/01\/3qp379t-1.jpg","datePublished":"2026-01-05T15:32:52+00:00","dateModified":"2026-01-05T17:53:51+00:00","breadcrumb":{"@id":"https:\/\/mekulo.com\/dk\/produkt\/vakuumforsegler\/#breadcrumb"},"inLanguage":"da-DK","potentialAction":[{"@type":"ReadAction","target":["https:\/\/mekulo.com\/dk\/produkt\/vakuumforsegler\/"]}]},{"@type":"ImageObject","inLanguage":"da-DK","@id":"https:\/\/mekulo.com\/dk\/produkt\/vakuumforsegler\/#primaryimage","url":"https:\/\/mekulo.com\/dk\/wp-content\/uploads\/sites\/12\/2026\/01\/3qp379t-1.jpg","contentUrl":"https:\/\/mekulo.com\/dk\/wp-content\/uploads\/sites\/12\/2026\/01\/3qp379t-1.jpg","width":590,"height":590},{"@type":"BreadcrumbList","@id":"https:\/\/mekulo.com\/dk\/produkt\/vakuumforsegler\/#breadcrumb","itemListElement":[{"@type":"ListItem","position":1,"name":"Home","item":"https:\/\/mekulo.com\/dk\/"},{"@type":"ListItem","position":2,"name":"Butik","item":"https:\/\/mekulo.com\/dk\/butik\/"},{"@type":"ListItem","position":3,"name":"Vakuumforsegler"}]},{"@type":"WebSite","@id":"https:\/\/mekulo.com\/dk\/#website","url":"https:\/\/mekulo.com\/dk\/","name":"Mekulo DK","description":"","publisher":{"@id":"https:\/\/mekulo.com\/dk\/#organization"},"potentialAction":[{"@type":"SearchAction","target":{"@type":"EntryPoint","urlTemplate":"https:\/\/mekulo.com\/dk\/?s={search_term_string}"},"query-input":{"@type":"PropertyValueSpecification","valueRequired":true,"valueName":"search_term_string"}}],"inLanguage":"da-DK"},{"@type":"Organization","@id":"https:\/\/mekulo.com\/dk\/#organization","name":"Mekulo","url":"https:\/\/mekulo.com\/dk\/","logo":{"@type":"ImageObject","inLanguage":"da-DK","@id":"https:\/\/mekulo.com\/dk\/#\/schema\/logo\/image\/","url":"https:\/\/mekulo.com\/dk\/wp-content\/uploads\/sites\/12\/2025\/12\/favicon_mekulo.png","contentUrl":"https:\/\/mekulo.com\/dk\/wp-content\/uploads\/sites\/12\/2025\/12\/favicon_mekulo.png","width":50,"height":50,"caption":"Mekulo"},"image":{"@id":"https:\/\/mekulo.com\/dk\/#\/schema\/logo\/image\/"}}]}},"_links":{"self":[{"href":"https:\/\/mekulo.com\/dk\/wp-json\/wp\/v2\/product\/15281","targetHints":{"allow":["GET"]}}],"collection":[{"href":"https:\/\/mekulo.com\/dk\/wp-json\/wp\/v2\/product"}],"about":[{"href":"https:\/\/mekulo.com\/dk\/wp-json\/wp\/v2\/types\/product"}],"replies":[{"embeddable":true,"href":"https:\/\/mekulo.com\/dk\/wp-json\/wp\/v2\/comments?post=15281"}],"wp:featuredmedia":[{"embeddable":true,"href":"https:\/\/mekulo.com\/dk\/wp-json\/wp\/v2\/media\/15277"}],"wp:attachment":[{"href":"https:\/\/mekulo.com\/dk\/wp-json\/wp\/v2\/media?parent=15281"}],"wp:term":[{"taxonomy":"product_brand","embeddable":true,"href":"https:\/\/mekulo.com\/dk\/wp-json\/wp\/v2\/product_brand?post=15281"},{"taxonomy":"product_cat","embeddable":true,"href":"https:\/\/mekulo.com\/dk\/wp-json\/wp\/v2\/product_cat?post=15281"},{"taxonomy":"product_tag","embeddable":true,"href":"https:\/\/mekulo.com\/dk\/wp-json\/wp\/v2\/product_tag?post=15281"}],"curies":[{"name":"wp","href":"https:\/\/api.w.org\/{rel}","templated":true}]}}