{"id":15249,"date":"2026-01-05T17:28:37","date_gmt":"2026-01-05T15:28:37","guid":{"rendered":"https:\/\/mekulo.com\/dk\/produkt\/3d-puslespil-labyrint-terning\/"},"modified":"2026-01-05T19:50:46","modified_gmt":"2026-01-05T17:50:46","slug":"3d-puslespil-labyrint-terning","status":"publish","type":"product","link":"https:\/\/mekulo.com\/dk\/produkt\/3d-puslespil-labyrint-terning\/","title":{"rendered":"3D-puslespil-labyrint-terning"},"content":{"rendered":"<p style=\"text-align: center;\" data-start=\"0\" data-end=\"113\"><strong>Udfordr din hjerne og aflast din stress med en 3D-puslespilsterning, der tager probleml\u00f8sning til det n\u00e6ste niveau. \ud83e\udde0\ud83c\udfb2<\/strong><\/p>\n<p data-start=\"115\" data-end=\"383\"><img decoding=\"async\" class=\"size-full wp-image-39298 aligncenter\" src=\"https:\/\/keluvo.com\/template\/wp-content\/uploads\/sites\/5\/2025\/10\/102213-ezgif.com-video-to-webp-converter-1.webp\" alt=\"\" \/><\/p>\n<h2 style=\"text-align: center;\" data-start=\"385\" data-end=\"406\">\u2705 Hovedfordele<\/h2>\n<p data-start=\"409\" data-end=\"484\">\ud83e\udde9 \u00d8ger hjernekapaciteten &#8211; forbedrer probleml\u00f8sning og rumlig bevidsthed.<\/p>\n<p data-start=\"487\" data-end=\"557\">\ud83e\uddd8 Lindrer stress og angst &#8211; holder dine h\u00e6nder og dit sind engageret.<\/p>\n<p data-start=\"560\" data-end=\"630\">\u2699\ufe0f Unik roterende labyrint &#8211; drej, vend og vip for at flytte bolden.<\/p>\n<p data-start=\"633\" data-end=\"706\">\ud83c\udfc6 Udfordrende og givende &#8211; perfekt til puslespilselskere og t\u00e6nkere.<\/p>\n<p data-start=\"709\" data-end=\"786\">\ud83c\udf92 B\u00e6rbar og let &#8211; fantastisk til rejser, skrivebordspauser eller leg derhjemme.<\/p>\n<p data-start=\"789\" data-end=\"868\">\ud83c\udf81 God gaveid\u00e9 &#8211; perfekt til teenagere og voksne, der nyder hjernevridere.<\/p>\n<p data-start=\"789\" data-end=\"868\"><img decoding=\"async\" class=\"size-full wp-image-39300 aligncenter\" src=\"https:\/\/keluvo.com\/template\/wp-content\/uploads\/sites\/5\/2025\/10\/S76fc17bf18d7495ca34393a122f26d74P.jpg_960x960q75.jpg_.avif\" alt=\"\" \/><\/p>\n<h2 style=\"text-align: center;\" data-start=\"870\" data-end=\"890\">\ud83d\udee0\ufe0f S\u00e5dan bruges<\/h2>\n<ol data-start=\"891\" data-end=\"1129\">\n<li data-start=\"891\" data-end=\"945\">\n<p data-start=\"894\" data-end=\"945\">Start med at placere bolden ved startpunktet.<\/p>\n<\/li>\n<li data-start=\"946\" data-end=\"1009\">\n<p data-start=\"949\" data-end=\"1009\">Drej og vip terningen for at styre bolden langs labyrinten.<\/p>\n<\/li>\n<li data-start=\"1010\" data-end=\"1067\">\n<p data-start=\"1013\" data-end=\"1067\">Hvis du rammer en blindgyde, skal du observere og finde en ny rute.<\/p>\n<\/li>\n<li data-start=\"1068\" data-end=\"1129\">\n<p data-start=\"1071\" data-end=\"1129\">Forts\u00e6t med at navigere, indtil bolden n\u00e5r slutpunktet.<\/p>\n<\/li>\n<\/ol>\n<h2 style=\"text-align: center;\" data-start=\"1131\" data-end=\"1155\">\ud83d\udccf Produktdetaljer<\/h2>\n<ul data-start=\"1156\" data-end=\"1376\">\n<li data-start=\"1156\" data-end=\"1193\">\n<p data-start=\"1158\" data-end=\"1193\">Materiale: Holdbar plast + metal<\/p>\n<\/li>\n<li data-start=\"1194\" data-end=\"1219\">\n<p data-start=\"1196\" data-end=\"1219\">St\u00f8rrelse: 85 x 85 x 85 mm<\/p>\n<\/li>\n<li data-start=\"1220\" data-end=\"1253\">\n<p data-start=\"1222\" data-end=\"1253\">V\u00e6gt: 0,26 kg (letv\u00e6gt)<\/p>\n<\/li>\n<li data-start=\"1254\" data-end=\"1305\">\n<p data-start=\"1256\" data-end=\"1305\">Anbefalet alder: 14+ (ideel til teenagere og voksne)<\/p>\n<\/li>\n<li data-start=\"1306\" data-end=\"1342\">\n<p data-start=\"1308\" data-end=\"1342\">Emballage: Den leveres i en sikker \u00e6ske<\/p>\n<\/li>\n<\/ul>\n<h2 style=\"text-align: center;\" data-start=\"1378\" data-end=\"1403\">\ud83d\udce6 Pakken indeholder<\/h2>\n<ul data-start=\"1404\" data-end=\"1441\">\n<li data-start=\"1404\" data-end=\"1441\">\n<p data-start=\"1406\" data-end=\"1441\">1x 3D-puslespilslabyrint.<\/p>\n<\/li>\n<\/ul>\n","protected":false},"excerpt":{"rendered":"<p>Denne 3D-puslespilsterning kombinerer sp\u00e6ndingen ved et labyrintspil med det sjove ved at dreje og vende en terning. F\u00f8r den lille metalkugle gennem komplekse baner ved at dreje og vippe terningen &#8211; det styrker fokus, t\u00e5lmodighed og rumlig t\u00e6nkning, mens du har det sjovt.<\/p>\n","protected":false},"featured_media":15245,"comment_status":"open","ping_status":"closed","template":"","meta":{"site-sidebar-layout":"default","site-content-layout":"","ast-site-content-layout":"default","site-content-style":"default","site-sidebar-style":"default","ast-global-header-display":"","ast-banner-title-visibility":"","ast-main-header-display":"","ast-hfb-above-header-display":"","ast-hfb-below-header-display":"","ast-hfb-mobile-header-display":"","site-post-title":"","ast-breadcrumbs-content":"","ast-featured-img":"","footer-sml-layout":"","theme-transparent-header-meta":"default","adv-header-id-meta":"","stick-header-meta":"","header-above-stick-meta":"","header-main-stick-meta":"","header-below-stick-meta":"","astra-migrate-meta-layouts":"set","ast-page-background-enabled":"default","ast-page-background-meta":{"desktop":{"background-color":"var(--ast-global-color-5)","background-image":"","background-repeat":"repeat","background-position":"center center","background-size":"auto","background-attachment":"scroll","background-type":"","background-media":"","overlay-type":"","overlay-color":"","overlay-opacity":"","overlay-gradient":""},"tablet":{"background-color":"","background-image":"","background-repeat":"repeat","background-position":"center center","background-size":"auto","background-attachment":"scroll","background-type":"","background-media":"","overlay-type":"","overlay-color":"","overlay-opacity":"","overlay-gradient":""},"mobile":{"background-color":"","background-image":"","background-repeat":"repeat","background-position":"center center","background-size":"auto","background-attachment":"scroll","background-type":"","background-media":"","overlay-type":"","overlay-color":"","overlay-opacity":"","overlay-gradient":""}},"ast-content-background-meta":{"desktop":{"background-color":"var(--ast-global-color-4)","background-image":"","background-repeat":"repeat","background-position":"center center","background-size":"auto","background-attachment":"scroll","background-type":"","background-media":"","overlay-type":"","overlay-color":"","overlay-opacity":"","overlay-gradient":""},"tablet":{"background-color":"var(--ast-global-color-4)","background-image":"","background-repeat":"repeat","background-position":"center center","background-size":"auto","background-attachment":"scroll","background-type":"","background-media":"","overlay-type":"","overlay-color":"","overlay-opacity":"","overlay-gradient":""},"mobile":{"background-color":"var(--ast-global-color-4)","background-image":"","background-repeat":"repeat","background-position":"center center","background-size":"auto","background-attachment":"scroll","background-type":"","background-media":"","overlay-type":"","overlay-color":"","overlay-opacity":"","overlay-gradient":""}}},"product_brand":[],"product_cat":[172],"product_tag":[],"class_list":{"0":"post-15249","1":"product","2":"type-product","3":"status-publish","4":"has-post-thumbnail","6":"product_cat-legetoej-boerne-og-babyprodukter","7":"pa_49582_r6hfwbc7-groen","8":"pa_49582_r6hfwbc7-gul","9":"pa_49582_r6hfwbc7-hvid-transparent","10":"pa_49582_r6hfwbc7-orange","11":"pa_49582_r6hfwbc7-orange-groen","12":"desktop-align-left","13":"tablet-align-left","14":"mobile-align-left","16":"first","17":"instock","18":"shipping-taxable","19":"purchasable","20":"product-type-variable"},"yoast_head":"<!-- This site is optimized with the Yoast SEO plugin v26.6 - https:\/\/yoast.com\/wordpress\/plugins\/seo\/ -->\n<title>3D-puslespil-labyrint-terning - Mekulo DK<\/title>\n<meta name=\"robots\" content=\"index, follow, max-snippet:-1, max-image-preview:large, max-video-preview:-1\" \/>\n<link rel=\"canonical\" href=\"https:\/\/mekulo.com\/dk\/produkt\/3d-puslespil-labyrint-terning\/\" \/>\n<meta property=\"og:locale\" content=\"da_DK\" \/>\n<meta property=\"og:type\" content=\"article\" \/>\n<meta property=\"og:title\" content=\"3D-puslespil-labyrint-terning - Mekulo DK\" \/>\n<meta property=\"og:description\" content=\"Denne 3D-puslespilsterning kombinerer sp\u00e6ndingen ved et labyrintspil med det sjove ved at dreje og vende en terning. F\u00f8r den lille metalkugle gennem komplekse baner ved at dreje og vippe terningen - det styrker fokus, t\u00e5lmodighed og rumlig t\u00e6nkning, mens du har det sjovt.\" \/>\n<meta property=\"og:url\" content=\"https:\/\/mekulo.com\/dk\/produkt\/3d-puslespil-labyrint-terning\/\" \/>\n<meta property=\"og:site_name\" content=\"Mekulo DK\" \/>\n<meta property=\"article:modified_time\" content=\"2026-01-05T17:50:46+00:00\" \/>\n<meta property=\"og:image\" content=\"https:\/\/mekulo.com\/dk\/wp-content\/uploads\/sites\/12\/2026\/01\/1prq4c1-1.jpg\" \/>\n\t<meta property=\"og:image:width\" content=\"800\" \/>\n\t<meta property=\"og:image:height\" content=\"800\" \/>\n\t<meta property=\"og:image:type\" content=\"image\/jpeg\" \/>\n<meta name=\"twitter:card\" content=\"summary_large_image\" \/>\n<meta name=\"twitter:label1\" content=\"Estimeret l\u00e6setid\" \/>\n\t<meta name=\"twitter:data1\" content=\"2 minutter\" \/>\n<script type=\"application\/ld+json\" class=\"yoast-schema-graph\">{\"@context\":\"https:\/\/schema.org\",\"@graph\":[{\"@type\":\"WebPage\",\"@id\":\"https:\/\/mekulo.com\/dk\/produkt\/3d-puslespil-labyrint-terning\/\",\"url\":\"https:\/\/mekulo.com\/dk\/produkt\/3d-puslespil-labyrint-terning\/\",\"name\":\"3D-puslespil-labyrint-terning - Mekulo DK\",\"isPartOf\":{\"@id\":\"https:\/\/mekulo.com\/dk\/#website\"},\"primaryImageOfPage\":{\"@id\":\"https:\/\/mekulo.com\/dk\/produkt\/3d-puslespil-labyrint-terning\/#primaryimage\"},\"image\":{\"@id\":\"https:\/\/mekulo.com\/dk\/produkt\/3d-puslespil-labyrint-terning\/#primaryimage\"},\"thumbnailUrl\":\"https:\/\/mekulo.com\/dk\/wp-content\/uploads\/sites\/12\/2026\/01\/1prq4c1-1.jpg\",\"datePublished\":\"2026-01-05T15:28:37+00:00\",\"dateModified\":\"2026-01-05T17:50:46+00:00\",\"breadcrumb\":{\"@id\":\"https:\/\/mekulo.com\/dk\/produkt\/3d-puslespil-labyrint-terning\/#breadcrumb\"},\"inLanguage\":\"da-DK\",\"potentialAction\":[{\"@type\":\"ReadAction\",\"target\":[\"https:\/\/mekulo.com\/dk\/produkt\/3d-puslespil-labyrint-terning\/\"]}]},{\"@type\":\"ImageObject\",\"inLanguage\":\"da-DK\",\"@id\":\"https:\/\/mekulo.com\/dk\/produkt\/3d-puslespil-labyrint-terning\/#primaryimage\",\"url\":\"https:\/\/mekulo.com\/dk\/wp-content\/uploads\/sites\/12\/2026\/01\/1prq4c1-1.jpg\",\"contentUrl\":\"https:\/\/mekulo.com\/dk\/wp-content\/uploads\/sites\/12\/2026\/01\/1prq4c1-1.jpg\",\"width\":800,\"height\":800},{\"@type\":\"BreadcrumbList\",\"@id\":\"https:\/\/mekulo.com\/dk\/produkt\/3d-puslespil-labyrint-terning\/#breadcrumb\",\"itemListElement\":[{\"@type\":\"ListItem\",\"position\":1,\"name\":\"Home\",\"item\":\"https:\/\/mekulo.com\/dk\/\"},{\"@type\":\"ListItem\",\"position\":2,\"name\":\"Butik\",\"item\":\"https:\/\/mekulo.com\/dk\/butik\/\"},{\"@type\":\"ListItem\",\"position\":3,\"name\":\"3D-puslespil-labyrint-terning\"}]},{\"@type\":\"WebSite\",\"@id\":\"https:\/\/mekulo.com\/dk\/#website\",\"url\":\"https:\/\/mekulo.com\/dk\/\",\"name\":\"Mekulo DK\",\"description\":\"\",\"publisher\":{\"@id\":\"https:\/\/mekulo.com\/dk\/#organization\"},\"potentialAction\":[{\"@type\":\"SearchAction\",\"target\":{\"@type\":\"EntryPoint\",\"urlTemplate\":\"https:\/\/mekulo.com\/dk\/?s={search_term_string}\"},\"query-input\":{\"@type\":\"PropertyValueSpecification\",\"valueRequired\":true,\"valueName\":\"search_term_string\"}}],\"inLanguage\":\"da-DK\"},{\"@type\":\"Organization\",\"@id\":\"https:\/\/mekulo.com\/dk\/#organization\",\"name\":\"Mekulo\",\"url\":\"https:\/\/mekulo.com\/dk\/\",\"logo\":{\"@type\":\"ImageObject\",\"inLanguage\":\"da-DK\",\"@id\":\"https:\/\/mekulo.com\/dk\/#\/schema\/logo\/image\/\",\"url\":\"https:\/\/mekulo.com\/dk\/wp-content\/uploads\/sites\/12\/2025\/12\/favicon_mekulo.png\",\"contentUrl\":\"https:\/\/mekulo.com\/dk\/wp-content\/uploads\/sites\/12\/2025\/12\/favicon_mekulo.png\",\"width\":50,\"height\":50,\"caption\":\"Mekulo\"},\"image\":{\"@id\":\"https:\/\/mekulo.com\/dk\/#\/schema\/logo\/image\/\"}}]}<\/script>\n<!-- \/ Yoast SEO plugin. -->","yoast_head_json":{"title":"3D-puslespil-labyrint-terning - Mekulo DK","robots":{"index":"index","follow":"follow","max-snippet":"max-snippet:-1","max-image-preview":"max-image-preview:large","max-video-preview":"max-video-preview:-1"},"canonical":"https:\/\/mekulo.com\/dk\/produkt\/3d-puslespil-labyrint-terning\/","og_locale":"da_DK","og_type":"article","og_title":"3D-puslespil-labyrint-terning - Mekulo DK","og_description":"Denne 3D-puslespilsterning kombinerer sp\u00e6ndingen ved et labyrintspil med det sjove ved at dreje og vende en terning. F\u00f8r den lille metalkugle gennem komplekse baner ved at dreje og vippe terningen - det styrker fokus, t\u00e5lmodighed og rumlig t\u00e6nkning, mens du har det sjovt.","og_url":"https:\/\/mekulo.com\/dk\/produkt\/3d-puslespil-labyrint-terning\/","og_site_name":"Mekulo DK","article_modified_time":"2026-01-05T17:50:46+00:00","og_image":[{"width":800,"height":800,"url":"https:\/\/mekulo.com\/dk\/wp-content\/uploads\/sites\/12\/2026\/01\/1prq4c1-1.jpg","type":"image\/jpeg"}],"twitter_card":"summary_large_image","twitter_misc":{"Estimeret l\u00e6setid":"2 minutter"},"schema":{"@context":"https:\/\/schema.org","@graph":[{"@type":"WebPage","@id":"https:\/\/mekulo.com\/dk\/produkt\/3d-puslespil-labyrint-terning\/","url":"https:\/\/mekulo.com\/dk\/produkt\/3d-puslespil-labyrint-terning\/","name":"3D-puslespil-labyrint-terning - Mekulo DK","isPartOf":{"@id":"https:\/\/mekulo.com\/dk\/#website"},"primaryImageOfPage":{"@id":"https:\/\/mekulo.com\/dk\/produkt\/3d-puslespil-labyrint-terning\/#primaryimage"},"image":{"@id":"https:\/\/mekulo.com\/dk\/produkt\/3d-puslespil-labyrint-terning\/#primaryimage"},"thumbnailUrl":"https:\/\/mekulo.com\/dk\/wp-content\/uploads\/sites\/12\/2026\/01\/1prq4c1-1.jpg","datePublished":"2026-01-05T15:28:37+00:00","dateModified":"2026-01-05T17:50:46+00:00","breadcrumb":{"@id":"https:\/\/mekulo.com\/dk\/produkt\/3d-puslespil-labyrint-terning\/#breadcrumb"},"inLanguage":"da-DK","potentialAction":[{"@type":"ReadAction","target":["https:\/\/mekulo.com\/dk\/produkt\/3d-puslespil-labyrint-terning\/"]}]},{"@type":"ImageObject","inLanguage":"da-DK","@id":"https:\/\/mekulo.com\/dk\/produkt\/3d-puslespil-labyrint-terning\/#primaryimage","url":"https:\/\/mekulo.com\/dk\/wp-content\/uploads\/sites\/12\/2026\/01\/1prq4c1-1.jpg","contentUrl":"https:\/\/mekulo.com\/dk\/wp-content\/uploads\/sites\/12\/2026\/01\/1prq4c1-1.jpg","width":800,"height":800},{"@type":"BreadcrumbList","@id":"https:\/\/mekulo.com\/dk\/produkt\/3d-puslespil-labyrint-terning\/#breadcrumb","itemListElement":[{"@type":"ListItem","position":1,"name":"Home","item":"https:\/\/mekulo.com\/dk\/"},{"@type":"ListItem","position":2,"name":"Butik","item":"https:\/\/mekulo.com\/dk\/butik\/"},{"@type":"ListItem","position":3,"name":"3D-puslespil-labyrint-terning"}]},{"@type":"WebSite","@id":"https:\/\/mekulo.com\/dk\/#website","url":"https:\/\/mekulo.com\/dk\/","name":"Mekulo DK","description":"","publisher":{"@id":"https:\/\/mekulo.com\/dk\/#organization"},"potentialAction":[{"@type":"SearchAction","target":{"@type":"EntryPoint","urlTemplate":"https:\/\/mekulo.com\/dk\/?s={search_term_string}"},"query-input":{"@type":"PropertyValueSpecification","valueRequired":true,"valueName":"search_term_string"}}],"inLanguage":"da-DK"},{"@type":"Organization","@id":"https:\/\/mekulo.com\/dk\/#organization","name":"Mekulo","url":"https:\/\/mekulo.com\/dk\/","logo":{"@type":"ImageObject","inLanguage":"da-DK","@id":"https:\/\/mekulo.com\/dk\/#\/schema\/logo\/image\/","url":"https:\/\/mekulo.com\/dk\/wp-content\/uploads\/sites\/12\/2025\/12\/favicon_mekulo.png","contentUrl":"https:\/\/mekulo.com\/dk\/wp-content\/uploads\/sites\/12\/2025\/12\/favicon_mekulo.png","width":50,"height":50,"caption":"Mekulo"},"image":{"@id":"https:\/\/mekulo.com\/dk\/#\/schema\/logo\/image\/"}}]}},"_links":{"self":[{"href":"https:\/\/mekulo.com\/dk\/wp-json\/wp\/v2\/product\/15249","targetHints":{"allow":["GET"]}}],"collection":[{"href":"https:\/\/mekulo.com\/dk\/wp-json\/wp\/v2\/product"}],"about":[{"href":"https:\/\/mekulo.com\/dk\/wp-json\/wp\/v2\/types\/product"}],"replies":[{"embeddable":true,"href":"https:\/\/mekulo.com\/dk\/wp-json\/wp\/v2\/comments?post=15249"}],"wp:featuredmedia":[{"embeddable":true,"href":"https:\/\/mekulo.com\/dk\/wp-json\/wp\/v2\/media\/15245"}],"wp:attachment":[{"href":"https:\/\/mekulo.com\/dk\/wp-json\/wp\/v2\/media?parent=15249"}],"wp:term":[{"taxonomy":"product_brand","embeddable":true,"href":"https:\/\/mekulo.com\/dk\/wp-json\/wp\/v2\/product_brand?post=15249"},{"taxonomy":"product_cat","embeddable":true,"href":"https:\/\/mekulo.com\/dk\/wp-json\/wp\/v2\/product_cat?post=15249"},{"taxonomy":"product_tag","embeddable":true,"href":"https:\/\/mekulo.com\/dk\/wp-json\/wp\/v2\/product_tag?post=15249"}],"curies":[{"name":"wp","href":"https:\/\/api.w.org\/{rel}","templated":true}]}}