{"id":15187,"date":"2026-01-05T17:21:24","date_gmt":"2026-01-05T15:21:24","guid":{"rendered":"https:\/\/mekulo.com\/dk\/produkt\/forrude-til-motorcykel\/"},"modified":"2026-01-05T19:45:10","modified_gmt":"2026-01-05T17:45:10","slug":"forrude-til-motorcykel","status":"publish","type":"product","link":"https:\/\/mekulo.com\/dk\/produkt\/forrude-til-motorcykel\/","title":{"rendered":"Forrude til motorcykel"},"content":{"rendered":"<p style=\"text-align: center;\" data-start=\"0\" data-end=\"79\"><strong data-start=\"0\" data-end=\"79\">Beskyt dig selv mod vind og regn, mens du bevarer et klart udsyn over vejen. \ud83d\udef5<\/strong><\/p>\n<p data-start=\"81\" data-end=\"299\"><img fetchpriority=\"high\" decoding=\"async\" class=\"size-full wp-image-45671 aligncenter\" src=\"https:\/\/keluvo.com\/template\/wp-content\/uploads\/sites\/5\/2025\/12\/10224-ezgif.com-video-to-webp-converter-5.webp\" alt=\"\" width=\"500\" height=\"625\" \/><\/p>\n<h2 style=\"text-align: center;\" data-start=\"301\" data-end=\"321\">Hovedfordele \ud83d\ude80<\/h2>\n<p data-start=\"324\" data-end=\"403\">\ud83d\udef5 Universel pasform &#8211; kompatibel med mange motorcykler og elektriske k\u00f8ret\u00f8jer.<\/p>\n<p data-start=\"406\" data-end=\"478\">\ud83d\udc40 Klar synlighed &#8211; high-definition gennemsigtighed for sikker k\u00f8rsel.<\/p>\n<p data-start=\"481\" data-end=\"543\">\ud83c\udf27\ufe0f Regnbeskyttelse &#8211; beskytter dig mod regn og st\u00e6nk.<\/p>\n<p data-start=\"546\" data-end=\"619\">\ud83d\udcaa Holdbart materiale &#8211; lavet af st\u00e6rk, slidst\u00e6rk polyethylen.<\/p>\n<p data-start=\"622\" data-end=\"702\">\ud83c\udf0f Brug i alle klimaer &#8211; velegnet til forskellige regioner og vejrforhold.<\/p>\n<p data-start=\"622\" data-end=\"702\"><img decoding=\"async\" class=\"size-full wp-image-45675 aligncenter\" src=\"https:\/\/keluvo.com\/template\/wp-content\/uploads\/sites\/5\/2025\/12\/70e7b3956a1c3b3a2efb1da074cb0c9c.webp\" alt=\"\" width=\"790\" height=\"574\" \/><\/p>\n<h2 style=\"text-align: center;\" data-start=\"704\" data-end=\"722\">S\u00e5dan bruges \ud83d\udd79\ufe0f<\/h2>\n<ol data-start=\"723\" data-end=\"958\">\n<li data-start=\"723\" data-end=\"804\">\n<p data-start=\"726\" data-end=\"804\">Juster forruden med din motorcykel eller dit elektriske k\u00f8ret\u00f8js monteringsomr\u00e5de.<\/p>\n<\/li>\n<li data-start=\"805\" data-end=\"860\">\n<p data-start=\"808\" data-end=\"860\">Fastg\u00f8r den ved hj\u00e6lp af det passende monteringsudstyr.<\/p>\n<\/li>\n<li data-start=\"861\" data-end=\"916\">\n<p data-start=\"864\" data-end=\"916\">Juster positionen for at f\u00e5 den bedste h\u00f8jde og vinkel.<\/p>\n<\/li>\n<li data-start=\"917\" data-end=\"958\">\n<p data-start=\"920\" data-end=\"958\">Sp\u00e6nd alle fastg\u00f8relseselementer, f\u00f8r du k\u00f8rer.<\/p>\n<\/li>\n<\/ol>\n<h2 style=\"text-align: center;\" data-start=\"960\" data-end=\"982\">Produktdetaljer \ud83d\udccb<\/h2>\n<ul data-start=\"983\" data-end=\"1266\">\n<li data-start=\"1023\" data-end=\"1054\">\n<p data-start=\"1025\" data-end=\"1054\">Materiale: polyethylen (PE)<\/p>\n<\/li>\n<li data-start=\"1055\" data-end=\"1103\">\n<p data-start=\"1057\" data-end=\"1103\">Design: gennemsigtig, high-definition klarhed<\/p>\n<\/li>\n<li data-start=\"1104\" data-end=\"1142\">\n<p data-start=\"1106\" data-end=\"1142\">Funktion: vind- og regnbeskyttelse<\/p>\n<\/li>\n<li data-start=\"1143\" data-end=\"1209\">\n<p data-start=\"1145\" data-end=\"1209\">Kompatibilitet: universal til motorcykler og elektriske k\u00f8ret\u00f8jer<\/p>\n<\/li>\n<li data-start=\"1210\" data-end=\"1266\">\n<p data-start=\"1212\" data-end=\"1266\">Brug: daglig k\u00f8rsel, pendling, beskyttelse i al slags vejr<\/p>\n<\/li>\n<li data-start=\"1210\" data-end=\"1266\">St\u00f8rrelser: S, M L<\/li>\n<\/ul>\n<h2 style=\"text-align: center;\" data-start=\"1268\" data-end=\"1291\">Pakken indeholder \ud83d\udce6<\/h2>\n<ul data-start=\"1292\" data-end=\"1321\">\n<li data-start=\"1292\" data-end=\"1321\">\n<p data-start=\"1294\" data-end=\"1321\">1x forrude til motorcykel.<\/p>\n<\/li>\n<\/ul>\n","protected":false},"excerpt":{"rendered":"<p>Denne motorcykelforrude \u00f8ger komforten og sikkerheden p\u00e5 din tur ved at reducere vindp\u00e5virkningen og blokere for regn. Dens gennemsigtige design og universelle pasform g\u00f8r den til en praktisk opgradering til mange motorcykler og elektriske k\u00f8ret\u00f8jer. <span style=\"font-size: 16px;\">En enkel og effektiv forrude, der forbedrer komforten, udsynet og beskyttelsen p\u00e5 hver eneste tur.<\/span><\/p>\n","protected":false},"featured_media":15183,"comment_status":"open","ping_status":"closed","template":"","meta":{"site-sidebar-layout":"default","site-content-layout":"","ast-site-content-layout":"default","site-content-style":"default","site-sidebar-style":"default","ast-global-header-display":"","ast-banner-title-visibility":"","ast-main-header-display":"","ast-hfb-above-header-display":"","ast-hfb-below-header-display":"","ast-hfb-mobile-header-display":"","site-post-title":"","ast-breadcrumbs-content":"","ast-featured-img":"","footer-sml-layout":"","ast-disable-related-posts":"","theme-transparent-header-meta":"default","adv-header-id-meta":"","stick-header-meta":"","header-above-stick-meta":"","header-main-stick-meta":"","header-below-stick-meta":"","astra-migrate-meta-layouts":"set","ast-page-background-enabled":"default","ast-page-background-meta":{"desktop":{"background-color":"var(--ast-global-color-5)","background-image":"","background-repeat":"repeat","background-position":"center center","background-size":"auto","background-attachment":"scroll","background-type":"","background-media":"","overlay-type":"","overlay-color":"","overlay-opacity":"","overlay-gradient":""},"tablet":{"background-color":"","background-image":"","background-repeat":"repeat","background-position":"center center","background-size":"auto","background-attachment":"scroll","background-type":"","background-media":"","overlay-type":"","overlay-color":"","overlay-opacity":"","overlay-gradient":""},"mobile":{"background-color":"","background-image":"","background-repeat":"repeat","background-position":"center center","background-size":"auto","background-attachment":"scroll","background-type":"","background-media":"","overlay-type":"","overlay-color":"","overlay-opacity":"","overlay-gradient":""}},"ast-content-background-meta":{"desktop":{"background-color":"var(--ast-global-color-4)","background-image":"","background-repeat":"repeat","background-position":"center center","background-size":"auto","background-attachment":"scroll","background-type":"","background-media":"","overlay-type":"","overlay-color":"","overlay-opacity":"","overlay-gradient":""},"tablet":{"background-color":"var(--ast-global-color-4)","background-image":"","background-repeat":"repeat","background-position":"center center","background-size":"auto","background-attachment":"scroll","background-type":"","background-media":"","overlay-type":"","overlay-color":"","overlay-opacity":"","overlay-gradient":""},"mobile":{"background-color":"var(--ast-global-color-4)","background-image":"","background-repeat":"repeat","background-position":"center center","background-size":"auto","background-attachment":"scroll","background-type":"","background-media":"","overlay-type":"","overlay-color":"","overlay-opacity":"","overlay-gradient":""}}},"product_brand":[],"product_cat":[171],"product_tag":[],"class_list":{"0":"post-15187","1":"product","2":"type-product","3":"status-publish","4":"has-post-thumbnail","6":"product_cat-vaerktoejer","7":"pa_59983_ivn0srh6-l","8":"pa_59983_ivn0srh6-m","9":"pa_59983_ivn0srh6-s","10":"desktop-align-left","11":"tablet-align-left","12":"mobile-align-left","14":"first","15":"instock","16":"shipping-taxable","17":"purchasable","18":"product-type-variable"},"yoast_head":"<!-- This site is optimized with the Yoast SEO plugin v27.4 - https:\/\/yoast.com\/product\/yoast-seo-wordpress\/ -->\n<title>Forrude til motorcykel - Mekulo DK<\/title>\n<meta name=\"robots\" content=\"index, follow, max-snippet:-1, max-image-preview:large, max-video-preview:-1\" \/>\n<link rel=\"canonical\" href=\"https:\/\/mekulo.com\/dk\/produkt\/forrude-til-motorcykel\/\" \/>\n<meta property=\"og:locale\" content=\"da_DK\" \/>\n<meta property=\"og:type\" content=\"article\" \/>\n<meta property=\"og:title\" content=\"Forrude til motorcykel - Mekulo DK\" \/>\n<meta property=\"og:description\" content=\"Denne motorcykelforrude \u00f8ger komforten og sikkerheden p\u00e5 din tur ved at reducere vindp\u00e5virkningen og blokere for regn. Dens gennemsigtige design og universelle pasform g\u00f8r den til en praktisk opgradering til mange motorcykler og elektriske k\u00f8ret\u00f8jer. En enkel og effektiv forrude, der forbedrer komforten, udsynet og beskyttelsen p\u00e5 hver eneste tur.\" \/>\n<meta property=\"og:url\" content=\"https:\/\/mekulo.com\/dk\/produkt\/forrude-til-motorcykel\/\" \/>\n<meta property=\"og:site_name\" content=\"Mekulo DK\" \/>\n<meta property=\"article:modified_time\" content=\"2026-01-05T17:45:10+00:00\" \/>\n<meta property=\"og:image\" content=\"https:\/\/mekulo.com\/dk\/wp-content\/uploads\/sites\/12\/2026\/01\/ands1mm-1.webp\" \/>\n\t<meta property=\"og:image:width\" content=\"800\" \/>\n\t<meta property=\"og:image:height\" content=\"800\" \/>\n\t<meta property=\"og:image:type\" content=\"image\/webp\" \/>\n<meta name=\"twitter:card\" content=\"summary_large_image\" \/>\n<meta name=\"twitter:label1\" content=\"Estimeret l\u00e6setid\" \/>\n\t<meta name=\"twitter:data1\" content=\"2 minutter\" \/>\n<script type=\"application\/ld+json\" class=\"yoast-schema-graph\">{\"@context\":\"https:\\\/\\\/schema.org\",\"@graph\":[{\"@type\":\"WebPage\",\"@id\":\"https:\\\/\\\/mekulo.com\\\/dk\\\/produkt\\\/forrude-til-motorcykel\\\/\",\"url\":\"https:\\\/\\\/mekulo.com\\\/dk\\\/produkt\\\/forrude-til-motorcykel\\\/\",\"name\":\"Forrude til motorcykel - Mekulo DK\",\"isPartOf\":{\"@id\":\"https:\\\/\\\/mekulo.com\\\/dk\\\/#website\"},\"primaryImageOfPage\":{\"@id\":\"https:\\\/\\\/mekulo.com\\\/dk\\\/produkt\\\/forrude-til-motorcykel\\\/#primaryimage\"},\"image\":{\"@id\":\"https:\\\/\\\/mekulo.com\\\/dk\\\/produkt\\\/forrude-til-motorcykel\\\/#primaryimage\"},\"thumbnailUrl\":\"https:\\\/\\\/mekulo.com\\\/dk\\\/wp-content\\\/uploads\\\/sites\\\/12\\\/2026\\\/01\\\/ands1mm-1.webp\",\"datePublished\":\"2026-01-05T15:21:24+00:00\",\"dateModified\":\"2026-01-05T17:45:10+00:00\",\"breadcrumb\":{\"@id\":\"https:\\\/\\\/mekulo.com\\\/dk\\\/produkt\\\/forrude-til-motorcykel\\\/#breadcrumb\"},\"inLanguage\":\"da-DK\",\"potentialAction\":[{\"@type\":\"ReadAction\",\"target\":[\"https:\\\/\\\/mekulo.com\\\/dk\\\/produkt\\\/forrude-til-motorcykel\\\/\"]}]},{\"@type\":\"ImageObject\",\"inLanguage\":\"da-DK\",\"@id\":\"https:\\\/\\\/mekulo.com\\\/dk\\\/produkt\\\/forrude-til-motorcykel\\\/#primaryimage\",\"url\":\"https:\\\/\\\/mekulo.com\\\/dk\\\/wp-content\\\/uploads\\\/sites\\\/12\\\/2026\\\/01\\\/ands1mm-1.webp\",\"contentUrl\":\"https:\\\/\\\/mekulo.com\\\/dk\\\/wp-content\\\/uploads\\\/sites\\\/12\\\/2026\\\/01\\\/ands1mm-1.webp\",\"width\":800,\"height\":800},{\"@type\":\"BreadcrumbList\",\"@id\":\"https:\\\/\\\/mekulo.com\\\/dk\\\/produkt\\\/forrude-til-motorcykel\\\/#breadcrumb\",\"itemListElement\":[{\"@type\":\"ListItem\",\"position\":1,\"name\":\"Home\",\"item\":\"https:\\\/\\\/mekulo.com\\\/dk\\\/\"},{\"@type\":\"ListItem\",\"position\":2,\"name\":\"Butik\",\"item\":\"https:\\\/\\\/mekulo.com\\\/dk\\\/butik\\\/\"},{\"@type\":\"ListItem\",\"position\":3,\"name\":\"Forrude til motorcykel\"}]},{\"@type\":\"WebSite\",\"@id\":\"https:\\\/\\\/mekulo.com\\\/dk\\\/#website\",\"url\":\"https:\\\/\\\/mekulo.com\\\/dk\\\/\",\"name\":\"Mekulo DK\",\"description\":\"\",\"publisher\":{\"@id\":\"https:\\\/\\\/mekulo.com\\\/dk\\\/#organization\"},\"potentialAction\":[{\"@type\":\"SearchAction\",\"target\":{\"@type\":\"EntryPoint\",\"urlTemplate\":\"https:\\\/\\\/mekulo.com\\\/dk\\\/?s={search_term_string}\"},\"query-input\":{\"@type\":\"PropertyValueSpecification\",\"valueRequired\":true,\"valueName\":\"search_term_string\"}}],\"inLanguage\":\"da-DK\"},{\"@type\":\"Organization\",\"@id\":\"https:\\\/\\\/mekulo.com\\\/dk\\\/#organization\",\"name\":\"Mekulo\",\"url\":\"https:\\\/\\\/mekulo.com\\\/dk\\\/\",\"logo\":{\"@type\":\"ImageObject\",\"inLanguage\":\"da-DK\",\"@id\":\"https:\\\/\\\/mekulo.com\\\/dk\\\/#\\\/schema\\\/logo\\\/image\\\/\",\"url\":\"https:\\\/\\\/mekulo.com\\\/dk\\\/wp-content\\\/uploads\\\/sites\\\/12\\\/2025\\\/12\\\/favicon_mekulo.png\",\"contentUrl\":\"https:\\\/\\\/mekulo.com\\\/dk\\\/wp-content\\\/uploads\\\/sites\\\/12\\\/2025\\\/12\\\/favicon_mekulo.png\",\"width\":50,\"height\":50,\"caption\":\"Mekulo\"},\"image\":{\"@id\":\"https:\\\/\\\/mekulo.com\\\/dk\\\/#\\\/schema\\\/logo\\\/image\\\/\"}}]}<\/script>\n<!-- \/ Yoast SEO plugin. -->","yoast_head_json":{"title":"Forrude til motorcykel - Mekulo DK","robots":{"index":"index","follow":"follow","max-snippet":"max-snippet:-1","max-image-preview":"max-image-preview:large","max-video-preview":"max-video-preview:-1"},"canonical":"https:\/\/mekulo.com\/dk\/produkt\/forrude-til-motorcykel\/","og_locale":"da_DK","og_type":"article","og_title":"Forrude til motorcykel - Mekulo DK","og_description":"Denne motorcykelforrude \u00f8ger komforten og sikkerheden p\u00e5 din tur ved at reducere vindp\u00e5virkningen og blokere for regn. Dens gennemsigtige design og universelle pasform g\u00f8r den til en praktisk opgradering til mange motorcykler og elektriske k\u00f8ret\u00f8jer. En enkel og effektiv forrude, der forbedrer komforten, udsynet og beskyttelsen p\u00e5 hver eneste tur.","og_url":"https:\/\/mekulo.com\/dk\/produkt\/forrude-til-motorcykel\/","og_site_name":"Mekulo DK","article_modified_time":"2026-01-05T17:45:10+00:00","og_image":[{"width":800,"height":800,"url":"https:\/\/mekulo.com\/dk\/wp-content\/uploads\/sites\/12\/2026\/01\/ands1mm-1.webp","type":"image\/webp"}],"twitter_card":"summary_large_image","twitter_misc":{"Estimeret l\u00e6setid":"2 minutter"},"schema":{"@context":"https:\/\/schema.org","@graph":[{"@type":"WebPage","@id":"https:\/\/mekulo.com\/dk\/produkt\/forrude-til-motorcykel\/","url":"https:\/\/mekulo.com\/dk\/produkt\/forrude-til-motorcykel\/","name":"Forrude til motorcykel - Mekulo DK","isPartOf":{"@id":"https:\/\/mekulo.com\/dk\/#website"},"primaryImageOfPage":{"@id":"https:\/\/mekulo.com\/dk\/produkt\/forrude-til-motorcykel\/#primaryimage"},"image":{"@id":"https:\/\/mekulo.com\/dk\/produkt\/forrude-til-motorcykel\/#primaryimage"},"thumbnailUrl":"https:\/\/mekulo.com\/dk\/wp-content\/uploads\/sites\/12\/2026\/01\/ands1mm-1.webp","datePublished":"2026-01-05T15:21:24+00:00","dateModified":"2026-01-05T17:45:10+00:00","breadcrumb":{"@id":"https:\/\/mekulo.com\/dk\/produkt\/forrude-til-motorcykel\/#breadcrumb"},"inLanguage":"da-DK","potentialAction":[{"@type":"ReadAction","target":["https:\/\/mekulo.com\/dk\/produkt\/forrude-til-motorcykel\/"]}]},{"@type":"ImageObject","inLanguage":"da-DK","@id":"https:\/\/mekulo.com\/dk\/produkt\/forrude-til-motorcykel\/#primaryimage","url":"https:\/\/mekulo.com\/dk\/wp-content\/uploads\/sites\/12\/2026\/01\/ands1mm-1.webp","contentUrl":"https:\/\/mekulo.com\/dk\/wp-content\/uploads\/sites\/12\/2026\/01\/ands1mm-1.webp","width":800,"height":800},{"@type":"BreadcrumbList","@id":"https:\/\/mekulo.com\/dk\/produkt\/forrude-til-motorcykel\/#breadcrumb","itemListElement":[{"@type":"ListItem","position":1,"name":"Home","item":"https:\/\/mekulo.com\/dk\/"},{"@type":"ListItem","position":2,"name":"Butik","item":"https:\/\/mekulo.com\/dk\/butik\/"},{"@type":"ListItem","position":3,"name":"Forrude til motorcykel"}]},{"@type":"WebSite","@id":"https:\/\/mekulo.com\/dk\/#website","url":"https:\/\/mekulo.com\/dk\/","name":"Mekulo DK","description":"","publisher":{"@id":"https:\/\/mekulo.com\/dk\/#organization"},"potentialAction":[{"@type":"SearchAction","target":{"@type":"EntryPoint","urlTemplate":"https:\/\/mekulo.com\/dk\/?s={search_term_string}"},"query-input":{"@type":"PropertyValueSpecification","valueRequired":true,"valueName":"search_term_string"}}],"inLanguage":"da-DK"},{"@type":"Organization","@id":"https:\/\/mekulo.com\/dk\/#organization","name":"Mekulo","url":"https:\/\/mekulo.com\/dk\/","logo":{"@type":"ImageObject","inLanguage":"da-DK","@id":"https:\/\/mekulo.com\/dk\/#\/schema\/logo\/image\/","url":"https:\/\/mekulo.com\/dk\/wp-content\/uploads\/sites\/12\/2025\/12\/favicon_mekulo.png","contentUrl":"https:\/\/mekulo.com\/dk\/wp-content\/uploads\/sites\/12\/2025\/12\/favicon_mekulo.png","width":50,"height":50,"caption":"Mekulo"},"image":{"@id":"https:\/\/mekulo.com\/dk\/#\/schema\/logo\/image\/"}}]}},"_links":{"self":[{"href":"https:\/\/mekulo.com\/dk\/wp-json\/wp\/v2\/product\/15187","targetHints":{"allow":["GET"]}}],"collection":[{"href":"https:\/\/mekulo.com\/dk\/wp-json\/wp\/v2\/product"}],"about":[{"href":"https:\/\/mekulo.com\/dk\/wp-json\/wp\/v2\/types\/product"}],"replies":[{"embeddable":true,"href":"https:\/\/mekulo.com\/dk\/wp-json\/wp\/v2\/comments?post=15187"}],"wp:featuredmedia":[{"embeddable":true,"href":"https:\/\/mekulo.com\/dk\/wp-json\/wp\/v2\/media\/15183"}],"wp:attachment":[{"href":"https:\/\/mekulo.com\/dk\/wp-json\/wp\/v2\/media?parent=15187"}],"wp:term":[{"taxonomy":"product_brand","embeddable":true,"href":"https:\/\/mekulo.com\/dk\/wp-json\/wp\/v2\/product_brand?post=15187"},{"taxonomy":"product_cat","embeddable":true,"href":"https:\/\/mekulo.com\/dk\/wp-json\/wp\/v2\/product_cat?post=15187"},{"taxonomy":"product_tag","embeddable":true,"href":"https:\/\/mekulo.com\/dk\/wp-json\/wp\/v2\/product_tag?post=15187"}],"curies":[{"name":"wp","href":"https:\/\/api.w.org\/{rel}","templated":true}]}}