{"id":15166,"date":"2026-01-05T17:17:52","date_gmt":"2026-01-05T15:17:52","guid":{"rendered":"https:\/\/mekulo.com\/dk\/produkt\/slibemaskine-til-borekroner\/"},"modified":"2026-01-05T19:44:03","modified_gmt":"2026-01-05T17:44:03","slug":"slibemaskine-til-borekroner","status":"publish","type":"product","link":"https:\/\/mekulo.com\/dk\/produkt\/slibemaskine-til-borekroner\/","title":{"rendered":"Slibemaskine til borekroner"},"content":{"rendered":"<div class=\"flex max-w-full flex-col grow\">\n<div class=\"min-h-8 text-message relative flex w-full flex-col items-end gap-2 text-start break-words whitespace-normal [.text-message+&amp;]:mt-1\" dir=\"auto\" data-message-author-role=\"assistant\" data-message-id=\"e7ad2938-0782-4be8-9474-e98242152b14\" data-message-model-slug=\"gpt-5-2\">\n<div class=\"flex w-full flex-col gap-1 empty:hidden first:pt-[1px]\">\n<div class=\"markdown prose dark:prose-invert w-full break-words light markdown-new-styling\">\n<p style=\"text-align: center;\" data-start=\"0\" data-end=\"67\"><strong data-start=\"0\" data-end=\"67\">Slib Sl\u00f8ve Bor Hurtigt, Og F\u00e5 Dem Til At Fungere Som Nye Igen. \u2699\ufe0f<\/strong><\/p>\n<p data-start=\"69\" data-end=\"349\"><img fetchpriority=\"high\" decoding=\"async\" class=\"size-full wp-image-45994 aligncenter\" src=\"https:\/\/keluvo.com\/template\/wp-content\/uploads\/sites\/5\/2025\/12\/102217-ezgif.com-video-to-webp-converter-3.webp\" alt=\"\" width=\"500\" height=\"500\" \/><\/p>\n<h2 style=\"text-align: center;\" data-start=\"625\" data-end=\"644\">\u2b50 Hovedfordele<\/h2>\n<p data-start=\"647\" data-end=\"709\">\ud83e\ude9b Gendanner sl\u00f8ve bor &#8211; G\u00f8r gamle bor skarpe igen.<\/p>\n<p data-start=\"712\" data-end=\"774\">\u2699\ufe0f Flere vinkelspor &#8211; Passer til forskellige borst\u00f8rrelser.<\/p>\n<p data-start=\"777\" data-end=\"826\">\ud83d\udd29 Let at bruge &#8211; Kr\u00e6ver ingen s\u00e6rlige f\u00e6rdigheder.<\/p>\n<p data-start=\"829\" data-end=\"898\">\ud83e\uddf0 Bred kompatibilitet &#8211; Fungerer med HSS, legering, kobolt og meget mere.<\/p>\n<p data-start=\"901\" data-end=\"968\">\ud83d\udcb0 Omkostningsbesparende l\u00f8sning &#8211; Reducerer behovet for nye bor.<\/p>\n<p data-start=\"901\" data-end=\"968\"><img decoding=\"async\" class=\"size-full wp-image-45995 aligncenter\" src=\"https:\/\/keluvo.com\/template\/wp-content\/uploads\/sites\/5\/2025\/12\/102216-ezgif.com-video-to-webp-converter-3.webp\" alt=\"\" width=\"500\" height=\"667\" \/><\/p>\n<h2 style=\"text-align: center;\" data-start=\"970\" data-end=\"987\">\ud83e\udde9 S\u00e5dan bruges<\/h2>\n<ol data-start=\"988\" data-end=\"1223\">\n<li data-start=\"988\" data-end=\"1045\">\n<p data-start=\"991\" data-end=\"1045\">S\u00e6t sliberen p\u00e5 din vinkelsliber.<\/p>\n<\/li>\n<li data-start=\"1046\" data-end=\"1099\">\n<p data-start=\"1049\" data-end=\"1099\">V\u00e6lg den korrekte \u00e5bning til din borst\u00f8rrelse.<\/p>\n<\/li>\n<li data-start=\"1100\" data-end=\"1141\">\n<p data-start=\"1103\" data-end=\"1141\">Inds\u00e6t boret i guiden.<\/p>\n<\/li>\n<li data-start=\"1142\" data-end=\"1180\">\n<p data-start=\"1145\" data-end=\"1180\">Slib forsigtigt i den guidede vinkel.<\/p>\n<\/li>\n<li data-start=\"1181\" data-end=\"1223\">\n<p data-start=\"1184\" data-end=\"1223\">Tjek skarpheden, og gentag om n\u00f8dvendigt.<\/p>\n<\/li>\n<\/ol>\n<h2 style=\"text-align: center;\" data-start=\"1225\" data-end=\"1247\">\ud83d\udccf Produktdetaljer<\/h2>\n<ul data-start=\"1248\" data-end=\"1434\">\n<li data-start=\"1296\" data-end=\"1313\">\n<p data-start=\"1298\" data-end=\"1313\">Materiale: ABS<\/p>\n<\/li>\n<li data-start=\"1314\" data-end=\"1349\">\n<p data-start=\"1316\" data-end=\"1349\">Compatible v\u00e6rkt\u00f8jer: Vinkelsliber<\/p>\n<\/li>\n<li data-start=\"1350\" data-end=\"1415\">\n<p data-start=\"1352\" data-end=\"1415\">Velegnet til: HSS, h\u00e5rd legering, kobolt og lignende bor<\/p>\n<\/li>\n<li data-start=\"1416\" data-end=\"1434\">\n<p data-start=\"1418\" data-end=\"1434\">St\u00f8rrelse: 12,5 x 11,5 cm<\/p>\n<\/li>\n<li data-start=\"1416\" data-end=\"1434\">Ti hullers positionsmodel: 3, 4, 5, 6, 7, 8, 9, 10, 11, 12 mm<\/li>\n<\/ul>\n<h2 style=\"text-align: center;\" data-start=\"1436\" data-end=\"1459\">\ud83d\udce6 Pakken indeholder<\/h2>\n<ul data-start=\"1460\" data-end=\"1494\" data-is-last-node=\"\" data-is-only-node=\"\">\n<li data-start=\"1460\" data-end=\"1494\" data-is-last-node=\"\">\n<p data-start=\"1462\" data-end=\"1494\" data-is-last-node=\"\">1, 2x boresliber.<\/p>\n<\/li>\n<\/ul>\n<\/div>\n<\/div>\n<\/div>\n<\/div>\n","protected":false},"excerpt":{"rendered":"<p>Denne boresliber hj\u00e6lper dig med hurtigt at genoprette slidte bor uden at k\u00f8be nye. Denne brugervenlige slibeforsats passer p\u00e5 din vinkelsliber og giver dig mulighed for at slibe forskellige borest\u00f8rrelser med den korrekte vinkel for renere og hurtigere boring.<\/p>\n","protected":false},"featured_media":15162,"comment_status":"open","ping_status":"closed","template":"","meta":{"site-sidebar-layout":"default","site-content-layout":"","ast-site-content-layout":"default","site-content-style":"default","site-sidebar-style":"default","ast-global-header-display":"","ast-banner-title-visibility":"","ast-main-header-display":"","ast-hfb-above-header-display":"","ast-hfb-below-header-display":"","ast-hfb-mobile-header-display":"","site-post-title":"","ast-breadcrumbs-content":"","ast-featured-img":"","footer-sml-layout":"","ast-disable-related-posts":"","theme-transparent-header-meta":"default","adv-header-id-meta":"","stick-header-meta":"","header-above-stick-meta":"","header-main-stick-meta":"","header-below-stick-meta":"","astra-migrate-meta-layouts":"set","ast-page-background-enabled":"default","ast-page-background-meta":{"desktop":{"background-color":"var(--ast-global-color-5)","background-image":"","background-repeat":"repeat","background-position":"center center","background-size":"auto","background-attachment":"scroll","background-type":"","background-media":"","overlay-type":"","overlay-color":"","overlay-opacity":"","overlay-gradient":""},"tablet":{"background-color":"","background-image":"","background-repeat":"repeat","background-position":"center center","background-size":"auto","background-attachment":"scroll","background-type":"","background-media":"","overlay-type":"","overlay-color":"","overlay-opacity":"","overlay-gradient":""},"mobile":{"background-color":"","background-image":"","background-repeat":"repeat","background-position":"center center","background-size":"auto","background-attachment":"scroll","background-type":"","background-media":"","overlay-type":"","overlay-color":"","overlay-opacity":"","overlay-gradient":""}},"ast-content-background-meta":{"desktop":{"background-color":"var(--ast-global-color-4)","background-image":"","background-repeat":"repeat","background-position":"center center","background-size":"auto","background-attachment":"scroll","background-type":"","background-media":"","overlay-type":"","overlay-color":"","overlay-opacity":"","overlay-gradient":""},"tablet":{"background-color":"var(--ast-global-color-4)","background-image":"","background-repeat":"repeat","background-position":"center center","background-size":"auto","background-attachment":"scroll","background-type":"","background-media":"","overlay-type":"","overlay-color":"","overlay-opacity":"","overlay-gradient":""},"mobile":{"background-color":"var(--ast-global-color-4)","background-image":"","background-repeat":"repeat","background-position":"center center","background-size":"auto","background-attachment":"scroll","background-type":"","background-media":"","overlay-type":"","overlay-color":"","overlay-opacity":"","overlay-gradient":""}}},"product_brand":[],"product_cat":[171],"product_tag":[],"class_list":{"0":"post-15166","1":"product","2":"type-product","3":"status-publish","4":"has-post-thumbnail","6":"product_cat-vaerktoejer","7":"pa_60176_f2kkmcsi-blaa","8":"pa_60176_f2kkmcsi-roed","9":"pa_60176_f2kkmcsi-sort","10":"pa_60176_kfcku4cw-1-stk","11":"pa_60176_kfcku4cw-2-stk","12":"desktop-align-left","13":"tablet-align-left","14":"mobile-align-left","16":"first","17":"instock","18":"shipping-taxable","19":"purchasable","20":"product-type-variable","21":"has-default-attributes"},"yoast_head":"<!-- This site is optimized with the Yoast SEO plugin v27.4 - https:\/\/yoast.com\/product\/yoast-seo-wordpress\/ -->\n<title>Slibemaskine til borekroner - Mekulo DK<\/title>\n<meta name=\"robots\" content=\"index, follow, max-snippet:-1, max-image-preview:large, max-video-preview:-1\" \/>\n<link rel=\"canonical\" href=\"https:\/\/mekulo.com\/dk\/produkt\/slibemaskine-til-borekroner\/\" \/>\n<meta property=\"og:locale\" content=\"da_DK\" \/>\n<meta property=\"og:type\" content=\"article\" \/>\n<meta property=\"og:title\" content=\"Slibemaskine til borekroner - Mekulo DK\" \/>\n<meta property=\"og:description\" content=\"Denne boresliber hj\u00e6lper dig med hurtigt at genoprette slidte bor uden at k\u00f8be nye. Denne brugervenlige slibeforsats passer p\u00e5 din vinkelsliber og giver dig mulighed for at slibe forskellige borest\u00f8rrelser med den korrekte vinkel for renere og hurtigere boring.\" \/>\n<meta property=\"og:url\" content=\"https:\/\/mekulo.com\/dk\/produkt\/slibemaskine-til-borekroner\/\" \/>\n<meta property=\"og:site_name\" content=\"Mekulo DK\" \/>\n<meta property=\"article:modified_time\" content=\"2026-01-05T17:44:03+00:00\" \/>\n<meta property=\"og:image\" content=\"https:\/\/mekulo.com\/dk\/wp-content\/uploads\/sites\/12\/2026\/01\/myh03b3-1.jpg\" \/>\n\t<meta property=\"og:image:width\" content=\"1080\" \/>\n\t<meta property=\"og:image:height\" content=\"1080\" \/>\n\t<meta property=\"og:image:type\" content=\"image\/jpeg\" \/>\n<meta name=\"twitter:card\" content=\"summary_large_image\" \/>\n<meta name=\"twitter:label1\" content=\"Estimeret l\u00e6setid\" \/>\n\t<meta name=\"twitter:data1\" content=\"2 minutter\" \/>\n<script type=\"application\/ld+json\" class=\"yoast-schema-graph\">{\"@context\":\"https:\\\/\\\/schema.org\",\"@graph\":[{\"@type\":\"WebPage\",\"@id\":\"https:\\\/\\\/mekulo.com\\\/dk\\\/produkt\\\/slibemaskine-til-borekroner\\\/\",\"url\":\"https:\\\/\\\/mekulo.com\\\/dk\\\/produkt\\\/slibemaskine-til-borekroner\\\/\",\"name\":\"Slibemaskine til borekroner - Mekulo DK\",\"isPartOf\":{\"@id\":\"https:\\\/\\\/mekulo.com\\\/dk\\\/#website\"},\"primaryImageOfPage\":{\"@id\":\"https:\\\/\\\/mekulo.com\\\/dk\\\/produkt\\\/slibemaskine-til-borekroner\\\/#primaryimage\"},\"image\":{\"@id\":\"https:\\\/\\\/mekulo.com\\\/dk\\\/produkt\\\/slibemaskine-til-borekroner\\\/#primaryimage\"},\"thumbnailUrl\":\"https:\\\/\\\/mekulo.com\\\/dk\\\/wp-content\\\/uploads\\\/sites\\\/12\\\/2026\\\/01\\\/myh03b3-1.jpg\",\"datePublished\":\"2026-01-05T15:17:52+00:00\",\"dateModified\":\"2026-01-05T17:44:03+00:00\",\"breadcrumb\":{\"@id\":\"https:\\\/\\\/mekulo.com\\\/dk\\\/produkt\\\/slibemaskine-til-borekroner\\\/#breadcrumb\"},\"inLanguage\":\"da-DK\",\"potentialAction\":[{\"@type\":\"ReadAction\",\"target\":[\"https:\\\/\\\/mekulo.com\\\/dk\\\/produkt\\\/slibemaskine-til-borekroner\\\/\"]}]},{\"@type\":\"ImageObject\",\"inLanguage\":\"da-DK\",\"@id\":\"https:\\\/\\\/mekulo.com\\\/dk\\\/produkt\\\/slibemaskine-til-borekroner\\\/#primaryimage\",\"url\":\"https:\\\/\\\/mekulo.com\\\/dk\\\/wp-content\\\/uploads\\\/sites\\\/12\\\/2026\\\/01\\\/myh03b3-1.jpg\",\"contentUrl\":\"https:\\\/\\\/mekulo.com\\\/dk\\\/wp-content\\\/uploads\\\/sites\\\/12\\\/2026\\\/01\\\/myh03b3-1.jpg\",\"width\":1080,\"height\":1080},{\"@type\":\"BreadcrumbList\",\"@id\":\"https:\\\/\\\/mekulo.com\\\/dk\\\/produkt\\\/slibemaskine-til-borekroner\\\/#breadcrumb\",\"itemListElement\":[{\"@type\":\"ListItem\",\"position\":1,\"name\":\"Home\",\"item\":\"https:\\\/\\\/mekulo.com\\\/dk\\\/\"},{\"@type\":\"ListItem\",\"position\":2,\"name\":\"Butik\",\"item\":\"https:\\\/\\\/mekulo.com\\\/dk\\\/butik\\\/\"},{\"@type\":\"ListItem\",\"position\":3,\"name\":\"Slibemaskine til borekroner\"}]},{\"@type\":\"WebSite\",\"@id\":\"https:\\\/\\\/mekulo.com\\\/dk\\\/#website\",\"url\":\"https:\\\/\\\/mekulo.com\\\/dk\\\/\",\"name\":\"Mekulo DK\",\"description\":\"\",\"publisher\":{\"@id\":\"https:\\\/\\\/mekulo.com\\\/dk\\\/#organization\"},\"potentialAction\":[{\"@type\":\"SearchAction\",\"target\":{\"@type\":\"EntryPoint\",\"urlTemplate\":\"https:\\\/\\\/mekulo.com\\\/dk\\\/?s={search_term_string}\"},\"query-input\":{\"@type\":\"PropertyValueSpecification\",\"valueRequired\":true,\"valueName\":\"search_term_string\"}}],\"inLanguage\":\"da-DK\"},{\"@type\":\"Organization\",\"@id\":\"https:\\\/\\\/mekulo.com\\\/dk\\\/#organization\",\"name\":\"Mekulo\",\"url\":\"https:\\\/\\\/mekulo.com\\\/dk\\\/\",\"logo\":{\"@type\":\"ImageObject\",\"inLanguage\":\"da-DK\",\"@id\":\"https:\\\/\\\/mekulo.com\\\/dk\\\/#\\\/schema\\\/logo\\\/image\\\/\",\"url\":\"https:\\\/\\\/mekulo.com\\\/dk\\\/wp-content\\\/uploads\\\/sites\\\/12\\\/2025\\\/12\\\/favicon_mekulo.png\",\"contentUrl\":\"https:\\\/\\\/mekulo.com\\\/dk\\\/wp-content\\\/uploads\\\/sites\\\/12\\\/2025\\\/12\\\/favicon_mekulo.png\",\"width\":50,\"height\":50,\"caption\":\"Mekulo\"},\"image\":{\"@id\":\"https:\\\/\\\/mekulo.com\\\/dk\\\/#\\\/schema\\\/logo\\\/image\\\/\"}}]}<\/script>\n<!-- \/ Yoast SEO plugin. -->","yoast_head_json":{"title":"Slibemaskine til borekroner - Mekulo DK","robots":{"index":"index","follow":"follow","max-snippet":"max-snippet:-1","max-image-preview":"max-image-preview:large","max-video-preview":"max-video-preview:-1"},"canonical":"https:\/\/mekulo.com\/dk\/produkt\/slibemaskine-til-borekroner\/","og_locale":"da_DK","og_type":"article","og_title":"Slibemaskine til borekroner - Mekulo DK","og_description":"Denne boresliber hj\u00e6lper dig med hurtigt at genoprette slidte bor uden at k\u00f8be nye. Denne brugervenlige slibeforsats passer p\u00e5 din vinkelsliber og giver dig mulighed for at slibe forskellige borest\u00f8rrelser med den korrekte vinkel for renere og hurtigere boring.","og_url":"https:\/\/mekulo.com\/dk\/produkt\/slibemaskine-til-borekroner\/","og_site_name":"Mekulo DK","article_modified_time":"2026-01-05T17:44:03+00:00","og_image":[{"width":1080,"height":1080,"url":"https:\/\/mekulo.com\/dk\/wp-content\/uploads\/sites\/12\/2026\/01\/myh03b3-1.jpg","type":"image\/jpeg"}],"twitter_card":"summary_large_image","twitter_misc":{"Estimeret l\u00e6setid":"2 minutter"},"schema":{"@context":"https:\/\/schema.org","@graph":[{"@type":"WebPage","@id":"https:\/\/mekulo.com\/dk\/produkt\/slibemaskine-til-borekroner\/","url":"https:\/\/mekulo.com\/dk\/produkt\/slibemaskine-til-borekroner\/","name":"Slibemaskine til borekroner - Mekulo DK","isPartOf":{"@id":"https:\/\/mekulo.com\/dk\/#website"},"primaryImageOfPage":{"@id":"https:\/\/mekulo.com\/dk\/produkt\/slibemaskine-til-borekroner\/#primaryimage"},"image":{"@id":"https:\/\/mekulo.com\/dk\/produkt\/slibemaskine-til-borekroner\/#primaryimage"},"thumbnailUrl":"https:\/\/mekulo.com\/dk\/wp-content\/uploads\/sites\/12\/2026\/01\/myh03b3-1.jpg","datePublished":"2026-01-05T15:17:52+00:00","dateModified":"2026-01-05T17:44:03+00:00","breadcrumb":{"@id":"https:\/\/mekulo.com\/dk\/produkt\/slibemaskine-til-borekroner\/#breadcrumb"},"inLanguage":"da-DK","potentialAction":[{"@type":"ReadAction","target":["https:\/\/mekulo.com\/dk\/produkt\/slibemaskine-til-borekroner\/"]}]},{"@type":"ImageObject","inLanguage":"da-DK","@id":"https:\/\/mekulo.com\/dk\/produkt\/slibemaskine-til-borekroner\/#primaryimage","url":"https:\/\/mekulo.com\/dk\/wp-content\/uploads\/sites\/12\/2026\/01\/myh03b3-1.jpg","contentUrl":"https:\/\/mekulo.com\/dk\/wp-content\/uploads\/sites\/12\/2026\/01\/myh03b3-1.jpg","width":1080,"height":1080},{"@type":"BreadcrumbList","@id":"https:\/\/mekulo.com\/dk\/produkt\/slibemaskine-til-borekroner\/#breadcrumb","itemListElement":[{"@type":"ListItem","position":1,"name":"Home","item":"https:\/\/mekulo.com\/dk\/"},{"@type":"ListItem","position":2,"name":"Butik","item":"https:\/\/mekulo.com\/dk\/butik\/"},{"@type":"ListItem","position":3,"name":"Slibemaskine til borekroner"}]},{"@type":"WebSite","@id":"https:\/\/mekulo.com\/dk\/#website","url":"https:\/\/mekulo.com\/dk\/","name":"Mekulo DK","description":"","publisher":{"@id":"https:\/\/mekulo.com\/dk\/#organization"},"potentialAction":[{"@type":"SearchAction","target":{"@type":"EntryPoint","urlTemplate":"https:\/\/mekulo.com\/dk\/?s={search_term_string}"},"query-input":{"@type":"PropertyValueSpecification","valueRequired":true,"valueName":"search_term_string"}}],"inLanguage":"da-DK"},{"@type":"Organization","@id":"https:\/\/mekulo.com\/dk\/#organization","name":"Mekulo","url":"https:\/\/mekulo.com\/dk\/","logo":{"@type":"ImageObject","inLanguage":"da-DK","@id":"https:\/\/mekulo.com\/dk\/#\/schema\/logo\/image\/","url":"https:\/\/mekulo.com\/dk\/wp-content\/uploads\/sites\/12\/2025\/12\/favicon_mekulo.png","contentUrl":"https:\/\/mekulo.com\/dk\/wp-content\/uploads\/sites\/12\/2025\/12\/favicon_mekulo.png","width":50,"height":50,"caption":"Mekulo"},"image":{"@id":"https:\/\/mekulo.com\/dk\/#\/schema\/logo\/image\/"}}]}},"_links":{"self":[{"href":"https:\/\/mekulo.com\/dk\/wp-json\/wp\/v2\/product\/15166","targetHints":{"allow":["GET"]}}],"collection":[{"href":"https:\/\/mekulo.com\/dk\/wp-json\/wp\/v2\/product"}],"about":[{"href":"https:\/\/mekulo.com\/dk\/wp-json\/wp\/v2\/types\/product"}],"replies":[{"embeddable":true,"href":"https:\/\/mekulo.com\/dk\/wp-json\/wp\/v2\/comments?post=15166"}],"wp:featuredmedia":[{"embeddable":true,"href":"https:\/\/mekulo.com\/dk\/wp-json\/wp\/v2\/media\/15162"}],"wp:attachment":[{"href":"https:\/\/mekulo.com\/dk\/wp-json\/wp\/v2\/media?parent=15166"}],"wp:term":[{"taxonomy":"product_brand","embeddable":true,"href":"https:\/\/mekulo.com\/dk\/wp-json\/wp\/v2\/product_brand?post=15166"},{"taxonomy":"product_cat","embeddable":true,"href":"https:\/\/mekulo.com\/dk\/wp-json\/wp\/v2\/product_cat?post=15166"},{"taxonomy":"product_tag","embeddable":true,"href":"https:\/\/mekulo.com\/dk\/wp-json\/wp\/v2\/product_tag?post=15166"}],"curies":[{"name":"wp","href":"https:\/\/api.w.org\/{rel}","templated":true}]}}