{"id":15157,"date":"2026-01-05T17:14:19","date_gmt":"2026-01-05T15:14:19","guid":{"rendered":"https:\/\/mekulo.com\/dk\/produkt\/visker-med-mikromolekylaer-antidugbelaegning\/"},"modified":"2026-01-22T18:18:16","modified_gmt":"2026-01-22T16:18:16","slug":"visker-med-mikromolekylaer-antidugbelaegning","status":"publish","type":"product","link":"https:\/\/mekulo.com\/dk\/produkt\/visker-med-mikromolekylaer-antidugbelaegning\/","title":{"rendered":"Visker med mikromolekyl\u00e6r antidugbel\u00e6gning"},"content":{"rendered":"<p style=\"text-align: center;\" data-start=\"0\" data-end=\"73\"><strong data-start=\"0\" data-end=\"73\">Hold dit glas klart og dugfrit for et mere sikkert og stressfrit udsyn. \ud83d\ude97<\/strong><\/p>\n<p data-start=\"75\" data-end=\"316\"><img fetchpriority=\"high\" decoding=\"async\" class=\"size-full wp-image-46283 aligncenter\" src=\"https:\/\/keluvo.com\/template\/wp-content\/uploads\/sites\/5\/2025\/12\/102212-ezgif.com-video-to-webp-converter-5.webp\" alt=\"\" width=\"500\" height=\"889\" \/><\/p>\n<h2 style=\"text-align: center;\" data-start=\"541\" data-end=\"561\">Hovedfordele \ud83d\ude97<\/h2>\n<p data-start=\"564\" data-end=\"625\">\ud83d\udc40 Antidugbeskyttelse &#8211; Forhindrer dug og kondens.<\/p>\n<p data-start=\"628\" data-end=\"691\">\ud83d\ude98 Forbedrer k\u00f8rselssikkerheden &#8211; Klar forrude og spejle.<\/p>\n<p data-start=\"694\" data-end=\"746\">\ud83e\uddfc Stribefri finish &#8211; Ingen rester efterlades.<\/p>\n<p data-start=\"749\" data-end=\"810\">\ud83c\udf27\ufe0f Brug i al slags vejr &#8211; Fungerer i kulde, regn og fugtighed.<\/p>\n<p data-start=\"813\" data-end=\"873\">\ud83e\ude9f Bred anvendelse &#8211; Velegnet til mange glasoverflader.<\/p>\n<p data-start=\"876\" data-end=\"920\">\u26a1 Hurtig og nem brug &#8211; Intet v\u00e6rkt\u00f8j n\u00f8dvendigt.<\/p>\n<p data-start=\"876\" data-end=\"920\"><img decoding=\"async\" class=\"size-full wp-image-46281 aligncenter\" src=\"https:\/\/keluvo.com\/template\/wp-content\/uploads\/sites\/5\/2025\/12\/1-2-2.jpg\" alt=\"\" width=\"1080\" height=\"1080\" \/><\/p>\n<h2 style=\"text-align: center;\" data-start=\"922\" data-end=\"939\">S\u00e5dan bruges \ud83d\udccc<\/h2>\n<ol data-start=\"940\" data-end=\"1093\">\n<li data-start=\"940\" data-end=\"977\">\n<p data-start=\"943\" data-end=\"977\">Reng\u00f8r og t\u00f8r glasoverfladen.<\/p>\n<\/li>\n<li data-start=\"978\" data-end=\"1028\">\n<p data-start=\"981\" data-end=\"1028\">P\u00e5f\u00f8r antidugmidlet j\u00e6vnt p\u00e5 glasset.<\/p>\n<\/li>\n<li data-start=\"1029\" data-end=\"1058\">\n<p data-start=\"1032\" data-end=\"1058\">T\u00f8r forsigtigt af, indtil det er klart.<\/p>\n<\/li>\n<li data-start=\"1059\" data-end=\"1093\">\n<p data-start=\"1062\" data-end=\"1093\">Nyd t\u00e5gefrit, klart syn.<\/p>\n<\/li>\n<\/ol>\n<h2 style=\"text-align: center;\" data-start=\"1095\" data-end=\"1117\">Produktdetaljer \ud83d\udccf<\/h2>\n<ul data-start=\"1118\" data-end=\"1330\">\n<li data-start=\"1174\" data-end=\"1219\">\n<p data-start=\"1176\" data-end=\"1219\">Funktion: Antidug og klart syn p\u00e5 glas<\/p>\n<\/li>\n<li data-start=\"1220\" data-end=\"1239\">\n<p data-start=\"1222\" data-end=\"1239\">Kapacitet: 70 ml<\/p>\n<\/li>\n<li data-start=\"1240\" data-end=\"1263\">\n<p data-start=\"1242\" data-end=\"1263\">Holdbarhed: 3 \u00e5r<\/p>\n<\/li>\n<li data-start=\"1264\" data-end=\"1330\">\n<p data-start=\"1266\" data-end=\"1330\">Egnede overflader: Forruder, vinduer, spejle, bruseglas<\/p>\n<\/li>\n<\/ul>\n<h2 style=\"text-align: center;\" data-start=\"1332\" data-end=\"1355\">Pakken indeholder \ud83d\udce6<\/h2>\n<ul data-start=\"1356\" data-end=\"1458\" data-is-last-node=\"\" data-is-only-node=\"\">\n<li data-start=\"1356\" data-end=\"1395\">\n<p data-start=\"1358\" data-end=\"1395\">1x mikromolekyl\u00e6r visker med antidugbel\u00e6gning.<\/p>\n<\/li>\n<\/ul>\n","protected":false},"excerpt":{"rendered":"<p>Denne mikromolekyl\u00e6re antidugbel\u00e6gningsvisker skaber et gennemsigtigt beskyttelseslag, der forhindrer opbygning af dug p\u00e5 glasoverflader. Det forbedrer udsynet i regn, kulde og fugtige forhold og hj\u00e6lper dig med at k\u00f8re og leve mere sikkert og komfortabelt. Dette antidugmiddel virker \u00f8jeblikkeligt og stopper kondens, f\u00f8r den dannes. Det er nemt at p\u00e5f\u00f8re, efterlader ingen striber og holder glasset klart i l\u00e6ngere tid, uanset om det bruges i bilen eller derhjemme.<\/p>\n","protected":false},"featured_media":15153,"comment_status":"open","ping_status":"closed","template":"","meta":{"site-sidebar-layout":"default","site-content-layout":"","ast-site-content-layout":"default","site-content-style":"default","site-sidebar-style":"default","ast-global-header-display":"","ast-banner-title-visibility":"","ast-main-header-display":"","ast-hfb-above-header-display":"","ast-hfb-below-header-display":"","ast-hfb-mobile-header-display":"","site-post-title":"","ast-breadcrumbs-content":"","ast-featured-img":"","footer-sml-layout":"","theme-transparent-header-meta":"default","adv-header-id-meta":"","stick-header-meta":"","header-above-stick-meta":"","header-main-stick-meta":"","header-below-stick-meta":"","astra-migrate-meta-layouts":"set","ast-page-background-enabled":"default","ast-page-background-meta":{"desktop":{"background-color":"var(--ast-global-color-5)","background-image":"","background-repeat":"repeat","background-position":"center center","background-size":"auto","background-attachment":"scroll","background-type":"","background-media":"","overlay-type":"","overlay-color":"","overlay-opacity":"","overlay-gradient":""},"tablet":{"background-color":"","background-image":"","background-repeat":"repeat","background-position":"center center","background-size":"auto","background-attachment":"scroll","background-type":"","background-media":"","overlay-type":"","overlay-color":"","overlay-opacity":"","overlay-gradient":""},"mobile":{"background-color":"","background-image":"","background-repeat":"repeat","background-position":"center center","background-size":"auto","background-attachment":"scroll","background-type":"","background-media":"","overlay-type":"","overlay-color":"","overlay-opacity":"","overlay-gradient":""}},"ast-content-background-meta":{"desktop":{"background-color":"var(--ast-global-color-4)","background-image":"","background-repeat":"repeat","background-position":"center center","background-size":"auto","background-attachment":"scroll","background-type":"","background-media":"","overlay-type":"","overlay-color":"","overlay-opacity":"","overlay-gradient":""},"tablet":{"background-color":"var(--ast-global-color-4)","background-image":"","background-repeat":"repeat","background-position":"center center","background-size":"auto","background-attachment":"scroll","background-type":"","background-media":"","overlay-type":"","overlay-color":"","overlay-opacity":"","overlay-gradient":""},"mobile":{"background-color":"var(--ast-global-color-4)","background-image":"","background-repeat":"repeat","background-position":"center center","background-size":"auto","background-attachment":"scroll","background-type":"","background-media":"","overlay-type":"","overlay-color":"","overlay-opacity":"","overlay-gradient":""}}},"product_brand":[],"product_cat":[161],"product_tag":[],"class_list":{"0":"post-15157","1":"product","2":"type-product","3":"status-publish","4":"has-post-thumbnail","6":"product_cat-bilprodukter","7":"desktop-align-left","8":"tablet-align-left","9":"mobile-align-left","11":"first","12":"instock","13":"shipping-taxable","14":"purchasable","15":"product-type-simple"},"yoast_head":"<!-- This site is optimized with the Yoast SEO plugin v26.6 - https:\/\/yoast.com\/wordpress\/plugins\/seo\/ -->\n<title>Visker med mikromolekyl\u00e6r antidugbel\u00e6gning - Mekulo DK<\/title>\n<meta name=\"robots\" content=\"index, follow, max-snippet:-1, max-image-preview:large, max-video-preview:-1\" \/>\n<link rel=\"canonical\" href=\"https:\/\/mekulo.com\/dk\/produkt\/visker-med-mikromolekylaer-antidugbelaegning\/\" \/>\n<meta property=\"og:locale\" content=\"da_DK\" \/>\n<meta property=\"og:type\" content=\"article\" \/>\n<meta property=\"og:title\" content=\"Visker med mikromolekyl\u00e6r antidugbel\u00e6gning - Mekulo DK\" \/>\n<meta property=\"og:description\" content=\"Denne mikromolekyl\u00e6re antidugbel\u00e6gningsvisker skaber et gennemsigtigt beskyttelseslag, der forhindrer opbygning af dug p\u00e5 glasoverflader. Det forbedrer udsynet i regn, kulde og fugtige forhold og hj\u00e6lper dig med at k\u00f8re og leve mere sikkert og komfortabelt. Dette antidugmiddel virker \u00f8jeblikkeligt og stopper kondens, f\u00f8r den dannes. Det er nemt at p\u00e5f\u00f8re, efterlader ingen striber og holder glasset klart i l\u00e6ngere tid, uanset om det bruges i bilen eller derhjemme.\" \/>\n<meta property=\"og:url\" content=\"https:\/\/mekulo.com\/dk\/produkt\/visker-med-mikromolekylaer-antidugbelaegning\/\" \/>\n<meta property=\"og:site_name\" content=\"Mekulo DK\" \/>\n<meta property=\"article:modified_time\" content=\"2026-01-22T16:18:16+00:00\" \/>\n<meta property=\"og:image\" content=\"https:\/\/mekulo.com\/dk\/wp-content\/uploads\/sites\/12\/2026\/01\/v1wkyt8-1.jpg\" \/>\n\t<meta property=\"og:image:width\" content=\"1080\" \/>\n\t<meta property=\"og:image:height\" content=\"1080\" \/>\n\t<meta property=\"og:image:type\" content=\"image\/jpeg\" \/>\n<meta name=\"twitter:card\" content=\"summary_large_image\" \/>\n<meta name=\"twitter:label1\" content=\"Estimeret l\u00e6setid\" \/>\n\t<meta name=\"twitter:data1\" content=\"2 minutter\" \/>\n<script type=\"application\/ld+json\" class=\"yoast-schema-graph\">{\"@context\":\"https:\/\/schema.org\",\"@graph\":[{\"@type\":\"WebPage\",\"@id\":\"https:\/\/mekulo.com\/dk\/produkt\/visker-med-mikromolekylaer-antidugbelaegning\/\",\"url\":\"https:\/\/mekulo.com\/dk\/produkt\/visker-med-mikromolekylaer-antidugbelaegning\/\",\"name\":\"Visker med mikromolekyl\u00e6r antidugbel\u00e6gning - Mekulo DK\",\"isPartOf\":{\"@id\":\"https:\/\/mekulo.com\/dk\/#website\"},\"primaryImageOfPage\":{\"@id\":\"https:\/\/mekulo.com\/dk\/produkt\/visker-med-mikromolekylaer-antidugbelaegning\/#primaryimage\"},\"image\":{\"@id\":\"https:\/\/mekulo.com\/dk\/produkt\/visker-med-mikromolekylaer-antidugbelaegning\/#primaryimage\"},\"thumbnailUrl\":\"https:\/\/mekulo.com\/dk\/wp-content\/uploads\/sites\/12\/2026\/01\/v1wkyt8-1.jpg\",\"datePublished\":\"2026-01-05T15:14:19+00:00\",\"dateModified\":\"2026-01-22T16:18:16+00:00\",\"breadcrumb\":{\"@id\":\"https:\/\/mekulo.com\/dk\/produkt\/visker-med-mikromolekylaer-antidugbelaegning\/#breadcrumb\"},\"inLanguage\":\"da-DK\",\"potentialAction\":[{\"@type\":\"ReadAction\",\"target\":[\"https:\/\/mekulo.com\/dk\/produkt\/visker-med-mikromolekylaer-antidugbelaegning\/\"]}]},{\"@type\":\"ImageObject\",\"inLanguage\":\"da-DK\",\"@id\":\"https:\/\/mekulo.com\/dk\/produkt\/visker-med-mikromolekylaer-antidugbelaegning\/#primaryimage\",\"url\":\"https:\/\/mekulo.com\/dk\/wp-content\/uploads\/sites\/12\/2026\/01\/v1wkyt8-1.jpg\",\"contentUrl\":\"https:\/\/mekulo.com\/dk\/wp-content\/uploads\/sites\/12\/2026\/01\/v1wkyt8-1.jpg\",\"width\":1080,\"height\":1080},{\"@type\":\"BreadcrumbList\",\"@id\":\"https:\/\/mekulo.com\/dk\/produkt\/visker-med-mikromolekylaer-antidugbelaegning\/#breadcrumb\",\"itemListElement\":[{\"@type\":\"ListItem\",\"position\":1,\"name\":\"Home\",\"item\":\"https:\/\/mekulo.com\/dk\/\"},{\"@type\":\"ListItem\",\"position\":2,\"name\":\"Butik\",\"item\":\"https:\/\/mekulo.com\/dk\/butik\/\"},{\"@type\":\"ListItem\",\"position\":3,\"name\":\"Visker med mikromolekyl\u00e6r antidugbel\u00e6gning\"}]},{\"@type\":\"WebSite\",\"@id\":\"https:\/\/mekulo.com\/dk\/#website\",\"url\":\"https:\/\/mekulo.com\/dk\/\",\"name\":\"Mekulo DK\",\"description\":\"\",\"publisher\":{\"@id\":\"https:\/\/mekulo.com\/dk\/#organization\"},\"potentialAction\":[{\"@type\":\"SearchAction\",\"target\":{\"@type\":\"EntryPoint\",\"urlTemplate\":\"https:\/\/mekulo.com\/dk\/?s={search_term_string}\"},\"query-input\":{\"@type\":\"PropertyValueSpecification\",\"valueRequired\":true,\"valueName\":\"search_term_string\"}}],\"inLanguage\":\"da-DK\"},{\"@type\":\"Organization\",\"@id\":\"https:\/\/mekulo.com\/dk\/#organization\",\"name\":\"Mekulo\",\"url\":\"https:\/\/mekulo.com\/dk\/\",\"logo\":{\"@type\":\"ImageObject\",\"inLanguage\":\"da-DK\",\"@id\":\"https:\/\/mekulo.com\/dk\/#\/schema\/logo\/image\/\",\"url\":\"https:\/\/mekulo.com\/dk\/wp-content\/uploads\/sites\/12\/2025\/12\/favicon_mekulo.png\",\"contentUrl\":\"https:\/\/mekulo.com\/dk\/wp-content\/uploads\/sites\/12\/2025\/12\/favicon_mekulo.png\",\"width\":50,\"height\":50,\"caption\":\"Mekulo\"},\"image\":{\"@id\":\"https:\/\/mekulo.com\/dk\/#\/schema\/logo\/image\/\"}}]}<\/script>\n<!-- \/ Yoast SEO plugin. -->","yoast_head_json":{"title":"Visker med mikromolekyl\u00e6r antidugbel\u00e6gning - Mekulo DK","robots":{"index":"index","follow":"follow","max-snippet":"max-snippet:-1","max-image-preview":"max-image-preview:large","max-video-preview":"max-video-preview:-1"},"canonical":"https:\/\/mekulo.com\/dk\/produkt\/visker-med-mikromolekylaer-antidugbelaegning\/","og_locale":"da_DK","og_type":"article","og_title":"Visker med mikromolekyl\u00e6r antidugbel\u00e6gning - Mekulo DK","og_description":"Denne mikromolekyl\u00e6re antidugbel\u00e6gningsvisker skaber et gennemsigtigt beskyttelseslag, der forhindrer opbygning af dug p\u00e5 glasoverflader. Det forbedrer udsynet i regn, kulde og fugtige forhold og hj\u00e6lper dig med at k\u00f8re og leve mere sikkert og komfortabelt. Dette antidugmiddel virker \u00f8jeblikkeligt og stopper kondens, f\u00f8r den dannes. Det er nemt at p\u00e5f\u00f8re, efterlader ingen striber og holder glasset klart i l\u00e6ngere tid, uanset om det bruges i bilen eller derhjemme.","og_url":"https:\/\/mekulo.com\/dk\/produkt\/visker-med-mikromolekylaer-antidugbelaegning\/","og_site_name":"Mekulo DK","article_modified_time":"2026-01-22T16:18:16+00:00","og_image":[{"width":1080,"height":1080,"url":"https:\/\/mekulo.com\/dk\/wp-content\/uploads\/sites\/12\/2026\/01\/v1wkyt8-1.jpg","type":"image\/jpeg"}],"twitter_card":"summary_large_image","twitter_misc":{"Estimeret l\u00e6setid":"2 minutter"},"schema":{"@context":"https:\/\/schema.org","@graph":[{"@type":"WebPage","@id":"https:\/\/mekulo.com\/dk\/produkt\/visker-med-mikromolekylaer-antidugbelaegning\/","url":"https:\/\/mekulo.com\/dk\/produkt\/visker-med-mikromolekylaer-antidugbelaegning\/","name":"Visker med mikromolekyl\u00e6r antidugbel\u00e6gning - Mekulo DK","isPartOf":{"@id":"https:\/\/mekulo.com\/dk\/#website"},"primaryImageOfPage":{"@id":"https:\/\/mekulo.com\/dk\/produkt\/visker-med-mikromolekylaer-antidugbelaegning\/#primaryimage"},"image":{"@id":"https:\/\/mekulo.com\/dk\/produkt\/visker-med-mikromolekylaer-antidugbelaegning\/#primaryimage"},"thumbnailUrl":"https:\/\/mekulo.com\/dk\/wp-content\/uploads\/sites\/12\/2026\/01\/v1wkyt8-1.jpg","datePublished":"2026-01-05T15:14:19+00:00","dateModified":"2026-01-22T16:18:16+00:00","breadcrumb":{"@id":"https:\/\/mekulo.com\/dk\/produkt\/visker-med-mikromolekylaer-antidugbelaegning\/#breadcrumb"},"inLanguage":"da-DK","potentialAction":[{"@type":"ReadAction","target":["https:\/\/mekulo.com\/dk\/produkt\/visker-med-mikromolekylaer-antidugbelaegning\/"]}]},{"@type":"ImageObject","inLanguage":"da-DK","@id":"https:\/\/mekulo.com\/dk\/produkt\/visker-med-mikromolekylaer-antidugbelaegning\/#primaryimage","url":"https:\/\/mekulo.com\/dk\/wp-content\/uploads\/sites\/12\/2026\/01\/v1wkyt8-1.jpg","contentUrl":"https:\/\/mekulo.com\/dk\/wp-content\/uploads\/sites\/12\/2026\/01\/v1wkyt8-1.jpg","width":1080,"height":1080},{"@type":"BreadcrumbList","@id":"https:\/\/mekulo.com\/dk\/produkt\/visker-med-mikromolekylaer-antidugbelaegning\/#breadcrumb","itemListElement":[{"@type":"ListItem","position":1,"name":"Home","item":"https:\/\/mekulo.com\/dk\/"},{"@type":"ListItem","position":2,"name":"Butik","item":"https:\/\/mekulo.com\/dk\/butik\/"},{"@type":"ListItem","position":3,"name":"Visker med mikromolekyl\u00e6r antidugbel\u00e6gning"}]},{"@type":"WebSite","@id":"https:\/\/mekulo.com\/dk\/#website","url":"https:\/\/mekulo.com\/dk\/","name":"Mekulo DK","description":"","publisher":{"@id":"https:\/\/mekulo.com\/dk\/#organization"},"potentialAction":[{"@type":"SearchAction","target":{"@type":"EntryPoint","urlTemplate":"https:\/\/mekulo.com\/dk\/?s={search_term_string}"},"query-input":{"@type":"PropertyValueSpecification","valueRequired":true,"valueName":"search_term_string"}}],"inLanguage":"da-DK"},{"@type":"Organization","@id":"https:\/\/mekulo.com\/dk\/#organization","name":"Mekulo","url":"https:\/\/mekulo.com\/dk\/","logo":{"@type":"ImageObject","inLanguage":"da-DK","@id":"https:\/\/mekulo.com\/dk\/#\/schema\/logo\/image\/","url":"https:\/\/mekulo.com\/dk\/wp-content\/uploads\/sites\/12\/2025\/12\/favicon_mekulo.png","contentUrl":"https:\/\/mekulo.com\/dk\/wp-content\/uploads\/sites\/12\/2025\/12\/favicon_mekulo.png","width":50,"height":50,"caption":"Mekulo"},"image":{"@id":"https:\/\/mekulo.com\/dk\/#\/schema\/logo\/image\/"}}]}},"_links":{"self":[{"href":"https:\/\/mekulo.com\/dk\/wp-json\/wp\/v2\/product\/15157","targetHints":{"allow":["GET"]}}],"collection":[{"href":"https:\/\/mekulo.com\/dk\/wp-json\/wp\/v2\/product"}],"about":[{"href":"https:\/\/mekulo.com\/dk\/wp-json\/wp\/v2\/types\/product"}],"replies":[{"embeddable":true,"href":"https:\/\/mekulo.com\/dk\/wp-json\/wp\/v2\/comments?post=15157"}],"wp:featuredmedia":[{"embeddable":true,"href":"https:\/\/mekulo.com\/dk\/wp-json\/wp\/v2\/media\/15153"}],"wp:attachment":[{"href":"https:\/\/mekulo.com\/dk\/wp-json\/wp\/v2\/media?parent=15157"}],"wp:term":[{"taxonomy":"product_brand","embeddable":true,"href":"https:\/\/mekulo.com\/dk\/wp-json\/wp\/v2\/product_brand?post=15157"},{"taxonomy":"product_cat","embeddable":true,"href":"https:\/\/mekulo.com\/dk\/wp-json\/wp\/v2\/product_cat?post=15157"},{"taxonomy":"product_tag","embeddable":true,"href":"https:\/\/mekulo.com\/dk\/wp-json\/wp\/v2\/product_tag?post=15157"}],"curies":[{"name":"wp","href":"https:\/\/api.w.org\/{rel}","templated":true}]}}