{"id":15148,"date":"2026-01-05T17:12:12","date_gmt":"2026-01-05T15:12:12","guid":{"rendered":"https:\/\/mekulo.com\/dk\/produkt\/fiskeskaler\/"},"modified":"2026-01-05T19:39:35","modified_gmt":"2026-01-05T17:39:35","slug":"fiskeskaler","status":"publish","type":"product","link":"https:\/\/mekulo.com\/dk\/produkt\/fiskeskaler\/","title":{"rendered":"Fiskeskaler"},"content":{"rendered":"<p style=\"text-align: center;\" data-start=\"0\" data-end=\"55\"><strong data-start=\"0\" data-end=\"55\">Fjern fiskesk\u00e6l hurtigt og rent med mindre indsats.<\/strong><span style=\"font-size: 16px; font-style: normal; font-weight: 400;\">\ud83d\udc1f<\/span><\/p>\n<p data-start=\"57\" data-end=\"258\"><img fetchpriority=\"high\" decoding=\"async\" class=\"size-full wp-image-46536 aligncenter\" src=\"https:\/\/keluvo.com\/template\/wp-content\/uploads\/sites\/5\/2025\/12\/102222-ezgif.com-video-to-webp-converter-3.webp\" alt=\"\" width=\"500\" height=\"500\" \/><\/p>\n<h2 style=\"text-align: center;\" data-start=\"514\" data-end=\"533\">\u2b50 Hovedfordele<\/h2>\n<p data-start=\"536\" data-end=\"605\">\ud83d\udd2a Skarp savtakket kant &#8211; Fjerner sk\u00e6l hurtigt og effektivt.<\/p>\n<p data-start=\"608\" data-end=\"663\">\ud83e\uddfc Let at reng\u00f8re &#8211; Glat overflade i rustfrit st\u00e5l.<\/p>\n<p data-start=\"666\" data-end=\"714\">\ud83e\udd32 Behageligt greb &#8211; Reducerer tr\u00e6thed i h\u00e6nderne.<\/p>\n<p data-start=\"717\" data-end=\"774\">\ud83d\udc20 Multifunktionsv\u00e6rkt\u00f8j &#8211; Skraber og afkalker i \u00e9t.<\/p>\n<p data-start=\"777\" data-end=\"849\">\ud83d\udee1\ufe0f Rustfrit st\u00e5l i f\u00f8devarekvalitet &#8211; sikkert, rustbestandigt og holdbart.<\/p>\n<p data-start=\"777\" data-end=\"849\"><img decoding=\"async\" class=\"size-full wp-image-46535 aligncenter\" src=\"https:\/\/keluvo.com\/template\/wp-content\/uploads\/sites\/5\/2025\/12\/102223-ezgif.com-video-to-webp-converter-2.webp\" alt=\"\" width=\"500\" height=\"500\" \/><\/p>\n<h2 style=\"text-align: center;\" data-start=\"851\" data-end=\"868\">\ud83e\uddf0 S\u00e5dan bruges<\/h2>\n<ol data-start=\"869\" data-end=\"1082\">\n<li data-start=\"869\" data-end=\"907\">\n<p data-start=\"872\" data-end=\"907\">Hold fisken fast i halen.<\/p>\n<\/li>\n<li data-start=\"908\" data-end=\"952\">\n<p data-start=\"911\" data-end=\"952\">Placer skr\u00e6lleren mod fiskeskindet.<\/p>\n<\/li>\n<li data-start=\"953\" data-end=\"1005\">\n<p data-start=\"956\" data-end=\"1005\">Skrab fra hale til hoved med et let tryk.<\/p>\n<\/li>\n<li data-start=\"1006\" data-end=\"1047\">\n<p data-start=\"1009\" data-end=\"1047\">Skyl fisken og skr\u00e6lleren efter brug.<\/p>\n<\/li>\n<li data-start=\"1048\" data-end=\"1082\">\n<p data-start=\"1051\" data-end=\"1082\">Reng\u00f8r og opbevar til n\u00e6ste brug.<\/p>\n<\/li>\n<\/ol>\n<h2 style=\"text-align: center;\" data-start=\"1084\" data-end=\"1106\">\ud83d\udccf Produktdetaljer<\/h2>\n<ul data-start=\"1107\" data-end=\"1278\">\n<li data-start=\"1137\" data-end=\"1166\">\n<p data-start=\"1139\" data-end=\"1166\">Materiale: Rustfrit st\u00e5l<\/p>\n<\/li>\n<li data-start=\"1167\" data-end=\"1184\">\n<p data-start=\"1169\" data-end=\"1184\">Farve: S\u00f8lv<\/p>\n<\/li>\n<li data-start=\"1185\" data-end=\"1225\">\n<p data-start=\"1187\" data-end=\"1225\">St\u00f8rrelse: 16,2 x 5,8 cm<\/p>\n<\/li>\n<li data-start=\"1226\" data-end=\"1278\">\n<p data-start=\"1228\" data-end=\"1278\">Anvendelse: Hjemmek\u00f8kkener, fiske- og skaldyrsmarkeder, restauranter<\/p>\n<\/li>\n<\/ul>\n<h2 style=\"text-align: center;\" data-start=\"1280\" data-end=\"1303\">\ud83d\udce6 Pakken indeholder<\/h2>\n<ul data-start=\"1304\" data-end=\"1344\" data-is-last-node=\"\" data-is-only-node=\"\">\n<li data-start=\"1304\" data-end=\"1344\" data-is-last-node=\"\">\n<p data-start=\"1306\" data-end=\"1344\" data-is-last-node=\"\">1x fiskeskr\u00e6ller i rustfrit st\u00e5l.<\/p>\n<\/li>\n<\/ul>\n","protected":false},"excerpt":{"rendered":"<p>Denne fiskeskaler er designet til hurtigt og sikkert at fjerne sk\u00e6l fra alle typer fisk. Den skarpe kant i rustfrit st\u00e5l g\u00f8r afkalkningen nem, ren og effektiv til b\u00e5de hjemmek\u00f8kkener og professionel brug. Denne professionelle fiskeskaler hj\u00e6lper dig med at afkalke fisk uden rod eller besv\u00e6r. Det ergonomiske h\u00e5ndtag giver dig fuld kontrol, mens den skarpe savtakkede kant fjerner sk\u00e6llene uden at beskadige fisken.<\/p>\n","protected":false},"featured_media":15144,"comment_status":"open","ping_status":"closed","template":"","meta":{"site-sidebar-layout":"default","site-content-layout":"","ast-site-content-layout":"default","site-content-style":"default","site-sidebar-style":"default","ast-global-header-display":"","ast-banner-title-visibility":"","ast-main-header-display":"","ast-hfb-above-header-display":"","ast-hfb-below-header-display":"","ast-hfb-mobile-header-display":"","site-post-title":"","ast-breadcrumbs-content":"","ast-featured-img":"","footer-sml-layout":"","ast-disable-related-posts":"","theme-transparent-header-meta":"default","adv-header-id-meta":"","stick-header-meta":"","header-above-stick-meta":"","header-main-stick-meta":"","header-below-stick-meta":"","astra-migrate-meta-layouts":"set","ast-page-background-enabled":"default","ast-page-background-meta":{"desktop":{"background-color":"var(--ast-global-color-5)","background-image":"","background-repeat":"repeat","background-position":"center center","background-size":"auto","background-attachment":"scroll","background-type":"","background-media":"","overlay-type":"","overlay-color":"","overlay-opacity":"","overlay-gradient":""},"tablet":{"background-color":"","background-image":"","background-repeat":"repeat","background-position":"center center","background-size":"auto","background-attachment":"scroll","background-type":"","background-media":"","overlay-type":"","overlay-color":"","overlay-opacity":"","overlay-gradient":""},"mobile":{"background-color":"","background-image":"","background-repeat":"repeat","background-position":"center center","background-size":"auto","background-attachment":"scroll","background-type":"","background-media":"","overlay-type":"","overlay-color":"","overlay-opacity":"","overlay-gradient":""}},"ast-content-background-meta":{"desktop":{"background-color":"var(--ast-global-color-4)","background-image":"","background-repeat":"repeat","background-position":"center center","background-size":"auto","background-attachment":"scroll","background-type":"","background-media":"","overlay-type":"","overlay-color":"","overlay-opacity":"","overlay-gradient":""},"tablet":{"background-color":"var(--ast-global-color-4)","background-image":"","background-repeat":"repeat","background-position":"center center","background-size":"auto","background-attachment":"scroll","background-type":"","background-media":"","overlay-type":"","overlay-color":"","overlay-opacity":"","overlay-gradient":""},"mobile":{"background-color":"var(--ast-global-color-4)","background-image":"","background-repeat":"repeat","background-position":"center center","background-size":"auto","background-attachment":"scroll","background-type":"","background-media":"","overlay-type":"","overlay-color":"","overlay-opacity":"","overlay-gradient":""}}},"product_brand":[],"product_cat":[168],"product_tag":[],"class_list":{"0":"post-15148","1":"product","2":"type-product","3":"status-publish","4":"has-post-thumbnail","6":"product_cat-husholdningsartikler","7":"desktop-align-left","8":"tablet-align-left","9":"mobile-align-left","11":"first","12":"instock","13":"shipping-taxable","14":"purchasable","15":"product-type-simple"},"yoast_head":"<!-- This site is optimized with the Yoast SEO plugin v27.4 - https:\/\/yoast.com\/product\/yoast-seo-wordpress\/ -->\n<title>Fiskeskaler - Mekulo DK<\/title>\n<meta name=\"robots\" content=\"index, follow, max-snippet:-1, max-image-preview:large, max-video-preview:-1\" \/>\n<link rel=\"canonical\" href=\"https:\/\/mekulo.com\/dk\/produkt\/fiskeskaler\/\" \/>\n<meta property=\"og:locale\" content=\"da_DK\" \/>\n<meta property=\"og:type\" content=\"article\" \/>\n<meta property=\"og:title\" content=\"Fiskeskaler - Mekulo DK\" \/>\n<meta property=\"og:description\" content=\"Denne fiskeskaler er designet til hurtigt og sikkert at fjerne sk\u00e6l fra alle typer fisk. Den skarpe kant i rustfrit st\u00e5l g\u00f8r afkalkningen nem, ren og effektiv til b\u00e5de hjemmek\u00f8kkener og professionel brug. Denne professionelle fiskeskaler hj\u00e6lper dig med at afkalke fisk uden rod eller besv\u00e6r. Det ergonomiske h\u00e5ndtag giver dig fuld kontrol, mens den skarpe savtakkede kant fjerner sk\u00e6llene uden at beskadige fisken.\" \/>\n<meta property=\"og:url\" content=\"https:\/\/mekulo.com\/dk\/produkt\/fiskeskaler\/\" \/>\n<meta property=\"og:site_name\" content=\"Mekulo DK\" \/>\n<meta property=\"article:modified_time\" content=\"2026-01-05T17:39:35+00:00\" \/>\n<meta property=\"og:image\" content=\"https:\/\/mekulo.com\/dk\/wp-content\/uploads\/sites\/12\/2026\/01\/2pesoy7-1.jpeg\" \/>\n\t<meta property=\"og:image:width\" content=\"1000\" \/>\n\t<meta property=\"og:image:height\" content=\"1000\" \/>\n\t<meta property=\"og:image:type\" content=\"image\/jpeg\" \/>\n<meta name=\"twitter:card\" content=\"summary_large_image\" \/>\n<meta name=\"twitter:label1\" content=\"Estimeret l\u00e6setid\" \/>\n\t<meta name=\"twitter:data1\" content=\"2 minutter\" \/>\n<script type=\"application\/ld+json\" class=\"yoast-schema-graph\">{\"@context\":\"https:\\\/\\\/schema.org\",\"@graph\":[{\"@type\":\"WebPage\",\"@id\":\"https:\\\/\\\/mekulo.com\\\/dk\\\/produkt\\\/fiskeskaler\\\/\",\"url\":\"https:\\\/\\\/mekulo.com\\\/dk\\\/produkt\\\/fiskeskaler\\\/\",\"name\":\"Fiskeskaler - Mekulo DK\",\"isPartOf\":{\"@id\":\"https:\\\/\\\/mekulo.com\\\/dk\\\/#website\"},\"primaryImageOfPage\":{\"@id\":\"https:\\\/\\\/mekulo.com\\\/dk\\\/produkt\\\/fiskeskaler\\\/#primaryimage\"},\"image\":{\"@id\":\"https:\\\/\\\/mekulo.com\\\/dk\\\/produkt\\\/fiskeskaler\\\/#primaryimage\"},\"thumbnailUrl\":\"https:\\\/\\\/mekulo.com\\\/dk\\\/wp-content\\\/uploads\\\/sites\\\/12\\\/2026\\\/01\\\/2pesoy7-1.jpeg\",\"datePublished\":\"2026-01-05T15:12:12+00:00\",\"dateModified\":\"2026-01-05T17:39:35+00:00\",\"breadcrumb\":{\"@id\":\"https:\\\/\\\/mekulo.com\\\/dk\\\/produkt\\\/fiskeskaler\\\/#breadcrumb\"},\"inLanguage\":\"da-DK\",\"potentialAction\":[{\"@type\":\"ReadAction\",\"target\":[\"https:\\\/\\\/mekulo.com\\\/dk\\\/produkt\\\/fiskeskaler\\\/\"]}]},{\"@type\":\"ImageObject\",\"inLanguage\":\"da-DK\",\"@id\":\"https:\\\/\\\/mekulo.com\\\/dk\\\/produkt\\\/fiskeskaler\\\/#primaryimage\",\"url\":\"https:\\\/\\\/mekulo.com\\\/dk\\\/wp-content\\\/uploads\\\/sites\\\/12\\\/2026\\\/01\\\/2pesoy7-1.jpeg\",\"contentUrl\":\"https:\\\/\\\/mekulo.com\\\/dk\\\/wp-content\\\/uploads\\\/sites\\\/12\\\/2026\\\/01\\\/2pesoy7-1.jpeg\",\"width\":1000,\"height\":1000},{\"@type\":\"BreadcrumbList\",\"@id\":\"https:\\\/\\\/mekulo.com\\\/dk\\\/produkt\\\/fiskeskaler\\\/#breadcrumb\",\"itemListElement\":[{\"@type\":\"ListItem\",\"position\":1,\"name\":\"Home\",\"item\":\"https:\\\/\\\/mekulo.com\\\/dk\\\/\"},{\"@type\":\"ListItem\",\"position\":2,\"name\":\"Butik\",\"item\":\"https:\\\/\\\/mekulo.com\\\/dk\\\/butik\\\/\"},{\"@type\":\"ListItem\",\"position\":3,\"name\":\"Fiskeskaler\"}]},{\"@type\":\"WebSite\",\"@id\":\"https:\\\/\\\/mekulo.com\\\/dk\\\/#website\",\"url\":\"https:\\\/\\\/mekulo.com\\\/dk\\\/\",\"name\":\"Mekulo DK\",\"description\":\"\",\"publisher\":{\"@id\":\"https:\\\/\\\/mekulo.com\\\/dk\\\/#organization\"},\"potentialAction\":[{\"@type\":\"SearchAction\",\"target\":{\"@type\":\"EntryPoint\",\"urlTemplate\":\"https:\\\/\\\/mekulo.com\\\/dk\\\/?s={search_term_string}\"},\"query-input\":{\"@type\":\"PropertyValueSpecification\",\"valueRequired\":true,\"valueName\":\"search_term_string\"}}],\"inLanguage\":\"da-DK\"},{\"@type\":\"Organization\",\"@id\":\"https:\\\/\\\/mekulo.com\\\/dk\\\/#organization\",\"name\":\"Mekulo\",\"url\":\"https:\\\/\\\/mekulo.com\\\/dk\\\/\",\"logo\":{\"@type\":\"ImageObject\",\"inLanguage\":\"da-DK\",\"@id\":\"https:\\\/\\\/mekulo.com\\\/dk\\\/#\\\/schema\\\/logo\\\/image\\\/\",\"url\":\"https:\\\/\\\/mekulo.com\\\/dk\\\/wp-content\\\/uploads\\\/sites\\\/12\\\/2025\\\/12\\\/favicon_mekulo.png\",\"contentUrl\":\"https:\\\/\\\/mekulo.com\\\/dk\\\/wp-content\\\/uploads\\\/sites\\\/12\\\/2025\\\/12\\\/favicon_mekulo.png\",\"width\":50,\"height\":50,\"caption\":\"Mekulo\"},\"image\":{\"@id\":\"https:\\\/\\\/mekulo.com\\\/dk\\\/#\\\/schema\\\/logo\\\/image\\\/\"}}]}<\/script>\n<!-- \/ Yoast SEO plugin. -->","yoast_head_json":{"title":"Fiskeskaler - Mekulo DK","robots":{"index":"index","follow":"follow","max-snippet":"max-snippet:-1","max-image-preview":"max-image-preview:large","max-video-preview":"max-video-preview:-1"},"canonical":"https:\/\/mekulo.com\/dk\/produkt\/fiskeskaler\/","og_locale":"da_DK","og_type":"article","og_title":"Fiskeskaler - Mekulo DK","og_description":"Denne fiskeskaler er designet til hurtigt og sikkert at fjerne sk\u00e6l fra alle typer fisk. Den skarpe kant i rustfrit st\u00e5l g\u00f8r afkalkningen nem, ren og effektiv til b\u00e5de hjemmek\u00f8kkener og professionel brug. Denne professionelle fiskeskaler hj\u00e6lper dig med at afkalke fisk uden rod eller besv\u00e6r. Det ergonomiske h\u00e5ndtag giver dig fuld kontrol, mens den skarpe savtakkede kant fjerner sk\u00e6llene uden at beskadige fisken.","og_url":"https:\/\/mekulo.com\/dk\/produkt\/fiskeskaler\/","og_site_name":"Mekulo DK","article_modified_time":"2026-01-05T17:39:35+00:00","og_image":[{"width":1000,"height":1000,"url":"https:\/\/mekulo.com\/dk\/wp-content\/uploads\/sites\/12\/2026\/01\/2pesoy7-1.jpeg","type":"image\/jpeg"}],"twitter_card":"summary_large_image","twitter_misc":{"Estimeret l\u00e6setid":"2 minutter"},"schema":{"@context":"https:\/\/schema.org","@graph":[{"@type":"WebPage","@id":"https:\/\/mekulo.com\/dk\/produkt\/fiskeskaler\/","url":"https:\/\/mekulo.com\/dk\/produkt\/fiskeskaler\/","name":"Fiskeskaler - Mekulo DK","isPartOf":{"@id":"https:\/\/mekulo.com\/dk\/#website"},"primaryImageOfPage":{"@id":"https:\/\/mekulo.com\/dk\/produkt\/fiskeskaler\/#primaryimage"},"image":{"@id":"https:\/\/mekulo.com\/dk\/produkt\/fiskeskaler\/#primaryimage"},"thumbnailUrl":"https:\/\/mekulo.com\/dk\/wp-content\/uploads\/sites\/12\/2026\/01\/2pesoy7-1.jpeg","datePublished":"2026-01-05T15:12:12+00:00","dateModified":"2026-01-05T17:39:35+00:00","breadcrumb":{"@id":"https:\/\/mekulo.com\/dk\/produkt\/fiskeskaler\/#breadcrumb"},"inLanguage":"da-DK","potentialAction":[{"@type":"ReadAction","target":["https:\/\/mekulo.com\/dk\/produkt\/fiskeskaler\/"]}]},{"@type":"ImageObject","inLanguage":"da-DK","@id":"https:\/\/mekulo.com\/dk\/produkt\/fiskeskaler\/#primaryimage","url":"https:\/\/mekulo.com\/dk\/wp-content\/uploads\/sites\/12\/2026\/01\/2pesoy7-1.jpeg","contentUrl":"https:\/\/mekulo.com\/dk\/wp-content\/uploads\/sites\/12\/2026\/01\/2pesoy7-1.jpeg","width":1000,"height":1000},{"@type":"BreadcrumbList","@id":"https:\/\/mekulo.com\/dk\/produkt\/fiskeskaler\/#breadcrumb","itemListElement":[{"@type":"ListItem","position":1,"name":"Home","item":"https:\/\/mekulo.com\/dk\/"},{"@type":"ListItem","position":2,"name":"Butik","item":"https:\/\/mekulo.com\/dk\/butik\/"},{"@type":"ListItem","position":3,"name":"Fiskeskaler"}]},{"@type":"WebSite","@id":"https:\/\/mekulo.com\/dk\/#website","url":"https:\/\/mekulo.com\/dk\/","name":"Mekulo DK","description":"","publisher":{"@id":"https:\/\/mekulo.com\/dk\/#organization"},"potentialAction":[{"@type":"SearchAction","target":{"@type":"EntryPoint","urlTemplate":"https:\/\/mekulo.com\/dk\/?s={search_term_string}"},"query-input":{"@type":"PropertyValueSpecification","valueRequired":true,"valueName":"search_term_string"}}],"inLanguage":"da-DK"},{"@type":"Organization","@id":"https:\/\/mekulo.com\/dk\/#organization","name":"Mekulo","url":"https:\/\/mekulo.com\/dk\/","logo":{"@type":"ImageObject","inLanguage":"da-DK","@id":"https:\/\/mekulo.com\/dk\/#\/schema\/logo\/image\/","url":"https:\/\/mekulo.com\/dk\/wp-content\/uploads\/sites\/12\/2025\/12\/favicon_mekulo.png","contentUrl":"https:\/\/mekulo.com\/dk\/wp-content\/uploads\/sites\/12\/2025\/12\/favicon_mekulo.png","width":50,"height":50,"caption":"Mekulo"},"image":{"@id":"https:\/\/mekulo.com\/dk\/#\/schema\/logo\/image\/"}}]}},"_links":{"self":[{"href":"https:\/\/mekulo.com\/dk\/wp-json\/wp\/v2\/product\/15148","targetHints":{"allow":["GET"]}}],"collection":[{"href":"https:\/\/mekulo.com\/dk\/wp-json\/wp\/v2\/product"}],"about":[{"href":"https:\/\/mekulo.com\/dk\/wp-json\/wp\/v2\/types\/product"}],"replies":[{"embeddable":true,"href":"https:\/\/mekulo.com\/dk\/wp-json\/wp\/v2\/comments?post=15148"}],"wp:featuredmedia":[{"embeddable":true,"href":"https:\/\/mekulo.com\/dk\/wp-json\/wp\/v2\/media\/15144"}],"wp:attachment":[{"href":"https:\/\/mekulo.com\/dk\/wp-json\/wp\/v2\/media?parent=15148"}],"wp:term":[{"taxonomy":"product_brand","embeddable":true,"href":"https:\/\/mekulo.com\/dk\/wp-json\/wp\/v2\/product_brand?post=15148"},{"taxonomy":"product_cat","embeddable":true,"href":"https:\/\/mekulo.com\/dk\/wp-json\/wp\/v2\/product_cat?post=15148"},{"taxonomy":"product_tag","embeddable":true,"href":"https:\/\/mekulo.com\/dk\/wp-json\/wp\/v2\/product_tag?post=15148"}],"curies":[{"name":"wp","href":"https:\/\/api.w.org\/{rel}","templated":true}]}}