{"id":15102,"date":"2026-01-05T13:18:30","date_gmt":"2026-01-05T11:18:30","guid":{"rendered":"https:\/\/mekulo.com\/dk\/produkt\/ultrahurtig-kaedesavssliber\/"},"modified":"2026-01-05T14:47:48","modified_gmt":"2026-01-05T12:47:48","slug":"ultrahurtig-kaedesavssliber","status":"publish","type":"product","link":"https:\/\/mekulo.com\/dk\/produkt\/ultrahurtig-kaedesavssliber\/","title":{"rendered":"Ultrahurtig k\u00e6desavssliber"},"content":{"rendered":"<h2 style=\"text-align: center;\"><strong>Hurtig Og Effektiv Slibning<\/strong><\/h2>\n<p style=\"text-align: center;\"><img fetchpriority=\"high\" decoding=\"async\" class=\"alignnone size-full wp-image-45369\" src=\"https:\/\/keluvo.com\/template\/wp-content\/uploads\/sites\/5\/2025\/12\/1_6e5cb4a0-5f73-41da-b215-1ba701dff05a-ezgif.com-video-to-webp-converter.webp\" alt=\"\" width=\"450\" height=\"450\" \/><\/p>\n<h2 style=\"text-align: center;\"><strong>B\u00e6redygtighed Og Besparelser<\/strong><\/h2>\n<div>\n<p style=\"text-align: center;\">Forl\u00e6ng dine k\u00e6ders levetid, og undg\u00e5 gentagne k\u00f8b af nye klinger.<\/p>\n<p style=\"text-align: center;\"><img decoding=\"async\" class=\"\" src=\"https:\/\/cdn.shopify.com\/s\/files\/1\/0893\/1006\/9074\/files\/Design_sans_titre.svg?v=1737743651\" width=\"29\" height=\"29\" \/> Garanteret \u00f8konomi: slib i stedet for at udskifte. Behold dine penge.<\/p>\n<p style=\"text-align: center;\"><img decoding=\"async\" class=\"\" src=\"https:\/\/cdn.shopify.com\/s\/files\/1\/0893\/1006\/9074\/files\/Design_sans_titre.svg?v=1737743651\" width=\"29\" height=\"29\" \/> <span class=\"featured_row_list\">Reduceret slid: oprethold optimal skarphed i l\u00e6ngere tid.<\/span><\/p>\n<div class=\"rte-setting featured-row__list \" style=\"text-align: center;\"><img decoding=\"async\" class=\"\" src=\"https:\/\/cdn.shopify.com\/s\/files\/1\/0893\/1006\/9074\/files\/Design_sans_titre.svg?v=1737743651\" width=\"29\" height=\"29\" \/>Robuste materialer: designet til at holde og modst\u00e5 intensiv brug.<\/div>\n<h2><\/h2>\n<div><img decoding=\"async\" class=\"size-full wp-image-45371 aligncenter\" src=\"https:\/\/keluvo.com\/template\/wp-content\/uploads\/sites\/5\/2025\/12\/second-ezgif.com-video-to-webp-converter.webp\" alt=\"\" width=\"450\" height=\"450\" \/><\/div>\n<h2><\/h2>\n<h2 style=\"text-align: center;\"><strong>Praktisk Og Universel<\/strong><\/h2>\n<p style=\"text-align: center;\"><span style=\"font-size: 16px;\">Let at bruge og kompatibel med de fleste motorsave for maksimal alsidighed.<\/span><\/p>\n<h2><\/h2>\n<div>\n<div class=\"rte-setting featured-row__subtext fade-down text-justify\">\n<h3 style=\"text-align: center;\"><strong>Ofte Stillede Sp\u00f8rgsm\u00e5l<\/strong><\/h3>\n<h2><\/h2>\n<p style=\"text-align: center;\"><strong>Q: Passer denne sliber til alle motorsavsk\u00e6der?<\/strong><\/p>\n<p style=\"text-align: center;\">A: Ja, den er designet til at passe til de fleste standardk\u00e6der, uanset hvilket m\u00e6rke din motorsav er.<\/p>\n<h2><\/h2>\n<p style=\"text-align: center;\"><strong>Q: Er det kompliceret at slibe k\u00e6den med dette v\u00e6rkt\u00f8j?<\/strong><\/p>\n<p style=\"text-align: center;\">A: Overhovedet ikke! Du skal blot s\u00e6tte k\u00e6den i sliberen og f\u00f8lge vejledningen for at f\u00e5 en pr\u00e6cis og j\u00e6vn slibning p\u00e5 f\u00e5 sekunder.<\/p>\n<h2><\/h2>\n<p style=\"text-align: center;\"><strong>Q: Skal jeg skille min k\u00e6de ad for at slibe den?<\/strong><\/p>\n<p style=\"text-align: center;\">A: Nej, slibningen sker direkte p\u00e5 motorsaven uden at skille den ad, hvilket giver maksimal tidsbesparelse og forenklet brug.<\/p>\n<h2><\/h2>\n<p style=\"text-align: center;\"><strong>Q: Hvor l\u00e6nge holder sliberen?<\/strong><\/p>\n<p style=\"text-align: center;\">A: Den er designet med holdbare materialer for at sikre en lang levetid. Slibestenene kan udskiftes, hvis det er n\u00f8dvendigt.<\/p>\n<h2><\/h2>\n<\/div>\n<\/div>\n<\/div>\n","protected":false},"excerpt":{"rendered":"<p>Skarp k\u00e6desav p\u00e5 f\u00e5 sekunder, uden afmontering eller tidsspilde.<\/p>\n<p><img decoding=\"async\" class=\"\" src=\"https:\/\/cdn.shopify.com\/s\/files\/1\/0893\/1006\/9074\/files\/Design_sans_titre.svg?v=1737743651\" width=\"29\" height=\"29\" \/> Hurtig slibning: Gendan skarpheden med en enkelt bev\u00e6gelse.<\/p>\n<p><img decoding=\"async\" class=\"\" src=\"https:\/\/cdn.shopify.com\/s\/files\/1\/0893\/1006\/9074\/files\/Design_sans_titre.svg?v=1737743651\" width=\"29\" height=\"29\" \/> <span class=\"featured_row_list\">Optimal pr\u00e6cision: sk\u00e6rper hver tand j\u00e6vnt.<\/span><\/p>\n<p class=\"rte-setting featured-row__list \"><img decoding=\"async\" class=\"\" src=\"https:\/\/cdn.shopify.com\/s\/files\/1\/0893\/1006\/9074\/files\/Design_sans_titre.svg?v=1737743651\" width=\"29\" height=\"29\" \/>Spar tid<span style=\"font-size: 16px;\"> : undg\u00e5 afbrydelser i skoven eller p\u00e5 byggepladser.<\/span><\/p>\n","protected":false},"featured_media":15098,"comment_status":"open","ping_status":"closed","template":"","meta":{"site-sidebar-layout":"default","site-content-layout":"","ast-site-content-layout":"default","site-content-style":"default","site-sidebar-style":"default","ast-global-header-display":"","ast-banner-title-visibility":"","ast-main-header-display":"","ast-hfb-above-header-display":"","ast-hfb-below-header-display":"","ast-hfb-mobile-header-display":"","site-post-title":"","ast-breadcrumbs-content":"","ast-featured-img":"","footer-sml-layout":"","theme-transparent-header-meta":"default","adv-header-id-meta":"","stick-header-meta":"","header-above-stick-meta":"","header-main-stick-meta":"","header-below-stick-meta":"","astra-migrate-meta-layouts":"set","ast-page-background-enabled":"default","ast-page-background-meta":{"desktop":{"background-color":"var(--ast-global-color-5)","background-image":"","background-repeat":"repeat","background-position":"center center","background-size":"auto","background-attachment":"scroll","background-type":"","background-media":"","overlay-type":"","overlay-color":"","overlay-opacity":"","overlay-gradient":""},"tablet":{"background-color":"","background-image":"","background-repeat":"repeat","background-position":"center center","background-size":"auto","background-attachment":"scroll","background-type":"","background-media":"","overlay-type":"","overlay-color":"","overlay-opacity":"","overlay-gradient":""},"mobile":{"background-color":"","background-image":"","background-repeat":"repeat","background-position":"center center","background-size":"auto","background-attachment":"scroll","background-type":"","background-media":"","overlay-type":"","overlay-color":"","overlay-opacity":"","overlay-gradient":""}},"ast-content-background-meta":{"desktop":{"background-color":"var(--ast-global-color-4)","background-image":"","background-repeat":"repeat","background-position":"center center","background-size":"auto","background-attachment":"scroll","background-type":"","background-media":"","overlay-type":"","overlay-color":"","overlay-opacity":"","overlay-gradient":""},"tablet":{"background-color":"var(--ast-global-color-4)","background-image":"","background-repeat":"repeat","background-position":"center center","background-size":"auto","background-attachment":"scroll","background-type":"","background-media":"","overlay-type":"","overlay-color":"","overlay-opacity":"","overlay-gradient":""},"mobile":{"background-color":"var(--ast-global-color-4)","background-image":"","background-repeat":"repeat","background-position":"center center","background-size":"auto","background-attachment":"scroll","background-type":"","background-media":"","overlay-type":"","overlay-color":"","overlay-opacity":"","overlay-gradient":""}}},"product_brand":[],"product_cat":[15],"product_tag":[],"class_list":{"0":"post-15102","1":"product","2":"type-product","3":"status-publish","4":"has-post-thumbnail","6":"product_cat-uncategorized","7":"pa_60609_9twfiasx-1-stk","8":"pa_60609_9twfiasx-2-stk","9":"pa_60609_9twfiasx-3-stk","10":"desktop-align-left","11":"tablet-align-left","12":"mobile-align-left","14":"first","15":"instock","16":"shipping-taxable","17":"purchasable","18":"product-type-variable"},"yoast_head":"<!-- This site is optimized with the Yoast SEO plugin v26.6 - https:\/\/yoast.com\/wordpress\/plugins\/seo\/ -->\n<title>Ultrahurtig k\u00e6desavssliber - Mekulo DK<\/title>\n<meta name=\"robots\" content=\"index, follow, max-snippet:-1, max-image-preview:large, max-video-preview:-1\" \/>\n<link rel=\"canonical\" href=\"https:\/\/mekulo.com\/dk\/produkt\/ultrahurtig-kaedesavssliber\/\" \/>\n<meta property=\"og:locale\" content=\"da_DK\" \/>\n<meta property=\"og:type\" content=\"article\" \/>\n<meta property=\"og:title\" content=\"Ultrahurtig k\u00e6desavssliber - Mekulo DK\" \/>\n<meta property=\"og:description\" content=\"Skarp k\u00e6desav p\u00e5 f\u00e5 sekunder, uden afmontering eller tidsspilde.   Hurtig slibning: Gendan skarpheden med en enkelt bev\u00e6gelse.   Optimal pr\u00e6cision: sk\u00e6rper hver tand j\u00e6vnt. Spar tid : undg\u00e5 afbrydelser i skoven eller p\u00e5 byggepladser.\" \/>\n<meta property=\"og:url\" content=\"https:\/\/mekulo.com\/dk\/produkt\/ultrahurtig-kaedesavssliber\/\" \/>\n<meta property=\"og:site_name\" content=\"Mekulo DK\" \/>\n<meta property=\"article:modified_time\" content=\"2026-01-05T12:47:48+00:00\" \/>\n<meta property=\"og:image\" content=\"https:\/\/mekulo.com\/dk\/wp-content\/uploads\/sites\/12\/2026\/01\/dukpo94-1.webp\" \/>\n\t<meta property=\"og:image:width\" content=\"1000\" \/>\n\t<meta property=\"og:image:height\" content=\"1000\" \/>\n\t<meta property=\"og:image:type\" content=\"image\/webp\" \/>\n<meta name=\"twitter:card\" content=\"summary_large_image\" \/>\n<meta name=\"twitter:label1\" content=\"Estimeret l\u00e6setid\" \/>\n\t<meta name=\"twitter:data1\" content=\"3 minutter\" \/>\n<script type=\"application\/ld+json\" class=\"yoast-schema-graph\">{\"@context\":\"https:\/\/schema.org\",\"@graph\":[{\"@type\":\"WebPage\",\"@id\":\"https:\/\/mekulo.com\/dk\/produkt\/ultrahurtig-kaedesavssliber\/\",\"url\":\"https:\/\/mekulo.com\/dk\/produkt\/ultrahurtig-kaedesavssliber\/\",\"name\":\"Ultrahurtig k\u00e6desavssliber - Mekulo DK\",\"isPartOf\":{\"@id\":\"https:\/\/mekulo.com\/dk\/#website\"},\"primaryImageOfPage\":{\"@id\":\"https:\/\/mekulo.com\/dk\/produkt\/ultrahurtig-kaedesavssliber\/#primaryimage\"},\"image\":{\"@id\":\"https:\/\/mekulo.com\/dk\/produkt\/ultrahurtig-kaedesavssliber\/#primaryimage\"},\"thumbnailUrl\":\"https:\/\/mekulo.com\/dk\/wp-content\/uploads\/sites\/12\/2026\/01\/dukpo94-1.webp\",\"datePublished\":\"2026-01-05T11:18:30+00:00\",\"dateModified\":\"2026-01-05T12:47:48+00:00\",\"breadcrumb\":{\"@id\":\"https:\/\/mekulo.com\/dk\/produkt\/ultrahurtig-kaedesavssliber\/#breadcrumb\"},\"inLanguage\":\"da-DK\",\"potentialAction\":[{\"@type\":\"ReadAction\",\"target\":[\"https:\/\/mekulo.com\/dk\/produkt\/ultrahurtig-kaedesavssliber\/\"]}]},{\"@type\":\"ImageObject\",\"inLanguage\":\"da-DK\",\"@id\":\"https:\/\/mekulo.com\/dk\/produkt\/ultrahurtig-kaedesavssliber\/#primaryimage\",\"url\":\"https:\/\/mekulo.com\/dk\/wp-content\/uploads\/sites\/12\/2026\/01\/dukpo94-1.webp\",\"contentUrl\":\"https:\/\/mekulo.com\/dk\/wp-content\/uploads\/sites\/12\/2026\/01\/dukpo94-1.webp\",\"width\":1000,\"height\":1000},{\"@type\":\"BreadcrumbList\",\"@id\":\"https:\/\/mekulo.com\/dk\/produkt\/ultrahurtig-kaedesavssliber\/#breadcrumb\",\"itemListElement\":[{\"@type\":\"ListItem\",\"position\":1,\"name\":\"Home\",\"item\":\"https:\/\/mekulo.com\/dk\/\"},{\"@type\":\"ListItem\",\"position\":2,\"name\":\"Butik\",\"item\":\"https:\/\/mekulo.com\/dk\/butik\/\"},{\"@type\":\"ListItem\",\"position\":3,\"name\":\"Ultrahurtig k\u00e6desavssliber\"}]},{\"@type\":\"WebSite\",\"@id\":\"https:\/\/mekulo.com\/dk\/#website\",\"url\":\"https:\/\/mekulo.com\/dk\/\",\"name\":\"Mekulo DK\",\"description\":\"\",\"publisher\":{\"@id\":\"https:\/\/mekulo.com\/dk\/#organization\"},\"potentialAction\":[{\"@type\":\"SearchAction\",\"target\":{\"@type\":\"EntryPoint\",\"urlTemplate\":\"https:\/\/mekulo.com\/dk\/?s={search_term_string}\"},\"query-input\":{\"@type\":\"PropertyValueSpecification\",\"valueRequired\":true,\"valueName\":\"search_term_string\"}}],\"inLanguage\":\"da-DK\"},{\"@type\":\"Organization\",\"@id\":\"https:\/\/mekulo.com\/dk\/#organization\",\"name\":\"Mekulo\",\"url\":\"https:\/\/mekulo.com\/dk\/\",\"logo\":{\"@type\":\"ImageObject\",\"inLanguage\":\"da-DK\",\"@id\":\"https:\/\/mekulo.com\/dk\/#\/schema\/logo\/image\/\",\"url\":\"https:\/\/mekulo.com\/dk\/wp-content\/uploads\/sites\/12\/2025\/12\/favicon_mekulo.png\",\"contentUrl\":\"https:\/\/mekulo.com\/dk\/wp-content\/uploads\/sites\/12\/2025\/12\/favicon_mekulo.png\",\"width\":50,\"height\":50,\"caption\":\"Mekulo\"},\"image\":{\"@id\":\"https:\/\/mekulo.com\/dk\/#\/schema\/logo\/image\/\"}}]}<\/script>\n<!-- \/ Yoast SEO plugin. -->","yoast_head_json":{"title":"Ultrahurtig k\u00e6desavssliber - Mekulo DK","robots":{"index":"index","follow":"follow","max-snippet":"max-snippet:-1","max-image-preview":"max-image-preview:large","max-video-preview":"max-video-preview:-1"},"canonical":"https:\/\/mekulo.com\/dk\/produkt\/ultrahurtig-kaedesavssliber\/","og_locale":"da_DK","og_type":"article","og_title":"Ultrahurtig k\u00e6desavssliber - Mekulo DK","og_description":"Skarp k\u00e6desav p\u00e5 f\u00e5 sekunder, uden afmontering eller tidsspilde.   Hurtig slibning: Gendan skarpheden med en enkelt bev\u00e6gelse.   Optimal pr\u00e6cision: sk\u00e6rper hver tand j\u00e6vnt. Spar tid : undg\u00e5 afbrydelser i skoven eller p\u00e5 byggepladser.","og_url":"https:\/\/mekulo.com\/dk\/produkt\/ultrahurtig-kaedesavssliber\/","og_site_name":"Mekulo DK","article_modified_time":"2026-01-05T12:47:48+00:00","og_image":[{"width":1000,"height":1000,"url":"https:\/\/mekulo.com\/dk\/wp-content\/uploads\/sites\/12\/2026\/01\/dukpo94-1.webp","type":"image\/webp"}],"twitter_card":"summary_large_image","twitter_misc":{"Estimeret l\u00e6setid":"3 minutter"},"schema":{"@context":"https:\/\/schema.org","@graph":[{"@type":"WebPage","@id":"https:\/\/mekulo.com\/dk\/produkt\/ultrahurtig-kaedesavssliber\/","url":"https:\/\/mekulo.com\/dk\/produkt\/ultrahurtig-kaedesavssliber\/","name":"Ultrahurtig k\u00e6desavssliber - Mekulo DK","isPartOf":{"@id":"https:\/\/mekulo.com\/dk\/#website"},"primaryImageOfPage":{"@id":"https:\/\/mekulo.com\/dk\/produkt\/ultrahurtig-kaedesavssliber\/#primaryimage"},"image":{"@id":"https:\/\/mekulo.com\/dk\/produkt\/ultrahurtig-kaedesavssliber\/#primaryimage"},"thumbnailUrl":"https:\/\/mekulo.com\/dk\/wp-content\/uploads\/sites\/12\/2026\/01\/dukpo94-1.webp","datePublished":"2026-01-05T11:18:30+00:00","dateModified":"2026-01-05T12:47:48+00:00","breadcrumb":{"@id":"https:\/\/mekulo.com\/dk\/produkt\/ultrahurtig-kaedesavssliber\/#breadcrumb"},"inLanguage":"da-DK","potentialAction":[{"@type":"ReadAction","target":["https:\/\/mekulo.com\/dk\/produkt\/ultrahurtig-kaedesavssliber\/"]}]},{"@type":"ImageObject","inLanguage":"da-DK","@id":"https:\/\/mekulo.com\/dk\/produkt\/ultrahurtig-kaedesavssliber\/#primaryimage","url":"https:\/\/mekulo.com\/dk\/wp-content\/uploads\/sites\/12\/2026\/01\/dukpo94-1.webp","contentUrl":"https:\/\/mekulo.com\/dk\/wp-content\/uploads\/sites\/12\/2026\/01\/dukpo94-1.webp","width":1000,"height":1000},{"@type":"BreadcrumbList","@id":"https:\/\/mekulo.com\/dk\/produkt\/ultrahurtig-kaedesavssliber\/#breadcrumb","itemListElement":[{"@type":"ListItem","position":1,"name":"Home","item":"https:\/\/mekulo.com\/dk\/"},{"@type":"ListItem","position":2,"name":"Butik","item":"https:\/\/mekulo.com\/dk\/butik\/"},{"@type":"ListItem","position":3,"name":"Ultrahurtig k\u00e6desavssliber"}]},{"@type":"WebSite","@id":"https:\/\/mekulo.com\/dk\/#website","url":"https:\/\/mekulo.com\/dk\/","name":"Mekulo DK","description":"","publisher":{"@id":"https:\/\/mekulo.com\/dk\/#organization"},"potentialAction":[{"@type":"SearchAction","target":{"@type":"EntryPoint","urlTemplate":"https:\/\/mekulo.com\/dk\/?s={search_term_string}"},"query-input":{"@type":"PropertyValueSpecification","valueRequired":true,"valueName":"search_term_string"}}],"inLanguage":"da-DK"},{"@type":"Organization","@id":"https:\/\/mekulo.com\/dk\/#organization","name":"Mekulo","url":"https:\/\/mekulo.com\/dk\/","logo":{"@type":"ImageObject","inLanguage":"da-DK","@id":"https:\/\/mekulo.com\/dk\/#\/schema\/logo\/image\/","url":"https:\/\/mekulo.com\/dk\/wp-content\/uploads\/sites\/12\/2025\/12\/favicon_mekulo.png","contentUrl":"https:\/\/mekulo.com\/dk\/wp-content\/uploads\/sites\/12\/2025\/12\/favicon_mekulo.png","width":50,"height":50,"caption":"Mekulo"},"image":{"@id":"https:\/\/mekulo.com\/dk\/#\/schema\/logo\/image\/"}}]}},"_links":{"self":[{"href":"https:\/\/mekulo.com\/dk\/wp-json\/wp\/v2\/product\/15102","targetHints":{"allow":["GET"]}}],"collection":[{"href":"https:\/\/mekulo.com\/dk\/wp-json\/wp\/v2\/product"}],"about":[{"href":"https:\/\/mekulo.com\/dk\/wp-json\/wp\/v2\/types\/product"}],"replies":[{"embeddable":true,"href":"https:\/\/mekulo.com\/dk\/wp-json\/wp\/v2\/comments?post=15102"}],"wp:featuredmedia":[{"embeddable":true,"href":"https:\/\/mekulo.com\/dk\/wp-json\/wp\/v2\/media\/15098"}],"wp:attachment":[{"href":"https:\/\/mekulo.com\/dk\/wp-json\/wp\/v2\/media?parent=15102"}],"wp:term":[{"taxonomy":"product_brand","embeddable":true,"href":"https:\/\/mekulo.com\/dk\/wp-json\/wp\/v2\/product_brand?post=15102"},{"taxonomy":"product_cat","embeddable":true,"href":"https:\/\/mekulo.com\/dk\/wp-json\/wp\/v2\/product_cat?post=15102"},{"taxonomy":"product_tag","embeddable":true,"href":"https:\/\/mekulo.com\/dk\/wp-json\/wp\/v2\/product_tag?post=15102"}],"curies":[{"name":"wp","href":"https:\/\/api.w.org\/{rel}","templated":true}]}}