{"id":14982,"date":"2026-01-05T13:05:18","date_gmt":"2026-01-05T11:05:18","guid":{"rendered":"https:\/\/mekulo.com\/dk\/produkt\/traadloes-skaeresaks\/"},"modified":"2026-01-05T13:05:26","modified_gmt":"2026-01-05T11:05:26","slug":"traadloes-skaeresaks","status":"publish","type":"product","link":"https:\/\/mekulo.com\/dk\/produkt\/traadloes-skaeresaks\/","title":{"rendered":"Tr\u00e5dl\u00f8s sk\u00e6resaks"},"content":{"rendered":"<p style=\"text-align: center\" data-start=\"0\" data-end=\"71\"><strong data-start=\"0\" data-end=\"71\">Sk\u00e6r gennem h\u00e5rde materialer uden anstrengelse og med maksimal pr\u00e6cision. \u2702\ufe0f<\/strong><\/p>\n<p data-start=\"73\" data-end=\"323\"><img fetchpriority=\"high\" decoding=\"async\" class=\"size-full wp-image-42037 aligncenter\" src=\"https:\/\/keluvo.com\/template\/wp-content\/uploads\/sites\/5\/2025\/11\/7ea75e07-0e4d-4c9f-97de-d94f1f948264.gif\" alt=\"\" width=\"480\" height=\"854\" \/><\/p>\n<h2 style=\"text-align: center\" data-start=\"330\" data-end=\"352\"><strong>Vigtigste Fordele<\/strong><\/h2>\n<p data-start=\"355\" data-end=\"431\">\ud83d\udd18 One-touch-sk\u00e6ring &#8211; tryk for at sk\u00e6re, slip for at stoppe for fuld kontrol.<\/p>\n<p data-start=\"434\" data-end=\"505\">\u270b Ergonomisk komforth\u00e5ndtag &#8211; reducerer belastningen af h\u00e6nderne ved lang tids brug.<\/p>\n<p data-start=\"508\" data-end=\"589\">\u26a1 Kraftig motor med h\u00f8j hastighed &#8211; giver j\u00e6vne og pr\u00e6cise snit hver gang.<\/p>\n<p data-start=\"592\" data-end=\"667\">\ud83c\udf92 Let og b\u00e6rbar &#8211; nem at have med i enhver v\u00e6rkt\u00f8jskasse eller rygs\u00e6k.<\/p>\n<p data-start=\"670\" data-end=\"776\">\u2702\ufe0f Sk\u00e6ring i flere materialer &#8211; perfekt til pap, l\u00e6der, stof, t\u00e6pper, plast, filt og meget mere.<\/p>\n<p data-start=\"779\" data-end=\"867\">\ud83d\udee0\ufe0f Holdbart blad i wolframst\u00e5l &#8211; bygget til langvarig skarphed og ydeevne.<\/p>\n<p data-start=\"779\" data-end=\"867\"><img decoding=\"async\" class=\"size-full wp-image-42043 aligncenter\" src=\"https:\/\/keluvo.com\/template\/wp-content\/uploads\/sites\/5\/2025\/11\/6-4.jpeg\" alt=\"\" width=\"1000\" height=\"1000\" \/><\/p>\n<h2 style=\"text-align: center\" data-start=\"874\" data-end=\"893\"><strong>S\u00e5dan Bruges<\/strong><\/h2>\n<ol data-start=\"894\" data-end=\"1162\">\n<li data-start=\"894\" data-end=\"944\">\n<p data-start=\"897\" data-end=\"944\">Lad saksen op med det medf\u00f8lgende kabel.<\/p>\n<\/li>\n<li data-start=\"945\" data-end=\"985\">\n<p data-start=\"948\" data-end=\"985\">S\u00e6t sk\u00e6rebladet p\u00e5, hvis det er n\u00f8dvendigt.<\/p>\n<\/li>\n<li data-start=\"986\" data-end=\"1058\">\n<p data-start=\"989\" data-end=\"1058\">Hold h\u00e5ndtaget behageligt, og placer bladet p\u00e5 materialet.<\/p>\n<\/li>\n<li data-start=\"1059\" data-end=\"1114\">\n<p data-start=\"1062\" data-end=\"1114\">Tryk og hold knappen nede for at klippe; slip for at stoppe.<\/p>\n<\/li>\n<li data-start=\"1115\" data-end=\"1162\">\n<p data-start=\"1118\" data-end=\"1162\">Efter brug skal du reng\u00f8re bladet og opbevare det sikkert.<\/p>\n<\/li>\n<\/ol>\n<h2 style=\"text-align: center\" data-start=\"1169\" data-end=\"1193\"><strong>Produktdetaljer<\/strong><\/h2>\n<ul data-start=\"1194\" data-end=\"1523\">\n<li data-start=\"1246\" data-end=\"1276\">\n<p data-start=\"1248\" data-end=\"1276\">Batterikapacitet: 2000 mAh<\/p>\n<\/li>\n<li data-start=\"1277\" data-end=\"1329\">\n<p data-start=\"1279\" data-end=\"1329\">Motor: H\u00f8jhastighedsmotor i fuld kobber (15.000\/min)<\/p>\n<\/li>\n<li data-start=\"1330\" data-end=\"1356\">\n<p data-start=\"1332\" data-end=\"1356\">Materiale: Plastik<\/p>\n<\/li>\n<li data-start=\"1357\" data-end=\"1391\">\n<p data-start=\"1359\" data-end=\"1391\">Bladmateriale: Wolframst\u00e5l<\/p>\n<\/li>\n<li data-start=\"1392\" data-end=\"1523\">\n<p data-start=\"1394\" data-end=\"1413\">Sk\u00e6rekapacitet:<\/p>\n<ul data-start=\"1416\" data-end=\"1523\">\n<li data-start=\"1416\" data-end=\"1434\">\n<p data-start=\"1418\" data-end=\"1434\">Stof: 2,5 mm<\/p>\n<\/li>\n<li data-start=\"1437\" data-end=\"1451\">\n<p data-start=\"1439\" data-end=\"1451\">Filt: 6 mm<\/p>\n<\/li>\n<li data-start=\"1454\" data-end=\"1473\">\n<p data-start=\"1456\" data-end=\"1473\">L\u00e6der: 3,5 mm<\/p>\n<\/li>\n<li data-start=\"1476\" data-end=\"1502\">\n<p data-start=\"1478\" data-end=\"1502\">Korrugeret papir: 5 mm<\/p>\n<\/li>\n<li data-start=\"1505\" data-end=\"1523\">\n<p data-start=\"1507\" data-end=\"1523\">T\u00e6ppe: 3,5 mm<\/p>\n<\/li>\n<\/ul>\n<\/li>\n<\/ul>\n<h2 style=\"text-align: center\" data-start=\"1530\" data-end=\"1555\"><strong>Pakken Indeholder<\/strong><\/h2>\n<ul data-start=\"1556\" data-end=\"1663\" data-is-last-node=\"\" data-is-only-node=\"\">\n<li data-start=\"1556\" data-end=\"1589\">\n<p data-start=\"1558\" data-end=\"1589\">1x tr\u00e5dl\u00f8s sk\u00e6resaks<\/p>\n<\/li>\n<li data-start=\"1590\" data-end=\"1615\">\n<p data-start=\"1592\" data-end=\"1615\">1, 2x blad i legeret st\u00e5l<\/p>\n<\/li>\n<li data-start=\"1616\" data-end=\"1638\">\n<p data-start=\"1618\" data-end=\"1638\">1x opladerkabel<\/p>\n<\/li>\n<li data-start=\"1639\" data-end=\"1663\" data-is-last-node=\"\">\n<p data-start=\"1641\" data-end=\"1663\" data-is-last-node=\"\">1x brugsanvisning.<\/p>\n<\/li>\n<\/ul>\n","protected":false},"excerpt":{"rendered":"<p>Denne tr\u00e5dl\u00f8se saks giver dig hurtig, ren og ubesv\u00e6ret klipning med et enkelt tryk p\u00e5 en knap. Denne elektriske saks er designet til komfort, b\u00e6rbarhed og kraft og g\u00f8r hobbyarbejde, g\u00f8r-det-selv-projekter og professionelt arbejde nemmere end nogensinde.<\/p>\n","protected":false},"featured_media":14978,"comment_status":"open","ping_status":"closed","template":"","meta":{"site-sidebar-layout":"default","site-content-layout":"","ast-site-content-layout":"default","site-content-style":"default","site-sidebar-style":"default","ast-global-header-display":"","ast-banner-title-visibility":"","ast-main-header-display":"","ast-hfb-above-header-display":"","ast-hfb-below-header-display":"","ast-hfb-mobile-header-display":"","site-post-title":"","ast-breadcrumbs-content":"","ast-featured-img":"","footer-sml-layout":"","ast-disable-related-posts":"","theme-transparent-header-meta":"default","adv-header-id-meta":"","stick-header-meta":"","header-above-stick-meta":"","header-main-stick-meta":"","header-below-stick-meta":"","astra-migrate-meta-layouts":"set","ast-page-background-enabled":"default","ast-page-background-meta":{"desktop":{"background-color":"var(--ast-global-color-5)","background-image":"","background-repeat":"repeat","background-position":"center center","background-size":"auto","background-attachment":"scroll","background-type":"","background-media":"","overlay-type":"","overlay-color":"","overlay-opacity":"","overlay-gradient":""},"tablet":{"background-color":"","background-image":"","background-repeat":"repeat","background-position":"center center","background-size":"auto","background-attachment":"scroll","background-type":"","background-media":"","overlay-type":"","overlay-color":"","overlay-opacity":"","overlay-gradient":""},"mobile":{"background-color":"","background-image":"","background-repeat":"repeat","background-position":"center center","background-size":"auto","background-attachment":"scroll","background-type":"","background-media":"","overlay-type":"","overlay-color":"","overlay-opacity":"","overlay-gradient":""}},"ast-content-background-meta":{"desktop":{"background-color":"var(--ast-global-color-4)","background-image":"","background-repeat":"repeat","background-position":"center center","background-size":"auto","background-attachment":"scroll","background-type":"","background-media":"","overlay-type":"","overlay-color":"","overlay-opacity":"","overlay-gradient":""},"tablet":{"background-color":"var(--ast-global-color-4)","background-image":"","background-repeat":"repeat","background-position":"center center","background-size":"auto","background-attachment":"scroll","background-type":"","background-media":"","overlay-type":"","overlay-color":"","overlay-opacity":"","overlay-gradient":""},"mobile":{"background-color":"var(--ast-global-color-4)","background-image":"","background-repeat":"repeat","background-position":"center center","background-size":"auto","background-attachment":"scroll","background-type":"","background-media":"","overlay-type":"","overlay-color":"","overlay-opacity":"","overlay-gradient":""}}},"product_brand":[],"product_cat":[171],"product_tag":[],"class_list":{"0":"post-14982","1":"product","2":"type-product","3":"status-publish","4":"has-post-thumbnail","6":"product_cat-vaerktoejer","7":"pa_52617_cmvmnp69-et-blad-i-legeret-staal","8":"pa_52617_cmvmnp69-to-blade-af-legeret-staal","9":"desktop-align-left","10":"tablet-align-left","11":"mobile-align-left","13":"first","14":"instock","15":"shipping-taxable","16":"purchasable","17":"product-type-variable"},"yoast_head":"<!-- This site is optimized with the Yoast SEO plugin v27.4 - https:\/\/yoast.com\/product\/yoast-seo-wordpress\/ -->\n<title>Tr\u00e5dl\u00f8s sk\u00e6resaks - Mekulo DK<\/title>\n<meta name=\"robots\" content=\"index, follow, max-snippet:-1, max-image-preview:large, max-video-preview:-1\" \/>\n<link rel=\"canonical\" href=\"https:\/\/mekulo.com\/dk\/produkt\/traadloes-skaeresaks\/\" \/>\n<meta property=\"og:locale\" content=\"da_DK\" \/>\n<meta property=\"og:type\" content=\"article\" \/>\n<meta property=\"og:title\" content=\"Tr\u00e5dl\u00f8s sk\u00e6resaks - Mekulo DK\" \/>\n<meta property=\"og:description\" content=\"Denne tr\u00e5dl\u00f8se saks giver dig hurtig, ren og ubesv\u00e6ret klipning med et enkelt tryk p\u00e5 en knap. Denne elektriske saks er designet til komfort, b\u00e6rbarhed og kraft og g\u00f8r hobbyarbejde, g\u00f8r-det-selv-projekter og professionelt arbejde nemmere end nogensinde.\" \/>\n<meta property=\"og:url\" content=\"https:\/\/mekulo.com\/dk\/produkt\/traadloes-skaeresaks\/\" \/>\n<meta property=\"og:site_name\" content=\"Mekulo DK\" \/>\n<meta property=\"article:modified_time\" content=\"2026-01-05T11:05:26+00:00\" \/>\n<meta property=\"og:image\" content=\"https:\/\/mekulo.com\/dk\/wp-content\/uploads\/sites\/12\/2026\/01\/b5rh4cy-1.jpg\" \/>\n\t<meta property=\"og:image:width\" content=\"1080\" \/>\n\t<meta property=\"og:image:height\" content=\"1080\" \/>\n\t<meta property=\"og:image:type\" content=\"image\/jpeg\" \/>\n<meta name=\"twitter:card\" content=\"summary_large_image\" \/>\n<meta name=\"twitter:label1\" content=\"Estimeret l\u00e6setid\" \/>\n\t<meta name=\"twitter:data1\" content=\"2 minutter\" \/>\n<script type=\"application\/ld+json\" class=\"yoast-schema-graph\">{\"@context\":\"https:\\\/\\\/schema.org\",\"@graph\":[{\"@type\":\"WebPage\",\"@id\":\"https:\\\/\\\/mekulo.com\\\/dk\\\/produkt\\\/traadloes-skaeresaks\\\/\",\"url\":\"https:\\\/\\\/mekulo.com\\\/dk\\\/produkt\\\/traadloes-skaeresaks\\\/\",\"name\":\"Tr\u00e5dl\u00f8s sk\u00e6resaks - Mekulo DK\",\"isPartOf\":{\"@id\":\"https:\\\/\\\/mekulo.com\\\/dk\\\/#website\"},\"primaryImageOfPage\":{\"@id\":\"https:\\\/\\\/mekulo.com\\\/dk\\\/produkt\\\/traadloes-skaeresaks\\\/#primaryimage\"},\"image\":{\"@id\":\"https:\\\/\\\/mekulo.com\\\/dk\\\/produkt\\\/traadloes-skaeresaks\\\/#primaryimage\"},\"thumbnailUrl\":\"https:\\\/\\\/mekulo.com\\\/dk\\\/wp-content\\\/uploads\\\/sites\\\/12\\\/2026\\\/01\\\/b5rh4cy-1.jpg\",\"datePublished\":\"2026-01-05T11:05:18+00:00\",\"dateModified\":\"2026-01-05T11:05:26+00:00\",\"breadcrumb\":{\"@id\":\"https:\\\/\\\/mekulo.com\\\/dk\\\/produkt\\\/traadloes-skaeresaks\\\/#breadcrumb\"},\"inLanguage\":\"da-DK\",\"potentialAction\":[{\"@type\":\"ReadAction\",\"target\":[\"https:\\\/\\\/mekulo.com\\\/dk\\\/produkt\\\/traadloes-skaeresaks\\\/\"]}]},{\"@type\":\"ImageObject\",\"inLanguage\":\"da-DK\",\"@id\":\"https:\\\/\\\/mekulo.com\\\/dk\\\/produkt\\\/traadloes-skaeresaks\\\/#primaryimage\",\"url\":\"https:\\\/\\\/mekulo.com\\\/dk\\\/wp-content\\\/uploads\\\/sites\\\/12\\\/2026\\\/01\\\/b5rh4cy-1.jpg\",\"contentUrl\":\"https:\\\/\\\/mekulo.com\\\/dk\\\/wp-content\\\/uploads\\\/sites\\\/12\\\/2026\\\/01\\\/b5rh4cy-1.jpg\",\"width\":1080,\"height\":1080},{\"@type\":\"BreadcrumbList\",\"@id\":\"https:\\\/\\\/mekulo.com\\\/dk\\\/produkt\\\/traadloes-skaeresaks\\\/#breadcrumb\",\"itemListElement\":[{\"@type\":\"ListItem\",\"position\":1,\"name\":\"Home\",\"item\":\"https:\\\/\\\/mekulo.com\\\/dk\\\/\"},{\"@type\":\"ListItem\",\"position\":2,\"name\":\"Butik\",\"item\":\"https:\\\/\\\/mekulo.com\\\/dk\\\/butik\\\/\"},{\"@type\":\"ListItem\",\"position\":3,\"name\":\"Tr\u00e5dl\u00f8s sk\u00e6resaks\"}]},{\"@type\":\"WebSite\",\"@id\":\"https:\\\/\\\/mekulo.com\\\/dk\\\/#website\",\"url\":\"https:\\\/\\\/mekulo.com\\\/dk\\\/\",\"name\":\"Mekulo DK\",\"description\":\"\",\"publisher\":{\"@id\":\"https:\\\/\\\/mekulo.com\\\/dk\\\/#organization\"},\"potentialAction\":[{\"@type\":\"SearchAction\",\"target\":{\"@type\":\"EntryPoint\",\"urlTemplate\":\"https:\\\/\\\/mekulo.com\\\/dk\\\/?s={search_term_string}\"},\"query-input\":{\"@type\":\"PropertyValueSpecification\",\"valueRequired\":true,\"valueName\":\"search_term_string\"}}],\"inLanguage\":\"da-DK\"},{\"@type\":\"Organization\",\"@id\":\"https:\\\/\\\/mekulo.com\\\/dk\\\/#organization\",\"name\":\"Mekulo\",\"url\":\"https:\\\/\\\/mekulo.com\\\/dk\\\/\",\"logo\":{\"@type\":\"ImageObject\",\"inLanguage\":\"da-DK\",\"@id\":\"https:\\\/\\\/mekulo.com\\\/dk\\\/#\\\/schema\\\/logo\\\/image\\\/\",\"url\":\"https:\\\/\\\/mekulo.com\\\/dk\\\/wp-content\\\/uploads\\\/sites\\\/12\\\/2025\\\/12\\\/favicon_mekulo.png\",\"contentUrl\":\"https:\\\/\\\/mekulo.com\\\/dk\\\/wp-content\\\/uploads\\\/sites\\\/12\\\/2025\\\/12\\\/favicon_mekulo.png\",\"width\":50,\"height\":50,\"caption\":\"Mekulo\"},\"image\":{\"@id\":\"https:\\\/\\\/mekulo.com\\\/dk\\\/#\\\/schema\\\/logo\\\/image\\\/\"}}]}<\/script>\n<!-- \/ Yoast SEO plugin. -->","yoast_head_json":{"title":"Tr\u00e5dl\u00f8s sk\u00e6resaks - Mekulo DK","robots":{"index":"index","follow":"follow","max-snippet":"max-snippet:-1","max-image-preview":"max-image-preview:large","max-video-preview":"max-video-preview:-1"},"canonical":"https:\/\/mekulo.com\/dk\/produkt\/traadloes-skaeresaks\/","og_locale":"da_DK","og_type":"article","og_title":"Tr\u00e5dl\u00f8s sk\u00e6resaks - Mekulo DK","og_description":"Denne tr\u00e5dl\u00f8se saks giver dig hurtig, ren og ubesv\u00e6ret klipning med et enkelt tryk p\u00e5 en knap. Denne elektriske saks er designet til komfort, b\u00e6rbarhed og kraft og g\u00f8r hobbyarbejde, g\u00f8r-det-selv-projekter og professionelt arbejde nemmere end nogensinde.","og_url":"https:\/\/mekulo.com\/dk\/produkt\/traadloes-skaeresaks\/","og_site_name":"Mekulo DK","article_modified_time":"2026-01-05T11:05:26+00:00","og_image":[{"width":1080,"height":1080,"url":"https:\/\/mekulo.com\/dk\/wp-content\/uploads\/sites\/12\/2026\/01\/b5rh4cy-1.jpg","type":"image\/jpeg"}],"twitter_card":"summary_large_image","twitter_misc":{"Estimeret l\u00e6setid":"2 minutter"},"schema":{"@context":"https:\/\/schema.org","@graph":[{"@type":"WebPage","@id":"https:\/\/mekulo.com\/dk\/produkt\/traadloes-skaeresaks\/","url":"https:\/\/mekulo.com\/dk\/produkt\/traadloes-skaeresaks\/","name":"Tr\u00e5dl\u00f8s sk\u00e6resaks - Mekulo DK","isPartOf":{"@id":"https:\/\/mekulo.com\/dk\/#website"},"primaryImageOfPage":{"@id":"https:\/\/mekulo.com\/dk\/produkt\/traadloes-skaeresaks\/#primaryimage"},"image":{"@id":"https:\/\/mekulo.com\/dk\/produkt\/traadloes-skaeresaks\/#primaryimage"},"thumbnailUrl":"https:\/\/mekulo.com\/dk\/wp-content\/uploads\/sites\/12\/2026\/01\/b5rh4cy-1.jpg","datePublished":"2026-01-05T11:05:18+00:00","dateModified":"2026-01-05T11:05:26+00:00","breadcrumb":{"@id":"https:\/\/mekulo.com\/dk\/produkt\/traadloes-skaeresaks\/#breadcrumb"},"inLanguage":"da-DK","potentialAction":[{"@type":"ReadAction","target":["https:\/\/mekulo.com\/dk\/produkt\/traadloes-skaeresaks\/"]}]},{"@type":"ImageObject","inLanguage":"da-DK","@id":"https:\/\/mekulo.com\/dk\/produkt\/traadloes-skaeresaks\/#primaryimage","url":"https:\/\/mekulo.com\/dk\/wp-content\/uploads\/sites\/12\/2026\/01\/b5rh4cy-1.jpg","contentUrl":"https:\/\/mekulo.com\/dk\/wp-content\/uploads\/sites\/12\/2026\/01\/b5rh4cy-1.jpg","width":1080,"height":1080},{"@type":"BreadcrumbList","@id":"https:\/\/mekulo.com\/dk\/produkt\/traadloes-skaeresaks\/#breadcrumb","itemListElement":[{"@type":"ListItem","position":1,"name":"Home","item":"https:\/\/mekulo.com\/dk\/"},{"@type":"ListItem","position":2,"name":"Butik","item":"https:\/\/mekulo.com\/dk\/butik\/"},{"@type":"ListItem","position":3,"name":"Tr\u00e5dl\u00f8s sk\u00e6resaks"}]},{"@type":"WebSite","@id":"https:\/\/mekulo.com\/dk\/#website","url":"https:\/\/mekulo.com\/dk\/","name":"Mekulo DK","description":"","publisher":{"@id":"https:\/\/mekulo.com\/dk\/#organization"},"potentialAction":[{"@type":"SearchAction","target":{"@type":"EntryPoint","urlTemplate":"https:\/\/mekulo.com\/dk\/?s={search_term_string}"},"query-input":{"@type":"PropertyValueSpecification","valueRequired":true,"valueName":"search_term_string"}}],"inLanguage":"da-DK"},{"@type":"Organization","@id":"https:\/\/mekulo.com\/dk\/#organization","name":"Mekulo","url":"https:\/\/mekulo.com\/dk\/","logo":{"@type":"ImageObject","inLanguage":"da-DK","@id":"https:\/\/mekulo.com\/dk\/#\/schema\/logo\/image\/","url":"https:\/\/mekulo.com\/dk\/wp-content\/uploads\/sites\/12\/2025\/12\/favicon_mekulo.png","contentUrl":"https:\/\/mekulo.com\/dk\/wp-content\/uploads\/sites\/12\/2025\/12\/favicon_mekulo.png","width":50,"height":50,"caption":"Mekulo"},"image":{"@id":"https:\/\/mekulo.com\/dk\/#\/schema\/logo\/image\/"}}]}},"_links":{"self":[{"href":"https:\/\/mekulo.com\/dk\/wp-json\/wp\/v2\/product\/14982","targetHints":{"allow":["GET"]}}],"collection":[{"href":"https:\/\/mekulo.com\/dk\/wp-json\/wp\/v2\/product"}],"about":[{"href":"https:\/\/mekulo.com\/dk\/wp-json\/wp\/v2\/types\/product"}],"replies":[{"embeddable":true,"href":"https:\/\/mekulo.com\/dk\/wp-json\/wp\/v2\/comments?post=14982"}],"wp:featuredmedia":[{"embeddable":true,"href":"https:\/\/mekulo.com\/dk\/wp-json\/wp\/v2\/media\/14978"}],"wp:attachment":[{"href":"https:\/\/mekulo.com\/dk\/wp-json\/wp\/v2\/media?parent=14982"}],"wp:term":[{"taxonomy":"product_brand","embeddable":true,"href":"https:\/\/mekulo.com\/dk\/wp-json\/wp\/v2\/product_brand?post=14982"},{"taxonomy":"product_cat","embeddable":true,"href":"https:\/\/mekulo.com\/dk\/wp-json\/wp\/v2\/product_cat?post=14982"},{"taxonomy":"product_tag","embeddable":true,"href":"https:\/\/mekulo.com\/dk\/wp-json\/wp\/v2\/product_tag?post=14982"}],"curies":[{"name":"wp","href":"https:\/\/api.w.org\/{rel}","templated":true}]}}