{"id":14958,"date":"2026-01-05T13:00:33","date_gmt":"2026-01-05T11:00:33","guid":{"rendered":"https:\/\/mekulo.com\/dk\/produkt\/fodbold-med-luftskive\/"},"modified":"2026-01-05T13:00:33","modified_gmt":"2026-01-05T11:00:33","slug":"fodbold-med-luftskive","status":"publish","type":"product","link":"https:\/\/mekulo.com\/dk\/produkt\/fodbold-med-luftskive\/","title":{"rendered":"Fodbold med luftskive"},"content":{"rendered":"<p style=\"text-align: center\" data-start=\"0\" data-end=\"73\"><strong data-start=\"0\" data-end=\"71\">Air disk-fodbold &#8211; indend\u00f8rs sjov for b\u00f8rn og hele familien \u26bd\u2728<\/strong><\/p>\n<p data-start=\"75\" data-end=\"382\"><img decoding=\"async\" class=\"size-full wp-image-32117 aligncenter\" src=\"https:\/\/keluvo.com\/template\/wp-content\/uploads\/sites\/5\/2025\/08\/07214-ezgif.com-video-to-webp-converter-2.webp\" alt=\"\" \/><\/p>\n<h2 style=\"text-align: center\" data-start=\"389\" data-end=\"411\"><strong>Vigtigste Fordele<\/strong><\/h2>\n<p data-start=\"414\" data-end=\"459\">\u26bd Glider let p\u00e5 gulvet for endel\u00f8s sjov<\/p>\n<p data-start=\"462\" data-end=\"509\">\ud83d\udca1 Farverige LED-lys til leg dag og nat<\/p>\n<p data-start=\"512\" data-end=\"564\">\ud83d\udee1 Bl\u00f8d skumkofanger til beskyttelse af m\u00f8bler og walls<\/p>\n<p data-start=\"567\" data-end=\"614\">\ud83d\udc68\u200d\ud83d\udc69\u200d\ud83d\udc67\u200d\ud83d\udc66 Fantastisk for b\u00f8rn og familieb\u00e5nd<\/p>\n<p data-start=\"617\" data-end=\"673\">\ud83c\udf81 Perfekt gave til f\u00f8dselsdage, ferier og legeaftaler<\/p>\n<p data-start=\"617\" data-end=\"673\"><img decoding=\"async\" class=\"size-full wp-image-32120 aligncenter\" src=\"https:\/\/keluvo.com\/template\/wp-content\/uploads\/sites\/5\/2025\/08\/H83611a0b413a47a9a7bb502c6690349bp.jpg_960x960q75.jpg_.avif\" alt=\"\" \/><\/p>\n<h2 style=\"text-align: center\" data-start=\"680\" data-end=\"701\"><strong>S\u00e5dan Bruges<\/strong><\/h2>\n<ol data-start=\"702\" data-end=\"920\">\n<li data-start=\"702\" data-end=\"753\">\n<p data-start=\"705\" data-end=\"753\">S\u00e6t fodbolden p\u00e5 et glat gulv.<\/p>\n<\/li>\n<li data-start=\"754\" data-end=\"807\">\n<p data-start=\"757\" data-end=\"807\">T\u00e6nd den for at aktivere bl\u00e6seren og LED-lysene.<\/p>\n<\/li>\n<li data-start=\"808\" data-end=\"874\">\n<p data-start=\"811\" data-end=\"874\">spark og aflever som en rigtig fodbold &#8211; den flyder og glider!<\/p>\n<\/li>\n<li data-start=\"875\" data-end=\"920\">\n<p data-start=\"878\" data-end=\"920\">spil med venner, familie eller endda alene.<\/p>\n<\/li>\n<\/ol>\n<h2 style=\"text-align: center\" data-start=\"927\" data-end=\"951\"><strong>Produktdetaljer<\/strong><\/h2>\n<ul data-start=\"952\" data-end=\"1087\">\n<li data-start=\"952\" data-end=\"986\">\n<p data-start=\"954\" data-end=\"986\">Materiale: ABS + bl\u00f8d skumkant<\/p>\n<\/li>\n<li data-start=\"987\" data-end=\"1029\">\n<p data-start=\"989\" data-end=\"1029\">Energimuligheder: 4 x AA-batterier (medf\u00f8lger ikke)<\/p>\n<\/li>\n<li data-start=\"1030\" data-end=\"1057\">\n<p data-start=\"1032\" data-end=\"1057\">Diameter: ca. 18 cm<\/p>\n<\/li>\n<li data-start=\"1058\" data-end=\"1087\">\n<p data-start=\"1060\" data-end=\"1087\">LED-farveskiftende lys<\/p>\n<\/li>\n<\/ul>\n<h2 style=\"text-align: center\" data-start=\"1094\" data-end=\"1119\"><strong>Pakken Indeholder<\/strong><\/h2>\n<ul data-start=\"1120\" data-end=\"1149\">\n<li data-start=\"1120\" data-end=\"1149\">\n<p data-start=\"1122\" data-end=\"1149\">1x air disk-fodbold.<\/p>\n<\/li>\n<\/ul>\n","protected":false},"excerpt":{"rendered":"<p>Forvandl din stue til en minifodboldbane med denne luftskivefodbold. Dens glidende design og bl\u00f8de skumkanter g\u00f8r den sikker til indend\u00f8rs leg, mens de farverige LED-lys giver ekstra sp\u00e6nding for b\u00e5de b\u00f8rn og voksne. Perfekt til regnvejrsdage, familietid eller til at holde b\u00f8rnene aktive indend\u00f8rs.<\/p>\n","protected":false},"featured_media":14954,"comment_status":"open","ping_status":"closed","template":"","meta":{"site-sidebar-layout":"default","site-content-layout":"","ast-site-content-layout":"default","site-content-style":"default","site-sidebar-style":"default","ast-global-header-display":"","ast-banner-title-visibility":"","ast-main-header-display":"","ast-hfb-above-header-display":"","ast-hfb-below-header-display":"","ast-hfb-mobile-header-display":"","site-post-title":"","ast-breadcrumbs-content":"","ast-featured-img":"","footer-sml-layout":"","theme-transparent-header-meta":"default","adv-header-id-meta":"","stick-header-meta":"","header-above-stick-meta":"","header-main-stick-meta":"","header-below-stick-meta":"","astra-migrate-meta-layouts":"set","ast-page-background-enabled":"default","ast-page-background-meta":{"desktop":{"background-color":"var(--ast-global-color-5)","background-image":"","background-repeat":"repeat","background-position":"center center","background-size":"auto","background-attachment":"scroll","background-type":"","background-media":"","overlay-type":"","overlay-color":"","overlay-opacity":"","overlay-gradient":""},"tablet":{"background-color":"","background-image":"","background-repeat":"repeat","background-position":"center center","background-size":"auto","background-attachment":"scroll","background-type":"","background-media":"","overlay-type":"","overlay-color":"","overlay-opacity":"","overlay-gradient":""},"mobile":{"background-color":"","background-image":"","background-repeat":"repeat","background-position":"center center","background-size":"auto","background-attachment":"scroll","background-type":"","background-media":"","overlay-type":"","overlay-color":"","overlay-opacity":"","overlay-gradient":""}},"ast-content-background-meta":{"desktop":{"background-color":"var(--ast-global-color-4)","background-image":"","background-repeat":"repeat","background-position":"center center","background-size":"auto","background-attachment":"scroll","background-type":"","background-media":"","overlay-type":"","overlay-color":"","overlay-opacity":"","overlay-gradient":""},"tablet":{"background-color":"var(--ast-global-color-4)","background-image":"","background-repeat":"repeat","background-position":"center center","background-size":"auto","background-attachment":"scroll","background-type":"","background-media":"","overlay-type":"","overlay-color":"","overlay-opacity":"","overlay-gradient":""},"mobile":{"background-color":"var(--ast-global-color-4)","background-image":"","background-repeat":"repeat","background-position":"center center","background-size":"auto","background-attachment":"scroll","background-type":"","background-media":"","overlay-type":"","overlay-color":"","overlay-opacity":"","overlay-gradient":""}}},"product_brand":[],"product_cat":[172],"product_tag":[],"class_list":{"0":"post-14958","1":"product","2":"type-product","3":"status-publish","4":"has-post-thumbnail","6":"product_cat-legetoej-boerne-og-babyprodukter","7":"pa_44258_6x5d79xy-a","8":"pa_44258_6x5d79xy-b","9":"desktop-align-left","10":"tablet-align-left","11":"mobile-align-left","13":"first","14":"instock","15":"shipping-taxable","16":"purchasable","17":"product-type-simple"},"yoast_head":"<!-- This site is optimized with the Yoast SEO plugin v26.6 - https:\/\/yoast.com\/wordpress\/plugins\/seo\/ -->\n<title>Fodbold med luftskive - Mekulo DK<\/title>\n<meta name=\"robots\" content=\"index, follow, max-snippet:-1, max-image-preview:large, max-video-preview:-1\" \/>\n<link rel=\"canonical\" href=\"https:\/\/mekulo.com\/dk\/produkt\/fodbold-med-luftskive\/\" \/>\n<meta property=\"og:locale\" content=\"da_DK\" \/>\n<meta property=\"og:type\" content=\"article\" \/>\n<meta property=\"og:title\" content=\"Fodbold med luftskive - Mekulo DK\" \/>\n<meta property=\"og:description\" content=\"Forvandl din stue til en minifodboldbane med denne luftskivefodbold. Dens glidende design og bl\u00f8de skumkanter g\u00f8r den sikker til indend\u00f8rs leg, mens de farverige LED-lys giver ekstra sp\u00e6nding for b\u00e5de b\u00f8rn og voksne. Perfekt til regnvejrsdage, familietid eller til at holde b\u00f8rnene aktive indend\u00f8rs.\" \/>\n<meta property=\"og:url\" content=\"https:\/\/mekulo.com\/dk\/produkt\/fodbold-med-luftskive\/\" \/>\n<meta property=\"og:site_name\" content=\"Mekulo DK\" \/>\n<meta property=\"og:image\" content=\"https:\/\/mekulo.com\/dk\/wp-content\/uploads\/sites\/12\/2026\/01\/s28x8kc-1.jpg\" \/>\n\t<meta property=\"og:image:width\" content=\"1080\" \/>\n\t<meta property=\"og:image:height\" content=\"1080\" \/>\n\t<meta property=\"og:image:type\" content=\"image\/jpeg\" \/>\n<meta name=\"twitter:card\" content=\"summary_large_image\" \/>\n<meta name=\"twitter:label1\" content=\"Estimeret l\u00e6setid\" \/>\n\t<meta name=\"twitter:data1\" content=\"2 minutter\" \/>\n<script type=\"application\/ld+json\" class=\"yoast-schema-graph\">{\"@context\":\"https:\/\/schema.org\",\"@graph\":[{\"@type\":\"WebPage\",\"@id\":\"https:\/\/mekulo.com\/dk\/produkt\/fodbold-med-luftskive\/\",\"url\":\"https:\/\/mekulo.com\/dk\/produkt\/fodbold-med-luftskive\/\",\"name\":\"Fodbold med luftskive - Mekulo DK\",\"isPartOf\":{\"@id\":\"https:\/\/mekulo.com\/dk\/#website\"},\"primaryImageOfPage\":{\"@id\":\"https:\/\/mekulo.com\/dk\/produkt\/fodbold-med-luftskive\/#primaryimage\"},\"image\":{\"@id\":\"https:\/\/mekulo.com\/dk\/produkt\/fodbold-med-luftskive\/#primaryimage\"},\"thumbnailUrl\":\"https:\/\/mekulo.com\/dk\/wp-content\/uploads\/sites\/12\/2026\/01\/s28x8kc-1.jpg\",\"datePublished\":\"2026-01-05T11:00:33+00:00\",\"breadcrumb\":{\"@id\":\"https:\/\/mekulo.com\/dk\/produkt\/fodbold-med-luftskive\/#breadcrumb\"},\"inLanguage\":\"da-DK\",\"potentialAction\":[{\"@type\":\"ReadAction\",\"target\":[\"https:\/\/mekulo.com\/dk\/produkt\/fodbold-med-luftskive\/\"]}]},{\"@type\":\"ImageObject\",\"inLanguage\":\"da-DK\",\"@id\":\"https:\/\/mekulo.com\/dk\/produkt\/fodbold-med-luftskive\/#primaryimage\",\"url\":\"https:\/\/mekulo.com\/dk\/wp-content\/uploads\/sites\/12\/2026\/01\/s28x8kc-1.jpg\",\"contentUrl\":\"https:\/\/mekulo.com\/dk\/wp-content\/uploads\/sites\/12\/2026\/01\/s28x8kc-1.jpg\",\"width\":1080,\"height\":1080},{\"@type\":\"BreadcrumbList\",\"@id\":\"https:\/\/mekulo.com\/dk\/produkt\/fodbold-med-luftskive\/#breadcrumb\",\"itemListElement\":[{\"@type\":\"ListItem\",\"position\":1,\"name\":\"Home\",\"item\":\"https:\/\/mekulo.com\/dk\/\"},{\"@type\":\"ListItem\",\"position\":2,\"name\":\"Butik\",\"item\":\"https:\/\/mekulo.com\/dk\/butik\/\"},{\"@type\":\"ListItem\",\"position\":3,\"name\":\"Fodbold med luftskive\"}]},{\"@type\":\"WebSite\",\"@id\":\"https:\/\/mekulo.com\/dk\/#website\",\"url\":\"https:\/\/mekulo.com\/dk\/\",\"name\":\"Mekulo DK\",\"description\":\"\",\"publisher\":{\"@id\":\"https:\/\/mekulo.com\/dk\/#organization\"},\"potentialAction\":[{\"@type\":\"SearchAction\",\"target\":{\"@type\":\"EntryPoint\",\"urlTemplate\":\"https:\/\/mekulo.com\/dk\/?s={search_term_string}\"},\"query-input\":{\"@type\":\"PropertyValueSpecification\",\"valueRequired\":true,\"valueName\":\"search_term_string\"}}],\"inLanguage\":\"da-DK\"},{\"@type\":\"Organization\",\"@id\":\"https:\/\/mekulo.com\/dk\/#organization\",\"name\":\"Mekulo\",\"url\":\"https:\/\/mekulo.com\/dk\/\",\"logo\":{\"@type\":\"ImageObject\",\"inLanguage\":\"da-DK\",\"@id\":\"https:\/\/mekulo.com\/dk\/#\/schema\/logo\/image\/\",\"url\":\"https:\/\/mekulo.com\/dk\/wp-content\/uploads\/sites\/12\/2025\/12\/favicon_mekulo.png\",\"contentUrl\":\"https:\/\/mekulo.com\/dk\/wp-content\/uploads\/sites\/12\/2025\/12\/favicon_mekulo.png\",\"width\":50,\"height\":50,\"caption\":\"Mekulo\"},\"image\":{\"@id\":\"https:\/\/mekulo.com\/dk\/#\/schema\/logo\/image\/\"}}]}<\/script>\n<!-- \/ Yoast SEO plugin. -->","yoast_head_json":{"title":"Fodbold med luftskive - Mekulo DK","robots":{"index":"index","follow":"follow","max-snippet":"max-snippet:-1","max-image-preview":"max-image-preview:large","max-video-preview":"max-video-preview:-1"},"canonical":"https:\/\/mekulo.com\/dk\/produkt\/fodbold-med-luftskive\/","og_locale":"da_DK","og_type":"article","og_title":"Fodbold med luftskive - Mekulo DK","og_description":"Forvandl din stue til en minifodboldbane med denne luftskivefodbold. Dens glidende design og bl\u00f8de skumkanter g\u00f8r den sikker til indend\u00f8rs leg, mens de farverige LED-lys giver ekstra sp\u00e6nding for b\u00e5de b\u00f8rn og voksne. Perfekt til regnvejrsdage, familietid eller til at holde b\u00f8rnene aktive indend\u00f8rs.","og_url":"https:\/\/mekulo.com\/dk\/produkt\/fodbold-med-luftskive\/","og_site_name":"Mekulo DK","og_image":[{"width":1080,"height":1080,"url":"https:\/\/mekulo.com\/dk\/wp-content\/uploads\/sites\/12\/2026\/01\/s28x8kc-1.jpg","type":"image\/jpeg"}],"twitter_card":"summary_large_image","twitter_misc":{"Estimeret l\u00e6setid":"2 minutter"},"schema":{"@context":"https:\/\/schema.org","@graph":[{"@type":"WebPage","@id":"https:\/\/mekulo.com\/dk\/produkt\/fodbold-med-luftskive\/","url":"https:\/\/mekulo.com\/dk\/produkt\/fodbold-med-luftskive\/","name":"Fodbold med luftskive - Mekulo DK","isPartOf":{"@id":"https:\/\/mekulo.com\/dk\/#website"},"primaryImageOfPage":{"@id":"https:\/\/mekulo.com\/dk\/produkt\/fodbold-med-luftskive\/#primaryimage"},"image":{"@id":"https:\/\/mekulo.com\/dk\/produkt\/fodbold-med-luftskive\/#primaryimage"},"thumbnailUrl":"https:\/\/mekulo.com\/dk\/wp-content\/uploads\/sites\/12\/2026\/01\/s28x8kc-1.jpg","datePublished":"2026-01-05T11:00:33+00:00","breadcrumb":{"@id":"https:\/\/mekulo.com\/dk\/produkt\/fodbold-med-luftskive\/#breadcrumb"},"inLanguage":"da-DK","potentialAction":[{"@type":"ReadAction","target":["https:\/\/mekulo.com\/dk\/produkt\/fodbold-med-luftskive\/"]}]},{"@type":"ImageObject","inLanguage":"da-DK","@id":"https:\/\/mekulo.com\/dk\/produkt\/fodbold-med-luftskive\/#primaryimage","url":"https:\/\/mekulo.com\/dk\/wp-content\/uploads\/sites\/12\/2026\/01\/s28x8kc-1.jpg","contentUrl":"https:\/\/mekulo.com\/dk\/wp-content\/uploads\/sites\/12\/2026\/01\/s28x8kc-1.jpg","width":1080,"height":1080},{"@type":"BreadcrumbList","@id":"https:\/\/mekulo.com\/dk\/produkt\/fodbold-med-luftskive\/#breadcrumb","itemListElement":[{"@type":"ListItem","position":1,"name":"Home","item":"https:\/\/mekulo.com\/dk\/"},{"@type":"ListItem","position":2,"name":"Butik","item":"https:\/\/mekulo.com\/dk\/butik\/"},{"@type":"ListItem","position":3,"name":"Fodbold med luftskive"}]},{"@type":"WebSite","@id":"https:\/\/mekulo.com\/dk\/#website","url":"https:\/\/mekulo.com\/dk\/","name":"Mekulo DK","description":"","publisher":{"@id":"https:\/\/mekulo.com\/dk\/#organization"},"potentialAction":[{"@type":"SearchAction","target":{"@type":"EntryPoint","urlTemplate":"https:\/\/mekulo.com\/dk\/?s={search_term_string}"},"query-input":{"@type":"PropertyValueSpecification","valueRequired":true,"valueName":"search_term_string"}}],"inLanguage":"da-DK"},{"@type":"Organization","@id":"https:\/\/mekulo.com\/dk\/#organization","name":"Mekulo","url":"https:\/\/mekulo.com\/dk\/","logo":{"@type":"ImageObject","inLanguage":"da-DK","@id":"https:\/\/mekulo.com\/dk\/#\/schema\/logo\/image\/","url":"https:\/\/mekulo.com\/dk\/wp-content\/uploads\/sites\/12\/2025\/12\/favicon_mekulo.png","contentUrl":"https:\/\/mekulo.com\/dk\/wp-content\/uploads\/sites\/12\/2025\/12\/favicon_mekulo.png","width":50,"height":50,"caption":"Mekulo"},"image":{"@id":"https:\/\/mekulo.com\/dk\/#\/schema\/logo\/image\/"}}]}},"_links":{"self":[{"href":"https:\/\/mekulo.com\/dk\/wp-json\/wp\/v2\/product\/14958","targetHints":{"allow":["GET"]}}],"collection":[{"href":"https:\/\/mekulo.com\/dk\/wp-json\/wp\/v2\/product"}],"about":[{"href":"https:\/\/mekulo.com\/dk\/wp-json\/wp\/v2\/types\/product"}],"replies":[{"embeddable":true,"href":"https:\/\/mekulo.com\/dk\/wp-json\/wp\/v2\/comments?post=14958"}],"wp:featuredmedia":[{"embeddable":true,"href":"https:\/\/mekulo.com\/dk\/wp-json\/wp\/v2\/media\/14954"}],"wp:attachment":[{"href":"https:\/\/mekulo.com\/dk\/wp-json\/wp\/v2\/media?parent=14958"}],"wp:term":[{"taxonomy":"product_brand","embeddable":true,"href":"https:\/\/mekulo.com\/dk\/wp-json\/wp\/v2\/product_brand?post=14958"},{"taxonomy":"product_cat","embeddable":true,"href":"https:\/\/mekulo.com\/dk\/wp-json\/wp\/v2\/product_cat?post=14958"},{"taxonomy":"product_tag","embeddable":true,"href":"https:\/\/mekulo.com\/dk\/wp-json\/wp\/v2\/product_tag?post=14958"}],"curies":[{"name":"wp","href":"https:\/\/api.w.org\/{rel}","templated":true}]}}