{"id":14941,"date":"2026-01-05T12:58:32","date_gmt":"2026-01-05T10:58:32","guid":{"rendered":"https:\/\/mekulo.com\/dk\/produkt\/kniv-til-kaeledyrspleje\/"},"modified":"2026-01-22T17:53:47","modified_gmt":"2026-01-22T15:53:47","slug":"kniv-til-kaeledyrspleje","status":"publish","type":"product","link":"https:\/\/mekulo.com\/dk\/produkt\/kniv-til-kaeledyrspleje\/","title":{"rendered":"Kniv til k\u00e6ledyrspleje"},"content":{"rendered":"<p style=\"text-align: center\" data-start=\"120\" data-end=\"200\"><strong>Sig farvel til knuder og sammenfiltringer &#8211; hold dit k\u00e6ledyrs pels glat og sund \ud83d\udc3e\ud83e\uddfc<\/strong><\/p>\n<p data-start=\"202\" data-end=\"531\"><img decoding=\"async\" class=\"size-full wp-image-32849 aligncenter\" src=\"https:\/\/keluvo.com\/template\/wp-content\/uploads\/sites\/5\/2025\/08\/23fae6303ef0a03c5bf2e35adcd6856904d41ccd.gif\" alt=\"\" \/><\/p>\n<h2 style=\"text-align: center\" data-start=\"533\" data-end=\"554\"><strong>Hovedfordele \u2705<\/strong><\/h2>\n<p data-start=\"557\" data-end=\"610\">\ud83d\udc36 Fjerner blidt knuder og sammenfiltringer uden at tr\u00e6kke i dem<\/p>\n<p data-start=\"613\" data-end=\"653\">\ud83d\udc31 Ideel til langh\u00e5rede hunde og katte<\/p>\n<p data-start=\"656\" data-end=\"708\">\ud83e\udeae Reducerer f\u00e6ldning og holder pelsen bl\u00f8d og shiny<\/p>\n<p data-start=\"711\" data-end=\"766\">\ud83d\udd90\ufe0f Ergonomisk, skridsikkert h\u00e5ndtag for et behageligt greb<\/p>\n<p data-start=\"769\" data-end=\"819\">\ud83e\uddfc Hj\u00e6lper med at forhindre pelsfiltring og hudirritation<\/p>\n<p data-start=\"822\" data-end=\"888\">\ud83d\udc15 Fungerer godt p\u00e5 golden retrievere, persere, collier og meget mere<\/p>\n<p data-start=\"822\" data-end=\"888\"><img decoding=\"async\" class=\"size-full wp-image-32844 aligncenter\" src=\"https:\/\/keluvo.com\/template\/wp-content\/uploads\/sites\/5\/2025\/08\/7b6689c925ebb8fcffc0c384da6f1efa40775e32-900.avif\" alt=\"\" \/><\/p>\n<h2 style=\"text-align: center\" data-start=\"890\" data-end=\"912\"><strong>S\u00e5dan Bruges \u2702\ufe0f<\/strong><\/h2>\n<ol data-start=\"913\" data-end=\"1156\">\n<li data-start=\"913\" data-end=\"960\">\n<p data-start=\"916\" data-end=\"960\">Make S\u00f8rg for, at dit k\u00e6ledyrs pels er t\u00f8r og ren.<\/p>\n<\/li>\n<li data-start=\"961\" data-end=\"1028\">\n<p data-start=\"964\" data-end=\"1028\">Hold i h\u00e5ndtaget, og k\u00f8r forsigtigt kniven gennem sammenfiltrede omr\u00e5der.<\/p>\n<\/li>\n<li data-start=\"1029\" data-end=\"1081\">\n<p data-start=\"1032\" data-end=\"1081\">brug korte str\u00f8g p\u00e5 m\u00e5tter eller knuder &#8211; tving ikke.<\/p>\n<\/li>\n<li data-start=\"1082\" data-end=\"1156\">\n<p data-start=\"1085\" data-end=\"1156\">reng\u00f8r bladet efter hver brug for hygiejne og langvarig skarphed.<\/p>\n<\/li>\n<\/ol>\n<h2 style=\"text-align: center\" data-start=\"1158\" data-end=\"1182\"><strong>Produktoplysninger \ud83d\udccf<\/strong><\/h2>\n<ul data-start=\"1183\" data-end=\"1396\">\n<li data-start=\"1183\" data-end=\"1239\">\n<p data-start=\"1185\" data-end=\"1239\">Materiale: Blad i rustfrit st\u00e5l + h\u00e5ndtag i ABS-plast<\/p>\n<\/li>\n<li data-start=\"1240\" data-end=\"1293\">\n<p data-start=\"1242\" data-end=\"1293\">St\u00f8rrelse: 6,7 cm x 4 cm (kompakt og let at styre)<\/p>\n<\/li>\n<li data-start=\"1294\" data-end=\"1339\">\n<p data-start=\"1296\" data-end=\"1339\">Farvemuligheder: Bl\u00e5, gr\u00f8n, orange, sort<\/p>\n<\/li>\n<li data-start=\"1340\" data-end=\"1396\">\n<p data-start=\"1342\" data-end=\"1396\">V\u00e6gt: Letv\u00e6gtsdesign til tr\u00e6thedsfri pleje<\/p>\n<\/li>\n<\/ul>\n<h2 style=\"text-align: center\" data-start=\"1634\" data-end=\"1659\"><strong>Pakken Indeholder \ud83d\udcec<\/strong><\/h2>\n<ul data-start=\"1660\" data-end=\"1702\">\n<li data-start=\"1660\" data-end=\"1702\">\n<p data-start=\"1662\" data-end=\"1702\">1x dyreplejekniv.<\/p>\n<\/li>\n<\/ul>\n","protected":false},"excerpt":{"rendered":"<p>Denne dyreplejekniv er et must-have for enhver langh\u00e5ret k\u00e6ledyrsejer. Den er designet til forsigtigt at fjerne sammenfiltringer, m\u00e5tter og l\u00f8s pels og hj\u00e6lper med at vedligeholde din hunds eller kats pels uden at tr\u00e6kke i den eller f\u00f8le ubehag. Uanset om du forbereder dig p\u00e5 f\u00e6ldes\u00e6sonen eller bare vil holde pelsen frisk og fri for sammenfiltring, g\u00f8r dette v\u00e6rkt\u00f8j pelsplejen til en leg.<\/p>\n","protected":false},"featured_media":14937,"comment_status":"open","ping_status":"closed","template":"","meta":{"site-sidebar-layout":"default","site-content-layout":"","ast-site-content-layout":"default","site-content-style":"default","site-sidebar-style":"default","ast-global-header-display":"","ast-banner-title-visibility":"","ast-main-header-display":"","ast-hfb-above-header-display":"","ast-hfb-below-header-display":"","ast-hfb-mobile-header-display":"","site-post-title":"","ast-breadcrumbs-content":"","ast-featured-img":"","footer-sml-layout":"","ast-disable-related-posts":"","theme-transparent-header-meta":"default","adv-header-id-meta":"","stick-header-meta":"","header-above-stick-meta":"","header-main-stick-meta":"","header-below-stick-meta":"","astra-migrate-meta-layouts":"set","ast-page-background-enabled":"default","ast-page-background-meta":{"desktop":{"background-color":"var(--ast-global-color-5)","background-image":"","background-repeat":"repeat","background-position":"center center","background-size":"auto","background-attachment":"scroll","background-type":"","background-media":"","overlay-type":"","overlay-color":"","overlay-opacity":"","overlay-gradient":""},"tablet":{"background-color":"","background-image":"","background-repeat":"repeat","background-position":"center center","background-size":"auto","background-attachment":"scroll","background-type":"","background-media":"","overlay-type":"","overlay-color":"","overlay-opacity":"","overlay-gradient":""},"mobile":{"background-color":"","background-image":"","background-repeat":"repeat","background-position":"center center","background-size":"auto","background-attachment":"scroll","background-type":"","background-media":"","overlay-type":"","overlay-color":"","overlay-opacity":"","overlay-gradient":""}},"ast-content-background-meta":{"desktop":{"background-color":"var(--ast-global-color-4)","background-image":"","background-repeat":"repeat","background-position":"center center","background-size":"auto","background-attachment":"scroll","background-type":"","background-media":"","overlay-type":"","overlay-color":"","overlay-opacity":"","overlay-gradient":""},"tablet":{"background-color":"var(--ast-global-color-4)","background-image":"","background-repeat":"repeat","background-position":"center center","background-size":"auto","background-attachment":"scroll","background-type":"","background-media":"","overlay-type":"","overlay-color":"","overlay-opacity":"","overlay-gradient":""},"mobile":{"background-color":"var(--ast-global-color-4)","background-image":"","background-repeat":"repeat","background-position":"center center","background-size":"auto","background-attachment":"scroll","background-type":"","background-media":"","overlay-type":"","overlay-color":"","overlay-opacity":"","overlay-gradient":""}}},"product_brand":[],"product_cat":[169],"product_tag":[],"class_list":{"0":"post-14941","1":"product","2":"type-product","3":"status-publish","4":"has-post-thumbnail","6":"product_cat-kaeledyrsprodukter","7":"pa_30725_jznt5vq1-blaa","8":"pa_30725_jznt5vq1-groen","9":"pa_30725_jznt5vq1-orange","10":"pa_30725_jznt5vq1-sort","11":"desktop-align-left","12":"tablet-align-left","13":"mobile-align-left","15":"first","16":"instock","17":"shipping-taxable","18":"purchasable","19":"product-type-variable"},"yoast_head":"<!-- This site is optimized with the Yoast SEO plugin v27.4 - https:\/\/yoast.com\/product\/yoast-seo-wordpress\/ -->\n<title>Kniv til k\u00e6ledyrspleje - Mekulo DK<\/title>\n<meta name=\"robots\" content=\"index, follow, max-snippet:-1, max-image-preview:large, max-video-preview:-1\" \/>\n<link rel=\"canonical\" href=\"https:\/\/mekulo.com\/dk\/produkt\/kniv-til-kaeledyrspleje\/\" \/>\n<meta property=\"og:locale\" content=\"da_DK\" \/>\n<meta property=\"og:type\" content=\"article\" \/>\n<meta property=\"og:title\" content=\"Kniv til k\u00e6ledyrspleje - Mekulo DK\" \/>\n<meta property=\"og:description\" content=\"Denne dyreplejekniv er et must-have for enhver langh\u00e5ret k\u00e6ledyrsejer. Den er designet til forsigtigt at fjerne sammenfiltringer, m\u00e5tter og l\u00f8s pels og hj\u00e6lper med at vedligeholde din hunds eller kats pels uden at tr\u00e6kke i den eller f\u00f8le ubehag. Uanset om du forbereder dig p\u00e5 f\u00e6ldes\u00e6sonen eller bare vil holde pelsen frisk og fri for sammenfiltring, g\u00f8r dette v\u00e6rkt\u00f8j pelsplejen til en leg.\" \/>\n<meta property=\"og:url\" content=\"https:\/\/mekulo.com\/dk\/produkt\/kniv-til-kaeledyrspleje\/\" \/>\n<meta property=\"og:site_name\" content=\"Mekulo DK\" \/>\n<meta property=\"article:modified_time\" content=\"2026-01-22T15:53:47+00:00\" \/>\n<meta property=\"og:image\" content=\"https:\/\/mekulo.com\/dk\/wp-content\/uploads\/sites\/12\/2026\/01\/uoxuvo6-1.jpg\" \/>\n\t<meta property=\"og:image:width\" content=\"800\" \/>\n\t<meta property=\"og:image:height\" content=\"800\" \/>\n\t<meta property=\"og:image:type\" content=\"image\/jpeg\" \/>\n<meta name=\"twitter:card\" content=\"summary_large_image\" \/>\n<meta name=\"twitter:label1\" content=\"Estimeret l\u00e6setid\" \/>\n\t<meta name=\"twitter:data1\" content=\"2 minutter\" \/>\n<script type=\"application\/ld+json\" class=\"yoast-schema-graph\">{\"@context\":\"https:\\\/\\\/schema.org\",\"@graph\":[{\"@type\":\"WebPage\",\"@id\":\"https:\\\/\\\/mekulo.com\\\/dk\\\/produkt\\\/kniv-til-kaeledyrspleje\\\/\",\"url\":\"https:\\\/\\\/mekulo.com\\\/dk\\\/produkt\\\/kniv-til-kaeledyrspleje\\\/\",\"name\":\"Kniv til k\u00e6ledyrspleje - Mekulo DK\",\"isPartOf\":{\"@id\":\"https:\\\/\\\/mekulo.com\\\/dk\\\/#website\"},\"primaryImageOfPage\":{\"@id\":\"https:\\\/\\\/mekulo.com\\\/dk\\\/produkt\\\/kniv-til-kaeledyrspleje\\\/#primaryimage\"},\"image\":{\"@id\":\"https:\\\/\\\/mekulo.com\\\/dk\\\/produkt\\\/kniv-til-kaeledyrspleje\\\/#primaryimage\"},\"thumbnailUrl\":\"https:\\\/\\\/mekulo.com\\\/dk\\\/wp-content\\\/uploads\\\/sites\\\/12\\\/2026\\\/01\\\/uoxuvo6-1.jpg\",\"datePublished\":\"2026-01-05T10:58:32+00:00\",\"dateModified\":\"2026-01-22T15:53:47+00:00\",\"breadcrumb\":{\"@id\":\"https:\\\/\\\/mekulo.com\\\/dk\\\/produkt\\\/kniv-til-kaeledyrspleje\\\/#breadcrumb\"},\"inLanguage\":\"da-DK\",\"potentialAction\":[{\"@type\":\"ReadAction\",\"target\":[\"https:\\\/\\\/mekulo.com\\\/dk\\\/produkt\\\/kniv-til-kaeledyrspleje\\\/\"]}]},{\"@type\":\"ImageObject\",\"inLanguage\":\"da-DK\",\"@id\":\"https:\\\/\\\/mekulo.com\\\/dk\\\/produkt\\\/kniv-til-kaeledyrspleje\\\/#primaryimage\",\"url\":\"https:\\\/\\\/mekulo.com\\\/dk\\\/wp-content\\\/uploads\\\/sites\\\/12\\\/2026\\\/01\\\/uoxuvo6-1.jpg\",\"contentUrl\":\"https:\\\/\\\/mekulo.com\\\/dk\\\/wp-content\\\/uploads\\\/sites\\\/12\\\/2026\\\/01\\\/uoxuvo6-1.jpg\",\"width\":800,\"height\":800},{\"@type\":\"BreadcrumbList\",\"@id\":\"https:\\\/\\\/mekulo.com\\\/dk\\\/produkt\\\/kniv-til-kaeledyrspleje\\\/#breadcrumb\",\"itemListElement\":[{\"@type\":\"ListItem\",\"position\":1,\"name\":\"Home\",\"item\":\"https:\\\/\\\/mekulo.com\\\/dk\\\/\"},{\"@type\":\"ListItem\",\"position\":2,\"name\":\"Butik\",\"item\":\"https:\\\/\\\/mekulo.com\\\/dk\\\/butik\\\/\"},{\"@type\":\"ListItem\",\"position\":3,\"name\":\"Kniv til k\u00e6ledyrspleje\"}]},{\"@type\":\"WebSite\",\"@id\":\"https:\\\/\\\/mekulo.com\\\/dk\\\/#website\",\"url\":\"https:\\\/\\\/mekulo.com\\\/dk\\\/\",\"name\":\"Mekulo DK\",\"description\":\"\",\"publisher\":{\"@id\":\"https:\\\/\\\/mekulo.com\\\/dk\\\/#organization\"},\"potentialAction\":[{\"@type\":\"SearchAction\",\"target\":{\"@type\":\"EntryPoint\",\"urlTemplate\":\"https:\\\/\\\/mekulo.com\\\/dk\\\/?s={search_term_string}\"},\"query-input\":{\"@type\":\"PropertyValueSpecification\",\"valueRequired\":true,\"valueName\":\"search_term_string\"}}],\"inLanguage\":\"da-DK\"},{\"@type\":\"Organization\",\"@id\":\"https:\\\/\\\/mekulo.com\\\/dk\\\/#organization\",\"name\":\"Mekulo\",\"url\":\"https:\\\/\\\/mekulo.com\\\/dk\\\/\",\"logo\":{\"@type\":\"ImageObject\",\"inLanguage\":\"da-DK\",\"@id\":\"https:\\\/\\\/mekulo.com\\\/dk\\\/#\\\/schema\\\/logo\\\/image\\\/\",\"url\":\"https:\\\/\\\/mekulo.com\\\/dk\\\/wp-content\\\/uploads\\\/sites\\\/12\\\/2025\\\/12\\\/favicon_mekulo.png\",\"contentUrl\":\"https:\\\/\\\/mekulo.com\\\/dk\\\/wp-content\\\/uploads\\\/sites\\\/12\\\/2025\\\/12\\\/favicon_mekulo.png\",\"width\":50,\"height\":50,\"caption\":\"Mekulo\"},\"image\":{\"@id\":\"https:\\\/\\\/mekulo.com\\\/dk\\\/#\\\/schema\\\/logo\\\/image\\\/\"}}]}<\/script>\n<!-- \/ Yoast SEO plugin. -->","yoast_head_json":{"title":"Kniv til k\u00e6ledyrspleje - Mekulo DK","robots":{"index":"index","follow":"follow","max-snippet":"max-snippet:-1","max-image-preview":"max-image-preview:large","max-video-preview":"max-video-preview:-1"},"canonical":"https:\/\/mekulo.com\/dk\/produkt\/kniv-til-kaeledyrspleje\/","og_locale":"da_DK","og_type":"article","og_title":"Kniv til k\u00e6ledyrspleje - Mekulo DK","og_description":"Denne dyreplejekniv er et must-have for enhver langh\u00e5ret k\u00e6ledyrsejer. Den er designet til forsigtigt at fjerne sammenfiltringer, m\u00e5tter og l\u00f8s pels og hj\u00e6lper med at vedligeholde din hunds eller kats pels uden at tr\u00e6kke i den eller f\u00f8le ubehag. Uanset om du forbereder dig p\u00e5 f\u00e6ldes\u00e6sonen eller bare vil holde pelsen frisk og fri for sammenfiltring, g\u00f8r dette v\u00e6rkt\u00f8j pelsplejen til en leg.","og_url":"https:\/\/mekulo.com\/dk\/produkt\/kniv-til-kaeledyrspleje\/","og_site_name":"Mekulo DK","article_modified_time":"2026-01-22T15:53:47+00:00","og_image":[{"width":800,"height":800,"url":"https:\/\/mekulo.com\/dk\/wp-content\/uploads\/sites\/12\/2026\/01\/uoxuvo6-1.jpg","type":"image\/jpeg"}],"twitter_card":"summary_large_image","twitter_misc":{"Estimeret l\u00e6setid":"2 minutter"},"schema":{"@context":"https:\/\/schema.org","@graph":[{"@type":"WebPage","@id":"https:\/\/mekulo.com\/dk\/produkt\/kniv-til-kaeledyrspleje\/","url":"https:\/\/mekulo.com\/dk\/produkt\/kniv-til-kaeledyrspleje\/","name":"Kniv til k\u00e6ledyrspleje - Mekulo DK","isPartOf":{"@id":"https:\/\/mekulo.com\/dk\/#website"},"primaryImageOfPage":{"@id":"https:\/\/mekulo.com\/dk\/produkt\/kniv-til-kaeledyrspleje\/#primaryimage"},"image":{"@id":"https:\/\/mekulo.com\/dk\/produkt\/kniv-til-kaeledyrspleje\/#primaryimage"},"thumbnailUrl":"https:\/\/mekulo.com\/dk\/wp-content\/uploads\/sites\/12\/2026\/01\/uoxuvo6-1.jpg","datePublished":"2026-01-05T10:58:32+00:00","dateModified":"2026-01-22T15:53:47+00:00","breadcrumb":{"@id":"https:\/\/mekulo.com\/dk\/produkt\/kniv-til-kaeledyrspleje\/#breadcrumb"},"inLanguage":"da-DK","potentialAction":[{"@type":"ReadAction","target":["https:\/\/mekulo.com\/dk\/produkt\/kniv-til-kaeledyrspleje\/"]}]},{"@type":"ImageObject","inLanguage":"da-DK","@id":"https:\/\/mekulo.com\/dk\/produkt\/kniv-til-kaeledyrspleje\/#primaryimage","url":"https:\/\/mekulo.com\/dk\/wp-content\/uploads\/sites\/12\/2026\/01\/uoxuvo6-1.jpg","contentUrl":"https:\/\/mekulo.com\/dk\/wp-content\/uploads\/sites\/12\/2026\/01\/uoxuvo6-1.jpg","width":800,"height":800},{"@type":"BreadcrumbList","@id":"https:\/\/mekulo.com\/dk\/produkt\/kniv-til-kaeledyrspleje\/#breadcrumb","itemListElement":[{"@type":"ListItem","position":1,"name":"Home","item":"https:\/\/mekulo.com\/dk\/"},{"@type":"ListItem","position":2,"name":"Butik","item":"https:\/\/mekulo.com\/dk\/butik\/"},{"@type":"ListItem","position":3,"name":"Kniv til k\u00e6ledyrspleje"}]},{"@type":"WebSite","@id":"https:\/\/mekulo.com\/dk\/#website","url":"https:\/\/mekulo.com\/dk\/","name":"Mekulo DK","description":"","publisher":{"@id":"https:\/\/mekulo.com\/dk\/#organization"},"potentialAction":[{"@type":"SearchAction","target":{"@type":"EntryPoint","urlTemplate":"https:\/\/mekulo.com\/dk\/?s={search_term_string}"},"query-input":{"@type":"PropertyValueSpecification","valueRequired":true,"valueName":"search_term_string"}}],"inLanguage":"da-DK"},{"@type":"Organization","@id":"https:\/\/mekulo.com\/dk\/#organization","name":"Mekulo","url":"https:\/\/mekulo.com\/dk\/","logo":{"@type":"ImageObject","inLanguage":"da-DK","@id":"https:\/\/mekulo.com\/dk\/#\/schema\/logo\/image\/","url":"https:\/\/mekulo.com\/dk\/wp-content\/uploads\/sites\/12\/2025\/12\/favicon_mekulo.png","contentUrl":"https:\/\/mekulo.com\/dk\/wp-content\/uploads\/sites\/12\/2025\/12\/favicon_mekulo.png","width":50,"height":50,"caption":"Mekulo"},"image":{"@id":"https:\/\/mekulo.com\/dk\/#\/schema\/logo\/image\/"}}]}},"_links":{"self":[{"href":"https:\/\/mekulo.com\/dk\/wp-json\/wp\/v2\/product\/14941","targetHints":{"allow":["GET"]}}],"collection":[{"href":"https:\/\/mekulo.com\/dk\/wp-json\/wp\/v2\/product"}],"about":[{"href":"https:\/\/mekulo.com\/dk\/wp-json\/wp\/v2\/types\/product"}],"replies":[{"embeddable":true,"href":"https:\/\/mekulo.com\/dk\/wp-json\/wp\/v2\/comments?post=14941"}],"wp:featuredmedia":[{"embeddable":true,"href":"https:\/\/mekulo.com\/dk\/wp-json\/wp\/v2\/media\/14937"}],"wp:attachment":[{"href":"https:\/\/mekulo.com\/dk\/wp-json\/wp\/v2\/media?parent=14941"}],"wp:term":[{"taxonomy":"product_brand","embeddable":true,"href":"https:\/\/mekulo.com\/dk\/wp-json\/wp\/v2\/product_brand?post=14941"},{"taxonomy":"product_cat","embeddable":true,"href":"https:\/\/mekulo.com\/dk\/wp-json\/wp\/v2\/product_cat?post=14941"},{"taxonomy":"product_tag","embeddable":true,"href":"https:\/\/mekulo.com\/dk\/wp-json\/wp\/v2\/product_tag?post=14941"}],"curies":[{"name":"wp","href":"https:\/\/api.w.org\/{rel}","templated":true}]}}