{"id":14882,"date":"2026-01-05T12:51:51","date_gmt":"2026-01-05T10:51:51","guid":{"rendered":"https:\/\/mekulo.com\/dk\/produkt\/vaerktoej-til-justering-af-doerhaengsler\/"},"modified":"2026-02-10T11:12:33","modified_gmt":"2026-02-10T09:12:33","slug":"vaerktoej-til-justering-af-doerhaengsler","status":"publish","type":"product","link":"https:\/\/mekulo.com\/dk\/produkt\/vaerktoej-til-justering-af-doerhaengsler\/","title":{"rendered":"V\u00e6rkt\u00f8j til justering af d\u00f8rh\u00e6ngsler"},"content":{"rendered":"<p style=\"text-align: center;\" data-start=\"0\" data-end=\"68\">Stor diameter: 18 mm &#8211; 24,5 mm<\/p>\n<p style=\"text-align: center;\" data-start=\"0\" data-end=\"68\">Lille diameter: 9 mm &#8211; 17,5 mm<\/p>\n<h2 data-start=\"0\" data-end=\"68\"><\/h2>\n<p style=\"text-align: center;\" data-start=\"0\" data-end=\"68\"><strong data-start=\"0\" data-end=\"68\">Fiks H\u00e6ngende Eller Sk\u00e6ve D\u00f8re P\u00e5 F\u00e5 Sekunder Med Et Enkelt V\u00e6rkt\u00f8j. \ud83d\udd27<\/strong><\/p>\n<h2 data-start=\"0\" data-end=\"68\"><\/h2>\n<p style=\"text-align: center;\" data-start=\"70\" data-end=\"320\">Dette v\u00e6rkt\u00f8j til justering af d\u00f8rh\u00e6ngsler giver dig en nem og pr\u00e6cis m\u00e5de at rette op p\u00e5 h\u00e6ngende, gnidende eller uj\u00e6vne d\u00f8re &#8211; uden at fjerne h\u00e6ngslet eller ringe til en professionel. Bare drej n\u00f8glen for at justere h\u00e6ngselhullet og \u00f8jeblikkeligt forbedre d\u00f8rens bev\u00e6gelse.<\/p>\n<p data-start=\"70\" data-end=\"320\"><img decoding=\"async\" class=\"size-full wp-image-41988 aligncenter\" src=\"https:\/\/keluvo.com\/template\/wp-content\/uploads\/sites\/5\/2025\/11\/10227-ezgif.com-video-to-webp-converter-5.webp\" alt=\"\" \/><\/p>\n<h2 style=\"text-align: center;\" data-start=\"327\" data-end=\"349\">\ud83c\udf1f Hovedfordele<\/h2>\n<p data-start=\"352\" data-end=\"446\">\ud83d\udd27 Pr\u00e6cise h\u00e6ngseljusteringer &#8211; udvid hullerne ved at dreje til venstre, indsn\u00e6vre dem ved at dreje til h\u00f8jre.<\/p>\n<p data-start=\"449\" data-end=\"537\">\ud83d\udeaa L\u00f8s almindelige d\u00f8rproblemer &#8211; l\u00f8ser hurtigt h\u00e6ngende, fastsiddende eller sk\u00e6ve d\u00f8re.<\/p>\n<p data-start=\"540\" data-end=\"634\">\ud83d\udcaa Kraftig st\u00e5lkonstruktion &#8211; fremstillet af 45-st\u00e5l for langvarig styrke og holdbarhed.<\/p>\n<p data-start=\"637\" data-end=\"752\">\ud83d\udee1\ufe0f Lavet til s\u00e6rlige d\u00f8rtyper &#8211; ideel til brandd\u00f8re, renrumsd\u00f8re og sikkerhedsd\u00f8re med flagh\u00e6ngsler.<\/p>\n<p data-start=\"755\" data-end=\"842\">\ud83e\udd32 Enkel og ergonomisk &#8211; nem at bruge selv p\u00e5 trange steder eller i vanskelige installationer.<\/p>\n<p data-start=\"755\" data-end=\"842\"><img fetchpriority=\"high\" decoding=\"async\" class=\"size-full wp-image-41989 aligncenter\" src=\"https:\/\/keluvo.com\/template\/wp-content\/uploads\/sites\/5\/2025\/11\/18f1445ea8cdb6cc9f74552749ea70a8541c401c-900.jpg\" alt=\"\" width=\"1039\" height=\"1080\" \/><\/p>\n<h2 style=\"text-align: center;\" data-start=\"849\" data-end=\"869\">\ud83d\udee0\ufe0f S\u00e5dan Bruges<\/h2>\n<ol data-start=\"870\" data-end=\"1080\">\n<li data-start=\"870\" data-end=\"928\">\n<p data-start=\"873\" data-end=\"928\">Placer skruen\u00f8glen omkring det h\u00e6ngsel, du vil justere.<\/p>\n<\/li>\n<li data-start=\"929\" data-end=\"967\">\n<p data-start=\"932\" data-end=\"967\">Drej til venstre for at udvide h\u00e6ngselhullet.<\/p>\n<\/li>\n<li data-start=\"968\" data-end=\"1008\">\n<p data-start=\"971\" data-end=\"1008\">Drej til h\u00f8jre for at reducere h\u00e6ngselhullet.<\/p>\n<\/li>\n<li data-start=\"1009\" data-end=\"1080\">\n<p data-start=\"1012\" data-end=\"1080\">Test d\u00f8rens bev\u00e6gelse, og gentag om n\u00f8dvendigt, indtil den \u00e5bner j\u00e6vnt.<\/p>\n<\/li>\n<\/ol>\n<h2 style=\"text-align: center;\" data-start=\"1087\" data-end=\"1111\">\ud83d\udccf Produktoplysninger<\/h2>\n<ul data-start=\"1112\" data-end=\"1352\">\n<li data-start=\"1158\" data-end=\"1180\">\n<p data-start=\"1160\" data-end=\"1180\">Materiale: 45-st\u00e5l<\/p>\n<\/li>\n<li data-start=\"1181\" data-end=\"1198\">\n<p data-start=\"1183\" data-end=\"1198\">Farve: S\u00f8lv<\/p>\n<\/li>\n<li data-start=\"1199\" data-end=\"1273\">\n<p data-start=\"1201\" data-end=\"1219\">Tilg\u00e6ngelige st\u00f8rrelser: <span style=\"font-size: 16px;\">Lille (20,3 cm), Stor<\/span><span style=\"font-size: 16px;\">\u00a0(22,5 cm)\u00a0<\/span><\/p>\n<\/li>\n<li data-start=\"1274\" data-end=\"1352\">\n<p data-start=\"1276\" data-end=\"1352\">Designet til: Brandd\u00f8re, renrumsd\u00f8re, sikkerhedsd\u00f8re med flagh\u00e6ngsler<\/p>\n<\/li>\n<\/ul>\n<h2 style=\"text-align: center;\" data-start=\"1359\" data-end=\"1384\">\ud83d\udce6 Pakken Indeholder<\/h2>\n<ul data-start=\"1385\" data-end=\"1417\" data-is-last-node=\"\" data-is-only-node=\"\">\n<li data-start=\"1385\" data-end=\"1417\" data-is-last-node=\"\">\n<p data-start=\"1387\" data-end=\"1417\" data-is-last-node=\"\">1, 2x v\u00e6rkt\u00f8j til justering af d\u00f8rh\u00e6ngsler.<\/p>\n<\/li>\n<\/ul>\n","protected":false},"excerpt":{"rendered":"<div class=\"flex flex-col text-sm pb-25\">\n<article class=\"text-token-text-primary w-full focus:outline-none [--shadow-height:45px] has-data-writing-block:pointer-events-none has-data-writing-block:-mt-(--shadow-height) has-data-writing-block:pt-(--shadow-height) [&amp;:has([data-writing-block])&gt;*]:pointer-events-auto scroll-mt-[calc(var(--header-height)+min(200px,max(70px,20svh)))]\" dir=\"auto\" data-turn-id=\"request-6953fc99-4988-8330-83cb-2284431b2ad2-20\" data-testid=\"conversation-turn-46\" data-scroll-anchor=\"true\" data-turn=\"assistant\">\n<div class=\"text-base my-auto mx-auto pb-10 [--thread-content-margin:--spacing(4)] @w-sm\/main:[--thread-content-margin:--spacing(6)] @w-lg\/main:[--thread-content-margin:--spacing(16)] px-(--thread-content-margin)\">\n<div class=\"[--thread-content-max-width:40rem] @w-lg\/main:[--thread-content-max-width:48rem] mx-auto max-w-(--thread-content-max-width) flex-1 group\/turn-messages focus-visible:outline-hidden relative flex w-full min-w-0 flex-col agent-turn\">\n<div class=\"flex max-w-full flex-col grow\">\n<div class=\"min-h-8 text-message relative flex w-full flex-col items-end gap-2 text-start break-words whitespace-normal [.text-message+&amp;]:mt-1\" dir=\"auto\" data-message-author-role=\"assistant\" data-message-id=\"0d09ff49-0d62-4cf6-bdfd-86a2a1947f31\" data-message-model-slug=\"gpt-5-2\">\n<div class=\"flex w-full flex-col gap-1 empty:hidden first:pt-[1px]\">\n<div class=\"markdown prose dark:prose-invert w-full break-words light markdown-new-styling\">\n<p data-start=\"0\" data-end=\"275\" data-is-last-node=\"\" data-is-only-node=\"\">Et v\u00e6rkt\u00f8j til justering af d\u00f8rh\u00e6ngsler, der er designet til at reparere h\u00e6ngende eller sk\u00e6ve d\u00f8re uden at fjerne h\u00e6ngslet. Det giver mulighed for pr\u00e6cise justeringer af h\u00e6ngselafstanden for at forbedre d\u00f8rens tilpasning og glatte \u00e5bning. Den er st\u00e6rk, nem at bruge og tidsbesparende, og den er ideel til hurtige d\u00f8rreparationer derhjemme eller p\u00e5 arbejdet.<\/p>\n<\/div>\n<\/div>\n<\/div>\n<\/div>\n<div class=\"z-0 flex min-h-[46px] justify-start\"><\/div>\n<div class=\"mt-3 w-full empty:hidden\">\n<div class=\"text-center\"><\/div>\n<\/div>\n<\/div>\n<\/div>\n<\/article>\n<\/div>\n<div class=\"pointer-events-none h-px w-px absolute bottom-0\" aria-hidden=\"true\" data-edge=\"true\"><\/div>\n","protected":false},"featured_media":14878,"comment_status":"open","ping_status":"closed","template":"","meta":{"site-sidebar-layout":"default","site-content-layout":"","ast-site-content-layout":"default","site-content-style":"default","site-sidebar-style":"default","ast-global-header-display":"","ast-banner-title-visibility":"","ast-main-header-display":"","ast-hfb-above-header-display":"","ast-hfb-below-header-display":"","ast-hfb-mobile-header-display":"","site-post-title":"","ast-breadcrumbs-content":"","ast-featured-img":"","footer-sml-layout":"","theme-transparent-header-meta":"default","adv-header-id-meta":"","stick-header-meta":"","header-above-stick-meta":"","header-main-stick-meta":"","header-below-stick-meta":"","astra-migrate-meta-layouts":"set","ast-page-background-enabled":"default","ast-page-background-meta":{"desktop":{"background-color":"var(--ast-global-color-5)","background-image":"","background-repeat":"repeat","background-position":"center center","background-size":"auto","background-attachment":"scroll","background-type":"","background-media":"","overlay-type":"","overlay-color":"","overlay-opacity":"","overlay-gradient":""},"tablet":{"background-color":"","background-image":"","background-repeat":"repeat","background-position":"center center","background-size":"auto","background-attachment":"scroll","background-type":"","background-media":"","overlay-type":"","overlay-color":"","overlay-opacity":"","overlay-gradient":""},"mobile":{"background-color":"","background-image":"","background-repeat":"repeat","background-position":"center center","background-size":"auto","background-attachment":"scroll","background-type":"","background-media":"","overlay-type":"","overlay-color":"","overlay-opacity":"","overlay-gradient":""}},"ast-content-background-meta":{"desktop":{"background-color":"var(--ast-global-color-4)","background-image":"","background-repeat":"repeat","background-position":"center center","background-size":"auto","background-attachment":"scroll","background-type":"","background-media":"","overlay-type":"","overlay-color":"","overlay-opacity":"","overlay-gradient":""},"tablet":{"background-color":"var(--ast-global-color-4)","background-image":"","background-repeat":"repeat","background-position":"center center","background-size":"auto","background-attachment":"scroll","background-type":"","background-media":"","overlay-type":"","overlay-color":"","overlay-opacity":"","overlay-gradient":""},"mobile":{"background-color":"var(--ast-global-color-4)","background-image":"","background-repeat":"repeat","background-position":"center center","background-size":"auto","background-attachment":"scroll","background-type":"","background-media":"","overlay-type":"","overlay-color":"","overlay-opacity":"","overlay-gradient":""}}},"product_brand":[],"product_cat":[15],"product_tag":[],"class_list":{"0":"post-14882","1":"product","2":"type-product","3":"status-publish","4":"has-post-thumbnail","6":"product_cat-uncategorized","7":"pa_52519_m5qa07gt-lille","8":"pa_52519_m5qa07gt-saet-med-2-stk","9":"pa_52519_m5qa07gt-stor","10":"desktop-align-left","11":"tablet-align-left","12":"mobile-align-left","14":"first","15":"instock","16":"shipping-taxable","17":"purchasable","18":"product-type-variable"},"yoast_head":"<!-- This site is optimized with the Yoast SEO plugin v26.6 - https:\/\/yoast.com\/wordpress\/plugins\/seo\/ -->\n<title>V\u00e6rkt\u00f8j til justering af d\u00f8rh\u00e6ngsler - Mekulo DK<\/title>\n<meta name=\"robots\" content=\"index, follow, max-snippet:-1, max-image-preview:large, max-video-preview:-1\" \/>\n<link rel=\"canonical\" href=\"https:\/\/mekulo.com\/dk\/produkt\/vaerktoej-til-justering-af-doerhaengsler\/\" \/>\n<meta property=\"og:locale\" content=\"da_DK\" \/>\n<meta property=\"og:type\" content=\"article\" \/>\n<meta property=\"og:title\" content=\"V\u00e6rkt\u00f8j til justering af d\u00f8rh\u00e6ngsler - Mekulo DK\" \/>\n<meta property=\"og:description\" content=\"Et v\u00e6rkt\u00f8j til justering af d\u00f8rh\u00e6ngsler, der er designet til at reparere h\u00e6ngende eller sk\u00e6ve d\u00f8re uden at fjerne h\u00e6ngslet. Det giver mulighed for pr\u00e6cise justeringer af h\u00e6ngselafstanden for at forbedre d\u00f8rens tilpasning og glatte \u00e5bning. Den er st\u00e6rk, nem at bruge og tidsbesparende, og den er ideel til hurtige d\u00f8rreparationer derhjemme eller p\u00e5 arbejdet.\" \/>\n<meta property=\"og:url\" content=\"https:\/\/mekulo.com\/dk\/produkt\/vaerktoej-til-justering-af-doerhaengsler\/\" \/>\n<meta property=\"og:site_name\" content=\"Mekulo DK\" \/>\n<meta property=\"article:modified_time\" content=\"2026-02-10T09:12:33+00:00\" \/>\n<meta property=\"og:image\" content=\"https:\/\/mekulo.com\/dk\/wp-content\/uploads\/sites\/12\/2026\/01\/2jdvac1-1.webp\" \/>\n\t<meta property=\"og:image:width\" content=\"800\" \/>\n\t<meta property=\"og:image:height\" content=\"800\" \/>\n\t<meta property=\"og:image:type\" content=\"image\/webp\" \/>\n<meta name=\"twitter:card\" content=\"summary_large_image\" \/>\n<meta name=\"twitter:label1\" content=\"Estimeret l\u00e6setid\" \/>\n\t<meta name=\"twitter:data1\" content=\"2 minutter\" \/>\n<script type=\"application\/ld+json\" class=\"yoast-schema-graph\">{\"@context\":\"https:\/\/schema.org\",\"@graph\":[{\"@type\":\"WebPage\",\"@id\":\"https:\/\/mekulo.com\/dk\/produkt\/vaerktoej-til-justering-af-doerhaengsler\/\",\"url\":\"https:\/\/mekulo.com\/dk\/produkt\/vaerktoej-til-justering-af-doerhaengsler\/\",\"name\":\"V\u00e6rkt\u00f8j til justering af d\u00f8rh\u00e6ngsler - Mekulo DK\",\"isPartOf\":{\"@id\":\"https:\/\/mekulo.com\/dk\/#website\"},\"primaryImageOfPage\":{\"@id\":\"https:\/\/mekulo.com\/dk\/produkt\/vaerktoej-til-justering-af-doerhaengsler\/#primaryimage\"},\"image\":{\"@id\":\"https:\/\/mekulo.com\/dk\/produkt\/vaerktoej-til-justering-af-doerhaengsler\/#primaryimage\"},\"thumbnailUrl\":\"https:\/\/mekulo.com\/dk\/wp-content\/uploads\/sites\/12\/2026\/01\/2jdvac1-1.webp\",\"datePublished\":\"2026-01-05T10:51:51+00:00\",\"dateModified\":\"2026-02-10T09:12:33+00:00\",\"breadcrumb\":{\"@id\":\"https:\/\/mekulo.com\/dk\/produkt\/vaerktoej-til-justering-af-doerhaengsler\/#breadcrumb\"},\"inLanguage\":\"da-DK\",\"potentialAction\":[{\"@type\":\"ReadAction\",\"target\":[\"https:\/\/mekulo.com\/dk\/produkt\/vaerktoej-til-justering-af-doerhaengsler\/\"]}]},{\"@type\":\"ImageObject\",\"inLanguage\":\"da-DK\",\"@id\":\"https:\/\/mekulo.com\/dk\/produkt\/vaerktoej-til-justering-af-doerhaengsler\/#primaryimage\",\"url\":\"https:\/\/mekulo.com\/dk\/wp-content\/uploads\/sites\/12\/2026\/01\/2jdvac1-1.webp\",\"contentUrl\":\"https:\/\/mekulo.com\/dk\/wp-content\/uploads\/sites\/12\/2026\/01\/2jdvac1-1.webp\",\"width\":800,\"height\":800},{\"@type\":\"BreadcrumbList\",\"@id\":\"https:\/\/mekulo.com\/dk\/produkt\/vaerktoej-til-justering-af-doerhaengsler\/#breadcrumb\",\"itemListElement\":[{\"@type\":\"ListItem\",\"position\":1,\"name\":\"Home\",\"item\":\"https:\/\/mekulo.com\/dk\/\"},{\"@type\":\"ListItem\",\"position\":2,\"name\":\"Butik\",\"item\":\"https:\/\/mekulo.com\/dk\/butik\/\"},{\"@type\":\"ListItem\",\"position\":3,\"name\":\"V\u00e6rkt\u00f8j til justering af d\u00f8rh\u00e6ngsler\"}]},{\"@type\":\"WebSite\",\"@id\":\"https:\/\/mekulo.com\/dk\/#website\",\"url\":\"https:\/\/mekulo.com\/dk\/\",\"name\":\"Mekulo DK\",\"description\":\"\",\"publisher\":{\"@id\":\"https:\/\/mekulo.com\/dk\/#organization\"},\"potentialAction\":[{\"@type\":\"SearchAction\",\"target\":{\"@type\":\"EntryPoint\",\"urlTemplate\":\"https:\/\/mekulo.com\/dk\/?s={search_term_string}\"},\"query-input\":{\"@type\":\"PropertyValueSpecification\",\"valueRequired\":true,\"valueName\":\"search_term_string\"}}],\"inLanguage\":\"da-DK\"},{\"@type\":\"Organization\",\"@id\":\"https:\/\/mekulo.com\/dk\/#organization\",\"name\":\"Mekulo\",\"url\":\"https:\/\/mekulo.com\/dk\/\",\"logo\":{\"@type\":\"ImageObject\",\"inLanguage\":\"da-DK\",\"@id\":\"https:\/\/mekulo.com\/dk\/#\/schema\/logo\/image\/\",\"url\":\"https:\/\/mekulo.com\/dk\/wp-content\/uploads\/sites\/12\/2025\/12\/favicon_mekulo.png\",\"contentUrl\":\"https:\/\/mekulo.com\/dk\/wp-content\/uploads\/sites\/12\/2025\/12\/favicon_mekulo.png\",\"width\":50,\"height\":50,\"caption\":\"Mekulo\"},\"image\":{\"@id\":\"https:\/\/mekulo.com\/dk\/#\/schema\/logo\/image\/\"}}]}<\/script>\n<!-- \/ Yoast SEO plugin. -->","yoast_head_json":{"title":"V\u00e6rkt\u00f8j til justering af d\u00f8rh\u00e6ngsler - Mekulo DK","robots":{"index":"index","follow":"follow","max-snippet":"max-snippet:-1","max-image-preview":"max-image-preview:large","max-video-preview":"max-video-preview:-1"},"canonical":"https:\/\/mekulo.com\/dk\/produkt\/vaerktoej-til-justering-af-doerhaengsler\/","og_locale":"da_DK","og_type":"article","og_title":"V\u00e6rkt\u00f8j til justering af d\u00f8rh\u00e6ngsler - Mekulo DK","og_description":"Et v\u00e6rkt\u00f8j til justering af d\u00f8rh\u00e6ngsler, der er designet til at reparere h\u00e6ngende eller sk\u00e6ve d\u00f8re uden at fjerne h\u00e6ngslet. Det giver mulighed for pr\u00e6cise justeringer af h\u00e6ngselafstanden for at forbedre d\u00f8rens tilpasning og glatte \u00e5bning. Den er st\u00e6rk, nem at bruge og tidsbesparende, og den er ideel til hurtige d\u00f8rreparationer derhjemme eller p\u00e5 arbejdet.","og_url":"https:\/\/mekulo.com\/dk\/produkt\/vaerktoej-til-justering-af-doerhaengsler\/","og_site_name":"Mekulo DK","article_modified_time":"2026-02-10T09:12:33+00:00","og_image":[{"width":800,"height":800,"url":"https:\/\/mekulo.com\/dk\/wp-content\/uploads\/sites\/12\/2026\/01\/2jdvac1-1.webp","type":"image\/webp"}],"twitter_card":"summary_large_image","twitter_misc":{"Estimeret l\u00e6setid":"2 minutter"},"schema":{"@context":"https:\/\/schema.org","@graph":[{"@type":"WebPage","@id":"https:\/\/mekulo.com\/dk\/produkt\/vaerktoej-til-justering-af-doerhaengsler\/","url":"https:\/\/mekulo.com\/dk\/produkt\/vaerktoej-til-justering-af-doerhaengsler\/","name":"V\u00e6rkt\u00f8j til justering af d\u00f8rh\u00e6ngsler - Mekulo DK","isPartOf":{"@id":"https:\/\/mekulo.com\/dk\/#website"},"primaryImageOfPage":{"@id":"https:\/\/mekulo.com\/dk\/produkt\/vaerktoej-til-justering-af-doerhaengsler\/#primaryimage"},"image":{"@id":"https:\/\/mekulo.com\/dk\/produkt\/vaerktoej-til-justering-af-doerhaengsler\/#primaryimage"},"thumbnailUrl":"https:\/\/mekulo.com\/dk\/wp-content\/uploads\/sites\/12\/2026\/01\/2jdvac1-1.webp","datePublished":"2026-01-05T10:51:51+00:00","dateModified":"2026-02-10T09:12:33+00:00","breadcrumb":{"@id":"https:\/\/mekulo.com\/dk\/produkt\/vaerktoej-til-justering-af-doerhaengsler\/#breadcrumb"},"inLanguage":"da-DK","potentialAction":[{"@type":"ReadAction","target":["https:\/\/mekulo.com\/dk\/produkt\/vaerktoej-til-justering-af-doerhaengsler\/"]}]},{"@type":"ImageObject","inLanguage":"da-DK","@id":"https:\/\/mekulo.com\/dk\/produkt\/vaerktoej-til-justering-af-doerhaengsler\/#primaryimage","url":"https:\/\/mekulo.com\/dk\/wp-content\/uploads\/sites\/12\/2026\/01\/2jdvac1-1.webp","contentUrl":"https:\/\/mekulo.com\/dk\/wp-content\/uploads\/sites\/12\/2026\/01\/2jdvac1-1.webp","width":800,"height":800},{"@type":"BreadcrumbList","@id":"https:\/\/mekulo.com\/dk\/produkt\/vaerktoej-til-justering-af-doerhaengsler\/#breadcrumb","itemListElement":[{"@type":"ListItem","position":1,"name":"Home","item":"https:\/\/mekulo.com\/dk\/"},{"@type":"ListItem","position":2,"name":"Butik","item":"https:\/\/mekulo.com\/dk\/butik\/"},{"@type":"ListItem","position":3,"name":"V\u00e6rkt\u00f8j til justering af d\u00f8rh\u00e6ngsler"}]},{"@type":"WebSite","@id":"https:\/\/mekulo.com\/dk\/#website","url":"https:\/\/mekulo.com\/dk\/","name":"Mekulo DK","description":"","publisher":{"@id":"https:\/\/mekulo.com\/dk\/#organization"},"potentialAction":[{"@type":"SearchAction","target":{"@type":"EntryPoint","urlTemplate":"https:\/\/mekulo.com\/dk\/?s={search_term_string}"},"query-input":{"@type":"PropertyValueSpecification","valueRequired":true,"valueName":"search_term_string"}}],"inLanguage":"da-DK"},{"@type":"Organization","@id":"https:\/\/mekulo.com\/dk\/#organization","name":"Mekulo","url":"https:\/\/mekulo.com\/dk\/","logo":{"@type":"ImageObject","inLanguage":"da-DK","@id":"https:\/\/mekulo.com\/dk\/#\/schema\/logo\/image\/","url":"https:\/\/mekulo.com\/dk\/wp-content\/uploads\/sites\/12\/2025\/12\/favicon_mekulo.png","contentUrl":"https:\/\/mekulo.com\/dk\/wp-content\/uploads\/sites\/12\/2025\/12\/favicon_mekulo.png","width":50,"height":50,"caption":"Mekulo"},"image":{"@id":"https:\/\/mekulo.com\/dk\/#\/schema\/logo\/image\/"}}]}},"_links":{"self":[{"href":"https:\/\/mekulo.com\/dk\/wp-json\/wp\/v2\/product\/14882","targetHints":{"allow":["GET"]}}],"collection":[{"href":"https:\/\/mekulo.com\/dk\/wp-json\/wp\/v2\/product"}],"about":[{"href":"https:\/\/mekulo.com\/dk\/wp-json\/wp\/v2\/types\/product"}],"replies":[{"embeddable":true,"href":"https:\/\/mekulo.com\/dk\/wp-json\/wp\/v2\/comments?post=14882"}],"wp:featuredmedia":[{"embeddable":true,"href":"https:\/\/mekulo.com\/dk\/wp-json\/wp\/v2\/media\/14878"}],"wp:attachment":[{"href":"https:\/\/mekulo.com\/dk\/wp-json\/wp\/v2\/media?parent=14882"}],"wp:term":[{"taxonomy":"product_brand","embeddable":true,"href":"https:\/\/mekulo.com\/dk\/wp-json\/wp\/v2\/product_brand?post=14882"},{"taxonomy":"product_cat","embeddable":true,"href":"https:\/\/mekulo.com\/dk\/wp-json\/wp\/v2\/product_cat?post=14882"},{"taxonomy":"product_tag","embeddable":true,"href":"https:\/\/mekulo.com\/dk\/wp-json\/wp\/v2\/product_tag?post=14882"}],"curies":[{"name":"wp","href":"https:\/\/api.w.org\/{rel}","templated":true}]}}