{"id":14812,"date":"2026-01-04T17:58:14","date_gmt":"2026-01-04T15:58:14","guid":{"rendered":"https:\/\/mekulo.com\/dk\/produkt\/kreativ-regnbue-notesbog-til-skrabekunst\/"},"modified":"2026-02-03T17:20:10","modified_gmt":"2026-02-03T15:20:10","slug":"kreativ-regnbue-notesbog-til-skrabekunst","status":"publish","type":"product","link":"https:\/\/mekulo.com\/dk\/produkt\/kreativ-regnbue-notesbog-til-skrabekunst\/","title":{"rendered":"Kreativ regnbue-notesbog til skrabekunst"},"content":{"rendered":"<p style=\"text-align: center;\" data-start=\"0\" data-end=\"56\"><strong data-start=\"0\" data-end=\"56\">Afsl\u00f8r Lysende Regnbuekunst Med Hver Eneste Simple Ridse. <\/strong><span style=\"font-size: 16px; font-style: normal; font-weight: 400;\">\ud83c\udfa8<\/span><\/p>\n<p data-start=\"58\" data-end=\"256\"><img fetchpriority=\"high\" decoding=\"async\" class=\"size-full wp-image-46557 aligncenter\" src=\"https:\/\/keluvo.com\/template\/wp-content\/uploads\/sites\/5\/2025\/12\/102229-ezgif.com-video-to-webp-converter.webp\" alt=\"\" width=\"500\" height=\"500\" \/><\/p>\n<h2 style=\"text-align: center;\" data-start=\"550\" data-end=\"570\">\ud83c\udf08 Hovedfordele<\/h2>\n<p data-start=\"573\" data-end=\"636\">\u2728 Regnbue-skrabeeffekt &#8211; Lyse farver vises med det samme.<\/p>\n<p data-start=\"639\" data-end=\"695\">\ud83d\udee1\ufe0f Sikker og giftfri &#8211; For\u00e6ldregodkendte materialer.<\/p>\n<p data-start=\"698\" data-end=\"759\">\ud83e\udde0 \u00d8ger kreativiteten &#8211; Opmuntrer til fantasi og fokus.<\/p>\n<p data-start=\"762\" data-end=\"816\">\ud83d\udc67\ud83e\uddd2 Fantastisk til b\u00f8rn og voksne &#8211; Sjovt for 3+ \u00e5rige.<\/p>\n<p data-start=\"819\" data-end=\"885\">\ud83c\udf81 Perfekt gaveid\u00e9 &#8211; Ideel til f\u00f8dselsdage og kreativ leg.<\/p>\n<p data-start=\"819\" data-end=\"885\"><img decoding=\"async\" class=\"size-full wp-image-46558 aligncenter\" src=\"https:\/\/keluvo.com\/template\/wp-content\/uploads\/sites\/5\/2025\/12\/102228-ezgif.com-video-to-webp-converter.webp\" alt=\"\" width=\"500\" height=\"500\" \/><\/p>\n<h2 style=\"text-align: center;\" data-start=\"887\" data-end=\"904\">\u270f\ufe0f S\u00e5dan bruges<\/h2>\n<ol data-start=\"905\" data-end=\"1114\">\n<li data-start=\"905\" data-end=\"940\">\n<p data-start=\"908\" data-end=\"940\">\u00c5bn scratch art-notesbogen.<\/p>\n<\/li>\n<li data-start=\"941\" data-end=\"994\">\n<p data-start=\"944\" data-end=\"994\">Brug tr\u00e6pennen til at ridse den sorte overflade.<\/p>\n<\/li>\n<li data-start=\"995\" data-end=\"1036\">\n<p data-start=\"998\" data-end=\"1036\">Afsl\u00f8r farverige m\u00f8nstre nedenunder.<\/p>\n<\/li>\n<li data-start=\"1037\" data-end=\"1078\">\n<p data-start=\"1040\" data-end=\"1078\">Tegn billeder, kruseduller eller beskeder.<\/p>\n<\/li>\n<li data-start=\"1079\" data-end=\"1114\">\n<p data-start=\"1082\" data-end=\"1114\">Del eller vis dine kunstv\u00e6rker.<\/p>\n<\/li>\n<\/ol>\n<h2 style=\"text-align: center;\" data-start=\"1116\" data-end=\"1138\">\ud83d\udccf Produktdetaljer<\/h2>\n<ul data-start=\"1139\" data-end=\"1348\">\n<li data-start=\"1195\" data-end=\"1226\">\n<p data-start=\"1197\" data-end=\"1226\">Sider: 10 kradsbare sider<\/p>\n<\/li>\n<li data-start=\"1227\" data-end=\"1247\">\n<p data-start=\"1229\" data-end=\"1247\">St\u00f8rrelse: 16 x 23 cm<\/p>\n<\/li>\n<li data-start=\"1248\" data-end=\"1284\">\n<p data-start=\"1250\" data-end=\"1284\">Materiale: Tykt, ikke-giftigt papir<\/p>\n<\/li>\n<li data-start=\"1317\" data-end=\"1348\">\n<p data-start=\"1319\" data-end=\"1348\">Alder: 3+ og voksne<\/p>\n<\/li>\n<\/ul>\n<h2 style=\"text-align: center;\" data-start=\"1350\" data-end=\"1373\">\ud83d\udce6 Pakken Indeholder<\/h2>\n<ul data-start=\"1374\" data-end=\"1444\" data-is-last-node=\"\" data-is-only-node=\"\">\n<li data-start=\"1374\" data-end=\"1419\">\n<p data-start=\"1376\" data-end=\"1419\">1x kreativ regnbue-skrabe-notesbog<\/p>\n<\/li>\n<li data-start=\"1420\" data-end=\"1444\" data-is-last-node=\"\">\n<p data-start=\"1422\" data-end=\"1444\" data-is-last-node=\"\">1x tr\u00e6pen.<\/p>\n<\/li>\n<\/ul>\n","protected":false},"excerpt":{"rendered":"<p>Med denne kreative regnbue-skrabe-notesbog kan b\u00f8rn og voksne lave farverige tegninger ved at skrabe i den sorte overflade. Den er sikker, nem at bruge og perfekt til sjov, kreativitet og tidlig l\u00e6ring. Den er lavet af tykt, giftfrit papir og giver b\u00f8rn mulighed for at tegne frit uden rod eller skadelige materialer. Bare krads med tr\u00e6pennen for at afsl\u00f8re levende farver og skabe tegninger, noter eller m\u00f8nstre, som du stolt kan dele.<\/p>\n","protected":false},"featured_media":14808,"comment_status":"open","ping_status":"closed","template":"","meta":{"site-sidebar-layout":"default","site-content-layout":"","ast-site-content-layout":"default","site-content-style":"default","site-sidebar-style":"default","ast-global-header-display":"","ast-banner-title-visibility":"","ast-main-header-display":"","ast-hfb-above-header-display":"","ast-hfb-below-header-display":"","ast-hfb-mobile-header-display":"","site-post-title":"","ast-breadcrumbs-content":"","ast-featured-img":"","footer-sml-layout":"","theme-transparent-header-meta":"default","adv-header-id-meta":"","stick-header-meta":"","header-above-stick-meta":"","header-main-stick-meta":"","header-below-stick-meta":"","astra-migrate-meta-layouts":"set","ast-page-background-enabled":"default","ast-page-background-meta":{"desktop":{"background-color":"var(--ast-global-color-5)","background-image":"","background-repeat":"repeat","background-position":"center center","background-size":"auto","background-attachment":"scroll","background-type":"","background-media":"","overlay-type":"","overlay-color":"","overlay-opacity":"","overlay-gradient":""},"tablet":{"background-color":"","background-image":"","background-repeat":"repeat","background-position":"center center","background-size":"auto","background-attachment":"scroll","background-type":"","background-media":"","overlay-type":"","overlay-color":"","overlay-opacity":"","overlay-gradient":""},"mobile":{"background-color":"","background-image":"","background-repeat":"repeat","background-position":"center center","background-size":"auto","background-attachment":"scroll","background-type":"","background-media":"","overlay-type":"","overlay-color":"","overlay-opacity":"","overlay-gradient":""}},"ast-content-background-meta":{"desktop":{"background-color":"var(--ast-global-color-4)","background-image":"","background-repeat":"repeat","background-position":"center center","background-size":"auto","background-attachment":"scroll","background-type":"","background-media":"","overlay-type":"","overlay-color":"","overlay-opacity":"","overlay-gradient":""},"tablet":{"background-color":"var(--ast-global-color-4)","background-image":"","background-repeat":"repeat","background-position":"center center","background-size":"auto","background-attachment":"scroll","background-type":"","background-media":"","overlay-type":"","overlay-color":"","overlay-opacity":"","overlay-gradient":""},"mobile":{"background-color":"var(--ast-global-color-4)","background-image":"","background-repeat":"repeat","background-position":"center center","background-size":"auto","background-attachment":"scroll","background-type":"","background-media":"","overlay-type":"","overlay-color":"","overlay-opacity":"","overlay-gradient":""}}},"product_brand":[],"product_cat":[172],"product_tag":[],"class_list":{"0":"post-14812","1":"product","2":"type-product","3":"status-publish","4":"has-post-thumbnail","6":"product_cat-legetoej-boerne-og-babyprodukter","7":"desktop-align-left","8":"tablet-align-left","9":"mobile-align-left","11":"first","12":"instock","13":"shipping-taxable","14":"purchasable","15":"product-type-simple"},"yoast_head":"<!-- This site is optimized with the Yoast SEO plugin v26.6 - https:\/\/yoast.com\/wordpress\/plugins\/seo\/ -->\n<title>Kreativ regnbue-notesbog til skrabekunst - Mekulo DK<\/title>\n<meta name=\"robots\" content=\"index, follow, max-snippet:-1, max-image-preview:large, max-video-preview:-1\" \/>\n<link rel=\"canonical\" href=\"https:\/\/mekulo.com\/dk\/produkt\/kreativ-regnbue-notesbog-til-skrabekunst\/\" \/>\n<meta property=\"og:locale\" content=\"da_DK\" \/>\n<meta property=\"og:type\" content=\"article\" \/>\n<meta property=\"og:title\" content=\"Kreativ regnbue-notesbog til skrabekunst - Mekulo DK\" \/>\n<meta property=\"og:description\" content=\"Med denne kreative regnbue-skrabe-notesbog kan b\u00f8rn og voksne lave farverige tegninger ved at skrabe i den sorte overflade. Den er sikker, nem at bruge og perfekt til sjov, kreativitet og tidlig l\u00e6ring. Den er lavet af tykt, giftfrit papir og giver b\u00f8rn mulighed for at tegne frit uden rod eller skadelige materialer. Bare krads med tr\u00e6pennen for at afsl\u00f8re levende farver og skabe tegninger, noter eller m\u00f8nstre, som du stolt kan dele.\" \/>\n<meta property=\"og:url\" content=\"https:\/\/mekulo.com\/dk\/produkt\/kreativ-regnbue-notesbog-til-skrabekunst\/\" \/>\n<meta property=\"og:site_name\" content=\"Mekulo DK\" \/>\n<meta property=\"article:modified_time\" content=\"2026-02-03T15:20:10+00:00\" \/>\n<meta property=\"og:image\" content=\"https:\/\/mekulo.com\/dk\/wp-content\/uploads\/sites\/12\/2026\/01\/vfnqvt1-1.webp\" \/>\n\t<meta property=\"og:image:width\" content=\"713\" \/>\n\t<meta property=\"og:image:height\" content=\"713\" \/>\n\t<meta property=\"og:image:type\" content=\"image\/webp\" \/>\n<meta name=\"twitter:card\" content=\"summary_large_image\" \/>\n<meta name=\"twitter:label1\" content=\"Estimeret l\u00e6setid\" \/>\n\t<meta name=\"twitter:data1\" content=\"2 minutter\" \/>\n<script type=\"application\/ld+json\" class=\"yoast-schema-graph\">{\"@context\":\"https:\/\/schema.org\",\"@graph\":[{\"@type\":\"WebPage\",\"@id\":\"https:\/\/mekulo.com\/dk\/produkt\/kreativ-regnbue-notesbog-til-skrabekunst\/\",\"url\":\"https:\/\/mekulo.com\/dk\/produkt\/kreativ-regnbue-notesbog-til-skrabekunst\/\",\"name\":\"Kreativ regnbue-notesbog til skrabekunst - Mekulo DK\",\"isPartOf\":{\"@id\":\"https:\/\/mekulo.com\/dk\/#website\"},\"primaryImageOfPage\":{\"@id\":\"https:\/\/mekulo.com\/dk\/produkt\/kreativ-regnbue-notesbog-til-skrabekunst\/#primaryimage\"},\"image\":{\"@id\":\"https:\/\/mekulo.com\/dk\/produkt\/kreativ-regnbue-notesbog-til-skrabekunst\/#primaryimage\"},\"thumbnailUrl\":\"https:\/\/mekulo.com\/dk\/wp-content\/uploads\/sites\/12\/2026\/01\/vfnqvt1-1.webp\",\"datePublished\":\"2026-01-04T15:58:14+00:00\",\"dateModified\":\"2026-02-03T15:20:10+00:00\",\"breadcrumb\":{\"@id\":\"https:\/\/mekulo.com\/dk\/produkt\/kreativ-regnbue-notesbog-til-skrabekunst\/#breadcrumb\"},\"inLanguage\":\"da-DK\",\"potentialAction\":[{\"@type\":\"ReadAction\",\"target\":[\"https:\/\/mekulo.com\/dk\/produkt\/kreativ-regnbue-notesbog-til-skrabekunst\/\"]}]},{\"@type\":\"ImageObject\",\"inLanguage\":\"da-DK\",\"@id\":\"https:\/\/mekulo.com\/dk\/produkt\/kreativ-regnbue-notesbog-til-skrabekunst\/#primaryimage\",\"url\":\"https:\/\/mekulo.com\/dk\/wp-content\/uploads\/sites\/12\/2026\/01\/vfnqvt1-1.webp\",\"contentUrl\":\"https:\/\/mekulo.com\/dk\/wp-content\/uploads\/sites\/12\/2026\/01\/vfnqvt1-1.webp\",\"width\":713,\"height\":713},{\"@type\":\"BreadcrumbList\",\"@id\":\"https:\/\/mekulo.com\/dk\/produkt\/kreativ-regnbue-notesbog-til-skrabekunst\/#breadcrumb\",\"itemListElement\":[{\"@type\":\"ListItem\",\"position\":1,\"name\":\"Home\",\"item\":\"https:\/\/mekulo.com\/dk\/\"},{\"@type\":\"ListItem\",\"position\":2,\"name\":\"Butik\",\"item\":\"https:\/\/mekulo.com\/dk\/butik\/\"},{\"@type\":\"ListItem\",\"position\":3,\"name\":\"Kreativ regnbue-notesbog til skrabekunst\"}]},{\"@type\":\"WebSite\",\"@id\":\"https:\/\/mekulo.com\/dk\/#website\",\"url\":\"https:\/\/mekulo.com\/dk\/\",\"name\":\"Mekulo DK\",\"description\":\"\",\"publisher\":{\"@id\":\"https:\/\/mekulo.com\/dk\/#organization\"},\"potentialAction\":[{\"@type\":\"SearchAction\",\"target\":{\"@type\":\"EntryPoint\",\"urlTemplate\":\"https:\/\/mekulo.com\/dk\/?s={search_term_string}\"},\"query-input\":{\"@type\":\"PropertyValueSpecification\",\"valueRequired\":true,\"valueName\":\"search_term_string\"}}],\"inLanguage\":\"da-DK\"},{\"@type\":\"Organization\",\"@id\":\"https:\/\/mekulo.com\/dk\/#organization\",\"name\":\"Mekulo\",\"url\":\"https:\/\/mekulo.com\/dk\/\",\"logo\":{\"@type\":\"ImageObject\",\"inLanguage\":\"da-DK\",\"@id\":\"https:\/\/mekulo.com\/dk\/#\/schema\/logo\/image\/\",\"url\":\"https:\/\/mekulo.com\/dk\/wp-content\/uploads\/sites\/12\/2025\/12\/favicon_mekulo.png\",\"contentUrl\":\"https:\/\/mekulo.com\/dk\/wp-content\/uploads\/sites\/12\/2025\/12\/favicon_mekulo.png\",\"width\":50,\"height\":50,\"caption\":\"Mekulo\"},\"image\":{\"@id\":\"https:\/\/mekulo.com\/dk\/#\/schema\/logo\/image\/\"}}]}<\/script>\n<!-- \/ Yoast SEO plugin. -->","yoast_head_json":{"title":"Kreativ regnbue-notesbog til skrabekunst - Mekulo DK","robots":{"index":"index","follow":"follow","max-snippet":"max-snippet:-1","max-image-preview":"max-image-preview:large","max-video-preview":"max-video-preview:-1"},"canonical":"https:\/\/mekulo.com\/dk\/produkt\/kreativ-regnbue-notesbog-til-skrabekunst\/","og_locale":"da_DK","og_type":"article","og_title":"Kreativ regnbue-notesbog til skrabekunst - Mekulo DK","og_description":"Med denne kreative regnbue-skrabe-notesbog kan b\u00f8rn og voksne lave farverige tegninger ved at skrabe i den sorte overflade. Den er sikker, nem at bruge og perfekt til sjov, kreativitet og tidlig l\u00e6ring. Den er lavet af tykt, giftfrit papir og giver b\u00f8rn mulighed for at tegne frit uden rod eller skadelige materialer. Bare krads med tr\u00e6pennen for at afsl\u00f8re levende farver og skabe tegninger, noter eller m\u00f8nstre, som du stolt kan dele.","og_url":"https:\/\/mekulo.com\/dk\/produkt\/kreativ-regnbue-notesbog-til-skrabekunst\/","og_site_name":"Mekulo DK","article_modified_time":"2026-02-03T15:20:10+00:00","og_image":[{"width":713,"height":713,"url":"https:\/\/mekulo.com\/dk\/wp-content\/uploads\/sites\/12\/2026\/01\/vfnqvt1-1.webp","type":"image\/webp"}],"twitter_card":"summary_large_image","twitter_misc":{"Estimeret l\u00e6setid":"2 minutter"},"schema":{"@context":"https:\/\/schema.org","@graph":[{"@type":"WebPage","@id":"https:\/\/mekulo.com\/dk\/produkt\/kreativ-regnbue-notesbog-til-skrabekunst\/","url":"https:\/\/mekulo.com\/dk\/produkt\/kreativ-regnbue-notesbog-til-skrabekunst\/","name":"Kreativ regnbue-notesbog til skrabekunst - Mekulo DK","isPartOf":{"@id":"https:\/\/mekulo.com\/dk\/#website"},"primaryImageOfPage":{"@id":"https:\/\/mekulo.com\/dk\/produkt\/kreativ-regnbue-notesbog-til-skrabekunst\/#primaryimage"},"image":{"@id":"https:\/\/mekulo.com\/dk\/produkt\/kreativ-regnbue-notesbog-til-skrabekunst\/#primaryimage"},"thumbnailUrl":"https:\/\/mekulo.com\/dk\/wp-content\/uploads\/sites\/12\/2026\/01\/vfnqvt1-1.webp","datePublished":"2026-01-04T15:58:14+00:00","dateModified":"2026-02-03T15:20:10+00:00","breadcrumb":{"@id":"https:\/\/mekulo.com\/dk\/produkt\/kreativ-regnbue-notesbog-til-skrabekunst\/#breadcrumb"},"inLanguage":"da-DK","potentialAction":[{"@type":"ReadAction","target":["https:\/\/mekulo.com\/dk\/produkt\/kreativ-regnbue-notesbog-til-skrabekunst\/"]}]},{"@type":"ImageObject","inLanguage":"da-DK","@id":"https:\/\/mekulo.com\/dk\/produkt\/kreativ-regnbue-notesbog-til-skrabekunst\/#primaryimage","url":"https:\/\/mekulo.com\/dk\/wp-content\/uploads\/sites\/12\/2026\/01\/vfnqvt1-1.webp","contentUrl":"https:\/\/mekulo.com\/dk\/wp-content\/uploads\/sites\/12\/2026\/01\/vfnqvt1-1.webp","width":713,"height":713},{"@type":"BreadcrumbList","@id":"https:\/\/mekulo.com\/dk\/produkt\/kreativ-regnbue-notesbog-til-skrabekunst\/#breadcrumb","itemListElement":[{"@type":"ListItem","position":1,"name":"Home","item":"https:\/\/mekulo.com\/dk\/"},{"@type":"ListItem","position":2,"name":"Butik","item":"https:\/\/mekulo.com\/dk\/butik\/"},{"@type":"ListItem","position":3,"name":"Kreativ regnbue-notesbog til skrabekunst"}]},{"@type":"WebSite","@id":"https:\/\/mekulo.com\/dk\/#website","url":"https:\/\/mekulo.com\/dk\/","name":"Mekulo DK","description":"","publisher":{"@id":"https:\/\/mekulo.com\/dk\/#organization"},"potentialAction":[{"@type":"SearchAction","target":{"@type":"EntryPoint","urlTemplate":"https:\/\/mekulo.com\/dk\/?s={search_term_string}"},"query-input":{"@type":"PropertyValueSpecification","valueRequired":true,"valueName":"search_term_string"}}],"inLanguage":"da-DK"},{"@type":"Organization","@id":"https:\/\/mekulo.com\/dk\/#organization","name":"Mekulo","url":"https:\/\/mekulo.com\/dk\/","logo":{"@type":"ImageObject","inLanguage":"da-DK","@id":"https:\/\/mekulo.com\/dk\/#\/schema\/logo\/image\/","url":"https:\/\/mekulo.com\/dk\/wp-content\/uploads\/sites\/12\/2025\/12\/favicon_mekulo.png","contentUrl":"https:\/\/mekulo.com\/dk\/wp-content\/uploads\/sites\/12\/2025\/12\/favicon_mekulo.png","width":50,"height":50,"caption":"Mekulo"},"image":{"@id":"https:\/\/mekulo.com\/dk\/#\/schema\/logo\/image\/"}}]}},"_links":{"self":[{"href":"https:\/\/mekulo.com\/dk\/wp-json\/wp\/v2\/product\/14812","targetHints":{"allow":["GET"]}}],"collection":[{"href":"https:\/\/mekulo.com\/dk\/wp-json\/wp\/v2\/product"}],"about":[{"href":"https:\/\/mekulo.com\/dk\/wp-json\/wp\/v2\/types\/product"}],"replies":[{"embeddable":true,"href":"https:\/\/mekulo.com\/dk\/wp-json\/wp\/v2\/comments?post=14812"}],"wp:featuredmedia":[{"embeddable":true,"href":"https:\/\/mekulo.com\/dk\/wp-json\/wp\/v2\/media\/14808"}],"wp:attachment":[{"href":"https:\/\/mekulo.com\/dk\/wp-json\/wp\/v2\/media?parent=14812"}],"wp:term":[{"taxonomy":"product_brand","embeddable":true,"href":"https:\/\/mekulo.com\/dk\/wp-json\/wp\/v2\/product_brand?post=14812"},{"taxonomy":"product_cat","embeddable":true,"href":"https:\/\/mekulo.com\/dk\/wp-json\/wp\/v2\/product_cat?post=14812"},{"taxonomy":"product_tag","embeddable":true,"href":"https:\/\/mekulo.com\/dk\/wp-json\/wp\/v2\/product_tag?post=14812"}],"curies":[{"name":"wp","href":"https:\/\/api.w.org\/{rel}","templated":true}]}}