{"id":14758,"date":"2026-01-04T17:54:31","date_gmt":"2026-01-04T15:54:31","guid":{"rendered":"https:\/\/mekulo.com\/dk\/produkt\/flydende-plantenaering\/"},"modified":"2026-01-04T20:48:08","modified_gmt":"2026-01-04T18:48:08","slug":"flydende-plantenaering","status":"publish","type":"product","link":"https:\/\/mekulo.com\/dk\/produkt\/flydende-plantenaering\/","title":{"rendered":"Flydende planten\u00e6ring"},"content":{"rendered":"<p style=\"text-align: center;\" data-start=\"0\" data-end=\"67\"><strong>Giv Dine Planter \u00d8jeblikkelig N\u00e6ring Til Hurtigere Og Sundere V\u00e6kst. \ud83c\udf31<\/strong><\/p>\n<p data-start=\"69\" data-end=\"342\"><img decoding=\"async\" class=\"size-full wp-image-42699 aligncenter\" src=\"https:\/\/keluvo.com\/template\/wp-content\/uploads\/sites\/5\/2025\/11\/10227-ezgif.com-video-to-webp-converter-1-1.webp\" alt=\"\" \/><\/p>\n<h2 style=\"text-align: center;\" data-start=\"349\" data-end=\"369\">\u2b50 Hovedfordele<\/h2>\n<p data-start=\"370\" data-end=\"974\">\ud83c\udf3f Hurtig n\u00e6ringsoptagelse &#8211; tr\u00e6nger straks ind i jorden for at give planterne hurtig adgang til n\u00e6ringsstoffer.<\/p>\n<p data-start=\"370\" data-end=\"974\">\ud83c\udf40 Sundere, st\u00e6rkere planter &#8211; forbedrer jordens pH-balance og \u00f8ger planternes generelle vitalitet.<\/p>\n<p data-start=\"370\" data-end=\"974\">\ud83c\udf31 Underst\u00f8tter rodv\u00e6kst &#8211; Forbedrer optagelsen af n\u00e6ringsstoffer og opbygger st\u00e6rkere rodsystemer.<\/p>\n<p data-start=\"370\" data-end=\"974\">\u2744\ufe0f \u00d8ger modstandsdygtigheden &#8211; Hj\u00e6lper planter med at t\u00e5le kulde, t\u00f8rke og insekter.<\/p>\n<p data-start=\"370\" data-end=\"974\">\ud83c\udf3c Bedre blomstring og v\u00e6kst &#8211; Fremmer spiring, tidlig blomstring, best\u00f8vning og fuld udvikling.<\/p>\n<p data-start=\"370\" data-end=\"974\">\ud83c\udfe1 Velegnet til alle planter &#8211; Fungerer til tr\u00e6er, bonsai, stueplanter, landskabsplanter, gr\u00f8ntsager og hydroponik.<\/p>\n<p data-start=\"370\" data-end=\"974\"><img decoding=\"async\" class=\"size-full wp-image-42700 aligncenter\" src=\"https:\/\/keluvo.com\/template\/wp-content\/uploads\/sites\/5\/2025\/11\/5962cb6da9c3c43b5e35f900a63d0e485771620b140e4f77ce7e80c5c92e3781-800.avif\" alt=\"\" \/><\/p>\n<h2 style=\"text-align: center;\" data-start=\"981\" data-end=\"999\">\ud83d\udd27 S\u00e5dan bruges<\/h2>\n<p data-start=\"1000\" data-end=\"1022\"><strong>Dyrkning i jord<\/strong><\/p>\n<ol data-start=\"1023\" data-end=\"1120\">\n<li data-start=\"1023\" data-end=\"1080\">\n<p data-start=\"1026\" data-end=\"1080\">Udskyld 10 ml med 250 ml vand (forhold 1:25).<\/p>\n<\/li>\n<li data-start=\"1081\" data-end=\"1120\">\n<p data-start=\"1084\" data-end=\"1120\">Vand r\u00f8dderne hver 7.-10. dag.<\/p>\n<\/li>\n<\/ol>\n<p data-start=\"1122\" data-end=\"1150\"><strong>Hydroponisk dyrkning<\/strong><\/p>\n<ol data-start=\"1151\" data-end=\"1247\">\n<li data-start=\"1151\" data-end=\"1208\">\n<p data-start=\"1154\" data-end=\"1208\">Udskyld 10 ml med 500 ml vand (forhold 1:50).<\/p>\n<\/li>\n<li data-start=\"1209\" data-end=\"1247\">\n<p data-start=\"1212\" data-end=\"1247\">Tils\u00e6t n\u00e6ringsstoffer hver 10-15 dag.<\/p>\n<\/li>\n<\/ol>\n<p data-start=\"1249\" data-end=\"1264\"><strong>Fr\u00f8planter<\/strong><\/p>\n<ol data-start=\"1265\" data-end=\"1343\">\n<li data-start=\"1265\" data-end=\"1303\">\n<p data-start=\"1268\" data-end=\"1303\">Udtynd 1000 gange med vand.<\/p>\n<\/li>\n<li data-start=\"1304\" data-end=\"1343\">\n<p data-start=\"1307\" data-end=\"1343\">Vand jorden hver 20-30 dag.<\/p>\n<\/li>\n<\/ol>\n<p data-start=\"1345\" data-end=\"1364\"><strong>Potteplanter<\/strong><\/p>\n<ol data-start=\"1365\" data-end=\"1484\">\n<li data-start=\"1365\" data-end=\"1386\">\n<p data-start=\"1368\" data-end=\"1386\">Skru h\u00e6tten af.<\/p>\n<\/li>\n<li data-start=\"1387\" data-end=\"1433\">\n<p data-start=\"1390\" data-end=\"1433\">Placer flasken p\u00e5 hovedet i jorden.<\/p>\n<\/li>\n<li data-start=\"1434\" data-end=\"1484\">\n<p data-start=\"1437\" data-end=\"1484\">N\u00e6ringsstofferne vil langsomt frigives af sig selv.<\/p>\n<\/li>\n<\/ol>\n<h2 style=\"text-align: center;\" data-start=\"1491\" data-end=\"1514\">\ud83d\udccf Produktdetaljer<\/h2>\n<ul data-start=\"1515\" data-end=\"1847\">\n<li data-start=\"1515\" data-end=\"1550\">\n<p data-start=\"1517\" data-end=\"1550\">Materiale: Spor af planten\u00e6ringsstoffer<\/p>\n<\/li>\n<li data-start=\"1551\" data-end=\"1573\">\n<p data-start=\"1553\" data-end=\"1573\">Nettoindhold: 38 ml<\/p>\n<\/li>\n<li data-start=\"1574\" data-end=\"1599\">\n<p data-start=\"1576\" data-end=\"1599\">L\u00e6ngde: Ca. 13 cm<\/p>\n<\/li>\n<li data-start=\"1653\" data-end=\"1756\">\n<p data-start=\"1655\" data-end=\"1756\">Velegnet til: Landbrugsafgr\u00f8der, haveplanter, bonsai, landskabsplanter og indend\u00f8rs potteplanter<\/p>\n<\/li>\n<li data-start=\"1757\" data-end=\"1847\">\n<p data-start=\"1759\" data-end=\"1847\">Fordele: Rodv\u00e6kst, n\u00e6ringsstofoptagelse, jordforbedring, spiring, st\u00f8tte til blomstring<\/p>\n<\/li>\n<\/ul>\n<h2 style=\"text-align: center;\" data-start=\"1854\" data-end=\"1878\">\ud83d\udce6 Pakken indeholder<\/h2>\n<ul data-start=\"1879\" data-end=\"1920\">\n<li data-start=\"1879\" data-end=\"1920\">\n<p data-start=\"1881\" data-end=\"1920\">1, 3, 5x flaske med flydende planten\u00e6ringsstoffer.<\/p>\n<\/li>\n<\/ul>\n","protected":false},"excerpt":{"rendered":"<p>Denne flydende planten\u00e6ring leverer hurtigtvirkende n\u00e6ring direkte til jorden eller vandet og hj\u00e6lper planterne med at vokse sig st\u00e6rkere, gr\u00f8nnere og mere modstandsdygtige over for stress. Den fordeler sig j\u00e6vnt, virker hurtigt og er velegnet til alle typer planter &#8211; fra havens tr\u00e6er til sm\u00e5 potteplanter.<\/p>\n","protected":false},"featured_media":14754,"comment_status":"open","ping_status":"closed","template":"","meta":{"site-sidebar-layout":"default","site-content-layout":"","ast-site-content-layout":"default","site-content-style":"default","site-sidebar-style":"default","ast-global-header-display":"","ast-banner-title-visibility":"","ast-main-header-display":"","ast-hfb-above-header-display":"","ast-hfb-below-header-display":"","ast-hfb-mobile-header-display":"","site-post-title":"","ast-breadcrumbs-content":"","ast-featured-img":"","footer-sml-layout":"","theme-transparent-header-meta":"default","adv-header-id-meta":"","stick-header-meta":"","header-above-stick-meta":"","header-main-stick-meta":"","header-below-stick-meta":"","astra-migrate-meta-layouts":"set","ast-page-background-enabled":"default","ast-page-background-meta":{"desktop":{"background-color":"var(--ast-global-color-5)","background-image":"","background-repeat":"repeat","background-position":"center center","background-size":"auto","background-attachment":"scroll","background-type":"","background-media":"","overlay-type":"","overlay-color":"","overlay-opacity":"","overlay-gradient":""},"tablet":{"background-color":"","background-image":"","background-repeat":"repeat","background-position":"center center","background-size":"auto","background-attachment":"scroll","background-type":"","background-media":"","overlay-type":"","overlay-color":"","overlay-opacity":"","overlay-gradient":""},"mobile":{"background-color":"","background-image":"","background-repeat":"repeat","background-position":"center center","background-size":"auto","background-attachment":"scroll","background-type":"","background-media":"","overlay-type":"","overlay-color":"","overlay-opacity":"","overlay-gradient":""}},"ast-content-background-meta":{"desktop":{"background-color":"var(--ast-global-color-4)","background-image":"","background-repeat":"repeat","background-position":"center center","background-size":"auto","background-attachment":"scroll","background-type":"","background-media":"","overlay-type":"","overlay-color":"","overlay-opacity":"","overlay-gradient":""},"tablet":{"background-color":"var(--ast-global-color-4)","background-image":"","background-repeat":"repeat","background-position":"center center","background-size":"auto","background-attachment":"scroll","background-type":"","background-media":"","overlay-type":"","overlay-color":"","overlay-opacity":"","overlay-gradient":""},"mobile":{"background-color":"var(--ast-global-color-4)","background-image":"","background-repeat":"repeat","background-position":"center center","background-size":"auto","background-attachment":"scroll","background-type":"","background-media":"","overlay-type":"","overlay-color":"","overlay-opacity":"","overlay-gradient":""}}},"product_brand":[],"product_cat":[168],"product_tag":[],"class_list":{"0":"post-14758","1":"product","2":"type-product","3":"status-publish","4":"has-post-thumbnail","6":"product_cat-husholdningsartikler","7":"pa_53798_63e965xi-1-stk","8":"pa_53798_63e965xi-3-stk","9":"pa_53798_63e965xi-5-stk","10":"desktop-align-left","11":"tablet-align-left","12":"mobile-align-left","14":"first","15":"instock","16":"shipping-taxable","17":"purchasable","18":"product-type-variable"},"yoast_head":"<!-- This site is optimized with the Yoast SEO plugin v26.6 - https:\/\/yoast.com\/wordpress\/plugins\/seo\/ -->\n<title>Flydende planten\u00e6ring - Mekulo DK<\/title>\n<meta name=\"robots\" content=\"index, follow, max-snippet:-1, max-image-preview:large, max-video-preview:-1\" \/>\n<link rel=\"canonical\" href=\"https:\/\/mekulo.com\/dk\/produkt\/flydende-plantenaering\/\" \/>\n<meta property=\"og:locale\" content=\"da_DK\" \/>\n<meta property=\"og:type\" content=\"article\" \/>\n<meta property=\"og:title\" content=\"Flydende planten\u00e6ring - Mekulo DK\" \/>\n<meta property=\"og:description\" content=\"Denne flydende planten\u00e6ring leverer hurtigtvirkende n\u00e6ring direkte til jorden eller vandet og hj\u00e6lper planterne med at vokse sig st\u00e6rkere, gr\u00f8nnere og mere modstandsdygtige over for stress. Den fordeler sig j\u00e6vnt, virker hurtigt og er velegnet til alle typer planter - fra havens tr\u00e6er til sm\u00e5 potteplanter.\" \/>\n<meta property=\"og:url\" content=\"https:\/\/mekulo.com\/dk\/produkt\/flydende-plantenaering\/\" \/>\n<meta property=\"og:site_name\" content=\"Mekulo DK\" \/>\n<meta property=\"article:modified_time\" content=\"2026-01-04T18:48:08+00:00\" \/>\n<meta property=\"og:image\" content=\"https:\/\/mekulo.com\/dk\/wp-content\/uploads\/sites\/12\/2026\/01\/w6a9sim-1.jpg\" \/>\n\t<meta property=\"og:image:width\" content=\"1080\" \/>\n\t<meta property=\"og:image:height\" content=\"1080\" \/>\n\t<meta property=\"og:image:type\" content=\"image\/jpeg\" \/>\n<meta name=\"twitter:card\" content=\"summary_large_image\" \/>\n<meta name=\"twitter:label1\" content=\"Estimeret l\u00e6setid\" \/>\n\t<meta name=\"twitter:data1\" content=\"2 minutter\" \/>\n<script type=\"application\/ld+json\" class=\"yoast-schema-graph\">{\"@context\":\"https:\/\/schema.org\",\"@graph\":[{\"@type\":\"WebPage\",\"@id\":\"https:\/\/mekulo.com\/dk\/produkt\/flydende-plantenaering\/\",\"url\":\"https:\/\/mekulo.com\/dk\/produkt\/flydende-plantenaering\/\",\"name\":\"Flydende planten\u00e6ring - Mekulo DK\",\"isPartOf\":{\"@id\":\"https:\/\/mekulo.com\/dk\/#website\"},\"primaryImageOfPage\":{\"@id\":\"https:\/\/mekulo.com\/dk\/produkt\/flydende-plantenaering\/#primaryimage\"},\"image\":{\"@id\":\"https:\/\/mekulo.com\/dk\/produkt\/flydende-plantenaering\/#primaryimage\"},\"thumbnailUrl\":\"https:\/\/mekulo.com\/dk\/wp-content\/uploads\/sites\/12\/2026\/01\/w6a9sim-1.jpg\",\"datePublished\":\"2026-01-04T15:54:31+00:00\",\"dateModified\":\"2026-01-04T18:48:08+00:00\",\"breadcrumb\":{\"@id\":\"https:\/\/mekulo.com\/dk\/produkt\/flydende-plantenaering\/#breadcrumb\"},\"inLanguage\":\"da-DK\",\"potentialAction\":[{\"@type\":\"ReadAction\",\"target\":[\"https:\/\/mekulo.com\/dk\/produkt\/flydende-plantenaering\/\"]}]},{\"@type\":\"ImageObject\",\"inLanguage\":\"da-DK\",\"@id\":\"https:\/\/mekulo.com\/dk\/produkt\/flydende-plantenaering\/#primaryimage\",\"url\":\"https:\/\/mekulo.com\/dk\/wp-content\/uploads\/sites\/12\/2026\/01\/w6a9sim-1.jpg\",\"contentUrl\":\"https:\/\/mekulo.com\/dk\/wp-content\/uploads\/sites\/12\/2026\/01\/w6a9sim-1.jpg\",\"width\":1080,\"height\":1080},{\"@type\":\"BreadcrumbList\",\"@id\":\"https:\/\/mekulo.com\/dk\/produkt\/flydende-plantenaering\/#breadcrumb\",\"itemListElement\":[{\"@type\":\"ListItem\",\"position\":1,\"name\":\"Home\",\"item\":\"https:\/\/mekulo.com\/dk\/\"},{\"@type\":\"ListItem\",\"position\":2,\"name\":\"Butik\",\"item\":\"https:\/\/mekulo.com\/dk\/butik\/\"},{\"@type\":\"ListItem\",\"position\":3,\"name\":\"Flydende planten\u00e6ring\"}]},{\"@type\":\"WebSite\",\"@id\":\"https:\/\/mekulo.com\/dk\/#website\",\"url\":\"https:\/\/mekulo.com\/dk\/\",\"name\":\"Mekulo DK\",\"description\":\"\",\"publisher\":{\"@id\":\"https:\/\/mekulo.com\/dk\/#organization\"},\"potentialAction\":[{\"@type\":\"SearchAction\",\"target\":{\"@type\":\"EntryPoint\",\"urlTemplate\":\"https:\/\/mekulo.com\/dk\/?s={search_term_string}\"},\"query-input\":{\"@type\":\"PropertyValueSpecification\",\"valueRequired\":true,\"valueName\":\"search_term_string\"}}],\"inLanguage\":\"da-DK\"},{\"@type\":\"Organization\",\"@id\":\"https:\/\/mekulo.com\/dk\/#organization\",\"name\":\"Mekulo\",\"url\":\"https:\/\/mekulo.com\/dk\/\",\"logo\":{\"@type\":\"ImageObject\",\"inLanguage\":\"da-DK\",\"@id\":\"https:\/\/mekulo.com\/dk\/#\/schema\/logo\/image\/\",\"url\":\"https:\/\/mekulo.com\/dk\/wp-content\/uploads\/sites\/12\/2025\/12\/favicon_mekulo.png\",\"contentUrl\":\"https:\/\/mekulo.com\/dk\/wp-content\/uploads\/sites\/12\/2025\/12\/favicon_mekulo.png\",\"width\":50,\"height\":50,\"caption\":\"Mekulo\"},\"image\":{\"@id\":\"https:\/\/mekulo.com\/dk\/#\/schema\/logo\/image\/\"}}]}<\/script>\n<!-- \/ Yoast SEO plugin. -->","yoast_head_json":{"title":"Flydende planten\u00e6ring - Mekulo DK","robots":{"index":"index","follow":"follow","max-snippet":"max-snippet:-1","max-image-preview":"max-image-preview:large","max-video-preview":"max-video-preview:-1"},"canonical":"https:\/\/mekulo.com\/dk\/produkt\/flydende-plantenaering\/","og_locale":"da_DK","og_type":"article","og_title":"Flydende planten\u00e6ring - Mekulo DK","og_description":"Denne flydende planten\u00e6ring leverer hurtigtvirkende n\u00e6ring direkte til jorden eller vandet og hj\u00e6lper planterne med at vokse sig st\u00e6rkere, gr\u00f8nnere og mere modstandsdygtige over for stress. Den fordeler sig j\u00e6vnt, virker hurtigt og er velegnet til alle typer planter - fra havens tr\u00e6er til sm\u00e5 potteplanter.","og_url":"https:\/\/mekulo.com\/dk\/produkt\/flydende-plantenaering\/","og_site_name":"Mekulo DK","article_modified_time":"2026-01-04T18:48:08+00:00","og_image":[{"width":1080,"height":1080,"url":"https:\/\/mekulo.com\/dk\/wp-content\/uploads\/sites\/12\/2026\/01\/w6a9sim-1.jpg","type":"image\/jpeg"}],"twitter_card":"summary_large_image","twitter_misc":{"Estimeret l\u00e6setid":"2 minutter"},"schema":{"@context":"https:\/\/schema.org","@graph":[{"@type":"WebPage","@id":"https:\/\/mekulo.com\/dk\/produkt\/flydende-plantenaering\/","url":"https:\/\/mekulo.com\/dk\/produkt\/flydende-plantenaering\/","name":"Flydende planten\u00e6ring - Mekulo DK","isPartOf":{"@id":"https:\/\/mekulo.com\/dk\/#website"},"primaryImageOfPage":{"@id":"https:\/\/mekulo.com\/dk\/produkt\/flydende-plantenaering\/#primaryimage"},"image":{"@id":"https:\/\/mekulo.com\/dk\/produkt\/flydende-plantenaering\/#primaryimage"},"thumbnailUrl":"https:\/\/mekulo.com\/dk\/wp-content\/uploads\/sites\/12\/2026\/01\/w6a9sim-1.jpg","datePublished":"2026-01-04T15:54:31+00:00","dateModified":"2026-01-04T18:48:08+00:00","breadcrumb":{"@id":"https:\/\/mekulo.com\/dk\/produkt\/flydende-plantenaering\/#breadcrumb"},"inLanguage":"da-DK","potentialAction":[{"@type":"ReadAction","target":["https:\/\/mekulo.com\/dk\/produkt\/flydende-plantenaering\/"]}]},{"@type":"ImageObject","inLanguage":"da-DK","@id":"https:\/\/mekulo.com\/dk\/produkt\/flydende-plantenaering\/#primaryimage","url":"https:\/\/mekulo.com\/dk\/wp-content\/uploads\/sites\/12\/2026\/01\/w6a9sim-1.jpg","contentUrl":"https:\/\/mekulo.com\/dk\/wp-content\/uploads\/sites\/12\/2026\/01\/w6a9sim-1.jpg","width":1080,"height":1080},{"@type":"BreadcrumbList","@id":"https:\/\/mekulo.com\/dk\/produkt\/flydende-plantenaering\/#breadcrumb","itemListElement":[{"@type":"ListItem","position":1,"name":"Home","item":"https:\/\/mekulo.com\/dk\/"},{"@type":"ListItem","position":2,"name":"Butik","item":"https:\/\/mekulo.com\/dk\/butik\/"},{"@type":"ListItem","position":3,"name":"Flydende planten\u00e6ring"}]},{"@type":"WebSite","@id":"https:\/\/mekulo.com\/dk\/#website","url":"https:\/\/mekulo.com\/dk\/","name":"Mekulo DK","description":"","publisher":{"@id":"https:\/\/mekulo.com\/dk\/#organization"},"potentialAction":[{"@type":"SearchAction","target":{"@type":"EntryPoint","urlTemplate":"https:\/\/mekulo.com\/dk\/?s={search_term_string}"},"query-input":{"@type":"PropertyValueSpecification","valueRequired":true,"valueName":"search_term_string"}}],"inLanguage":"da-DK"},{"@type":"Organization","@id":"https:\/\/mekulo.com\/dk\/#organization","name":"Mekulo","url":"https:\/\/mekulo.com\/dk\/","logo":{"@type":"ImageObject","inLanguage":"da-DK","@id":"https:\/\/mekulo.com\/dk\/#\/schema\/logo\/image\/","url":"https:\/\/mekulo.com\/dk\/wp-content\/uploads\/sites\/12\/2025\/12\/favicon_mekulo.png","contentUrl":"https:\/\/mekulo.com\/dk\/wp-content\/uploads\/sites\/12\/2025\/12\/favicon_mekulo.png","width":50,"height":50,"caption":"Mekulo"},"image":{"@id":"https:\/\/mekulo.com\/dk\/#\/schema\/logo\/image\/"}}]}},"_links":{"self":[{"href":"https:\/\/mekulo.com\/dk\/wp-json\/wp\/v2\/product\/14758","targetHints":{"allow":["GET"]}}],"collection":[{"href":"https:\/\/mekulo.com\/dk\/wp-json\/wp\/v2\/product"}],"about":[{"href":"https:\/\/mekulo.com\/dk\/wp-json\/wp\/v2\/types\/product"}],"replies":[{"embeddable":true,"href":"https:\/\/mekulo.com\/dk\/wp-json\/wp\/v2\/comments?post=14758"}],"wp:featuredmedia":[{"embeddable":true,"href":"https:\/\/mekulo.com\/dk\/wp-json\/wp\/v2\/media\/14754"}],"wp:attachment":[{"href":"https:\/\/mekulo.com\/dk\/wp-json\/wp\/v2\/media?parent=14758"}],"wp:term":[{"taxonomy":"product_brand","embeddable":true,"href":"https:\/\/mekulo.com\/dk\/wp-json\/wp\/v2\/product_brand?post=14758"},{"taxonomy":"product_cat","embeddable":true,"href":"https:\/\/mekulo.com\/dk\/wp-json\/wp\/v2\/product_cat?post=14758"},{"taxonomy":"product_tag","embeddable":true,"href":"https:\/\/mekulo.com\/dk\/wp-json\/wp\/v2\/product_tag?post=14758"}],"curies":[{"name":"wp","href":"https:\/\/api.w.org\/{rel}","templated":true}]}}