{"id":14724,"date":"2026-01-04T17:52:02","date_gmt":"2026-01-04T15:52:02","guid":{"rendered":"https:\/\/mekulo.com\/dk\/produkt\/magnetisk-pen-med-fingerspids\/"},"modified":"2026-01-04T20:45:56","modified_gmt":"2026-01-04T18:45:56","slug":"magnetisk-pen-med-fingerspids","status":"publish","type":"product","link":"https:\/\/mekulo.com\/dk\/produkt\/magnetisk-pen-med-fingerspids\/","title":{"rendered":"Magnetisk pen med fingerspids"},"content":{"rendered":"<p style=\"text-align: center;\" data-start=\"0\" data-end=\"91\"><strong>Byg, skriv og bev\u00e6g dig &#8211; alt i \u00e9n magnetisk pen, der s\u00e6tter gang i kreativitet og fokus. \u2728\ud83d\udd8a\ufe0f<\/strong><\/p>\n<p data-start=\"93\" data-end=\"376\"><img decoding=\"async\" class=\"size-full wp-image-39231 aligncenter\" src=\"https:\/\/keluvo.com\/template\/wp-content\/uploads\/sites\/5\/2025\/10\/25417e9390bf7b7b2a5245f627f3f6dee223c737.gif\" alt=\"\" \/><\/p>\n<h2 style=\"text-align: center;\" data-start=\"378\" data-end=\"399\">\u2705 Hovedfordele<\/h2>\n<p data-start=\"402\" data-end=\"481\">\ud83e\udde0 \u00d8ger kreativiteten og probleml\u00f8sningen &#8211; byg endel\u00f8se former og designs.<\/p>\n<p data-start=\"484\" data-end=\"553\">\u270b Forbedrer h\u00e5nd-\u00f8je-koordinationen &#8211; tilskynder til praktisk l\u00e6ring.<\/p>\n<p data-start=\"556\" data-end=\"628\">\ud83c\udfaf Hj\u00e6lper med at fokusere og berolige sindet &#8211; fantastisk til at f\u00e5 ro og opm\u00e6rksomhed.<\/p>\n<p data-start=\"631\" data-end=\"706\">\u270d\ufe0f Glat skriveoplevelse &#8211; fungerer som en rigtig pen med kvalitetsbl\u00e6k.<\/p>\n<p data-start=\"709\" data-end=\"785\">\ud83e\udde9 Magnetisk design med flere former &#8211; klik, drej og saml p\u00e5 f\u00e5 sekunder.<\/p>\n<p data-start=\"788\" data-end=\"867\">\ud83d\udc8e Holdbare og sikre materialer &#8211; st\u00e6rke magneter, der ikke let falder fra hinanden.<\/p>\n<p data-start=\"870\" data-end=\"945\">\ud83c\udf81 Perfekt undervisningsgave &#8211; sjov til skole, hjem og kreativ leg.<\/p>\n<p data-start=\"870\" data-end=\"945\"><img decoding=\"async\" class=\"size-full wp-image-39230 aligncenter\" src=\"https:\/\/keluvo.com\/template\/wp-content\/uploads\/sites\/5\/2025\/10\/76498f70f87afdd483d1120bb3f8a06d55cc73c9.webp\" alt=\"\" \/><\/p>\n<h2 style=\"text-align: center;\" data-start=\"947\" data-end=\"967\">\ud83d\udee0\ufe0f S\u00e5dan bruges<\/h2>\n<ol data-start=\"968\" data-end=\"1214\">\n<li data-start=\"968\" data-end=\"1019\">\n<p data-start=\"971\" data-end=\"1019\">Brug den som en almindelig pen til at skrive og lave lektier med.<\/p>\n<\/li>\n<li data-start=\"1020\" data-end=\"1084\">\n<p data-start=\"1023\" data-end=\"1084\">Tr\u00e6k de magnetiske dele fra hinanden, n\u00e5r du tager en pause eller slapper af.<\/p>\n<\/li>\n<li data-start=\"1085\" data-end=\"1153\">\n<p data-start=\"1088\" data-end=\"1153\">Byg den om til former som robotter, sv\u00e6rd, dyr og m\u00f8nstre.<\/p>\n<\/li>\n<li data-start=\"1154\" data-end=\"1214\">\n<p data-start=\"1157\" data-end=\"1214\">Brug den som fidgetleget\u00f8j til at lindre stress og holde fokus.<\/p>\n<\/li>\n<\/ol>\n<h2 style=\"text-align: center;\">\ud83d\udccf Produktdetaljer<\/h2>\n<ul data-start=\"1241\" data-end=\"1530\">\n<li data-start=\"1287\" data-end=\"1348\">\n<p data-start=\"1289\" data-end=\"1348\">Materiale: Magnetisk legering af h\u00f8j kvalitet + glat bl\u00e6krefill<\/p>\n<\/li>\n<li data-start=\"1349\" data-end=\"1407\">\n<p data-start=\"1351\" data-end=\"1407\">Funktioner: Skrivning, bygning, fidgeting, stressaflastning<\/p>\n<\/li>\n<li data-start=\"1408\" data-end=\"1474\">\n<p data-start=\"1410\" data-end=\"1474\">Anbefales til: B\u00f8rn, teenagere, kreative elever og uromagere<\/p>\n<\/li>\n<li data-start=\"1475\" data-end=\"1530\">\n<p data-start=\"1477\" data-end=\"1530\">Design: Brydes i magnetiske stykker for at bygge figurer<\/p>\n<\/li>\n<li data-start=\"1475\" data-end=\"1530\">Bl\u00e6kket er sort i alle penne<\/li>\n<\/ul>\n<h2 style=\"text-align: center;\" data-start=\"1532\" data-end=\"1557\">\ud83d\udce6 Pakken indeholder<\/h2>\n<ul data-start=\"1558\" data-end=\"1630\">\n<li data-start=\"1558\" data-end=\"1630\">\n<p data-start=\"1560\" data-end=\"1630\">13x magnetisk r\u00f8r<\/p>\n<\/li>\n<li data-start=\"1558\" data-end=\"1630\">\n<p data-start=\"1560\" data-end=\"1630\">2x metalkugle i lille st\u00f8rrelse<\/p>\n<\/li>\n<li data-start=\"1558\" data-end=\"1630\">\n<p data-start=\"1560\" data-end=\"1630\">8x metalkugle i mellemst\u00f8rrelse<\/p>\n<\/li>\n<li data-start=\"1558\" data-end=\"1630\">\n<p data-start=\"1560\" data-end=\"1630\">2x metalkugle i stor st\u00f8rrelse<\/p>\n<\/li>\n<li data-start=\"1558\" data-end=\"1630\">\n<p data-start=\"1560\" data-end=\"1630\">2x penneh\u00e6tte<\/p>\n<\/li>\n<li data-start=\"1558\" data-end=\"1630\">\n<p data-start=\"1560\" data-end=\"1630\">1x touch screen-hoved<\/p>\n<\/li>\n<li data-start=\"1558\" data-end=\"1630\">\n<p data-start=\"1560\" data-end=\"1630\">1x penneklips<\/p>\n<\/li>\n<li data-start=\"1558\" data-end=\"1630\">\n<p data-start=\"1560\" data-end=\"1630\">1x pennespids<\/p>\n<\/li>\n<li data-start=\"1558\" data-end=\"1630\">\n<p data-start=\"1560\" data-end=\"1630\">3x sort refill.<\/p>\n<\/li>\n<\/ul>\n","protected":false},"excerpt":{"rendered":"<p>Denne magnetiske fingerpen er b\u00e5de et skriveredskab og et sjovt afstresningsleget\u00f8j. B\u00f8rn og teenagere kan skrive med den og derefter skille den ad og bygge den om til figurer, m\u00f8nstre, robotter, sv\u00e6rd og meget mere &#8211; det hj\u00e6lper med at forbedre opm\u00e6rksomhed, fantasi og finmotorik, mens de har det sjovt.<\/p>\n","protected":false},"featured_media":14720,"comment_status":"open","ping_status":"closed","template":"","meta":{"site-sidebar-layout":"default","site-content-layout":"","ast-site-content-layout":"default","site-content-style":"default","site-sidebar-style":"default","ast-global-header-display":"","ast-banner-title-visibility":"","ast-main-header-display":"","ast-hfb-above-header-display":"","ast-hfb-below-header-display":"","ast-hfb-mobile-header-display":"","site-post-title":"","ast-breadcrumbs-content":"","ast-featured-img":"","footer-sml-layout":"","theme-transparent-header-meta":"default","adv-header-id-meta":"","stick-header-meta":"","header-above-stick-meta":"","header-main-stick-meta":"","header-below-stick-meta":"","astra-migrate-meta-layouts":"set","ast-page-background-enabled":"default","ast-page-background-meta":{"desktop":{"background-color":"var(--ast-global-color-5)","background-image":"","background-repeat":"repeat","background-position":"center center","background-size":"auto","background-attachment":"scroll","background-type":"","background-media":"","overlay-type":"","overlay-color":"","overlay-opacity":"","overlay-gradient":""},"tablet":{"background-color":"","background-image":"","background-repeat":"repeat","background-position":"center center","background-size":"auto","background-attachment":"scroll","background-type":"","background-media":"","overlay-type":"","overlay-color":"","overlay-opacity":"","overlay-gradient":""},"mobile":{"background-color":"","background-image":"","background-repeat":"repeat","background-position":"center center","background-size":"auto","background-attachment":"scroll","background-type":"","background-media":"","overlay-type":"","overlay-color":"","overlay-opacity":"","overlay-gradient":""}},"ast-content-background-meta":{"desktop":{"background-color":"var(--ast-global-color-4)","background-image":"","background-repeat":"repeat","background-position":"center center","background-size":"auto","background-attachment":"scroll","background-type":"","background-media":"","overlay-type":"","overlay-color":"","overlay-opacity":"","overlay-gradient":""},"tablet":{"background-color":"var(--ast-global-color-4)","background-image":"","background-repeat":"repeat","background-position":"center center","background-size":"auto","background-attachment":"scroll","background-type":"","background-media":"","overlay-type":"","overlay-color":"","overlay-opacity":"","overlay-gradient":""},"mobile":{"background-color":"var(--ast-global-color-4)","background-image":"","background-repeat":"repeat","background-position":"center center","background-size":"auto","background-attachment":"scroll","background-type":"","background-media":"","overlay-type":"","overlay-color":"","overlay-opacity":"","overlay-gradient":""}}},"product_brand":[],"product_cat":[172],"product_tag":[],"class_list":{"0":"post-14724","1":"product","2":"type-product","3":"status-publish","4":"has-post-thumbnail","6":"product_cat-legetoej-boerne-og-babyprodukter","7":"pa_49383_lj91ebyu-blaa","8":"pa_49383_lj91ebyu-guld","9":"pa_49383_lj91ebyu-polykrom","10":"pa_49383_lj91ebyu-roed","11":"pa_49383_lj91ebyu-soelv","12":"pa_49383_lj91ebyu-sort","13":"desktop-align-left","14":"tablet-align-left","15":"mobile-align-left","17":"first","18":"instock","19":"shipping-taxable","20":"purchasable","21":"product-type-variable"},"yoast_head":"<!-- This site is optimized with the Yoast SEO plugin v26.6 - https:\/\/yoast.com\/wordpress\/plugins\/seo\/ -->\n<title>Magnetisk pen med fingerspids - Mekulo DK<\/title>\n<meta name=\"robots\" content=\"index, follow, max-snippet:-1, max-image-preview:large, max-video-preview:-1\" \/>\n<link rel=\"canonical\" href=\"https:\/\/mekulo.com\/dk\/produkt\/magnetisk-pen-med-fingerspids\/\" \/>\n<meta property=\"og:locale\" content=\"da_DK\" \/>\n<meta property=\"og:type\" content=\"article\" \/>\n<meta property=\"og:title\" content=\"Magnetisk pen med fingerspids - Mekulo DK\" \/>\n<meta property=\"og:description\" content=\"Denne magnetiske fingerpen er b\u00e5de et skriveredskab og et sjovt afstresningsleget\u00f8j. B\u00f8rn og teenagere kan skrive med den og derefter skille den ad og bygge den om til figurer, m\u00f8nstre, robotter, sv\u00e6rd og meget mere - det hj\u00e6lper med at forbedre opm\u00e6rksomhed, fantasi og finmotorik, mens de har det sjovt.\" \/>\n<meta property=\"og:url\" content=\"https:\/\/mekulo.com\/dk\/produkt\/magnetisk-pen-med-fingerspids\/\" \/>\n<meta property=\"og:site_name\" content=\"Mekulo DK\" \/>\n<meta property=\"article:modified_time\" content=\"2026-01-04T18:45:56+00:00\" \/>\n<meta property=\"og:image\" content=\"https:\/\/mekulo.com\/dk\/wp-content\/uploads\/sites\/12\/2026\/01\/qimol3f-1.jpg\" \/>\n\t<meta property=\"og:image:width\" content=\"1080\" \/>\n\t<meta property=\"og:image:height\" content=\"1080\" \/>\n\t<meta property=\"og:image:type\" content=\"image\/jpeg\" \/>\n<meta name=\"twitter:card\" content=\"summary_large_image\" \/>\n<meta name=\"twitter:label1\" content=\"Estimeret l\u00e6setid\" \/>\n\t<meta name=\"twitter:data1\" content=\"2 minutter\" \/>\n<script type=\"application\/ld+json\" class=\"yoast-schema-graph\">{\"@context\":\"https:\/\/schema.org\",\"@graph\":[{\"@type\":\"WebPage\",\"@id\":\"https:\/\/mekulo.com\/dk\/produkt\/magnetisk-pen-med-fingerspids\/\",\"url\":\"https:\/\/mekulo.com\/dk\/produkt\/magnetisk-pen-med-fingerspids\/\",\"name\":\"Magnetisk pen med fingerspids - Mekulo DK\",\"isPartOf\":{\"@id\":\"https:\/\/mekulo.com\/dk\/#website\"},\"primaryImageOfPage\":{\"@id\":\"https:\/\/mekulo.com\/dk\/produkt\/magnetisk-pen-med-fingerspids\/#primaryimage\"},\"image\":{\"@id\":\"https:\/\/mekulo.com\/dk\/produkt\/magnetisk-pen-med-fingerspids\/#primaryimage\"},\"thumbnailUrl\":\"https:\/\/mekulo.com\/dk\/wp-content\/uploads\/sites\/12\/2026\/01\/qimol3f-1.jpg\",\"datePublished\":\"2026-01-04T15:52:02+00:00\",\"dateModified\":\"2026-01-04T18:45:56+00:00\",\"breadcrumb\":{\"@id\":\"https:\/\/mekulo.com\/dk\/produkt\/magnetisk-pen-med-fingerspids\/#breadcrumb\"},\"inLanguage\":\"da-DK\",\"potentialAction\":[{\"@type\":\"ReadAction\",\"target\":[\"https:\/\/mekulo.com\/dk\/produkt\/magnetisk-pen-med-fingerspids\/\"]}]},{\"@type\":\"ImageObject\",\"inLanguage\":\"da-DK\",\"@id\":\"https:\/\/mekulo.com\/dk\/produkt\/magnetisk-pen-med-fingerspids\/#primaryimage\",\"url\":\"https:\/\/mekulo.com\/dk\/wp-content\/uploads\/sites\/12\/2026\/01\/qimol3f-1.jpg\",\"contentUrl\":\"https:\/\/mekulo.com\/dk\/wp-content\/uploads\/sites\/12\/2026\/01\/qimol3f-1.jpg\",\"width\":1080,\"height\":1080},{\"@type\":\"BreadcrumbList\",\"@id\":\"https:\/\/mekulo.com\/dk\/produkt\/magnetisk-pen-med-fingerspids\/#breadcrumb\",\"itemListElement\":[{\"@type\":\"ListItem\",\"position\":1,\"name\":\"Home\",\"item\":\"https:\/\/mekulo.com\/dk\/\"},{\"@type\":\"ListItem\",\"position\":2,\"name\":\"Butik\",\"item\":\"https:\/\/mekulo.com\/dk\/butik\/\"},{\"@type\":\"ListItem\",\"position\":3,\"name\":\"Magnetisk pen med fingerspids\"}]},{\"@type\":\"WebSite\",\"@id\":\"https:\/\/mekulo.com\/dk\/#website\",\"url\":\"https:\/\/mekulo.com\/dk\/\",\"name\":\"Mekulo DK\",\"description\":\"\",\"publisher\":{\"@id\":\"https:\/\/mekulo.com\/dk\/#organization\"},\"potentialAction\":[{\"@type\":\"SearchAction\",\"target\":{\"@type\":\"EntryPoint\",\"urlTemplate\":\"https:\/\/mekulo.com\/dk\/?s={search_term_string}\"},\"query-input\":{\"@type\":\"PropertyValueSpecification\",\"valueRequired\":true,\"valueName\":\"search_term_string\"}}],\"inLanguage\":\"da-DK\"},{\"@type\":\"Organization\",\"@id\":\"https:\/\/mekulo.com\/dk\/#organization\",\"name\":\"Mekulo\",\"url\":\"https:\/\/mekulo.com\/dk\/\",\"logo\":{\"@type\":\"ImageObject\",\"inLanguage\":\"da-DK\",\"@id\":\"https:\/\/mekulo.com\/dk\/#\/schema\/logo\/image\/\",\"url\":\"https:\/\/mekulo.com\/dk\/wp-content\/uploads\/sites\/12\/2025\/12\/favicon_mekulo.png\",\"contentUrl\":\"https:\/\/mekulo.com\/dk\/wp-content\/uploads\/sites\/12\/2025\/12\/favicon_mekulo.png\",\"width\":50,\"height\":50,\"caption\":\"Mekulo\"},\"image\":{\"@id\":\"https:\/\/mekulo.com\/dk\/#\/schema\/logo\/image\/\"}}]}<\/script>\n<!-- \/ Yoast SEO plugin. -->","yoast_head_json":{"title":"Magnetisk pen med fingerspids - Mekulo DK","robots":{"index":"index","follow":"follow","max-snippet":"max-snippet:-1","max-image-preview":"max-image-preview:large","max-video-preview":"max-video-preview:-1"},"canonical":"https:\/\/mekulo.com\/dk\/produkt\/magnetisk-pen-med-fingerspids\/","og_locale":"da_DK","og_type":"article","og_title":"Magnetisk pen med fingerspids - Mekulo DK","og_description":"Denne magnetiske fingerpen er b\u00e5de et skriveredskab og et sjovt afstresningsleget\u00f8j. B\u00f8rn og teenagere kan skrive med den og derefter skille den ad og bygge den om til figurer, m\u00f8nstre, robotter, sv\u00e6rd og meget mere - det hj\u00e6lper med at forbedre opm\u00e6rksomhed, fantasi og finmotorik, mens de har det sjovt.","og_url":"https:\/\/mekulo.com\/dk\/produkt\/magnetisk-pen-med-fingerspids\/","og_site_name":"Mekulo DK","article_modified_time":"2026-01-04T18:45:56+00:00","og_image":[{"width":1080,"height":1080,"url":"https:\/\/mekulo.com\/dk\/wp-content\/uploads\/sites\/12\/2026\/01\/qimol3f-1.jpg","type":"image\/jpeg"}],"twitter_card":"summary_large_image","twitter_misc":{"Estimeret l\u00e6setid":"2 minutter"},"schema":{"@context":"https:\/\/schema.org","@graph":[{"@type":"WebPage","@id":"https:\/\/mekulo.com\/dk\/produkt\/magnetisk-pen-med-fingerspids\/","url":"https:\/\/mekulo.com\/dk\/produkt\/magnetisk-pen-med-fingerspids\/","name":"Magnetisk pen med fingerspids - Mekulo DK","isPartOf":{"@id":"https:\/\/mekulo.com\/dk\/#website"},"primaryImageOfPage":{"@id":"https:\/\/mekulo.com\/dk\/produkt\/magnetisk-pen-med-fingerspids\/#primaryimage"},"image":{"@id":"https:\/\/mekulo.com\/dk\/produkt\/magnetisk-pen-med-fingerspids\/#primaryimage"},"thumbnailUrl":"https:\/\/mekulo.com\/dk\/wp-content\/uploads\/sites\/12\/2026\/01\/qimol3f-1.jpg","datePublished":"2026-01-04T15:52:02+00:00","dateModified":"2026-01-04T18:45:56+00:00","breadcrumb":{"@id":"https:\/\/mekulo.com\/dk\/produkt\/magnetisk-pen-med-fingerspids\/#breadcrumb"},"inLanguage":"da-DK","potentialAction":[{"@type":"ReadAction","target":["https:\/\/mekulo.com\/dk\/produkt\/magnetisk-pen-med-fingerspids\/"]}]},{"@type":"ImageObject","inLanguage":"da-DK","@id":"https:\/\/mekulo.com\/dk\/produkt\/magnetisk-pen-med-fingerspids\/#primaryimage","url":"https:\/\/mekulo.com\/dk\/wp-content\/uploads\/sites\/12\/2026\/01\/qimol3f-1.jpg","contentUrl":"https:\/\/mekulo.com\/dk\/wp-content\/uploads\/sites\/12\/2026\/01\/qimol3f-1.jpg","width":1080,"height":1080},{"@type":"BreadcrumbList","@id":"https:\/\/mekulo.com\/dk\/produkt\/magnetisk-pen-med-fingerspids\/#breadcrumb","itemListElement":[{"@type":"ListItem","position":1,"name":"Home","item":"https:\/\/mekulo.com\/dk\/"},{"@type":"ListItem","position":2,"name":"Butik","item":"https:\/\/mekulo.com\/dk\/butik\/"},{"@type":"ListItem","position":3,"name":"Magnetisk pen med fingerspids"}]},{"@type":"WebSite","@id":"https:\/\/mekulo.com\/dk\/#website","url":"https:\/\/mekulo.com\/dk\/","name":"Mekulo DK","description":"","publisher":{"@id":"https:\/\/mekulo.com\/dk\/#organization"},"potentialAction":[{"@type":"SearchAction","target":{"@type":"EntryPoint","urlTemplate":"https:\/\/mekulo.com\/dk\/?s={search_term_string}"},"query-input":{"@type":"PropertyValueSpecification","valueRequired":true,"valueName":"search_term_string"}}],"inLanguage":"da-DK"},{"@type":"Organization","@id":"https:\/\/mekulo.com\/dk\/#organization","name":"Mekulo","url":"https:\/\/mekulo.com\/dk\/","logo":{"@type":"ImageObject","inLanguage":"da-DK","@id":"https:\/\/mekulo.com\/dk\/#\/schema\/logo\/image\/","url":"https:\/\/mekulo.com\/dk\/wp-content\/uploads\/sites\/12\/2025\/12\/favicon_mekulo.png","contentUrl":"https:\/\/mekulo.com\/dk\/wp-content\/uploads\/sites\/12\/2025\/12\/favicon_mekulo.png","width":50,"height":50,"caption":"Mekulo"},"image":{"@id":"https:\/\/mekulo.com\/dk\/#\/schema\/logo\/image\/"}}]}},"_links":{"self":[{"href":"https:\/\/mekulo.com\/dk\/wp-json\/wp\/v2\/product\/14724","targetHints":{"allow":["GET"]}}],"collection":[{"href":"https:\/\/mekulo.com\/dk\/wp-json\/wp\/v2\/product"}],"about":[{"href":"https:\/\/mekulo.com\/dk\/wp-json\/wp\/v2\/types\/product"}],"replies":[{"embeddable":true,"href":"https:\/\/mekulo.com\/dk\/wp-json\/wp\/v2\/comments?post=14724"}],"wp:featuredmedia":[{"embeddable":true,"href":"https:\/\/mekulo.com\/dk\/wp-json\/wp\/v2\/media\/14720"}],"wp:attachment":[{"href":"https:\/\/mekulo.com\/dk\/wp-json\/wp\/v2\/media?parent=14724"}],"wp:term":[{"taxonomy":"product_brand","embeddable":true,"href":"https:\/\/mekulo.com\/dk\/wp-json\/wp\/v2\/product_brand?post=14724"},{"taxonomy":"product_cat","embeddable":true,"href":"https:\/\/mekulo.com\/dk\/wp-json\/wp\/v2\/product_cat?post=14724"},{"taxonomy":"product_tag","embeddable":true,"href":"https:\/\/mekulo.com\/dk\/wp-json\/wp\/v2\/product_tag?post=14724"}],"curies":[{"name":"wp","href":"https:\/\/api.w.org\/{rel}","templated":true}]}}