{"id":14608,"date":"2026-01-04T17:45:12","date_gmt":"2026-01-04T15:45:12","guid":{"rendered":"https:\/\/mekulo.com\/dk\/produkt\/stoette-til-sideforlaengelse-af-motorcykel\/"},"modified":"2026-02-03T17:17:57","modified_gmt":"2026-02-03T15:17:57","slug":"stoette-til-sideforlaengelse-af-motorcykel","status":"publish","type":"product","link":"https:\/\/mekulo.com\/dk\/produkt\/stoette-til-sideforlaengelse-af-motorcykel\/","title":{"rendered":"St\u00f8tte til sideforl\u00e6ngelse af motorcykel"},"content":{"rendered":"<p style=\"text-align: center;\" data-start=\"0\" data-end=\"83\"><strong data-start=\"0\" data-end=\"83\">Parker Din Motorcykel Sikkert P\u00e5 Enhver Overflade Uden At Bekymre Dig Om At V\u00e6lte.<\/strong><span style=\"font-size: 16px; font-style: normal; font-weight: 400;\">\ud83c\udfcd\ufe0f<\/span><\/p>\n<p data-start=\"85\" data-end=\"335\"><img fetchpriority=\"high\" decoding=\"async\" class=\"size-full wp-image-46065 aligncenter\" src=\"https:\/\/keluvo.com\/template\/wp-content\/uploads\/sites\/5\/2025\/12\/102225-ezgif.com-video-to-webp-converter-1.webp\" alt=\"\" width=\"500\" height=\"889\" \/><\/p>\n<h2 style=\"text-align: center;\" data-start=\"610\" data-end=\"629\">\u2b50 Hovedfordele<\/h2>\n<p data-start=\"632\" data-end=\"684\">\ud83d\uded1 Forhindrer v\u00e6ltning &#8211; Mere stabil parkering.<\/p>\n<p data-start=\"687\" data-end=\"744\">\ud83c\udf31 Fungerer p\u00e5 bl\u00f8dt underlag &#8211; Gr\u00e6s, mudder, sand, asfalt.<\/p>\n<p data-start=\"747\" data-end=\"799\">\ud83d\udd29 CNC-aluminiumskonstruktion &#8211; St\u00e6rk og let.<\/p>\n<p data-start=\"802\" data-end=\"859\">\u2699\ufe0f Nem installation &#8211; Ingen boring eller \u00e6ndringer.<\/p>\n<p data-start=\"862\" data-end=\"915\">\ud83c\udfa8 Anodiseret finish &#8211; Holdbar og modstandsdygtig over for falmning.<\/p>\n<p data-start=\"918\" data-end=\"973\">\ud83c\udfcd\ufe0f Cykelspecifik pasform &#8211; Sikker og stabil st\u00f8tte.<\/p>\n<p data-start=\"918\" data-end=\"973\"><img decoding=\"async\" class=\"size-full wp-image-46064 aligncenter\" src=\"https:\/\/keluvo.com\/template\/wp-content\/uploads\/sites\/5\/2025\/12\/102226-ezgif.com-video-to-webp-converter-1.webp\" alt=\"\" width=\"500\" height=\"889\" \/><\/p>\n<h2 style=\"text-align: center;\" data-start=\"975\" data-end=\"992\">\ud83d\udd27 S\u00e5dan bruges<\/h2>\n<ol data-start=\"993\" data-end=\"1214\">\n<li data-start=\"993\" data-end=\"1053\">\n<p data-start=\"996\" data-end=\"1053\">Placer forl\u00e6ngelsen under motorcyklens sidest\u00f8tte.<\/p>\n<\/li>\n<li data-start=\"1054\" data-end=\"1105\">\n<p data-start=\"1057\" data-end=\"1105\">Juster den med stativfoden p\u00e5 venstre side.<\/p>\n<\/li>\n<li data-start=\"1106\" data-end=\"1156\">\n<p data-start=\"1109\" data-end=\"1156\">Stram ved hj\u00e6lp af den medf\u00f8lgende monteringshardware.<\/p>\n<\/li>\n<li data-start=\"1157\" data-end=\"1214\">\n<p data-start=\"1160\" data-end=\"1214\">S\u00f8rg for, at st\u00f8tten sidder godt fast, f\u00f8r du k\u00f8rer.<\/p>\n<\/li>\n<\/ol>\n<h2 style=\"text-align: center;\" data-start=\"1216\" data-end=\"1238\">\ud83d\udccf Produktdetaljer<\/h2>\n<ul data-start=\"1239\" data-end=\"1473\">\n<li data-start=\"1239\" data-end=\"1269\">\n<p data-start=\"1241\" data-end=\"1269\">Materiale: T6 6061 aluminium<\/p>\n<\/li>\n<li data-start=\"1270\" data-end=\"1301\">\n<p data-start=\"1272\" data-end=\"1301\">Fremstilling: CNC-bearbejdet<\/p>\n<\/li>\n<li data-start=\"1302\" data-end=\"1330\">\n<p data-start=\"1304\" data-end=\"1330\">Overfladefinish: Anodiseret<\/p>\n<\/li>\n<li data-start=\"1331\" data-end=\"1373\">\n<p data-start=\"1333\" data-end=\"1373\">Installationsplacering: Venstre sidest\u00f8tte<\/p>\n<\/li>\n<li data-start=\"1374\" data-end=\"1390\">\n<p data-start=\"1376\" data-end=\"1390\">V\u00e6gt: 64 g<\/p>\n<\/li>\n<li data-start=\"1436\" data-end=\"1473\">\n<p data-start=\"1438\" data-end=\"1473\">Tilstand: Helt ny, eftermarked<\/p>\n<\/li>\n<li data-start=\"1436\" data-end=\"1473\">St\u00f8rrelse: 7,2 x 5 cm<\/li>\n<\/ul>\n<h2 style=\"text-align: center;\" data-start=\"1475\" data-end=\"1498\">\ud83d\udce6 Pakken indeholder<\/h2>\n<ul data-start=\"1499\" data-end=\"1538\" data-is-last-node=\"\" data-is-only-node=\"\">\n<li data-start=\"1499\" data-end=\"1538\" data-is-last-node=\"\">\n<p data-start=\"1501\" data-end=\"1538\" data-is-last-node=\"\">1x motorcykel sideforl\u00e6ngerst\u00f8tte.<\/p>\n<\/li>\n<\/ul>\n","protected":false},"excerpt":{"rendered":"<p>Denne sideforl\u00e6nger til motorcykler \u00f8ger kontaktomr\u00e5det for din sidest\u00f8tte, hvilket giver din motorcykel bedre stabilitet p\u00e5 bl\u00f8dt eller uj\u00e6vnt underlag. Den hj\u00e6lper med at forhindre nedsynkning, udskridning og utilsigtede fald, n\u00e5r du parkerer p\u00e5 mudder, gr\u00e6s, sand eller varm asfalt. Denne forst\u00f8rrer til sidest\u00f8tte er lavet af CNC-bearbejdet aluminium med h\u00f8j styrke og monteres nemt uden boring eller \u00e6ndringer. Dens anodiserede finish modst\u00e5r slid og vejr, hvilket g\u00f8r den til en p\u00e5lidelig opgradering til hverdagsk\u00f8rsel og touring.<\/p>\n","protected":false},"featured_media":14604,"comment_status":"open","ping_status":"closed","template":"","meta":{"site-sidebar-layout":"default","site-content-layout":"","ast-site-content-layout":"default","site-content-style":"default","site-sidebar-style":"default","ast-global-header-display":"","ast-banner-title-visibility":"","ast-main-header-display":"","ast-hfb-above-header-display":"","ast-hfb-below-header-display":"","ast-hfb-mobile-header-display":"","site-post-title":"","ast-breadcrumbs-content":"","ast-featured-img":"","footer-sml-layout":"","theme-transparent-header-meta":"default","adv-header-id-meta":"","stick-header-meta":"","header-above-stick-meta":"","header-main-stick-meta":"","header-below-stick-meta":"","astra-migrate-meta-layouts":"set","ast-page-background-enabled":"default","ast-page-background-meta":{"desktop":{"background-color":"var(--ast-global-color-5)","background-image":"","background-repeat":"repeat","background-position":"center center","background-size":"auto","background-attachment":"scroll","background-type":"","background-media":"","overlay-type":"","overlay-color":"","overlay-opacity":"","overlay-gradient":""},"tablet":{"background-color":"","background-image":"","background-repeat":"repeat","background-position":"center center","background-size":"auto","background-attachment":"scroll","background-type":"","background-media":"","overlay-type":"","overlay-color":"","overlay-opacity":"","overlay-gradient":""},"mobile":{"background-color":"","background-image":"","background-repeat":"repeat","background-position":"center center","background-size":"auto","background-attachment":"scroll","background-type":"","background-media":"","overlay-type":"","overlay-color":"","overlay-opacity":"","overlay-gradient":""}},"ast-content-background-meta":{"desktop":{"background-color":"var(--ast-global-color-4)","background-image":"","background-repeat":"repeat","background-position":"center center","background-size":"auto","background-attachment":"scroll","background-type":"","background-media":"","overlay-type":"","overlay-color":"","overlay-opacity":"","overlay-gradient":""},"tablet":{"background-color":"var(--ast-global-color-4)","background-image":"","background-repeat":"repeat","background-position":"center center","background-size":"auto","background-attachment":"scroll","background-type":"","background-media":"","overlay-type":"","overlay-color":"","overlay-opacity":"","overlay-gradient":""},"mobile":{"background-color":"var(--ast-global-color-4)","background-image":"","background-repeat":"repeat","background-position":"center center","background-size":"auto","background-attachment":"scroll","background-type":"","background-media":"","overlay-type":"","overlay-color":"","overlay-opacity":"","overlay-gradient":""}}},"product_brand":[],"product_cat":[171],"product_tag":[],"class_list":{"0":"post-14608","1":"product","2":"type-product","3":"status-publish","4":"has-post-thumbnail","6":"product_cat-vaerktoejer","7":"pa_60286_10fqeeoh-blaa","8":"pa_60286_10fqeeoh-graa","9":"pa_60286_10fqeeoh-gul","10":"pa_60286_10fqeeoh-roed","11":"pa_60286_10fqeeoh-sort","12":"desktop-align-left","13":"tablet-align-left","14":"mobile-align-left","16":"first","17":"instock","18":"shipping-taxable","19":"purchasable","20":"product-type-variable"},"yoast_head":"<!-- This site is optimized with the Yoast SEO plugin v26.6 - https:\/\/yoast.com\/wordpress\/plugins\/seo\/ -->\n<title>St\u00f8tte til sideforl\u00e6ngelse af motorcykel - Mekulo DK<\/title>\n<meta name=\"robots\" content=\"index, follow, max-snippet:-1, max-image-preview:large, max-video-preview:-1\" \/>\n<link rel=\"canonical\" href=\"https:\/\/mekulo.com\/dk\/produkt\/stoette-til-sideforlaengelse-af-motorcykel\/\" \/>\n<meta property=\"og:locale\" content=\"da_DK\" \/>\n<meta property=\"og:type\" content=\"article\" \/>\n<meta property=\"og:title\" content=\"St\u00f8tte til sideforl\u00e6ngelse af motorcykel - Mekulo DK\" \/>\n<meta property=\"og:description\" content=\"Denne sideforl\u00e6nger til motorcykler \u00f8ger kontaktomr\u00e5det for din sidest\u00f8tte, hvilket giver din motorcykel bedre stabilitet p\u00e5 bl\u00f8dt eller uj\u00e6vnt underlag. Den hj\u00e6lper med at forhindre nedsynkning, udskridning og utilsigtede fald, n\u00e5r du parkerer p\u00e5 mudder, gr\u00e6s, sand eller varm asfalt. Denne forst\u00f8rrer til sidest\u00f8tte er lavet af CNC-bearbejdet aluminium med h\u00f8j styrke og monteres nemt uden boring eller \u00e6ndringer. Dens anodiserede finish modst\u00e5r slid og vejr, hvilket g\u00f8r den til en p\u00e5lidelig opgradering til hverdagsk\u00f8rsel og touring.\" \/>\n<meta property=\"og:url\" content=\"https:\/\/mekulo.com\/dk\/produkt\/stoette-til-sideforlaengelse-af-motorcykel\/\" \/>\n<meta property=\"og:site_name\" content=\"Mekulo DK\" \/>\n<meta property=\"article:modified_time\" content=\"2026-02-03T15:17:57+00:00\" \/>\n<meta property=\"og:image\" content=\"https:\/\/mekulo.com\/dk\/wp-content\/uploads\/sites\/12\/2026\/01\/tumuklx-1.jpg\" \/>\n\t<meta property=\"og:image:width\" content=\"800\" \/>\n\t<meta property=\"og:image:height\" content=\"800\" \/>\n\t<meta property=\"og:image:type\" content=\"image\/jpeg\" \/>\n<meta name=\"twitter:card\" content=\"summary_large_image\" \/>\n<meta name=\"twitter:label1\" content=\"Estimeret l\u00e6setid\" \/>\n\t<meta name=\"twitter:data1\" content=\"2 minutter\" \/>\n<script type=\"application\/ld+json\" class=\"yoast-schema-graph\">{\"@context\":\"https:\/\/schema.org\",\"@graph\":[{\"@type\":\"WebPage\",\"@id\":\"https:\/\/mekulo.com\/dk\/produkt\/stoette-til-sideforlaengelse-af-motorcykel\/\",\"url\":\"https:\/\/mekulo.com\/dk\/produkt\/stoette-til-sideforlaengelse-af-motorcykel\/\",\"name\":\"St\u00f8tte til sideforl\u00e6ngelse af motorcykel - Mekulo DK\",\"isPartOf\":{\"@id\":\"https:\/\/mekulo.com\/dk\/#website\"},\"primaryImageOfPage\":{\"@id\":\"https:\/\/mekulo.com\/dk\/produkt\/stoette-til-sideforlaengelse-af-motorcykel\/#primaryimage\"},\"image\":{\"@id\":\"https:\/\/mekulo.com\/dk\/produkt\/stoette-til-sideforlaengelse-af-motorcykel\/#primaryimage\"},\"thumbnailUrl\":\"https:\/\/mekulo.com\/dk\/wp-content\/uploads\/sites\/12\/2026\/01\/tumuklx-1.jpg\",\"datePublished\":\"2026-01-04T15:45:12+00:00\",\"dateModified\":\"2026-02-03T15:17:57+00:00\",\"breadcrumb\":{\"@id\":\"https:\/\/mekulo.com\/dk\/produkt\/stoette-til-sideforlaengelse-af-motorcykel\/#breadcrumb\"},\"inLanguage\":\"da-DK\",\"potentialAction\":[{\"@type\":\"ReadAction\",\"target\":[\"https:\/\/mekulo.com\/dk\/produkt\/stoette-til-sideforlaengelse-af-motorcykel\/\"]}]},{\"@type\":\"ImageObject\",\"inLanguage\":\"da-DK\",\"@id\":\"https:\/\/mekulo.com\/dk\/produkt\/stoette-til-sideforlaengelse-af-motorcykel\/#primaryimage\",\"url\":\"https:\/\/mekulo.com\/dk\/wp-content\/uploads\/sites\/12\/2026\/01\/tumuklx-1.jpg\",\"contentUrl\":\"https:\/\/mekulo.com\/dk\/wp-content\/uploads\/sites\/12\/2026\/01\/tumuklx-1.jpg\",\"width\":800,\"height\":800},{\"@type\":\"BreadcrumbList\",\"@id\":\"https:\/\/mekulo.com\/dk\/produkt\/stoette-til-sideforlaengelse-af-motorcykel\/#breadcrumb\",\"itemListElement\":[{\"@type\":\"ListItem\",\"position\":1,\"name\":\"Home\",\"item\":\"https:\/\/mekulo.com\/dk\/\"},{\"@type\":\"ListItem\",\"position\":2,\"name\":\"Butik\",\"item\":\"https:\/\/mekulo.com\/dk\/butik\/\"},{\"@type\":\"ListItem\",\"position\":3,\"name\":\"St\u00f8tte til sideforl\u00e6ngelse af motorcykel\"}]},{\"@type\":\"WebSite\",\"@id\":\"https:\/\/mekulo.com\/dk\/#website\",\"url\":\"https:\/\/mekulo.com\/dk\/\",\"name\":\"Mekulo DK\",\"description\":\"\",\"publisher\":{\"@id\":\"https:\/\/mekulo.com\/dk\/#organization\"},\"potentialAction\":[{\"@type\":\"SearchAction\",\"target\":{\"@type\":\"EntryPoint\",\"urlTemplate\":\"https:\/\/mekulo.com\/dk\/?s={search_term_string}\"},\"query-input\":{\"@type\":\"PropertyValueSpecification\",\"valueRequired\":true,\"valueName\":\"search_term_string\"}}],\"inLanguage\":\"da-DK\"},{\"@type\":\"Organization\",\"@id\":\"https:\/\/mekulo.com\/dk\/#organization\",\"name\":\"Mekulo\",\"url\":\"https:\/\/mekulo.com\/dk\/\",\"logo\":{\"@type\":\"ImageObject\",\"inLanguage\":\"da-DK\",\"@id\":\"https:\/\/mekulo.com\/dk\/#\/schema\/logo\/image\/\",\"url\":\"https:\/\/mekulo.com\/dk\/wp-content\/uploads\/sites\/12\/2025\/12\/favicon_mekulo.png\",\"contentUrl\":\"https:\/\/mekulo.com\/dk\/wp-content\/uploads\/sites\/12\/2025\/12\/favicon_mekulo.png\",\"width\":50,\"height\":50,\"caption\":\"Mekulo\"},\"image\":{\"@id\":\"https:\/\/mekulo.com\/dk\/#\/schema\/logo\/image\/\"}}]}<\/script>\n<!-- \/ Yoast SEO plugin. -->","yoast_head_json":{"title":"St\u00f8tte til sideforl\u00e6ngelse af motorcykel - Mekulo DK","robots":{"index":"index","follow":"follow","max-snippet":"max-snippet:-1","max-image-preview":"max-image-preview:large","max-video-preview":"max-video-preview:-1"},"canonical":"https:\/\/mekulo.com\/dk\/produkt\/stoette-til-sideforlaengelse-af-motorcykel\/","og_locale":"da_DK","og_type":"article","og_title":"St\u00f8tte til sideforl\u00e6ngelse af motorcykel - Mekulo DK","og_description":"Denne sideforl\u00e6nger til motorcykler \u00f8ger kontaktomr\u00e5det for din sidest\u00f8tte, hvilket giver din motorcykel bedre stabilitet p\u00e5 bl\u00f8dt eller uj\u00e6vnt underlag. Den hj\u00e6lper med at forhindre nedsynkning, udskridning og utilsigtede fald, n\u00e5r du parkerer p\u00e5 mudder, gr\u00e6s, sand eller varm asfalt. Denne forst\u00f8rrer til sidest\u00f8tte er lavet af CNC-bearbejdet aluminium med h\u00f8j styrke og monteres nemt uden boring eller \u00e6ndringer. Dens anodiserede finish modst\u00e5r slid og vejr, hvilket g\u00f8r den til en p\u00e5lidelig opgradering til hverdagsk\u00f8rsel og touring.","og_url":"https:\/\/mekulo.com\/dk\/produkt\/stoette-til-sideforlaengelse-af-motorcykel\/","og_site_name":"Mekulo DK","article_modified_time":"2026-02-03T15:17:57+00:00","og_image":[{"width":800,"height":800,"url":"https:\/\/mekulo.com\/dk\/wp-content\/uploads\/sites\/12\/2026\/01\/tumuklx-1.jpg","type":"image\/jpeg"}],"twitter_card":"summary_large_image","twitter_misc":{"Estimeret l\u00e6setid":"2 minutter"},"schema":{"@context":"https:\/\/schema.org","@graph":[{"@type":"WebPage","@id":"https:\/\/mekulo.com\/dk\/produkt\/stoette-til-sideforlaengelse-af-motorcykel\/","url":"https:\/\/mekulo.com\/dk\/produkt\/stoette-til-sideforlaengelse-af-motorcykel\/","name":"St\u00f8tte til sideforl\u00e6ngelse af motorcykel - Mekulo DK","isPartOf":{"@id":"https:\/\/mekulo.com\/dk\/#website"},"primaryImageOfPage":{"@id":"https:\/\/mekulo.com\/dk\/produkt\/stoette-til-sideforlaengelse-af-motorcykel\/#primaryimage"},"image":{"@id":"https:\/\/mekulo.com\/dk\/produkt\/stoette-til-sideforlaengelse-af-motorcykel\/#primaryimage"},"thumbnailUrl":"https:\/\/mekulo.com\/dk\/wp-content\/uploads\/sites\/12\/2026\/01\/tumuklx-1.jpg","datePublished":"2026-01-04T15:45:12+00:00","dateModified":"2026-02-03T15:17:57+00:00","breadcrumb":{"@id":"https:\/\/mekulo.com\/dk\/produkt\/stoette-til-sideforlaengelse-af-motorcykel\/#breadcrumb"},"inLanguage":"da-DK","potentialAction":[{"@type":"ReadAction","target":["https:\/\/mekulo.com\/dk\/produkt\/stoette-til-sideforlaengelse-af-motorcykel\/"]}]},{"@type":"ImageObject","inLanguage":"da-DK","@id":"https:\/\/mekulo.com\/dk\/produkt\/stoette-til-sideforlaengelse-af-motorcykel\/#primaryimage","url":"https:\/\/mekulo.com\/dk\/wp-content\/uploads\/sites\/12\/2026\/01\/tumuklx-1.jpg","contentUrl":"https:\/\/mekulo.com\/dk\/wp-content\/uploads\/sites\/12\/2026\/01\/tumuklx-1.jpg","width":800,"height":800},{"@type":"BreadcrumbList","@id":"https:\/\/mekulo.com\/dk\/produkt\/stoette-til-sideforlaengelse-af-motorcykel\/#breadcrumb","itemListElement":[{"@type":"ListItem","position":1,"name":"Home","item":"https:\/\/mekulo.com\/dk\/"},{"@type":"ListItem","position":2,"name":"Butik","item":"https:\/\/mekulo.com\/dk\/butik\/"},{"@type":"ListItem","position":3,"name":"St\u00f8tte til sideforl\u00e6ngelse af motorcykel"}]},{"@type":"WebSite","@id":"https:\/\/mekulo.com\/dk\/#website","url":"https:\/\/mekulo.com\/dk\/","name":"Mekulo DK","description":"","publisher":{"@id":"https:\/\/mekulo.com\/dk\/#organization"},"potentialAction":[{"@type":"SearchAction","target":{"@type":"EntryPoint","urlTemplate":"https:\/\/mekulo.com\/dk\/?s={search_term_string}"},"query-input":{"@type":"PropertyValueSpecification","valueRequired":true,"valueName":"search_term_string"}}],"inLanguage":"da-DK"},{"@type":"Organization","@id":"https:\/\/mekulo.com\/dk\/#organization","name":"Mekulo","url":"https:\/\/mekulo.com\/dk\/","logo":{"@type":"ImageObject","inLanguage":"da-DK","@id":"https:\/\/mekulo.com\/dk\/#\/schema\/logo\/image\/","url":"https:\/\/mekulo.com\/dk\/wp-content\/uploads\/sites\/12\/2025\/12\/favicon_mekulo.png","contentUrl":"https:\/\/mekulo.com\/dk\/wp-content\/uploads\/sites\/12\/2025\/12\/favicon_mekulo.png","width":50,"height":50,"caption":"Mekulo"},"image":{"@id":"https:\/\/mekulo.com\/dk\/#\/schema\/logo\/image\/"}}]}},"_links":{"self":[{"href":"https:\/\/mekulo.com\/dk\/wp-json\/wp\/v2\/product\/14608","targetHints":{"allow":["GET"]}}],"collection":[{"href":"https:\/\/mekulo.com\/dk\/wp-json\/wp\/v2\/product"}],"about":[{"href":"https:\/\/mekulo.com\/dk\/wp-json\/wp\/v2\/types\/product"}],"replies":[{"embeddable":true,"href":"https:\/\/mekulo.com\/dk\/wp-json\/wp\/v2\/comments?post=14608"}],"wp:featuredmedia":[{"embeddable":true,"href":"https:\/\/mekulo.com\/dk\/wp-json\/wp\/v2\/media\/14604"}],"wp:attachment":[{"href":"https:\/\/mekulo.com\/dk\/wp-json\/wp\/v2\/media?parent=14608"}],"wp:term":[{"taxonomy":"product_brand","embeddable":true,"href":"https:\/\/mekulo.com\/dk\/wp-json\/wp\/v2\/product_brand?post=14608"},{"taxonomy":"product_cat","embeddable":true,"href":"https:\/\/mekulo.com\/dk\/wp-json\/wp\/v2\/product_cat?post=14608"},{"taxonomy":"product_tag","embeddable":true,"href":"https:\/\/mekulo.com\/dk\/wp-json\/wp\/v2\/product_tag?post=14608"}],"curies":[{"name":"wp","href":"https:\/\/api.w.org\/{rel}","templated":true}]}}