{"id":14538,"date":"2026-01-04T16:33:13","date_gmt":"2026-01-04T14:33:13","guid":{"rendered":"https:\/\/mekulo.com\/dk\/produkt\/pen-til-fjernelse-af-ridser\/"},"modified":"2026-01-04T20:36:18","modified_gmt":"2026-01-04T18:36:18","slug":"pen-til-fjernelse-af-ridser","status":"publish","type":"product","link":"https:\/\/mekulo.com\/dk\/produkt\/pen-til-fjernelse-af-ridser\/","title":{"rendered":"Pen til fjernelse af ridser"},"content":{"rendered":"<p style=\"text-align: center;\" data-start=\"88\" data-end=\"127\"><strong>\ud83d\ude97 Sig Farvel Til Ridser P\u00e5 F\u00e5 Sekunder!<\/strong><\/p>\n<p data-start=\"129\" data-end=\"260\"><img decoding=\"async\" class=\"size-full wp-image-28562 aligncenter\" src=\"https:\/\/keluvo.com\/template\/wp-content\/uploads\/sites\/5\/2025\/07\/da761849630cafdb8566d3da1025336c70e1d297.webp\" alt=\"\" \/><\/p>\n<h2 style=\"text-align: center;\" data-start=\"262\" data-end=\"282\">\u2705 Hovedfordele<\/h2>\n<p data-start=\"285\" data-end=\"339\">\ud83c\udfa8 F\u00e5s i 8 farver, der matcher din bil perfectly<\/p>\n<p data-start=\"342\" data-end=\"398\">\ud83d\udd8a\ufe0f Brugervenligt penne-design &#8211; bare p\u00e5f\u00f8r og lad det t\u00f8rre<\/p>\n<p data-start=\"401\" data-end=\"464\">\ud83d\udcaa Formel af h\u00f8j kvalitet til en langvarig, vandt\u00e6t reparation<\/p>\n<p data-start=\"467\" data-end=\"523\">\ud83e\uddfd D\u00e6kker lakskader og mindre overflader imperfections<\/p>\n<p data-start=\"526\" data-end=\"567\">\ud83d\udee1\ufe0f Sikker for alle laktyper og surfaces<\/p>\n<p data-start=\"526\" data-end=\"567\"><img decoding=\"async\" class=\"size-full wp-image-28561 aligncenter\" src=\"https:\/\/keluvo.com\/template\/wp-content\/uploads\/sites\/5\/2025\/07\/9_800x_7a9ced30-30d2-49a2-82ea-61d9eec1ac1b.webp\" alt=\"\" \/><\/p>\n<h2 style=\"text-align: center;\" data-start=\"569\" data-end=\"588\">\ud83d\udee0\ufe0f S\u00e5dan bruges<\/h2>\n<ol data-start=\"589\" data-end=\"717\">\n<li data-start=\"589\" data-end=\"634\">\n<p data-start=\"592\" data-end=\"634\">Reng\u00f8r det ridsede omr\u00e5de og lad det t\u00f8rre.<\/p>\n<\/li>\n<li data-start=\"635\" data-end=\"684\">\n<p data-start=\"638\" data-end=\"684\">Ryst pennen og p\u00e5f\u00f8r opl\u00f8sningen j\u00e6vnt.<\/p>\n<\/li>\n<li data-start=\"685\" data-end=\"717\">\n<p data-start=\"688\" data-end=\"717\">Lad det t\u00f8rre helt &#8211; f\u00e6rdig!<\/p>\n<\/li>\n<\/ol>\n<h2 style=\"text-align: center;\" data-start=\"719\" data-end=\"742\">\ud83d\udccf Produktdetaljer<\/h2>\n<ul data-start=\"743\" data-end=\"872\">\n<li data-start=\"743\" data-end=\"760\">\n<p data-start=\"745\" data-end=\"760\">Volumen: 12 ml<\/p>\n<\/li>\n<li data-start=\"761\" data-end=\"811\">\n<p data-start=\"763\" data-end=\"811\">Spr\u00f8jteareal: 0,08 m\u00b2 (ca. p\u00e5 st\u00f8rrelse med en h\u00e5ndflade)<\/p>\n<\/li>\n<li data-start=\"812\" data-end=\"835\">\n<p data-start=\"814\" data-end=\"835\">Holdbarhed: 3 \u00e5r<\/p>\n<\/li>\n<li data-start=\"836\" data-end=\"872\">\n<p data-start=\"838\" data-end=\"872\">Sammens\u00e6tning: Farve + organisk opl\u00f8sningsmiddel<\/p>\n<\/li>\n<\/ul>\n<h2 style=\"text-align: center;\" data-start=\"874\" data-end=\"898\">\ud83d\udce6 Pakken indeholder<\/h2>\n<ul data-start=\"899\" data-end=\"945\">\n<li data-start=\"899\" data-end=\"945\">\n<p data-start=\"901\" data-end=\"945\">1, 2, 4x scratch remover pen.<\/p>\n<\/li>\n<\/ul>\n","protected":false},"excerpt":{"rendered":"<p>Denne pen til fjernelse af ridser i bilen hj\u00e6lper dig med hurtigt at d\u00e6kke lette ridser, skrammer og lakm\u00e6rker &#8211; uden en tur p\u00e5 autov\u00e6rkstedet!<\/p>\n","protected":false},"featured_media":14534,"comment_status":"open","ping_status":"closed","template":"","meta":{"site-sidebar-layout":"default","site-content-layout":"","ast-site-content-layout":"default","site-content-style":"default","site-sidebar-style":"default","ast-global-header-display":"","ast-banner-title-visibility":"","ast-main-header-display":"","ast-hfb-above-header-display":"","ast-hfb-below-header-display":"","ast-hfb-mobile-header-display":"","site-post-title":"","ast-breadcrumbs-content":"","ast-featured-img":"","footer-sml-layout":"","theme-transparent-header-meta":"default","adv-header-id-meta":"","stick-header-meta":"","header-above-stick-meta":"","header-main-stick-meta":"","header-below-stick-meta":"","astra-migrate-meta-layouts":"set","ast-page-background-enabled":"default","ast-page-background-meta":{"desktop":{"background-color":"var(--ast-global-color-5)","background-image":"","background-repeat":"repeat","background-position":"center center","background-size":"auto","background-attachment":"scroll","background-type":"","background-media":"","overlay-type":"","overlay-color":"","overlay-opacity":"","overlay-gradient":""},"tablet":{"background-color":"","background-image":"","background-repeat":"repeat","background-position":"center center","background-size":"auto","background-attachment":"scroll","background-type":"","background-media":"","overlay-type":"","overlay-color":"","overlay-opacity":"","overlay-gradient":""},"mobile":{"background-color":"","background-image":"","background-repeat":"repeat","background-position":"center center","background-size":"auto","background-attachment":"scroll","background-type":"","background-media":"","overlay-type":"","overlay-color":"","overlay-opacity":"","overlay-gradient":""}},"ast-content-background-meta":{"desktop":{"background-color":"var(--ast-global-color-4)","background-image":"","background-repeat":"repeat","background-position":"center center","background-size":"auto","background-attachment":"scroll","background-type":"","background-media":"","overlay-type":"","overlay-color":"","overlay-opacity":"","overlay-gradient":""},"tablet":{"background-color":"var(--ast-global-color-4)","background-image":"","background-repeat":"repeat","background-position":"center center","background-size":"auto","background-attachment":"scroll","background-type":"","background-media":"","overlay-type":"","overlay-color":"","overlay-opacity":"","overlay-gradient":""},"mobile":{"background-color":"var(--ast-global-color-4)","background-image":"","background-repeat":"repeat","background-position":"center center","background-size":"auto","background-attachment":"scroll","background-type":"","background-media":"","overlay-type":"","overlay-color":"","overlay-opacity":"","overlay-gradient":""}}},"product_brand":[],"product_cat":[161],"product_tag":[],"class_list":{"0":"post-14538","1":"product","2":"type-product","3":"status-publish","4":"has-post-thumbnail","6":"product_cat-bilprodukter","7":"pa_40071_icrsntxz-1-stk","8":"pa_40071_icrsntxz-2-stk","9":"pa_40071_icrsntxz-4-stk","10":"pa_40071_p523vxo5-blaa","11":"pa_40071_p523vxo5-champagne-guld","12":"pa_40071_p523vxo5-hvid","13":"pa_40071_p523vxo5-perlehvid","14":"pa_40071_p523vxo5-roed","15":"pa_40071_p523vxo5-soelv","16":"pa_40071_p523vxo5-soelvgraa","17":"pa_40071_p523vxo5-sort","18":"desktop-align-left","19":"tablet-align-left","20":"mobile-align-left","22":"first","23":"instock","24":"shipping-taxable","25":"purchasable","26":"product-type-variable","27":"has-default-attributes"},"yoast_head":"<!-- This site is optimized with the Yoast SEO plugin v26.6 - https:\/\/yoast.com\/wordpress\/plugins\/seo\/ -->\n<title>Pen til fjernelse af ridser - Mekulo DK<\/title>\n<meta name=\"robots\" content=\"index, follow, max-snippet:-1, max-image-preview:large, max-video-preview:-1\" \/>\n<link rel=\"canonical\" href=\"https:\/\/mekulo.com\/dk\/produkt\/pen-til-fjernelse-af-ridser\/\" \/>\n<meta property=\"og:locale\" content=\"da_DK\" \/>\n<meta property=\"og:type\" content=\"article\" \/>\n<meta property=\"og:title\" content=\"Pen til fjernelse af ridser - Mekulo DK\" \/>\n<meta property=\"og:description\" content=\"Denne pen til fjernelse af ridser i bilen hj\u00e6lper dig med hurtigt at d\u00e6kke lette ridser, skrammer og lakm\u00e6rker - uden en tur p\u00e5 autov\u00e6rkstedet!\" \/>\n<meta property=\"og:url\" content=\"https:\/\/mekulo.com\/dk\/produkt\/pen-til-fjernelse-af-ridser\/\" \/>\n<meta property=\"og:site_name\" content=\"Mekulo DK\" \/>\n<meta property=\"article:modified_time\" content=\"2026-01-04T18:36:18+00:00\" \/>\n<meta property=\"og:image\" content=\"https:\/\/mekulo.com\/dk\/wp-content\/uploads\/sites\/12\/2026\/01\/aqzfm9x-1.webp\" \/>\n\t<meta property=\"og:image:width\" content=\"713\" \/>\n\t<meta property=\"og:image:height\" content=\"713\" \/>\n\t<meta property=\"og:image:type\" content=\"image\/webp\" \/>\n<meta name=\"twitter:card\" content=\"summary_large_image\" \/>\n<meta name=\"twitter:label1\" content=\"Estimeret l\u00e6setid\" \/>\n\t<meta name=\"twitter:data1\" content=\"2 minutter\" \/>\n<script type=\"application\/ld+json\" class=\"yoast-schema-graph\">{\"@context\":\"https:\/\/schema.org\",\"@graph\":[{\"@type\":\"WebPage\",\"@id\":\"https:\/\/mekulo.com\/dk\/produkt\/pen-til-fjernelse-af-ridser\/\",\"url\":\"https:\/\/mekulo.com\/dk\/produkt\/pen-til-fjernelse-af-ridser\/\",\"name\":\"Pen til fjernelse af ridser - Mekulo DK\",\"isPartOf\":{\"@id\":\"https:\/\/mekulo.com\/dk\/#website\"},\"primaryImageOfPage\":{\"@id\":\"https:\/\/mekulo.com\/dk\/produkt\/pen-til-fjernelse-af-ridser\/#primaryimage\"},\"image\":{\"@id\":\"https:\/\/mekulo.com\/dk\/produkt\/pen-til-fjernelse-af-ridser\/#primaryimage\"},\"thumbnailUrl\":\"https:\/\/mekulo.com\/dk\/wp-content\/uploads\/sites\/12\/2026\/01\/aqzfm9x-1.webp\",\"datePublished\":\"2026-01-04T14:33:13+00:00\",\"dateModified\":\"2026-01-04T18:36:18+00:00\",\"breadcrumb\":{\"@id\":\"https:\/\/mekulo.com\/dk\/produkt\/pen-til-fjernelse-af-ridser\/#breadcrumb\"},\"inLanguage\":\"da-DK\",\"potentialAction\":[{\"@type\":\"ReadAction\",\"target\":[\"https:\/\/mekulo.com\/dk\/produkt\/pen-til-fjernelse-af-ridser\/\"]}]},{\"@type\":\"ImageObject\",\"inLanguage\":\"da-DK\",\"@id\":\"https:\/\/mekulo.com\/dk\/produkt\/pen-til-fjernelse-af-ridser\/#primaryimage\",\"url\":\"https:\/\/mekulo.com\/dk\/wp-content\/uploads\/sites\/12\/2026\/01\/aqzfm9x-1.webp\",\"contentUrl\":\"https:\/\/mekulo.com\/dk\/wp-content\/uploads\/sites\/12\/2026\/01\/aqzfm9x-1.webp\",\"width\":713,\"height\":713},{\"@type\":\"BreadcrumbList\",\"@id\":\"https:\/\/mekulo.com\/dk\/produkt\/pen-til-fjernelse-af-ridser\/#breadcrumb\",\"itemListElement\":[{\"@type\":\"ListItem\",\"position\":1,\"name\":\"Home\",\"item\":\"https:\/\/mekulo.com\/dk\/\"},{\"@type\":\"ListItem\",\"position\":2,\"name\":\"Butik\",\"item\":\"https:\/\/mekulo.com\/dk\/butik\/\"},{\"@type\":\"ListItem\",\"position\":3,\"name\":\"Pen til fjernelse af ridser\"}]},{\"@type\":\"WebSite\",\"@id\":\"https:\/\/mekulo.com\/dk\/#website\",\"url\":\"https:\/\/mekulo.com\/dk\/\",\"name\":\"Mekulo DK\",\"description\":\"\",\"publisher\":{\"@id\":\"https:\/\/mekulo.com\/dk\/#organization\"},\"potentialAction\":[{\"@type\":\"SearchAction\",\"target\":{\"@type\":\"EntryPoint\",\"urlTemplate\":\"https:\/\/mekulo.com\/dk\/?s={search_term_string}\"},\"query-input\":{\"@type\":\"PropertyValueSpecification\",\"valueRequired\":true,\"valueName\":\"search_term_string\"}}],\"inLanguage\":\"da-DK\"},{\"@type\":\"Organization\",\"@id\":\"https:\/\/mekulo.com\/dk\/#organization\",\"name\":\"Mekulo\",\"url\":\"https:\/\/mekulo.com\/dk\/\",\"logo\":{\"@type\":\"ImageObject\",\"inLanguage\":\"da-DK\",\"@id\":\"https:\/\/mekulo.com\/dk\/#\/schema\/logo\/image\/\",\"url\":\"https:\/\/mekulo.com\/dk\/wp-content\/uploads\/sites\/12\/2025\/12\/favicon_mekulo.png\",\"contentUrl\":\"https:\/\/mekulo.com\/dk\/wp-content\/uploads\/sites\/12\/2025\/12\/favicon_mekulo.png\",\"width\":50,\"height\":50,\"caption\":\"Mekulo\"},\"image\":{\"@id\":\"https:\/\/mekulo.com\/dk\/#\/schema\/logo\/image\/\"}}]}<\/script>\n<!-- \/ Yoast SEO plugin. -->","yoast_head_json":{"title":"Pen til fjernelse af ridser - Mekulo DK","robots":{"index":"index","follow":"follow","max-snippet":"max-snippet:-1","max-image-preview":"max-image-preview:large","max-video-preview":"max-video-preview:-1"},"canonical":"https:\/\/mekulo.com\/dk\/produkt\/pen-til-fjernelse-af-ridser\/","og_locale":"da_DK","og_type":"article","og_title":"Pen til fjernelse af ridser - Mekulo DK","og_description":"Denne pen til fjernelse af ridser i bilen hj\u00e6lper dig med hurtigt at d\u00e6kke lette ridser, skrammer og lakm\u00e6rker - uden en tur p\u00e5 autov\u00e6rkstedet!","og_url":"https:\/\/mekulo.com\/dk\/produkt\/pen-til-fjernelse-af-ridser\/","og_site_name":"Mekulo DK","article_modified_time":"2026-01-04T18:36:18+00:00","og_image":[{"width":713,"height":713,"url":"https:\/\/mekulo.com\/dk\/wp-content\/uploads\/sites\/12\/2026\/01\/aqzfm9x-1.webp","type":"image\/webp"}],"twitter_card":"summary_large_image","twitter_misc":{"Estimeret l\u00e6setid":"2 minutter"},"schema":{"@context":"https:\/\/schema.org","@graph":[{"@type":"WebPage","@id":"https:\/\/mekulo.com\/dk\/produkt\/pen-til-fjernelse-af-ridser\/","url":"https:\/\/mekulo.com\/dk\/produkt\/pen-til-fjernelse-af-ridser\/","name":"Pen til fjernelse af ridser - Mekulo DK","isPartOf":{"@id":"https:\/\/mekulo.com\/dk\/#website"},"primaryImageOfPage":{"@id":"https:\/\/mekulo.com\/dk\/produkt\/pen-til-fjernelse-af-ridser\/#primaryimage"},"image":{"@id":"https:\/\/mekulo.com\/dk\/produkt\/pen-til-fjernelse-af-ridser\/#primaryimage"},"thumbnailUrl":"https:\/\/mekulo.com\/dk\/wp-content\/uploads\/sites\/12\/2026\/01\/aqzfm9x-1.webp","datePublished":"2026-01-04T14:33:13+00:00","dateModified":"2026-01-04T18:36:18+00:00","breadcrumb":{"@id":"https:\/\/mekulo.com\/dk\/produkt\/pen-til-fjernelse-af-ridser\/#breadcrumb"},"inLanguage":"da-DK","potentialAction":[{"@type":"ReadAction","target":["https:\/\/mekulo.com\/dk\/produkt\/pen-til-fjernelse-af-ridser\/"]}]},{"@type":"ImageObject","inLanguage":"da-DK","@id":"https:\/\/mekulo.com\/dk\/produkt\/pen-til-fjernelse-af-ridser\/#primaryimage","url":"https:\/\/mekulo.com\/dk\/wp-content\/uploads\/sites\/12\/2026\/01\/aqzfm9x-1.webp","contentUrl":"https:\/\/mekulo.com\/dk\/wp-content\/uploads\/sites\/12\/2026\/01\/aqzfm9x-1.webp","width":713,"height":713},{"@type":"BreadcrumbList","@id":"https:\/\/mekulo.com\/dk\/produkt\/pen-til-fjernelse-af-ridser\/#breadcrumb","itemListElement":[{"@type":"ListItem","position":1,"name":"Home","item":"https:\/\/mekulo.com\/dk\/"},{"@type":"ListItem","position":2,"name":"Butik","item":"https:\/\/mekulo.com\/dk\/butik\/"},{"@type":"ListItem","position":3,"name":"Pen til fjernelse af ridser"}]},{"@type":"WebSite","@id":"https:\/\/mekulo.com\/dk\/#website","url":"https:\/\/mekulo.com\/dk\/","name":"Mekulo DK","description":"","publisher":{"@id":"https:\/\/mekulo.com\/dk\/#organization"},"potentialAction":[{"@type":"SearchAction","target":{"@type":"EntryPoint","urlTemplate":"https:\/\/mekulo.com\/dk\/?s={search_term_string}"},"query-input":{"@type":"PropertyValueSpecification","valueRequired":true,"valueName":"search_term_string"}}],"inLanguage":"da-DK"},{"@type":"Organization","@id":"https:\/\/mekulo.com\/dk\/#organization","name":"Mekulo","url":"https:\/\/mekulo.com\/dk\/","logo":{"@type":"ImageObject","inLanguage":"da-DK","@id":"https:\/\/mekulo.com\/dk\/#\/schema\/logo\/image\/","url":"https:\/\/mekulo.com\/dk\/wp-content\/uploads\/sites\/12\/2025\/12\/favicon_mekulo.png","contentUrl":"https:\/\/mekulo.com\/dk\/wp-content\/uploads\/sites\/12\/2025\/12\/favicon_mekulo.png","width":50,"height":50,"caption":"Mekulo"},"image":{"@id":"https:\/\/mekulo.com\/dk\/#\/schema\/logo\/image\/"}}]}},"_links":{"self":[{"href":"https:\/\/mekulo.com\/dk\/wp-json\/wp\/v2\/product\/14538","targetHints":{"allow":["GET"]}}],"collection":[{"href":"https:\/\/mekulo.com\/dk\/wp-json\/wp\/v2\/product"}],"about":[{"href":"https:\/\/mekulo.com\/dk\/wp-json\/wp\/v2\/types\/product"}],"replies":[{"embeddable":true,"href":"https:\/\/mekulo.com\/dk\/wp-json\/wp\/v2\/comments?post=14538"}],"wp:featuredmedia":[{"embeddable":true,"href":"https:\/\/mekulo.com\/dk\/wp-json\/wp\/v2\/media\/14534"}],"wp:attachment":[{"href":"https:\/\/mekulo.com\/dk\/wp-json\/wp\/v2\/media?parent=14538"}],"wp:term":[{"taxonomy":"product_brand","embeddable":true,"href":"https:\/\/mekulo.com\/dk\/wp-json\/wp\/v2\/product_brand?post=14538"},{"taxonomy":"product_cat","embeddable":true,"href":"https:\/\/mekulo.com\/dk\/wp-json\/wp\/v2\/product_cat?post=14538"},{"taxonomy":"product_tag","embeddable":true,"href":"https:\/\/mekulo.com\/dk\/wp-json\/wp\/v2\/product_tag?post=14538"}],"curies":[{"name":"wp","href":"https:\/\/api.w.org\/{rel}","templated":true}]}}