{"id":14458,"date":"2026-01-03T19:23:12","date_gmt":"2026-01-03T17:23:12","guid":{"rendered":"https:\/\/mekulo.com\/dk\/produkt\/livreddende-armbaand\/"},"modified":"2026-03-26T11:45:08","modified_gmt":"2026-03-26T09:45:08","slug":"livreddende-armbaand","status":"publish","type":"product","link":"https:\/\/mekulo.com\/dk\/produkt\/livreddende-armbaand\/","title":{"rendered":"Livreddende armb\u00e5nd"},"content":{"rendered":"<h2 style=\"text-align: center;\">Et armb\u00e5nd, der kan redde dit liv<\/h2>\n<p><img decoding=\"async\" class=\"size-medium wp-image-12027 aligncenter\" src=\"https:\/\/keluvo.com\/template\/wp-content\/uploads\/sites\/5\/2024\/11\/ad1Bracelet.jpg\" alt=\"\" \/><\/p>\n<h2><\/h2>\n<h2 style=\"text-align: center;\">Premiumkvalitet og behagelig at have p\u00e5<\/h2>\n<p style=\"text-align: center;\">Designet til b\u00e5de holdbarhed og komfort er det livreddende armb\u00e5nd fremstillet af \u00e6gte l\u00e6der og rustfrit st\u00e5l af h\u00f8j kvalitet, hvilket g\u00f8r det stilfuldt, let og modstandsdygtigt over for daglig brug. Den justerbare rem sikrer en perfekt pasform, s\u00e5 du kan have det p\u00e5 hele dagen uden ubehag. Uanset om du er p\u00e5 arbejde, p\u00e5 rejse eller dyrker sport, sidder armb\u00e5ndet sikkert p\u00e5 dit h\u00e5ndled &#8211; altid klar til at kommunikere dine vigtige sundhedsoplysninger.<\/p>\n<p><img decoding=\"async\" class=\"size-medium wp-image-12029 aligncenter\" src=\"https:\/\/keluvo.com\/template\/wp-content\/uploads\/sites\/5\/2024\/11\/desc2Bracelet.webp\" alt=\"\" \/><\/p>\n<h2><\/h2>\n<h2 style=\"text-align: center;\">Brugerdefineret gravering til forskellige medicinske tilstande<\/h2>\n<p style=\"text-align: center;\">Vi tilbyder brugerdefineret gravering til en lang r\u00e6kke medicinske tilstande, s\u00e5 du er sikker p\u00e5, at dit armb\u00e5nd afspejler dine specifikke sundhedsbehov. Hvis du har en unik sygdom, kan vi indgravere den for dig. V\u00e6r sikker, v\u00e6r forberedt, og lad dit livreddende armb\u00e5nd tale for dig, n\u00e5r du ikke kan.<\/p>\n<p><img decoding=\"async\" class=\"size-medium wp-image-12030 aligncenter\" src=\"https:\/\/keluvo.com\/template\/wp-content\/uploads\/sites\/5\/2024\/11\/WhatsApp-Image-2025-03-10-at-15.20.28_b8a0b041.jpg\" alt=\"\" \/><\/p>\n","protected":false},"excerpt":{"rendered":"<p>Sundhedsm\u00e6ssige n\u00f8dsituationer kan opst\u00e5 n\u00e5r som helst og hvor som helst. Uanset om det er en ulykke, en pludselig sundhedskrise eller bevidstl\u00f8shed, t\u00e6ller hvert sekund. Det livreddende armb\u00e5nd sikrer, at f\u00f8rstehj\u00e6lpere, medicinsk personale og selv tilskuere straks genkender din medicinske tilstand, s\u00e5 de kan yde den rette pleje uden forsinkelser. Med dine vigtige sundhedsoplysninger tydeligt indgraveret kan du have ro i sindet og vide, at din tilstand ikke g\u00e5r ubem\u00e6rket hen, n\u00e5r det betyder mest.<\/p>\n","protected":false},"featured_media":14454,"comment_status":"open","ping_status":"closed","template":"","meta":{"site-sidebar-layout":"default","site-content-layout":"","ast-site-content-layout":"default","site-content-style":"default","site-sidebar-style":"default","ast-global-header-display":"","ast-banner-title-visibility":"","ast-main-header-display":"","ast-hfb-above-header-display":"","ast-hfb-below-header-display":"","ast-hfb-mobile-header-display":"","site-post-title":"","ast-breadcrumbs-content":"","ast-featured-img":"","footer-sml-layout":"","theme-transparent-header-meta":"default","adv-header-id-meta":"","stick-header-meta":"","header-above-stick-meta":"","header-main-stick-meta":"","header-below-stick-meta":"","astra-migrate-meta-layouts":"set","ast-page-background-enabled":"default","ast-page-background-meta":{"desktop":{"background-color":"var(--ast-global-color-5)","background-image":"","background-repeat":"repeat","background-position":"center center","background-size":"auto","background-attachment":"scroll","background-type":"","background-media":"","overlay-type":"","overlay-color":"","overlay-opacity":"","overlay-gradient":""},"tablet":{"background-color":"","background-image":"","background-repeat":"repeat","background-position":"center center","background-size":"auto","background-attachment":"scroll","background-type":"","background-media":"","overlay-type":"","overlay-color":"","overlay-opacity":"","overlay-gradient":""},"mobile":{"background-color":"","background-image":"","background-repeat":"repeat","background-position":"center center","background-size":"auto","background-attachment":"scroll","background-type":"","background-media":"","overlay-type":"","overlay-color":"","overlay-opacity":"","overlay-gradient":""}},"ast-content-background-meta":{"desktop":{"background-color":"var(--ast-global-color-4)","background-image":"","background-repeat":"repeat","background-position":"center center","background-size":"auto","background-attachment":"scroll","background-type":"","background-media":"","overlay-type":"","overlay-color":"","overlay-opacity":"","overlay-gradient":""},"tablet":{"background-color":"var(--ast-global-color-4)","background-image":"","background-repeat":"repeat","background-position":"center center","background-size":"auto","background-attachment":"scroll","background-type":"","background-media":"","overlay-type":"","overlay-color":"","overlay-opacity":"","overlay-gradient":""},"mobile":{"background-color":"var(--ast-global-color-4)","background-image":"","background-repeat":"repeat","background-position":"center center","background-size":"auto","background-attachment":"scroll","background-type":"","background-media":"","overlay-type":"","overlay-color":"","overlay-opacity":"","overlay-gradient":""}}},"product_brand":[],"product_cat":[165],"product_tag":[],"class_list":{"0":"post-14458","1":"product","2":"type-product","3":"status-publish","4":"has-post-thumbnail","6":"product_cat-fodtoej-tilbehoer","7":"pa_15075_z7kft8mc-allergi","8":"pa_15075_z7kft8mc-alzheimers","9":"pa_15075_z7kft8mc-epilepsi","10":"pa_15075_z7kft8mc-hjertesygdom","11":"pa_15075_z7kft8mc-hoejt-blodtryk","12":"pa_15075_z7kft8mc-kol","13":"pa_15075_z7kft8mc-lungesygdom","14":"pa_15075_z7kft8mc-pacemaker","15":"pa_15075_z7kft8mc-type-1-diabetes","16":"pa_15075_z7kft8mc-type-2-diabetes","17":"desktop-align-left","18":"tablet-align-left","19":"mobile-align-left","21":"first","22":"instock","23":"shipping-taxable","24":"purchasable","25":"product-type-variable"},"yoast_head":"<!-- This site is optimized with the Yoast SEO plugin v26.6 - https:\/\/yoast.com\/wordpress\/plugins\/seo\/ -->\n<title>Livreddende armb\u00e5nd - Mekulo DK<\/title>\n<meta name=\"robots\" content=\"index, follow, max-snippet:-1, max-image-preview:large, max-video-preview:-1\" \/>\n<link rel=\"canonical\" href=\"https:\/\/mekulo.com\/dk\/produkt\/livreddende-armbaand\/\" \/>\n<meta property=\"og:locale\" content=\"da_DK\" \/>\n<meta property=\"og:type\" content=\"article\" \/>\n<meta property=\"og:title\" content=\"Livreddende armb\u00e5nd - Mekulo DK\" \/>\n<meta property=\"og:description\" content=\"Sundhedsm\u00e6ssige n\u00f8dsituationer kan opst\u00e5 n\u00e5r som helst og hvor som helst. Uanset om det er en ulykke, en pludselig sundhedskrise eller bevidstl\u00f8shed, t\u00e6ller hvert sekund. Det livreddende armb\u00e5nd sikrer, at f\u00f8rstehj\u00e6lpere, medicinsk personale og selv tilskuere straks genkender din medicinske tilstand, s\u00e5 de kan yde den rette pleje uden forsinkelser. Med dine vigtige sundhedsoplysninger tydeligt indgraveret kan du have ro i sindet og vide, at din tilstand ikke g\u00e5r ubem\u00e6rket hen, n\u00e5r det betyder mest.\" \/>\n<meta property=\"og:url\" content=\"https:\/\/mekulo.com\/dk\/produkt\/livreddende-armbaand\/\" \/>\n<meta property=\"og:site_name\" content=\"Mekulo DK\" \/>\n<meta property=\"article:modified_time\" content=\"2026-03-26T09:45:08+00:00\" \/>\n<meta property=\"og:image\" content=\"https:\/\/mekulo.com\/dk\/wp-content\/uploads\/sites\/12\/2026\/01\/mce933m-1.webp\" \/>\n\t<meta property=\"og:image:width\" content=\"800\" \/>\n\t<meta property=\"og:image:height\" content=\"800\" \/>\n\t<meta property=\"og:image:type\" content=\"image\/webp\" \/>\n<meta name=\"twitter:card\" content=\"summary_large_image\" \/>\n<meta name=\"twitter:label1\" content=\"Estimeret l\u00e6setid\" \/>\n\t<meta name=\"twitter:data1\" content=\"2 minutter\" \/>\n<script type=\"application\/ld+json\" class=\"yoast-schema-graph\">{\"@context\":\"https:\/\/schema.org\",\"@graph\":[{\"@type\":\"WebPage\",\"@id\":\"https:\/\/mekulo.com\/dk\/produkt\/livreddende-armbaand\/\",\"url\":\"https:\/\/mekulo.com\/dk\/produkt\/livreddende-armbaand\/\",\"name\":\"Livreddende armb\u00e5nd - Mekulo DK\",\"isPartOf\":{\"@id\":\"https:\/\/mekulo.com\/dk\/#website\"},\"primaryImageOfPage\":{\"@id\":\"https:\/\/mekulo.com\/dk\/produkt\/livreddende-armbaand\/#primaryimage\"},\"image\":{\"@id\":\"https:\/\/mekulo.com\/dk\/produkt\/livreddende-armbaand\/#primaryimage\"},\"thumbnailUrl\":\"https:\/\/mekulo.com\/dk\/wp-content\/uploads\/sites\/12\/2026\/01\/mce933m-1.webp\",\"datePublished\":\"2026-01-03T17:23:12+00:00\",\"dateModified\":\"2026-03-26T09:45:08+00:00\",\"breadcrumb\":{\"@id\":\"https:\/\/mekulo.com\/dk\/produkt\/livreddende-armbaand\/#breadcrumb\"},\"inLanguage\":\"da-DK\",\"potentialAction\":[{\"@type\":\"ReadAction\",\"target\":[\"https:\/\/mekulo.com\/dk\/produkt\/livreddende-armbaand\/\"]}]},{\"@type\":\"ImageObject\",\"inLanguage\":\"da-DK\",\"@id\":\"https:\/\/mekulo.com\/dk\/produkt\/livreddende-armbaand\/#primaryimage\",\"url\":\"https:\/\/mekulo.com\/dk\/wp-content\/uploads\/sites\/12\/2026\/01\/mce933m-1.webp\",\"contentUrl\":\"https:\/\/mekulo.com\/dk\/wp-content\/uploads\/sites\/12\/2026\/01\/mce933m-1.webp\",\"width\":800,\"height\":800},{\"@type\":\"BreadcrumbList\",\"@id\":\"https:\/\/mekulo.com\/dk\/produkt\/livreddende-armbaand\/#breadcrumb\",\"itemListElement\":[{\"@type\":\"ListItem\",\"position\":1,\"name\":\"Home\",\"item\":\"https:\/\/mekulo.com\/dk\/\"},{\"@type\":\"ListItem\",\"position\":2,\"name\":\"Butik\",\"item\":\"https:\/\/mekulo.com\/dk\/butik\/\"},{\"@type\":\"ListItem\",\"position\":3,\"name\":\"Livreddende armb\u00e5nd\"}]},{\"@type\":\"WebSite\",\"@id\":\"https:\/\/mekulo.com\/dk\/#website\",\"url\":\"https:\/\/mekulo.com\/dk\/\",\"name\":\"Mekulo DK\",\"description\":\"\",\"publisher\":{\"@id\":\"https:\/\/mekulo.com\/dk\/#organization\"},\"potentialAction\":[{\"@type\":\"SearchAction\",\"target\":{\"@type\":\"EntryPoint\",\"urlTemplate\":\"https:\/\/mekulo.com\/dk\/?s={search_term_string}\"},\"query-input\":{\"@type\":\"PropertyValueSpecification\",\"valueRequired\":true,\"valueName\":\"search_term_string\"}}],\"inLanguage\":\"da-DK\"},{\"@type\":\"Organization\",\"@id\":\"https:\/\/mekulo.com\/dk\/#organization\",\"name\":\"Mekulo\",\"url\":\"https:\/\/mekulo.com\/dk\/\",\"logo\":{\"@type\":\"ImageObject\",\"inLanguage\":\"da-DK\",\"@id\":\"https:\/\/mekulo.com\/dk\/#\/schema\/logo\/image\/\",\"url\":\"https:\/\/mekulo.com\/dk\/wp-content\/uploads\/sites\/12\/2025\/12\/favicon_mekulo.png\",\"contentUrl\":\"https:\/\/mekulo.com\/dk\/wp-content\/uploads\/sites\/12\/2025\/12\/favicon_mekulo.png\",\"width\":50,\"height\":50,\"caption\":\"Mekulo\"},\"image\":{\"@id\":\"https:\/\/mekulo.com\/dk\/#\/schema\/logo\/image\/\"}}]}<\/script>\n<!-- \/ Yoast SEO plugin. -->","yoast_head_json":{"title":"Livreddende armb\u00e5nd - Mekulo DK","robots":{"index":"index","follow":"follow","max-snippet":"max-snippet:-1","max-image-preview":"max-image-preview:large","max-video-preview":"max-video-preview:-1"},"canonical":"https:\/\/mekulo.com\/dk\/produkt\/livreddende-armbaand\/","og_locale":"da_DK","og_type":"article","og_title":"Livreddende armb\u00e5nd - Mekulo DK","og_description":"Sundhedsm\u00e6ssige n\u00f8dsituationer kan opst\u00e5 n\u00e5r som helst og hvor som helst. Uanset om det er en ulykke, en pludselig sundhedskrise eller bevidstl\u00f8shed, t\u00e6ller hvert sekund. Det livreddende armb\u00e5nd sikrer, at f\u00f8rstehj\u00e6lpere, medicinsk personale og selv tilskuere straks genkender din medicinske tilstand, s\u00e5 de kan yde den rette pleje uden forsinkelser. Med dine vigtige sundhedsoplysninger tydeligt indgraveret kan du have ro i sindet og vide, at din tilstand ikke g\u00e5r ubem\u00e6rket hen, n\u00e5r det betyder mest.","og_url":"https:\/\/mekulo.com\/dk\/produkt\/livreddende-armbaand\/","og_site_name":"Mekulo DK","article_modified_time":"2026-03-26T09:45:08+00:00","og_image":[{"width":800,"height":800,"url":"https:\/\/mekulo.com\/dk\/wp-content\/uploads\/sites\/12\/2026\/01\/mce933m-1.webp","type":"image\/webp"}],"twitter_card":"summary_large_image","twitter_misc":{"Estimeret l\u00e6setid":"2 minutter"},"schema":{"@context":"https:\/\/schema.org","@graph":[{"@type":"WebPage","@id":"https:\/\/mekulo.com\/dk\/produkt\/livreddende-armbaand\/","url":"https:\/\/mekulo.com\/dk\/produkt\/livreddende-armbaand\/","name":"Livreddende armb\u00e5nd - Mekulo DK","isPartOf":{"@id":"https:\/\/mekulo.com\/dk\/#website"},"primaryImageOfPage":{"@id":"https:\/\/mekulo.com\/dk\/produkt\/livreddende-armbaand\/#primaryimage"},"image":{"@id":"https:\/\/mekulo.com\/dk\/produkt\/livreddende-armbaand\/#primaryimage"},"thumbnailUrl":"https:\/\/mekulo.com\/dk\/wp-content\/uploads\/sites\/12\/2026\/01\/mce933m-1.webp","datePublished":"2026-01-03T17:23:12+00:00","dateModified":"2026-03-26T09:45:08+00:00","breadcrumb":{"@id":"https:\/\/mekulo.com\/dk\/produkt\/livreddende-armbaand\/#breadcrumb"},"inLanguage":"da-DK","potentialAction":[{"@type":"ReadAction","target":["https:\/\/mekulo.com\/dk\/produkt\/livreddende-armbaand\/"]}]},{"@type":"ImageObject","inLanguage":"da-DK","@id":"https:\/\/mekulo.com\/dk\/produkt\/livreddende-armbaand\/#primaryimage","url":"https:\/\/mekulo.com\/dk\/wp-content\/uploads\/sites\/12\/2026\/01\/mce933m-1.webp","contentUrl":"https:\/\/mekulo.com\/dk\/wp-content\/uploads\/sites\/12\/2026\/01\/mce933m-1.webp","width":800,"height":800},{"@type":"BreadcrumbList","@id":"https:\/\/mekulo.com\/dk\/produkt\/livreddende-armbaand\/#breadcrumb","itemListElement":[{"@type":"ListItem","position":1,"name":"Home","item":"https:\/\/mekulo.com\/dk\/"},{"@type":"ListItem","position":2,"name":"Butik","item":"https:\/\/mekulo.com\/dk\/butik\/"},{"@type":"ListItem","position":3,"name":"Livreddende armb\u00e5nd"}]},{"@type":"WebSite","@id":"https:\/\/mekulo.com\/dk\/#website","url":"https:\/\/mekulo.com\/dk\/","name":"Mekulo DK","description":"","publisher":{"@id":"https:\/\/mekulo.com\/dk\/#organization"},"potentialAction":[{"@type":"SearchAction","target":{"@type":"EntryPoint","urlTemplate":"https:\/\/mekulo.com\/dk\/?s={search_term_string}"},"query-input":{"@type":"PropertyValueSpecification","valueRequired":true,"valueName":"search_term_string"}}],"inLanguage":"da-DK"},{"@type":"Organization","@id":"https:\/\/mekulo.com\/dk\/#organization","name":"Mekulo","url":"https:\/\/mekulo.com\/dk\/","logo":{"@type":"ImageObject","inLanguage":"da-DK","@id":"https:\/\/mekulo.com\/dk\/#\/schema\/logo\/image\/","url":"https:\/\/mekulo.com\/dk\/wp-content\/uploads\/sites\/12\/2025\/12\/favicon_mekulo.png","contentUrl":"https:\/\/mekulo.com\/dk\/wp-content\/uploads\/sites\/12\/2025\/12\/favicon_mekulo.png","width":50,"height":50,"caption":"Mekulo"},"image":{"@id":"https:\/\/mekulo.com\/dk\/#\/schema\/logo\/image\/"}}]}},"_links":{"self":[{"href":"https:\/\/mekulo.com\/dk\/wp-json\/wp\/v2\/product\/14458","targetHints":{"allow":["GET"]}}],"collection":[{"href":"https:\/\/mekulo.com\/dk\/wp-json\/wp\/v2\/product"}],"about":[{"href":"https:\/\/mekulo.com\/dk\/wp-json\/wp\/v2\/types\/product"}],"replies":[{"embeddable":true,"href":"https:\/\/mekulo.com\/dk\/wp-json\/wp\/v2\/comments?post=14458"}],"wp:featuredmedia":[{"embeddable":true,"href":"https:\/\/mekulo.com\/dk\/wp-json\/wp\/v2\/media\/14454"}],"wp:attachment":[{"href":"https:\/\/mekulo.com\/dk\/wp-json\/wp\/v2\/media?parent=14458"}],"wp:term":[{"taxonomy":"product_brand","embeddable":true,"href":"https:\/\/mekulo.com\/dk\/wp-json\/wp\/v2\/product_brand?post=14458"},{"taxonomy":"product_cat","embeddable":true,"href":"https:\/\/mekulo.com\/dk\/wp-json\/wp\/v2\/product_cat?post=14458"},{"taxonomy":"product_tag","embeddable":true,"href":"https:\/\/mekulo.com\/dk\/wp-json\/wp\/v2\/product_tag?post=14458"}],"curies":[{"name":"wp","href":"https:\/\/api.w.org\/{rel}","templated":true}]}}