{"id":14421,"date":"2026-01-03T19:19:50","date_gmt":"2026-01-03T17:19:50","guid":{"rendered":"https:\/\/mekulo.com\/dk\/produkt\/4-i-1-saet-med-slangeklemmetaenger\/"},"modified":"2026-01-03T19:19:50","modified_gmt":"2026-01-03T17:19:50","slug":"4-i-1-saet-med-slangeklemmetaenger","status":"publish","type":"product","link":"https:\/\/mekulo.com\/dk\/produkt\/4-i-1-saet-med-slangeklemmetaenger\/","title":{"rendered":"4-i-1-s\u00e6t med slangeklemmet\u00e6nger"},"content":{"rendered":"<p style=\"text-align: center\" data-start=\"0\" data-end=\"92\"><strong>Fjern, l\u00f8sn og fastg\u00f8r slangeklemmer hurtigt og sikkert &#8211; med et komplet v\u00e6rkt\u00f8jss\u00e6t. \ud83d\udd27\u2699\ufe0f<\/strong><\/p>\n<p data-start=\"94\" data-end=\"368\"><img decoding=\"async\" class=\"size-full wp-image-39108 aligncenter\" src=\"https:\/\/keluvo.com\/template\/wp-content\/uploads\/sites\/5\/2025\/10\/10223-ezgif.com-video-to-webp-converter-2.webp\" alt=\"\" \/><\/p>\n<p style=\"text-align: center\" data-start=\"94\" data-end=\"368\"><strong>The s\u00e6t indeholder 4 specialiserede t\u00e6nger: \ud83d\udc47<\/strong><\/p>\n<ol data-start=\"1303\" data-end=\"1422\">\n<li data-start=\"1303\" data-end=\"1325\">\n<p style=\"text-align: left\" data-start=\"1305\" data-end=\"1325\">Tang til fjernelse af slanger<\/p>\n<\/li>\n<li style=\"text-align: left\" data-start=\"1328\" data-end=\"1357\">\n<p data-start=\"1330\" data-end=\"1357\">Clic-R kraveklemmetang<\/p>\n<\/li>\n<li style=\"text-align: left\" data-start=\"1360\" data-end=\"1393\">\n<p data-start=\"1362\" data-end=\"1393\">Professionel slangeklemmetang<\/p>\n<\/li>\n<li style=\"text-align: center\" data-start=\"1396\" data-end=\"1422\">\n<p style=\"text-align: left\" data-start=\"1398\" data-end=\"1422\">Benzinklemme r\u00f8rtang<\/p>\n<\/li>\n<\/ol>\n<h2 style=\"text-align: center\">Slangediameter:<\/h2>\n<p><img fetchpriority=\"high\" decoding=\"async\" class=\" wp-image-43113 aligncenter\" src=\"https:\/\/keluvo.com\/template\/wp-content\/uploads\/sites\/5\/2025\/10\/diameter.jpg\" alt=\"\" width=\"655\" height=\"655\" \/><\/p>\n<h2 style=\"text-align: center\" data-start=\"370\" data-end=\"389\"><strong>Hovedfordele<\/strong><\/h2>\n<p data-start=\"392\" data-end=\"471\">\ud83d\udd27 Alt-i-en-l\u00f8sning &#8211; 4 specialiserede t\u00e6nger til alle typer slanger og klemmer.<\/p>\n<p data-start=\"474\" data-end=\"553\">\u26a1 Hurtig fjernelse af slanger &#8211; klem og frig\u00f8r slanger rent med minimal indsats.<\/p>\n<p data-start=\"556\" data-end=\"642\">\ud83e\uddf0 Perfekt til bilarbejde &#8211; ideel til br\u00e6ndstofledninger, k\u00f8lesystemer og motorslanger.<\/p>\n<p data-start=\"645\" data-end=\"730\">\ud83c\udfaf Bredt pasningsomr\u00e5de &#8211; fungerer med 4 mm-14 mm slanger og st\u00f8rre klemmest\u00f8rrelser.<\/p>\n<p data-start=\"733\" data-end=\"806\">\ud83d\udd01 Genanvendelig klemmest\u00f8tte &#8211; fjern og geninstaller klemmer uden at beskadige dem.<\/p>\n<p data-start=\"809\" data-end=\"879\">\ud83e\uddf1 St\u00e6rk &amp; holdbar &#8211; bygget til tung brug i garager og v\u00e6rksteder.<\/p>\n<p data-start=\"882\" data-end=\"965\">\ud83e\udd0f Pr\u00e6cisionskontrol &#8211; drejelige spidser og brede \u00e5bningsmuligheder til trange steder.<\/p>\n<p data-start=\"882\" data-end=\"965\"><img decoding=\"async\" class=\"size-full wp-image-39107 aligncenter\" src=\"https:\/\/keluvo.com\/template\/wp-content\/uploads\/sites\/5\/2025\/10\/0671899a-f668-47af-87a7-99cf3dbddd1d.gif\" alt=\"\" \/><\/p>\n<h2 style=\"text-align: center\" data-start=\"967\" data-end=\"985\"><strong>S\u00e5dan bruges<\/strong><\/h2>\n<ol data-start=\"986\" data-end=\"1239\">\n<li data-start=\"986\" data-end=\"1039\">\n<p data-start=\"989\" data-end=\"1039\">V\u00e6lg tangtypen baseret p\u00e5 din slange eller klemme.<\/p>\n<\/li>\n<li data-start=\"1040\" data-end=\"1088\">\n<p data-start=\"1043\" data-end=\"1088\">Tag godt fat i slangen eller klemmen med tangen.<\/p>\n<\/li>\n<li data-start=\"1089\" data-end=\"1151\">\n<p data-start=\"1092\" data-end=\"1151\">Klem p\u00e5 h\u00e5ndtagene for at frig\u00f8re tryk eller frakoble slangen.<\/p>\n<\/li>\n<li data-start=\"1152\" data-end=\"1197\">\n<p data-start=\"1155\" data-end=\"1197\">Fjern eller juster klemmen\/slangen efter behov.<\/p>\n<\/li>\n<li data-start=\"1198\" data-end=\"1239\">\n<p data-start=\"1201\" data-end=\"1239\">Geninstaller klemmerne sikkert, n\u00e5r du er f\u00e6rdig.<\/p>\n<\/li>\n<\/ol>\n<h2 style=\"text-align: center\" data-start=\"1241\" data-end=\"1263\"><strong>Produktdetaljer<\/strong><\/h2>\n<ul data-start=\"1264\" data-end=\"1728\">\n<li data-start=\"1264\" data-end=\"1422\">\n<p data-start=\"1266\" data-end=\"1300\">S\u00e6ttet indeholder 4 specialiserede t\u00e6nger: \ud83d\udc47<\/p>\n<ul data-start=\"1303\" data-end=\"1422\">\n<li data-start=\"1303\" data-end=\"1325\">\n<p data-start=\"1305\" data-end=\"1325\">Tang til fjernelse af slange<\/p>\n<\/li>\n<li data-start=\"1328\" data-end=\"1357\">\n<p data-start=\"1330\" data-end=\"1357\">Clic-R kraveklemmetang<\/p>\n<\/li>\n<li data-start=\"1360\" data-end=\"1393\">\n<p data-start=\"1362\" data-end=\"1393\">Professionel slangeklemmetang<\/p>\n<\/li>\n<li data-start=\"1396\" data-end=\"1422\">\n<p data-start=\"1398\" data-end=\"1422\">Benzinklemme r\u00f8rtang<\/p>\n<\/li>\n<\/ul>\n<\/li>\n<li data-start=\"1423\" data-end=\"1473\">\n<p data-start=\"1425\" data-end=\"1473\">Passer til slangediametre: 4mm &#8211; 14mm<\/p>\n<\/li>\n<li data-start=\"1576\" data-end=\"1674\">\n<p data-start=\"1578\" data-end=\"1674\">Velegnet til: Br\u00e6ndstofledninger, k\u00f8lev\u00e6skeledninger, gummislanger, transmissionsslanger, luftledninger og meget mere<\/p>\n<\/li>\n<li data-start=\"1675\" data-end=\"1728\">\n<p data-start=\"1677\" data-end=\"1728\">Materiale: Kraftigt st\u00e5l &amp; holdbare greb<\/p>\n<\/li>\n<\/ul>\n<h2 style=\"text-align: center\" data-start=\"1730\" data-end=\"1753\"><strong>Pakken indeholder<\/strong><\/h2>\n<ul data-start=\"1754\" data-end=\"1876\">\n<li data-start=\"1754\" data-end=\"1780\">\n<p data-start=\"1756\" data-end=\"1780\">1x slangetang<\/p>\n<\/li>\n<li data-start=\"1781\" data-end=\"1807\">\n<p data-start=\"1783\" data-end=\"1807\">1x clic-R-klemmetang<\/p>\n<\/li>\n<li data-start=\"1808\" data-end=\"1845\">\n<p data-start=\"1810\" data-end=\"1845\">1x professionel slangeklemmetang<\/p>\n<\/li>\n<li data-start=\"1846\" data-end=\"1876\">\n<p data-start=\"1848\" data-end=\"1876\">1x benzinklemmetang.<\/p>\n<\/li>\n<\/ul>\n","protected":false},"excerpt":{"rendered":"<p>4-i-1-s\u00e6ttet med slangeklemmet\u00e6nger giver dig alt, hvad du beh\u00f8ver for nemt at h\u00e5ndtere br\u00e6ndstofslanger, k\u00f8lev\u00e6skeslanger, vandslanger og transmissionsslanger. S\u00e6ttet er designet til mekanikere og g\u00f8r-det-selv-bilentusiaster og g\u00f8r fjernelse af slanger og justering af klemmer hurtigt, rent og uden frustrationer.<\/p>\n","protected":false},"featured_media":14417,"comment_status":"open","ping_status":"closed","template":"","meta":{"site-sidebar-layout":"default","site-content-layout":"","ast-site-content-layout":"default","site-content-style":"default","site-sidebar-style":"default","ast-global-header-display":"","ast-banner-title-visibility":"","ast-main-header-display":"","ast-hfb-above-header-display":"","ast-hfb-below-header-display":"","ast-hfb-mobile-header-display":"","site-post-title":"","ast-breadcrumbs-content":"","ast-featured-img":"","footer-sml-layout":"","ast-disable-related-posts":"","theme-transparent-header-meta":"default","adv-header-id-meta":"","stick-header-meta":"","header-above-stick-meta":"","header-main-stick-meta":"","header-below-stick-meta":"","astra-migrate-meta-layouts":"set","ast-page-background-enabled":"default","ast-page-background-meta":{"desktop":{"background-color":"var(--ast-global-color-5)","background-image":"","background-repeat":"repeat","background-position":"center center","background-size":"auto","background-attachment":"scroll","background-type":"","background-media":"","overlay-type":"","overlay-color":"","overlay-opacity":"","overlay-gradient":""},"tablet":{"background-color":"","background-image":"","background-repeat":"repeat","background-position":"center center","background-size":"auto","background-attachment":"scroll","background-type":"","background-media":"","overlay-type":"","overlay-color":"","overlay-opacity":"","overlay-gradient":""},"mobile":{"background-color":"","background-image":"","background-repeat":"repeat","background-position":"center center","background-size":"auto","background-attachment":"scroll","background-type":"","background-media":"","overlay-type":"","overlay-color":"","overlay-opacity":"","overlay-gradient":""}},"ast-content-background-meta":{"desktop":{"background-color":"var(--ast-global-color-4)","background-image":"","background-repeat":"repeat","background-position":"center center","background-size":"auto","background-attachment":"scroll","background-type":"","background-media":"","overlay-type":"","overlay-color":"","overlay-opacity":"","overlay-gradient":""},"tablet":{"background-color":"var(--ast-global-color-4)","background-image":"","background-repeat":"repeat","background-position":"center center","background-size":"auto","background-attachment":"scroll","background-type":"","background-media":"","overlay-type":"","overlay-color":"","overlay-opacity":"","overlay-gradient":""},"mobile":{"background-color":"var(--ast-global-color-4)","background-image":"","background-repeat":"repeat","background-position":"center center","background-size":"auto","background-attachment":"scroll","background-type":"","background-media":"","overlay-type":"","overlay-color":"","overlay-opacity":"","overlay-gradient":""}}},"product_brand":[],"product_cat":[171],"product_tag":[],"class_list":{"0":"post-14421","1":"product","2":"type-product","3":"status-publish","4":"has-post-thumbnail","6":"product_cat-vaerktoejer","7":"desktop-align-left","8":"tablet-align-left","9":"mobile-align-left","11":"first","12":"instock","13":"shipping-taxable","14":"purchasable","15":"product-type-simple"},"yoast_head":"<!-- This site is optimized with the Yoast SEO plugin v27.4 - https:\/\/yoast.com\/product\/yoast-seo-wordpress\/ -->\n<title>4-i-1-s\u00e6t med slangeklemmet\u00e6nger - Mekulo DK<\/title>\n<meta name=\"robots\" content=\"index, follow, max-snippet:-1, max-image-preview:large, max-video-preview:-1\" \/>\n<link rel=\"canonical\" href=\"https:\/\/mekulo.com\/dk\/produkt\/4-i-1-saet-med-slangeklemmetaenger\/\" \/>\n<meta property=\"og:locale\" content=\"da_DK\" \/>\n<meta property=\"og:type\" content=\"article\" \/>\n<meta property=\"og:title\" content=\"4-i-1-s\u00e6t med slangeklemmet\u00e6nger - Mekulo DK\" \/>\n<meta property=\"og:description\" content=\"4-i-1-s\u00e6ttet med slangeklemmet\u00e6nger giver dig alt, hvad du beh\u00f8ver for nemt at h\u00e5ndtere br\u00e6ndstofslanger, k\u00f8lev\u00e6skeslanger, vandslanger og transmissionsslanger. S\u00e6ttet er designet til mekanikere og g\u00f8r-det-selv-bilentusiaster og g\u00f8r fjernelse af slanger og justering af klemmer hurtigt, rent og uden frustrationer.\" \/>\n<meta property=\"og:url\" content=\"https:\/\/mekulo.com\/dk\/produkt\/4-i-1-saet-med-slangeklemmetaenger\/\" \/>\n<meta property=\"og:site_name\" content=\"Mekulo DK\" \/>\n<meta property=\"og:image\" content=\"https:\/\/mekulo.com\/dk\/wp-content\/uploads\/sites\/12\/2026\/01\/xnznvci-1.webp\" \/>\n\t<meta property=\"og:image:width\" content=\"600\" \/>\n\t<meta property=\"og:image:height\" content=\"590\" \/>\n\t<meta property=\"og:image:type\" content=\"image\/webp\" \/>\n<meta name=\"twitter:card\" content=\"summary_large_image\" \/>\n<meta name=\"twitter:label1\" content=\"Estimeret l\u00e6setid\" \/>\n\t<meta name=\"twitter:data1\" content=\"2 minutter\" \/>\n<script type=\"application\/ld+json\" class=\"yoast-schema-graph\">{\"@context\":\"https:\\\/\\\/schema.org\",\"@graph\":[{\"@type\":\"WebPage\",\"@id\":\"https:\\\/\\\/mekulo.com\\\/dk\\\/produkt\\\/4-i-1-saet-med-slangeklemmetaenger\\\/\",\"url\":\"https:\\\/\\\/mekulo.com\\\/dk\\\/produkt\\\/4-i-1-saet-med-slangeklemmetaenger\\\/\",\"name\":\"4-i-1-s\u00e6t med slangeklemmet\u00e6nger - Mekulo DK\",\"isPartOf\":{\"@id\":\"https:\\\/\\\/mekulo.com\\\/dk\\\/#website\"},\"primaryImageOfPage\":{\"@id\":\"https:\\\/\\\/mekulo.com\\\/dk\\\/produkt\\\/4-i-1-saet-med-slangeklemmetaenger\\\/#primaryimage\"},\"image\":{\"@id\":\"https:\\\/\\\/mekulo.com\\\/dk\\\/produkt\\\/4-i-1-saet-med-slangeklemmetaenger\\\/#primaryimage\"},\"thumbnailUrl\":\"https:\\\/\\\/mekulo.com\\\/dk\\\/wp-content\\\/uploads\\\/sites\\\/12\\\/2026\\\/01\\\/xnznvci-1.webp\",\"datePublished\":\"2026-01-03T17:19:50+00:00\",\"breadcrumb\":{\"@id\":\"https:\\\/\\\/mekulo.com\\\/dk\\\/produkt\\\/4-i-1-saet-med-slangeklemmetaenger\\\/#breadcrumb\"},\"inLanguage\":\"da-DK\",\"potentialAction\":[{\"@type\":\"ReadAction\",\"target\":[\"https:\\\/\\\/mekulo.com\\\/dk\\\/produkt\\\/4-i-1-saet-med-slangeklemmetaenger\\\/\"]}]},{\"@type\":\"ImageObject\",\"inLanguage\":\"da-DK\",\"@id\":\"https:\\\/\\\/mekulo.com\\\/dk\\\/produkt\\\/4-i-1-saet-med-slangeklemmetaenger\\\/#primaryimage\",\"url\":\"https:\\\/\\\/mekulo.com\\\/dk\\\/wp-content\\\/uploads\\\/sites\\\/12\\\/2026\\\/01\\\/xnznvci-1.webp\",\"contentUrl\":\"https:\\\/\\\/mekulo.com\\\/dk\\\/wp-content\\\/uploads\\\/sites\\\/12\\\/2026\\\/01\\\/xnznvci-1.webp\",\"width\":600,\"height\":590},{\"@type\":\"BreadcrumbList\",\"@id\":\"https:\\\/\\\/mekulo.com\\\/dk\\\/produkt\\\/4-i-1-saet-med-slangeklemmetaenger\\\/#breadcrumb\",\"itemListElement\":[{\"@type\":\"ListItem\",\"position\":1,\"name\":\"Home\",\"item\":\"https:\\\/\\\/mekulo.com\\\/dk\\\/\"},{\"@type\":\"ListItem\",\"position\":2,\"name\":\"Butik\",\"item\":\"https:\\\/\\\/mekulo.com\\\/dk\\\/butik\\\/\"},{\"@type\":\"ListItem\",\"position\":3,\"name\":\"4-i-1-s\u00e6t med slangeklemmet\u00e6nger\"}]},{\"@type\":\"WebSite\",\"@id\":\"https:\\\/\\\/mekulo.com\\\/dk\\\/#website\",\"url\":\"https:\\\/\\\/mekulo.com\\\/dk\\\/\",\"name\":\"Mekulo DK\",\"description\":\"\",\"publisher\":{\"@id\":\"https:\\\/\\\/mekulo.com\\\/dk\\\/#organization\"},\"potentialAction\":[{\"@type\":\"SearchAction\",\"target\":{\"@type\":\"EntryPoint\",\"urlTemplate\":\"https:\\\/\\\/mekulo.com\\\/dk\\\/?s={search_term_string}\"},\"query-input\":{\"@type\":\"PropertyValueSpecification\",\"valueRequired\":true,\"valueName\":\"search_term_string\"}}],\"inLanguage\":\"da-DK\"},{\"@type\":\"Organization\",\"@id\":\"https:\\\/\\\/mekulo.com\\\/dk\\\/#organization\",\"name\":\"Mekulo\",\"url\":\"https:\\\/\\\/mekulo.com\\\/dk\\\/\",\"logo\":{\"@type\":\"ImageObject\",\"inLanguage\":\"da-DK\",\"@id\":\"https:\\\/\\\/mekulo.com\\\/dk\\\/#\\\/schema\\\/logo\\\/image\\\/\",\"url\":\"https:\\\/\\\/mekulo.com\\\/dk\\\/wp-content\\\/uploads\\\/sites\\\/12\\\/2025\\\/12\\\/favicon_mekulo.png\",\"contentUrl\":\"https:\\\/\\\/mekulo.com\\\/dk\\\/wp-content\\\/uploads\\\/sites\\\/12\\\/2025\\\/12\\\/favicon_mekulo.png\",\"width\":50,\"height\":50,\"caption\":\"Mekulo\"},\"image\":{\"@id\":\"https:\\\/\\\/mekulo.com\\\/dk\\\/#\\\/schema\\\/logo\\\/image\\\/\"}}]}<\/script>\n<!-- \/ Yoast SEO plugin. -->","yoast_head_json":{"title":"4-i-1-s\u00e6t med slangeklemmet\u00e6nger - Mekulo DK","robots":{"index":"index","follow":"follow","max-snippet":"max-snippet:-1","max-image-preview":"max-image-preview:large","max-video-preview":"max-video-preview:-1"},"canonical":"https:\/\/mekulo.com\/dk\/produkt\/4-i-1-saet-med-slangeklemmetaenger\/","og_locale":"da_DK","og_type":"article","og_title":"4-i-1-s\u00e6t med slangeklemmet\u00e6nger - Mekulo DK","og_description":"4-i-1-s\u00e6ttet med slangeklemmet\u00e6nger giver dig alt, hvad du beh\u00f8ver for nemt at h\u00e5ndtere br\u00e6ndstofslanger, k\u00f8lev\u00e6skeslanger, vandslanger og transmissionsslanger. S\u00e6ttet er designet til mekanikere og g\u00f8r-det-selv-bilentusiaster og g\u00f8r fjernelse af slanger og justering af klemmer hurtigt, rent og uden frustrationer.","og_url":"https:\/\/mekulo.com\/dk\/produkt\/4-i-1-saet-med-slangeklemmetaenger\/","og_site_name":"Mekulo DK","og_image":[{"width":600,"height":590,"url":"https:\/\/mekulo.com\/dk\/wp-content\/uploads\/sites\/12\/2026\/01\/xnznvci-1.webp","type":"image\/webp"}],"twitter_card":"summary_large_image","twitter_misc":{"Estimeret l\u00e6setid":"2 minutter"},"schema":{"@context":"https:\/\/schema.org","@graph":[{"@type":"WebPage","@id":"https:\/\/mekulo.com\/dk\/produkt\/4-i-1-saet-med-slangeklemmetaenger\/","url":"https:\/\/mekulo.com\/dk\/produkt\/4-i-1-saet-med-slangeklemmetaenger\/","name":"4-i-1-s\u00e6t med slangeklemmet\u00e6nger - Mekulo DK","isPartOf":{"@id":"https:\/\/mekulo.com\/dk\/#website"},"primaryImageOfPage":{"@id":"https:\/\/mekulo.com\/dk\/produkt\/4-i-1-saet-med-slangeklemmetaenger\/#primaryimage"},"image":{"@id":"https:\/\/mekulo.com\/dk\/produkt\/4-i-1-saet-med-slangeklemmetaenger\/#primaryimage"},"thumbnailUrl":"https:\/\/mekulo.com\/dk\/wp-content\/uploads\/sites\/12\/2026\/01\/xnznvci-1.webp","datePublished":"2026-01-03T17:19:50+00:00","breadcrumb":{"@id":"https:\/\/mekulo.com\/dk\/produkt\/4-i-1-saet-med-slangeklemmetaenger\/#breadcrumb"},"inLanguage":"da-DK","potentialAction":[{"@type":"ReadAction","target":["https:\/\/mekulo.com\/dk\/produkt\/4-i-1-saet-med-slangeklemmetaenger\/"]}]},{"@type":"ImageObject","inLanguage":"da-DK","@id":"https:\/\/mekulo.com\/dk\/produkt\/4-i-1-saet-med-slangeklemmetaenger\/#primaryimage","url":"https:\/\/mekulo.com\/dk\/wp-content\/uploads\/sites\/12\/2026\/01\/xnznvci-1.webp","contentUrl":"https:\/\/mekulo.com\/dk\/wp-content\/uploads\/sites\/12\/2026\/01\/xnznvci-1.webp","width":600,"height":590},{"@type":"BreadcrumbList","@id":"https:\/\/mekulo.com\/dk\/produkt\/4-i-1-saet-med-slangeklemmetaenger\/#breadcrumb","itemListElement":[{"@type":"ListItem","position":1,"name":"Home","item":"https:\/\/mekulo.com\/dk\/"},{"@type":"ListItem","position":2,"name":"Butik","item":"https:\/\/mekulo.com\/dk\/butik\/"},{"@type":"ListItem","position":3,"name":"4-i-1-s\u00e6t med slangeklemmet\u00e6nger"}]},{"@type":"WebSite","@id":"https:\/\/mekulo.com\/dk\/#website","url":"https:\/\/mekulo.com\/dk\/","name":"Mekulo DK","description":"","publisher":{"@id":"https:\/\/mekulo.com\/dk\/#organization"},"potentialAction":[{"@type":"SearchAction","target":{"@type":"EntryPoint","urlTemplate":"https:\/\/mekulo.com\/dk\/?s={search_term_string}"},"query-input":{"@type":"PropertyValueSpecification","valueRequired":true,"valueName":"search_term_string"}}],"inLanguage":"da-DK"},{"@type":"Organization","@id":"https:\/\/mekulo.com\/dk\/#organization","name":"Mekulo","url":"https:\/\/mekulo.com\/dk\/","logo":{"@type":"ImageObject","inLanguage":"da-DK","@id":"https:\/\/mekulo.com\/dk\/#\/schema\/logo\/image\/","url":"https:\/\/mekulo.com\/dk\/wp-content\/uploads\/sites\/12\/2025\/12\/favicon_mekulo.png","contentUrl":"https:\/\/mekulo.com\/dk\/wp-content\/uploads\/sites\/12\/2025\/12\/favicon_mekulo.png","width":50,"height":50,"caption":"Mekulo"},"image":{"@id":"https:\/\/mekulo.com\/dk\/#\/schema\/logo\/image\/"}}]}},"_links":{"self":[{"href":"https:\/\/mekulo.com\/dk\/wp-json\/wp\/v2\/product\/14421","targetHints":{"allow":["GET"]}}],"collection":[{"href":"https:\/\/mekulo.com\/dk\/wp-json\/wp\/v2\/product"}],"about":[{"href":"https:\/\/mekulo.com\/dk\/wp-json\/wp\/v2\/types\/product"}],"replies":[{"embeddable":true,"href":"https:\/\/mekulo.com\/dk\/wp-json\/wp\/v2\/comments?post=14421"}],"wp:featuredmedia":[{"embeddable":true,"href":"https:\/\/mekulo.com\/dk\/wp-json\/wp\/v2\/media\/14417"}],"wp:attachment":[{"href":"https:\/\/mekulo.com\/dk\/wp-json\/wp\/v2\/media?parent=14421"}],"wp:term":[{"taxonomy":"product_brand","embeddable":true,"href":"https:\/\/mekulo.com\/dk\/wp-json\/wp\/v2\/product_brand?post=14421"},{"taxonomy":"product_cat","embeddable":true,"href":"https:\/\/mekulo.com\/dk\/wp-json\/wp\/v2\/product_cat?post=14421"},{"taxonomy":"product_tag","embeddable":true,"href":"https:\/\/mekulo.com\/dk\/wp-json\/wp\/v2\/product_tag?post=14421"}],"curies":[{"name":"wp","href":"https:\/\/api.w.org\/{rel}","templated":true}]}}