{"id":14372,"date":"2026-01-02T13:00:27","date_gmt":"2026-01-02T11:00:27","guid":{"rendered":"https:\/\/mekulo.com\/dk\/produkt\/45-graders-laasbart-geringsbor\/"},"modified":"2026-01-22T17:52:43","modified_gmt":"2026-01-22T15:52:43","slug":"45-graders-laasbart-geringsbor","status":"publish","type":"product","link":"https:\/\/mekulo.com\/dk\/produkt\/45-graders-laasbart-geringsbor\/","title":{"rendered":"45-graders l\u00e5sbart geringsbor"},"content":{"rendered":"<p style=\"text-align: center;\" data-start=\"52\" data-end=\"138\"><strong>Skab st\u00e6rke, rene og perfekt tilpassede hj\u00f8rnesamlinger med professionel pr\u00e6cision. \u2699\ufe0f<\/strong><\/p>\n<p data-start=\"163\" data-end=\"434\"><img fetchpriority=\"high\" decoding=\"async\" class=\" wp-image-47508 aligncenter\" src=\"https:\/\/keluvo.com\/template\/wp-content\/uploads\/sites\/5\/2025\/12\/6152ae175d5a22fdd1b49bb6e2efeccc.webp\" alt=\"\" width=\"501\" height=\"501\" \/><\/p>\n<h2 style=\"text-align: center;\" data-start=\"441\" data-end=\"464\">Vigtigste fordele<\/h2>\n<p data-start=\"467\" data-end=\"542\">\ud83d\udd12 Perfekte l\u00e5se-geringssamlinger &#8211; St\u00e6rke og s\u00f8ml\u00f8se hj\u00f8rnesamlinger.<\/p>\n<p data-start=\"545\" data-end=\"613\">\ud83c\udfaf Sk\u00e6ring med h\u00f8j pr\u00e6cision &#8211; Rene, pr\u00e6cise resultater hver gang.<\/p>\n<p data-start=\"616\" data-end=\"685\">\ud83d\udcaa Lang holdbarhed &#8211; Wolfram-koboltlegering modst\u00e5r slid.<\/p>\n<p data-start=\"688\" data-end=\"750\">\ud83e\uddf0 Professionel finish &#8211; Ingen synlige huller eller forskydninger.<\/p>\n<p data-start=\"753\" data-end=\"828\">\ud83d\udd01 Alsidigt tr\u00e6bearbejdningsv\u00e6rkt\u00f8j &#8211; Ideelt til skabe, kasser og rammer.<\/p>\n<p data-start=\"753\" data-end=\"828\"><img decoding=\"async\" class=\" wp-image-47507 aligncenter\" src=\"https:\/\/keluvo.com\/template\/wp-content\/uploads\/sites\/5\/2025\/12\/0acdb7d12a1782362c5ff470dcc9d749.webp\" alt=\"\" width=\"500\" height=\"500\" \/><\/p>\n<h2 style=\"text-align: center;\" data-start=\"835\" data-end=\"854\"><strong>S\u00e5dan Bruges<\/strong><\/h2>\n<ol data-start=\"855\" data-end=\"1149\">\n<li data-start=\"855\" data-end=\"919\">\n<p data-start=\"858\" data-end=\"919\">Installer overfr\u00e6serbitten i dit overfr\u00e6serbord (8 mm skaft).<\/p>\n<\/li>\n<li data-start=\"920\" data-end=\"987\">\n<p data-start=\"923\" data-end=\"987\">Indstil bith\u00f8jden og anslaget i henhold til din tr\u00e6tykkelse.<\/p>\n<\/li>\n<li data-start=\"988\" data-end=\"1050\">\n<p data-start=\"991\" data-end=\"1050\">K\u00f8r det ene br\u00e6t fladt p\u00e5 bordet og det andet lodret.<\/p>\n<\/li>\n<li data-start=\"1051\" data-end=\"1102\">\n<p data-start=\"1054\" data-end=\"1102\">Saml begge stykker for at danne et perfekt 90\u00b0 hj\u00f8rne.<\/p>\n<\/li>\n<li data-start=\"1103\" data-end=\"1149\">\n<p data-start=\"1106\" data-end=\"1149\">Lim og klem for at f\u00e5 en st\u00e6rk, ren samling.<\/p>\n<\/li>\n<\/ol>\n<h2 style=\"text-align: center;\" data-start=\"1156\" data-end=\"1180\"><strong>Produktdetaljer<\/strong><\/h2>\n<ul data-start=\"1181\" data-end=\"1424\">\n<li data-start=\"1181\" data-end=\"1216\">\n<p data-start=\"1183\" data-end=\"1216\">Materiale: Wolfram-kobolt-legering<\/p>\n<\/li>\n<li data-start=\"1217\" data-end=\"1251\">\n<p data-start=\"1219\" data-end=\"1251\">Bel\u00e6gning: Wolfram-kobolt-legering<\/p>\n<\/li>\n<li data-start=\"1298\" data-end=\"1318\">\n<p data-start=\"1300\" data-end=\"1318\">Skaftst\u00f8rrelse: 8 mm<\/p>\n<\/li>\n<li data-start=\"1319\" data-end=\"1366\">\n<p data-start=\"1321\" data-end=\"1366\">Sk\u00e6restil: F\u00e6lles sk\u00e6ring med h\u00f8j pr\u00e6cision<\/p>\n<\/li>\n<li data-start=\"1367\" data-end=\"1424\">\n<p data-start=\"1369\" data-end=\"1424\">Anvendelse: Tr\u00e6bearbejdning, snedkeri, m\u00f8belfremstilling<\/p>\n<\/li>\n<li data-start=\"1367\" data-end=\"1424\">St\u00f8rrelser: 35 x 51 x 8 mm, 38 x 52 x 8 mm<\/li>\n<\/ul>\n<h2 style=\"text-align: center;\" data-start=\"1431\" data-end=\"1456\"><strong>Pakken indeholder<\/strong><\/h2>\n<ul data-start=\"1457\" data-end=\"1499\">\n<li data-start=\"1457\" data-end=\"1499\">\n<p data-start=\"1459\" data-end=\"1499\">1x 45-graders l\u00e5sbart geringsfr\u00e6sebor.<\/p>\n<\/li>\n<\/ul>\n","protected":false},"excerpt":{"rendered":"<p>Dette 45-graders l\u00e5sende geringssnit er designet til at lave t\u00e6tte, s\u00f8ml\u00f8se hj\u00f8rnesamlinger til tr\u00e6bearbejdningsprojekter. Det sk\u00e6rer sammenl\u00e5sende 45\u00b0-kanter, der passer perfekt sammen og forbedrer styrke, tilpasning og udseende. Ideel til skabe, kasser, rammer og m\u00f8belbyggeri.<\/p>\n","protected":false},"featured_media":14368,"comment_status":"open","ping_status":"closed","template":"","meta":{"site-sidebar-layout":"default","site-content-layout":"","ast-site-content-layout":"default","site-content-style":"default","site-sidebar-style":"default","ast-global-header-display":"","ast-banner-title-visibility":"","ast-main-header-display":"","ast-hfb-above-header-display":"","ast-hfb-below-header-display":"","ast-hfb-mobile-header-display":"","site-post-title":"","ast-breadcrumbs-content":"","ast-featured-img":"","footer-sml-layout":"","theme-transparent-header-meta":"default","adv-header-id-meta":"","stick-header-meta":"","header-above-stick-meta":"","header-main-stick-meta":"","header-below-stick-meta":"","astra-migrate-meta-layouts":"set","ast-page-background-enabled":"default","ast-page-background-meta":{"desktop":{"background-color":"var(--ast-global-color-5)","background-image":"","background-repeat":"repeat","background-position":"center center","background-size":"auto","background-attachment":"scroll","background-type":"","background-media":"","overlay-type":"","overlay-color":"","overlay-opacity":"","overlay-gradient":""},"tablet":{"background-color":"","background-image":"","background-repeat":"repeat","background-position":"center center","background-size":"auto","background-attachment":"scroll","background-type":"","background-media":"","overlay-type":"","overlay-color":"","overlay-opacity":"","overlay-gradient":""},"mobile":{"background-color":"","background-image":"","background-repeat":"repeat","background-position":"center center","background-size":"auto","background-attachment":"scroll","background-type":"","background-media":"","overlay-type":"","overlay-color":"","overlay-opacity":"","overlay-gradient":""}},"ast-content-background-meta":{"desktop":{"background-color":"var(--ast-global-color-4)","background-image":"","background-repeat":"repeat","background-position":"center center","background-size":"auto","background-attachment":"scroll","background-type":"","background-media":"","overlay-type":"","overlay-color":"","overlay-opacity":"","overlay-gradient":""},"tablet":{"background-color":"var(--ast-global-color-4)","background-image":"","background-repeat":"repeat","background-position":"center center","background-size":"auto","background-attachment":"scroll","background-type":"","background-media":"","overlay-type":"","overlay-color":"","overlay-opacity":"","overlay-gradient":""},"mobile":{"background-color":"var(--ast-global-color-4)","background-image":"","background-repeat":"repeat","background-position":"center center","background-size":"auto","background-attachment":"scroll","background-type":"","background-media":"","overlay-type":"","overlay-color":"","overlay-opacity":"","overlay-gradient":""}}},"product_brand":[],"product_cat":[15],"product_tag":[],"class_list":{"0":"post-14372","1":"product","2":"type-product","3":"status-publish","4":"has-post-thumbnail","6":"product_cat-uncategorized","7":"pa_65125_u79nubfd-35-x-51-x-8-mm","8":"pa_65125_u79nubfd-38-x-52-x-8-mm","9":"pa_65125_u79nubfd-saet-med-2-stk","10":"desktop-align-left","11":"tablet-align-left","12":"mobile-align-left","14":"first","15":"instock","16":"shipping-taxable","17":"purchasable","18":"product-type-variable"},"yoast_head":"<!-- This site is optimized with the Yoast SEO plugin v26.6 - https:\/\/yoast.com\/wordpress\/plugins\/seo\/ -->\n<title>45-graders l\u00e5sbart geringsbor - Mekulo DK<\/title>\n<meta name=\"robots\" content=\"index, follow, max-snippet:-1, max-image-preview:large, max-video-preview:-1\" \/>\n<link rel=\"canonical\" href=\"https:\/\/mekulo.com\/dk\/produkt\/45-graders-laasbart-geringsbor\/\" \/>\n<meta property=\"og:locale\" content=\"da_DK\" \/>\n<meta property=\"og:type\" content=\"article\" \/>\n<meta property=\"og:title\" content=\"45-graders l\u00e5sbart geringsbor - Mekulo DK\" \/>\n<meta property=\"og:description\" content=\"Dette 45-graders l\u00e5sende geringssnit er designet til at lave t\u00e6tte, s\u00f8ml\u00f8se hj\u00f8rnesamlinger til tr\u00e6bearbejdningsprojekter. Det sk\u00e6rer sammenl\u00e5sende 45\u00b0-kanter, der passer perfekt sammen og forbedrer styrke, tilpasning og udseende. Ideel til skabe, kasser, rammer og m\u00f8belbyggeri.\" \/>\n<meta property=\"og:url\" content=\"https:\/\/mekulo.com\/dk\/produkt\/45-graders-laasbart-geringsbor\/\" \/>\n<meta property=\"og:site_name\" content=\"Mekulo DK\" \/>\n<meta property=\"article:modified_time\" content=\"2026-01-22T15:52:43+00:00\" \/>\n<meta property=\"og:image\" content=\"https:\/\/mekulo.com\/dk\/wp-content\/uploads\/sites\/12\/2026\/01\/ex9oi2c-1.jpg\" \/>\n\t<meta property=\"og:image:width\" content=\"1080\" \/>\n\t<meta property=\"og:image:height\" content=\"1080\" \/>\n\t<meta property=\"og:image:type\" content=\"image\/jpeg\" \/>\n<meta name=\"twitter:card\" content=\"summary_large_image\" \/>\n<meta name=\"twitter:label1\" content=\"Estimeret l\u00e6setid\" \/>\n\t<meta name=\"twitter:data1\" content=\"2 minutter\" \/>\n<script type=\"application\/ld+json\" class=\"yoast-schema-graph\">{\"@context\":\"https:\/\/schema.org\",\"@graph\":[{\"@type\":\"WebPage\",\"@id\":\"https:\/\/mekulo.com\/dk\/produkt\/45-graders-laasbart-geringsbor\/\",\"url\":\"https:\/\/mekulo.com\/dk\/produkt\/45-graders-laasbart-geringsbor\/\",\"name\":\"45-graders l\u00e5sbart geringsbor - Mekulo DK\",\"isPartOf\":{\"@id\":\"https:\/\/mekulo.com\/dk\/#website\"},\"primaryImageOfPage\":{\"@id\":\"https:\/\/mekulo.com\/dk\/produkt\/45-graders-laasbart-geringsbor\/#primaryimage\"},\"image\":{\"@id\":\"https:\/\/mekulo.com\/dk\/produkt\/45-graders-laasbart-geringsbor\/#primaryimage\"},\"thumbnailUrl\":\"https:\/\/mekulo.com\/dk\/wp-content\/uploads\/sites\/12\/2026\/01\/ex9oi2c-1.jpg\",\"datePublished\":\"2026-01-02T11:00:27+00:00\",\"dateModified\":\"2026-01-22T15:52:43+00:00\",\"breadcrumb\":{\"@id\":\"https:\/\/mekulo.com\/dk\/produkt\/45-graders-laasbart-geringsbor\/#breadcrumb\"},\"inLanguage\":\"da-DK\",\"potentialAction\":[{\"@type\":\"ReadAction\",\"target\":[\"https:\/\/mekulo.com\/dk\/produkt\/45-graders-laasbart-geringsbor\/\"]}]},{\"@type\":\"ImageObject\",\"inLanguage\":\"da-DK\",\"@id\":\"https:\/\/mekulo.com\/dk\/produkt\/45-graders-laasbart-geringsbor\/#primaryimage\",\"url\":\"https:\/\/mekulo.com\/dk\/wp-content\/uploads\/sites\/12\/2026\/01\/ex9oi2c-1.jpg\",\"contentUrl\":\"https:\/\/mekulo.com\/dk\/wp-content\/uploads\/sites\/12\/2026\/01\/ex9oi2c-1.jpg\",\"width\":1080,\"height\":1080},{\"@type\":\"BreadcrumbList\",\"@id\":\"https:\/\/mekulo.com\/dk\/produkt\/45-graders-laasbart-geringsbor\/#breadcrumb\",\"itemListElement\":[{\"@type\":\"ListItem\",\"position\":1,\"name\":\"Home\",\"item\":\"https:\/\/mekulo.com\/dk\/\"},{\"@type\":\"ListItem\",\"position\":2,\"name\":\"Butik\",\"item\":\"https:\/\/mekulo.com\/dk\/butik\/\"},{\"@type\":\"ListItem\",\"position\":3,\"name\":\"45-graders l\u00e5sbart geringsbor\"}]},{\"@type\":\"WebSite\",\"@id\":\"https:\/\/mekulo.com\/dk\/#website\",\"url\":\"https:\/\/mekulo.com\/dk\/\",\"name\":\"Mekulo DK\",\"description\":\"\",\"publisher\":{\"@id\":\"https:\/\/mekulo.com\/dk\/#organization\"},\"potentialAction\":[{\"@type\":\"SearchAction\",\"target\":{\"@type\":\"EntryPoint\",\"urlTemplate\":\"https:\/\/mekulo.com\/dk\/?s={search_term_string}\"},\"query-input\":{\"@type\":\"PropertyValueSpecification\",\"valueRequired\":true,\"valueName\":\"search_term_string\"}}],\"inLanguage\":\"da-DK\"},{\"@type\":\"Organization\",\"@id\":\"https:\/\/mekulo.com\/dk\/#organization\",\"name\":\"Mekulo\",\"url\":\"https:\/\/mekulo.com\/dk\/\",\"logo\":{\"@type\":\"ImageObject\",\"inLanguage\":\"da-DK\",\"@id\":\"https:\/\/mekulo.com\/dk\/#\/schema\/logo\/image\/\",\"url\":\"https:\/\/mekulo.com\/dk\/wp-content\/uploads\/sites\/12\/2025\/12\/favicon_mekulo.png\",\"contentUrl\":\"https:\/\/mekulo.com\/dk\/wp-content\/uploads\/sites\/12\/2025\/12\/favicon_mekulo.png\",\"width\":50,\"height\":50,\"caption\":\"Mekulo\"},\"image\":{\"@id\":\"https:\/\/mekulo.com\/dk\/#\/schema\/logo\/image\/\"}}]}<\/script>\n<!-- \/ Yoast SEO plugin. -->","yoast_head_json":{"title":"45-graders l\u00e5sbart geringsbor - Mekulo DK","robots":{"index":"index","follow":"follow","max-snippet":"max-snippet:-1","max-image-preview":"max-image-preview:large","max-video-preview":"max-video-preview:-1"},"canonical":"https:\/\/mekulo.com\/dk\/produkt\/45-graders-laasbart-geringsbor\/","og_locale":"da_DK","og_type":"article","og_title":"45-graders l\u00e5sbart geringsbor - Mekulo DK","og_description":"Dette 45-graders l\u00e5sende geringssnit er designet til at lave t\u00e6tte, s\u00f8ml\u00f8se hj\u00f8rnesamlinger til tr\u00e6bearbejdningsprojekter. Det sk\u00e6rer sammenl\u00e5sende 45\u00b0-kanter, der passer perfekt sammen og forbedrer styrke, tilpasning og udseende. Ideel til skabe, kasser, rammer og m\u00f8belbyggeri.","og_url":"https:\/\/mekulo.com\/dk\/produkt\/45-graders-laasbart-geringsbor\/","og_site_name":"Mekulo DK","article_modified_time":"2026-01-22T15:52:43+00:00","og_image":[{"width":1080,"height":1080,"url":"https:\/\/mekulo.com\/dk\/wp-content\/uploads\/sites\/12\/2026\/01\/ex9oi2c-1.jpg","type":"image\/jpeg"}],"twitter_card":"summary_large_image","twitter_misc":{"Estimeret l\u00e6setid":"2 minutter"},"schema":{"@context":"https:\/\/schema.org","@graph":[{"@type":"WebPage","@id":"https:\/\/mekulo.com\/dk\/produkt\/45-graders-laasbart-geringsbor\/","url":"https:\/\/mekulo.com\/dk\/produkt\/45-graders-laasbart-geringsbor\/","name":"45-graders l\u00e5sbart geringsbor - Mekulo DK","isPartOf":{"@id":"https:\/\/mekulo.com\/dk\/#website"},"primaryImageOfPage":{"@id":"https:\/\/mekulo.com\/dk\/produkt\/45-graders-laasbart-geringsbor\/#primaryimage"},"image":{"@id":"https:\/\/mekulo.com\/dk\/produkt\/45-graders-laasbart-geringsbor\/#primaryimage"},"thumbnailUrl":"https:\/\/mekulo.com\/dk\/wp-content\/uploads\/sites\/12\/2026\/01\/ex9oi2c-1.jpg","datePublished":"2026-01-02T11:00:27+00:00","dateModified":"2026-01-22T15:52:43+00:00","breadcrumb":{"@id":"https:\/\/mekulo.com\/dk\/produkt\/45-graders-laasbart-geringsbor\/#breadcrumb"},"inLanguage":"da-DK","potentialAction":[{"@type":"ReadAction","target":["https:\/\/mekulo.com\/dk\/produkt\/45-graders-laasbart-geringsbor\/"]}]},{"@type":"ImageObject","inLanguage":"da-DK","@id":"https:\/\/mekulo.com\/dk\/produkt\/45-graders-laasbart-geringsbor\/#primaryimage","url":"https:\/\/mekulo.com\/dk\/wp-content\/uploads\/sites\/12\/2026\/01\/ex9oi2c-1.jpg","contentUrl":"https:\/\/mekulo.com\/dk\/wp-content\/uploads\/sites\/12\/2026\/01\/ex9oi2c-1.jpg","width":1080,"height":1080},{"@type":"BreadcrumbList","@id":"https:\/\/mekulo.com\/dk\/produkt\/45-graders-laasbart-geringsbor\/#breadcrumb","itemListElement":[{"@type":"ListItem","position":1,"name":"Home","item":"https:\/\/mekulo.com\/dk\/"},{"@type":"ListItem","position":2,"name":"Butik","item":"https:\/\/mekulo.com\/dk\/butik\/"},{"@type":"ListItem","position":3,"name":"45-graders l\u00e5sbart geringsbor"}]},{"@type":"WebSite","@id":"https:\/\/mekulo.com\/dk\/#website","url":"https:\/\/mekulo.com\/dk\/","name":"Mekulo DK","description":"","publisher":{"@id":"https:\/\/mekulo.com\/dk\/#organization"},"potentialAction":[{"@type":"SearchAction","target":{"@type":"EntryPoint","urlTemplate":"https:\/\/mekulo.com\/dk\/?s={search_term_string}"},"query-input":{"@type":"PropertyValueSpecification","valueRequired":true,"valueName":"search_term_string"}}],"inLanguage":"da-DK"},{"@type":"Organization","@id":"https:\/\/mekulo.com\/dk\/#organization","name":"Mekulo","url":"https:\/\/mekulo.com\/dk\/","logo":{"@type":"ImageObject","inLanguage":"da-DK","@id":"https:\/\/mekulo.com\/dk\/#\/schema\/logo\/image\/","url":"https:\/\/mekulo.com\/dk\/wp-content\/uploads\/sites\/12\/2025\/12\/favicon_mekulo.png","contentUrl":"https:\/\/mekulo.com\/dk\/wp-content\/uploads\/sites\/12\/2025\/12\/favicon_mekulo.png","width":50,"height":50,"caption":"Mekulo"},"image":{"@id":"https:\/\/mekulo.com\/dk\/#\/schema\/logo\/image\/"}}]}},"_links":{"self":[{"href":"https:\/\/mekulo.com\/dk\/wp-json\/wp\/v2\/product\/14372","targetHints":{"allow":["GET"]}}],"collection":[{"href":"https:\/\/mekulo.com\/dk\/wp-json\/wp\/v2\/product"}],"about":[{"href":"https:\/\/mekulo.com\/dk\/wp-json\/wp\/v2\/types\/product"}],"replies":[{"embeddable":true,"href":"https:\/\/mekulo.com\/dk\/wp-json\/wp\/v2\/comments?post=14372"}],"wp:featuredmedia":[{"embeddable":true,"href":"https:\/\/mekulo.com\/dk\/wp-json\/wp\/v2\/media\/14368"}],"wp:attachment":[{"href":"https:\/\/mekulo.com\/dk\/wp-json\/wp\/v2\/media?parent=14372"}],"wp:term":[{"taxonomy":"product_brand","embeddable":true,"href":"https:\/\/mekulo.com\/dk\/wp-json\/wp\/v2\/product_brand?post=14372"},{"taxonomy":"product_cat","embeddable":true,"href":"https:\/\/mekulo.com\/dk\/wp-json\/wp\/v2\/product_cat?post=14372"},{"taxonomy":"product_tag","embeddable":true,"href":"https:\/\/mekulo.com\/dk\/wp-json\/wp\/v2\/product_tag?post=14372"}],"curies":[{"name":"wp","href":"https:\/\/api.w.org\/{rel}","templated":true}]}}