{"id":14363,"date":"2026-01-02T12:59:33","date_gmt":"2026-01-02T10:59:33","guid":{"rendered":"https:\/\/mekulo.com\/dk\/produkt\/gavesaet-med-vintilbehoer\/"},"modified":"2026-01-22T17:53:03","modified_gmt":"2026-01-22T15:53:03","slug":"gavesaet-med-vintilbehoer","status":"publish","type":"product","link":"https:\/\/mekulo.com\/dk\/produkt\/gavesaet-med-vintilbehoer\/","title":{"rendered":"Gaves\u00e6t med vintilbeh\u00f8r"},"content":{"rendered":"<p style=\"text-align: center;\" data-start=\"48\" data-end=\"127\"><strong>Nyd hver eneste flaske vin med lethed ved hj\u00e6lp af et komplet, elegant tilbeh\u00f8rss\u00e6t. \ud83c\udf77<\/strong><img fetchpriority=\"high\" decoding=\"async\" class=\"size-full wp-image-47501 aligncenter\" src=\"https:\/\/keluvo.com\/template\/wp-content\/uploads\/sites\/5\/2025\/12\/122124-ezgif.com-video-to-webp-converter-1.webp\" alt=\"\" width=\"500\" height=\"500\" \/><\/p>\n<h2 style=\"text-align: center;\" data-start=\"423\" data-end=\"445\"><strong>\ud83c\udf77 Vigtigste fordele<\/strong><\/h2>\n<p data-start=\"448\" data-end=\"509\">\ud83d\udd13 Nem \u00e5bning af flasker &#8211; Fjern korkproppen uden problemer hver gang.<\/p>\n<p data-start=\"512\" data-end=\"574\">\u2702\ufe0f Hurtig opsk\u00e6ring af folie &#8211; Fjern forseglingen p\u00e5 f\u00e5 sekunder.<\/p>\n<p data-start=\"577\" data-end=\"640\">\ud83c\udf77 Spildfri sk\u00e6nkning &#8211; H\u00e6ld vinen p\u00e6nt op uden at dryppe.<\/p>\n<p data-start=\"643\" data-end=\"706\">\ud83d\udca7 Forebyggelse af dryp &#8211; Holder duge og bordplader rene.<\/p>\n<p data-start=\"709\" data-end=\"772\">\ud83d\udd12 Vinens friskhed &#8211; Proppen hj\u00e6lper med at bevare \u00e5bnede flasker.<\/p>\n<p data-start=\"775\" data-end=\"838\">\ud83c\udf81 Perfekt gaves\u00e6t &#8211; Stilfuldt etui, der er ideelt til enhver lejlighed.<\/p>\n<p data-start=\"775\" data-end=\"838\"><img decoding=\"async\" class=\"size-full wp-image-47500 aligncenter\" src=\"https:\/\/keluvo.com\/template\/wp-content\/uploads\/sites\/5\/2025\/12\/122125-ezgif.com-video-to-webp-converter-1.webp\" alt=\"\" width=\"500\" height=\"500\" \/><\/p>\n<h2 style=\"text-align: center;\" data-start=\"845\" data-end=\"864\"><strong>\u25b6\ufe0f S\u00e5dan bruges<\/strong><\/h2>\n<ol data-start=\"865\" data-end=\"1193\">\n<li data-start=\"865\" data-end=\"916\">\n<p data-start=\"868\" data-end=\"916\">Brug foliesk\u00e6reren til at fjerne flaskeforseglingen.<\/p>\n<\/li>\n<li data-start=\"917\" data-end=\"965\">\n<p data-start=\"920\" data-end=\"965\">Inds\u00e6t vin\u00e5bneren, og fjern proppen.<\/p>\n<\/li>\n<li data-start=\"966\" data-end=\"1023\">\n<p data-start=\"969\" data-end=\"1023\">Placer sk\u00e6nkeproppen i flasken for at f\u00e5 en j\u00e6vn sk\u00e6nkning.<\/p>\n<\/li>\n<li data-start=\"1024\" data-end=\"1088\">\n<p data-start=\"1027\" data-end=\"1088\">S\u00e6t drypringen rundt om flaskehalsen for at forhindre pletter.<\/p>\n<\/li>\n<li data-start=\"1089\" data-end=\"1143\">\n<p data-start=\"1092\" data-end=\"1143\">Brug proppen til at forsegle flasken efter \u00e5bning.<\/p>\n<\/li>\n<li data-start=\"1144\" data-end=\"1193\">\n<p data-start=\"1147\" data-end=\"1193\">Opbevar alle v\u00e6rkt\u00f8jer i den vinformede \u00e6ske.<\/p>\n<\/li>\n<\/ol>\n<h2 style=\"text-align: center;\" data-start=\"1200\" data-end=\"1224\"><strong>\ud83d\udccf Produktdetaljer<\/strong><\/h2>\n<ul data-start=\"1225\" data-end=\"1473\">\n<li data-start=\"1225\" data-end=\"1344\">\n<p data-start=\"1227\" data-end=\"1238\">Materiale:<\/p>\n<ul data-start=\"1241\" data-end=\"1344\">\n<li data-start=\"1241\" data-end=\"1287\">\n<p data-start=\"1243\" data-end=\"1287\">\u00c5bner, sk\u00e6nkeprop, drypring: Rustfrit st\u00e5l<\/p>\n<\/li>\n<li data-start=\"1290\" data-end=\"1317\">\n<p data-start=\"1292\" data-end=\"1317\">Stopper: Aluminiumslegering<\/p>\n<\/li>\n<li data-start=\"1320\" data-end=\"1344\">\n<p data-start=\"1322\" data-end=\"1344\">Foliesk\u00e6rer: Plastik<\/p>\n<\/li>\n<\/ul>\n<\/li>\n<li data-start=\"1345\" data-end=\"1361\">\n<p data-start=\"1347\" data-end=\"1361\">Farve: Sort<\/p>\n<\/li>\n<li data-start=\"1362\" data-end=\"1404\">\n<p data-start=\"1364\" data-end=\"1404\">Design: Vinflaskeformet opbevaringsboks<\/p>\n<\/li>\n<li data-start=\"1405\" data-end=\"1433\">\n<p data-start=\"1407\" data-end=\"1433\">Str\u00f8m: Kr\u00e6ver ingen str\u00f8m<\/p>\n<\/li>\n<li data-start=\"1434\" data-end=\"1473\">\n<p data-start=\"1436\" data-end=\"1473\">Anvendelse: Hjem, rejse, camping, gave<\/p>\n<\/li>\n<\/ul>\n<h2 style=\"text-align: center;\" data-start=\"1480\" data-end=\"1505\"><strong>\ud83d\udce6 Pakken indeholder<\/strong><\/h2>\n<ul data-start=\"1506\" data-end=\"1643\">\n<li data-start=\"1506\" data-end=\"1532\">\n<p data-start=\"1508\" data-end=\"1532\">1x vinflaske\u00e5bner<\/p>\n<\/li>\n<li data-start=\"1533\" data-end=\"1552\">\n<p data-start=\"1535\" data-end=\"1552\">1x foliesk\u00e6rer<\/p>\n<\/li>\n<li data-start=\"1553\" data-end=\"1572\">\n<p data-start=\"1555\" data-end=\"1572\">1x vinsk\u00e6nker<\/p>\n<\/li>\n<li data-start=\"1573\" data-end=\"1590\">\n<p data-start=\"1575\" data-end=\"1590\">1x drypring<\/p>\n<\/li>\n<li data-start=\"1591\" data-end=\"1611\">\n<p data-start=\"1593\" data-end=\"1611\">1x vinprop<\/p>\n<\/li>\n<li data-start=\"1612\" data-end=\"1643\">\n<p data-start=\"1614\" data-end=\"1643\">1x vinformet opbevaringsboks.<\/p>\n<\/li>\n<\/ul>\n","protected":false},"excerpt":{"rendered":"<p style=\"text-align: left;\" data-start=\"152\" data-end=\"416\">Dette gaves\u00e6t med vintilbeh\u00f8r giver dig alle de vigtige redskaber til at \u00e5bne, sk\u00e6nke og opbevare vin uden rod eller besv\u00e6r. Hver del er holdbar, nem at bruge og opbevares p\u00e6nt i et stilfuldt vinformet etui. Perfekt til hjemmebrug, rejser eller som gave til enhver vinelsker.<\/p>\n<p data-start=\"152\" data-end=\"416\">\n","protected":false},"featured_media":14359,"comment_status":"open","ping_status":"closed","template":"","meta":{"site-sidebar-layout":"default","site-content-layout":"","ast-site-content-layout":"default","site-content-style":"default","site-sidebar-style":"default","ast-global-header-display":"","ast-banner-title-visibility":"","ast-main-header-display":"","ast-hfb-above-header-display":"","ast-hfb-below-header-display":"","ast-hfb-mobile-header-display":"","site-post-title":"","ast-breadcrumbs-content":"","ast-featured-img":"","footer-sml-layout":"","ast-disable-related-posts":"","theme-transparent-header-meta":"default","adv-header-id-meta":"","stick-header-meta":"","header-above-stick-meta":"","header-main-stick-meta":"","header-below-stick-meta":"","astra-migrate-meta-layouts":"set","ast-page-background-enabled":"default","ast-page-background-meta":{"desktop":{"background-color":"var(--ast-global-color-5)","background-image":"","background-repeat":"repeat","background-position":"center center","background-size":"auto","background-attachment":"scroll","background-type":"","background-media":"","overlay-type":"","overlay-color":"","overlay-opacity":"","overlay-gradient":""},"tablet":{"background-color":"","background-image":"","background-repeat":"repeat","background-position":"center center","background-size":"auto","background-attachment":"scroll","background-type":"","background-media":"","overlay-type":"","overlay-color":"","overlay-opacity":"","overlay-gradient":""},"mobile":{"background-color":"","background-image":"","background-repeat":"repeat","background-position":"center center","background-size":"auto","background-attachment":"scroll","background-type":"","background-media":"","overlay-type":"","overlay-color":"","overlay-opacity":"","overlay-gradient":""}},"ast-content-background-meta":{"desktop":{"background-color":"var(--ast-global-color-4)","background-image":"","background-repeat":"repeat","background-position":"center center","background-size":"auto","background-attachment":"scroll","background-type":"","background-media":"","overlay-type":"","overlay-color":"","overlay-opacity":"","overlay-gradient":""},"tablet":{"background-color":"var(--ast-global-color-4)","background-image":"","background-repeat":"repeat","background-position":"center center","background-size":"auto","background-attachment":"scroll","background-type":"","background-media":"","overlay-type":"","overlay-color":"","overlay-opacity":"","overlay-gradient":""},"mobile":{"background-color":"var(--ast-global-color-4)","background-image":"","background-repeat":"repeat","background-position":"center center","background-size":"auto","background-attachment":"scroll","background-type":"","background-media":"","overlay-type":"","overlay-color":"","overlay-opacity":"","overlay-gradient":""}}},"product_brand":[],"product_cat":[15],"product_tag":[],"class_list":{"0":"post-14363","1":"product","2":"type-product","3":"status-publish","4":"has-post-thumbnail","6":"product_cat-uncategorized","7":"desktop-align-left","8":"tablet-align-left","9":"mobile-align-left","11":"first","12":"instock","13":"shipping-taxable","14":"purchasable","15":"product-type-simple"},"yoast_head":"<!-- This site is optimized with the Yoast SEO plugin v27.4 - https:\/\/yoast.com\/product\/yoast-seo-wordpress\/ -->\n<title>Gaves\u00e6t med vintilbeh\u00f8r - Mekulo DK<\/title>\n<meta name=\"robots\" content=\"index, follow, max-snippet:-1, max-image-preview:large, max-video-preview:-1\" \/>\n<link rel=\"canonical\" href=\"https:\/\/mekulo.com\/dk\/produkt\/gavesaet-med-vintilbehoer\/\" \/>\n<meta property=\"og:locale\" content=\"da_DK\" \/>\n<meta property=\"og:type\" content=\"article\" \/>\n<meta property=\"og:title\" content=\"Gaves\u00e6t med vintilbeh\u00f8r - Mekulo DK\" \/>\n<meta property=\"og:description\" content=\"Dette gaves\u00e6t med vintilbeh\u00f8r giver dig alle de vigtige redskaber til at \u00e5bne, sk\u00e6nke og opbevare vin uden rod eller besv\u00e6r. Hver del er holdbar, nem at bruge og opbevares p\u00e6nt i et stilfuldt vinformet etui. Perfekt til hjemmebrug, rejser eller som gave til enhver vinelsker.\" \/>\n<meta property=\"og:url\" content=\"https:\/\/mekulo.com\/dk\/produkt\/gavesaet-med-vintilbehoer\/\" \/>\n<meta property=\"og:site_name\" content=\"Mekulo DK\" \/>\n<meta property=\"article:modified_time\" content=\"2026-01-22T15:53:03+00:00\" \/>\n<meta property=\"og:image\" content=\"https:\/\/mekulo.com\/dk\/wp-content\/uploads\/sites\/12\/2026\/01\/t7lihix-1.webp\" \/>\n\t<meta property=\"og:image:width\" content=\"600\" \/>\n\t<meta property=\"og:image:height\" content=\"600\" \/>\n\t<meta property=\"og:image:type\" content=\"image\/webp\" \/>\n<meta name=\"twitter:card\" content=\"summary_large_image\" \/>\n<meta name=\"twitter:label1\" content=\"Estimeret l\u00e6setid\" \/>\n\t<meta name=\"twitter:data1\" content=\"2 minutter\" \/>\n<script type=\"application\/ld+json\" class=\"yoast-schema-graph\">{\"@context\":\"https:\\\/\\\/schema.org\",\"@graph\":[{\"@type\":\"WebPage\",\"@id\":\"https:\\\/\\\/mekulo.com\\\/dk\\\/produkt\\\/gavesaet-med-vintilbehoer\\\/\",\"url\":\"https:\\\/\\\/mekulo.com\\\/dk\\\/produkt\\\/gavesaet-med-vintilbehoer\\\/\",\"name\":\"Gaves\u00e6t med vintilbeh\u00f8r - Mekulo DK\",\"isPartOf\":{\"@id\":\"https:\\\/\\\/mekulo.com\\\/dk\\\/#website\"},\"primaryImageOfPage\":{\"@id\":\"https:\\\/\\\/mekulo.com\\\/dk\\\/produkt\\\/gavesaet-med-vintilbehoer\\\/#primaryimage\"},\"image\":{\"@id\":\"https:\\\/\\\/mekulo.com\\\/dk\\\/produkt\\\/gavesaet-med-vintilbehoer\\\/#primaryimage\"},\"thumbnailUrl\":\"https:\\\/\\\/mekulo.com\\\/dk\\\/wp-content\\\/uploads\\\/sites\\\/12\\\/2026\\\/01\\\/t7lihix-1.webp\",\"datePublished\":\"2026-01-02T10:59:33+00:00\",\"dateModified\":\"2026-01-22T15:53:03+00:00\",\"breadcrumb\":{\"@id\":\"https:\\\/\\\/mekulo.com\\\/dk\\\/produkt\\\/gavesaet-med-vintilbehoer\\\/#breadcrumb\"},\"inLanguage\":\"da-DK\",\"potentialAction\":[{\"@type\":\"ReadAction\",\"target\":[\"https:\\\/\\\/mekulo.com\\\/dk\\\/produkt\\\/gavesaet-med-vintilbehoer\\\/\"]}]},{\"@type\":\"ImageObject\",\"inLanguage\":\"da-DK\",\"@id\":\"https:\\\/\\\/mekulo.com\\\/dk\\\/produkt\\\/gavesaet-med-vintilbehoer\\\/#primaryimage\",\"url\":\"https:\\\/\\\/mekulo.com\\\/dk\\\/wp-content\\\/uploads\\\/sites\\\/12\\\/2026\\\/01\\\/t7lihix-1.webp\",\"contentUrl\":\"https:\\\/\\\/mekulo.com\\\/dk\\\/wp-content\\\/uploads\\\/sites\\\/12\\\/2026\\\/01\\\/t7lihix-1.webp\",\"width\":600,\"height\":600},{\"@type\":\"BreadcrumbList\",\"@id\":\"https:\\\/\\\/mekulo.com\\\/dk\\\/produkt\\\/gavesaet-med-vintilbehoer\\\/#breadcrumb\",\"itemListElement\":[{\"@type\":\"ListItem\",\"position\":1,\"name\":\"Home\",\"item\":\"https:\\\/\\\/mekulo.com\\\/dk\\\/\"},{\"@type\":\"ListItem\",\"position\":2,\"name\":\"Butik\",\"item\":\"https:\\\/\\\/mekulo.com\\\/dk\\\/butik\\\/\"},{\"@type\":\"ListItem\",\"position\":3,\"name\":\"Gaves\u00e6t med vintilbeh\u00f8r\"}]},{\"@type\":\"WebSite\",\"@id\":\"https:\\\/\\\/mekulo.com\\\/dk\\\/#website\",\"url\":\"https:\\\/\\\/mekulo.com\\\/dk\\\/\",\"name\":\"Mekulo DK\",\"description\":\"\",\"publisher\":{\"@id\":\"https:\\\/\\\/mekulo.com\\\/dk\\\/#organization\"},\"potentialAction\":[{\"@type\":\"SearchAction\",\"target\":{\"@type\":\"EntryPoint\",\"urlTemplate\":\"https:\\\/\\\/mekulo.com\\\/dk\\\/?s={search_term_string}\"},\"query-input\":{\"@type\":\"PropertyValueSpecification\",\"valueRequired\":true,\"valueName\":\"search_term_string\"}}],\"inLanguage\":\"da-DK\"},{\"@type\":\"Organization\",\"@id\":\"https:\\\/\\\/mekulo.com\\\/dk\\\/#organization\",\"name\":\"Mekulo\",\"url\":\"https:\\\/\\\/mekulo.com\\\/dk\\\/\",\"logo\":{\"@type\":\"ImageObject\",\"inLanguage\":\"da-DK\",\"@id\":\"https:\\\/\\\/mekulo.com\\\/dk\\\/#\\\/schema\\\/logo\\\/image\\\/\",\"url\":\"https:\\\/\\\/mekulo.com\\\/dk\\\/wp-content\\\/uploads\\\/sites\\\/12\\\/2025\\\/12\\\/favicon_mekulo.png\",\"contentUrl\":\"https:\\\/\\\/mekulo.com\\\/dk\\\/wp-content\\\/uploads\\\/sites\\\/12\\\/2025\\\/12\\\/favicon_mekulo.png\",\"width\":50,\"height\":50,\"caption\":\"Mekulo\"},\"image\":{\"@id\":\"https:\\\/\\\/mekulo.com\\\/dk\\\/#\\\/schema\\\/logo\\\/image\\\/\"}}]}<\/script>\n<!-- \/ Yoast SEO plugin. -->","yoast_head_json":{"title":"Gaves\u00e6t med vintilbeh\u00f8r - Mekulo DK","robots":{"index":"index","follow":"follow","max-snippet":"max-snippet:-1","max-image-preview":"max-image-preview:large","max-video-preview":"max-video-preview:-1"},"canonical":"https:\/\/mekulo.com\/dk\/produkt\/gavesaet-med-vintilbehoer\/","og_locale":"da_DK","og_type":"article","og_title":"Gaves\u00e6t med vintilbeh\u00f8r - Mekulo DK","og_description":"Dette gaves\u00e6t med vintilbeh\u00f8r giver dig alle de vigtige redskaber til at \u00e5bne, sk\u00e6nke og opbevare vin uden rod eller besv\u00e6r. Hver del er holdbar, nem at bruge og opbevares p\u00e6nt i et stilfuldt vinformet etui. Perfekt til hjemmebrug, rejser eller som gave til enhver vinelsker.","og_url":"https:\/\/mekulo.com\/dk\/produkt\/gavesaet-med-vintilbehoer\/","og_site_name":"Mekulo DK","article_modified_time":"2026-01-22T15:53:03+00:00","og_image":[{"width":600,"height":600,"url":"https:\/\/mekulo.com\/dk\/wp-content\/uploads\/sites\/12\/2026\/01\/t7lihix-1.webp","type":"image\/webp"}],"twitter_card":"summary_large_image","twitter_misc":{"Estimeret l\u00e6setid":"2 minutter"},"schema":{"@context":"https:\/\/schema.org","@graph":[{"@type":"WebPage","@id":"https:\/\/mekulo.com\/dk\/produkt\/gavesaet-med-vintilbehoer\/","url":"https:\/\/mekulo.com\/dk\/produkt\/gavesaet-med-vintilbehoer\/","name":"Gaves\u00e6t med vintilbeh\u00f8r - Mekulo DK","isPartOf":{"@id":"https:\/\/mekulo.com\/dk\/#website"},"primaryImageOfPage":{"@id":"https:\/\/mekulo.com\/dk\/produkt\/gavesaet-med-vintilbehoer\/#primaryimage"},"image":{"@id":"https:\/\/mekulo.com\/dk\/produkt\/gavesaet-med-vintilbehoer\/#primaryimage"},"thumbnailUrl":"https:\/\/mekulo.com\/dk\/wp-content\/uploads\/sites\/12\/2026\/01\/t7lihix-1.webp","datePublished":"2026-01-02T10:59:33+00:00","dateModified":"2026-01-22T15:53:03+00:00","breadcrumb":{"@id":"https:\/\/mekulo.com\/dk\/produkt\/gavesaet-med-vintilbehoer\/#breadcrumb"},"inLanguage":"da-DK","potentialAction":[{"@type":"ReadAction","target":["https:\/\/mekulo.com\/dk\/produkt\/gavesaet-med-vintilbehoer\/"]}]},{"@type":"ImageObject","inLanguage":"da-DK","@id":"https:\/\/mekulo.com\/dk\/produkt\/gavesaet-med-vintilbehoer\/#primaryimage","url":"https:\/\/mekulo.com\/dk\/wp-content\/uploads\/sites\/12\/2026\/01\/t7lihix-1.webp","contentUrl":"https:\/\/mekulo.com\/dk\/wp-content\/uploads\/sites\/12\/2026\/01\/t7lihix-1.webp","width":600,"height":600},{"@type":"BreadcrumbList","@id":"https:\/\/mekulo.com\/dk\/produkt\/gavesaet-med-vintilbehoer\/#breadcrumb","itemListElement":[{"@type":"ListItem","position":1,"name":"Home","item":"https:\/\/mekulo.com\/dk\/"},{"@type":"ListItem","position":2,"name":"Butik","item":"https:\/\/mekulo.com\/dk\/butik\/"},{"@type":"ListItem","position":3,"name":"Gaves\u00e6t med vintilbeh\u00f8r"}]},{"@type":"WebSite","@id":"https:\/\/mekulo.com\/dk\/#website","url":"https:\/\/mekulo.com\/dk\/","name":"Mekulo DK","description":"","publisher":{"@id":"https:\/\/mekulo.com\/dk\/#organization"},"potentialAction":[{"@type":"SearchAction","target":{"@type":"EntryPoint","urlTemplate":"https:\/\/mekulo.com\/dk\/?s={search_term_string}"},"query-input":{"@type":"PropertyValueSpecification","valueRequired":true,"valueName":"search_term_string"}}],"inLanguage":"da-DK"},{"@type":"Organization","@id":"https:\/\/mekulo.com\/dk\/#organization","name":"Mekulo","url":"https:\/\/mekulo.com\/dk\/","logo":{"@type":"ImageObject","inLanguage":"da-DK","@id":"https:\/\/mekulo.com\/dk\/#\/schema\/logo\/image\/","url":"https:\/\/mekulo.com\/dk\/wp-content\/uploads\/sites\/12\/2025\/12\/favicon_mekulo.png","contentUrl":"https:\/\/mekulo.com\/dk\/wp-content\/uploads\/sites\/12\/2025\/12\/favicon_mekulo.png","width":50,"height":50,"caption":"Mekulo"},"image":{"@id":"https:\/\/mekulo.com\/dk\/#\/schema\/logo\/image\/"}}]}},"_links":{"self":[{"href":"https:\/\/mekulo.com\/dk\/wp-json\/wp\/v2\/product\/14363","targetHints":{"allow":["GET"]}}],"collection":[{"href":"https:\/\/mekulo.com\/dk\/wp-json\/wp\/v2\/product"}],"about":[{"href":"https:\/\/mekulo.com\/dk\/wp-json\/wp\/v2\/types\/product"}],"replies":[{"embeddable":true,"href":"https:\/\/mekulo.com\/dk\/wp-json\/wp\/v2\/comments?post=14363"}],"wp:featuredmedia":[{"embeddable":true,"href":"https:\/\/mekulo.com\/dk\/wp-json\/wp\/v2\/media\/14359"}],"wp:attachment":[{"href":"https:\/\/mekulo.com\/dk\/wp-json\/wp\/v2\/media?parent=14363"}],"wp:term":[{"taxonomy":"product_brand","embeddable":true,"href":"https:\/\/mekulo.com\/dk\/wp-json\/wp\/v2\/product_brand?post=14363"},{"taxonomy":"product_cat","embeddable":true,"href":"https:\/\/mekulo.com\/dk\/wp-json\/wp\/v2\/product_cat?post=14363"},{"taxonomy":"product_tag","embeddable":true,"href":"https:\/\/mekulo.com\/dk\/wp-json\/wp\/v2\/product_tag?post=14363"}],"curies":[{"name":"wp","href":"https:\/\/api.w.org\/{rel}","templated":true}]}}