{"id":14348,"date":"2026-01-02T12:58:40","date_gmt":"2026-01-02T10:58:40","guid":{"rendered":"https:\/\/mekulo.com\/dk\/produkt\/cigaretetui-med-lighter\/"},"modified":"2026-01-22T17:53:41","modified_gmt":"2026-01-22T15:53:41","slug":"cigaretetui-med-lighter","status":"publish","type":"product","link":"https:\/\/mekulo.com\/dk\/produkt\/cigaretetui-med-lighter\/","title":{"rendered":"Cigaretetui med lighter"},"content":{"rendered":"<p style=\"text-align: center;\" data-start=\"52\" data-end=\"132\"><strong>Hold Dine Cigaretter Beskyttet, Og T\u00e6nd Dem Med Det Samme Med \u00c9n Kompakt Enhed. \ud83d\udeac<\/strong><\/p>\n<p data-start=\"157\" data-end=\"411\"><img fetchpriority=\"high\" decoding=\"async\" class=\"size-full wp-image-47487 aligncenter\" src=\"https:\/\/keluvo.com\/template\/wp-content\/uploads\/sites\/5\/2025\/12\/122122-ezgif.com-video-to-webp-converter-1.webp\" alt=\"\" width=\"500\" height=\"500\" \/><\/p>\n<h2 style=\"text-align: center;\" data-start=\"418\" data-end=\"440\"><strong>\ud83d\udd25 Vigtigste fordele<\/strong><\/h2>\n<p data-start=\"443\" data-end=\"508\">\ud83d\udeac Stor opbevaringskapacitet &#8211; Rummer en hel pakke cigaretter.<\/p>\n<p data-start=\"511\" data-end=\"566\">\ud83d\udd25 Indbygget lighter &#8211; Hurtig t\u00e6nding af wolframtr\u00e5d.<\/p>\n<p data-start=\"569\" data-end=\"634\">\ud83d\udca8 Vindbestandig belysning &#8211; P\u00e5lidelig under udend\u00f8rs forhold.<\/p>\n<p data-start=\"637\" data-end=\"700\">\ud83d\udca7 Fugtsikkert design &#8211; Holder cigaretterne t\u00f8rre og friske.<\/p>\n<p data-start=\"703\" data-end=\"760\">\ud83d\udd0b USB genopladelig &#8211; Ingen engangslightere er n\u00f8dvendige.<\/p>\n<p data-start=\"763\" data-end=\"828\">\u2728 Holdbar &amp; stilfuld &#8211; F\u00f8rsteklasses zinklegering med moderne finish.<\/p>\n<p data-start=\"763\" data-end=\"828\"><img decoding=\"async\" class=\"size-full wp-image-47486 aligncenter\" src=\"https:\/\/keluvo.com\/template\/wp-content\/uploads\/sites\/5\/2025\/12\/122123-ezgif.com-video-to-webp-converter-1.webp\" alt=\"\" width=\"500\" height=\"500\" \/><\/p>\n<h2 style=\"text-align: center;\" data-start=\"835\" data-end=\"854\"><strong>\u25b6\ufe0f S\u00e5dan Bruges<\/strong><\/h2>\n<ol data-start=\"855\" data-end=\"1059\">\n<li data-start=\"855\" data-end=\"901\">\n<p data-start=\"858\" data-end=\"901\">\u00c5bn etuiet, og s\u00e6t dine cigaretter i.<\/p>\n<\/li>\n<li data-start=\"902\" data-end=\"955\">\n<p data-start=\"905\" data-end=\"955\">Luk l\u00e5get for at holde dem forseglet og beskyttet.<\/p>\n<\/li>\n<li data-start=\"956\" data-end=\"1005\">\n<p data-start=\"959\" data-end=\"1005\">Skub eller tryk p\u00e5 lighterkontakten for at t\u00e6nde.<\/p>\n<\/li>\n<li data-start=\"1006\" data-end=\"1059\">\n<p data-start=\"1009\" data-end=\"1059\">Genoplad etuiet ved hj\u00e6lp af et USB-kabel, n\u00e5r det er n\u00f8dvendigt.<\/p>\n<\/li>\n<\/ol>\n<h2 style=\"text-align: center;\" data-start=\"1066\" data-end=\"1090\"><strong>\ud83d\udccf Produktdetaljer<\/strong><\/h2>\n<ul data-start=\"1091\" data-end=\"1335\">\n<li data-start=\"1091\" data-end=\"1121\">\n<p data-start=\"1093\" data-end=\"1121\">Materiale: Zinklegering + ABS<\/p>\n<\/li>\n<li data-start=\"1122\" data-end=\"1152\">\n<p data-start=\"1124\" data-end=\"1152\">Dimensioner: 108 mm x 70 mm<\/p>\n<\/li>\n<li data-start=\"1198\" data-end=\"1230\">\n<p data-start=\"1200\" data-end=\"1230\">T\u00e6ndingstype: Wolframtr\u00e5d<\/p>\n<\/li>\n<li data-start=\"1231\" data-end=\"1261\">\n<p data-start=\"1233\" data-end=\"1261\">Opladning: USB genopladelig<\/p>\n<\/li>\n<li data-start=\"1262\" data-end=\"1335\">\n<p data-start=\"1264\" data-end=\"1335\">Funktioner: Trykbestandig, fugtbestandig, anti-fingeraftryk-finish<\/p>\n<\/li>\n<li data-start=\"1262\" data-end=\"1335\">Kapacitet: Rummer 20 cigaretter<\/li>\n<\/ul>\n<h2 style=\"text-align: center;\" data-start=\"1342\" data-end=\"1367\"><strong>\ud83d\udce6 Pakken indeholder<\/strong><\/h2>\n<ul data-start=\"1368\" data-end=\"1412\">\n<li data-start=\"1368\" data-end=\"1412\">\n<p data-start=\"1370\" data-end=\"1412\">1x cigaretetui med lighter<\/p>\n<\/li>\n<li data-start=\"1368\" data-end=\"1412\">\n<p data-start=\"1370\" data-end=\"1412\">1x USB-opladerkabel.<\/p>\n<\/li>\n<\/ul>\n","protected":false},"excerpt":{"rendered":"<p>Dette cigaretetui kan rumme en hel pakke og har en indbygget lighter til hurtig brug overalt. Det beskytter cigaretterne mod knusning, fugt og skader og giver dig en p\u00e5lidelig flamme, n\u00e5r du har brug for det. Ideel til daglig brug hjemme, p\u00e5 arbejde eller p\u00e5 farten.<\/p>\n","protected":false},"featured_media":14344,"comment_status":"open","ping_status":"closed","template":"","meta":{"site-sidebar-layout":"default","site-content-layout":"","ast-site-content-layout":"default","site-content-style":"default","site-sidebar-style":"default","ast-global-header-display":"","ast-banner-title-visibility":"","ast-main-header-display":"","ast-hfb-above-header-display":"","ast-hfb-below-header-display":"","ast-hfb-mobile-header-display":"","site-post-title":"","ast-breadcrumbs-content":"","ast-featured-img":"","footer-sml-layout":"","theme-transparent-header-meta":"default","adv-header-id-meta":"","stick-header-meta":"","header-above-stick-meta":"","header-main-stick-meta":"","header-below-stick-meta":"","astra-migrate-meta-layouts":"set","ast-page-background-enabled":"default","ast-page-background-meta":{"desktop":{"background-color":"var(--ast-global-color-5)","background-image":"","background-repeat":"repeat","background-position":"center center","background-size":"auto","background-attachment":"scroll","background-type":"","background-media":"","overlay-type":"","overlay-color":"","overlay-opacity":"","overlay-gradient":""},"tablet":{"background-color":"","background-image":"","background-repeat":"repeat","background-position":"center center","background-size":"auto","background-attachment":"scroll","background-type":"","background-media":"","overlay-type":"","overlay-color":"","overlay-opacity":"","overlay-gradient":""},"mobile":{"background-color":"","background-image":"","background-repeat":"repeat","background-position":"center center","background-size":"auto","background-attachment":"scroll","background-type":"","background-media":"","overlay-type":"","overlay-color":"","overlay-opacity":"","overlay-gradient":""}},"ast-content-background-meta":{"desktop":{"background-color":"var(--ast-global-color-4)","background-image":"","background-repeat":"repeat","background-position":"center center","background-size":"auto","background-attachment":"scroll","background-type":"","background-media":"","overlay-type":"","overlay-color":"","overlay-opacity":"","overlay-gradient":""},"tablet":{"background-color":"var(--ast-global-color-4)","background-image":"","background-repeat":"repeat","background-position":"center center","background-size":"auto","background-attachment":"scroll","background-type":"","background-media":"","overlay-type":"","overlay-color":"","overlay-opacity":"","overlay-gradient":""},"mobile":{"background-color":"var(--ast-global-color-4)","background-image":"","background-repeat":"repeat","background-position":"center center","background-size":"auto","background-attachment":"scroll","background-type":"","background-media":"","overlay-type":"","overlay-color":"","overlay-opacity":"","overlay-gradient":""}}},"product_brand":[],"product_cat":[15],"product_tag":[],"class_list":{"0":"post-14348","1":"product","2":"type-product","3":"status-publish","4":"has-post-thumbnail","6":"product_cat-uncategorized","7":"pa_65048_lfaaqznr-guld","8":"pa_65048_lfaaqznr-soelv","9":"pa_65048_lfaaqznr-sort","10":"desktop-align-left","11":"tablet-align-left","12":"mobile-align-left","14":"first","15":"instock","16":"shipping-taxable","17":"purchasable","18":"product-type-variable"},"yoast_head":"<!-- This site is optimized with the Yoast SEO plugin v26.6 - https:\/\/yoast.com\/wordpress\/plugins\/seo\/ -->\n<title>Cigaretetui med lighter - Mekulo DK<\/title>\n<meta name=\"robots\" content=\"index, follow, max-snippet:-1, max-image-preview:large, max-video-preview:-1\" \/>\n<link rel=\"canonical\" href=\"https:\/\/mekulo.com\/dk\/produkt\/cigaretetui-med-lighter\/\" \/>\n<meta property=\"og:locale\" content=\"da_DK\" \/>\n<meta property=\"og:type\" content=\"article\" \/>\n<meta property=\"og:title\" content=\"Cigaretetui med lighter - Mekulo DK\" \/>\n<meta property=\"og:description\" content=\"Dette cigaretetui kan rumme en hel pakke og har en indbygget lighter til hurtig brug overalt. Det beskytter cigaretterne mod knusning, fugt og skader og giver dig en p\u00e5lidelig flamme, n\u00e5r du har brug for det. Ideel til daglig brug hjemme, p\u00e5 arbejde eller p\u00e5 farten.\" \/>\n<meta property=\"og:url\" content=\"https:\/\/mekulo.com\/dk\/produkt\/cigaretetui-med-lighter\/\" \/>\n<meta property=\"og:site_name\" content=\"Mekulo DK\" \/>\n<meta property=\"article:modified_time\" content=\"2026-01-22T15:53:41+00:00\" \/>\n<meta property=\"og:image\" content=\"https:\/\/mekulo.com\/dk\/wp-content\/uploads\/sites\/12\/2026\/01\/qlru3zk-1.jpeg\" \/>\n\t<meta property=\"og:image:width\" content=\"800\" \/>\n\t<meta property=\"og:image:height\" content=\"800\" \/>\n\t<meta property=\"og:image:type\" content=\"image\/jpeg\" \/>\n<meta name=\"twitter:card\" content=\"summary_large_image\" \/>\n<meta name=\"twitter:label1\" content=\"Estimeret l\u00e6setid\" \/>\n\t<meta name=\"twitter:data1\" content=\"2 minutter\" \/>\n<script type=\"application\/ld+json\" class=\"yoast-schema-graph\">{\"@context\":\"https:\/\/schema.org\",\"@graph\":[{\"@type\":\"WebPage\",\"@id\":\"https:\/\/mekulo.com\/dk\/produkt\/cigaretetui-med-lighter\/\",\"url\":\"https:\/\/mekulo.com\/dk\/produkt\/cigaretetui-med-lighter\/\",\"name\":\"Cigaretetui med lighter - Mekulo DK\",\"isPartOf\":{\"@id\":\"https:\/\/mekulo.com\/dk\/#website\"},\"primaryImageOfPage\":{\"@id\":\"https:\/\/mekulo.com\/dk\/produkt\/cigaretetui-med-lighter\/#primaryimage\"},\"image\":{\"@id\":\"https:\/\/mekulo.com\/dk\/produkt\/cigaretetui-med-lighter\/#primaryimage\"},\"thumbnailUrl\":\"https:\/\/mekulo.com\/dk\/wp-content\/uploads\/sites\/12\/2026\/01\/qlru3zk-1.jpeg\",\"datePublished\":\"2026-01-02T10:58:40+00:00\",\"dateModified\":\"2026-01-22T15:53:41+00:00\",\"breadcrumb\":{\"@id\":\"https:\/\/mekulo.com\/dk\/produkt\/cigaretetui-med-lighter\/#breadcrumb\"},\"inLanguage\":\"da-DK\",\"potentialAction\":[{\"@type\":\"ReadAction\",\"target\":[\"https:\/\/mekulo.com\/dk\/produkt\/cigaretetui-med-lighter\/\"]}]},{\"@type\":\"ImageObject\",\"inLanguage\":\"da-DK\",\"@id\":\"https:\/\/mekulo.com\/dk\/produkt\/cigaretetui-med-lighter\/#primaryimage\",\"url\":\"https:\/\/mekulo.com\/dk\/wp-content\/uploads\/sites\/12\/2026\/01\/qlru3zk-1.jpeg\",\"contentUrl\":\"https:\/\/mekulo.com\/dk\/wp-content\/uploads\/sites\/12\/2026\/01\/qlru3zk-1.jpeg\",\"width\":800,\"height\":800},{\"@type\":\"BreadcrumbList\",\"@id\":\"https:\/\/mekulo.com\/dk\/produkt\/cigaretetui-med-lighter\/#breadcrumb\",\"itemListElement\":[{\"@type\":\"ListItem\",\"position\":1,\"name\":\"Home\",\"item\":\"https:\/\/mekulo.com\/dk\/\"},{\"@type\":\"ListItem\",\"position\":2,\"name\":\"Butik\",\"item\":\"https:\/\/mekulo.com\/dk\/butik\/\"},{\"@type\":\"ListItem\",\"position\":3,\"name\":\"Cigaretetui med lighter\"}]},{\"@type\":\"WebSite\",\"@id\":\"https:\/\/mekulo.com\/dk\/#website\",\"url\":\"https:\/\/mekulo.com\/dk\/\",\"name\":\"Mekulo DK\",\"description\":\"\",\"publisher\":{\"@id\":\"https:\/\/mekulo.com\/dk\/#organization\"},\"potentialAction\":[{\"@type\":\"SearchAction\",\"target\":{\"@type\":\"EntryPoint\",\"urlTemplate\":\"https:\/\/mekulo.com\/dk\/?s={search_term_string}\"},\"query-input\":{\"@type\":\"PropertyValueSpecification\",\"valueRequired\":true,\"valueName\":\"search_term_string\"}}],\"inLanguage\":\"da-DK\"},{\"@type\":\"Organization\",\"@id\":\"https:\/\/mekulo.com\/dk\/#organization\",\"name\":\"Mekulo\",\"url\":\"https:\/\/mekulo.com\/dk\/\",\"logo\":{\"@type\":\"ImageObject\",\"inLanguage\":\"da-DK\",\"@id\":\"https:\/\/mekulo.com\/dk\/#\/schema\/logo\/image\/\",\"url\":\"https:\/\/mekulo.com\/dk\/wp-content\/uploads\/sites\/12\/2025\/12\/favicon_mekulo.png\",\"contentUrl\":\"https:\/\/mekulo.com\/dk\/wp-content\/uploads\/sites\/12\/2025\/12\/favicon_mekulo.png\",\"width\":50,\"height\":50,\"caption\":\"Mekulo\"},\"image\":{\"@id\":\"https:\/\/mekulo.com\/dk\/#\/schema\/logo\/image\/\"}}]}<\/script>\n<!-- \/ Yoast SEO plugin. -->","yoast_head_json":{"title":"Cigaretetui med lighter - Mekulo DK","robots":{"index":"index","follow":"follow","max-snippet":"max-snippet:-1","max-image-preview":"max-image-preview:large","max-video-preview":"max-video-preview:-1"},"canonical":"https:\/\/mekulo.com\/dk\/produkt\/cigaretetui-med-lighter\/","og_locale":"da_DK","og_type":"article","og_title":"Cigaretetui med lighter - Mekulo DK","og_description":"Dette cigaretetui kan rumme en hel pakke og har en indbygget lighter til hurtig brug overalt. Det beskytter cigaretterne mod knusning, fugt og skader og giver dig en p\u00e5lidelig flamme, n\u00e5r du har brug for det. Ideel til daglig brug hjemme, p\u00e5 arbejde eller p\u00e5 farten.","og_url":"https:\/\/mekulo.com\/dk\/produkt\/cigaretetui-med-lighter\/","og_site_name":"Mekulo DK","article_modified_time":"2026-01-22T15:53:41+00:00","og_image":[{"width":800,"height":800,"url":"https:\/\/mekulo.com\/dk\/wp-content\/uploads\/sites\/12\/2026\/01\/qlru3zk-1.jpeg","type":"image\/jpeg"}],"twitter_card":"summary_large_image","twitter_misc":{"Estimeret l\u00e6setid":"2 minutter"},"schema":{"@context":"https:\/\/schema.org","@graph":[{"@type":"WebPage","@id":"https:\/\/mekulo.com\/dk\/produkt\/cigaretetui-med-lighter\/","url":"https:\/\/mekulo.com\/dk\/produkt\/cigaretetui-med-lighter\/","name":"Cigaretetui med lighter - Mekulo DK","isPartOf":{"@id":"https:\/\/mekulo.com\/dk\/#website"},"primaryImageOfPage":{"@id":"https:\/\/mekulo.com\/dk\/produkt\/cigaretetui-med-lighter\/#primaryimage"},"image":{"@id":"https:\/\/mekulo.com\/dk\/produkt\/cigaretetui-med-lighter\/#primaryimage"},"thumbnailUrl":"https:\/\/mekulo.com\/dk\/wp-content\/uploads\/sites\/12\/2026\/01\/qlru3zk-1.jpeg","datePublished":"2026-01-02T10:58:40+00:00","dateModified":"2026-01-22T15:53:41+00:00","breadcrumb":{"@id":"https:\/\/mekulo.com\/dk\/produkt\/cigaretetui-med-lighter\/#breadcrumb"},"inLanguage":"da-DK","potentialAction":[{"@type":"ReadAction","target":["https:\/\/mekulo.com\/dk\/produkt\/cigaretetui-med-lighter\/"]}]},{"@type":"ImageObject","inLanguage":"da-DK","@id":"https:\/\/mekulo.com\/dk\/produkt\/cigaretetui-med-lighter\/#primaryimage","url":"https:\/\/mekulo.com\/dk\/wp-content\/uploads\/sites\/12\/2026\/01\/qlru3zk-1.jpeg","contentUrl":"https:\/\/mekulo.com\/dk\/wp-content\/uploads\/sites\/12\/2026\/01\/qlru3zk-1.jpeg","width":800,"height":800},{"@type":"BreadcrumbList","@id":"https:\/\/mekulo.com\/dk\/produkt\/cigaretetui-med-lighter\/#breadcrumb","itemListElement":[{"@type":"ListItem","position":1,"name":"Home","item":"https:\/\/mekulo.com\/dk\/"},{"@type":"ListItem","position":2,"name":"Butik","item":"https:\/\/mekulo.com\/dk\/butik\/"},{"@type":"ListItem","position":3,"name":"Cigaretetui med lighter"}]},{"@type":"WebSite","@id":"https:\/\/mekulo.com\/dk\/#website","url":"https:\/\/mekulo.com\/dk\/","name":"Mekulo DK","description":"","publisher":{"@id":"https:\/\/mekulo.com\/dk\/#organization"},"potentialAction":[{"@type":"SearchAction","target":{"@type":"EntryPoint","urlTemplate":"https:\/\/mekulo.com\/dk\/?s={search_term_string}"},"query-input":{"@type":"PropertyValueSpecification","valueRequired":true,"valueName":"search_term_string"}}],"inLanguage":"da-DK"},{"@type":"Organization","@id":"https:\/\/mekulo.com\/dk\/#organization","name":"Mekulo","url":"https:\/\/mekulo.com\/dk\/","logo":{"@type":"ImageObject","inLanguage":"da-DK","@id":"https:\/\/mekulo.com\/dk\/#\/schema\/logo\/image\/","url":"https:\/\/mekulo.com\/dk\/wp-content\/uploads\/sites\/12\/2025\/12\/favicon_mekulo.png","contentUrl":"https:\/\/mekulo.com\/dk\/wp-content\/uploads\/sites\/12\/2025\/12\/favicon_mekulo.png","width":50,"height":50,"caption":"Mekulo"},"image":{"@id":"https:\/\/mekulo.com\/dk\/#\/schema\/logo\/image\/"}}]}},"_links":{"self":[{"href":"https:\/\/mekulo.com\/dk\/wp-json\/wp\/v2\/product\/14348","targetHints":{"allow":["GET"]}}],"collection":[{"href":"https:\/\/mekulo.com\/dk\/wp-json\/wp\/v2\/product"}],"about":[{"href":"https:\/\/mekulo.com\/dk\/wp-json\/wp\/v2\/types\/product"}],"replies":[{"embeddable":true,"href":"https:\/\/mekulo.com\/dk\/wp-json\/wp\/v2\/comments?post=14348"}],"wp:featuredmedia":[{"embeddable":true,"href":"https:\/\/mekulo.com\/dk\/wp-json\/wp\/v2\/media\/14344"}],"wp:attachment":[{"href":"https:\/\/mekulo.com\/dk\/wp-json\/wp\/v2\/media?parent=14348"}],"wp:term":[{"taxonomy":"product_brand","embeddable":true,"href":"https:\/\/mekulo.com\/dk\/wp-json\/wp\/v2\/product_brand?post=14348"},{"taxonomy":"product_cat","embeddable":true,"href":"https:\/\/mekulo.com\/dk\/wp-json\/wp\/v2\/product_cat?post=14348"},{"taxonomy":"product_tag","embeddable":true,"href":"https:\/\/mekulo.com\/dk\/wp-json\/wp\/v2\/product_tag?post=14348"}],"curies":[{"name":"wp","href":"https:\/\/api.w.org\/{rel}","templated":true}]}}