{"id":14313,"date":"2026-01-02T12:55:31","date_gmt":"2026-01-02T10:55:31","guid":{"rendered":"https:\/\/mekulo.com\/dk\/produkt\/hvidloegsskraeller-3-stk\/"},"modified":"2026-01-22T17:54:23","modified_gmt":"2026-01-22T15:54:23","slug":"hvidloegsskraeller-3-stk","status":"publish","type":"product","link":"https:\/\/mekulo.com\/dk\/produkt\/hvidloegsskraeller-3-stk\/","title":{"rendered":"Hvidl\u00f8gsskr\u00e6ller (3 stk.)"},"content":{"rendered":"<p style=\"text-align: center;\" data-start=\"38\" data-end=\"119\"><strong>Skr\u00e6l hvidl\u00f8gsfed hurtigt og rent uden rod og uden hvidl\u00f8gslugt p\u00e5 h\u00e6nderne. \ud83e\uddc4<\/strong><\/p>\n<p data-start=\"144\" data-end=\"414\"><img fetchpriority=\"high\" decoding=\"async\" class=\"size-full wp-image-47458 aligncenter\" src=\"https:\/\/keluvo.com\/template\/wp-content\/uploads\/sites\/5\/2025\/12\/spp_20250321101605_e3a0ec09297cedf1a9491380b538ec6c.webp\" alt=\"\" width=\"750\" height=\"750\" \/><\/p>\n<h2 style=\"text-align: center;\" data-start=\"421\" data-end=\"443\"><strong>\ud83e\uddc4 Vigtigste fordele<\/strong><\/h2>\n<p data-start=\"446\" data-end=\"502\">\u26a1 Hurtig skr\u00e6lning &#8211; Fjerner skindet i \u00e9n let bev\u00e6gelse.<\/p>\n<p data-start=\"505\" data-end=\"562\">\u270b Ingen hvidl\u00f8gslugt &#8211; Holder h\u00e6nderne rene og lugtfri.<\/p>\n<p data-start=\"565\" data-end=\"637\">\ud83e\uddf1 Holdbart materiale &#8211; Lavet af st\u00e6rkt, f\u00f8devaregodkendt rustfrit st\u00e5l.<\/p>\n<p data-start=\"640\" data-end=\"695\">\ud83e\uddfc Let at reng\u00f8re &#8211; Skyl med vand eller t\u00f8r det af.<\/p>\n<p data-start=\"698\" data-end=\"753\">\ud83c\udf92 Kompakt st\u00f8rrelse &#8211; Let at opbevare eller tage med p\u00e5 farten.<\/p>\n<p data-start=\"756\" data-end=\"823\">\ud83c\udf73 Passer til alle fed &#8211; Fungerer med sm\u00e5 og store hvidl\u00f8gsfed.<\/p>\n<p data-start=\"756\" data-end=\"823\"><img decoding=\"async\" class=\"size-full wp-image-47457 aligncenter\" src=\"https:\/\/keluvo.com\/template\/wp-content\/uploads\/sites\/5\/2025\/12\/spp_20250321101611_75f30e7cfa6df6077f45b11d7bfa2352.webp\" alt=\"\" width=\"750\" height=\"750\" \/><\/p>\n<h2 style=\"text-align: center;\" data-start=\"830\" data-end=\"849\"><strong>\u25b6\ufe0f S\u00e5dan bruges<\/strong><\/h2>\n<ol data-start=\"850\" data-end=\"1061\">\n<li data-start=\"850\" data-end=\"905\">\n<p data-start=\"853\" data-end=\"905\">Placer et eller flere hvidl\u00f8gsfed i skr\u00e6lleren.<\/p>\n<\/li>\n<li data-start=\"906\" data-end=\"960\">\n<p data-start=\"909\" data-end=\"960\">Rul den fast p\u00e5 en flad overflade med h\u00e5ndfladen.<\/p>\n<\/li>\n<li data-start=\"961\" data-end=\"998\">\n<p data-start=\"964\" data-end=\"998\">Fjern de pillede hvidl\u00f8gsfed.<\/p>\n<\/li>\n<li data-start=\"999\" data-end=\"1028\">\n<p data-start=\"1002\" data-end=\"1028\">Kass\u00e9r de l\u00f8se skind.<\/p>\n<\/li>\n<li data-start=\"1029\" data-end=\"1061\">\n<p data-start=\"1032\" data-end=\"1061\">Skyl skr\u00e6lleren efter brug.<\/p>\n<\/li>\n<\/ol>\n<h2 style=\"text-align: center;\" data-start=\"1068\" data-end=\"1092\"><strong>\ud83d\udccf Produktdetaljer<\/strong><\/h2>\n<ul data-start=\"1093\" data-end=\"1260\">\n<li data-start=\"1093\" data-end=\"1122\">\n<p data-start=\"1095\" data-end=\"1122\">Materiale: Rustfrit st\u00e5l<\/p>\n<\/li>\n<li data-start=\"1123\" data-end=\"1152\">\n<p data-start=\"1125\" data-end=\"1152\">St\u00f8rrelse: 16,5 x 2,5 x 6,5 cm<\/p>\n<\/li>\n<li data-start=\"1153\" data-end=\"1171\">\n<p data-start=\"1155\" data-end=\"1171\">V\u00e6gt: 16,2 g<\/p>\n<\/li>\n<li data-start=\"1172\" data-end=\"1207\">\n<p data-start=\"1174\" data-end=\"1207\">Design: Let og kompakt<\/p>\n<\/li>\n<li data-start=\"1208\" data-end=\"1260\">\n<p data-start=\"1210\" data-end=\"1260\">Anvendelse: Velegnet til private og professionelle k\u00f8kkener<\/p>\n<\/li>\n<\/ul>\n<h2 style=\"text-align: center;\" data-start=\"1267\" data-end=\"1292\"><strong>\ud83d\udce6 Pakken indeholder<\/strong><\/h2>\n<ul data-start=\"1293\" data-end=\"1330\">\n<li data-start=\"1293\" data-end=\"1330\">\n<p data-start=\"1295\" data-end=\"1330\">3x hvidl\u00f8gsskr\u00e6llere i rustfrit st\u00e5l.<\/p>\n<\/li>\n<\/ul>\n","protected":false},"excerpt":{"rendered":"<p>Denne hvidl\u00f8gsskr\u00e6ller fjerner hvidl\u00f8gsskaller p\u00e5 f\u00e5 sekunder med en simpel rullebev\u00e6gelse. Den sparer tid under madlavningen, holder dine h\u00e6nder lugtfri og g\u00f8r madlavningen lettere til hverdagsm\u00e5ltider eller store madlavningssessioner. Den er kompakt og holdbar og er et must-have-v\u00e6rkt\u00f8j i ethvert k\u00f8kken.<\/p>\n","protected":false},"featured_media":14309,"comment_status":"open","ping_status":"closed","template":"","meta":{"site-sidebar-layout":"default","site-content-layout":"","ast-site-content-layout":"default","site-content-style":"default","site-sidebar-style":"default","ast-global-header-display":"","ast-banner-title-visibility":"","ast-main-header-display":"","ast-hfb-above-header-display":"","ast-hfb-below-header-display":"","ast-hfb-mobile-header-display":"","site-post-title":"","ast-breadcrumbs-content":"","ast-featured-img":"","footer-sml-layout":"","ast-disable-related-posts":"","theme-transparent-header-meta":"default","adv-header-id-meta":"","stick-header-meta":"","header-above-stick-meta":"","header-main-stick-meta":"","header-below-stick-meta":"","astra-migrate-meta-layouts":"set","ast-page-background-enabled":"default","ast-page-background-meta":{"desktop":{"background-color":"var(--ast-global-color-5)","background-image":"","background-repeat":"repeat","background-position":"center center","background-size":"auto","background-attachment":"scroll","background-type":"","background-media":"","overlay-type":"","overlay-color":"","overlay-opacity":"","overlay-gradient":""},"tablet":{"background-color":"","background-image":"","background-repeat":"repeat","background-position":"center center","background-size":"auto","background-attachment":"scroll","background-type":"","background-media":"","overlay-type":"","overlay-color":"","overlay-opacity":"","overlay-gradient":""},"mobile":{"background-color":"","background-image":"","background-repeat":"repeat","background-position":"center center","background-size":"auto","background-attachment":"scroll","background-type":"","background-media":"","overlay-type":"","overlay-color":"","overlay-opacity":"","overlay-gradient":""}},"ast-content-background-meta":{"desktop":{"background-color":"var(--ast-global-color-4)","background-image":"","background-repeat":"repeat","background-position":"center center","background-size":"auto","background-attachment":"scroll","background-type":"","background-media":"","overlay-type":"","overlay-color":"","overlay-opacity":"","overlay-gradient":""},"tablet":{"background-color":"var(--ast-global-color-4)","background-image":"","background-repeat":"repeat","background-position":"center center","background-size":"auto","background-attachment":"scroll","background-type":"","background-media":"","overlay-type":"","overlay-color":"","overlay-opacity":"","overlay-gradient":""},"mobile":{"background-color":"var(--ast-global-color-4)","background-image":"","background-repeat":"repeat","background-position":"center center","background-size":"auto","background-attachment":"scroll","background-type":"","background-media":"","overlay-type":"","overlay-color":"","overlay-opacity":"","overlay-gradient":""}}},"product_brand":[],"product_cat":[15],"product_tag":[],"class_list":{"0":"post-14313","1":"product","2":"type-product","3":"status-publish","4":"has-post-thumbnail","6":"product_cat-uncategorized","7":"desktop-align-left","8":"tablet-align-left","9":"mobile-align-left","11":"first","12":"instock","13":"shipping-taxable","14":"purchasable","15":"product-type-simple"},"yoast_head":"<!-- This site is optimized with the Yoast SEO plugin v27.4 - https:\/\/yoast.com\/product\/yoast-seo-wordpress\/ -->\n<title>Hvidl\u00f8gsskr\u00e6ller (3 stk.) - Mekulo DK<\/title>\n<meta name=\"robots\" content=\"index, follow, max-snippet:-1, max-image-preview:large, max-video-preview:-1\" \/>\n<link rel=\"canonical\" href=\"https:\/\/mekulo.com\/dk\/produkt\/hvidloegsskraeller-3-stk\/\" \/>\n<meta property=\"og:locale\" content=\"fi_FI\" \/>\n<meta property=\"og:type\" content=\"article\" \/>\n<meta property=\"og:title\" content=\"Hvidl\u00f8gsskr\u00e6ller (3 stk.) - Mekulo DK\" \/>\n<meta property=\"og:description\" content=\"Denne hvidl\u00f8gsskr\u00e6ller fjerner hvidl\u00f8gsskaller p\u00e5 f\u00e5 sekunder med en simpel rullebev\u00e6gelse. Den sparer tid under madlavningen, holder dine h\u00e6nder lugtfri og g\u00f8r madlavningen lettere til hverdagsm\u00e5ltider eller store madlavningssessioner. Den er kompakt og holdbar og er et must-have-v\u00e6rkt\u00f8j i ethvert k\u00f8kken.\" \/>\n<meta property=\"og:url\" content=\"https:\/\/mekulo.com\/dk\/produkt\/hvidloegsskraeller-3-stk\/\" \/>\n<meta property=\"og:site_name\" content=\"Mekulo DK\" \/>\n<meta property=\"article:modified_time\" content=\"2026-01-22T15:54:23+00:00\" \/>\n<meta property=\"og:image\" content=\"https:\/\/mekulo.com\/dk\/wp-content\/uploads\/sites\/12\/2026\/01\/5062r92-1.webp\" \/>\n\t<meta property=\"og:image:width\" content=\"713\" \/>\n\t<meta property=\"og:image:height\" content=\"713\" \/>\n\t<meta property=\"og:image:type\" content=\"image\/webp\" \/>\n<meta name=\"twitter:card\" content=\"summary_large_image\" \/>\n<meta name=\"twitter:label1\" content=\"Arvioitu lukuaika\" \/>\n\t<meta name=\"twitter:data1\" content=\"2 minuuttia\" \/>\n<script type=\"application\/ld+json\" class=\"yoast-schema-graph\">{\"@context\":\"https:\\\/\\\/schema.org\",\"@graph\":[{\"@type\":\"WebPage\",\"@id\":\"https:\\\/\\\/mekulo.com\\\/dk\\\/produkt\\\/hvidloegsskraeller-3-stk\\\/\",\"url\":\"https:\\\/\\\/mekulo.com\\\/dk\\\/produkt\\\/hvidloegsskraeller-3-stk\\\/\",\"name\":\"Hvidl\u00f8gsskr\u00e6ller (3 stk.) - Mekulo DK\",\"isPartOf\":{\"@id\":\"https:\\\/\\\/mekulo.com\\\/dk\\\/#website\"},\"primaryImageOfPage\":{\"@id\":\"https:\\\/\\\/mekulo.com\\\/dk\\\/produkt\\\/hvidloegsskraeller-3-stk\\\/#primaryimage\"},\"image\":{\"@id\":\"https:\\\/\\\/mekulo.com\\\/dk\\\/produkt\\\/hvidloegsskraeller-3-stk\\\/#primaryimage\"},\"thumbnailUrl\":\"https:\\\/\\\/mekulo.com\\\/dk\\\/wp-content\\\/uploads\\\/sites\\\/12\\\/2026\\\/01\\\/5062r92-1.webp\",\"datePublished\":\"2026-01-02T10:55:31+00:00\",\"dateModified\":\"2026-01-22T15:54:23+00:00\",\"breadcrumb\":{\"@id\":\"https:\\\/\\\/mekulo.com\\\/dk\\\/produkt\\\/hvidloegsskraeller-3-stk\\\/#breadcrumb\"},\"inLanguage\":\"fi\",\"potentialAction\":[{\"@type\":\"ReadAction\",\"target\":[\"https:\\\/\\\/mekulo.com\\\/dk\\\/produkt\\\/hvidloegsskraeller-3-stk\\\/\"]}]},{\"@type\":\"ImageObject\",\"inLanguage\":\"fi\",\"@id\":\"https:\\\/\\\/mekulo.com\\\/dk\\\/produkt\\\/hvidloegsskraeller-3-stk\\\/#primaryimage\",\"url\":\"https:\\\/\\\/mekulo.com\\\/dk\\\/wp-content\\\/uploads\\\/sites\\\/12\\\/2026\\\/01\\\/5062r92-1.webp\",\"contentUrl\":\"https:\\\/\\\/mekulo.com\\\/dk\\\/wp-content\\\/uploads\\\/sites\\\/12\\\/2026\\\/01\\\/5062r92-1.webp\",\"width\":713,\"height\":713},{\"@type\":\"BreadcrumbList\",\"@id\":\"https:\\\/\\\/mekulo.com\\\/dk\\\/produkt\\\/hvidloegsskraeller-3-stk\\\/#breadcrumb\",\"itemListElement\":[{\"@type\":\"ListItem\",\"position\":1,\"name\":\"Home\",\"item\":\"https:\\\/\\\/mekulo.com\\\/dk\\\/\"},{\"@type\":\"ListItem\",\"position\":2,\"name\":\"Butik\",\"item\":\"https:\\\/\\\/mekulo.com\\\/dk\\\/butik\\\/\"},{\"@type\":\"ListItem\",\"position\":3,\"name\":\"Hvidl\u00f8gsskr\u00e6ller (3 stk.)\"}]},{\"@type\":\"WebSite\",\"@id\":\"https:\\\/\\\/mekulo.com\\\/dk\\\/#website\",\"url\":\"https:\\\/\\\/mekulo.com\\\/dk\\\/\",\"name\":\"Mekulo DK\",\"description\":\"\",\"publisher\":{\"@id\":\"https:\\\/\\\/mekulo.com\\\/dk\\\/#organization\"},\"potentialAction\":[{\"@type\":\"SearchAction\",\"target\":{\"@type\":\"EntryPoint\",\"urlTemplate\":\"https:\\\/\\\/mekulo.com\\\/dk\\\/?s={search_term_string}\"},\"query-input\":{\"@type\":\"PropertyValueSpecification\",\"valueRequired\":true,\"valueName\":\"search_term_string\"}}],\"inLanguage\":\"fi\"},{\"@type\":\"Organization\",\"@id\":\"https:\\\/\\\/mekulo.com\\\/dk\\\/#organization\",\"name\":\"Mekulo\",\"url\":\"https:\\\/\\\/mekulo.com\\\/dk\\\/\",\"logo\":{\"@type\":\"ImageObject\",\"inLanguage\":\"fi\",\"@id\":\"https:\\\/\\\/mekulo.com\\\/dk\\\/#\\\/schema\\\/logo\\\/image\\\/\",\"url\":\"https:\\\/\\\/mekulo.com\\\/dk\\\/wp-content\\\/uploads\\\/sites\\\/12\\\/2025\\\/12\\\/favicon_mekulo.png\",\"contentUrl\":\"https:\\\/\\\/mekulo.com\\\/dk\\\/wp-content\\\/uploads\\\/sites\\\/12\\\/2025\\\/12\\\/favicon_mekulo.png\",\"width\":50,\"height\":50,\"caption\":\"Mekulo\"},\"image\":{\"@id\":\"https:\\\/\\\/mekulo.com\\\/dk\\\/#\\\/schema\\\/logo\\\/image\\\/\"}}]}<\/script>\n<!-- \/ Yoast SEO plugin. -->","yoast_head_json":{"title":"Hvidl\u00f8gsskr\u00e6ller (3 stk.) - Mekulo DK","robots":{"index":"index","follow":"follow","max-snippet":"max-snippet:-1","max-image-preview":"max-image-preview:large","max-video-preview":"max-video-preview:-1"},"canonical":"https:\/\/mekulo.com\/dk\/produkt\/hvidloegsskraeller-3-stk\/","og_locale":"fi_FI","og_type":"article","og_title":"Hvidl\u00f8gsskr\u00e6ller (3 stk.) - Mekulo DK","og_description":"Denne hvidl\u00f8gsskr\u00e6ller fjerner hvidl\u00f8gsskaller p\u00e5 f\u00e5 sekunder med en simpel rullebev\u00e6gelse. Den sparer tid under madlavningen, holder dine h\u00e6nder lugtfri og g\u00f8r madlavningen lettere til hverdagsm\u00e5ltider eller store madlavningssessioner. Den er kompakt og holdbar og er et must-have-v\u00e6rkt\u00f8j i ethvert k\u00f8kken.","og_url":"https:\/\/mekulo.com\/dk\/produkt\/hvidloegsskraeller-3-stk\/","og_site_name":"Mekulo DK","article_modified_time":"2026-01-22T15:54:23+00:00","og_image":[{"width":713,"height":713,"url":"https:\/\/mekulo.com\/dk\/wp-content\/uploads\/sites\/12\/2026\/01\/5062r92-1.webp","type":"image\/webp"}],"twitter_card":"summary_large_image","twitter_misc":{"Arvioitu lukuaika":"2 minuuttia"},"schema":{"@context":"https:\/\/schema.org","@graph":[{"@type":"WebPage","@id":"https:\/\/mekulo.com\/dk\/produkt\/hvidloegsskraeller-3-stk\/","url":"https:\/\/mekulo.com\/dk\/produkt\/hvidloegsskraeller-3-stk\/","name":"Hvidl\u00f8gsskr\u00e6ller (3 stk.) - Mekulo DK","isPartOf":{"@id":"https:\/\/mekulo.com\/dk\/#website"},"primaryImageOfPage":{"@id":"https:\/\/mekulo.com\/dk\/produkt\/hvidloegsskraeller-3-stk\/#primaryimage"},"image":{"@id":"https:\/\/mekulo.com\/dk\/produkt\/hvidloegsskraeller-3-stk\/#primaryimage"},"thumbnailUrl":"https:\/\/mekulo.com\/dk\/wp-content\/uploads\/sites\/12\/2026\/01\/5062r92-1.webp","datePublished":"2026-01-02T10:55:31+00:00","dateModified":"2026-01-22T15:54:23+00:00","breadcrumb":{"@id":"https:\/\/mekulo.com\/dk\/produkt\/hvidloegsskraeller-3-stk\/#breadcrumb"},"inLanguage":"fi","potentialAction":[{"@type":"ReadAction","target":["https:\/\/mekulo.com\/dk\/produkt\/hvidloegsskraeller-3-stk\/"]}]},{"@type":"ImageObject","inLanguage":"fi","@id":"https:\/\/mekulo.com\/dk\/produkt\/hvidloegsskraeller-3-stk\/#primaryimage","url":"https:\/\/mekulo.com\/dk\/wp-content\/uploads\/sites\/12\/2026\/01\/5062r92-1.webp","contentUrl":"https:\/\/mekulo.com\/dk\/wp-content\/uploads\/sites\/12\/2026\/01\/5062r92-1.webp","width":713,"height":713},{"@type":"BreadcrumbList","@id":"https:\/\/mekulo.com\/dk\/produkt\/hvidloegsskraeller-3-stk\/#breadcrumb","itemListElement":[{"@type":"ListItem","position":1,"name":"Home","item":"https:\/\/mekulo.com\/dk\/"},{"@type":"ListItem","position":2,"name":"Butik","item":"https:\/\/mekulo.com\/dk\/butik\/"},{"@type":"ListItem","position":3,"name":"Hvidl\u00f8gsskr\u00e6ller (3 stk.)"}]},{"@type":"WebSite","@id":"https:\/\/mekulo.com\/dk\/#website","url":"https:\/\/mekulo.com\/dk\/","name":"Mekulo DK","description":"","publisher":{"@id":"https:\/\/mekulo.com\/dk\/#organization"},"potentialAction":[{"@type":"SearchAction","target":{"@type":"EntryPoint","urlTemplate":"https:\/\/mekulo.com\/dk\/?s={search_term_string}"},"query-input":{"@type":"PropertyValueSpecification","valueRequired":true,"valueName":"search_term_string"}}],"inLanguage":"fi"},{"@type":"Organization","@id":"https:\/\/mekulo.com\/dk\/#organization","name":"Mekulo","url":"https:\/\/mekulo.com\/dk\/","logo":{"@type":"ImageObject","inLanguage":"fi","@id":"https:\/\/mekulo.com\/dk\/#\/schema\/logo\/image\/","url":"https:\/\/mekulo.com\/dk\/wp-content\/uploads\/sites\/12\/2025\/12\/favicon_mekulo.png","contentUrl":"https:\/\/mekulo.com\/dk\/wp-content\/uploads\/sites\/12\/2025\/12\/favicon_mekulo.png","width":50,"height":50,"caption":"Mekulo"},"image":{"@id":"https:\/\/mekulo.com\/dk\/#\/schema\/logo\/image\/"}}]}},"_links":{"self":[{"href":"https:\/\/mekulo.com\/dk\/wp-json\/wp\/v2\/product\/14313","targetHints":{"allow":["GET"]}}],"collection":[{"href":"https:\/\/mekulo.com\/dk\/wp-json\/wp\/v2\/product"}],"about":[{"href":"https:\/\/mekulo.com\/dk\/wp-json\/wp\/v2\/types\/product"}],"replies":[{"embeddable":true,"href":"https:\/\/mekulo.com\/dk\/wp-json\/wp\/v2\/comments?post=14313"}],"wp:featuredmedia":[{"embeddable":true,"href":"https:\/\/mekulo.com\/dk\/wp-json\/wp\/v2\/media\/14309"}],"wp:attachment":[{"href":"https:\/\/mekulo.com\/dk\/wp-json\/wp\/v2\/media?parent=14313"}],"wp:term":[{"taxonomy":"product_brand","embeddable":true,"href":"https:\/\/mekulo.com\/dk\/wp-json\/wp\/v2\/product_brand?post=14313"},{"taxonomy":"product_cat","embeddable":true,"href":"https:\/\/mekulo.com\/dk\/wp-json\/wp\/v2\/product_cat?post=14313"},{"taxonomy":"product_tag","embeddable":true,"href":"https:\/\/mekulo.com\/dk\/wp-json\/wp\/v2\/product_tag?post=14313"}],"curies":[{"name":"wp","href":"https:\/\/api.w.org\/{rel}","templated":true}]}}