{"id":14283,"date":"2026-01-02T12:53:43","date_gmt":"2026-01-02T10:53:43","guid":{"rendered":"https:\/\/mekulo.com\/dk\/produkt\/afisningsspray\/"},"modified":"2026-02-10T11:12:49","modified_gmt":"2026-02-10T09:12:49","slug":"afisningsspray","status":"publish","type":"product","link":"https:\/\/mekulo.com\/dk\/produkt\/afisningsspray\/","title":{"rendered":"Afisningsspray"},"content":{"rendered":"<p style=\"text-align: center;\" data-start=\"39\" data-end=\"105\"><strong>Smelter is hurtigt og holder dit k\u00f8leskab rent med mindre indsats. \u2744\ufe0f<\/strong><\/p>\n<p data-start=\"130\" data-end=\"415\"><img fetchpriority=\"high\" decoding=\"async\" class=\"size-full wp-image-47423 aligncenter\" src=\"https:\/\/keluvo.com\/template\/wp-content\/uploads\/sites\/5\/2025\/12\/122115-ezgif.com-video-to-webp-converter-1.webp\" alt=\"\" width=\"500\" height=\"500\" \/><\/p>\n<h2 style=\"text-align: center;\" data-start=\"422\" data-end=\"444\"><strong>\u2744\ufe0f Vigtigste fordele<\/strong><\/h2>\n<p data-start=\"447\" data-end=\"503\">\u26a1 Hurtig afisning &#8211; fremskynder issmeltning p\u00e5 f\u00e5 minutter.<\/p>\n<p data-start=\"506\" data-end=\"566\">\ud83e\uddfc Renser under afrimning &#8211; fjerner frost og rester.<\/p>\n<p data-start=\"506\" data-end=\"566\">\ud83e\uddca Forbedrer effektiviteten &#8211; hj\u00e6lper dit k\u00f8leskab med at k\u00f8le bedre.<\/p>\n<p data-start=\"632\" data-end=\"692\">\ud83c\udf2c\ufe0f Deodoriserende effekt &#8211; reducerer u\u00f8nsket k\u00f8leskabslugt.<\/p>\n<p data-start=\"695\" data-end=\"753\">\u23f1\ufe0f Sparer tid og kr\u00e6fter &#8211; mindre behov for manuel skrabning.<\/p>\n<p data-start=\"756\" data-end=\"816\">\ud83d\udcb0 \u00d8konomisk l\u00f8sning &#8211; Forl\u00e6nger k\u00f8leskabets levetid.<\/p>\n<p data-start=\"756\" data-end=\"816\"><img decoding=\"async\" class=\"size-full wp-image-47428 aligncenter\" src=\"https:\/\/keluvo.com\/template\/wp-content\/uploads\/sites\/5\/2025\/12\/122114-ezgif.com-video-to-webp-converter-1.webp\" alt=\"\" width=\"500\" height=\"500\" \/><\/p>\n<h2 style=\"text-align: center;\" data-start=\"823\" data-end=\"842\"><strong>\u25b6\ufe0f S\u00e5dan bruges<\/strong><\/h2>\n<ol data-start=\"843\" data-end=\"1135\">\n<li data-start=\"843\" data-end=\"888\">\n<p data-start=\"846\" data-end=\"888\">Sluk for k\u00f8leskabet, og tag stikket ud.<\/p>\n<\/li>\n<li data-start=\"889\" data-end=\"941\">\n<p data-start=\"892\" data-end=\"941\">Fjern madvarer, og skrab tyk is af, hvis det er n\u00f8dvendigt.<\/p>\n<\/li>\n<li data-start=\"942\" data-end=\"994\">\n<p data-start=\"945\" data-end=\"994\">Spray afisningsopl\u00f8sningen p\u00e5 den resterende is.<\/p>\n<\/li>\n<li data-start=\"995\" data-end=\"1038\">\n<p data-start=\"998\" data-end=\"1038\">Vent 5-10 minutter, til isen smelter.<\/p>\n<\/li>\n<li data-start=\"1039\" data-end=\"1090\">\n<p data-start=\"1042\" data-end=\"1090\">Fjern smeltet is, og t\u00f8r det indvendige af.<\/p>\n<\/li>\n<li data-start=\"1091\" data-end=\"1135\">\n<p data-start=\"1094\" data-end=\"1135\">S\u00e6t stikket i, og brug k\u00f8leskabet igen.<\/p>\n<\/li>\n<\/ol>\n<h2 style=\"text-align: center;\" data-start=\"1142\" data-end=\"1166\"><strong>\ud83d\udccf Produktdetaljer<\/strong><\/h2>\n<ul data-start=\"1167\" data-end=\"1359\">\n<li data-start=\"1213\" data-end=\"1236\">\n<p data-start=\"1215\" data-end=\"1236\">Netindhold: 120 ml<\/p>\n<\/li>\n<li data-start=\"1237\" data-end=\"1260\">\n<p data-start=\"1239\" data-end=\"1260\">St\u00f8rrelse: 15,5 x 4,2 cm<\/p>\n<\/li>\n<li data-start=\"1261\" data-end=\"1311\">\n<p data-start=\"1263\" data-end=\"1311\">Ingredienser: Deioniseret vand, salt, overfladeaktivt middel<\/p>\n<\/li>\n<li data-start=\"1312\" data-end=\"1359\">\n<p data-start=\"1314\" data-end=\"1359\">Funktion: Afrimning, reng\u00f8ring, deodorisering<\/p>\n<\/li>\n<\/ul>\n<h2 style=\"text-align: center;\" data-start=\"1366\" data-end=\"1391\"><strong>\ud83d\udce6 Pakken indeholder<\/strong><\/h2>\n<ul data-start=\"1392\" data-end=\"1459\">\n<li data-start=\"1392\" data-end=\"1459\">\n<p data-start=\"1394\" data-end=\"1459\">1, 2, 3, 5x afisningsspray.<\/p>\n<\/li>\n<\/ul>\n","protected":false},"excerpt":{"rendered":"<p>Denne afisningsspray nedbryder hurtigt ophobet is i dit k\u00f8leskab, s\u00e5 du sparer tid og energi under afrimningen. Den hj\u00e6lper ogs\u00e5 med at reng\u00f8re og desinficere interi\u00f8ret, hvilket forbedrer hygiejnen ved opbevaring af f\u00f8devarer og k\u00f8leskabets ydeevne. Enkel at bruge og effektiv med blot et par spr\u00f8jt.<\/p>\n","protected":false},"featured_media":14279,"comment_status":"open","ping_status":"closed","template":"","meta":{"site-sidebar-layout":"default","site-content-layout":"","ast-site-content-layout":"default","site-content-style":"default","site-sidebar-style":"default","ast-global-header-display":"","ast-banner-title-visibility":"","ast-main-header-display":"","ast-hfb-above-header-display":"","ast-hfb-below-header-display":"","ast-hfb-mobile-header-display":"","site-post-title":"","ast-breadcrumbs-content":"","ast-featured-img":"","footer-sml-layout":"","ast-disable-related-posts":"","theme-transparent-header-meta":"default","adv-header-id-meta":"","stick-header-meta":"","header-above-stick-meta":"","header-main-stick-meta":"","header-below-stick-meta":"","astra-migrate-meta-layouts":"set","ast-page-background-enabled":"default","ast-page-background-meta":{"desktop":{"background-color":"var(--ast-global-color-5)","background-image":"","background-repeat":"repeat","background-position":"center center","background-size":"auto","background-attachment":"scroll","background-type":"","background-media":"","overlay-type":"","overlay-color":"","overlay-opacity":"","overlay-gradient":""},"tablet":{"background-color":"","background-image":"","background-repeat":"repeat","background-position":"center center","background-size":"auto","background-attachment":"scroll","background-type":"","background-media":"","overlay-type":"","overlay-color":"","overlay-opacity":"","overlay-gradient":""},"mobile":{"background-color":"","background-image":"","background-repeat":"repeat","background-position":"center center","background-size":"auto","background-attachment":"scroll","background-type":"","background-media":"","overlay-type":"","overlay-color":"","overlay-opacity":"","overlay-gradient":""}},"ast-content-background-meta":{"desktop":{"background-color":"var(--ast-global-color-4)","background-image":"","background-repeat":"repeat","background-position":"center center","background-size":"auto","background-attachment":"scroll","background-type":"","background-media":"","overlay-type":"","overlay-color":"","overlay-opacity":"","overlay-gradient":""},"tablet":{"background-color":"var(--ast-global-color-4)","background-image":"","background-repeat":"repeat","background-position":"center center","background-size":"auto","background-attachment":"scroll","background-type":"","background-media":"","overlay-type":"","overlay-color":"","overlay-opacity":"","overlay-gradient":""},"mobile":{"background-color":"var(--ast-global-color-4)","background-image":"","background-repeat":"repeat","background-position":"center center","background-size":"auto","background-attachment":"scroll","background-type":"","background-media":"","overlay-type":"","overlay-color":"","overlay-opacity":"","overlay-gradient":""}}},"product_brand":[],"product_cat":[15],"product_tag":[],"class_list":{"0":"post-14283","1":"product","2":"type-product","3":"status-publish","4":"has-post-thumbnail","6":"product_cat-uncategorized","7":"pa_65001_knyz4g9g-1-stk","8":"pa_65001_knyz4g9g-2-stk","9":"pa_65001_knyz4g9g-3-stk","10":"pa_65001_knyz4g9g-5-stk","11":"desktop-align-left","12":"tablet-align-left","13":"mobile-align-left","15":"first","16":"instock","17":"shipping-taxable","18":"purchasable","19":"product-type-variable"},"yoast_head":"<!-- This site is optimized with the Yoast SEO plugin v27.4 - https:\/\/yoast.com\/product\/yoast-seo-wordpress\/ -->\n<title>Afisningsspray - Mekulo DK<\/title>\n<meta name=\"robots\" content=\"index, follow, max-snippet:-1, max-image-preview:large, max-video-preview:-1\" \/>\n<link rel=\"canonical\" href=\"https:\/\/mekulo.com\/dk\/produkt\/afisningsspray\/\" \/>\n<meta property=\"og:locale\" content=\"da_DK\" \/>\n<meta property=\"og:type\" content=\"article\" \/>\n<meta property=\"og:title\" content=\"Afisningsspray - Mekulo DK\" \/>\n<meta property=\"og:description\" content=\"Denne afisningsspray nedbryder hurtigt ophobet is i dit k\u00f8leskab, s\u00e5 du sparer tid og energi under afrimningen. Den hj\u00e6lper ogs\u00e5 med at reng\u00f8re og desinficere interi\u00f8ret, hvilket forbedrer hygiejnen ved opbevaring af f\u00f8devarer og k\u00f8leskabets ydeevne. Enkel at bruge og effektiv med blot et par spr\u00f8jt.\" \/>\n<meta property=\"og:url\" content=\"https:\/\/mekulo.com\/dk\/produkt\/afisningsspray\/\" \/>\n<meta property=\"og:site_name\" content=\"Mekulo DK\" \/>\n<meta property=\"article:modified_time\" content=\"2026-02-10T09:12:49+00:00\" \/>\n<meta property=\"og:image\" content=\"https:\/\/mekulo.com\/dk\/wp-content\/uploads\/sites\/12\/2026\/01\/7jnaoob-1.webp\" \/>\n\t<meta property=\"og:image:width\" content=\"713\" \/>\n\t<meta property=\"og:image:height\" content=\"713\" \/>\n\t<meta property=\"og:image:type\" content=\"image\/webp\" \/>\n<meta name=\"twitter:card\" content=\"summary_large_image\" \/>\n<meta name=\"twitter:label1\" content=\"Estimeret l\u00e6setid\" \/>\n\t<meta name=\"twitter:data1\" content=\"2 minutter\" \/>\n<script type=\"application\/ld+json\" class=\"yoast-schema-graph\">{\"@context\":\"https:\\\/\\\/schema.org\",\"@graph\":[{\"@type\":\"WebPage\",\"@id\":\"https:\\\/\\\/mekulo.com\\\/dk\\\/produkt\\\/afisningsspray\\\/\",\"url\":\"https:\\\/\\\/mekulo.com\\\/dk\\\/produkt\\\/afisningsspray\\\/\",\"name\":\"Afisningsspray - Mekulo DK\",\"isPartOf\":{\"@id\":\"https:\\\/\\\/mekulo.com\\\/dk\\\/#website\"},\"primaryImageOfPage\":{\"@id\":\"https:\\\/\\\/mekulo.com\\\/dk\\\/produkt\\\/afisningsspray\\\/#primaryimage\"},\"image\":{\"@id\":\"https:\\\/\\\/mekulo.com\\\/dk\\\/produkt\\\/afisningsspray\\\/#primaryimage\"},\"thumbnailUrl\":\"https:\\\/\\\/mekulo.com\\\/dk\\\/wp-content\\\/uploads\\\/sites\\\/12\\\/2026\\\/01\\\/7jnaoob-1.webp\",\"datePublished\":\"2026-01-02T10:53:43+00:00\",\"dateModified\":\"2026-02-10T09:12:49+00:00\",\"breadcrumb\":{\"@id\":\"https:\\\/\\\/mekulo.com\\\/dk\\\/produkt\\\/afisningsspray\\\/#breadcrumb\"},\"inLanguage\":\"da-DK\",\"potentialAction\":[{\"@type\":\"ReadAction\",\"target\":[\"https:\\\/\\\/mekulo.com\\\/dk\\\/produkt\\\/afisningsspray\\\/\"]}]},{\"@type\":\"ImageObject\",\"inLanguage\":\"da-DK\",\"@id\":\"https:\\\/\\\/mekulo.com\\\/dk\\\/produkt\\\/afisningsspray\\\/#primaryimage\",\"url\":\"https:\\\/\\\/mekulo.com\\\/dk\\\/wp-content\\\/uploads\\\/sites\\\/12\\\/2026\\\/01\\\/7jnaoob-1.webp\",\"contentUrl\":\"https:\\\/\\\/mekulo.com\\\/dk\\\/wp-content\\\/uploads\\\/sites\\\/12\\\/2026\\\/01\\\/7jnaoob-1.webp\",\"width\":713,\"height\":713},{\"@type\":\"BreadcrumbList\",\"@id\":\"https:\\\/\\\/mekulo.com\\\/dk\\\/produkt\\\/afisningsspray\\\/#breadcrumb\",\"itemListElement\":[{\"@type\":\"ListItem\",\"position\":1,\"name\":\"Home\",\"item\":\"https:\\\/\\\/mekulo.com\\\/dk\\\/\"},{\"@type\":\"ListItem\",\"position\":2,\"name\":\"Butik\",\"item\":\"https:\\\/\\\/mekulo.com\\\/dk\\\/butik\\\/\"},{\"@type\":\"ListItem\",\"position\":3,\"name\":\"Afisningsspray\"}]},{\"@type\":\"WebSite\",\"@id\":\"https:\\\/\\\/mekulo.com\\\/dk\\\/#website\",\"url\":\"https:\\\/\\\/mekulo.com\\\/dk\\\/\",\"name\":\"Mekulo DK\",\"description\":\"\",\"publisher\":{\"@id\":\"https:\\\/\\\/mekulo.com\\\/dk\\\/#organization\"},\"potentialAction\":[{\"@type\":\"SearchAction\",\"target\":{\"@type\":\"EntryPoint\",\"urlTemplate\":\"https:\\\/\\\/mekulo.com\\\/dk\\\/?s={search_term_string}\"},\"query-input\":{\"@type\":\"PropertyValueSpecification\",\"valueRequired\":true,\"valueName\":\"search_term_string\"}}],\"inLanguage\":\"da-DK\"},{\"@type\":\"Organization\",\"@id\":\"https:\\\/\\\/mekulo.com\\\/dk\\\/#organization\",\"name\":\"Mekulo\",\"url\":\"https:\\\/\\\/mekulo.com\\\/dk\\\/\",\"logo\":{\"@type\":\"ImageObject\",\"inLanguage\":\"da-DK\",\"@id\":\"https:\\\/\\\/mekulo.com\\\/dk\\\/#\\\/schema\\\/logo\\\/image\\\/\",\"url\":\"https:\\\/\\\/mekulo.com\\\/dk\\\/wp-content\\\/uploads\\\/sites\\\/12\\\/2025\\\/12\\\/favicon_mekulo.png\",\"contentUrl\":\"https:\\\/\\\/mekulo.com\\\/dk\\\/wp-content\\\/uploads\\\/sites\\\/12\\\/2025\\\/12\\\/favicon_mekulo.png\",\"width\":50,\"height\":50,\"caption\":\"Mekulo\"},\"image\":{\"@id\":\"https:\\\/\\\/mekulo.com\\\/dk\\\/#\\\/schema\\\/logo\\\/image\\\/\"}}]}<\/script>\n<!-- \/ Yoast SEO plugin. -->","yoast_head_json":{"title":"Afisningsspray - Mekulo DK","robots":{"index":"index","follow":"follow","max-snippet":"max-snippet:-1","max-image-preview":"max-image-preview:large","max-video-preview":"max-video-preview:-1"},"canonical":"https:\/\/mekulo.com\/dk\/produkt\/afisningsspray\/","og_locale":"da_DK","og_type":"article","og_title":"Afisningsspray - Mekulo DK","og_description":"Denne afisningsspray nedbryder hurtigt ophobet is i dit k\u00f8leskab, s\u00e5 du sparer tid og energi under afrimningen. Den hj\u00e6lper ogs\u00e5 med at reng\u00f8re og desinficere interi\u00f8ret, hvilket forbedrer hygiejnen ved opbevaring af f\u00f8devarer og k\u00f8leskabets ydeevne. Enkel at bruge og effektiv med blot et par spr\u00f8jt.","og_url":"https:\/\/mekulo.com\/dk\/produkt\/afisningsspray\/","og_site_name":"Mekulo DK","article_modified_time":"2026-02-10T09:12:49+00:00","og_image":[{"width":713,"height":713,"url":"https:\/\/mekulo.com\/dk\/wp-content\/uploads\/sites\/12\/2026\/01\/7jnaoob-1.webp","type":"image\/webp"}],"twitter_card":"summary_large_image","twitter_misc":{"Estimeret l\u00e6setid":"2 minutter"},"schema":{"@context":"https:\/\/schema.org","@graph":[{"@type":"WebPage","@id":"https:\/\/mekulo.com\/dk\/produkt\/afisningsspray\/","url":"https:\/\/mekulo.com\/dk\/produkt\/afisningsspray\/","name":"Afisningsspray - Mekulo DK","isPartOf":{"@id":"https:\/\/mekulo.com\/dk\/#website"},"primaryImageOfPage":{"@id":"https:\/\/mekulo.com\/dk\/produkt\/afisningsspray\/#primaryimage"},"image":{"@id":"https:\/\/mekulo.com\/dk\/produkt\/afisningsspray\/#primaryimage"},"thumbnailUrl":"https:\/\/mekulo.com\/dk\/wp-content\/uploads\/sites\/12\/2026\/01\/7jnaoob-1.webp","datePublished":"2026-01-02T10:53:43+00:00","dateModified":"2026-02-10T09:12:49+00:00","breadcrumb":{"@id":"https:\/\/mekulo.com\/dk\/produkt\/afisningsspray\/#breadcrumb"},"inLanguage":"da-DK","potentialAction":[{"@type":"ReadAction","target":["https:\/\/mekulo.com\/dk\/produkt\/afisningsspray\/"]}]},{"@type":"ImageObject","inLanguage":"da-DK","@id":"https:\/\/mekulo.com\/dk\/produkt\/afisningsspray\/#primaryimage","url":"https:\/\/mekulo.com\/dk\/wp-content\/uploads\/sites\/12\/2026\/01\/7jnaoob-1.webp","contentUrl":"https:\/\/mekulo.com\/dk\/wp-content\/uploads\/sites\/12\/2026\/01\/7jnaoob-1.webp","width":713,"height":713},{"@type":"BreadcrumbList","@id":"https:\/\/mekulo.com\/dk\/produkt\/afisningsspray\/#breadcrumb","itemListElement":[{"@type":"ListItem","position":1,"name":"Home","item":"https:\/\/mekulo.com\/dk\/"},{"@type":"ListItem","position":2,"name":"Butik","item":"https:\/\/mekulo.com\/dk\/butik\/"},{"@type":"ListItem","position":3,"name":"Afisningsspray"}]},{"@type":"WebSite","@id":"https:\/\/mekulo.com\/dk\/#website","url":"https:\/\/mekulo.com\/dk\/","name":"Mekulo DK","description":"","publisher":{"@id":"https:\/\/mekulo.com\/dk\/#organization"},"potentialAction":[{"@type":"SearchAction","target":{"@type":"EntryPoint","urlTemplate":"https:\/\/mekulo.com\/dk\/?s={search_term_string}"},"query-input":{"@type":"PropertyValueSpecification","valueRequired":true,"valueName":"search_term_string"}}],"inLanguage":"da-DK"},{"@type":"Organization","@id":"https:\/\/mekulo.com\/dk\/#organization","name":"Mekulo","url":"https:\/\/mekulo.com\/dk\/","logo":{"@type":"ImageObject","inLanguage":"da-DK","@id":"https:\/\/mekulo.com\/dk\/#\/schema\/logo\/image\/","url":"https:\/\/mekulo.com\/dk\/wp-content\/uploads\/sites\/12\/2025\/12\/favicon_mekulo.png","contentUrl":"https:\/\/mekulo.com\/dk\/wp-content\/uploads\/sites\/12\/2025\/12\/favicon_mekulo.png","width":50,"height":50,"caption":"Mekulo"},"image":{"@id":"https:\/\/mekulo.com\/dk\/#\/schema\/logo\/image\/"}}]}},"_links":{"self":[{"href":"https:\/\/mekulo.com\/dk\/wp-json\/wp\/v2\/product\/14283","targetHints":{"allow":["GET"]}}],"collection":[{"href":"https:\/\/mekulo.com\/dk\/wp-json\/wp\/v2\/product"}],"about":[{"href":"https:\/\/mekulo.com\/dk\/wp-json\/wp\/v2\/types\/product"}],"replies":[{"embeddable":true,"href":"https:\/\/mekulo.com\/dk\/wp-json\/wp\/v2\/comments?post=14283"}],"wp:featuredmedia":[{"embeddable":true,"href":"https:\/\/mekulo.com\/dk\/wp-json\/wp\/v2\/media\/14279"}],"wp:attachment":[{"href":"https:\/\/mekulo.com\/dk\/wp-json\/wp\/v2\/media?parent=14283"}],"wp:term":[{"taxonomy":"product_brand","embeddable":true,"href":"https:\/\/mekulo.com\/dk\/wp-json\/wp\/v2\/product_brand?post=14283"},{"taxonomy":"product_cat","embeddable":true,"href":"https:\/\/mekulo.com\/dk\/wp-json\/wp\/v2\/product_cat?post=14283"},{"taxonomy":"product_tag","embeddable":true,"href":"https:\/\/mekulo.com\/dk\/wp-json\/wp\/v2\/product_tag?post=14283"}],"curies":[{"name":"wp","href":"https:\/\/api.w.org\/{rel}","templated":true}]}}